{"id":57226,"date":"2022-05-27T11:51:47","date_gmt":"2022-05-27T09:51:47","guid":{"rendered":"https:\/\/gxp-training.com\/online-course\/bonnes-pratiques-de-distribution\/"},"modified":"2022-05-27T11:51:47","modified_gmt":"2022-05-27T09:51:47","slug":"bonnes-pratiques-de-distribution","status":"publish","type":"product","link":"https:\/\/gxp-training.com\/fr\/online-course\/bonnes-pratiques-de-distribution\/","title":{"rendered":"Bonnes Pratiques de Distribution"},"content":{"rendered":"<p>Le maintien de l\u2019int\u00e9grit\u00e9 des produits pharmaceutiques tout au long de la cha\u00eene d\u2019approvisionnement est essentiel pour la s\u00e9curit\u00e9 des patients et la conformit\u00e9 r\u00e9glementaire. Les <a href=\"https:\/\/www.ema.europa.eu\/en\/human-regulatory-overview\/post-authorisation\/compliance-post-authorisation\/good-distribution-practice\">Bonnes Pratiques de Distribution<\/a> (BPD) garantissent que les <a href=\"https:\/\/gxp-training.com\/fr\/gxp-courses\/pharmaceutique\/\">produits pharmaceutiques<\/a> sont stock\u00e9s, transport\u00e9s et manipul\u00e9s dans des conditions qui pr\u00e9servent leur qualit\u00e9, du fabricant jusqu\u2019au patient.<\/p>\n<p><strong>Ce que vous apprendrez :<\/strong><\/p>\n<ul>\n<li>Comprendre les principes des <a href=\"https:\/\/gxp-training.com\/fr\/gxp-courses\/bpd-bonnes-pratiques-de-distribution\/\">BPD<\/a> et leur r\u00f4le dans la protection de la qualit\u00e9 des produits<\/li>\n<li>Appliquer les exigences des BPD aux activit\u00e9s de stockage, de transport et de distribution<\/li>\n<li>Identifier les risques tels que la contamination, l\u2019alt\u00e9ration et la contrefa\u00e7on<\/li>\n<li>Mettre en \u0153uvre les \u00e9l\u00e9ments cl\u00e9s de la gestion de la qualit\u00e9, y compris les POS et la formation<\/li>\n<li>G\u00e9rer les r\u00e9clamations, les rappels, les retours et les produits rejet\u00e9s<\/li>\n<\/ul>\n<p><strong>Qui devrait s\u2019inscrire ?<\/strong><\/p>\n<ul>\n<li>Professionnels de la cha\u00eene d\u2019approvisionnement <a href=\"https:\/\/gxp-training.com\/fr\/gxp-courses\/pharmaceutique\/\">pharmaceutique<\/a> et biotechnologique<\/li>\n<li>Personnel de la distribution, de l\u2019entreposage et de la logistique<\/li>\n<li>\u00c9quipes d\u2019<a href=\"https:\/\/gxp-training.com\/fr\/gxp-courses\/assurance-qualite\/\">Assurance Qualit\u00e9<\/a> et de Syst\u00e8me de Gestion de la Qualit\u00e9 (SGQ)<\/li>\n<li>Sp\u00e9cialistes des <a href=\"https:\/\/gxp-training.com\/online-course\/regulatory-affairs-specialist-training-certification\/\">Affaires R\u00e9glementaires<\/a> et de la <a href=\"https:\/\/gxp-training.com\/online-course\/gxp1248-regulatory-compliance-inspections-and-external-audits\/\">conformit\u00e9<\/a><\/li>\n<li>\u00c9quipes de fabrication, d\u2019approvisionnement et d\u2019achats<\/li>\n<\/ul>\n<p>&nbsp;<\/p>\n<p>Ce mat\u00e9riel a \u00e9t\u00e9 \u00e9labor\u00e9 par une \u00e9quipe d\u2019experts en affaires r\u00e9glementaires titulaires d\u2019une qualification de la Northeastern University, Boston, et pilot\u00e9 par un membre senior capable d\u2019articuler la th\u00e9orie avec la pratique.<\/p>\n<p>Apr\u00e8s avoir r\u00e9ussi la formation, les participants re\u00e7oivent un <strong>certificat de formation GxP t\u00e9l\u00e9chargeable, reconnu internationalement et accr\u00e9dit\u00e9 avec des cr\u00e9dits DPC\/UEC,<\/strong> adapt\u00e9 aux dossiers professionnels et RH.<\/p>\n<h3>Programme<\/h3>\n<p><strong>Introduction<\/strong><\/p>\n<ul>\n<li>Qu\u2019est-ce que l\u2019int\u00e9grit\u00e9 de la cha\u00eene d\u2019approvisionnement ?<\/li>\n<li>Quelles sont les l\u00e9gislations et les lignes directrices qui traitent de l\u2019int\u00e9grit\u00e9 de la cha\u00eene d\u2019approvisionnement ?<\/li>\n<li>O\u00f9 les lignes directrices <a href=\"https:\/\/gxp-training.com\/fr\/gxp-courses\/bpd-bonnes-pratiques-de-distribution\/\">BPD<\/a> sont-elles applicables ?<\/li>\n<\/ul>\n<p><strong>Le\u00e7on 1 : La structure organisationnelle<\/strong><\/p>\n<ul>\n<li>Quelles sont les exigences r\u00e9glementaires pour le distributeur ou son organisation ?<\/li>\n<li>Comment la structure organisationnelle est-elle g\u00e9r\u00e9e selon les lignes directrices BPD ?<\/li>\n<li>Aspects de la structure organisationnelle<\/li>\n<\/ul>\n<p><strong>Le\u00e7on 2 : Locaux et \u00e9quipements<\/strong><\/p>\n<ul>\n<li>Les installations de stockage<\/li>\n<li>Contr\u00f4le de la temp\u00e9rature et de l\u2019environnement<\/li>\n<li>Qu\u2019entend-on par cartographie thermique initiale ?<\/li>\n<\/ul>\n<p><strong>Le\u00e7on 3 : Exp\u00e9dition et transport<\/strong><\/p>\n<ul>\n<li>Exigences pour les v\u00e9hicules et les \u00e9quipements<\/li>\n<li>Comment la s\u00e9gr\u00e9gation et la s\u00e9curit\u00e9 des mat\u00e9riaux sont-elles maintenues pendant le transit ?<\/li>\n<li>Qu\u2019en est-il des conditions environnementales sp\u00e9cialis\u00e9es pendant le transit ?<\/li>\n<\/ul>\n<p><strong>Le\u00e7on 4 : Documentation<\/strong><\/p>\n<ul>\n<li>Comment le registre de distribution des produits pharmaceutiques est-il tenu ?<\/li>\n<li>Qu\u2019est-ce qu\u2019une Proc\u00e9dure Op\u00e9ratoire Standard ?<\/li>\n<li>Quels sont les crit\u00e8res de conservation de la documentation ?<\/li>\n<\/ul>\n<p><strong>Le\u00e7on 5 : Gestion des r\u00e9clamations, des rappels, des retours et des produits pharmaceutiques rejet\u00e9s<\/strong><\/p>\n<ul>\n<li>R\u00e9clamations<\/li>\n<li>Rappels<\/li>\n<li>Produits retourn\u00e9s<\/li>\n<\/ul>\n<p><strong>Le\u00e7on 6 : Lignes directrices relatives \u00e0 l\u2019importation, aux activit\u00e9s contractuelles et \u00e0 l\u2019auto-inspection de la cha\u00eene de distribution<\/strong><\/p>\n<ul>\n<li>Importation<\/li>\n<li>Activit\u00e9s contractuelles<\/li>\n<li>Auto-inspection<\/li>\n<\/ul>\n<p><strong>Conclusion<\/strong><br \/>\n<strong>Glossaire<\/strong><br \/>\n<strong>Quiz<\/strong><\/p>\n","protected":false},"excerpt":{"rendered":"<p>Le maintien de l\u2019int\u00e9grit\u00e9 des produits pharmaceutiques tout au long de la cha\u00eene d\u2019approvisionnement est essentiel pour la s\u00e9curit\u00e9 des patients et la conformit\u00e9 r\u00e9glementaire. Les Bonnes Pratiques de Distribution (BPD) garantissent que les produits pharmaceutiques sont stock\u00e9s, transport\u00e9s et manipul\u00e9s dans des conditions qui pr\u00e9servent leur qualit\u00e9, du fabricant jusqu\u2019au patient. Ce que vous [&hellip;]<\/p>\n","protected":false},"featured_media":43042,"template":"","meta":{"_acf_changed":false,"content-type":""},"product_brand":[],"product_cat":[260,281,256,258],"product_tag":[],"class_list":{"0":"post-57226","1":"product","2":"type-product","3":"status-publish","4":"has-post-thumbnail","6":"product_cat-alimentation-et-nutrition","7":"product_cat-bpd-bonnes-pratiques-de-distribution","8":"product_cat-dispositifs-medicaux","9":"product_cat-pharmaceutique","11":"first","12":"instock","13":"taxable","14":"shipping-taxable","15":"purchasable","16":"product-type-subscription"},"bundled_by":[],"bundle_stock_status":"instock","bundle_stock_quantity":null,"bundle_virtual":false,"bundle_layout":"","bundle_add_to_cart_form_location":"","bundle_editable_in_cart":false,"bundle_sold_individually_context":"","bundle_item_grouping":"","bundle_min_size":"","bundle_max_size":"","bundle_price":[],"bundled_items":[],"bundle_sell_ids":[],"acf":[],"yoast_head":"<!-- This site is optimized with the Yoast SEO plugin v27.5 - https:\/\/yoast.com\/product\/yoast-seo-wordpress\/ -->\n<title>Cours en ligne BPD | Certifi\u00e9 DPC\/UEC<\/title>\n<meta name=\"description\" content=\"Formation pratique aux BPD pour les professionnels de la cha\u00eene d\u2019approvisionnement, de la logistique et de la r\u00e9glementation. D\u00e9veloppez des comp\u00e9tences conformes en mati\u00e8re de distribution pharmaceutique et obtenez votre certificat reconnu internationalement.\" \/>\n<meta name=\"robots\" content=\"index, follow, max-snippet:-1, max-image-preview:large, max-video-preview:-1\" \/>\n<link rel=\"canonical\" href=\"https:\/\/gxp-training.com\/fr\/online-course\/bonnes-pratiques-de-distribution\/\" \/>\n<meta property=\"og:locale\" content=\"fr_FR\" \/>\n<meta property=\"og:type\" content=\"article\" \/>\n<meta property=\"og:title\" content=\"Cours en ligne BPD | Certifi\u00e9 DPC\/UEC\" \/>\n<meta property=\"og:description\" content=\"Formation pratique aux BPD pour les professionnels de la cha\u00eene d\u2019approvisionnement, de la logistique et de la r\u00e9glementation. D\u00e9veloppez des comp\u00e9tences conformes en mati\u00e8re de distribution pharmaceutique et obtenez votre certificat reconnu internationalement.\" \/>\n<meta property=\"og:url\" content=\"https:\/\/gxp-training.com\/fr\/online-course\/bonnes-pratiques-de-distribution\/\" \/>\n<meta property=\"og:site_name\" content=\"GxP Training : Certified Online Courses for Life Sciences\" \/>\n<meta property=\"og:image\" content=\"https:\/\/gxp-training.com\/wp-content\/uploads\/2022\/05\/gdp-training.png\" \/>\n\t<meta property=\"og:image:width\" content=\"900\" \/>\n\t<meta property=\"og:image:height\" content=\"627\" \/>\n\t<meta property=\"og:image:type\" content=\"image\/png\" \/>\n<meta name=\"twitter:card\" content=\"summary_large_image\" \/>\n<meta name=\"twitter:label1\" content=\"Dur\u00e9e de lecture estim\u00e9e\" \/>\n\t<meta name=\"twitter:data1\" content=\"3 minutes\" \/>\n<script type=\"application\/ld+json\" class=\"yoast-schema-graph\">{\"@context\":\"https:\\\/\\\/schema.org\",\"@graph\":[{\"@type\":\"WebPage\",\"@id\":\"https:\\\/\\\/gxp-training.com\\\/fr\\\/online-course\\\/bonnes-pratiques-de-distribution\\\/\",\"url\":\"https:\\\/\\\/gxp-training.com\\\/fr\\\/online-course\\\/bonnes-pratiques-de-distribution\\\/\",\"name\":\"Cours en ligne BPD | Certifi\u00e9 DPC\\\/UEC\",\"isPartOf\":{\"@id\":\"https:\\\/\\\/gxp-training.com\\\/fr\\\/#website\"},\"primaryImageOfPage\":{\"@id\":\"https:\\\/\\\/gxp-training.com\\\/fr\\\/online-course\\\/bonnes-pratiques-de-distribution\\\/#primaryimage\"},\"image\":{\"@id\":\"https:\\\/\\\/gxp-training.com\\\/fr\\\/online-course\\\/bonnes-pratiques-de-distribution\\\/#primaryimage\"},\"thumbnailUrl\":\"https:\\\/\\\/gxp-training.com\\\/wp-content\\\/uploads\\\/2022\\\/05\\\/gdp-training.png\",\"datePublished\":\"2022-05-27T09:51:47+00:00\",\"description\":\"Formation pratique aux BPD pour les professionnels de la cha\u00eene d\u2019approvisionnement, de la logistique et de la r\u00e9glementation. D\u00e9veloppez des comp\u00e9tences conformes en mati\u00e8re de distribution pharmaceutique et obtenez votre certificat reconnu internationalement.\",\"breadcrumb\":{\"@id\":\"https:\\\/\\\/gxp-training.com\\\/fr\\\/online-course\\\/bonnes-pratiques-de-distribution\\\/#breadcrumb\"},\"inLanguage\":\"fr-FR\",\"potentialAction\":[{\"@type\":\"ReadAction\",\"target\":[\"https:\\\/\\\/gxp-training.com\\\/fr\\\/online-course\\\/bonnes-pratiques-de-distribution\\\/\"]}]},{\"@type\":\"ImageObject\",\"inLanguage\":\"fr-FR\",\"@id\":\"https:\\\/\\\/gxp-training.com\\\/fr\\\/online-course\\\/bonnes-pratiques-de-distribution\\\/#primaryimage\",\"url\":\"https:\\\/\\\/gxp-training.com\\\/wp-content\\\/uploads\\\/2022\\\/05\\\/gdp-training.png\",\"contentUrl\":\"https:\\\/\\\/gxp-training.com\\\/wp-content\\\/uploads\\\/2022\\\/05\\\/gdp-training.png\",\"width\":900,\"height\":627},{\"@type\":\"BreadcrumbList\",\"@id\":\"https:\\\/\\\/gxp-training.com\\\/fr\\\/online-course\\\/bonnes-pratiques-de-distribution\\\/#breadcrumb\",\"itemListElement\":[{\"@type\":\"ListItem\",\"position\":1,\"name\":\"Accueil\",\"item\":\"https:\\\/\\\/gxp-training.com\\\/fr\\\/page-daccueil\\\/\"},{\"@type\":\"ListItem\",\"position\":2,\"name\":\"Produits\",\"item\":\"https:\\\/\\\/gxp-training.com\\\/fr\\\/shop\\\/\"},{\"@type\":\"ListItem\",\"position\":3,\"name\":\"Bonnes Pratiques de Distribution\"}]},{\"@type\":\"WebSite\",\"@id\":\"https:\\\/\\\/gxp-training.com\\\/fr\\\/#website\",\"url\":\"https:\\\/\\\/gxp-training.com\\\/fr\\\/\",\"name\":\"GxP Training : Certified Online Courses for Life Sciences\",\"description\":\"Online Trainings and Certified Courses in Regulatory Compliance for Pharmaceutical Experts\",\"publisher\":{\"@id\":\"https:\\\/\\\/gxp-training.com\\\/fr\\\/#organization\"},\"potentialAction\":[{\"@type\":\"SearchAction\",\"target\":{\"@type\":\"EntryPoint\",\"urlTemplate\":\"https:\\\/\\\/gxp-training.com\\\/fr\\\/?s={search_term_string}\"},\"query-input\":{\"@type\":\"PropertyValueSpecification\",\"valueRequired\":true,\"valueName\":\"search_term_string\"}}],\"inLanguage\":\"fr-FR\"},{\"@type\":\"Organization\",\"@id\":\"https:\\\/\\\/gxp-training.com\\\/fr\\\/#organization\",\"name\":\"GXP Training\",\"url\":\"https:\\\/\\\/gxp-training.com\\\/fr\\\/\",\"logo\":{\"@type\":\"ImageObject\",\"inLanguage\":\"fr-FR\",\"@id\":\"https:\\\/\\\/gxp-training.com\\\/fr\\\/#\\\/schema\\\/logo\\\/image\\\/\",\"url\":\"https:\\\/\\\/gxp-training.com\\\/wp-content\\\/uploads\\\/2022\\\/05\\\/logo-resize.png\",\"contentUrl\":\"https:\\\/\\\/gxp-training.com\\\/wp-content\\\/uploads\\\/2022\\\/05\\\/logo-resize.png\",\"width\":350,\"height\":100,\"caption\":\"GXP Training\"},\"image\":{\"@id\":\"https:\\\/\\\/gxp-training.com\\\/fr\\\/#\\\/schema\\\/logo\\\/image\\\/\"}}]}<\/script>\n<!-- \/ Yoast SEO plugin. -->","yoast_head_json":{"title":"Cours en ligne BPD | Certifi\u00e9 DPC\/UEC","description":"Formation pratique aux BPD pour les professionnels de la cha\u00eene d\u2019approvisionnement, de la logistique et de la r\u00e9glementation. D\u00e9veloppez des comp\u00e9tences conformes en mati\u00e8re de distribution pharmaceutique et obtenez votre certificat reconnu internationalement.","robots":{"index":"index","follow":"follow","max-snippet":"max-snippet:-1","max-image-preview":"max-image-preview:large","max-video-preview":"max-video-preview:-1"},"canonical":"https:\/\/gxp-training.com\/fr\/online-course\/bonnes-pratiques-de-distribution\/","og_locale":"fr_FR","og_type":"article","og_title":"Cours en ligne BPD | Certifi\u00e9 DPC\/UEC","og_description":"Formation pratique aux BPD pour les professionnels de la cha\u00eene d\u2019approvisionnement, de la logistique et de la r\u00e9glementation. D\u00e9veloppez des comp\u00e9tences conformes en mati\u00e8re de distribution pharmaceutique et obtenez votre certificat reconnu internationalement.","og_url":"https:\/\/gxp-training.com\/fr\/online-course\/bonnes-pratiques-de-distribution\/","og_site_name":"GxP Training : Certified Online Courses for Life Sciences","og_image":[{"width":900,"height":627,"url":"https:\/\/gxp-training.com\/wp-content\/uploads\/2022\/05\/gdp-training.png","type":"image\/png"}],"twitter_card":"summary_large_image","twitter_misc":{"Dur\u00e9e de lecture estim\u00e9e":"3 minutes"},"schema":{"@context":"https:\/\/schema.org","@graph":[{"@type":"WebPage","@id":"https:\/\/gxp-training.com\/fr\/online-course\/bonnes-pratiques-de-distribution\/","url":"https:\/\/gxp-training.com\/fr\/online-course\/bonnes-pratiques-de-distribution\/","name":"Cours en ligne BPD | Certifi\u00e9 DPC\/UEC","isPartOf":{"@id":"https:\/\/gxp-training.com\/fr\/#website"},"primaryImageOfPage":{"@id":"https:\/\/gxp-training.com\/fr\/online-course\/bonnes-pratiques-de-distribution\/#primaryimage"},"image":{"@id":"https:\/\/gxp-training.com\/fr\/online-course\/bonnes-pratiques-de-distribution\/#primaryimage"},"thumbnailUrl":"https:\/\/gxp-training.com\/wp-content\/uploads\/2022\/05\/gdp-training.png","datePublished":"2022-05-27T09:51:47+00:00","description":"Formation pratique aux BPD pour les professionnels de la cha\u00eene d\u2019approvisionnement, de la logistique et de la r\u00e9glementation. D\u00e9veloppez des comp\u00e9tences conformes en mati\u00e8re de distribution pharmaceutique et obtenez votre certificat reconnu internationalement.","breadcrumb":{"@id":"https:\/\/gxp-training.com\/fr\/online-course\/bonnes-pratiques-de-distribution\/#breadcrumb"},"inLanguage":"fr-FR","potentialAction":[{"@type":"ReadAction","target":["https:\/\/gxp-training.com\/fr\/online-course\/bonnes-pratiques-de-distribution\/"]}]},{"@type":"ImageObject","inLanguage":"fr-FR","@id":"https:\/\/gxp-training.com\/fr\/online-course\/bonnes-pratiques-de-distribution\/#primaryimage","url":"https:\/\/gxp-training.com\/wp-content\/uploads\/2022\/05\/gdp-training.png","contentUrl":"https:\/\/gxp-training.com\/wp-content\/uploads\/2022\/05\/gdp-training.png","width":900,"height":627},{"@type":"BreadcrumbList","@id":"https:\/\/gxp-training.com\/fr\/online-course\/bonnes-pratiques-de-distribution\/#breadcrumb","itemListElement":[{"@type":"ListItem","position":1,"name":"Accueil","item":"https:\/\/gxp-training.com\/fr\/page-daccueil\/"},{"@type":"ListItem","position":2,"name":"Produits","item":"https:\/\/gxp-training.com\/fr\/shop\/"},{"@type":"ListItem","position":3,"name":"Bonnes Pratiques de Distribution"}]},{"@type":"WebSite","@id":"https:\/\/gxp-training.com\/fr\/#website","url":"https:\/\/gxp-training.com\/fr\/","name":"GxP Training : Certified Online Courses for Life Sciences","description":"Online Trainings and Certified Courses in Regulatory Compliance for Pharmaceutical Experts","publisher":{"@id":"https:\/\/gxp-training.com\/fr\/#organization"},"potentialAction":[{"@type":"SearchAction","target":{"@type":"EntryPoint","urlTemplate":"https:\/\/gxp-training.com\/fr\/?s={search_term_string}"},"query-input":{"@type":"PropertyValueSpecification","valueRequired":true,"valueName":"search_term_string"}}],"inLanguage":"fr-FR"},{"@type":"Organization","@id":"https:\/\/gxp-training.com\/fr\/#organization","name":"GXP Training","url":"https:\/\/gxp-training.com\/fr\/","logo":{"@type":"ImageObject","inLanguage":"fr-FR","@id":"https:\/\/gxp-training.com\/fr\/#\/schema\/logo\/image\/","url":"https:\/\/gxp-training.com\/wp-content\/uploads\/2022\/05\/logo-resize.png","contentUrl":"https:\/\/gxp-training.com\/wp-content\/uploads\/2022\/05\/logo-resize.png","width":350,"height":100,"caption":"GXP Training"},"image":{"@id":"https:\/\/gxp-training.com\/fr\/#\/schema\/logo\/image\/"}}]}},"_links":{"self":[{"href":"https:\/\/gxp-training.com\/fr\/wp-json\/wp\/v2\/product\/57226","targetHints":{"allow":["GET"]}}],"collection":[{"href":"https:\/\/gxp-training.com\/fr\/wp-json\/wp\/v2\/product"}],"about":[{"href":"https:\/\/gxp-training.com\/fr\/wp-json\/wp\/v2\/types\/product"}],"wp:featuredmedia":[{"embeddable":true,"href":"https:\/\/gxp-training.com\/fr\/wp-json\/wp\/v2\/media\/43042"}],"wp:attachment":[{"href":"https:\/\/gxp-training.com\/fr\/wp-json\/wp\/v2\/media?parent=57226"}],"wp:term":[{"taxonomy":"product_brand","embeddable":true,"href":"https:\/\/gxp-training.com\/fr\/wp-json\/wp\/v2\/product_brand?post=57226"},{"taxonomy":"product_cat","embeddable":true,"href":"https:\/\/gxp-training.com\/fr\/wp-json\/wp\/v2\/product_cat?post=57226"},{"taxonomy":"product_tag","embeddable":true,"href":"https:\/\/gxp-training.com\/fr\/wp-json\/wp\/v2\/product_tag?post=57226"}],"curies":[{"name":"wp","href":"https:\/\/api.w.org\/{rel}","templated":true}]}}