{"id":57211,"date":"2022-05-27T11:53:57","date_gmt":"2022-05-27T09:53:57","guid":{"rendered":"https:\/\/gxp-training.com\/online-course\/introduction-aux-etudes-non-interventionnelles-nis\/"},"modified":"2022-05-27T11:53:57","modified_gmt":"2022-05-27T09:53:57","slug":"introduction-aux-etudes-non-interventionnelles-nis","status":"publish","type":"product","link":"https:\/\/gxp-training.com\/fr\/online-course\/introduction-aux-etudes-non-interventionnelles-nis\/","title":{"rendered":"Introduction aux \u00e9tudes non interventionnelles (NIS)"},"content":{"rendered":"<p>Les \u00e9tudes non interventionnelles (NIS) sont men\u00e9es dans des contextes non contr\u00f4l\u00e9s, contrairement aux essais cliniques. Les patients sont inclus selon des crit\u00e8res sp\u00e9cifiques, notamment leur plan de traitement actuel. <\/p>\n<p>Ces \u00e9tudes n\u2019interf\u00e8rent pas avec le plan en cours. Les chercheurs peuvent ainsi identifier des \u00e9v\u00e9nements sp\u00e9cifiques qui influencent la th\u00e9rapie en conditions r\u00e9elles. Ce cours constitue une introduction aux fondamentaux des NIS. Vous d\u00e9couvrirez l\u2019\u00e9thique et les \u00e9tapes n\u00e9cessaires pour obtenir des donn\u00e9es et tirer des conclusions utiles \u00e0 partir des NIS.   <\/p>\n<p>&nbsp;<\/p>\n<p>Dans ce cours, nous proposons une synth\u00e8se du sujet \u00e0 travers une exp\u00e9rience en ligne interactive. Ce contenu a \u00e9t\u00e9 \u00e9labor\u00e9 par une \u00e9quipe d\u2019experts en affaires r\u00e9glementaires titulaires d\u2019une qualification de Northeastern University (Boston), pilot\u00e9e par un membre senior capable d\u2019articuler la th\u00e9orie et la pratique. <\/p>\n<p>&nbsp;<\/p>\n<h3>Programme :<\/h3>\n<p>&nbsp;<\/p>\n<p><strong>Le\u00e7on 1 : Introduction aux \u00e9tudes non interventionnelles (NIS)<\/strong><\/p>\n<p>&nbsp;<\/p>\n<p><strong>Le\u00e7on 2 : Cadre r\u00e9glementaire, consid\u00e9rations \u00e9thiques et perspective mondiale<\/strong><\/p>\n<p>&nbsp;<\/p>\n<p><strong>Le\u00e7on 3 : R\u00e9glementations sur la protection des donn\u00e9es et conformit\u00e9<\/strong><\/p>\n<p>&nbsp;<\/p>\n<p><strong>Le\u00e7on 4 : Pharmacovigilance dans les NIS \u2013 PAS, PASS et PAES<\/strong><\/p>\n<p>&nbsp;<\/p>\n<p><strong>Le\u00e7on 5 : Plan d\u2019\u00e9tude et m\u00e9thodologie<\/strong><\/p>\n<p>&nbsp;<\/p>\n<p><strong>Le\u00e7on 6 : Cadre op\u00e9rationnel des NIS<\/strong><\/p>\n<p>&nbsp;<\/p>\n<p><strong>Glossaire<\/strong><\/p>\n<p>&nbsp;<\/p>\n<p><strong>Quiz<\/strong><\/p>\n<p>&nbsp;<\/p>\n","protected":false},"excerpt":{"rendered":"<p>Les \u00e9tudes non interventionnelles (NIS) sont men\u00e9es dans des contextes non contr\u00f4l\u00e9s, contrairement aux essais cliniques. Les patients sont inclus selon des crit\u00e8res sp\u00e9cifiques, notamment leur plan de traitement actuel. Ces \u00e9tudes n\u2019interf\u00e8rent pas avec le plan en cours. Les chercheurs peuvent ainsi identifier des \u00e9v\u00e9nements sp\u00e9cifiques qui influencent la th\u00e9rapie en conditions r\u00e9elles. Ce [&hellip;]<\/p>\n","protected":false},"featured_media":48948,"template":"","meta":{"_acf_changed":false,"content-type":""},"product_brand":[],"product_cat":[274,262,263,258,267],"product_tag":[],"class_list":{"0":"post-57211","1":"product","2":"type-product","3":"status-publish","4":"has-post-thumbnail","6":"product_cat-bpc-essais-cliniques","7":"product_cat-hopitaux-et-etablissements-de-sante","8":"product_cat-organisme-de-recherche-sous-contrat-cro","9":"product_cat-pharmaceutique","10":"product_cat-pharmacovigilance","12":"first","13":"instock","14":"taxable","15":"shipping-taxable","16":"purchasable","17":"product-type-simple"},"bundled_by":[],"bundle_stock_status":"instock","bundle_stock_quantity":null,"bundle_virtual":false,"bundle_layout":"","bundle_add_to_cart_form_location":"","bundle_editable_in_cart":false,"bundle_sold_individually_context":"","bundle_item_grouping":"","bundle_min_size":"","bundle_max_size":"","bundle_price":[],"bundled_items":[],"bundle_sell_ids":[],"acf":[],"yoast_head":"<!-- This site is optimized with the Yoast SEO plugin v27.5 - https:\/\/yoast.com\/product\/yoast-seo-wordpress\/ -->\n<title>\u00c9tudes non interventionnelles (NIS) \u2013 cours en ligne avec certification<\/title>\n<meta name=\"description\" content=\"Obtenez une certification sur les principes g\u00e9n\u00e9raux des \u00e9tudes non interventionnelles gr\u00e2ce \u00e0 notre formation certifiante en ligne. Inscrivez-vous d\u00e8s maintenant et obtenez vos cr\u00e9dits DPC \/ CEU.\" \/>\n<meta name=\"robots\" content=\"index, follow, max-snippet:-1, max-image-preview:large, max-video-preview:-1\" \/>\n<link rel=\"canonical\" href=\"https:\/\/gxp-training.com\/fr\/online-course\/introduction-aux-etudes-non-interventionnelles-nis\/\" \/>\n<meta property=\"og:locale\" content=\"fr_FR\" \/>\n<meta property=\"og:type\" content=\"article\" \/>\n<meta property=\"og:title\" content=\"\u00c9tudes non interventionnelles (NIS) \u2013 cours en ligne avec certification\" \/>\n<meta property=\"og:description\" content=\"Obtenez une certification sur les principes g\u00e9n\u00e9raux des \u00e9tudes non interventionnelles gr\u00e2ce \u00e0 notre formation certifiante en ligne. Inscrivez-vous d\u00e8s maintenant et obtenez vos cr\u00e9dits DPC \/ CEU.\" \/>\n<meta property=\"og:url\" content=\"https:\/\/gxp-training.com\/fr\/online-course\/introduction-aux-etudes-non-interventionnelles-nis\/\" \/>\n<meta property=\"og:site_name\" content=\"GxP Training : Certified Online Courses for Life Sciences\" \/>\n<meta property=\"og:image\" content=\"https:\/\/gxp-training.com\/wp-content\/uploads\/2022\/05\/Introduction-to-Non-Interventional-Studies-NIS.png\" \/>\n\t<meta property=\"og:image:width\" content=\"900\" \/>\n\t<meta property=\"og:image:height\" content=\"627\" \/>\n\t<meta property=\"og:image:type\" content=\"image\/png\" \/>\n<meta name=\"twitter:card\" content=\"summary_large_image\" \/>\n<meta name=\"twitter:label1\" content=\"Dur\u00e9e de lecture estim\u00e9e\" \/>\n\t<meta name=\"twitter:data1\" content=\"1 minute\" \/>\n<script type=\"application\/ld+json\" class=\"yoast-schema-graph\">{\"@context\":\"https:\\\/\\\/schema.org\",\"@graph\":[{\"@type\":\"WebPage\",\"@id\":\"https:\\\/\\\/gxp-training.com\\\/fr\\\/online-course\\\/introduction-aux-etudes-non-interventionnelles-nis\\\/\",\"url\":\"https:\\\/\\\/gxp-training.com\\\/fr\\\/online-course\\\/introduction-aux-etudes-non-interventionnelles-nis\\\/\",\"name\":\"\u00c9tudes non interventionnelles (NIS) \u2013 cours en ligne avec certification\",\"isPartOf\":{\"@id\":\"https:\\\/\\\/gxp-training.com\\\/fr\\\/#website\"},\"primaryImageOfPage\":{\"@id\":\"https:\\\/\\\/gxp-training.com\\\/fr\\\/online-course\\\/introduction-aux-etudes-non-interventionnelles-nis\\\/#primaryimage\"},\"image\":{\"@id\":\"https:\\\/\\\/gxp-training.com\\\/fr\\\/online-course\\\/introduction-aux-etudes-non-interventionnelles-nis\\\/#primaryimage\"},\"thumbnailUrl\":\"https:\\\/\\\/gxp-training.com\\\/wp-content\\\/uploads\\\/2022\\\/05\\\/Introduction-to-Non-Interventional-Studies-NIS.png\",\"datePublished\":\"2022-05-27T09:53:57+00:00\",\"description\":\"Obtenez une certification sur les principes g\u00e9n\u00e9raux des \u00e9tudes non interventionnelles gr\u00e2ce \u00e0 notre formation certifiante en ligne. Inscrivez-vous d\u00e8s maintenant et obtenez vos cr\u00e9dits DPC \\\/ CEU.\",\"breadcrumb\":{\"@id\":\"https:\\\/\\\/gxp-training.com\\\/fr\\\/online-course\\\/introduction-aux-etudes-non-interventionnelles-nis\\\/#breadcrumb\"},\"inLanguage\":\"fr-FR\",\"potentialAction\":[{\"@type\":\"ReadAction\",\"target\":[\"https:\\\/\\\/gxp-training.com\\\/fr\\\/online-course\\\/introduction-aux-etudes-non-interventionnelles-nis\\\/\"]}]},{\"@type\":\"ImageObject\",\"inLanguage\":\"fr-FR\",\"@id\":\"https:\\\/\\\/gxp-training.com\\\/fr\\\/online-course\\\/introduction-aux-etudes-non-interventionnelles-nis\\\/#primaryimage\",\"url\":\"https:\\\/\\\/gxp-training.com\\\/wp-content\\\/uploads\\\/2022\\\/05\\\/Introduction-to-Non-Interventional-Studies-NIS.png\",\"contentUrl\":\"https:\\\/\\\/gxp-training.com\\\/wp-content\\\/uploads\\\/2022\\\/05\\\/Introduction-to-Non-Interventional-Studies-NIS.png\",\"width\":900,\"height\":627},{\"@type\":\"BreadcrumbList\",\"@id\":\"https:\\\/\\\/gxp-training.com\\\/fr\\\/online-course\\\/introduction-aux-etudes-non-interventionnelles-nis\\\/#breadcrumb\",\"itemListElement\":[{\"@type\":\"ListItem\",\"position\":1,\"name\":\"Accueil\",\"item\":\"https:\\\/\\\/gxp-training.com\\\/fr\\\/page-daccueil\\\/\"},{\"@type\":\"ListItem\",\"position\":2,\"name\":\"Produits\",\"item\":\"https:\\\/\\\/gxp-training.com\\\/fr\\\/shop\\\/\"},{\"@type\":\"ListItem\",\"position\":3,\"name\":\"Introduction aux \u00e9tudes non interventionnelles (NIS)\"}]},{\"@type\":\"WebSite\",\"@id\":\"https:\\\/\\\/gxp-training.com\\\/fr\\\/#website\",\"url\":\"https:\\\/\\\/gxp-training.com\\\/fr\\\/\",\"name\":\"GxP Training : Certified Online Courses for Life Sciences\",\"description\":\"Online Trainings and Certified Courses in Regulatory Compliance for Pharmaceutical Experts\",\"publisher\":{\"@id\":\"https:\\\/\\\/gxp-training.com\\\/fr\\\/#organization\"},\"potentialAction\":[{\"@type\":\"SearchAction\",\"target\":{\"@type\":\"EntryPoint\",\"urlTemplate\":\"https:\\\/\\\/gxp-training.com\\\/fr\\\/?s={search_term_string}\"},\"query-input\":{\"@type\":\"PropertyValueSpecification\",\"valueRequired\":true,\"valueName\":\"search_term_string\"}}],\"inLanguage\":\"fr-FR\"},{\"@type\":\"Organization\",\"@id\":\"https:\\\/\\\/gxp-training.com\\\/fr\\\/#organization\",\"name\":\"GXP Training\",\"url\":\"https:\\\/\\\/gxp-training.com\\\/fr\\\/\",\"logo\":{\"@type\":\"ImageObject\",\"inLanguage\":\"fr-FR\",\"@id\":\"https:\\\/\\\/gxp-training.com\\\/fr\\\/#\\\/schema\\\/logo\\\/image\\\/\",\"url\":\"https:\\\/\\\/gxp-training.com\\\/wp-content\\\/uploads\\\/2022\\\/05\\\/logo-resize.png\",\"contentUrl\":\"https:\\\/\\\/gxp-training.com\\\/wp-content\\\/uploads\\\/2022\\\/05\\\/logo-resize.png\",\"width\":350,\"height\":100,\"caption\":\"GXP Training\"},\"image\":{\"@id\":\"https:\\\/\\\/gxp-training.com\\\/fr\\\/#\\\/schema\\\/logo\\\/image\\\/\"}}]}<\/script>\n<!-- \/ Yoast SEO plugin. -->","yoast_head_json":{"title":"\u00c9tudes non interventionnelles (NIS) \u2013 cours en ligne avec certification","description":"Obtenez une certification sur les principes g\u00e9n\u00e9raux des \u00e9tudes non interventionnelles gr\u00e2ce \u00e0 notre formation certifiante en ligne. Inscrivez-vous d\u00e8s maintenant et obtenez vos cr\u00e9dits DPC \/ CEU.","robots":{"index":"index","follow":"follow","max-snippet":"max-snippet:-1","max-image-preview":"max-image-preview:large","max-video-preview":"max-video-preview:-1"},"canonical":"https:\/\/gxp-training.com\/fr\/online-course\/introduction-aux-etudes-non-interventionnelles-nis\/","og_locale":"fr_FR","og_type":"article","og_title":"\u00c9tudes non interventionnelles (NIS) \u2013 cours en ligne avec certification","og_description":"Obtenez une certification sur les principes g\u00e9n\u00e9raux des \u00e9tudes non interventionnelles gr\u00e2ce \u00e0 notre formation certifiante en ligne. Inscrivez-vous d\u00e8s maintenant et obtenez vos cr\u00e9dits DPC \/ CEU.","og_url":"https:\/\/gxp-training.com\/fr\/online-course\/introduction-aux-etudes-non-interventionnelles-nis\/","og_site_name":"GxP Training : Certified Online Courses for Life Sciences","og_image":[{"width":900,"height":627,"url":"https:\/\/gxp-training.com\/wp-content\/uploads\/2022\/05\/Introduction-to-Non-Interventional-Studies-NIS.png","type":"image\/png"}],"twitter_card":"summary_large_image","twitter_misc":{"Dur\u00e9e de lecture estim\u00e9e":"1 minute"},"schema":{"@context":"https:\/\/schema.org","@graph":[{"@type":"WebPage","@id":"https:\/\/gxp-training.com\/fr\/online-course\/introduction-aux-etudes-non-interventionnelles-nis\/","url":"https:\/\/gxp-training.com\/fr\/online-course\/introduction-aux-etudes-non-interventionnelles-nis\/","name":"\u00c9tudes non interventionnelles (NIS) \u2013 cours en ligne avec certification","isPartOf":{"@id":"https:\/\/gxp-training.com\/fr\/#website"},"primaryImageOfPage":{"@id":"https:\/\/gxp-training.com\/fr\/online-course\/introduction-aux-etudes-non-interventionnelles-nis\/#primaryimage"},"image":{"@id":"https:\/\/gxp-training.com\/fr\/online-course\/introduction-aux-etudes-non-interventionnelles-nis\/#primaryimage"},"thumbnailUrl":"https:\/\/gxp-training.com\/wp-content\/uploads\/2022\/05\/Introduction-to-Non-Interventional-Studies-NIS.png","datePublished":"2022-05-27T09:53:57+00:00","description":"Obtenez une certification sur les principes g\u00e9n\u00e9raux des \u00e9tudes non interventionnelles gr\u00e2ce \u00e0 notre formation certifiante en ligne. Inscrivez-vous d\u00e8s maintenant et obtenez vos cr\u00e9dits DPC \/ CEU.","breadcrumb":{"@id":"https:\/\/gxp-training.com\/fr\/online-course\/introduction-aux-etudes-non-interventionnelles-nis\/#breadcrumb"},"inLanguage":"fr-FR","potentialAction":[{"@type":"ReadAction","target":["https:\/\/gxp-training.com\/fr\/online-course\/introduction-aux-etudes-non-interventionnelles-nis\/"]}]},{"@type":"ImageObject","inLanguage":"fr-FR","@id":"https:\/\/gxp-training.com\/fr\/online-course\/introduction-aux-etudes-non-interventionnelles-nis\/#primaryimage","url":"https:\/\/gxp-training.com\/wp-content\/uploads\/2022\/05\/Introduction-to-Non-Interventional-Studies-NIS.png","contentUrl":"https:\/\/gxp-training.com\/wp-content\/uploads\/2022\/05\/Introduction-to-Non-Interventional-Studies-NIS.png","width":900,"height":627},{"@type":"BreadcrumbList","@id":"https:\/\/gxp-training.com\/fr\/online-course\/introduction-aux-etudes-non-interventionnelles-nis\/#breadcrumb","itemListElement":[{"@type":"ListItem","position":1,"name":"Accueil","item":"https:\/\/gxp-training.com\/fr\/page-daccueil\/"},{"@type":"ListItem","position":2,"name":"Produits","item":"https:\/\/gxp-training.com\/fr\/shop\/"},{"@type":"ListItem","position":3,"name":"Introduction aux \u00e9tudes non interventionnelles (NIS)"}]},{"@type":"WebSite","@id":"https:\/\/gxp-training.com\/fr\/#website","url":"https:\/\/gxp-training.com\/fr\/","name":"GxP Training : Certified Online Courses for Life Sciences","description":"Online Trainings and Certified Courses in Regulatory Compliance for Pharmaceutical Experts","publisher":{"@id":"https:\/\/gxp-training.com\/fr\/#organization"},"potentialAction":[{"@type":"SearchAction","target":{"@type":"EntryPoint","urlTemplate":"https:\/\/gxp-training.com\/fr\/?s={search_term_string}"},"query-input":{"@type":"PropertyValueSpecification","valueRequired":true,"valueName":"search_term_string"}}],"inLanguage":"fr-FR"},{"@type":"Organization","@id":"https:\/\/gxp-training.com\/fr\/#organization","name":"GXP Training","url":"https:\/\/gxp-training.com\/fr\/","logo":{"@type":"ImageObject","inLanguage":"fr-FR","@id":"https:\/\/gxp-training.com\/fr\/#\/schema\/logo\/image\/","url":"https:\/\/gxp-training.com\/wp-content\/uploads\/2022\/05\/logo-resize.png","contentUrl":"https:\/\/gxp-training.com\/wp-content\/uploads\/2022\/05\/logo-resize.png","width":350,"height":100,"caption":"GXP Training"},"image":{"@id":"https:\/\/gxp-training.com\/fr\/#\/schema\/logo\/image\/"}}]}},"_links":{"self":[{"href":"https:\/\/gxp-training.com\/fr\/wp-json\/wp\/v2\/product\/57211","targetHints":{"allow":["GET"]}}],"collection":[{"href":"https:\/\/gxp-training.com\/fr\/wp-json\/wp\/v2\/product"}],"about":[{"href":"https:\/\/gxp-training.com\/fr\/wp-json\/wp\/v2\/types\/product"}],"wp:featuredmedia":[{"embeddable":true,"href":"https:\/\/gxp-training.com\/fr\/wp-json\/wp\/v2\/media\/48948"}],"wp:attachment":[{"href":"https:\/\/gxp-training.com\/fr\/wp-json\/wp\/v2\/media?parent=57211"}],"wp:term":[{"taxonomy":"product_brand","embeddable":true,"href":"https:\/\/gxp-training.com\/fr\/wp-json\/wp\/v2\/product_brand?post=57211"},{"taxonomy":"product_cat","embeddable":true,"href":"https:\/\/gxp-training.com\/fr\/wp-json\/wp\/v2\/product_cat?post=57211"},{"taxonomy":"product_tag","embeddable":true,"href":"https:\/\/gxp-training.com\/fr\/wp-json\/wp\/v2\/product_tag?post=57211"}],"curies":[{"name":"wp","href":"https:\/\/api.w.org\/{rel}","templated":true}]}}