{"id":57164,"date":"2022-05-27T12:07:39","date_gmt":"2022-05-27T10:07:39","guid":{"rendered":"https:\/\/gxp-training.com\/online-course\/documentation-bpf-et-conservation-des-enregistrements\/"},"modified":"2022-05-27T12:07:39","modified_gmt":"2022-05-27T10:07:39","slug":"documentation-bpf-et-conservation-des-enregistrements","status":"publish","type":"product","link":"https:\/\/gxp-training.com\/fr\/online-course\/documentation-bpf-et-conservation-des-enregistrements\/","title":{"rendered":"Documentation BPF et conservation des enregistrements"},"content":{"rendered":"<p>Un syst\u00e8me de documentation efficace refl\u00e8te les m\u00e9canismes d&rsquo;assurance qualit\u00e9 mis en \u0153uvre dans une entreprise de fabrication pharmaceutique. Cette formation vous pr\u00e9sente les normes de documentation et de tenue des enregistrements conform\u00e9ment aux BPF. Un syst\u00e8me robuste de documentation et d&rsquo;enregistrements fournit un cadre permettant d&rsquo;examiner le processus de fabrication dans le temps en un coup d&rsquo;\u0153il. Cela est tr\u00e8s utile pour apporter les modifications futures n\u00e9cessaires. Vous serez \u00e9galement initi\u00e9 aux lignes directrices de l&rsquo;OMS sur la bonne gestion des donn\u00e9es et des enregistrements.   <\/p>\n<p>&nbsp;<\/p>\n<p>Dans cette formation, nous proposons une synth\u00e8se du sujet \u00e0 travers une exp\u00e9rience interactive en ligne. Ce contenu a \u00e9t\u00e9 \u00e9labor\u00e9 par une \u00e9quipe d&rsquo;experts en affaires r\u00e9glementaires qualifi\u00e9s de la Northeastern University, Boston, dirig\u00e9e par un membre senior capable d&rsquo;articuler th\u00e9orie et pratique. <\/p>\n<p>&nbsp;<\/p>\n<h3>Programme<\/h3>\n<p>&nbsp;<\/p>\n<p><strong>Introduction<\/strong><\/p>\n<p>&nbsp;<\/p>\n<p><strong>Le\u00e7on 1 : Pourquoi avons-nous besoin de documentation et de conservation des enregistrements ?<\/strong><\/p>\n<p>&nbsp;<\/p>\n<p><strong>Le\u00e7on 2 : Quel est le champ d&rsquo;application de la documentation BPF et de la conservation des enregistrements ?<\/strong><\/p>\n<p>&nbsp;<\/p>\n<p><strong>Le\u00e7on 3 : R\u00f4le du syst\u00e8me d&rsquo;assurance qualit\u00e9 dans le contr\u00f4le et la conservation des documents BPF<\/strong><\/p>\n<p>&nbsp;<\/p>\n<p><strong>Le\u00e7on 4 : Types de documents BPF<\/strong><\/p>\n<p>&nbsp;<\/p>\n<ul>\n<li>Documents de type instruction<\/li>\n<li>Documents de type enregistrement<\/li>\n<\/ul>\n<p>&nbsp;<\/p>\n<p>&nbsp;<\/p>\n<p><strong>Le\u00e7on 5 : Les exigences harmonis\u00e9es en mati\u00e8re de documentation BPF et de conservation des enregistrements<\/strong><\/p>\n<p>&nbsp;<\/p>\n<ul>\n<li>Les lignes directrices de l&rsquo;OMS sur les bonnes pratiques de gestion des donn\u00e9es et des enregistrements<\/li>\n<li>Annexe 5 : Bonnes pratiques de gestion des donn\u00e9es et des enregistrements<\/li>\n<li>Les lignes directrices de l&rsquo;USFDA pour l&rsquo;industrie : Enregistrements \u00e9lectroniques : Signatures \u00e9lectroniques : Champ d&rsquo;application et application.<\/li>\n<li>Les lignes directrices de l&rsquo;UE sur les bonnes pratiques de fabrication des m\u00e9dicaments \u00e0 usage humain et v\u00e9t\u00e9rinaire : Documentation<\/li>\n<\/ul>\n<p>&nbsp;<\/p>\n<p><strong>Glossaire<\/strong><\/p>\n<p>&nbsp;<\/p>\n<p><strong>Conclusion<\/strong><\/p>\n<p>&nbsp;<\/p>\n<p><strong>Quiz<\/strong><\/p>\n","protected":false},"excerpt":{"rendered":"<p>Un syst\u00e8me de documentation efficace refl\u00e8te les m\u00e9canismes d&rsquo;assurance qualit\u00e9 mis en \u0153uvre dans une entreprise de fabrication pharmaceutique. Cette formation vous pr\u00e9sente les normes de documentation et de tenue des enregistrements conform\u00e9ment aux BPF. Un syst\u00e8me robuste de documentation et d&rsquo;enregistrements fournit un cadre permettant d&rsquo;examiner le processus de fabrication dans le temps en [&hellip;]<\/p>\n","protected":false},"featured_media":45194,"template":"","meta":{"_acf_changed":false,"content-type":""},"product_brand":[],"product_cat":[257,254,258],"product_tag":[],"class_list":{"0":"post-57164","1":"product","2":"type-product","3":"status-publish","4":"has-post-thumbnail","6":"product_cat-assurance-qualite","7":"product_cat-bpf-bonnes-pratiques-de-fabrication","8":"product_cat-pharmaceutique","10":"first","11":"instock","12":"taxable","13":"shipping-taxable","14":"purchasable","15":"product-type-subscription"},"bundled_by":[],"bundle_stock_status":"instock","bundle_stock_quantity":null,"bundle_virtual":false,"bundle_layout":"","bundle_add_to_cart_form_location":"","bundle_editable_in_cart":false,"bundle_sold_individually_context":"","bundle_item_grouping":"","bundle_min_size":"","bundle_max_size":"","bundle_price":[],"bundled_items":[],"bundle_sell_ids":[],"acf":[],"yoast_head":"<!-- This site is optimized with the Yoast SEO plugin v27.5 - https:\/\/yoast.com\/product\/yoast-seo-wordpress\/ -->\n<title>Documentation BPF : formation en ligne et certification<\/title>\n<meta name=\"description\" content=\"Formation en ligne et certification en documentation BPF et conservation des enregistrements. Obtenez votre certification d\u00e8s maintenant gr\u00e2ce aux meilleurs experts BPF. Accr\u00e9ditation CPD \/ CEU.\" \/>\n<meta name=\"robots\" content=\"index, follow, max-snippet:-1, max-image-preview:large, max-video-preview:-1\" \/>\n<link rel=\"canonical\" href=\"https:\/\/gxp-training.com\/fr\/online-course\/documentation-bpf-et-conservation-des-enregistrements\/\" \/>\n<meta property=\"og:locale\" content=\"fr_FR\" \/>\n<meta property=\"og:type\" content=\"article\" \/>\n<meta property=\"og:title\" content=\"Documentation BPF : formation en ligne et certification\" \/>\n<meta property=\"og:description\" content=\"Formation en ligne et certification en documentation BPF et conservation des enregistrements. Obtenez votre certification d\u00e8s maintenant gr\u00e2ce aux meilleurs experts BPF. Accr\u00e9ditation CPD \/ CEU.\" \/>\n<meta property=\"og:url\" content=\"https:\/\/gxp-training.com\/fr\/online-course\/documentation-bpf-et-conservation-des-enregistrements\/\" \/>\n<meta property=\"og:site_name\" content=\"GxP Training : Certified Online Courses for Life Sciences\" \/>\n<meta property=\"og:image\" content=\"https:\/\/gxp-training.com\/wp-content\/uploads\/2022\/05\/GMP-Documentation.png\" \/>\n\t<meta property=\"og:image:width\" content=\"900\" \/>\n\t<meta property=\"og:image:height\" content=\"627\" \/>\n\t<meta property=\"og:image:type\" content=\"image\/png\" \/>\n<meta name=\"twitter:card\" content=\"summary_large_image\" \/>\n<meta name=\"twitter:label1\" content=\"Dur\u00e9e de lecture estim\u00e9e\" \/>\n\t<meta name=\"twitter:data1\" content=\"2 minutes\" \/>\n<script type=\"application\/ld+json\" class=\"yoast-schema-graph\">{\"@context\":\"https:\\\/\\\/schema.org\",\"@graph\":[{\"@type\":\"WebPage\",\"@id\":\"https:\\\/\\\/gxp-training.com\\\/fr\\\/online-course\\\/documentation-bpf-et-conservation-des-enregistrements\\\/\",\"url\":\"https:\\\/\\\/gxp-training.com\\\/fr\\\/online-course\\\/documentation-bpf-et-conservation-des-enregistrements\\\/\",\"name\":\"Documentation BPF : formation en ligne et certification\",\"isPartOf\":{\"@id\":\"https:\\\/\\\/gxp-training.com\\\/fr\\\/#website\"},\"primaryImageOfPage\":{\"@id\":\"https:\\\/\\\/gxp-training.com\\\/fr\\\/online-course\\\/documentation-bpf-et-conservation-des-enregistrements\\\/#primaryimage\"},\"image\":{\"@id\":\"https:\\\/\\\/gxp-training.com\\\/fr\\\/online-course\\\/documentation-bpf-et-conservation-des-enregistrements\\\/#primaryimage\"},\"thumbnailUrl\":\"https:\\\/\\\/gxp-training.com\\\/wp-content\\\/uploads\\\/2022\\\/05\\\/GMP-Documentation.png\",\"datePublished\":\"2022-05-27T10:07:39+00:00\",\"description\":\"Formation en ligne et certification en documentation BPF et conservation des enregistrements. Obtenez votre certification d\u00e8s maintenant gr\u00e2ce aux meilleurs experts BPF. Accr\u00e9ditation CPD \\\/ CEU.\",\"breadcrumb\":{\"@id\":\"https:\\\/\\\/gxp-training.com\\\/fr\\\/online-course\\\/documentation-bpf-et-conservation-des-enregistrements\\\/#breadcrumb\"},\"inLanguage\":\"fr-FR\",\"potentialAction\":[{\"@type\":\"ReadAction\",\"target\":[\"https:\\\/\\\/gxp-training.com\\\/fr\\\/online-course\\\/documentation-bpf-et-conservation-des-enregistrements\\\/\"]}]},{\"@type\":\"ImageObject\",\"inLanguage\":\"fr-FR\",\"@id\":\"https:\\\/\\\/gxp-training.com\\\/fr\\\/online-course\\\/documentation-bpf-et-conservation-des-enregistrements\\\/#primaryimage\",\"url\":\"https:\\\/\\\/gxp-training.com\\\/wp-content\\\/uploads\\\/2022\\\/05\\\/GMP-Documentation.png\",\"contentUrl\":\"https:\\\/\\\/gxp-training.com\\\/wp-content\\\/uploads\\\/2022\\\/05\\\/GMP-Documentation.png\",\"width\":900,\"height\":627},{\"@type\":\"BreadcrumbList\",\"@id\":\"https:\\\/\\\/gxp-training.com\\\/fr\\\/online-course\\\/documentation-bpf-et-conservation-des-enregistrements\\\/#breadcrumb\",\"itemListElement\":[{\"@type\":\"ListItem\",\"position\":1,\"name\":\"Accueil\",\"item\":\"https:\\\/\\\/gxp-training.com\\\/fr\\\/page-daccueil\\\/\"},{\"@type\":\"ListItem\",\"position\":2,\"name\":\"Produits\",\"item\":\"https:\\\/\\\/gxp-training.com\\\/fr\\\/shop\\\/\"},{\"@type\":\"ListItem\",\"position\":3,\"name\":\"Documentation BPF et conservation des enregistrements\"}]},{\"@type\":\"WebSite\",\"@id\":\"https:\\\/\\\/gxp-training.com\\\/fr\\\/#website\",\"url\":\"https:\\\/\\\/gxp-training.com\\\/fr\\\/\",\"name\":\"GxP Training : Certified Online Courses for Life Sciences\",\"description\":\"Online Trainings and Certified Courses in Regulatory Compliance for Pharmaceutical Experts\",\"publisher\":{\"@id\":\"https:\\\/\\\/gxp-training.com\\\/fr\\\/#organization\"},\"potentialAction\":[{\"@type\":\"SearchAction\",\"target\":{\"@type\":\"EntryPoint\",\"urlTemplate\":\"https:\\\/\\\/gxp-training.com\\\/fr\\\/?s={search_term_string}\"},\"query-input\":{\"@type\":\"PropertyValueSpecification\",\"valueRequired\":true,\"valueName\":\"search_term_string\"}}],\"inLanguage\":\"fr-FR\"},{\"@type\":\"Organization\",\"@id\":\"https:\\\/\\\/gxp-training.com\\\/fr\\\/#organization\",\"name\":\"GXP Training\",\"url\":\"https:\\\/\\\/gxp-training.com\\\/fr\\\/\",\"logo\":{\"@type\":\"ImageObject\",\"inLanguage\":\"fr-FR\",\"@id\":\"https:\\\/\\\/gxp-training.com\\\/fr\\\/#\\\/schema\\\/logo\\\/image\\\/\",\"url\":\"https:\\\/\\\/gxp-training.com\\\/wp-content\\\/uploads\\\/2022\\\/05\\\/logo-resize.png\",\"contentUrl\":\"https:\\\/\\\/gxp-training.com\\\/wp-content\\\/uploads\\\/2022\\\/05\\\/logo-resize.png\",\"width\":350,\"height\":100,\"caption\":\"GXP Training\"},\"image\":{\"@id\":\"https:\\\/\\\/gxp-training.com\\\/fr\\\/#\\\/schema\\\/logo\\\/image\\\/\"}}]}<\/script>\n<!-- \/ Yoast SEO plugin. -->","yoast_head_json":{"title":"Documentation BPF : formation en ligne et certification","description":"Formation en ligne et certification en documentation BPF et conservation des enregistrements. Obtenez votre certification d\u00e8s maintenant gr\u00e2ce aux meilleurs experts BPF. Accr\u00e9ditation CPD \/ CEU.","robots":{"index":"index","follow":"follow","max-snippet":"max-snippet:-1","max-image-preview":"max-image-preview:large","max-video-preview":"max-video-preview:-1"},"canonical":"https:\/\/gxp-training.com\/fr\/online-course\/documentation-bpf-et-conservation-des-enregistrements\/","og_locale":"fr_FR","og_type":"article","og_title":"Documentation BPF : formation en ligne et certification","og_description":"Formation en ligne et certification en documentation BPF et conservation des enregistrements. Obtenez votre certification d\u00e8s maintenant gr\u00e2ce aux meilleurs experts BPF. Accr\u00e9ditation CPD \/ CEU.","og_url":"https:\/\/gxp-training.com\/fr\/online-course\/documentation-bpf-et-conservation-des-enregistrements\/","og_site_name":"GxP Training : Certified Online Courses for Life Sciences","og_image":[{"width":900,"height":627,"url":"https:\/\/gxp-training.com\/wp-content\/uploads\/2022\/05\/GMP-Documentation.png","type":"image\/png"}],"twitter_card":"summary_large_image","twitter_misc":{"Dur\u00e9e de lecture estim\u00e9e":"2 minutes"},"schema":{"@context":"https:\/\/schema.org","@graph":[{"@type":"WebPage","@id":"https:\/\/gxp-training.com\/fr\/online-course\/documentation-bpf-et-conservation-des-enregistrements\/","url":"https:\/\/gxp-training.com\/fr\/online-course\/documentation-bpf-et-conservation-des-enregistrements\/","name":"Documentation BPF : formation en ligne et certification","isPartOf":{"@id":"https:\/\/gxp-training.com\/fr\/#website"},"primaryImageOfPage":{"@id":"https:\/\/gxp-training.com\/fr\/online-course\/documentation-bpf-et-conservation-des-enregistrements\/#primaryimage"},"image":{"@id":"https:\/\/gxp-training.com\/fr\/online-course\/documentation-bpf-et-conservation-des-enregistrements\/#primaryimage"},"thumbnailUrl":"https:\/\/gxp-training.com\/wp-content\/uploads\/2022\/05\/GMP-Documentation.png","datePublished":"2022-05-27T10:07:39+00:00","description":"Formation en ligne et certification en documentation BPF et conservation des enregistrements. Obtenez votre certification d\u00e8s maintenant gr\u00e2ce aux meilleurs experts BPF. Accr\u00e9ditation CPD \/ CEU.","breadcrumb":{"@id":"https:\/\/gxp-training.com\/fr\/online-course\/documentation-bpf-et-conservation-des-enregistrements\/#breadcrumb"},"inLanguage":"fr-FR","potentialAction":[{"@type":"ReadAction","target":["https:\/\/gxp-training.com\/fr\/online-course\/documentation-bpf-et-conservation-des-enregistrements\/"]}]},{"@type":"ImageObject","inLanguage":"fr-FR","@id":"https:\/\/gxp-training.com\/fr\/online-course\/documentation-bpf-et-conservation-des-enregistrements\/#primaryimage","url":"https:\/\/gxp-training.com\/wp-content\/uploads\/2022\/05\/GMP-Documentation.png","contentUrl":"https:\/\/gxp-training.com\/wp-content\/uploads\/2022\/05\/GMP-Documentation.png","width":900,"height":627},{"@type":"BreadcrumbList","@id":"https:\/\/gxp-training.com\/fr\/online-course\/documentation-bpf-et-conservation-des-enregistrements\/#breadcrumb","itemListElement":[{"@type":"ListItem","position":1,"name":"Accueil","item":"https:\/\/gxp-training.com\/fr\/page-daccueil\/"},{"@type":"ListItem","position":2,"name":"Produits","item":"https:\/\/gxp-training.com\/fr\/shop\/"},{"@type":"ListItem","position":3,"name":"Documentation BPF et conservation des enregistrements"}]},{"@type":"WebSite","@id":"https:\/\/gxp-training.com\/fr\/#website","url":"https:\/\/gxp-training.com\/fr\/","name":"GxP Training : Certified Online Courses for Life Sciences","description":"Online Trainings and Certified Courses in Regulatory Compliance for Pharmaceutical Experts","publisher":{"@id":"https:\/\/gxp-training.com\/fr\/#organization"},"potentialAction":[{"@type":"SearchAction","target":{"@type":"EntryPoint","urlTemplate":"https:\/\/gxp-training.com\/fr\/?s={search_term_string}"},"query-input":{"@type":"PropertyValueSpecification","valueRequired":true,"valueName":"search_term_string"}}],"inLanguage":"fr-FR"},{"@type":"Organization","@id":"https:\/\/gxp-training.com\/fr\/#organization","name":"GXP Training","url":"https:\/\/gxp-training.com\/fr\/","logo":{"@type":"ImageObject","inLanguage":"fr-FR","@id":"https:\/\/gxp-training.com\/fr\/#\/schema\/logo\/image\/","url":"https:\/\/gxp-training.com\/wp-content\/uploads\/2022\/05\/logo-resize.png","contentUrl":"https:\/\/gxp-training.com\/wp-content\/uploads\/2022\/05\/logo-resize.png","width":350,"height":100,"caption":"GXP Training"},"image":{"@id":"https:\/\/gxp-training.com\/fr\/#\/schema\/logo\/image\/"}}]}},"_links":{"self":[{"href":"https:\/\/gxp-training.com\/fr\/wp-json\/wp\/v2\/product\/57164","targetHints":{"allow":["GET"]}}],"collection":[{"href":"https:\/\/gxp-training.com\/fr\/wp-json\/wp\/v2\/product"}],"about":[{"href":"https:\/\/gxp-training.com\/fr\/wp-json\/wp\/v2\/types\/product"}],"wp:featuredmedia":[{"embeddable":true,"href":"https:\/\/gxp-training.com\/fr\/wp-json\/wp\/v2\/media\/45194"}],"wp:attachment":[{"href":"https:\/\/gxp-training.com\/fr\/wp-json\/wp\/v2\/media?parent=57164"}],"wp:term":[{"taxonomy":"product_brand","embeddable":true,"href":"https:\/\/gxp-training.com\/fr\/wp-json\/wp\/v2\/product_brand?post=57164"},{"taxonomy":"product_cat","embeddable":true,"href":"https:\/\/gxp-training.com\/fr\/wp-json\/wp\/v2\/product_cat?post=57164"},{"taxonomy":"product_tag","embeddable":true,"href":"https:\/\/gxp-training.com\/fr\/wp-json\/wp\/v2\/product_tag?post=57164"}],"curies":[{"name":"wp","href":"https:\/\/api.w.org\/{rel}","templated":true}]}}