{"id":57160,"date":"2022-05-27T12:11:18","date_gmt":"2022-05-27T10:11:18","guid":{"rendered":"https:\/\/gxp-training.com\/online-course\/introduction-a-la-formation-en-ligne-fda-21-cfr-part-11\/"},"modified":"2022-05-27T12:11:18","modified_gmt":"2022-05-27T10:11:18","slug":"introduction-a-la-formation-en-ligne-fda-21-cfr-part-11","status":"publish","type":"product","link":"https:\/\/gxp-training.com\/fr\/online-course\/introduction-a-la-formation-en-ligne-fda-21-cfr-part-11\/","title":{"rendered":"Introduction \u00e0 la formation en ligne FDA 21 CFR PART 11"},"content":{"rendered":"<div class=\"description\">\n<div class=\"description\">\n<p>Les principaux objectifs de ce cours d\u2019e-learning sont de donner aux apprenants une base sur les principes et les derni\u00e8res exigences relatives aux enregistrements \u00e9lectroniques concernant la norme FDA 21 CFR PART 11. La formation offre un aper\u00e7u des exigences de la FDA avec des exemples pratiques couvrant la mise en \u0153uvre de ces exigences. Le cours traite de l\u2019application de ces exigences aux syst\u00e8mes mat\u00e9riels et logiciels utilis\u00e9s dans la <a href=\"https:\/\/gxp-training.com\/online-course\/gxp1861-introduction-to-good-manufacturing-practice\/\">fabrication<\/a>, l\u2019assurance qualit\u00e9, les affaires r\u00e9glementaires, la validation et le contr\u00f4le des processus.  <\/p>\n<\/div>\n<p><span style=\"font-family: -apple-system, BlinkMacSystemFont, 'Segoe UI', Roboto, 'Helvetica Neue', Arial, 'Noto Sans', sans-serif, 'Apple Color Emoji', 'Segoe UI Emoji', 'Segoe UI Symbol', 'Noto Color Emoji';\">Dans ce cours, nous proposons une synth\u00e8se du sujet \u00e0 travers une exp\u00e9rience interactive en ligne. Ce mat\u00e9riel a \u00e9t\u00e9 con\u00e7u par une \u00e9quipe d\u2019experts en affaires r\u00e9glementaires dipl\u00f4m\u00e9s de l\u2019Universit\u00e9 Northeastern de Boston, pilot\u00e9e par un membre senior capable d\u2019articuler la th\u00e9orie avec la pratique. <\/span><\/p>\n<div class=\"elementor-element elementor-element-de39351 elementor-widget elementor-widget-jet-listing-dynamic-field\" data-id=\"de39351\" data-element_type=\"widget\" data-widget_type=\"jet-listing-dynamic-field.default\">\n<div class=\"elementor-widget-container\">\n<div class=\"jet-listing jet-listing-dynamic-field display-inline\">\n<div class=\"jet-listing-dynamic-field__inline-wrap\">\n<div class=\"jet-listing-dynamic-field__content\">\n<p>&nbsp;<\/p>\n<\/div>\n<\/div>\n<\/div>\n<div class=\"jet-listing jet-listing-dynamic-field display-inline\">\n<h2>Programme :<\/h2>\n<\/div>\n<p><strong>Introduction<\/strong><\/p>\n<p><strong>Module 1 : Les r\u00e8gles de base (Predicate Rules)<\/strong><\/p>\n<ul>\n<li>Explication de la 21 CFR Part 11<\/li>\n<li>Enregistrements \u00e9lectroniques<\/li>\n<li>Que sont les r\u00e8gles de base ?<\/li>\n<li>Relation avec les r\u00e8gles de base<\/li>\n<li>R\u00e8gles de base et dossiers de lot<\/li>\n<li>Signatures \u00e9lectroniques<\/li>\n<li>Signatures manuscrites<\/li>\n<\/ul>\n<p><strong>Module 2 : Qu\u2019est-ce que la Part 11<\/strong><\/p>\n<ul>\n<li>Qu\u2019est-ce que la 21 CFR Part 11 ?<\/li>\n<li>Ligne directrice<\/li>\n<li>Champ d\u2019application restreint et application de la Part 11<\/li>\n<li>Les avantages<\/li>\n<\/ul>\n<p><strong>Module 3 : Explication des signatures et enregistrements \u00e9lectroniques<\/strong><\/p>\n<ul>\n<li>Signatures \u00e9lectroniques non impact\u00e9es<\/li>\n<\/ul>\n<p>&nbsp;<\/p>\n<p><strong>Conclusion<\/strong><\/p>\n<p><strong>Examen final<\/strong><\/p>\n<p><strong>Certification<\/strong><\/p>\n<\/div>\n<\/div>\n<\/div>\n","protected":false},"excerpt":{"rendered":"<p>Les principaux objectifs de ce cours d\u2019e-learning sont de donner aux apprenants une base sur les principes et les derni\u00e8res exigences relatives aux enregistrements \u00e9lectroniques concernant la norme FDA 21 CFR PART 11. La formation offre un aper\u00e7u des exigences de la FDA avec des exemples pratiques couvrant la mise en \u0153uvre de ces exigences. [&hellip;]<\/p>\n","protected":false},"featured_media":42859,"template":"","meta":{"_acf_changed":false,"content-type":""},"product_brand":[],"product_cat":[257,274,254,277,256,262,259,263,258,264],"product_tag":[],"class_list":{"0":"post-57160","1":"product","2":"type-product","3":"status-publish","4":"has-post-thumbnail","6":"product_cat-assurance-qualite","7":"product_cat-bpc-essais-cliniques","8":"product_cat-bpf-bonnes-pratiques-de-fabrication","9":"product_cat-bpl-bonnes-pratiques-de-laboratoire","10":"product_cat-dispositifs-medicaux","11":"product_cat-hopitaux-et-etablissements-de-sante","12":"product_cat-laboratoires","13":"product_cat-organisme-de-recherche-sous-contrat-cro","14":"product_cat-pharmaceutique","15":"product_cat-transversal","17":"first","18":"instock","19":"taxable","20":"shipping-taxable","21":"purchasable","22":"product-type-subscription"},"bundled_by":[],"bundle_stock_status":"instock","bundle_stock_quantity":null,"bundle_virtual":false,"bundle_layout":"","bundle_add_to_cart_form_location":"","bundle_editable_in_cart":false,"bundle_sold_individually_context":"","bundle_item_grouping":"","bundle_min_size":"","bundle_max_size":"","bundle_price":[],"bundled_items":[],"bundle_sell_ids":[],"acf":[],"yoast_head":"<!-- This site is optimized with the Yoast SEO plugin v27.5 - https:\/\/yoast.com\/product\/yoast-seo-wordpress\/ -->\n<title>Formations en ligne et certification FDA 21 CFR PART 11<\/title>\n<meta name=\"description\" content=\"Formation en ligne FDA 21 CFR PART 11 avec certification. Tous nos cours sont \u00e9labor\u00e9s par les meilleurs experts pharmaceutiques. Accr\u00e9ditation CPD et CEU.\" \/>\n<meta name=\"robots\" content=\"index, follow, max-snippet:-1, max-image-preview:large, max-video-preview:-1\" \/>\n<link rel=\"canonical\" href=\"https:\/\/gxp-training.com\/fr\/online-course\/introduction-a-la-formation-en-ligne-fda-21-cfr-part-11\/\" \/>\n<meta property=\"og:locale\" content=\"fr_FR\" \/>\n<meta property=\"og:type\" content=\"article\" \/>\n<meta property=\"og:title\" content=\"Formations en ligne et certification FDA 21 CFR PART 11\" \/>\n<meta property=\"og:description\" content=\"Formation en ligne FDA 21 CFR PART 11 avec certification. Tous nos cours sont \u00e9labor\u00e9s par les meilleurs experts pharmaceutiques. Accr\u00e9ditation CPD et CEU.\" \/>\n<meta property=\"og:url\" content=\"https:\/\/gxp-training.com\/fr\/online-course\/introduction-a-la-formation-en-ligne-fda-21-cfr-part-11\/\" \/>\n<meta property=\"og:site_name\" content=\"GxP Training : Certified Online Courses for Life Sciences\" \/>\n<meta property=\"og:image\" content=\"https:\/\/gxp-training.com\/wp-content\/uploads\/2022\/05\/FDA.png\" \/>\n\t<meta property=\"og:image:width\" content=\"1000\" \/>\n\t<meta property=\"og:image:height\" content=\"700\" \/>\n\t<meta property=\"og:image:type\" content=\"image\/png\" \/>\n<meta name=\"twitter:card\" content=\"summary_large_image\" \/>\n<meta name=\"twitter:label1\" content=\"Dur\u00e9e de lecture estim\u00e9e\" \/>\n\t<meta name=\"twitter:data1\" content=\"1 minute\" \/>\n<script type=\"application\/ld+json\" class=\"yoast-schema-graph\">{\"@context\":\"https:\\\/\\\/schema.org\",\"@graph\":[{\"@type\":\"WebPage\",\"@id\":\"https:\\\/\\\/gxp-training.com\\\/fr\\\/online-course\\\/introduction-a-la-formation-en-ligne-fda-21-cfr-part-11\\\/\",\"url\":\"https:\\\/\\\/gxp-training.com\\\/fr\\\/online-course\\\/introduction-a-la-formation-en-ligne-fda-21-cfr-part-11\\\/\",\"name\":\"Formations en ligne et certification FDA 21 CFR PART 11\",\"isPartOf\":{\"@id\":\"https:\\\/\\\/gxp-training.com\\\/fr\\\/#website\"},\"primaryImageOfPage\":{\"@id\":\"https:\\\/\\\/gxp-training.com\\\/fr\\\/online-course\\\/introduction-a-la-formation-en-ligne-fda-21-cfr-part-11\\\/#primaryimage\"},\"image\":{\"@id\":\"https:\\\/\\\/gxp-training.com\\\/fr\\\/online-course\\\/introduction-a-la-formation-en-ligne-fda-21-cfr-part-11\\\/#primaryimage\"},\"thumbnailUrl\":\"https:\\\/\\\/gxp-training.com\\\/wp-content\\\/uploads\\\/2022\\\/05\\\/FDA.png\",\"datePublished\":\"2022-05-27T10:11:18+00:00\",\"description\":\"Formation en ligne FDA 21 CFR PART 11 avec certification. Tous nos cours sont \u00e9labor\u00e9s par les meilleurs experts pharmaceutiques. Accr\u00e9ditation CPD et CEU.\",\"breadcrumb\":{\"@id\":\"https:\\\/\\\/gxp-training.com\\\/fr\\\/online-course\\\/introduction-a-la-formation-en-ligne-fda-21-cfr-part-11\\\/#breadcrumb\"},\"inLanguage\":\"fr-FR\",\"potentialAction\":[{\"@type\":\"ReadAction\",\"target\":[\"https:\\\/\\\/gxp-training.com\\\/fr\\\/online-course\\\/introduction-a-la-formation-en-ligne-fda-21-cfr-part-11\\\/\"]}]},{\"@type\":\"ImageObject\",\"inLanguage\":\"fr-FR\",\"@id\":\"https:\\\/\\\/gxp-training.com\\\/fr\\\/online-course\\\/introduction-a-la-formation-en-ligne-fda-21-cfr-part-11\\\/#primaryimage\",\"url\":\"https:\\\/\\\/gxp-training.com\\\/wp-content\\\/uploads\\\/2022\\\/05\\\/FDA.png\",\"contentUrl\":\"https:\\\/\\\/gxp-training.com\\\/wp-content\\\/uploads\\\/2022\\\/05\\\/FDA.png\",\"width\":1000,\"height\":700},{\"@type\":\"BreadcrumbList\",\"@id\":\"https:\\\/\\\/gxp-training.com\\\/fr\\\/online-course\\\/introduction-a-la-formation-en-ligne-fda-21-cfr-part-11\\\/#breadcrumb\",\"itemListElement\":[{\"@type\":\"ListItem\",\"position\":1,\"name\":\"Accueil\",\"item\":\"https:\\\/\\\/gxp-training.com\\\/fr\\\/page-daccueil\\\/\"},{\"@type\":\"ListItem\",\"position\":2,\"name\":\"Produits\",\"item\":\"https:\\\/\\\/gxp-training.com\\\/fr\\\/shop\\\/\"},{\"@type\":\"ListItem\",\"position\":3,\"name\":\"Introduction \u00e0 la formation en ligne FDA 21 CFR PART 11\"}]},{\"@type\":\"WebSite\",\"@id\":\"https:\\\/\\\/gxp-training.com\\\/fr\\\/#website\",\"url\":\"https:\\\/\\\/gxp-training.com\\\/fr\\\/\",\"name\":\"GxP Training : Certified Online Courses for Life Sciences\",\"description\":\"Online Trainings and Certified Courses in Regulatory Compliance for Pharmaceutical Experts\",\"publisher\":{\"@id\":\"https:\\\/\\\/gxp-training.com\\\/fr\\\/#organization\"},\"potentialAction\":[{\"@type\":\"SearchAction\",\"target\":{\"@type\":\"EntryPoint\",\"urlTemplate\":\"https:\\\/\\\/gxp-training.com\\\/fr\\\/?s={search_term_string}\"},\"query-input\":{\"@type\":\"PropertyValueSpecification\",\"valueRequired\":true,\"valueName\":\"search_term_string\"}}],\"inLanguage\":\"fr-FR\"},{\"@type\":\"Organization\",\"@id\":\"https:\\\/\\\/gxp-training.com\\\/fr\\\/#organization\",\"name\":\"GXP Training\",\"url\":\"https:\\\/\\\/gxp-training.com\\\/fr\\\/\",\"logo\":{\"@type\":\"ImageObject\",\"inLanguage\":\"fr-FR\",\"@id\":\"https:\\\/\\\/gxp-training.com\\\/fr\\\/#\\\/schema\\\/logo\\\/image\\\/\",\"url\":\"https:\\\/\\\/gxp-training.com\\\/wp-content\\\/uploads\\\/2022\\\/05\\\/logo-resize.png\",\"contentUrl\":\"https:\\\/\\\/gxp-training.com\\\/wp-content\\\/uploads\\\/2022\\\/05\\\/logo-resize.png\",\"width\":350,\"height\":100,\"caption\":\"GXP Training\"},\"image\":{\"@id\":\"https:\\\/\\\/gxp-training.com\\\/fr\\\/#\\\/schema\\\/logo\\\/image\\\/\"}}]}<\/script>\n<!-- \/ Yoast SEO plugin. -->","yoast_head_json":{"title":"Formations en ligne et certification FDA 21 CFR PART 11","description":"Formation en ligne FDA 21 CFR PART 11 avec certification. Tous nos cours sont \u00e9labor\u00e9s par les meilleurs experts pharmaceutiques. Accr\u00e9ditation CPD et CEU.","robots":{"index":"index","follow":"follow","max-snippet":"max-snippet:-1","max-image-preview":"max-image-preview:large","max-video-preview":"max-video-preview:-1"},"canonical":"https:\/\/gxp-training.com\/fr\/online-course\/introduction-a-la-formation-en-ligne-fda-21-cfr-part-11\/","og_locale":"fr_FR","og_type":"article","og_title":"Formations en ligne et certification FDA 21 CFR PART 11","og_description":"Formation en ligne FDA 21 CFR PART 11 avec certification. Tous nos cours sont \u00e9labor\u00e9s par les meilleurs experts pharmaceutiques. Accr\u00e9ditation CPD et CEU.","og_url":"https:\/\/gxp-training.com\/fr\/online-course\/introduction-a-la-formation-en-ligne-fda-21-cfr-part-11\/","og_site_name":"GxP Training : Certified Online Courses for Life Sciences","og_image":[{"width":1000,"height":700,"url":"https:\/\/gxp-training.com\/wp-content\/uploads\/2022\/05\/FDA.png","type":"image\/png"}],"twitter_card":"summary_large_image","twitter_misc":{"Dur\u00e9e de lecture estim\u00e9e":"1 minute"},"schema":{"@context":"https:\/\/schema.org","@graph":[{"@type":"WebPage","@id":"https:\/\/gxp-training.com\/fr\/online-course\/introduction-a-la-formation-en-ligne-fda-21-cfr-part-11\/","url":"https:\/\/gxp-training.com\/fr\/online-course\/introduction-a-la-formation-en-ligne-fda-21-cfr-part-11\/","name":"Formations en ligne et certification FDA 21 CFR PART 11","isPartOf":{"@id":"https:\/\/gxp-training.com\/fr\/#website"},"primaryImageOfPage":{"@id":"https:\/\/gxp-training.com\/fr\/online-course\/introduction-a-la-formation-en-ligne-fda-21-cfr-part-11\/#primaryimage"},"image":{"@id":"https:\/\/gxp-training.com\/fr\/online-course\/introduction-a-la-formation-en-ligne-fda-21-cfr-part-11\/#primaryimage"},"thumbnailUrl":"https:\/\/gxp-training.com\/wp-content\/uploads\/2022\/05\/FDA.png","datePublished":"2022-05-27T10:11:18+00:00","description":"Formation en ligne FDA 21 CFR PART 11 avec certification. Tous nos cours sont \u00e9labor\u00e9s par les meilleurs experts pharmaceutiques. Accr\u00e9ditation CPD et CEU.","breadcrumb":{"@id":"https:\/\/gxp-training.com\/fr\/online-course\/introduction-a-la-formation-en-ligne-fda-21-cfr-part-11\/#breadcrumb"},"inLanguage":"fr-FR","potentialAction":[{"@type":"ReadAction","target":["https:\/\/gxp-training.com\/fr\/online-course\/introduction-a-la-formation-en-ligne-fda-21-cfr-part-11\/"]}]},{"@type":"ImageObject","inLanguage":"fr-FR","@id":"https:\/\/gxp-training.com\/fr\/online-course\/introduction-a-la-formation-en-ligne-fda-21-cfr-part-11\/#primaryimage","url":"https:\/\/gxp-training.com\/wp-content\/uploads\/2022\/05\/FDA.png","contentUrl":"https:\/\/gxp-training.com\/wp-content\/uploads\/2022\/05\/FDA.png","width":1000,"height":700},{"@type":"BreadcrumbList","@id":"https:\/\/gxp-training.com\/fr\/online-course\/introduction-a-la-formation-en-ligne-fda-21-cfr-part-11\/#breadcrumb","itemListElement":[{"@type":"ListItem","position":1,"name":"Accueil","item":"https:\/\/gxp-training.com\/fr\/page-daccueil\/"},{"@type":"ListItem","position":2,"name":"Produits","item":"https:\/\/gxp-training.com\/fr\/shop\/"},{"@type":"ListItem","position":3,"name":"Introduction \u00e0 la formation en ligne FDA 21 CFR PART 11"}]},{"@type":"WebSite","@id":"https:\/\/gxp-training.com\/fr\/#website","url":"https:\/\/gxp-training.com\/fr\/","name":"GxP Training : Certified Online Courses for Life Sciences","description":"Online Trainings and Certified Courses in Regulatory Compliance for Pharmaceutical Experts","publisher":{"@id":"https:\/\/gxp-training.com\/fr\/#organization"},"potentialAction":[{"@type":"SearchAction","target":{"@type":"EntryPoint","urlTemplate":"https:\/\/gxp-training.com\/fr\/?s={search_term_string}"},"query-input":{"@type":"PropertyValueSpecification","valueRequired":true,"valueName":"search_term_string"}}],"inLanguage":"fr-FR"},{"@type":"Organization","@id":"https:\/\/gxp-training.com\/fr\/#organization","name":"GXP Training","url":"https:\/\/gxp-training.com\/fr\/","logo":{"@type":"ImageObject","inLanguage":"fr-FR","@id":"https:\/\/gxp-training.com\/fr\/#\/schema\/logo\/image\/","url":"https:\/\/gxp-training.com\/wp-content\/uploads\/2022\/05\/logo-resize.png","contentUrl":"https:\/\/gxp-training.com\/wp-content\/uploads\/2022\/05\/logo-resize.png","width":350,"height":100,"caption":"GXP Training"},"image":{"@id":"https:\/\/gxp-training.com\/fr\/#\/schema\/logo\/image\/"}}]}},"_links":{"self":[{"href":"https:\/\/gxp-training.com\/fr\/wp-json\/wp\/v2\/product\/57160","targetHints":{"allow":["GET"]}}],"collection":[{"href":"https:\/\/gxp-training.com\/fr\/wp-json\/wp\/v2\/product"}],"about":[{"href":"https:\/\/gxp-training.com\/fr\/wp-json\/wp\/v2\/types\/product"}],"wp:featuredmedia":[{"embeddable":true,"href":"https:\/\/gxp-training.com\/fr\/wp-json\/wp\/v2\/media\/42859"}],"wp:attachment":[{"href":"https:\/\/gxp-training.com\/fr\/wp-json\/wp\/v2\/media?parent=57160"}],"wp:term":[{"taxonomy":"product_brand","embeddable":true,"href":"https:\/\/gxp-training.com\/fr\/wp-json\/wp\/v2\/product_brand?post=57160"},{"taxonomy":"product_cat","embeddable":true,"href":"https:\/\/gxp-training.com\/fr\/wp-json\/wp\/v2\/product_cat?post=57160"},{"taxonomy":"product_tag","embeddable":true,"href":"https:\/\/gxp-training.com\/fr\/wp-json\/wp\/v2\/product_tag?post=57160"}],"curies":[{"name":"wp","href":"https:\/\/api.w.org\/{rel}","templated":true}]}}