{"id":57158,"date":"2022-05-27T12:09:15","date_gmt":"2022-05-27T10:09:15","guid":{"rendered":"https:\/\/gxp-training.com\/online-course\/maitrise-statistique-des-procedes\/"},"modified":"2022-05-27T12:09:15","modified_gmt":"2022-05-27T10:09:15","slug":"maitrise-statistique-des-procedes","status":"publish","type":"product","link":"https:\/\/gxp-training.com\/fr\/online-course\/maitrise-statistique-des-procedes\/","title":{"rendered":"Ma\u00eetrise Statistique des Proc\u00e9d\u00e9s"},"content":{"rendered":"<p>Outre l&rsquo;efficacit\u00e9 et la s\u00e9curit\u00e9 des produits et dispositifs pharmaceutiques, un objectif majeur du processus de fabrication est l&rsquo;uniformit\u00e9 des produits. Les entreprises pharmaceutiques utilisent donc la ma\u00eetrise statistique des proc\u00e9d\u00e9s (MSP) pour garantir la stabilit\u00e9, la variabilit\u00e9 et la capabilit\u00e9 du processus de fabrication. Cette formation vous initie aux bases de l&rsquo;\u00e9talonnage des proc\u00e9d\u00e9s et de la d\u00e9termination des normes d&rsquo;\u00e9valuation de la reproductibilit\u00e9 des produits de votre processus de fabrication. Elle comprend des le\u00e7ons sur les cartes de contr\u00f4le, les mesures de tendance centrale, les mesures de variabilit\u00e9 et d&rsquo;autres outils statistiques.   <\/p>\n<p>&nbsp;<\/p>\n<p>Dans cette formation, nous proposons une synth\u00e8se du sujet \u00e0 travers une exp\u00e9rience interactive en ligne. Ce contenu a \u00e9t\u00e9 \u00e9labor\u00e9 par une \u00e9quipe d&rsquo;experts en Affaires R\u00e9glementaires qualifi\u00e9s de la Northeastern University, Boston, dirig\u00e9e par un membre senior capable d&rsquo;articuler th\u00e9orie et pratique. <\/p>\n<p>&nbsp;<\/p>\n<h3>Programme<\/h3>\n<p>&nbsp;<\/p>\n<p><strong>Introduction<\/strong><\/p>\n<p>&nbsp;<\/p>\n<ul>\n<li>Qu&rsquo;est-ce qu&rsquo;un proc\u00e9d\u00e9 ?<\/li>\n<li>Pourquoi est-il n\u00e9cessaire d&rsquo;avoir une ma\u00eetrise statistique des proc\u00e9d\u00e9s ?<\/li>\n<li>Importance de la compr\u00e9hension et du contr\u00f4le des proc\u00e9d\u00e9s<\/li>\n<li>Existe-t-il des lignes directrices pour la ma\u00eetrise statistique des proc\u00e9d\u00e9s ?<\/li>\n<li>L&rsquo;objectif de la ma\u00eetrise statistique des proc\u00e9d\u00e9s<\/li>\n<li>Qu&rsquo;est-ce qu&rsquo;une variation ?<\/li>\n<li>Quelles sont les sources de variations ?<\/li>\n<li>Que sont les cartes de contr\u00f4le ?<\/li>\n<\/ul>\n<p>&nbsp;<\/p>\n<p><strong>Le\u00e7on 1 : Base statistique de la carte de contr\u00f4le<\/strong><\/p>\n<p>&nbsp;<\/p>\n<ul>\n<li>La moyenne<\/li>\n<li>L&rsquo;\u00e9tendue et l&rsquo;\u00e9cart-type<\/li>\n<li>Distribution des donn\u00e9es<\/li>\n<li>Qu&rsquo;est-ce que la m\u00e9diane<\/li>\n<\/ul>\n<p>&nbsp;<\/p>\n<p><strong>Le\u00e7on 2 : Cartes de contr\u00f4le<\/strong><\/p>\n<p>&nbsp;<\/p>\n<ul>\n<li>Principes de base<\/li>\n<li>Comment tracer des cartes de contr\u00f4le<\/li>\n<li>Types de cartes de contr\u00f4le<\/li>\n<\/ul>\n<p>&nbsp;<\/p>\n<p><strong>Le\u00e7on 3 : Les cartes x-barre<\/strong><\/p>\n<p>&nbsp;<\/p>\n<ul>\n<li>Estimation de la tendance centrale du proc\u00e9d\u00e9<\/li>\n<li>Que faire si certaines observations ne se situent pas dans les limites de contr\u00f4le ?<\/li>\n<li>Cartes x-barre estimant la variabilit\u00e9 du proc\u00e9d\u00e9<\/li>\n<\/ul>\n<p>&nbsp;<\/p>\n<p><strong>Le\u00e7on 4 : Les cartes d&rsquo;\u00e9tendue (R)<\/strong><\/p>\n<p>&nbsp;<\/p>\n<p><strong>Le\u00e7on 5 : Les cartes p<\/strong><\/p>\n<p>&nbsp;<\/p>\n<p><strong>Le\u00e7on 6 : Les cartes c<\/strong><\/p>\n<p>&nbsp;<\/p>\n<p><strong>Conclusion<\/strong><\/p>\n<p>&nbsp;<\/p>\n<p><strong>Glossaire<\/strong><\/p>\n<p>&nbsp;<\/p>\n<p><strong>Quiz<\/strong><\/p>\n","protected":false},"excerpt":{"rendered":"<p>Outre l&rsquo;efficacit\u00e9 et la s\u00e9curit\u00e9 des produits et dispositifs pharmaceutiques, un objectif majeur du processus de fabrication est l&rsquo;uniformit\u00e9 des produits. Les entreprises pharmaceutiques utilisent donc la ma\u00eetrise statistique des proc\u00e9d\u00e9s (MSP) pour garantir la stabilit\u00e9, la variabilit\u00e9 et la capabilit\u00e9 du processus de fabrication. Cette formation vous initie aux bases de l&rsquo;\u00e9talonnage des proc\u00e9d\u00e9s [&hellip;]<\/p>\n","protected":false},"featured_media":42784,"template":"","meta":{"_acf_changed":false,"content-type":""},"product_brand":[],"product_cat":[257],"product_tag":[],"class_list":{"0":"post-57158","1":"product","2":"type-product","3":"status-publish","4":"has-post-thumbnail","6":"product_cat-assurance-qualite","8":"first","9":"instock","10":"taxable","11":"shipping-taxable","12":"purchasable","13":"product-type-simple"},"bundled_by":[],"bundle_stock_status":"instock","bundle_stock_quantity":null,"bundle_virtual":false,"bundle_layout":"","bundle_add_to_cart_form_location":"","bundle_editable_in_cart":false,"bundle_sold_individually_context":"","bundle_item_grouping":"","bundle_min_size":"","bundle_max_size":"","bundle_price":[],"bundled_items":[],"bundle_sell_ids":[],"acf":[],"yoast_head":"<!-- This site is optimized with the Yoast SEO plugin v27.5 - https:\/\/yoast.com\/product\/yoast-seo-wordpress\/ -->\n<title>Ma\u00eetrise Statistique des Proc\u00e9d\u00e9s - GxP Training : Certified Online Courses for Life Sciences<\/title>\n<meta name=\"description\" content=\"Obtenez votre certification en Ma\u00eetrise Statistique des Proc\u00e9d\u00e9s. Commencez votre formation en Assurance Qualit\u00e9 d\u00e8s maintenant. Formation accr\u00e9dit\u00e9e pour les sciences de la vie par les meilleurs experts.\" \/>\n<meta name=\"robots\" content=\"index, follow, max-snippet:-1, max-image-preview:large, max-video-preview:-1\" \/>\n<link rel=\"canonical\" href=\"https:\/\/gxp-training.com\/fr\/online-course\/maitrise-statistique-des-procedes\/\" \/>\n<meta property=\"og:locale\" content=\"fr_FR\" \/>\n<meta property=\"og:type\" content=\"article\" \/>\n<meta property=\"og:title\" content=\"Ma\u00eetrise Statistique des Proc\u00e9d\u00e9s - GxP Training : Certified Online Courses for Life Sciences\" \/>\n<meta property=\"og:description\" content=\"Obtenez votre certification en Ma\u00eetrise Statistique des Proc\u00e9d\u00e9s. Commencez votre formation en Assurance Qualit\u00e9 d\u00e8s maintenant. Formation accr\u00e9dit\u00e9e pour les sciences de la vie par les meilleurs experts.\" \/>\n<meta property=\"og:url\" content=\"https:\/\/gxp-training.com\/fr\/online-course\/maitrise-statistique-des-procedes\/\" \/>\n<meta property=\"og:site_name\" content=\"GxP Training : Certified Online Courses for Life Sciences\" \/>\n<meta property=\"og:image\" content=\"https:\/\/gxp-training.com\/wp-content\/uploads\/2022\/05\/data-analysis.jpeg\" \/>\n\t<meta property=\"og:image:width\" content=\"1134\" \/>\n\t<meta property=\"og:image:height\" content=\"675\" \/>\n\t<meta property=\"og:image:type\" content=\"image\/jpeg\" \/>\n<meta name=\"twitter:card\" content=\"summary_large_image\" \/>\n<meta name=\"twitter:label1\" content=\"Dur\u00e9e de lecture estim\u00e9e\" \/>\n\t<meta name=\"twitter:data1\" content=\"2 minutes\" \/>\n<script type=\"application\/ld+json\" class=\"yoast-schema-graph\">{\"@context\":\"https:\\\/\\\/schema.org\",\"@graph\":[{\"@type\":\"WebPage\",\"@id\":\"https:\\\/\\\/gxp-training.com\\\/fr\\\/online-course\\\/maitrise-statistique-des-procedes\\\/\",\"url\":\"https:\\\/\\\/gxp-training.com\\\/fr\\\/online-course\\\/maitrise-statistique-des-procedes\\\/\",\"name\":\"Ma\u00eetrise Statistique des Proc\u00e9d\u00e9s - GxP Training : Certified Online Courses for Life Sciences\",\"isPartOf\":{\"@id\":\"https:\\\/\\\/gxp-training.com\\\/fr\\\/#website\"},\"primaryImageOfPage\":{\"@id\":\"https:\\\/\\\/gxp-training.com\\\/fr\\\/online-course\\\/maitrise-statistique-des-procedes\\\/#primaryimage\"},\"image\":{\"@id\":\"https:\\\/\\\/gxp-training.com\\\/fr\\\/online-course\\\/maitrise-statistique-des-procedes\\\/#primaryimage\"},\"thumbnailUrl\":\"https:\\\/\\\/gxp-training.com\\\/wp-content\\\/uploads\\\/2022\\\/05\\\/data-analysis.jpeg\",\"datePublished\":\"2022-05-27T10:09:15+00:00\",\"description\":\"Obtenez votre certification en Ma\u00eetrise Statistique des Proc\u00e9d\u00e9s. Commencez votre formation en Assurance Qualit\u00e9 d\u00e8s maintenant. Formation accr\u00e9dit\u00e9e pour les sciences de la vie par les meilleurs experts.\",\"breadcrumb\":{\"@id\":\"https:\\\/\\\/gxp-training.com\\\/fr\\\/online-course\\\/maitrise-statistique-des-procedes\\\/#breadcrumb\"},\"inLanguage\":\"fr-FR\",\"potentialAction\":[{\"@type\":\"ReadAction\",\"target\":[\"https:\\\/\\\/gxp-training.com\\\/fr\\\/online-course\\\/maitrise-statistique-des-procedes\\\/\"]}]},{\"@type\":\"ImageObject\",\"inLanguage\":\"fr-FR\",\"@id\":\"https:\\\/\\\/gxp-training.com\\\/fr\\\/online-course\\\/maitrise-statistique-des-procedes\\\/#primaryimage\",\"url\":\"https:\\\/\\\/gxp-training.com\\\/wp-content\\\/uploads\\\/2022\\\/05\\\/data-analysis.jpeg\",\"contentUrl\":\"https:\\\/\\\/gxp-training.com\\\/wp-content\\\/uploads\\\/2022\\\/05\\\/data-analysis.jpeg\",\"width\":1134,\"height\":675},{\"@type\":\"BreadcrumbList\",\"@id\":\"https:\\\/\\\/gxp-training.com\\\/fr\\\/online-course\\\/maitrise-statistique-des-procedes\\\/#breadcrumb\",\"itemListElement\":[{\"@type\":\"ListItem\",\"position\":1,\"name\":\"Accueil\",\"item\":\"https:\\\/\\\/gxp-training.com\\\/fr\\\/page-daccueil\\\/\"},{\"@type\":\"ListItem\",\"position\":2,\"name\":\"Produits\",\"item\":\"https:\\\/\\\/gxp-training.com\\\/fr\\\/shop\\\/\"},{\"@type\":\"ListItem\",\"position\":3,\"name\":\"Ma\u00eetrise Statistique des Proc\u00e9d\u00e9s\"}]},{\"@type\":\"WebSite\",\"@id\":\"https:\\\/\\\/gxp-training.com\\\/fr\\\/#website\",\"url\":\"https:\\\/\\\/gxp-training.com\\\/fr\\\/\",\"name\":\"GxP Training : Certified Online Courses for Life Sciences\",\"description\":\"Online Trainings and Certified Courses in Regulatory Compliance for Pharmaceutical Experts\",\"publisher\":{\"@id\":\"https:\\\/\\\/gxp-training.com\\\/fr\\\/#organization\"},\"potentialAction\":[{\"@type\":\"SearchAction\",\"target\":{\"@type\":\"EntryPoint\",\"urlTemplate\":\"https:\\\/\\\/gxp-training.com\\\/fr\\\/?s={search_term_string}\"},\"query-input\":{\"@type\":\"PropertyValueSpecification\",\"valueRequired\":true,\"valueName\":\"search_term_string\"}}],\"inLanguage\":\"fr-FR\"},{\"@type\":\"Organization\",\"@id\":\"https:\\\/\\\/gxp-training.com\\\/fr\\\/#organization\",\"name\":\"GXP Training\",\"url\":\"https:\\\/\\\/gxp-training.com\\\/fr\\\/\",\"logo\":{\"@type\":\"ImageObject\",\"inLanguage\":\"fr-FR\",\"@id\":\"https:\\\/\\\/gxp-training.com\\\/fr\\\/#\\\/schema\\\/logo\\\/image\\\/\",\"url\":\"https:\\\/\\\/gxp-training.com\\\/wp-content\\\/uploads\\\/2022\\\/05\\\/logo-resize.png\",\"contentUrl\":\"https:\\\/\\\/gxp-training.com\\\/wp-content\\\/uploads\\\/2022\\\/05\\\/logo-resize.png\",\"width\":350,\"height\":100,\"caption\":\"GXP Training\"},\"image\":{\"@id\":\"https:\\\/\\\/gxp-training.com\\\/fr\\\/#\\\/schema\\\/logo\\\/image\\\/\"}}]}<\/script>\n<!-- \/ Yoast SEO plugin. -->","yoast_head_json":{"title":"Ma\u00eetrise Statistique des Proc\u00e9d\u00e9s - GxP Training : Certified Online Courses for Life Sciences","description":"Obtenez votre certification en Ma\u00eetrise Statistique des Proc\u00e9d\u00e9s. Commencez votre formation en Assurance Qualit\u00e9 d\u00e8s maintenant. Formation accr\u00e9dit\u00e9e pour les sciences de la vie par les meilleurs experts.","robots":{"index":"index","follow":"follow","max-snippet":"max-snippet:-1","max-image-preview":"max-image-preview:large","max-video-preview":"max-video-preview:-1"},"canonical":"https:\/\/gxp-training.com\/fr\/online-course\/maitrise-statistique-des-procedes\/","og_locale":"fr_FR","og_type":"article","og_title":"Ma\u00eetrise Statistique des Proc\u00e9d\u00e9s - GxP Training : Certified Online Courses for Life Sciences","og_description":"Obtenez votre certification en Ma\u00eetrise Statistique des Proc\u00e9d\u00e9s. Commencez votre formation en Assurance Qualit\u00e9 d\u00e8s maintenant. Formation accr\u00e9dit\u00e9e pour les sciences de la vie par les meilleurs experts.","og_url":"https:\/\/gxp-training.com\/fr\/online-course\/maitrise-statistique-des-procedes\/","og_site_name":"GxP Training : Certified Online Courses for Life Sciences","og_image":[{"width":1134,"height":675,"url":"https:\/\/gxp-training.com\/wp-content\/uploads\/2022\/05\/data-analysis.jpeg","type":"image\/jpeg"}],"twitter_card":"summary_large_image","twitter_misc":{"Dur\u00e9e de lecture estim\u00e9e":"2 minutes"},"schema":{"@context":"https:\/\/schema.org","@graph":[{"@type":"WebPage","@id":"https:\/\/gxp-training.com\/fr\/online-course\/maitrise-statistique-des-procedes\/","url":"https:\/\/gxp-training.com\/fr\/online-course\/maitrise-statistique-des-procedes\/","name":"Ma\u00eetrise Statistique des Proc\u00e9d\u00e9s - GxP Training : Certified Online Courses for Life Sciences","isPartOf":{"@id":"https:\/\/gxp-training.com\/fr\/#website"},"primaryImageOfPage":{"@id":"https:\/\/gxp-training.com\/fr\/online-course\/maitrise-statistique-des-procedes\/#primaryimage"},"image":{"@id":"https:\/\/gxp-training.com\/fr\/online-course\/maitrise-statistique-des-procedes\/#primaryimage"},"thumbnailUrl":"https:\/\/gxp-training.com\/wp-content\/uploads\/2022\/05\/data-analysis.jpeg","datePublished":"2022-05-27T10:09:15+00:00","description":"Obtenez votre certification en Ma\u00eetrise Statistique des Proc\u00e9d\u00e9s. Commencez votre formation en Assurance Qualit\u00e9 d\u00e8s maintenant. Formation accr\u00e9dit\u00e9e pour les sciences de la vie par les meilleurs experts.","breadcrumb":{"@id":"https:\/\/gxp-training.com\/fr\/online-course\/maitrise-statistique-des-procedes\/#breadcrumb"},"inLanguage":"fr-FR","potentialAction":[{"@type":"ReadAction","target":["https:\/\/gxp-training.com\/fr\/online-course\/maitrise-statistique-des-procedes\/"]}]},{"@type":"ImageObject","inLanguage":"fr-FR","@id":"https:\/\/gxp-training.com\/fr\/online-course\/maitrise-statistique-des-procedes\/#primaryimage","url":"https:\/\/gxp-training.com\/wp-content\/uploads\/2022\/05\/data-analysis.jpeg","contentUrl":"https:\/\/gxp-training.com\/wp-content\/uploads\/2022\/05\/data-analysis.jpeg","width":1134,"height":675},{"@type":"BreadcrumbList","@id":"https:\/\/gxp-training.com\/fr\/online-course\/maitrise-statistique-des-procedes\/#breadcrumb","itemListElement":[{"@type":"ListItem","position":1,"name":"Accueil","item":"https:\/\/gxp-training.com\/fr\/page-daccueil\/"},{"@type":"ListItem","position":2,"name":"Produits","item":"https:\/\/gxp-training.com\/fr\/shop\/"},{"@type":"ListItem","position":3,"name":"Ma\u00eetrise Statistique des Proc\u00e9d\u00e9s"}]},{"@type":"WebSite","@id":"https:\/\/gxp-training.com\/fr\/#website","url":"https:\/\/gxp-training.com\/fr\/","name":"GxP Training : Certified Online Courses for Life Sciences","description":"Online Trainings and Certified Courses in Regulatory Compliance for Pharmaceutical Experts","publisher":{"@id":"https:\/\/gxp-training.com\/fr\/#organization"},"potentialAction":[{"@type":"SearchAction","target":{"@type":"EntryPoint","urlTemplate":"https:\/\/gxp-training.com\/fr\/?s={search_term_string}"},"query-input":{"@type":"PropertyValueSpecification","valueRequired":true,"valueName":"search_term_string"}}],"inLanguage":"fr-FR"},{"@type":"Organization","@id":"https:\/\/gxp-training.com\/fr\/#organization","name":"GXP Training","url":"https:\/\/gxp-training.com\/fr\/","logo":{"@type":"ImageObject","inLanguage":"fr-FR","@id":"https:\/\/gxp-training.com\/fr\/#\/schema\/logo\/image\/","url":"https:\/\/gxp-training.com\/wp-content\/uploads\/2022\/05\/logo-resize.png","contentUrl":"https:\/\/gxp-training.com\/wp-content\/uploads\/2022\/05\/logo-resize.png","width":350,"height":100,"caption":"GXP Training"},"image":{"@id":"https:\/\/gxp-training.com\/fr\/#\/schema\/logo\/image\/"}}]}},"_links":{"self":[{"href":"https:\/\/gxp-training.com\/fr\/wp-json\/wp\/v2\/product\/57158","targetHints":{"allow":["GET"]}}],"collection":[{"href":"https:\/\/gxp-training.com\/fr\/wp-json\/wp\/v2\/product"}],"about":[{"href":"https:\/\/gxp-training.com\/fr\/wp-json\/wp\/v2\/types\/product"}],"wp:featuredmedia":[{"embeddable":true,"href":"https:\/\/gxp-training.com\/fr\/wp-json\/wp\/v2\/media\/42784"}],"wp:attachment":[{"href":"https:\/\/gxp-training.com\/fr\/wp-json\/wp\/v2\/media?parent=57158"}],"wp:term":[{"taxonomy":"product_brand","embeddable":true,"href":"https:\/\/gxp-training.com\/fr\/wp-json\/wp\/v2\/product_brand?post=57158"},{"taxonomy":"product_cat","embeddable":true,"href":"https:\/\/gxp-training.com\/fr\/wp-json\/wp\/v2\/product_cat?post=57158"},{"taxonomy":"product_tag","embeddable":true,"href":"https:\/\/gxp-training.com\/fr\/wp-json\/wp\/v2\/product_tag?post=57158"}],"curies":[{"name":"wp","href":"https:\/\/api.w.org\/{rel}","templated":true}]}}