{"id":57143,"date":"2022-10-25T14:16:20","date_gmt":"2022-10-25T12:16:20","guid":{"rendered":"https:\/\/gxp-training.com\/online-course\/management-de-la-qualite-pour-les-dispositifs-medicaux-iso-134852016\/"},"modified":"2022-10-25T14:16:20","modified_gmt":"2022-10-25T12:16:20","slug":"management-de-la-qualite-pour-les-dispositifs-medicaux-iso-134852016","status":"publish","type":"product","link":"https:\/\/gxp-training.com\/fr\/online-course\/management-de-la-qualite-pour-les-dispositifs-medicaux-iso-134852016\/","title":{"rendered":"Management de la qualit\u00e9 pour les dispositifs m\u00e9dicaux &#8211; ISO 13485:2016"},"content":{"rendered":"<p><strong>ISO 13485, Dispositifs m\u00e9dicaux \u2013 Syst\u00e8mes de management de la qualit\u00e9 \u2013 Exigences \u00e0 des fins r\u00e9glementaires<\/strong><\/p>\n<p>Il s&rsquo;agit d&rsquo;une norme internationale qui d\u00e9finit les exigences relatives \u00e0 un syst\u00e8me de management de la qualit\u00e9 sp\u00e9cifique \u00e0 l&rsquo;industrie des dispositifs m\u00e9dicaux.<\/p>\n<p>Elle est con\u00e7ue pour \u00eatre utilis\u00e9e par les organismes tout au long du cycle de vie d&rsquo;un dispositif m\u00e9dical, de la conception initiale \u00e0 la production et \u00e0 la post-production, y compris la mise hors service et l&rsquo;\u00e9limination finales.<\/p>\n<p>Cette formation en ligne couvre \u00e9galement des aspects tels que le stockage, la distribution, l&rsquo;installation et la maintenance, ainsi que la fourniture de services associ\u00e9s<\/p>\n<p>&nbsp;<\/p>\n<h3>Programme :<\/h3>\n<p>&nbsp;<\/p>\n<p><strong>Le\u00e7on 1 : Qu&rsquo;est-ce qu&rsquo;un dispositif m\u00e9dical ?<\/strong><\/p>\n<p>&nbsp;<\/p>\n<p><strong>Le\u00e7on 2 : Qu&rsquo;est-ce qu&rsquo;un syst\u00e8me de management de la qualit\u00e9 ?<\/strong><\/p>\n<p>&nbsp;<\/p>\n<p><strong>Le\u00e7on 3 : Quels b\u00e9n\u00e9fices apportera-t-il \u00e0 mon organisme ?<\/strong><\/p>\n<p>&nbsp;<\/p>\n<p><strong>Le\u00e7on 4 : Pourquoi l&rsquo;ISO 13485 a-t-elle \u00e9t\u00e9 r\u00e9vis\u00e9e ?<\/strong><\/p>\n<p>&nbsp;<\/p>\n<p><strong>Le\u00e7on 5 : Quelles sont les principales am\u00e9liorations ?<\/strong><\/p>\n<p>&nbsp;<\/p>\n<p><strong>Le\u00e7on 6 : Je suis certifi\u00e9 ISO 13485:2003. Qu&rsquo;est-ce que cela signifie pour moi ? <\/strong><\/p>\n<p>&nbsp;<\/p>\n<p><strong>Le\u00e7on 7 : Relation avec l&rsquo;ISO 9001<\/strong><\/p>\n<p>&nbsp;<\/p>\n<p><strong>Glossaire<\/strong><\/p>\n<p>&nbsp;<\/p>\n<p><strong>\u00c9valuation<\/strong><\/p>\n","protected":false},"excerpt":{"rendered":"<p>ISO 13485, Dispositifs m\u00e9dicaux \u2013 Syst\u00e8mes de management de la qualit\u00e9 \u2013 Exigences \u00e0 des fins r\u00e9glementaires Il s&rsquo;agit d&rsquo;une norme internationale qui d\u00e9finit les exigences relatives \u00e0 un syst\u00e8me de management de la qualit\u00e9 sp\u00e9cifique \u00e0 l&rsquo;industrie des dispositifs m\u00e9dicaux. Elle est con\u00e7ue pour \u00eatre utilis\u00e9e par les organismes tout au long du cycle [&hellip;]<\/p>\n","protected":false},"featured_media":45239,"template":"","meta":{"_acf_changed":false,"content-type":""},"product_brand":[],"product_cat":[257,254,256],"product_tag":[],"class_list":{"0":"post-57143","1":"product","2":"type-product","3":"status-publish","4":"has-post-thumbnail","6":"product_cat-assurance-qualite","7":"product_cat-bpf-bonnes-pratiques-de-fabrication","8":"product_cat-dispositifs-medicaux","10":"first","11":"instock","12":"taxable","13":"shipping-taxable","14":"purchasable","15":"product-type-subscription"},"bundled_by":[],"bundle_stock_status":"instock","bundle_stock_quantity":null,"bundle_virtual":false,"bundle_layout":"","bundle_add_to_cart_form_location":"","bundle_editable_in_cart":false,"bundle_sold_individually_context":"","bundle_item_grouping":"","bundle_min_size":"","bundle_max_size":"","bundle_price":[],"bundled_items":[],"bundle_sell_ids":[],"acf":[],"yoast_head":"<!-- This site is optimized with the Yoast SEO plugin v27.5 - https:\/\/yoast.com\/product\/yoast-seo-wordpress\/ -->\n<title>Management de la qualit\u00e9 pour les dispositifs m\u00e9dicaux : certification en ligne<\/title>\n<meta name=\"description\" content=\"D\u00e9couvrez la r\u00e9glementation de la qualit\u00e9 pour les dispositifs m\u00e9dicaux, de la conception \u00e0 l&#039;\u00e9limination. Commencez votre parcours vers une certification en management de la qualit\u00e9 d\u00e8s aujourd&#039;hui !\" \/>\n<meta name=\"robots\" content=\"index, follow, max-snippet:-1, max-image-preview:large, max-video-preview:-1\" \/>\n<link rel=\"canonical\" href=\"https:\/\/gxp-training.com\/fr\/online-course\/management-de-la-qualite-pour-les-dispositifs-medicaux-iso-134852016\/\" \/>\n<meta property=\"og:locale\" content=\"fr_FR\" \/>\n<meta property=\"og:type\" content=\"article\" \/>\n<meta property=\"og:title\" content=\"Management de la qualit\u00e9 pour les dispositifs m\u00e9dicaux : certification en ligne\" \/>\n<meta property=\"og:description\" content=\"D\u00e9couvrez la r\u00e9glementation de la qualit\u00e9 pour les dispositifs m\u00e9dicaux, de la conception \u00e0 l&#039;\u00e9limination. Commencez votre parcours vers une certification en management de la qualit\u00e9 d\u00e8s aujourd&#039;hui !\" \/>\n<meta property=\"og:url\" content=\"https:\/\/gxp-training.com\/fr\/online-course\/management-de-la-qualite-pour-les-dispositifs-medicaux-iso-134852016\/\" \/>\n<meta property=\"og:site_name\" content=\"GxP Training : Certified Online Courses for Life Sciences\" \/>\n<meta property=\"og:image\" content=\"https:\/\/gxp-training.com\/wp-content\/uploads\/2022\/10\/Quality-Management-ISO13485-.png\" \/>\n\t<meta property=\"og:image:width\" content=\"900\" \/>\n\t<meta property=\"og:image:height\" content=\"627\" \/>\n\t<meta property=\"og:image:type\" content=\"image\/png\" \/>\n<meta name=\"twitter:card\" content=\"summary_large_image\" \/>\n<meta name=\"twitter:label1\" content=\"Dur\u00e9e de lecture estim\u00e9e\" \/>\n\t<meta name=\"twitter:data1\" content=\"1 minute\" \/>\n<script type=\"application\/ld+json\" class=\"yoast-schema-graph\">{\"@context\":\"https:\\\/\\\/schema.org\",\"@graph\":[{\"@type\":\"WebPage\",\"@id\":\"https:\\\/\\\/gxp-training.com\\\/fr\\\/online-course\\\/management-de-la-qualite-pour-les-dispositifs-medicaux-iso-134852016\\\/\",\"url\":\"https:\\\/\\\/gxp-training.com\\\/fr\\\/online-course\\\/management-de-la-qualite-pour-les-dispositifs-medicaux-iso-134852016\\\/\",\"name\":\"Management de la qualit\u00e9 pour les dispositifs m\u00e9dicaux : certification en ligne\",\"isPartOf\":{\"@id\":\"https:\\\/\\\/gxp-training.com\\\/fr\\\/#website\"},\"primaryImageOfPage\":{\"@id\":\"https:\\\/\\\/gxp-training.com\\\/fr\\\/online-course\\\/management-de-la-qualite-pour-les-dispositifs-medicaux-iso-134852016\\\/#primaryimage\"},\"image\":{\"@id\":\"https:\\\/\\\/gxp-training.com\\\/fr\\\/online-course\\\/management-de-la-qualite-pour-les-dispositifs-medicaux-iso-134852016\\\/#primaryimage\"},\"thumbnailUrl\":\"https:\\\/\\\/gxp-training.com\\\/wp-content\\\/uploads\\\/2022\\\/10\\\/Quality-Management-ISO13485-.png\",\"datePublished\":\"2022-10-25T12:16:20+00:00\",\"description\":\"D\u00e9couvrez la r\u00e9glementation de la qualit\u00e9 pour les dispositifs m\u00e9dicaux, de la conception \u00e0 l'\u00e9limination. Commencez votre parcours vers une certification en management de la qualit\u00e9 d\u00e8s aujourd'hui !\",\"breadcrumb\":{\"@id\":\"https:\\\/\\\/gxp-training.com\\\/fr\\\/online-course\\\/management-de-la-qualite-pour-les-dispositifs-medicaux-iso-134852016\\\/#breadcrumb\"},\"inLanguage\":\"fr-FR\",\"potentialAction\":[{\"@type\":\"ReadAction\",\"target\":[\"https:\\\/\\\/gxp-training.com\\\/fr\\\/online-course\\\/management-de-la-qualite-pour-les-dispositifs-medicaux-iso-134852016\\\/\"]}]},{\"@type\":\"ImageObject\",\"inLanguage\":\"fr-FR\",\"@id\":\"https:\\\/\\\/gxp-training.com\\\/fr\\\/online-course\\\/management-de-la-qualite-pour-les-dispositifs-medicaux-iso-134852016\\\/#primaryimage\",\"url\":\"https:\\\/\\\/gxp-training.com\\\/wp-content\\\/uploads\\\/2022\\\/10\\\/Quality-Management-ISO13485-.png\",\"contentUrl\":\"https:\\\/\\\/gxp-training.com\\\/wp-content\\\/uploads\\\/2022\\\/10\\\/Quality-Management-ISO13485-.png\",\"width\":900,\"height\":627},{\"@type\":\"BreadcrumbList\",\"@id\":\"https:\\\/\\\/gxp-training.com\\\/fr\\\/online-course\\\/management-de-la-qualite-pour-les-dispositifs-medicaux-iso-134852016\\\/#breadcrumb\",\"itemListElement\":[{\"@type\":\"ListItem\",\"position\":1,\"name\":\"Accueil\",\"item\":\"https:\\\/\\\/gxp-training.com\\\/fr\\\/page-daccueil\\\/\"},{\"@type\":\"ListItem\",\"position\":2,\"name\":\"Produits\",\"item\":\"https:\\\/\\\/gxp-training.com\\\/fr\\\/shop\\\/\"},{\"@type\":\"ListItem\",\"position\":3,\"name\":\"Management de la qualit\u00e9 pour les dispositifs m\u00e9dicaux &#8211; ISO 13485:2016\"}]},{\"@type\":\"WebSite\",\"@id\":\"https:\\\/\\\/gxp-training.com\\\/fr\\\/#website\",\"url\":\"https:\\\/\\\/gxp-training.com\\\/fr\\\/\",\"name\":\"GxP Training : Certified Online Courses for Life Sciences\",\"description\":\"Online Trainings and Certified Courses in Regulatory Compliance for Pharmaceutical Experts\",\"publisher\":{\"@id\":\"https:\\\/\\\/gxp-training.com\\\/fr\\\/#organization\"},\"potentialAction\":[{\"@type\":\"SearchAction\",\"target\":{\"@type\":\"EntryPoint\",\"urlTemplate\":\"https:\\\/\\\/gxp-training.com\\\/fr\\\/?s={search_term_string}\"},\"query-input\":{\"@type\":\"PropertyValueSpecification\",\"valueRequired\":true,\"valueName\":\"search_term_string\"}}],\"inLanguage\":\"fr-FR\"},{\"@type\":\"Organization\",\"@id\":\"https:\\\/\\\/gxp-training.com\\\/fr\\\/#organization\",\"name\":\"GXP Training\",\"url\":\"https:\\\/\\\/gxp-training.com\\\/fr\\\/\",\"logo\":{\"@type\":\"ImageObject\",\"inLanguage\":\"fr-FR\",\"@id\":\"https:\\\/\\\/gxp-training.com\\\/fr\\\/#\\\/schema\\\/logo\\\/image\\\/\",\"url\":\"https:\\\/\\\/gxp-training.com\\\/wp-content\\\/uploads\\\/2022\\\/05\\\/logo-resize.png\",\"contentUrl\":\"https:\\\/\\\/gxp-training.com\\\/wp-content\\\/uploads\\\/2022\\\/05\\\/logo-resize.png\",\"width\":350,\"height\":100,\"caption\":\"GXP Training\"},\"image\":{\"@id\":\"https:\\\/\\\/gxp-training.com\\\/fr\\\/#\\\/schema\\\/logo\\\/image\\\/\"}}]}<\/script>\n<!-- \/ Yoast SEO plugin. -->","yoast_head_json":{"title":"Management de la qualit\u00e9 pour les dispositifs m\u00e9dicaux : certification en ligne","description":"D\u00e9couvrez la r\u00e9glementation de la qualit\u00e9 pour les dispositifs m\u00e9dicaux, de la conception \u00e0 l'\u00e9limination. Commencez votre parcours vers une certification en management de la qualit\u00e9 d\u00e8s aujourd'hui !","robots":{"index":"index","follow":"follow","max-snippet":"max-snippet:-1","max-image-preview":"max-image-preview:large","max-video-preview":"max-video-preview:-1"},"canonical":"https:\/\/gxp-training.com\/fr\/online-course\/management-de-la-qualite-pour-les-dispositifs-medicaux-iso-134852016\/","og_locale":"fr_FR","og_type":"article","og_title":"Management de la qualit\u00e9 pour les dispositifs m\u00e9dicaux : certification en ligne","og_description":"D\u00e9couvrez la r\u00e9glementation de la qualit\u00e9 pour les dispositifs m\u00e9dicaux, de la conception \u00e0 l'\u00e9limination. Commencez votre parcours vers une certification en management de la qualit\u00e9 d\u00e8s aujourd'hui !","og_url":"https:\/\/gxp-training.com\/fr\/online-course\/management-de-la-qualite-pour-les-dispositifs-medicaux-iso-134852016\/","og_site_name":"GxP Training : Certified Online Courses for Life Sciences","og_image":[{"width":900,"height":627,"url":"https:\/\/gxp-training.com\/wp-content\/uploads\/2022\/10\/Quality-Management-ISO13485-.png","type":"image\/png"}],"twitter_card":"summary_large_image","twitter_misc":{"Dur\u00e9e de lecture estim\u00e9e":"1 minute"},"schema":{"@context":"https:\/\/schema.org","@graph":[{"@type":"WebPage","@id":"https:\/\/gxp-training.com\/fr\/online-course\/management-de-la-qualite-pour-les-dispositifs-medicaux-iso-134852016\/","url":"https:\/\/gxp-training.com\/fr\/online-course\/management-de-la-qualite-pour-les-dispositifs-medicaux-iso-134852016\/","name":"Management de la qualit\u00e9 pour les dispositifs m\u00e9dicaux : certification en ligne","isPartOf":{"@id":"https:\/\/gxp-training.com\/fr\/#website"},"primaryImageOfPage":{"@id":"https:\/\/gxp-training.com\/fr\/online-course\/management-de-la-qualite-pour-les-dispositifs-medicaux-iso-134852016\/#primaryimage"},"image":{"@id":"https:\/\/gxp-training.com\/fr\/online-course\/management-de-la-qualite-pour-les-dispositifs-medicaux-iso-134852016\/#primaryimage"},"thumbnailUrl":"https:\/\/gxp-training.com\/wp-content\/uploads\/2022\/10\/Quality-Management-ISO13485-.png","datePublished":"2022-10-25T12:16:20+00:00","description":"D\u00e9couvrez la r\u00e9glementation de la qualit\u00e9 pour les dispositifs m\u00e9dicaux, de la conception \u00e0 l'\u00e9limination. Commencez votre parcours vers une certification en management de la qualit\u00e9 d\u00e8s aujourd'hui !","breadcrumb":{"@id":"https:\/\/gxp-training.com\/fr\/online-course\/management-de-la-qualite-pour-les-dispositifs-medicaux-iso-134852016\/#breadcrumb"},"inLanguage":"fr-FR","potentialAction":[{"@type":"ReadAction","target":["https:\/\/gxp-training.com\/fr\/online-course\/management-de-la-qualite-pour-les-dispositifs-medicaux-iso-134852016\/"]}]},{"@type":"ImageObject","inLanguage":"fr-FR","@id":"https:\/\/gxp-training.com\/fr\/online-course\/management-de-la-qualite-pour-les-dispositifs-medicaux-iso-134852016\/#primaryimage","url":"https:\/\/gxp-training.com\/wp-content\/uploads\/2022\/10\/Quality-Management-ISO13485-.png","contentUrl":"https:\/\/gxp-training.com\/wp-content\/uploads\/2022\/10\/Quality-Management-ISO13485-.png","width":900,"height":627},{"@type":"BreadcrumbList","@id":"https:\/\/gxp-training.com\/fr\/online-course\/management-de-la-qualite-pour-les-dispositifs-medicaux-iso-134852016\/#breadcrumb","itemListElement":[{"@type":"ListItem","position":1,"name":"Accueil","item":"https:\/\/gxp-training.com\/fr\/page-daccueil\/"},{"@type":"ListItem","position":2,"name":"Produits","item":"https:\/\/gxp-training.com\/fr\/shop\/"},{"@type":"ListItem","position":3,"name":"Management de la qualit\u00e9 pour les dispositifs m\u00e9dicaux &#8211; ISO 13485:2016"}]},{"@type":"WebSite","@id":"https:\/\/gxp-training.com\/fr\/#website","url":"https:\/\/gxp-training.com\/fr\/","name":"GxP Training : Certified Online Courses for Life Sciences","description":"Online Trainings and Certified Courses in Regulatory Compliance for Pharmaceutical Experts","publisher":{"@id":"https:\/\/gxp-training.com\/fr\/#organization"},"potentialAction":[{"@type":"SearchAction","target":{"@type":"EntryPoint","urlTemplate":"https:\/\/gxp-training.com\/fr\/?s={search_term_string}"},"query-input":{"@type":"PropertyValueSpecification","valueRequired":true,"valueName":"search_term_string"}}],"inLanguage":"fr-FR"},{"@type":"Organization","@id":"https:\/\/gxp-training.com\/fr\/#organization","name":"GXP Training","url":"https:\/\/gxp-training.com\/fr\/","logo":{"@type":"ImageObject","inLanguage":"fr-FR","@id":"https:\/\/gxp-training.com\/fr\/#\/schema\/logo\/image\/","url":"https:\/\/gxp-training.com\/wp-content\/uploads\/2022\/05\/logo-resize.png","contentUrl":"https:\/\/gxp-training.com\/wp-content\/uploads\/2022\/05\/logo-resize.png","width":350,"height":100,"caption":"GXP Training"},"image":{"@id":"https:\/\/gxp-training.com\/fr\/#\/schema\/logo\/image\/"}}]}},"_links":{"self":[{"href":"https:\/\/gxp-training.com\/fr\/wp-json\/wp\/v2\/product\/57143","targetHints":{"allow":["GET"]}}],"collection":[{"href":"https:\/\/gxp-training.com\/fr\/wp-json\/wp\/v2\/product"}],"about":[{"href":"https:\/\/gxp-training.com\/fr\/wp-json\/wp\/v2\/types\/product"}],"wp:featuredmedia":[{"embeddable":true,"href":"https:\/\/gxp-training.com\/fr\/wp-json\/wp\/v2\/media\/45239"}],"wp:attachment":[{"href":"https:\/\/gxp-training.com\/fr\/wp-json\/wp\/v2\/media?parent=57143"}],"wp:term":[{"taxonomy":"product_brand","embeddable":true,"href":"https:\/\/gxp-training.com\/fr\/wp-json\/wp\/v2\/product_brand?post=57143"},{"taxonomy":"product_cat","embeddable":true,"href":"https:\/\/gxp-training.com\/fr\/wp-json\/wp\/v2\/product_cat?post=57143"},{"taxonomy":"product_tag","embeddable":true,"href":"https:\/\/gxp-training.com\/fr\/wp-json\/wp\/v2\/product_tag?post=57143"}],"curies":[{"name":"wp","href":"https:\/\/api.w.org\/{rel}","templated":true}]}}