{"id":57130,"date":"2022-10-28T10:39:48","date_gmt":"2022-10-28T08:39:48","guid":{"rendered":"https:\/\/gxp-training.com\/online-course\/ich-gcp-introduction-aux-bonnes-pratiques-cliniques\/"},"modified":"2022-10-28T10:39:48","modified_gmt":"2022-10-28T08:39:48","slug":"ich-gcp-introduction-aux-bonnes-pratiques-cliniques","status":"publish","type":"product","link":"https:\/\/gxp-training.com\/fr\/online-course\/ich-gcp-introduction-aux-bonnes-pratiques-cliniques\/","title":{"rendered":"ICH-GCP : Introduction aux Bonnes Pratiques Cliniques"},"content":{"rendered":"<p>Les Bonnes Pratiques Cliniques peuvent \u00eatre consid\u00e9r\u00e9es comme un cadre g\u00e9n\u00e9ral garantissant que toutes les parties prenantes seront respect\u00e9es, \u00e9cout\u00e9es, prises en compte et responsables dans le processus complexe de d\u00e9couverte de nouveaux traitements m\u00e9dicaux, qu\u2019il s\u2019agisse de m\u00e9dicaments exp\u00e9rimentaux, de traitements am\u00e9lior\u00e9s ou de dispositifs m\u00e9dicaux. La conformit\u00e9 aux principes des BPC est exig\u00e9e par les autorit\u00e9s r\u00e9glementaires (FDA, EMA) dans de nombreux pays pour l\u2019autorisation des essais cliniques et la validation de leurs donn\u00e9es. <\/p>\n<p>Ce module pr\u00e9sente les BPC. Notre expert discute du r\u00f4le et des objectifs de l\u2019ICH (Conseil International d\u2019Harmonisation) et des principes des BPC. Notre expert d\u00e9crit les r\u00f4les des membres d\u2019une \u00e9quipe travaillant sur un essai clinique. Elle expose la documentation qui doit \u00eatre r\u00e9dig\u00e9e et valid\u00e9e. Elle d\u00e9finit les responsabilit\u00e9s des promoteurs d\u2019essais, des investigateurs cliniques et des moniteurs. Elle explique la justification et l\u2019ex\u00e9cution du processus de consentement \u00e9clair\u00e9, et discute des probl\u00e8mes qui surviennent en pratique.     <\/p>\n<p>&nbsp;<\/p>\n<h3>Programme :<\/h3>\n<p>&nbsp;<\/p>\n<p><strong>Le\u00e7on 1 : Pourquoi avons-nous besoin des Bonnes Pratiques Cliniques ? <\/strong><\/p>\n<p>&nbsp;<\/p>\n<p><strong>Le\u00e7on 2 : Pr\u00e9occupations concernant la s\u00e9curit\u00e9 des m\u00e9dicaments<\/strong><\/p>\n<p>&nbsp;<\/p>\n<p><strong>Le\u00e7on 3 : Principes \u00e9thiques<\/strong><\/p>\n<p>&nbsp;<\/p>\n<p><strong>Le\u00e7on 4 : Les quatre phases de la recherche clinique<\/strong><\/p>\n<p>&nbsp;<\/p>\n<p><strong>Le\u00e7on 5 : Conseil International d\u2019Harmonisation<\/strong><\/p>\n<p>&nbsp;<\/p>\n<p><strong>Le\u00e7on 6 : Principes des BPC de l\u2019ICH<\/strong><\/p>\n<p>&nbsp;<\/p>\n<p><strong>Le\u00e7on 7 : Code des R\u00e9glementations F\u00e9d\u00e9rales<\/strong><\/p>\n<p>&nbsp;<\/p>\n<p><strong>Glossaire<\/strong><\/p>\n<p>&nbsp;<\/p>\n<p><strong>\u00c9valuation<\/strong><\/p>\n","protected":false},"excerpt":{"rendered":"<p>Les Bonnes Pratiques Cliniques peuvent \u00eatre consid\u00e9r\u00e9es comme un cadre g\u00e9n\u00e9ral garantissant que toutes les parties prenantes seront respect\u00e9es, \u00e9cout\u00e9es, prises en compte et responsables dans le processus complexe de d\u00e9couverte de nouveaux traitements m\u00e9dicaux, qu\u2019il s\u2019agisse de m\u00e9dicaments exp\u00e9rimentaux, de traitements am\u00e9lior\u00e9s ou de dispositifs m\u00e9dicaux. La conformit\u00e9 aux principes des BPC est exig\u00e9e [&hellip;]<\/p>\n","protected":false},"featured_media":42822,"template":"","meta":{"_acf_changed":false,"content-type":""},"product_brand":[],"product_cat":[274,263,258],"product_tag":[],"class_list":{"0":"post-57130","1":"product","2":"type-product","3":"status-publish","4":"has-post-thumbnail","6":"product_cat-bpc-essais-cliniques","7":"product_cat-organisme-de-recherche-sous-contrat-cro","8":"product_cat-pharmaceutique","10":"first","11":"instock","12":"taxable","13":"shipping-taxable","14":"purchasable","15":"product-type-subscription"},"bundled_by":[],"bundle_stock_status":"instock","bundle_stock_quantity":null,"bundle_virtual":false,"bundle_layout":"","bundle_add_to_cart_form_location":"","bundle_editable_in_cart":false,"bundle_sold_individually_context":"","bundle_item_grouping":"","bundle_min_size":"","bundle_max_size":"","bundle_price":[],"bundled_items":[],"bundle_sell_ids":[],"acf":[],"yoast_head":"<!-- This site is optimized with the Yoast SEO plugin v27.5 - https:\/\/yoast.com\/product\/yoast-seo-wordpress\/ -->\n<title>ICH-GCP Bonnes Pratiques Cliniques : Cours en ligne et Certification<\/title>\n<meta name=\"description\" content=\"Obtenez votre certification BPC gr\u00e2ce \u00e0 notre cours BPC en ligne accr\u00e9dit\u00e9. Certification reconnue pour les professionnels et les d\u00e9butants en essais cliniques.\" \/>\n<meta name=\"robots\" content=\"index, follow, max-snippet:-1, max-image-preview:large, max-video-preview:-1\" \/>\n<link rel=\"canonical\" href=\"https:\/\/gxp-training.com\/fr\/online-course\/ich-gcp-introduction-aux-bonnes-pratiques-cliniques\/\" \/>\n<meta property=\"og:locale\" content=\"fr_FR\" \/>\n<meta property=\"og:type\" content=\"article\" \/>\n<meta property=\"og:title\" content=\"ICH-GCP Bonnes Pratiques Cliniques : Cours en ligne et Certification\" \/>\n<meta property=\"og:description\" content=\"Obtenez votre certification BPC gr\u00e2ce \u00e0 notre cours BPC en ligne accr\u00e9dit\u00e9. Certification reconnue pour les professionnels et les d\u00e9butants en essais cliniques.\" \/>\n<meta property=\"og:url\" content=\"https:\/\/gxp-training.com\/fr\/online-course\/ich-gcp-introduction-aux-bonnes-pratiques-cliniques\/\" \/>\n<meta property=\"og:site_name\" content=\"GxP Training : Certified Online Courses for Life Sciences\" \/>\n<meta property=\"og:image\" content=\"https:\/\/gxp-training.com\/wp-content\/uploads\/2022\/10\/GCP.png\" \/>\n\t<meta property=\"og:image:width\" content=\"1000\" \/>\n\t<meta property=\"og:image:height\" content=\"700\" \/>\n\t<meta property=\"og:image:type\" content=\"image\/png\" \/>\n<meta name=\"twitter:card\" content=\"summary_large_image\" \/>\n<meta name=\"twitter:label1\" content=\"Dur\u00e9e de lecture estim\u00e9e\" \/>\n\t<meta name=\"twitter:data1\" content=\"1 minute\" \/>\n<script type=\"application\/ld+json\" class=\"yoast-schema-graph\">{\"@context\":\"https:\\\/\\\/schema.org\",\"@graph\":[{\"@type\":\"WebPage\",\"@id\":\"https:\\\/\\\/gxp-training.com\\\/fr\\\/online-course\\\/ich-gcp-introduction-aux-bonnes-pratiques-cliniques\\\/\",\"url\":\"https:\\\/\\\/gxp-training.com\\\/fr\\\/online-course\\\/ich-gcp-introduction-aux-bonnes-pratiques-cliniques\\\/\",\"name\":\"ICH-GCP Bonnes Pratiques Cliniques : Cours en ligne et Certification\",\"isPartOf\":{\"@id\":\"https:\\\/\\\/gxp-training.com\\\/fr\\\/#website\"},\"primaryImageOfPage\":{\"@id\":\"https:\\\/\\\/gxp-training.com\\\/fr\\\/online-course\\\/ich-gcp-introduction-aux-bonnes-pratiques-cliniques\\\/#primaryimage\"},\"image\":{\"@id\":\"https:\\\/\\\/gxp-training.com\\\/fr\\\/online-course\\\/ich-gcp-introduction-aux-bonnes-pratiques-cliniques\\\/#primaryimage\"},\"thumbnailUrl\":\"https:\\\/\\\/gxp-training.com\\\/wp-content\\\/uploads\\\/2022\\\/10\\\/GCP.png\",\"datePublished\":\"2022-10-28T08:39:48+00:00\",\"description\":\"Obtenez votre certification BPC gr\u00e2ce \u00e0 notre cours BPC en ligne accr\u00e9dit\u00e9. Certification reconnue pour les professionnels et les d\u00e9butants en essais cliniques.\",\"breadcrumb\":{\"@id\":\"https:\\\/\\\/gxp-training.com\\\/fr\\\/online-course\\\/ich-gcp-introduction-aux-bonnes-pratiques-cliniques\\\/#breadcrumb\"},\"inLanguage\":\"fr-FR\",\"potentialAction\":[{\"@type\":\"ReadAction\",\"target\":[\"https:\\\/\\\/gxp-training.com\\\/fr\\\/online-course\\\/ich-gcp-introduction-aux-bonnes-pratiques-cliniques\\\/\"]}]},{\"@type\":\"ImageObject\",\"inLanguage\":\"fr-FR\",\"@id\":\"https:\\\/\\\/gxp-training.com\\\/fr\\\/online-course\\\/ich-gcp-introduction-aux-bonnes-pratiques-cliniques\\\/#primaryimage\",\"url\":\"https:\\\/\\\/gxp-training.com\\\/wp-content\\\/uploads\\\/2022\\\/10\\\/GCP.png\",\"contentUrl\":\"https:\\\/\\\/gxp-training.com\\\/wp-content\\\/uploads\\\/2022\\\/10\\\/GCP.png\",\"width\":1000,\"height\":700},{\"@type\":\"BreadcrumbList\",\"@id\":\"https:\\\/\\\/gxp-training.com\\\/fr\\\/online-course\\\/ich-gcp-introduction-aux-bonnes-pratiques-cliniques\\\/#breadcrumb\",\"itemListElement\":[{\"@type\":\"ListItem\",\"position\":1,\"name\":\"Accueil\",\"item\":\"https:\\\/\\\/gxp-training.com\\\/fr\\\/page-daccueil\\\/\"},{\"@type\":\"ListItem\",\"position\":2,\"name\":\"Produits\",\"item\":\"https:\\\/\\\/gxp-training.com\\\/fr\\\/shop\\\/\"},{\"@type\":\"ListItem\",\"position\":3,\"name\":\"ICH-GCP : Introduction aux Bonnes Pratiques Cliniques\"}]},{\"@type\":\"WebSite\",\"@id\":\"https:\\\/\\\/gxp-training.com\\\/fr\\\/#website\",\"url\":\"https:\\\/\\\/gxp-training.com\\\/fr\\\/\",\"name\":\"GxP Training : Certified Online Courses for Life Sciences\",\"description\":\"Online Trainings and Certified Courses in Regulatory Compliance for Pharmaceutical Experts\",\"publisher\":{\"@id\":\"https:\\\/\\\/gxp-training.com\\\/fr\\\/#organization\"},\"potentialAction\":[{\"@type\":\"SearchAction\",\"target\":{\"@type\":\"EntryPoint\",\"urlTemplate\":\"https:\\\/\\\/gxp-training.com\\\/fr\\\/?s={search_term_string}\"},\"query-input\":{\"@type\":\"PropertyValueSpecification\",\"valueRequired\":true,\"valueName\":\"search_term_string\"}}],\"inLanguage\":\"fr-FR\"},{\"@type\":\"Organization\",\"@id\":\"https:\\\/\\\/gxp-training.com\\\/fr\\\/#organization\",\"name\":\"GXP Training\",\"url\":\"https:\\\/\\\/gxp-training.com\\\/fr\\\/\",\"logo\":{\"@type\":\"ImageObject\",\"inLanguage\":\"fr-FR\",\"@id\":\"https:\\\/\\\/gxp-training.com\\\/fr\\\/#\\\/schema\\\/logo\\\/image\\\/\",\"url\":\"https:\\\/\\\/gxp-training.com\\\/wp-content\\\/uploads\\\/2022\\\/05\\\/logo-resize.png\",\"contentUrl\":\"https:\\\/\\\/gxp-training.com\\\/wp-content\\\/uploads\\\/2022\\\/05\\\/logo-resize.png\",\"width\":350,\"height\":100,\"caption\":\"GXP Training\"},\"image\":{\"@id\":\"https:\\\/\\\/gxp-training.com\\\/fr\\\/#\\\/schema\\\/logo\\\/image\\\/\"}}]}<\/script>\n<!-- \/ Yoast SEO plugin. -->","yoast_head_json":{"title":"ICH-GCP Bonnes Pratiques Cliniques : Cours en ligne et Certification","description":"Obtenez votre certification BPC gr\u00e2ce \u00e0 notre cours BPC en ligne accr\u00e9dit\u00e9. Certification reconnue pour les professionnels et les d\u00e9butants en essais cliniques.","robots":{"index":"index","follow":"follow","max-snippet":"max-snippet:-1","max-image-preview":"max-image-preview:large","max-video-preview":"max-video-preview:-1"},"canonical":"https:\/\/gxp-training.com\/fr\/online-course\/ich-gcp-introduction-aux-bonnes-pratiques-cliniques\/","og_locale":"fr_FR","og_type":"article","og_title":"ICH-GCP Bonnes Pratiques Cliniques : Cours en ligne et Certification","og_description":"Obtenez votre certification BPC gr\u00e2ce \u00e0 notre cours BPC en ligne accr\u00e9dit\u00e9. Certification reconnue pour les professionnels et les d\u00e9butants en essais cliniques.","og_url":"https:\/\/gxp-training.com\/fr\/online-course\/ich-gcp-introduction-aux-bonnes-pratiques-cliniques\/","og_site_name":"GxP Training : Certified Online Courses for Life Sciences","og_image":[{"width":1000,"height":700,"url":"https:\/\/gxp-training.com\/wp-content\/uploads\/2022\/10\/GCP.png","type":"image\/png"}],"twitter_card":"summary_large_image","twitter_misc":{"Dur\u00e9e de lecture estim\u00e9e":"1 minute"},"schema":{"@context":"https:\/\/schema.org","@graph":[{"@type":"WebPage","@id":"https:\/\/gxp-training.com\/fr\/online-course\/ich-gcp-introduction-aux-bonnes-pratiques-cliniques\/","url":"https:\/\/gxp-training.com\/fr\/online-course\/ich-gcp-introduction-aux-bonnes-pratiques-cliniques\/","name":"ICH-GCP Bonnes Pratiques Cliniques : Cours en ligne et Certification","isPartOf":{"@id":"https:\/\/gxp-training.com\/fr\/#website"},"primaryImageOfPage":{"@id":"https:\/\/gxp-training.com\/fr\/online-course\/ich-gcp-introduction-aux-bonnes-pratiques-cliniques\/#primaryimage"},"image":{"@id":"https:\/\/gxp-training.com\/fr\/online-course\/ich-gcp-introduction-aux-bonnes-pratiques-cliniques\/#primaryimage"},"thumbnailUrl":"https:\/\/gxp-training.com\/wp-content\/uploads\/2022\/10\/GCP.png","datePublished":"2022-10-28T08:39:48+00:00","description":"Obtenez votre certification BPC gr\u00e2ce \u00e0 notre cours BPC en ligne accr\u00e9dit\u00e9. Certification reconnue pour les professionnels et les d\u00e9butants en essais cliniques.","breadcrumb":{"@id":"https:\/\/gxp-training.com\/fr\/online-course\/ich-gcp-introduction-aux-bonnes-pratiques-cliniques\/#breadcrumb"},"inLanguage":"fr-FR","potentialAction":[{"@type":"ReadAction","target":["https:\/\/gxp-training.com\/fr\/online-course\/ich-gcp-introduction-aux-bonnes-pratiques-cliniques\/"]}]},{"@type":"ImageObject","inLanguage":"fr-FR","@id":"https:\/\/gxp-training.com\/fr\/online-course\/ich-gcp-introduction-aux-bonnes-pratiques-cliniques\/#primaryimage","url":"https:\/\/gxp-training.com\/wp-content\/uploads\/2022\/10\/GCP.png","contentUrl":"https:\/\/gxp-training.com\/wp-content\/uploads\/2022\/10\/GCP.png","width":1000,"height":700},{"@type":"BreadcrumbList","@id":"https:\/\/gxp-training.com\/fr\/online-course\/ich-gcp-introduction-aux-bonnes-pratiques-cliniques\/#breadcrumb","itemListElement":[{"@type":"ListItem","position":1,"name":"Accueil","item":"https:\/\/gxp-training.com\/fr\/page-daccueil\/"},{"@type":"ListItem","position":2,"name":"Produits","item":"https:\/\/gxp-training.com\/fr\/shop\/"},{"@type":"ListItem","position":3,"name":"ICH-GCP : Introduction aux Bonnes Pratiques Cliniques"}]},{"@type":"WebSite","@id":"https:\/\/gxp-training.com\/fr\/#website","url":"https:\/\/gxp-training.com\/fr\/","name":"GxP Training : Certified Online Courses for Life Sciences","description":"Online Trainings and Certified Courses in Regulatory Compliance for Pharmaceutical Experts","publisher":{"@id":"https:\/\/gxp-training.com\/fr\/#organization"},"potentialAction":[{"@type":"SearchAction","target":{"@type":"EntryPoint","urlTemplate":"https:\/\/gxp-training.com\/fr\/?s={search_term_string}"},"query-input":{"@type":"PropertyValueSpecification","valueRequired":true,"valueName":"search_term_string"}}],"inLanguage":"fr-FR"},{"@type":"Organization","@id":"https:\/\/gxp-training.com\/fr\/#organization","name":"GXP Training","url":"https:\/\/gxp-training.com\/fr\/","logo":{"@type":"ImageObject","inLanguage":"fr-FR","@id":"https:\/\/gxp-training.com\/fr\/#\/schema\/logo\/image\/","url":"https:\/\/gxp-training.com\/wp-content\/uploads\/2022\/05\/logo-resize.png","contentUrl":"https:\/\/gxp-training.com\/wp-content\/uploads\/2022\/05\/logo-resize.png","width":350,"height":100,"caption":"GXP Training"},"image":{"@id":"https:\/\/gxp-training.com\/fr\/#\/schema\/logo\/image\/"}}]}},"_links":{"self":[{"href":"https:\/\/gxp-training.com\/fr\/wp-json\/wp\/v2\/product\/57130","targetHints":{"allow":["GET"]}}],"collection":[{"href":"https:\/\/gxp-training.com\/fr\/wp-json\/wp\/v2\/product"}],"about":[{"href":"https:\/\/gxp-training.com\/fr\/wp-json\/wp\/v2\/types\/product"}],"wp:featuredmedia":[{"embeddable":true,"href":"https:\/\/gxp-training.com\/fr\/wp-json\/wp\/v2\/media\/42822"}],"wp:attachment":[{"href":"https:\/\/gxp-training.com\/fr\/wp-json\/wp\/v2\/media?parent=57130"}],"wp:term":[{"taxonomy":"product_brand","embeddable":true,"href":"https:\/\/gxp-training.com\/fr\/wp-json\/wp\/v2\/product_brand?post=57130"},{"taxonomy":"product_cat","embeddable":true,"href":"https:\/\/gxp-training.com\/fr\/wp-json\/wp\/v2\/product_cat?post=57130"},{"taxonomy":"product_tag","embeddable":true,"href":"https:\/\/gxp-training.com\/fr\/wp-json\/wp\/v2\/product_tag?post=57130"}],"curies":[{"name":"wp","href":"https:\/\/api.w.org\/{rel}","templated":true}]}}