{"id":57118,"date":"2022-11-15T10:41:37","date_gmt":"2022-11-15T10:41:37","guid":{"rendered":"https:\/\/gxp-training.com\/online-course\/gestion-des-risques-qualite\/"},"modified":"2022-11-15T10:41:37","modified_gmt":"2022-11-15T09:41:37","slug":"gestion-des-risques-qualite","status":"publish","type":"product","link":"https:\/\/gxp-training.com\/fr\/online-course\/gestion-des-risques-qualite\/","title":{"rendered":"Gestion des risques qualit\u00e9"},"content":{"rendered":"<p>La gestion des risques joue un r\u00f4le majeur en tant qu\u2019outil de pr\u00e9caution dans la r\u00e9glementation des produits pharmaceutiques et biopharmaceutiques. Pr\u00e9venir les risques pour la sant\u00e9 avant qu\u2019ils ne surviennent exige des approches visant \u00e0 r\u00e9duire de mani\u00e8re proactive, plut\u00f4t que r\u00e9active, les risques pour la s\u00e9curit\u00e9 et la sant\u00e9 des patients. C\u2019est l\u00e0 qu\u2019intervient la gestion des risques qualit\u00e9 (QRM).  <\/p>\n<p><strong><em>Dans les le\u00e7ons suivantes :<\/em><\/strong><\/p>\n<ul>\n<li>Nous aborderons les principes de la gestion des risques qualit\u00e9 et leur application pratique dans l\u2019industrie pharmaceutique, afin de soutenir le d\u00e9veloppement et la production de m\u00e9dicaments de haute qualit\u00e9.<\/li>\n<li>Nous expliquerons les <a href=\"https:\/\/gxp-training.com\/online-course\/gxp1715-risk-analysis-model-for-management-of-quality-risk\/\">mod\u00e8les et processus<\/a> de gestion des risques qualit\u00e9 (QRM) applicables \u00e0 diff\u00e9rents aspects de la qualit\u00e9 pharmaceutique.<\/li>\n<li>Enfin, nous avons inclus un court quiz \u00e0 la fin du cours pour tester vos connaissances et votre compr\u00e9hension du cours.<\/li>\n<\/ul>\n<p>Dans ce cours, nous proposons une synth\u00e8se du sujet \u00e0 travers une exp\u00e9rience en ligne interactive. Ce contenu a \u00e9t\u00e9 con\u00e7u par une \u00e9quipe d\u2019experts en affaires r\u00e9glementaires, titulaires d\u2019une qualification de la Northeastern University (Boston), et pilot\u00e9 par un membre senior capable d\u2019articuler la th\u00e9orie et la pratique. <\/p>\n<h3>Programme :<\/h3>\n<p>&nbsp;<\/p>\n<p>&nbsp;<\/p>\n<p><strong>Introduction<\/strong><\/p>\n<p>&nbsp;<\/p>\n<ul>\n<li>Pourquoi la gestion des risques qualit\u00e9 est n\u00e9cessaire<\/li>\n<li>Processus de gestion des risques formels et informels<\/li>\n<\/ul>\n<p>&nbsp;<\/p>\n<p><strong>Le\u00e7on 1 : Principes de la gestion des risques qualit\u00e9<\/strong><\/p>\n<p>&nbsp;<\/p>\n<ul>\n<li>Principes fondamentaux<\/li>\n<li>Principes secondaires<\/li>\n<\/ul>\n<p>&nbsp;<\/p>\n<p><strong>Le\u00e7on 2 : Processus de gestion des risques qualit\u00e9<\/strong><\/p>\n<p>&nbsp;<\/p>\n<ul>\n<li>\u00c9valuation des risques<\/li>\n<li>Ma\u00eetrise des risques<\/li>\n<li>Communication des risques<\/li>\n<li>Revue des risques<\/li>\n<\/ul>\n<p>&nbsp;<\/p>\n<p><strong>Le\u00e7on 3<\/strong> : <strong>Gestion des risques \u2013 M\u00e9thodologie de gestion des risques qualit\u00e9<\/strong><\/p>\n<p>&nbsp;<\/p>\n<p><strong>Le\u00e7on 4<\/strong> : <strong>Application de la gestion des risques qualit\u00e9 dans l\u2019industrie pharmaceutique<\/strong><\/p>\n<p>&nbsp;<\/p>\n<ul>\n<li>Fabrication commerciale<\/li>\n<li>D\u00e9veloppement de produits<\/li>\n<\/ul>\n<p>&nbsp;<\/p>\n<p><strong>Le\u00e7on 5<\/strong> : <strong>R\u00f4le de la gestion des risques qualit\u00e9 en <a href=\"https:\/\/gxp-training.com\/fr\/online-course\/affaires-reglementaires-pharmaceutiques\/\">affaires r\u00e9glementaires<\/a><\/strong><\/p>\n<p>&nbsp;<\/p>\n<ul>\n<li>QRM dans les <a href=\"https:\/\/gxp-training.com\/online-course\/gxp1248-regulatory-compliance-inspections-and-external-audits\/\">inspections de conformit\u00e9<\/a><\/li>\n<li>QRM dans la planification des inspections et l\u2019\u00e9valuation des risques<\/li>\n<li>QRM dans l\u2019examen des dossiers<\/li>\n<\/ul>\n<p>&nbsp;<\/p>\n<p><strong>Conclusion<\/strong><\/p>\n<p>&nbsp;<\/p>\n<p><strong>Glossaire<\/strong><\/p>\n<p>&nbsp;<\/p>\n<p><strong>Quiz<\/strong><\/p>\n","protected":false},"excerpt":{"rendered":"<p>La gestion des risques joue un r\u00f4le majeur en tant qu\u2019outil de pr\u00e9caution dans la r\u00e9glementation des produits pharmaceutiques et biopharmaceutiques. Pr\u00e9venir les risques pour la sant\u00e9 avant qu\u2019ils ne surviennent exige des approches visant \u00e0 r\u00e9duire de mani\u00e8re proactive, plut\u00f4t que r\u00e9active, les risques pour la s\u00e9curit\u00e9 et la sant\u00e9 des patients. C\u2019est l\u00e0 [&hellip;]<\/p>\n","protected":false},"featured_media":42980,"template":"","meta":{"_acf_changed":false,"content-type":""},"product_brand":[],"product_cat":[257,254,259,258,264],"product_tag":[],"class_list":{"0":"post-57118","1":"product","2":"type-product","3":"status-publish","4":"has-post-thumbnail","6":"product_cat-assurance-qualite","7":"product_cat-bpf-bonnes-pratiques-de-fabrication","8":"product_cat-laboratoires","9":"product_cat-pharmaceutique","10":"product_cat-transversal","12":"first","13":"instock","14":"taxable","15":"shipping-taxable","16":"purchasable","17":"product-type-simple"},"bundled_by":[],"bundle_stock_status":"instock","bundle_stock_quantity":null,"bundle_virtual":false,"bundle_layout":"","bundle_add_to_cart_form_location":"","bundle_editable_in_cart":false,"bundle_sold_individually_context":"","bundle_item_grouping":"","bundle_min_size":"","bundle_max_size":"","bundle_price":[],"bundled_items":[],"bundle_sell_ids":[],"acf":[],"yoast_head":"<!-- This site is optimized with the Yoast SEO plugin v27.5 - https:\/\/yoast.com\/product\/yoast-seo-wordpress\/ -->\n<title>Formation en ligne \u00e0 la gestion des risques qualit\u00e9<\/title>\n<meta name=\"description\" content=\"Formation en ligne \u00e0 la gestion des risques qualit\u00e9. Obtenez votre certification d\u00e8s maintenant. Accr\u00e9dit\u00e9e CPD \/ CEU. Cours en ligne en sciences de la vie pour les professionnels.\" \/>\n<meta name=\"robots\" content=\"index, follow, max-snippet:-1, max-image-preview:large, max-video-preview:-1\" \/>\n<link rel=\"canonical\" href=\"https:\/\/gxp-training.com\/fr\/online-course\/gestion-des-risques-qualite\/\" \/>\n<meta property=\"og:locale\" content=\"fr_FR\" \/>\n<meta property=\"og:type\" content=\"article\" \/>\n<meta property=\"og:title\" content=\"Formation en ligne \u00e0 la gestion des risques qualit\u00e9\" \/>\n<meta property=\"og:description\" content=\"Formation en ligne \u00e0 la gestion des risques qualit\u00e9. Obtenez votre certification d\u00e8s maintenant. Accr\u00e9dit\u00e9e CPD \/ CEU. Cours en ligne en sciences de la vie pour les professionnels.\" \/>\n<meta property=\"og:url\" content=\"https:\/\/gxp-training.com\/fr\/online-course\/gestion-des-risques-qualite\/\" \/>\n<meta property=\"og:site_name\" content=\"GxP Training : Certified Online Courses for Life Sciences\" \/>\n<meta property=\"og:image\" content=\"https:\/\/gxp-training.com\/wp-content\/uploads\/2022\/11\/Quality-Risk-Management-1.png\" \/>\n\t<meta property=\"og:image:width\" content=\"1000\" \/>\n\t<meta property=\"og:image:height\" content=\"700\" \/>\n\t<meta property=\"og:image:type\" content=\"image\/png\" \/>\n<meta name=\"twitter:card\" content=\"summary_large_image\" \/>\n<meta name=\"twitter:label1\" content=\"Dur\u00e9e de lecture estim\u00e9e\" \/>\n\t<meta name=\"twitter:data1\" content=\"2 minutes\" \/>\n<script type=\"application\/ld+json\" class=\"yoast-schema-graph\">{\"@context\":\"https:\\\/\\\/schema.org\",\"@graph\":[{\"@type\":\"WebPage\",\"@id\":\"https:\\\/\\\/gxp-training.com\\\/fr\\\/online-course\\\/gestion-des-risques-qualite\\\/\",\"url\":\"https:\\\/\\\/gxp-training.com\\\/fr\\\/online-course\\\/gestion-des-risques-qualite\\\/\",\"name\":\"Formation en ligne \u00e0 la gestion des risques qualit\u00e9\",\"isPartOf\":{\"@id\":\"https:\\\/\\\/gxp-training.com\\\/fr\\\/#website\"},\"primaryImageOfPage\":{\"@id\":\"https:\\\/\\\/gxp-training.com\\\/fr\\\/online-course\\\/gestion-des-risques-qualite\\\/#primaryimage\"},\"image\":{\"@id\":\"https:\\\/\\\/gxp-training.com\\\/fr\\\/online-course\\\/gestion-des-risques-qualite\\\/#primaryimage\"},\"thumbnailUrl\":\"https:\\\/\\\/gxp-training.com\\\/wp-content\\\/uploads\\\/2022\\\/11\\\/Quality-Risk-Management-1.png\",\"datePublished\":\"2022-11-15T10:41:37+00:00\",\"description\":\"Formation en ligne \u00e0 la gestion des risques qualit\u00e9. Obtenez votre certification d\u00e8s maintenant. Accr\u00e9dit\u00e9e CPD \\\/ CEU. Cours en ligne en sciences de la vie pour les professionnels.\",\"breadcrumb\":{\"@id\":\"https:\\\/\\\/gxp-training.com\\\/fr\\\/online-course\\\/gestion-des-risques-qualite\\\/#breadcrumb\"},\"inLanguage\":\"fr-FR\",\"potentialAction\":[{\"@type\":\"ReadAction\",\"target\":[\"https:\\\/\\\/gxp-training.com\\\/fr\\\/online-course\\\/gestion-des-risques-qualite\\\/\"]}]},{\"@type\":\"ImageObject\",\"inLanguage\":\"fr-FR\",\"@id\":\"https:\\\/\\\/gxp-training.com\\\/fr\\\/online-course\\\/gestion-des-risques-qualite\\\/#primaryimage\",\"url\":\"https:\\\/\\\/gxp-training.com\\\/wp-content\\\/uploads\\\/2022\\\/11\\\/Quality-Risk-Management-1.png\",\"contentUrl\":\"https:\\\/\\\/gxp-training.com\\\/wp-content\\\/uploads\\\/2022\\\/11\\\/Quality-Risk-Management-1.png\",\"width\":1000,\"height\":700},{\"@type\":\"BreadcrumbList\",\"@id\":\"https:\\\/\\\/gxp-training.com\\\/fr\\\/online-course\\\/gestion-des-risques-qualite\\\/#breadcrumb\",\"itemListElement\":[{\"@type\":\"ListItem\",\"position\":1,\"name\":\"Accueil\",\"item\":\"https:\\\/\\\/gxp-training.com\\\/fr\\\/page-daccueil\\\/\"},{\"@type\":\"ListItem\",\"position\":2,\"name\":\"Produits\",\"item\":\"https:\\\/\\\/gxp-training.com\\\/fr\\\/shop\\\/\"},{\"@type\":\"ListItem\",\"position\":3,\"name\":\"Gestion des risques qualit\u00e9\"}]},{\"@type\":\"WebSite\",\"@id\":\"https:\\\/\\\/gxp-training.com\\\/fr\\\/#website\",\"url\":\"https:\\\/\\\/gxp-training.com\\\/fr\\\/\",\"name\":\"GxP Training : Certified Online Courses for Life Sciences\",\"description\":\"Online Trainings and Certified Courses in Regulatory Compliance for Pharmaceutical Experts\",\"publisher\":{\"@id\":\"https:\\\/\\\/gxp-training.com\\\/fr\\\/#organization\"},\"potentialAction\":[{\"@type\":\"SearchAction\",\"target\":{\"@type\":\"EntryPoint\",\"urlTemplate\":\"https:\\\/\\\/gxp-training.com\\\/fr\\\/?s={search_term_string}\"},\"query-input\":{\"@type\":\"PropertyValueSpecification\",\"valueRequired\":true,\"valueName\":\"search_term_string\"}}],\"inLanguage\":\"fr-FR\"},{\"@type\":\"Organization\",\"@id\":\"https:\\\/\\\/gxp-training.com\\\/fr\\\/#organization\",\"name\":\"GXP Training\",\"url\":\"https:\\\/\\\/gxp-training.com\\\/fr\\\/\",\"logo\":{\"@type\":\"ImageObject\",\"inLanguage\":\"fr-FR\",\"@id\":\"https:\\\/\\\/gxp-training.com\\\/fr\\\/#\\\/schema\\\/logo\\\/image\\\/\",\"url\":\"https:\\\/\\\/gxp-training.com\\\/wp-content\\\/uploads\\\/2022\\\/05\\\/logo-resize.png\",\"contentUrl\":\"https:\\\/\\\/gxp-training.com\\\/wp-content\\\/uploads\\\/2022\\\/05\\\/logo-resize.png\",\"width\":350,\"height\":100,\"caption\":\"GXP Training\"},\"image\":{\"@id\":\"https:\\\/\\\/gxp-training.com\\\/fr\\\/#\\\/schema\\\/logo\\\/image\\\/\"}}]}<\/script>\n<!-- \/ Yoast SEO plugin. -->","yoast_head_json":{"title":"Formation en ligne \u00e0 la gestion des risques qualit\u00e9","description":"Formation en ligne \u00e0 la gestion des risques qualit\u00e9. Obtenez votre certification d\u00e8s maintenant. Accr\u00e9dit\u00e9e CPD \/ CEU. Cours en ligne en sciences de la vie pour les professionnels.","robots":{"index":"index","follow":"follow","max-snippet":"max-snippet:-1","max-image-preview":"max-image-preview:large","max-video-preview":"max-video-preview:-1"},"canonical":"https:\/\/gxp-training.com\/fr\/online-course\/gestion-des-risques-qualite\/","og_locale":"fr_FR","og_type":"article","og_title":"Formation en ligne \u00e0 la gestion des risques qualit\u00e9","og_description":"Formation en ligne \u00e0 la gestion des risques qualit\u00e9. Obtenez votre certification d\u00e8s maintenant. Accr\u00e9dit\u00e9e CPD \/ CEU. Cours en ligne en sciences de la vie pour les professionnels.","og_url":"https:\/\/gxp-training.com\/fr\/online-course\/gestion-des-risques-qualite\/","og_site_name":"GxP Training : Certified Online Courses for Life Sciences","og_image":[{"width":1000,"height":700,"url":"https:\/\/gxp-training.com\/wp-content\/uploads\/2022\/11\/Quality-Risk-Management-1.png","type":"image\/png"}],"twitter_card":"summary_large_image","twitter_misc":{"Dur\u00e9e de lecture estim\u00e9e":"2 minutes"},"schema":{"@context":"https:\/\/schema.org","@graph":[{"@type":"WebPage","@id":"https:\/\/gxp-training.com\/fr\/online-course\/gestion-des-risques-qualite\/","url":"https:\/\/gxp-training.com\/fr\/online-course\/gestion-des-risques-qualite\/","name":"Formation en ligne \u00e0 la gestion des risques qualit\u00e9","isPartOf":{"@id":"https:\/\/gxp-training.com\/fr\/#website"},"primaryImageOfPage":{"@id":"https:\/\/gxp-training.com\/fr\/online-course\/gestion-des-risques-qualite\/#primaryimage"},"image":{"@id":"https:\/\/gxp-training.com\/fr\/online-course\/gestion-des-risques-qualite\/#primaryimage"},"thumbnailUrl":"https:\/\/gxp-training.com\/wp-content\/uploads\/2022\/11\/Quality-Risk-Management-1.png","datePublished":"2022-11-15T10:41:37+00:00","description":"Formation en ligne \u00e0 la gestion des risques qualit\u00e9. Obtenez votre certification d\u00e8s maintenant. Accr\u00e9dit\u00e9e CPD \/ CEU. Cours en ligne en sciences de la vie pour les professionnels.","breadcrumb":{"@id":"https:\/\/gxp-training.com\/fr\/online-course\/gestion-des-risques-qualite\/#breadcrumb"},"inLanguage":"fr-FR","potentialAction":[{"@type":"ReadAction","target":["https:\/\/gxp-training.com\/fr\/online-course\/gestion-des-risques-qualite\/"]}]},{"@type":"ImageObject","inLanguage":"fr-FR","@id":"https:\/\/gxp-training.com\/fr\/online-course\/gestion-des-risques-qualite\/#primaryimage","url":"https:\/\/gxp-training.com\/wp-content\/uploads\/2022\/11\/Quality-Risk-Management-1.png","contentUrl":"https:\/\/gxp-training.com\/wp-content\/uploads\/2022\/11\/Quality-Risk-Management-1.png","width":1000,"height":700},{"@type":"BreadcrumbList","@id":"https:\/\/gxp-training.com\/fr\/online-course\/gestion-des-risques-qualite\/#breadcrumb","itemListElement":[{"@type":"ListItem","position":1,"name":"Accueil","item":"https:\/\/gxp-training.com\/fr\/page-daccueil\/"},{"@type":"ListItem","position":2,"name":"Produits","item":"https:\/\/gxp-training.com\/fr\/shop\/"},{"@type":"ListItem","position":3,"name":"Gestion des risques qualit\u00e9"}]},{"@type":"WebSite","@id":"https:\/\/gxp-training.com\/fr\/#website","url":"https:\/\/gxp-training.com\/fr\/","name":"GxP Training : Certified Online Courses for Life Sciences","description":"Online Trainings and Certified Courses in Regulatory Compliance for Pharmaceutical Experts","publisher":{"@id":"https:\/\/gxp-training.com\/fr\/#organization"},"potentialAction":[{"@type":"SearchAction","target":{"@type":"EntryPoint","urlTemplate":"https:\/\/gxp-training.com\/fr\/?s={search_term_string}"},"query-input":{"@type":"PropertyValueSpecification","valueRequired":true,"valueName":"search_term_string"}}],"inLanguage":"fr-FR"},{"@type":"Organization","@id":"https:\/\/gxp-training.com\/fr\/#organization","name":"GXP Training","url":"https:\/\/gxp-training.com\/fr\/","logo":{"@type":"ImageObject","inLanguage":"fr-FR","@id":"https:\/\/gxp-training.com\/fr\/#\/schema\/logo\/image\/","url":"https:\/\/gxp-training.com\/wp-content\/uploads\/2022\/05\/logo-resize.png","contentUrl":"https:\/\/gxp-training.com\/wp-content\/uploads\/2022\/05\/logo-resize.png","width":350,"height":100,"caption":"GXP Training"},"image":{"@id":"https:\/\/gxp-training.com\/fr\/#\/schema\/logo\/image\/"}}]}},"_links":{"self":[{"href":"https:\/\/gxp-training.com\/fr\/wp-json\/wp\/v2\/product\/57118","targetHints":{"allow":["GET"]}}],"collection":[{"href":"https:\/\/gxp-training.com\/fr\/wp-json\/wp\/v2\/product"}],"about":[{"href":"https:\/\/gxp-training.com\/fr\/wp-json\/wp\/v2\/types\/product"}],"wp:featuredmedia":[{"embeddable":true,"href":"https:\/\/gxp-training.com\/fr\/wp-json\/wp\/v2\/media\/42980"}],"wp:attachment":[{"href":"https:\/\/gxp-training.com\/fr\/wp-json\/wp\/v2\/media?parent=57118"}],"wp:term":[{"taxonomy":"product_brand","embeddable":true,"href":"https:\/\/gxp-training.com\/fr\/wp-json\/wp\/v2\/product_brand?post=57118"},{"taxonomy":"product_cat","embeddable":true,"href":"https:\/\/gxp-training.com\/fr\/wp-json\/wp\/v2\/product_cat?post=57118"},{"taxonomy":"product_tag","embeddable":true,"href":"https:\/\/gxp-training.com\/fr\/wp-json\/wp\/v2\/product_tag?post=57118"}],"curies":[{"name":"wp","href":"https:\/\/api.w.org\/{rel}","templated":true}]}}