{"id":57115,"date":"2022-11-08T16:54:15","date_gmt":"2022-11-08T15:54:15","guid":{"rendered":"https:\/\/gxp-training.com\/online-course\/bonnes-pratiques-de-pharmacovigilance-gvp\/"},"modified":"2022-11-08T16:54:15","modified_gmt":"2022-11-08T15:54:15","slug":"bonnes-pratiques-de-pharmacovigilance-gvp","status":"publish","type":"product","link":"https:\/\/gxp-training.com\/fr\/online-course\/bonnes-pratiques-de-pharmacovigilance-gvp\/","title":{"rendered":"Bonnes pratiques de pharmacovigilance (GVP)"},"content":{"rendered":"<div class=\"description\">\n<p class=\"p1\">La pharmacovigilance contribue de mani\u00e8re essentielle \u00e0 la protection des patients et \u00e0 la sant\u00e9 publique. Il est imp\u00e9ratif pour les fabricants des sciences de la vie de respecter les GVP, avec des programmes en place ax\u00e9s sur l\u2019\u00e9valuation et la gestion des risques. Ce cours s\u2019appuie sur les lignes directrices officielles GVP et constitue un programme de formation complet pour toutes les personnes ayant besoin d\u2019une remise \u00e0 niveau. Vous apprendrez \u00e0 identifier et \u00e0 \u00e9valuer les signaux de s\u00e9curit\u00e9 pour de bonnes pratiques de d\u00e9claration, ainsi que les caract\u00e9ristiques d\u2019un bon rapport de cas. \u00c0 la fin, vous serez en mesure d\u2019\u00e9laborer un plan de pharmacovigilance.    <\/p>\n<p class=\"p1\">Ce contenu a \u00e9t\u00e9 \u00e9labor\u00e9 par une \u00e9quipe d\u2019experts en affaires r\u00e9glementaires titulaires d\u2019une qualification de la Northeastern University, Boston, sous la conduite d\u2019un membre senior capable d\u2019articuler la th\u00e9orie et la pratique.<\/p>\n<\/div>\n<p>&nbsp;<\/p>\n<h3>Programme :<\/h3>\n<p>&nbsp;<\/p>\n<p><strong>Le\u00e7on 1 : Identifier les signaux de s\u00e9curit\u00e9<\/strong><\/p>\n<ul>\n<li>Caract\u00e9ristiques d\u2019un bon rapport de cas<\/li>\n<\/ul>\n<p><strong>Le\u00e7on 2 : Investigation des signaux via des \u00e9tudes observationnelles<\/strong><\/p>\n<ul>\n<li>\u00c9tudes pharmaco\u00e9pid\u00e9miologiques<\/li>\n<li>Registres<\/li>\n<li>Enqu\u00eates<\/li>\n<\/ul>\n<p><strong>Le\u00e7on 3 : Interpr\u00e9ter les signaux de s\u00e9curit\u00e9<\/strong><\/p>\n<ul>\n<li>\u00c9valuation des signaux de s\u00e9curit\u00e9<\/li>\n<\/ul>\n<p><strong>Le\u00e7on 4 : Comment \u00e9laborer un plan de pharmacovigilance<\/strong><\/p>\n<ul>\n<li>Guide d\u2019\u00e9valuation pharmaco\u00e9pid\u00e9miologique<\/li>\n<li>Contenu d\u2019un plan de pharmacovigilance<\/li>\n<\/ul>\n<p>&nbsp;<\/p>\n<p><strong>\u00c9valuation<\/strong><\/p>\n","protected":false},"excerpt":{"rendered":"<p>La pharmacovigilance contribue de mani\u00e8re essentielle \u00e0 la protection des patients et \u00e0 la sant\u00e9 publique. Il est imp\u00e9ratif pour les fabricants des sciences de la vie de respecter les GVP, avec des programmes en place ax\u00e9s sur l\u2019\u00e9valuation et la gestion des risques. Ce cours s\u2019appuie sur les lignes directrices officielles GVP et constitue [&hellip;]<\/p>\n","protected":false},"featured_media":55797,"template":"","meta":{"_acf_changed":false,"content-type":""},"product_brand":[],"product_cat":[263,258,267],"product_tag":[],"class_list":{"0":"post-57115","1":"product","2":"type-product","3":"status-publish","4":"has-post-thumbnail","6":"product_cat-organisme-de-recherche-sous-contrat-cro","7":"product_cat-pharmaceutique","8":"product_cat-pharmacovigilance","10":"first","11":"instock","12":"taxable","13":"shipping-taxable","14":"purchasable","15":"product-type-subscription"},"bundled_by":[],"bundle_stock_status":"instock","bundle_stock_quantity":null,"bundle_virtual":false,"bundle_layout":"","bundle_add_to_cart_form_location":"","bundle_editable_in_cart":false,"bundle_sold_individually_context":"","bundle_item_grouping":"","bundle_min_size":"","bundle_max_size":"","bundle_price":[],"bundled_items":[],"bundle_sell_ids":[],"acf":[],"yoast_head":"<!-- This site is optimized with the Yoast SEO plugin v27.5 - https:\/\/yoast.com\/product\/yoast-seo-wordpress\/ -->\n<title>Bonnes pratiques de pharmacovigilance (GVP) - Formation certifi\u00e9e et accr\u00e9dit\u00e9e<\/title>\n<meta name=\"description\" content=\"Apprenez les bonnes pratiques de pharmacovigilance en ligne avec les meilleurs experts en affaires r\u00e9glementaires. Commencez votre formation certifi\u00e9e d\u00e8s maintenant et obtenez une accr\u00e9ditation.\" \/>\n<meta name=\"robots\" content=\"index, follow, max-snippet:-1, max-image-preview:large, max-video-preview:-1\" \/>\n<link rel=\"canonical\" href=\"https:\/\/gxp-training.com\/fr\/online-course\/bonnes-pratiques-de-pharmacovigilance-gvp\/\" \/>\n<meta property=\"og:locale\" content=\"fr_FR\" \/>\n<meta property=\"og:type\" content=\"article\" \/>\n<meta property=\"og:title\" content=\"Bonnes pratiques de pharmacovigilance (GVP) - Formation certifi\u00e9e et accr\u00e9dit\u00e9e\" \/>\n<meta property=\"og:description\" content=\"Apprenez les bonnes pratiques de pharmacovigilance en ligne avec les meilleurs experts en affaires r\u00e9glementaires. Commencez votre formation certifi\u00e9e d\u00e8s maintenant et obtenez une accr\u00e9ditation.\" \/>\n<meta property=\"og:url\" content=\"https:\/\/gxp-training.com\/fr\/online-course\/bonnes-pratiques-de-pharmacovigilance-gvp\/\" \/>\n<meta property=\"og:site_name\" content=\"GxP Training : Certified Online Courses for Life Sciences\" \/>\n<meta property=\"og:image\" content=\"https:\/\/gxp-training.com\/wp-content\/uploads\/2022\/11\/GVP-Certified-Training.png\" \/>\n\t<meta property=\"og:image:width\" content=\"1000\" \/>\n\t<meta property=\"og:image:height\" content=\"700\" \/>\n\t<meta property=\"og:image:type\" content=\"image\/png\" \/>\n<meta name=\"twitter:card\" content=\"summary_large_image\" \/>\n<meta name=\"twitter:label1\" content=\"Dur\u00e9e de lecture estim\u00e9e\" \/>\n\t<meta name=\"twitter:data1\" content=\"1 minute\" \/>\n<script type=\"application\/ld+json\" class=\"yoast-schema-graph\">{\"@context\":\"https:\\\/\\\/schema.org\",\"@graph\":[{\"@type\":\"WebPage\",\"@id\":\"https:\\\/\\\/gxp-training.com\\\/fr\\\/online-course\\\/bonnes-pratiques-de-pharmacovigilance-gvp\\\/\",\"url\":\"https:\\\/\\\/gxp-training.com\\\/fr\\\/online-course\\\/bonnes-pratiques-de-pharmacovigilance-gvp\\\/\",\"name\":\"Bonnes pratiques de pharmacovigilance (GVP) - Formation certifi\u00e9e et accr\u00e9dit\u00e9e\",\"isPartOf\":{\"@id\":\"https:\\\/\\\/gxp-training.com\\\/fr\\\/#website\"},\"primaryImageOfPage\":{\"@id\":\"https:\\\/\\\/gxp-training.com\\\/fr\\\/online-course\\\/bonnes-pratiques-de-pharmacovigilance-gvp\\\/#primaryimage\"},\"image\":{\"@id\":\"https:\\\/\\\/gxp-training.com\\\/fr\\\/online-course\\\/bonnes-pratiques-de-pharmacovigilance-gvp\\\/#primaryimage\"},\"thumbnailUrl\":\"https:\\\/\\\/gxp-training.com\\\/wp-content\\\/uploads\\\/2022\\\/11\\\/GVP-Certified-Training.png\",\"datePublished\":\"2022-11-08T15:54:15+00:00\",\"description\":\"Apprenez les bonnes pratiques de pharmacovigilance en ligne avec les meilleurs experts en affaires r\u00e9glementaires. Commencez votre formation certifi\u00e9e d\u00e8s maintenant et obtenez une accr\u00e9ditation.\",\"breadcrumb\":{\"@id\":\"https:\\\/\\\/gxp-training.com\\\/fr\\\/online-course\\\/bonnes-pratiques-de-pharmacovigilance-gvp\\\/#breadcrumb\"},\"inLanguage\":\"fr-FR\",\"potentialAction\":[{\"@type\":\"ReadAction\",\"target\":[\"https:\\\/\\\/gxp-training.com\\\/fr\\\/online-course\\\/bonnes-pratiques-de-pharmacovigilance-gvp\\\/\"]}]},{\"@type\":\"ImageObject\",\"inLanguage\":\"fr-FR\",\"@id\":\"https:\\\/\\\/gxp-training.com\\\/fr\\\/online-course\\\/bonnes-pratiques-de-pharmacovigilance-gvp\\\/#primaryimage\",\"url\":\"https:\\\/\\\/gxp-training.com\\\/wp-content\\\/uploads\\\/2022\\\/11\\\/GVP-Certified-Training.png\",\"contentUrl\":\"https:\\\/\\\/gxp-training.com\\\/wp-content\\\/uploads\\\/2022\\\/11\\\/GVP-Certified-Training.png\",\"width\":1000,\"height\":700},{\"@type\":\"BreadcrumbList\",\"@id\":\"https:\\\/\\\/gxp-training.com\\\/fr\\\/online-course\\\/bonnes-pratiques-de-pharmacovigilance-gvp\\\/#breadcrumb\",\"itemListElement\":[{\"@type\":\"ListItem\",\"position\":1,\"name\":\"Accueil\",\"item\":\"https:\\\/\\\/gxp-training.com\\\/fr\\\/page-daccueil\\\/\"},{\"@type\":\"ListItem\",\"position\":2,\"name\":\"Produits\",\"item\":\"https:\\\/\\\/gxp-training.com\\\/fr\\\/shop\\\/\"},{\"@type\":\"ListItem\",\"position\":3,\"name\":\"Bonnes pratiques de pharmacovigilance (GVP)\"}]},{\"@type\":\"WebSite\",\"@id\":\"https:\\\/\\\/gxp-training.com\\\/fr\\\/#website\",\"url\":\"https:\\\/\\\/gxp-training.com\\\/fr\\\/\",\"name\":\"GxP Training : Certified Online Courses for Life Sciences\",\"description\":\"Online Trainings and Certified Courses in Regulatory Compliance for Pharmaceutical Experts\",\"publisher\":{\"@id\":\"https:\\\/\\\/gxp-training.com\\\/fr\\\/#organization\"},\"potentialAction\":[{\"@type\":\"SearchAction\",\"target\":{\"@type\":\"EntryPoint\",\"urlTemplate\":\"https:\\\/\\\/gxp-training.com\\\/fr\\\/?s={search_term_string}\"},\"query-input\":{\"@type\":\"PropertyValueSpecification\",\"valueRequired\":true,\"valueName\":\"search_term_string\"}}],\"inLanguage\":\"fr-FR\"},{\"@type\":\"Organization\",\"@id\":\"https:\\\/\\\/gxp-training.com\\\/fr\\\/#organization\",\"name\":\"GXP Training\",\"url\":\"https:\\\/\\\/gxp-training.com\\\/fr\\\/\",\"logo\":{\"@type\":\"ImageObject\",\"inLanguage\":\"fr-FR\",\"@id\":\"https:\\\/\\\/gxp-training.com\\\/fr\\\/#\\\/schema\\\/logo\\\/image\\\/\",\"url\":\"https:\\\/\\\/gxp-training.com\\\/wp-content\\\/uploads\\\/2022\\\/05\\\/logo-resize.png\",\"contentUrl\":\"https:\\\/\\\/gxp-training.com\\\/wp-content\\\/uploads\\\/2022\\\/05\\\/logo-resize.png\",\"width\":350,\"height\":100,\"caption\":\"GXP Training\"},\"image\":{\"@id\":\"https:\\\/\\\/gxp-training.com\\\/fr\\\/#\\\/schema\\\/logo\\\/image\\\/\"}}]}<\/script>\n<!-- \/ Yoast SEO plugin. -->","yoast_head_json":{"title":"Bonnes pratiques de pharmacovigilance (GVP) - Formation certifi\u00e9e et accr\u00e9dit\u00e9e","description":"Apprenez les bonnes pratiques de pharmacovigilance en ligne avec les meilleurs experts en affaires r\u00e9glementaires. Commencez votre formation certifi\u00e9e d\u00e8s maintenant et obtenez une accr\u00e9ditation.","robots":{"index":"index","follow":"follow","max-snippet":"max-snippet:-1","max-image-preview":"max-image-preview:large","max-video-preview":"max-video-preview:-1"},"canonical":"https:\/\/gxp-training.com\/fr\/online-course\/bonnes-pratiques-de-pharmacovigilance-gvp\/","og_locale":"fr_FR","og_type":"article","og_title":"Bonnes pratiques de pharmacovigilance (GVP) - Formation certifi\u00e9e et accr\u00e9dit\u00e9e","og_description":"Apprenez les bonnes pratiques de pharmacovigilance en ligne avec les meilleurs experts en affaires r\u00e9glementaires. Commencez votre formation certifi\u00e9e d\u00e8s maintenant et obtenez une accr\u00e9ditation.","og_url":"https:\/\/gxp-training.com\/fr\/online-course\/bonnes-pratiques-de-pharmacovigilance-gvp\/","og_site_name":"GxP Training : Certified Online Courses for Life Sciences","og_image":[{"width":1000,"height":700,"url":"https:\/\/gxp-training.com\/wp-content\/uploads\/2022\/11\/GVP-Certified-Training.png","type":"image\/png"}],"twitter_card":"summary_large_image","twitter_misc":{"Dur\u00e9e de lecture estim\u00e9e":"1 minute"},"schema":{"@context":"https:\/\/schema.org","@graph":[{"@type":"WebPage","@id":"https:\/\/gxp-training.com\/fr\/online-course\/bonnes-pratiques-de-pharmacovigilance-gvp\/","url":"https:\/\/gxp-training.com\/fr\/online-course\/bonnes-pratiques-de-pharmacovigilance-gvp\/","name":"Bonnes pratiques de pharmacovigilance (GVP) - Formation certifi\u00e9e et accr\u00e9dit\u00e9e","isPartOf":{"@id":"https:\/\/gxp-training.com\/fr\/#website"},"primaryImageOfPage":{"@id":"https:\/\/gxp-training.com\/fr\/online-course\/bonnes-pratiques-de-pharmacovigilance-gvp\/#primaryimage"},"image":{"@id":"https:\/\/gxp-training.com\/fr\/online-course\/bonnes-pratiques-de-pharmacovigilance-gvp\/#primaryimage"},"thumbnailUrl":"https:\/\/gxp-training.com\/wp-content\/uploads\/2022\/11\/GVP-Certified-Training.png","datePublished":"2022-11-08T15:54:15+00:00","description":"Apprenez les bonnes pratiques de pharmacovigilance en ligne avec les meilleurs experts en affaires r\u00e9glementaires. Commencez votre formation certifi\u00e9e d\u00e8s maintenant et obtenez une accr\u00e9ditation.","breadcrumb":{"@id":"https:\/\/gxp-training.com\/fr\/online-course\/bonnes-pratiques-de-pharmacovigilance-gvp\/#breadcrumb"},"inLanguage":"fr-FR","potentialAction":[{"@type":"ReadAction","target":["https:\/\/gxp-training.com\/fr\/online-course\/bonnes-pratiques-de-pharmacovigilance-gvp\/"]}]},{"@type":"ImageObject","inLanguage":"fr-FR","@id":"https:\/\/gxp-training.com\/fr\/online-course\/bonnes-pratiques-de-pharmacovigilance-gvp\/#primaryimage","url":"https:\/\/gxp-training.com\/wp-content\/uploads\/2022\/11\/GVP-Certified-Training.png","contentUrl":"https:\/\/gxp-training.com\/wp-content\/uploads\/2022\/11\/GVP-Certified-Training.png","width":1000,"height":700},{"@type":"BreadcrumbList","@id":"https:\/\/gxp-training.com\/fr\/online-course\/bonnes-pratiques-de-pharmacovigilance-gvp\/#breadcrumb","itemListElement":[{"@type":"ListItem","position":1,"name":"Accueil","item":"https:\/\/gxp-training.com\/fr\/page-daccueil\/"},{"@type":"ListItem","position":2,"name":"Produits","item":"https:\/\/gxp-training.com\/fr\/shop\/"},{"@type":"ListItem","position":3,"name":"Bonnes pratiques de pharmacovigilance (GVP)"}]},{"@type":"WebSite","@id":"https:\/\/gxp-training.com\/fr\/#website","url":"https:\/\/gxp-training.com\/fr\/","name":"GxP Training : Certified Online Courses for Life Sciences","description":"Online Trainings and Certified Courses in Regulatory Compliance for Pharmaceutical Experts","publisher":{"@id":"https:\/\/gxp-training.com\/fr\/#organization"},"potentialAction":[{"@type":"SearchAction","target":{"@type":"EntryPoint","urlTemplate":"https:\/\/gxp-training.com\/fr\/?s={search_term_string}"},"query-input":{"@type":"PropertyValueSpecification","valueRequired":true,"valueName":"search_term_string"}}],"inLanguage":"fr-FR"},{"@type":"Organization","@id":"https:\/\/gxp-training.com\/fr\/#organization","name":"GXP Training","url":"https:\/\/gxp-training.com\/fr\/","logo":{"@type":"ImageObject","inLanguage":"fr-FR","@id":"https:\/\/gxp-training.com\/fr\/#\/schema\/logo\/image\/","url":"https:\/\/gxp-training.com\/wp-content\/uploads\/2022\/05\/logo-resize.png","contentUrl":"https:\/\/gxp-training.com\/wp-content\/uploads\/2022\/05\/logo-resize.png","width":350,"height":100,"caption":"GXP Training"},"image":{"@id":"https:\/\/gxp-training.com\/fr\/#\/schema\/logo\/image\/"}}]}},"_links":{"self":[{"href":"https:\/\/gxp-training.com\/fr\/wp-json\/wp\/v2\/product\/57115","targetHints":{"allow":["GET"]}}],"collection":[{"href":"https:\/\/gxp-training.com\/fr\/wp-json\/wp\/v2\/product"}],"about":[{"href":"https:\/\/gxp-training.com\/fr\/wp-json\/wp\/v2\/types\/product"}],"wp:featuredmedia":[{"embeddable":true,"href":"https:\/\/gxp-training.com\/fr\/wp-json\/wp\/v2\/media\/55797"}],"wp:attachment":[{"href":"https:\/\/gxp-training.com\/fr\/wp-json\/wp\/v2\/media?parent=57115"}],"wp:term":[{"taxonomy":"product_brand","embeddable":true,"href":"https:\/\/gxp-training.com\/fr\/wp-json\/wp\/v2\/product_brand?post=57115"},{"taxonomy":"product_cat","embeddable":true,"href":"https:\/\/gxp-training.com\/fr\/wp-json\/wp\/v2\/product_cat?post=57115"},{"taxonomy":"product_tag","embeddable":true,"href":"https:\/\/gxp-training.com\/fr\/wp-json\/wp\/v2\/product_tag?post=57115"}],"curies":[{"name":"wp","href":"https:\/\/api.w.org\/{rel}","templated":true}]}}