{"id":57109,"date":"2022-11-10T17:03:12","date_gmt":"2022-11-10T16:03:12","guid":{"rendered":"https:\/\/gxp-training.com\/online-course\/introduction-aux-gxp\/"},"modified":"2022-11-10T17:03:12","modified_gmt":"2022-11-10T16:03:12","slug":"introduction-aux-gxp","status":"publish","type":"product","link":"https:\/\/gxp-training.com\/fr\/online-course\/introduction-aux-gxp\/","title":{"rendered":"Introduction aux GxP"},"content":{"rendered":"<div class=\"description\">\n<p data-start=\"409\" data-end=\"672\">Les GxP d\u00e9signent un ensemble de lignes directrices de qualit\u00e9 et de conformit\u00e9 appliqu\u00e9es dans les secteurs pharmaceutique, biotechnologique et autres sciences de la vie. Ces lignes directrices garantissent que les produits sont s\u00fbrs, efficaces et r\u00e9pondent aux exigences r\u00e9glementaires du d\u00e9veloppement \u00e0 la livraison. <\/p>\n<p data-start=\"674\" data-end=\"857\">Que vous travailliez dans <strong data-start=\"692\" data-end=\"747\"><a href=\"https:\/\/gxp-training.com\/fr\/gxp-courses\/bpf-bonnes-pratiques-de-fabrication\/\">la fabrication<\/a>, les essais cliniques, l&rsquo;assurance qualit\u00e9 ou la distribution<\/strong>, cette formation offre une introduction claire et pratique aux principes GxP cl\u00e9s qui structurent votre secteur.<\/p>\n<p data-start=\"674\" data-end=\"857\">Cette formation est id\u00e9ale pour les professionnels travaillant dans ou entrant dans <strong data-start=\"66\" data-end=\"125\">les secteurs pharmaceutique, biotechnologique ou des sciences de la vie.<\/strong> Elle constitue une base solide pour <strong data-start=\"281\" data-end=\"362\">les nouveaux embauch\u00e9s, les stagiaires ou toute personne se pr\u00e9parant \u00e0 des audits ou inspections r\u00e9glementaires<\/strong>.<\/p>\n<p data-start=\"859\" data-end=\"1087\">Con\u00e7ue par une \u00e9quipe de professionnels exp\u00e9riment\u00e9s en affaires r\u00e9glementaires, cette formation est dirig\u00e9e par des experts qualifi\u00e9s de la Northeastern University, Boston, avec une exp\u00e9rience concr\u00e8te reliant th\u00e9orie et pratique r\u00e9glementaires.<\/p>\n<h3 data-start=\"1094\" data-end=\"1117\">Que vais-je apprendre ?<\/h3>\n<p data-start=\"1119\" data-end=\"1166\">\u00c0 l&rsquo;issue de cette formation, vous serez en mesure de :<\/p>\n<ul data-start=\"1168\" data-end=\"1512\">\n<li data-start=\"1168\" data-end=\"1252\">\n<p data-start=\"1170\" data-end=\"1252\">Comprendre les <strong data-start=\"1185\" data-end=\"1204\">principes fondamentaux<\/strong> des GxP et leur r\u00f4le dans la conformit\u00e9 r\u00e9glementaire.<\/p>\n<\/li>\n<li data-start=\"1253\" data-end=\"1318\">\n<p data-start=\"1255\" data-end=\"1318\">Diff\u00e9rencier les GxP et les normes <strong data-start=\"1285\" data-end=\"1307\">GxP actuelles (cGxP)<\/strong>.<\/p>\n<\/li>\n<li data-start=\"1319\" data-end=\"1435\">\n<p data-start=\"1321\" data-end=\"1435\">Identifier comment chaque domaine GxP majeur (BPF, BPL, <a href=\"https:\/\/gxp-training.com\/online-course\/gxp2065-good-distribution-practice\/\">BPD<\/a>, BPC, BPDoc) s&rsquo;applique aux diff\u00e9rentes \u00e9tapes du cycle de vie du produit.<\/p>\n<\/li>\n<li data-start=\"1436\" data-end=\"1512\">\n<p data-start=\"1438\" data-end=\"1512\">Parler avec assurance des GxP lors d&rsquo;audits, d&rsquo;inspections et de formations internes.<\/p>\n<\/li>\n<\/ul>\n<\/div>\n<p>&nbsp;<\/p>\n<h3>Programme :<\/h3>\n<p>&nbsp;<\/p>\n<p><strong>Le\u00e7on 1 : Introduction aux lignes directrices GxP<\/strong><\/p>\n<ul>\n<li>Qu&rsquo;est-ce que les GxP<\/li>\n<li>GxP vs cGxP<\/li>\n<\/ul>\n<p>&nbsp;<\/p>\n<p><strong>Le\u00e7on 2 : Les multiples facettes des GxP<\/strong><\/p>\n<p>&nbsp;<\/p>\n<p><strong>Le\u00e7on 3 : Bonnes pratiques de fabrication (BPF)<\/strong><\/p>\n<p>&nbsp;<\/p>\n<p><strong>Le\u00e7on 4 : Bonnes pratiques de laboratoire (BPL)<\/strong><\/p>\n<p>&nbsp;<\/p>\n<p><strong>Le\u00e7on 5 : Bonnes pratiques de distribution (BPD)<\/strong><\/p>\n<p>&nbsp;<\/p>\n<p><strong>Le\u00e7on 6 : Bonnes pratiques cliniques (BPC)<\/strong><\/p>\n<p>&nbsp;<\/p>\n<p><strong>Le\u00e7on 7 : Bonnes pratiques de documentation (BPDoc)<\/strong><\/p>\n<p>&nbsp;<\/p>\n<p><strong>Conclusion<\/strong><\/p>\n<p>&nbsp;<\/p>\n<p><strong>Glossaire<\/strong><\/p>\n<p>&nbsp;<\/p>\n<p><strong>\u00c9valuation<\/strong><\/p>\n","protected":false},"excerpt":{"rendered":"<p>Les GxP d\u00e9signent un ensemble de lignes directrices de qualit\u00e9 et de conformit\u00e9 appliqu\u00e9es dans les secteurs pharmaceutique, biotechnologique et autres sciences de la vie. Ces lignes directrices garantissent que les produits sont s\u00fbrs, efficaces et r\u00e9pondent aux exigences r\u00e9glementaires du d\u00e9veloppement \u00e0 la livraison. Que vous travailliez dans la fabrication, les essais cliniques, l&rsquo;assurance [&hellip;]<\/p>\n","protected":false},"featured_media":43060,"template":"","meta":{"_acf_changed":false,"content-type":""},"product_brand":[],"product_cat":[255,260,257,261,256,262,259,263,258,264],"product_tag":[],"class_list":{"0":"post-57109","1":"product","2":"type-product","3":"status-publish","4":"has-post-thumbnail","6":"product_cat-affaires-reglementaires","7":"product_cat-alimentation-et-nutrition","8":"product_cat-assurance-qualite","9":"product_cat-cosmetiques","10":"product_cat-dispositifs-medicaux","11":"product_cat-hopitaux-et-etablissements-de-sante","12":"product_cat-laboratoires","13":"product_cat-organisme-de-recherche-sous-contrat-cro","14":"product_cat-pharmaceutique","15":"product_cat-transversal","17":"first","18":"instock","19":"taxable","20":"shipping-taxable","21":"purchasable","22":"product-type-subscription"},"bundled_by":[],"bundle_stock_status":"instock","bundle_stock_quantity":null,"bundle_virtual":false,"bundle_layout":"","bundle_add_to_cart_form_location":"","bundle_editable_in_cart":false,"bundle_sold_individually_context":"","bundle_item_grouping":"","bundle_min_size":"","bundle_max_size":"","bundle_price":[],"bundled_items":[],"bundle_sell_ids":[],"acf":[],"yoast_head":"<!-- This site is optimized with the Yoast SEO plugin v27.5 - https:\/\/yoast.com\/product\/yoast-seo-wordpress\/ -->\n<title>Formation en ligne et certification Introduction aux GxP<\/title>\n<meta name=\"description\" content=\"Commencez votre formation en ligne GxP avec les meilleurs experts pharmaceutiques et m\u00e9dicaux. Formation certifiante couvrant toutes les exigences GxP : BPF, BPL, BPC, BPD, ...\" \/>\n<meta name=\"robots\" content=\"index, follow, max-snippet:-1, max-image-preview:large, max-video-preview:-1\" \/>\n<link rel=\"canonical\" href=\"https:\/\/gxp-training.com\/fr\/online-course\/introduction-aux-gxp\/\" \/>\n<meta property=\"og:locale\" content=\"fr_FR\" \/>\n<meta property=\"og:type\" content=\"article\" \/>\n<meta property=\"og:title\" content=\"Formation en ligne et certification Introduction aux GxP\" \/>\n<meta property=\"og:description\" content=\"Commencez votre formation en ligne GxP avec les meilleurs experts pharmaceutiques et m\u00e9dicaux. Formation certifiante couvrant toutes les exigences GxP : BPF, BPL, BPC, BPD, ...\" \/>\n<meta property=\"og:url\" content=\"https:\/\/gxp-training.com\/fr\/online-course\/introduction-aux-gxp\/\" \/>\n<meta property=\"og:site_name\" content=\"GxP Training : Certified Online Courses for Life Sciences\" \/>\n<meta property=\"og:image\" content=\"https:\/\/gxp-training.com\/wp-content\/uploads\/2022\/11\/intro-to-gxp.png\" \/>\n\t<meta property=\"og:image:width\" content=\"1000\" \/>\n\t<meta property=\"og:image:height\" content=\"700\" \/>\n\t<meta property=\"og:image:type\" content=\"image\/png\" \/>\n<meta name=\"twitter:card\" content=\"summary_large_image\" \/>\n<meta name=\"twitter:label1\" content=\"Dur\u00e9e de lecture estim\u00e9e\" \/>\n\t<meta name=\"twitter:data1\" content=\"2 minutes\" \/>\n<script type=\"application\/ld+json\" class=\"yoast-schema-graph\">{\"@context\":\"https:\\\/\\\/schema.org\",\"@graph\":[{\"@type\":\"WebPage\",\"@id\":\"https:\\\/\\\/gxp-training.com\\\/fr\\\/online-course\\\/introduction-aux-gxp\\\/\",\"url\":\"https:\\\/\\\/gxp-training.com\\\/fr\\\/online-course\\\/introduction-aux-gxp\\\/\",\"name\":\"Formation en ligne et certification Introduction aux GxP\",\"isPartOf\":{\"@id\":\"https:\\\/\\\/gxp-training.com\\\/fr\\\/#website\"},\"primaryImageOfPage\":{\"@id\":\"https:\\\/\\\/gxp-training.com\\\/fr\\\/online-course\\\/introduction-aux-gxp\\\/#primaryimage\"},\"image\":{\"@id\":\"https:\\\/\\\/gxp-training.com\\\/fr\\\/online-course\\\/introduction-aux-gxp\\\/#primaryimage\"},\"thumbnailUrl\":\"https:\\\/\\\/gxp-training.com\\\/wp-content\\\/uploads\\\/2022\\\/11\\\/intro-to-gxp.png\",\"datePublished\":\"2022-11-10T16:03:12+00:00\",\"description\":\"Commencez votre formation en ligne GxP avec les meilleurs experts pharmaceutiques et m\u00e9dicaux. Formation certifiante couvrant toutes les exigences GxP : BPF, BPL, BPC, BPD, ...\",\"breadcrumb\":{\"@id\":\"https:\\\/\\\/gxp-training.com\\\/fr\\\/online-course\\\/introduction-aux-gxp\\\/#breadcrumb\"},\"inLanguage\":\"fr-FR\",\"potentialAction\":[{\"@type\":\"ReadAction\",\"target\":[\"https:\\\/\\\/gxp-training.com\\\/fr\\\/online-course\\\/introduction-aux-gxp\\\/\"]}]},{\"@type\":\"ImageObject\",\"inLanguage\":\"fr-FR\",\"@id\":\"https:\\\/\\\/gxp-training.com\\\/fr\\\/online-course\\\/introduction-aux-gxp\\\/#primaryimage\",\"url\":\"https:\\\/\\\/gxp-training.com\\\/wp-content\\\/uploads\\\/2022\\\/11\\\/intro-to-gxp.png\",\"contentUrl\":\"https:\\\/\\\/gxp-training.com\\\/wp-content\\\/uploads\\\/2022\\\/11\\\/intro-to-gxp.png\",\"width\":1000,\"height\":700},{\"@type\":\"BreadcrumbList\",\"@id\":\"https:\\\/\\\/gxp-training.com\\\/fr\\\/online-course\\\/introduction-aux-gxp\\\/#breadcrumb\",\"itemListElement\":[{\"@type\":\"ListItem\",\"position\":1,\"name\":\"Accueil\",\"item\":\"https:\\\/\\\/gxp-training.com\\\/fr\\\/page-daccueil\\\/\"},{\"@type\":\"ListItem\",\"position\":2,\"name\":\"Produits\",\"item\":\"https:\\\/\\\/gxp-training.com\\\/fr\\\/shop\\\/\"},{\"@type\":\"ListItem\",\"position\":3,\"name\":\"Introduction aux GxP\"}]},{\"@type\":\"WebSite\",\"@id\":\"https:\\\/\\\/gxp-training.com\\\/fr\\\/#website\",\"url\":\"https:\\\/\\\/gxp-training.com\\\/fr\\\/\",\"name\":\"GxP Training : Certified Online Courses for Life Sciences\",\"description\":\"Online Trainings and Certified Courses in Regulatory Compliance for Pharmaceutical Experts\",\"publisher\":{\"@id\":\"https:\\\/\\\/gxp-training.com\\\/fr\\\/#organization\"},\"potentialAction\":[{\"@type\":\"SearchAction\",\"target\":{\"@type\":\"EntryPoint\",\"urlTemplate\":\"https:\\\/\\\/gxp-training.com\\\/fr\\\/?s={search_term_string}\"},\"query-input\":{\"@type\":\"PropertyValueSpecification\",\"valueRequired\":true,\"valueName\":\"search_term_string\"}}],\"inLanguage\":\"fr-FR\"},{\"@type\":\"Organization\",\"@id\":\"https:\\\/\\\/gxp-training.com\\\/fr\\\/#organization\",\"name\":\"GXP Training\",\"url\":\"https:\\\/\\\/gxp-training.com\\\/fr\\\/\",\"logo\":{\"@type\":\"ImageObject\",\"inLanguage\":\"fr-FR\",\"@id\":\"https:\\\/\\\/gxp-training.com\\\/fr\\\/#\\\/schema\\\/logo\\\/image\\\/\",\"url\":\"https:\\\/\\\/gxp-training.com\\\/wp-content\\\/uploads\\\/2022\\\/05\\\/logo-resize.png\",\"contentUrl\":\"https:\\\/\\\/gxp-training.com\\\/wp-content\\\/uploads\\\/2022\\\/05\\\/logo-resize.png\",\"width\":350,\"height\":100,\"caption\":\"GXP Training\"},\"image\":{\"@id\":\"https:\\\/\\\/gxp-training.com\\\/fr\\\/#\\\/schema\\\/logo\\\/image\\\/\"}}]}<\/script>\n<!-- \/ Yoast SEO plugin. -->","yoast_head_json":{"title":"Formation en ligne et certification Introduction aux GxP","description":"Commencez votre formation en ligne GxP avec les meilleurs experts pharmaceutiques et m\u00e9dicaux. Formation certifiante couvrant toutes les exigences GxP : BPF, BPL, BPC, BPD, ...","robots":{"index":"index","follow":"follow","max-snippet":"max-snippet:-1","max-image-preview":"max-image-preview:large","max-video-preview":"max-video-preview:-1"},"canonical":"https:\/\/gxp-training.com\/fr\/online-course\/introduction-aux-gxp\/","og_locale":"fr_FR","og_type":"article","og_title":"Formation en ligne et certification Introduction aux GxP","og_description":"Commencez votre formation en ligne GxP avec les meilleurs experts pharmaceutiques et m\u00e9dicaux. Formation certifiante couvrant toutes les exigences GxP : BPF, BPL, BPC, BPD, ...","og_url":"https:\/\/gxp-training.com\/fr\/online-course\/introduction-aux-gxp\/","og_site_name":"GxP Training : Certified Online Courses for Life Sciences","og_image":[{"width":1000,"height":700,"url":"https:\/\/gxp-training.com\/wp-content\/uploads\/2022\/11\/intro-to-gxp.png","type":"image\/png"}],"twitter_card":"summary_large_image","twitter_misc":{"Dur\u00e9e de lecture estim\u00e9e":"2 minutes"},"schema":{"@context":"https:\/\/schema.org","@graph":[{"@type":"WebPage","@id":"https:\/\/gxp-training.com\/fr\/online-course\/introduction-aux-gxp\/","url":"https:\/\/gxp-training.com\/fr\/online-course\/introduction-aux-gxp\/","name":"Formation en ligne et certification Introduction aux GxP","isPartOf":{"@id":"https:\/\/gxp-training.com\/fr\/#website"},"primaryImageOfPage":{"@id":"https:\/\/gxp-training.com\/fr\/online-course\/introduction-aux-gxp\/#primaryimage"},"image":{"@id":"https:\/\/gxp-training.com\/fr\/online-course\/introduction-aux-gxp\/#primaryimage"},"thumbnailUrl":"https:\/\/gxp-training.com\/wp-content\/uploads\/2022\/11\/intro-to-gxp.png","datePublished":"2022-11-10T16:03:12+00:00","description":"Commencez votre formation en ligne GxP avec les meilleurs experts pharmaceutiques et m\u00e9dicaux. Formation certifiante couvrant toutes les exigences GxP : BPF, BPL, BPC, BPD, ...","breadcrumb":{"@id":"https:\/\/gxp-training.com\/fr\/online-course\/introduction-aux-gxp\/#breadcrumb"},"inLanguage":"fr-FR","potentialAction":[{"@type":"ReadAction","target":["https:\/\/gxp-training.com\/fr\/online-course\/introduction-aux-gxp\/"]}]},{"@type":"ImageObject","inLanguage":"fr-FR","@id":"https:\/\/gxp-training.com\/fr\/online-course\/introduction-aux-gxp\/#primaryimage","url":"https:\/\/gxp-training.com\/wp-content\/uploads\/2022\/11\/intro-to-gxp.png","contentUrl":"https:\/\/gxp-training.com\/wp-content\/uploads\/2022\/11\/intro-to-gxp.png","width":1000,"height":700},{"@type":"BreadcrumbList","@id":"https:\/\/gxp-training.com\/fr\/online-course\/introduction-aux-gxp\/#breadcrumb","itemListElement":[{"@type":"ListItem","position":1,"name":"Accueil","item":"https:\/\/gxp-training.com\/fr\/page-daccueil\/"},{"@type":"ListItem","position":2,"name":"Produits","item":"https:\/\/gxp-training.com\/fr\/shop\/"},{"@type":"ListItem","position":3,"name":"Introduction aux GxP"}]},{"@type":"WebSite","@id":"https:\/\/gxp-training.com\/fr\/#website","url":"https:\/\/gxp-training.com\/fr\/","name":"GxP Training : Certified Online Courses for Life Sciences","description":"Online Trainings and Certified Courses in Regulatory Compliance for Pharmaceutical Experts","publisher":{"@id":"https:\/\/gxp-training.com\/fr\/#organization"},"potentialAction":[{"@type":"SearchAction","target":{"@type":"EntryPoint","urlTemplate":"https:\/\/gxp-training.com\/fr\/?s={search_term_string}"},"query-input":{"@type":"PropertyValueSpecification","valueRequired":true,"valueName":"search_term_string"}}],"inLanguage":"fr-FR"},{"@type":"Organization","@id":"https:\/\/gxp-training.com\/fr\/#organization","name":"GXP Training","url":"https:\/\/gxp-training.com\/fr\/","logo":{"@type":"ImageObject","inLanguage":"fr-FR","@id":"https:\/\/gxp-training.com\/fr\/#\/schema\/logo\/image\/","url":"https:\/\/gxp-training.com\/wp-content\/uploads\/2022\/05\/logo-resize.png","contentUrl":"https:\/\/gxp-training.com\/wp-content\/uploads\/2022\/05\/logo-resize.png","width":350,"height":100,"caption":"GXP Training"},"image":{"@id":"https:\/\/gxp-training.com\/fr\/#\/schema\/logo\/image\/"}}]}},"_links":{"self":[{"href":"https:\/\/gxp-training.com\/fr\/wp-json\/wp\/v2\/product\/57109","targetHints":{"allow":["GET"]}}],"collection":[{"href":"https:\/\/gxp-training.com\/fr\/wp-json\/wp\/v2\/product"}],"about":[{"href":"https:\/\/gxp-training.com\/fr\/wp-json\/wp\/v2\/types\/product"}],"wp:featuredmedia":[{"embeddable":true,"href":"https:\/\/gxp-training.com\/fr\/wp-json\/wp\/v2\/media\/43060"}],"wp:attachment":[{"href":"https:\/\/gxp-training.com\/fr\/wp-json\/wp\/v2\/media?parent=57109"}],"wp:term":[{"taxonomy":"product_brand","embeddable":true,"href":"https:\/\/gxp-training.com\/fr\/wp-json\/wp\/v2\/product_brand?post=57109"},{"taxonomy":"product_cat","embeddable":true,"href":"https:\/\/gxp-training.com\/fr\/wp-json\/wp\/v2\/product_cat?post=57109"},{"taxonomy":"product_tag","embeddable":true,"href":"https:\/\/gxp-training.com\/fr\/wp-json\/wp\/v2\/product_tag?post=57109"}],"curies":[{"name":"wp","href":"https:\/\/api.w.org\/{rel}","templated":true}]}}