{"id":57108,"date":"2022-11-17T14:57:34","date_gmt":"2022-11-17T14:57:34","guid":{"rendered":"https:\/\/gxp-training.com\/online-course\/bpf-pour-les-dispositifs-medicaux-et-fda-21-cfr-part-820\/"},"modified":"2022-11-17T14:57:34","modified_gmt":"2022-11-17T13:57:34","slug":"bpf-pour-les-dispositifs-medicaux-et-fda-21-cfr-part-820","status":"publish","type":"product","link":"https:\/\/gxp-training.com\/fr\/online-course\/bpf-pour-les-dispositifs-medicaux-et-fda-21-cfr-part-820\/","title":{"rendered":"BPF pour les dispositifs m\u00e9dicaux et FDA 21 CFR PART 820"},"content":{"rendered":"<p>Toutes les proc\u00e9dures m\u00e9dicales courantes n\u00e9cessitent des dispositifs m\u00e9dicaux, utilis\u00e9s aussi bien par des particuliers \u00e0 domicile que par des professionnels de sant\u00e9 en milieu m\u00e9dical. Des soins palliatifs au diagnostic, en passant par la pr\u00e9vention et le d\u00e9pistage, les dispositifs m\u00e9dicaux interviennent partout. Il est donc vital qu\u2019ils respectent les normes de qualit\u00e9 les plus strictes.  <\/p>\n<div class=\"noOutline\" data-ba-index=\"5\" data-ba=\"lessonEdit.block\" data-block-id=\"cl9phdl4900cu286ddag8srng\">\n<div>\n<div class=\"block-image block-image--text-aside block-image--legacy \" data-ba=\"blocks.blockImage\">\n<div class=\"block-image__container\">\n<div class=\"block-image__row\">\n<div class=\"block-image__col\">\n<div class=\"block-image__text brand--body brand--linkColor brand--linkColor\">\n<div class=\"fr-view\">\n<p><a href=\"https:\/\/gxp-training.com\/online-course\/gxp1861-introduction-to-good-manufacturing-practice\/\">Les BPF ou Bonnes Pratiques de Fabrication<\/a> pour les dispositifs m\u00e9dicaux d\u00e9signent un ensemble de directives et de r\u00e9glementations garantissant que les dispositifs m\u00e9dicaux sont produits de mani\u00e8re constante selon des normes de qualit\u00e9 \u00e9lev\u00e9es. La conformit\u00e9 aux BPF est essentielle car elle garantit la qualit\u00e9, la s\u00e9curit\u00e9, la puissance et la puret\u00e9 du produit final. <\/p>\n<\/div>\n<\/div>\n<\/div>\n<\/div>\n<\/div>\n<\/div>\n<\/div>\n<\/div>\n<p>Cette formation en ligne couvre \u00e9galement des aspects tels que le stockage, la distribution, l\u2019installation, la maintenance et la prestation de services associ\u00e9s.<\/p>\n<p>&nbsp;<\/p>\n<h3>Programme :<\/h3>\n<p>&nbsp;<\/p>\n<p><strong>Introduction<\/strong><\/p>\n<p>&nbsp;<\/p>\n<p><strong>Le\u00e7on 1 : Ma\u00eetrise de la conception des dispositifs m\u00e9dicaux<\/strong><\/p>\n<ul>\n<li>Qu\u2019est-ce que la ma\u00eetrise de la conception ?<\/li>\n<li>Quel est le processus d\u2019application de la ma\u00eetrise de la conception aux dispositifs m\u00e9dicaux ?<\/li>\n<\/ul>\n<p>&nbsp;<\/p>\n<p><strong>Le\u00e7on 2 : Ma\u00eetrise des documents relatifs aux dispositifs m\u00e9dicaux<\/strong><\/p>\n<ul>\n<li>Approbation et distribution des documents<\/li>\n<\/ul>\n<p>&nbsp;<\/p>\n<p><strong>Le\u00e7on 3 : Ma\u00eetrise des achats de dispositifs m\u00e9dicaux<\/strong><\/p>\n<ul>\n<li>\u00c9valuation des fournisseurs, prestataires et consultants<\/li>\n<li>\u00c9tendue du contr\u00f4le<\/li>\n<li>Donn\u00e9es d\u2019achat<\/li>\n<\/ul>\n<p>&nbsp;<\/p>\n<p><strong>Le\u00e7on 4 : Identification et tra\u00e7abilit\u00e9<\/strong><\/p>\n<p>&nbsp;<\/p>\n<p><strong>Le\u00e7on 5 : Ma\u00eetrise de la production et des processus<\/strong><\/p>\n<p>&nbsp;<\/p>\n<p><strong>Le\u00e7on 6 : Activit\u00e9s d\u2019acceptation<\/strong><\/p>\n<p>&nbsp;<\/p>\n<p><strong>Le\u00e7on 7 : Exigences relatives aux produits non conformes<\/strong><\/p>\n<p>&nbsp;<\/p>\n<p><strong>Le\u00e7on 8 : <a href=\"https:\/\/gxp-training.com\/online-course\/gxp2146-corrective-action-and-preventive-action-capa\/\">Actions correctives et pr\u00e9ventives (CAPA)<\/a><\/strong><\/p>\n<p>&nbsp;<\/p>\n<p><strong>Le\u00e7on 9 : Ma\u00eetrise de l\u2019\u00e9tiquetage et de l\u2019emballage des dispositifs m\u00e9dicaux<\/strong><\/p>\n<p>&nbsp;<\/p>\n<p><strong>Le\u00e7on 10 : Manipulation, stockage, distribution et installation des dispositifs m\u00e9dicaux<\/strong><\/p>\n<p>&nbsp;<\/p>\n<p><strong>Le\u00e7on 11 : <a href=\"https:\/\/gxp-training.com\/online-course\/gxp2175-records-archiving-and-retention\/\">Enregistrements<\/a><\/strong><\/p>\n<ul>\n<li>Dossier historique du dispositif (DHR)<\/li>\n<li>Dossier ma\u00eetre du dispositif (DMR)<\/li>\n<li>Dossier historique du dispositif (DHR)<\/li>\n<\/ul>\n<p>&nbsp;<\/p>\n<p><strong>Le\u00e7on 12 : Maintenance et techniques statistiques<\/strong><\/p>\n<p>&nbsp;<\/p>\n<p><strong>Glossaire<\/strong><\/p>\n<p>&nbsp;<\/p>\n<p><strong>\u00c9valuation<\/strong><\/p>\n","protected":false},"excerpt":{"rendered":"<p>Toutes les proc\u00e9dures m\u00e9dicales courantes n\u00e9cessitent des dispositifs m\u00e9dicaux, utilis\u00e9s aussi bien par des particuliers \u00e0 domicile que par des professionnels de sant\u00e9 en milieu m\u00e9dical. Des soins palliatifs au diagnostic, en passant par la pr\u00e9vention et le d\u00e9pistage, les dispositifs m\u00e9dicaux interviennent partout. Il est donc vital qu\u2019ils respectent les normes de qualit\u00e9 les [&hellip;]<\/p>\n","protected":false},"featured_media":43009,"template":"","meta":{"_acf_changed":false,"content-type":""},"product_brand":[],"product_cat":[254,256],"product_tag":[],"class_list":{"0":"post-57108","1":"product","2":"type-product","3":"status-publish","4":"has-post-thumbnail","6":"product_cat-bpf-bonnes-pratiques-de-fabrication","7":"product_cat-dispositifs-medicaux","9":"first","10":"instock","11":"taxable","12":"shipping-taxable","13":"purchasable","14":"product-type-subscription"},"bundled_by":[],"bundle_stock_status":"instock","bundle_stock_quantity":null,"bundle_virtual":false,"bundle_layout":"","bundle_add_to_cart_form_location":"","bundle_editable_in_cart":false,"bundle_sold_individually_context":"","bundle_item_grouping":"","bundle_min_size":"","bundle_max_size":"","bundle_price":[],"bundled_items":[],"bundle_sell_ids":[],"acf":[],"yoast_head":"<!-- This site is optimized with the Yoast SEO plugin v27.5 - https:\/\/yoast.com\/product\/yoast-seo-wordpress\/ -->\n<title>Formation en ligne BPF pour les dispositifs m\u00e9dicaux : FDA 21 CFR PART 820<\/title>\n<meta name=\"description\" content=\"Obtenez votre certification en BPF pour les dispositifs m\u00e9dicaux et FDA 21 CFR PART 820. Inscrivez-vous d\u00e8s maintenant \u00e0 notre formation en ligne et recevez votre certificat.\" \/>\n<meta name=\"robots\" content=\"index, follow, max-snippet:-1, max-image-preview:large, max-video-preview:-1\" \/>\n<link rel=\"canonical\" href=\"https:\/\/gxp-training.com\/fr\/online-course\/bpf-pour-les-dispositifs-medicaux-et-fda-21-cfr-part-820\/\" \/>\n<meta property=\"og:locale\" content=\"fr_FR\" \/>\n<meta property=\"og:type\" content=\"article\" \/>\n<meta property=\"og:title\" content=\"Formation en ligne BPF pour les dispositifs m\u00e9dicaux : FDA 21 CFR PART 820\" \/>\n<meta property=\"og:description\" content=\"Obtenez votre certification en BPF pour les dispositifs m\u00e9dicaux et FDA 21 CFR PART 820. Inscrivez-vous d\u00e8s maintenant \u00e0 notre formation en ligne et recevez votre certificat.\" \/>\n<meta property=\"og:url\" content=\"https:\/\/gxp-training.com\/fr\/online-course\/bpf-pour-les-dispositifs-medicaux-et-fda-21-cfr-part-820\/\" \/>\n<meta property=\"og:site_name\" content=\"GxP Training : Certified Online Courses for Life Sciences\" \/>\n<meta property=\"og:image\" content=\"https:\/\/gxp-training.com\/wp-content\/uploads\/2022\/11\/FDA-21-CFR-820-training.png\" \/>\n\t<meta property=\"og:image:width\" content=\"1000\" \/>\n\t<meta property=\"og:image:height\" content=\"700\" \/>\n\t<meta property=\"og:image:type\" content=\"image\/png\" \/>\n<meta name=\"twitter:card\" content=\"summary_large_image\" \/>\n<meta name=\"twitter:label1\" content=\"Dur\u00e9e de lecture estim\u00e9e\" \/>\n\t<meta name=\"twitter:data1\" content=\"2 minutes\" \/>\n<script type=\"application\/ld+json\" class=\"yoast-schema-graph\">{\"@context\":\"https:\\\/\\\/schema.org\",\"@graph\":[{\"@type\":\"WebPage\",\"@id\":\"https:\\\/\\\/gxp-training.com\\\/fr\\\/online-course\\\/bpf-pour-les-dispositifs-medicaux-et-fda-21-cfr-part-820\\\/\",\"url\":\"https:\\\/\\\/gxp-training.com\\\/fr\\\/online-course\\\/bpf-pour-les-dispositifs-medicaux-et-fda-21-cfr-part-820\\\/\",\"name\":\"Formation en ligne BPF pour les dispositifs m\u00e9dicaux : FDA 21 CFR PART 820\",\"isPartOf\":{\"@id\":\"https:\\\/\\\/gxp-training.com\\\/fr\\\/#website\"},\"primaryImageOfPage\":{\"@id\":\"https:\\\/\\\/gxp-training.com\\\/fr\\\/online-course\\\/bpf-pour-les-dispositifs-medicaux-et-fda-21-cfr-part-820\\\/#primaryimage\"},\"image\":{\"@id\":\"https:\\\/\\\/gxp-training.com\\\/fr\\\/online-course\\\/bpf-pour-les-dispositifs-medicaux-et-fda-21-cfr-part-820\\\/#primaryimage\"},\"thumbnailUrl\":\"https:\\\/\\\/gxp-training.com\\\/wp-content\\\/uploads\\\/2022\\\/11\\\/FDA-21-CFR-820-training.png\",\"datePublished\":\"2022-11-17T14:57:34+00:00\",\"description\":\"Obtenez votre certification en BPF pour les dispositifs m\u00e9dicaux et FDA 21 CFR PART 820. Inscrivez-vous d\u00e8s maintenant \u00e0 notre formation en ligne et recevez votre certificat.\",\"breadcrumb\":{\"@id\":\"https:\\\/\\\/gxp-training.com\\\/fr\\\/online-course\\\/bpf-pour-les-dispositifs-medicaux-et-fda-21-cfr-part-820\\\/#breadcrumb\"},\"inLanguage\":\"fr-FR\",\"potentialAction\":[{\"@type\":\"ReadAction\",\"target\":[\"https:\\\/\\\/gxp-training.com\\\/fr\\\/online-course\\\/bpf-pour-les-dispositifs-medicaux-et-fda-21-cfr-part-820\\\/\"]}]},{\"@type\":\"ImageObject\",\"inLanguage\":\"fr-FR\",\"@id\":\"https:\\\/\\\/gxp-training.com\\\/fr\\\/online-course\\\/bpf-pour-les-dispositifs-medicaux-et-fda-21-cfr-part-820\\\/#primaryimage\",\"url\":\"https:\\\/\\\/gxp-training.com\\\/wp-content\\\/uploads\\\/2022\\\/11\\\/FDA-21-CFR-820-training.png\",\"contentUrl\":\"https:\\\/\\\/gxp-training.com\\\/wp-content\\\/uploads\\\/2022\\\/11\\\/FDA-21-CFR-820-training.png\",\"width\":1000,\"height\":700},{\"@type\":\"BreadcrumbList\",\"@id\":\"https:\\\/\\\/gxp-training.com\\\/fr\\\/online-course\\\/bpf-pour-les-dispositifs-medicaux-et-fda-21-cfr-part-820\\\/#breadcrumb\",\"itemListElement\":[{\"@type\":\"ListItem\",\"position\":1,\"name\":\"Accueil\",\"item\":\"https:\\\/\\\/gxp-training.com\\\/fr\\\/page-daccueil\\\/\"},{\"@type\":\"ListItem\",\"position\":2,\"name\":\"Produits\",\"item\":\"https:\\\/\\\/gxp-training.com\\\/fr\\\/shop\\\/\"},{\"@type\":\"ListItem\",\"position\":3,\"name\":\"BPF pour les dispositifs m\u00e9dicaux et FDA 21 CFR PART 820\"}]},{\"@type\":\"WebSite\",\"@id\":\"https:\\\/\\\/gxp-training.com\\\/fr\\\/#website\",\"url\":\"https:\\\/\\\/gxp-training.com\\\/fr\\\/\",\"name\":\"GxP Training : Certified Online Courses for Life Sciences\",\"description\":\"Online Trainings and Certified Courses in Regulatory Compliance for Pharmaceutical Experts\",\"publisher\":{\"@id\":\"https:\\\/\\\/gxp-training.com\\\/fr\\\/#organization\"},\"potentialAction\":[{\"@type\":\"SearchAction\",\"target\":{\"@type\":\"EntryPoint\",\"urlTemplate\":\"https:\\\/\\\/gxp-training.com\\\/fr\\\/?s={search_term_string}\"},\"query-input\":{\"@type\":\"PropertyValueSpecification\",\"valueRequired\":true,\"valueName\":\"search_term_string\"}}],\"inLanguage\":\"fr-FR\"},{\"@type\":\"Organization\",\"@id\":\"https:\\\/\\\/gxp-training.com\\\/fr\\\/#organization\",\"name\":\"GXP Training\",\"url\":\"https:\\\/\\\/gxp-training.com\\\/fr\\\/\",\"logo\":{\"@type\":\"ImageObject\",\"inLanguage\":\"fr-FR\",\"@id\":\"https:\\\/\\\/gxp-training.com\\\/fr\\\/#\\\/schema\\\/logo\\\/image\\\/\",\"url\":\"https:\\\/\\\/gxp-training.com\\\/wp-content\\\/uploads\\\/2022\\\/05\\\/logo-resize.png\",\"contentUrl\":\"https:\\\/\\\/gxp-training.com\\\/wp-content\\\/uploads\\\/2022\\\/05\\\/logo-resize.png\",\"width\":350,\"height\":100,\"caption\":\"GXP Training\"},\"image\":{\"@id\":\"https:\\\/\\\/gxp-training.com\\\/fr\\\/#\\\/schema\\\/logo\\\/image\\\/\"}}]}<\/script>\n<!-- \/ Yoast SEO plugin. -->","yoast_head_json":{"title":"Formation en ligne BPF pour les dispositifs m\u00e9dicaux : FDA 21 CFR PART 820","description":"Obtenez votre certification en BPF pour les dispositifs m\u00e9dicaux et FDA 21 CFR PART 820. Inscrivez-vous d\u00e8s maintenant \u00e0 notre formation en ligne et recevez votre certificat.","robots":{"index":"index","follow":"follow","max-snippet":"max-snippet:-1","max-image-preview":"max-image-preview:large","max-video-preview":"max-video-preview:-1"},"canonical":"https:\/\/gxp-training.com\/fr\/online-course\/bpf-pour-les-dispositifs-medicaux-et-fda-21-cfr-part-820\/","og_locale":"fr_FR","og_type":"article","og_title":"Formation en ligne BPF pour les dispositifs m\u00e9dicaux : FDA 21 CFR PART 820","og_description":"Obtenez votre certification en BPF pour les dispositifs m\u00e9dicaux et FDA 21 CFR PART 820. Inscrivez-vous d\u00e8s maintenant \u00e0 notre formation en ligne et recevez votre certificat.","og_url":"https:\/\/gxp-training.com\/fr\/online-course\/bpf-pour-les-dispositifs-medicaux-et-fda-21-cfr-part-820\/","og_site_name":"GxP Training : Certified Online Courses for Life Sciences","og_image":[{"width":1000,"height":700,"url":"https:\/\/gxp-training.com\/wp-content\/uploads\/2022\/11\/FDA-21-CFR-820-training.png","type":"image\/png"}],"twitter_card":"summary_large_image","twitter_misc":{"Dur\u00e9e de lecture estim\u00e9e":"2 minutes"},"schema":{"@context":"https:\/\/schema.org","@graph":[{"@type":"WebPage","@id":"https:\/\/gxp-training.com\/fr\/online-course\/bpf-pour-les-dispositifs-medicaux-et-fda-21-cfr-part-820\/","url":"https:\/\/gxp-training.com\/fr\/online-course\/bpf-pour-les-dispositifs-medicaux-et-fda-21-cfr-part-820\/","name":"Formation en ligne BPF pour les dispositifs m\u00e9dicaux : FDA 21 CFR PART 820","isPartOf":{"@id":"https:\/\/gxp-training.com\/fr\/#website"},"primaryImageOfPage":{"@id":"https:\/\/gxp-training.com\/fr\/online-course\/bpf-pour-les-dispositifs-medicaux-et-fda-21-cfr-part-820\/#primaryimage"},"image":{"@id":"https:\/\/gxp-training.com\/fr\/online-course\/bpf-pour-les-dispositifs-medicaux-et-fda-21-cfr-part-820\/#primaryimage"},"thumbnailUrl":"https:\/\/gxp-training.com\/wp-content\/uploads\/2022\/11\/FDA-21-CFR-820-training.png","datePublished":"2022-11-17T14:57:34+00:00","description":"Obtenez votre certification en BPF pour les dispositifs m\u00e9dicaux et FDA 21 CFR PART 820. Inscrivez-vous d\u00e8s maintenant \u00e0 notre formation en ligne et recevez votre certificat.","breadcrumb":{"@id":"https:\/\/gxp-training.com\/fr\/online-course\/bpf-pour-les-dispositifs-medicaux-et-fda-21-cfr-part-820\/#breadcrumb"},"inLanguage":"fr-FR","potentialAction":[{"@type":"ReadAction","target":["https:\/\/gxp-training.com\/fr\/online-course\/bpf-pour-les-dispositifs-medicaux-et-fda-21-cfr-part-820\/"]}]},{"@type":"ImageObject","inLanguage":"fr-FR","@id":"https:\/\/gxp-training.com\/fr\/online-course\/bpf-pour-les-dispositifs-medicaux-et-fda-21-cfr-part-820\/#primaryimage","url":"https:\/\/gxp-training.com\/wp-content\/uploads\/2022\/11\/FDA-21-CFR-820-training.png","contentUrl":"https:\/\/gxp-training.com\/wp-content\/uploads\/2022\/11\/FDA-21-CFR-820-training.png","width":1000,"height":700},{"@type":"BreadcrumbList","@id":"https:\/\/gxp-training.com\/fr\/online-course\/bpf-pour-les-dispositifs-medicaux-et-fda-21-cfr-part-820\/#breadcrumb","itemListElement":[{"@type":"ListItem","position":1,"name":"Accueil","item":"https:\/\/gxp-training.com\/fr\/page-daccueil\/"},{"@type":"ListItem","position":2,"name":"Produits","item":"https:\/\/gxp-training.com\/fr\/shop\/"},{"@type":"ListItem","position":3,"name":"BPF pour les dispositifs m\u00e9dicaux et FDA 21 CFR PART 820"}]},{"@type":"WebSite","@id":"https:\/\/gxp-training.com\/fr\/#website","url":"https:\/\/gxp-training.com\/fr\/","name":"GxP Training : Certified Online Courses for Life Sciences","description":"Online Trainings and Certified Courses in Regulatory Compliance for Pharmaceutical Experts","publisher":{"@id":"https:\/\/gxp-training.com\/fr\/#organization"},"potentialAction":[{"@type":"SearchAction","target":{"@type":"EntryPoint","urlTemplate":"https:\/\/gxp-training.com\/fr\/?s={search_term_string}"},"query-input":{"@type":"PropertyValueSpecification","valueRequired":true,"valueName":"search_term_string"}}],"inLanguage":"fr-FR"},{"@type":"Organization","@id":"https:\/\/gxp-training.com\/fr\/#organization","name":"GXP Training","url":"https:\/\/gxp-training.com\/fr\/","logo":{"@type":"ImageObject","inLanguage":"fr-FR","@id":"https:\/\/gxp-training.com\/fr\/#\/schema\/logo\/image\/","url":"https:\/\/gxp-training.com\/wp-content\/uploads\/2022\/05\/logo-resize.png","contentUrl":"https:\/\/gxp-training.com\/wp-content\/uploads\/2022\/05\/logo-resize.png","width":350,"height":100,"caption":"GXP Training"},"image":{"@id":"https:\/\/gxp-training.com\/fr\/#\/schema\/logo\/image\/"}}]}},"_links":{"self":[{"href":"https:\/\/gxp-training.com\/fr\/wp-json\/wp\/v2\/product\/57108","targetHints":{"allow":["GET"]}}],"collection":[{"href":"https:\/\/gxp-training.com\/fr\/wp-json\/wp\/v2\/product"}],"about":[{"href":"https:\/\/gxp-training.com\/fr\/wp-json\/wp\/v2\/types\/product"}],"wp:featuredmedia":[{"embeddable":true,"href":"https:\/\/gxp-training.com\/fr\/wp-json\/wp\/v2\/media\/43009"}],"wp:attachment":[{"href":"https:\/\/gxp-training.com\/fr\/wp-json\/wp\/v2\/media?parent=57108"}],"wp:term":[{"taxonomy":"product_brand","embeddable":true,"href":"https:\/\/gxp-training.com\/fr\/wp-json\/wp\/v2\/product_brand?post=57108"},{"taxonomy":"product_cat","embeddable":true,"href":"https:\/\/gxp-training.com\/fr\/wp-json\/wp\/v2\/product_cat?post=57108"},{"taxonomy":"product_tag","embeddable":true,"href":"https:\/\/gxp-training.com\/fr\/wp-json\/wp\/v2\/product_tag?post=57108"}],"curies":[{"name":"wp","href":"https:\/\/api.w.org\/{rel}","templated":true}]}}