{"id":58201,"date":"2022-05-27T11:50:53","date_gmt":"2022-05-27T09:50:53","guid":{"rendered":"https:\/\/gxp-training.com\/online-course\/procedimiento-para-la-gestion-de-casos-de-sospecha-de-incumplimiento-grave-mala-conducta-y-fraude\/"},"modified":"2022-05-27T11:50:53","modified_gmt":"2022-05-27T09:50:53","slug":"procedimiento-para-la-gestion-de-casos-de-sospecha-de-incumplimiento-grave-mala-conducta-y-fraude","status":"publish","type":"product","link":"https:\/\/gxp-training.com\/es\/online-course\/procedimiento-para-la-gestion-de-casos-de-sospecha-de-incumplimiento-grave-mala-conducta-y-fraude\/","title":{"rendered":"Procedimiento para la gesti\u00f3n de casos de sospecha de incumplimiento grave, mala conducta y fraude"},"content":{"rendered":"<p>El fraude y la mala conducta en la investigaci\u00f3n est\u00e1n aumentando a nivel mundial, detect\u00e1ndose cada vez m\u00e1s en todas las etapas de la investigaci\u00f3n. La consecuencia del fraude en la investigaci\u00f3n es que anula el prop\u00f3sito de la pr\u00e1ctica basada en la evidencia, que debe fundamentarse en hechos establecidos mediante la investigaci\u00f3n. <\/p>\n<p>Este curso expone las t\u00e9cnicas utilizadas para detectar el fraude en la investigaci\u00f3n. Se incluyen los diferentes tipos de fraude en la investigaci\u00f3n y los m\u00e9todos para identificarlos. Los participantes tambi\u00e9n aprender\u00e1n sobre la responsabilidad de los promotores, investigadores y agencias reguladoras para frenar el fraude en la investigaci\u00f3n.  <\/p>\n<p>&nbsp;<\/p>\n<p>&nbsp;<\/p>\n<p>En este curso, proporcionamos una s\u00edntesis del tema a trav\u00e9s de una experiencia interactiva en l\u00ednea. Este material ha sido elaborado por un equipo de expertos en asuntos regulatorios con titulaci\u00f3n de la Northeastern University de Boston, dirigido por un miembro s\u00e9nior capaz de articular la teor\u00eda con la pr\u00e1ctica. <\/p>\n<p>&nbsp;<\/p>\n<p>&nbsp;<\/p>\n<h3>Plan de estudios<\/h3>\n<p>&nbsp;<\/p>\n<p><strong>Introducci\u00f3n<\/strong><\/p>\n<p>&nbsp;<\/p>\n<p><strong>Lecci\u00f3n 1: Sospecha de incumplimiento grave, mala conducta y fraude<\/strong><\/p>\n<p>&nbsp;<\/p>\n<ul>\n<li>Tipos de fraude y mala conducta en la investigaci\u00f3n cl\u00ednica<\/li>\n<li>Recopilaci\u00f3n de datos falsos<\/li>\n<li>Fabricaci\u00f3n de datos<\/li>\n<li>Plagio<\/li>\n<li>Casos de fraude\/mala conducta<\/li>\n<\/ul>\n<p>&nbsp;<\/p>\n<p><strong>Lecci\u00f3n 2: Mecanismos para identificar el fraude y la mala conducta<\/strong><\/p>\n<p>&nbsp;<\/p>\n<p><strong>Lecci\u00f3n 3: \u00bfQui\u00e9n es responsable de identificar el fraude y la mala conducta?<\/strong><\/p>\n<p>&nbsp;<\/p>\n<ul>\n<li>Responsabilidad de autores y colegas<\/li>\n<li>Responsabilidad de las revistas cient\u00edficas<\/li>\n<li>Responsabilidad del instituto o universidad<\/li>\n<\/ul>\n<p>&nbsp;<\/p>\n<p><strong>Lecci\u00f3n 4: Notificaci\u00f3n de mala conducta y fraude<\/strong><\/p>\n<p>&nbsp;<\/p>\n<ul>\n<li>Pol\u00edticas relativas a la conducta, el comportamiento y la notificaci\u00f3n<\/li>\n<li>Responsabilidad de los empleados y del equipo directivo<\/li>\n<li>Protecci\u00f3n para quienes notifican mala conducta y fraude<\/li>\n<li>Cooperaci\u00f3n con el informante durante la investigaci\u00f3n<\/li>\n<\/ul>\n<p>&nbsp;<\/p>\n<p><strong>Lecci\u00f3n 5: Mecanismos para prevenir la mala conducta<\/strong><\/p>\n<p>&nbsp;<\/p>\n<ul>\n<li>Prevenci\u00f3n primaria y secundaria<\/li>\n<li>Problemas en la prevenci\u00f3n del fraude y la mala conducta<\/li>\n<\/ul>\n<p>&nbsp;<\/p>\n<p><strong>Lecci\u00f3n 6<\/strong>: Gesti\u00f3n de la mala conducta y el fraude por diversos pa\u00edses<\/p>\n<p>&nbsp;<\/p>\n<p><strong>Conclusi\u00f3n<\/strong><\/p>\n<p>&nbsp;<\/p>\n<p><strong>Glosario<\/strong><\/p>\n<p>&nbsp;<\/p>\n<p><strong>Cuestionario <\/strong><\/p>\n","protected":false},"excerpt":{"rendered":"<p>El fraude y la mala conducta en la investigaci\u00f3n est\u00e1n aumentando a nivel mundial, detect\u00e1ndose cada vez m\u00e1s en todas las etapas de la investigaci\u00f3n. La consecuencia del fraude en la investigaci\u00f3n es que anula el prop\u00f3sito de la pr\u00e1ctica basada en la evidencia, que debe fundamentarse en hechos establecidos mediante la investigaci\u00f3n. Este curso [&hellip;]<\/p>\n","protected":false},"featured_media":43659,"template":"","meta":{"_acf_changed":false,"content-type":""},"product_brand":[],"product_cat":[276,275,279,270,269,266],"product_tag":[],"class_list":{"0":"post-58201","1":"product","2":"type-product","3":"status-publish","4":"has-post-thumbnail","6":"product_cat-asuntos-regulatorios","7":"product_cat-gcp-ensayos-clinicos","8":"product_cat-hospitales-e-instituciones-sanitarias","9":"product_cat-organizacion-de-investigacion-por-contrato-cro","10":"product_cat-productos-farmaceuticos","11":"product_cat-productos-sanitarios","13":"first","14":"instock","15":"taxable","16":"shipping-taxable","17":"purchasable","18":"product-type-simple"},"bundled_by":[],"bundle_stock_status":"instock","bundle_stock_quantity":null,"bundle_virtual":false,"bundle_layout":"","bundle_add_to_cart_form_location":"","bundle_editable_in_cart":false,"bundle_sold_individually_context":"","bundle_item_grouping":"","bundle_min_size":"","bundle_max_size":"","bundle_price":[],"bundled_items":[],"bundle_sell_ids":[],"acf":[],"yoast_head":"<!-- This site is optimized with the Yoast SEO plugin v27.5 - https:\/\/yoast.com\/product\/yoast-seo-wordpress\/ -->\n<title>Investigaci\u00f3n y datos: gesti\u00f3n de casos de incumplimiento y mala conducta<\/title>\n<meta name=\"description\" content=\"Conozca los tipos de fraude en la investigaci\u00f3n y c\u00f3mo gestionarlos. Certif\u00edquese para detectar y gestionar adecuadamente las sospechas de filtraci\u00f3n de datos y mala conducta.\" \/>\n<meta name=\"robots\" content=\"index, follow, max-snippet:-1, max-image-preview:large, max-video-preview:-1\" \/>\n<link rel=\"canonical\" href=\"https:\/\/gxp-training.com\/es\/online-course\/procedimiento-para-la-gestion-de-casos-de-sospecha-de-incumplimiento-grave-mala-conducta-y-fraude\/\" \/>\n<meta property=\"og:locale\" content=\"es_ES\" \/>\n<meta property=\"og:type\" content=\"article\" \/>\n<meta property=\"og:title\" content=\"Investigaci\u00f3n y datos: gesti\u00f3n de casos de incumplimiento y mala conducta\" \/>\n<meta property=\"og:description\" content=\"Conozca los tipos de fraude en la investigaci\u00f3n y c\u00f3mo gestionarlos. Certif\u00edquese para detectar y gestionar adecuadamente las sospechas de filtraci\u00f3n de datos y mala conducta.\" \/>\n<meta property=\"og:url\" content=\"https:\/\/gxp-training.com\/es\/online-course\/procedimiento-para-la-gestion-de-casos-de-sospecha-de-incumplimiento-grave-mala-conducta-y-fraude\/\" \/>\n<meta property=\"og:site_name\" content=\"GxP Training : Certified Online Courses for Life Sciences\" \/>\n<meta property=\"og:image\" content=\"https:\/\/gxp-training.com\/wp-content\/uploads\/2022\/05\/6.png\" \/>\n\t<meta property=\"og:image:width\" content=\"1000\" \/>\n\t<meta property=\"og:image:height\" content=\"563\" \/>\n\t<meta property=\"og:image:type\" content=\"image\/png\" \/>\n<meta name=\"twitter:card\" content=\"summary_large_image\" \/>\n<meta name=\"twitter:label1\" content=\"Tiempo de lectura\" \/>\n\t<meta name=\"twitter:data1\" content=\"2 minutos\" \/>\n<script type=\"application\/ld+json\" class=\"yoast-schema-graph\">{\"@context\":\"https:\\\/\\\/schema.org\",\"@graph\":[{\"@type\":\"WebPage\",\"@id\":\"https:\\\/\\\/gxp-training.com\\\/es\\\/online-course\\\/procedimiento-para-la-gestion-de-casos-de-sospecha-de-incumplimiento-grave-mala-conducta-y-fraude\\\/\",\"url\":\"https:\\\/\\\/gxp-training.com\\\/es\\\/online-course\\\/procedimiento-para-la-gestion-de-casos-de-sospecha-de-incumplimiento-grave-mala-conducta-y-fraude\\\/\",\"name\":\"Investigaci\u00f3n y datos: gesti\u00f3n de casos de incumplimiento y mala conducta\",\"isPartOf\":{\"@id\":\"https:\\\/\\\/gxp-training.com\\\/es\\\/#website\"},\"primaryImageOfPage\":{\"@id\":\"https:\\\/\\\/gxp-training.com\\\/es\\\/online-course\\\/procedimiento-para-la-gestion-de-casos-de-sospecha-de-incumplimiento-grave-mala-conducta-y-fraude\\\/#primaryimage\"},\"image\":{\"@id\":\"https:\\\/\\\/gxp-training.com\\\/es\\\/online-course\\\/procedimiento-para-la-gestion-de-casos-de-sospecha-de-incumplimiento-grave-mala-conducta-y-fraude\\\/#primaryimage\"},\"thumbnailUrl\":\"https:\\\/\\\/gxp-training.com\\\/wp-content\\\/uploads\\\/2022\\\/05\\\/6.png\",\"datePublished\":\"2022-05-27T09:50:53+00:00\",\"description\":\"Conozca los tipos de fraude en la investigaci\u00f3n y c\u00f3mo gestionarlos. Certif\u00edquese para detectar y gestionar adecuadamente las sospechas de filtraci\u00f3n de datos y mala conducta.\",\"breadcrumb\":{\"@id\":\"https:\\\/\\\/gxp-training.com\\\/es\\\/online-course\\\/procedimiento-para-la-gestion-de-casos-de-sospecha-de-incumplimiento-grave-mala-conducta-y-fraude\\\/#breadcrumb\"},\"inLanguage\":\"es\",\"potentialAction\":[{\"@type\":\"ReadAction\",\"target\":[\"https:\\\/\\\/gxp-training.com\\\/es\\\/online-course\\\/procedimiento-para-la-gestion-de-casos-de-sospecha-de-incumplimiento-grave-mala-conducta-y-fraude\\\/\"]}]},{\"@type\":\"ImageObject\",\"inLanguage\":\"es\",\"@id\":\"https:\\\/\\\/gxp-training.com\\\/es\\\/online-course\\\/procedimiento-para-la-gestion-de-casos-de-sospecha-de-incumplimiento-grave-mala-conducta-y-fraude\\\/#primaryimage\",\"url\":\"https:\\\/\\\/gxp-training.com\\\/wp-content\\\/uploads\\\/2022\\\/05\\\/6.png\",\"contentUrl\":\"https:\\\/\\\/gxp-training.com\\\/wp-content\\\/uploads\\\/2022\\\/05\\\/6.png\",\"width\":1000,\"height\":563},{\"@type\":\"BreadcrumbList\",\"@id\":\"https:\\\/\\\/gxp-training.com\\\/es\\\/online-course\\\/procedimiento-para-la-gestion-de-casos-de-sospecha-de-incumplimiento-grave-mala-conducta-y-fraude\\\/#breadcrumb\",\"itemListElement\":[{\"@type\":\"ListItem\",\"position\":1,\"name\":\"Inicio\",\"item\":\"https:\\\/\\\/gxp-training.com\\\/es\\\/pagina-de-inicio\\\/\"},{\"@type\":\"ListItem\",\"position\":2,\"name\":\"Productos\",\"item\":\"https:\\\/\\\/gxp-training.com\\\/es\\\/shop\\\/\"},{\"@type\":\"ListItem\",\"position\":3,\"name\":\"Procedimiento para la gesti\u00f3n de casos de sospecha de incumplimiento grave, mala conducta y fraude\"}]},{\"@type\":\"WebSite\",\"@id\":\"https:\\\/\\\/gxp-training.com\\\/es\\\/#website\",\"url\":\"https:\\\/\\\/gxp-training.com\\\/es\\\/\",\"name\":\"GxP Training : Certified Online Courses for Life Sciences\",\"description\":\"Online Trainings and Certified Courses in Regulatory Compliance for Pharmaceutical Experts\",\"publisher\":{\"@id\":\"https:\\\/\\\/gxp-training.com\\\/es\\\/#organization\"},\"potentialAction\":[{\"@type\":\"SearchAction\",\"target\":{\"@type\":\"EntryPoint\",\"urlTemplate\":\"https:\\\/\\\/gxp-training.com\\\/es\\\/?s={search_term_string}\"},\"query-input\":{\"@type\":\"PropertyValueSpecification\",\"valueRequired\":true,\"valueName\":\"search_term_string\"}}],\"inLanguage\":\"es\"},{\"@type\":\"Organization\",\"@id\":\"https:\\\/\\\/gxp-training.com\\\/es\\\/#organization\",\"name\":\"GXP Training\",\"url\":\"https:\\\/\\\/gxp-training.com\\\/es\\\/\",\"logo\":{\"@type\":\"ImageObject\",\"inLanguage\":\"es\",\"@id\":\"https:\\\/\\\/gxp-training.com\\\/es\\\/#\\\/schema\\\/logo\\\/image\\\/\",\"url\":\"https:\\\/\\\/gxp-training.com\\\/wp-content\\\/uploads\\\/2022\\\/05\\\/logo-resize.png\",\"contentUrl\":\"https:\\\/\\\/gxp-training.com\\\/wp-content\\\/uploads\\\/2022\\\/05\\\/logo-resize.png\",\"width\":350,\"height\":100,\"caption\":\"GXP Training\"},\"image\":{\"@id\":\"https:\\\/\\\/gxp-training.com\\\/es\\\/#\\\/schema\\\/logo\\\/image\\\/\"}}]}<\/script>\n<!-- \/ Yoast SEO plugin. -->","yoast_head_json":{"title":"Investigaci\u00f3n y datos: gesti\u00f3n de casos de incumplimiento y mala conducta","description":"Conozca los tipos de fraude en la investigaci\u00f3n y c\u00f3mo gestionarlos. Certif\u00edquese para detectar y gestionar adecuadamente las sospechas de filtraci\u00f3n de datos y mala conducta.","robots":{"index":"index","follow":"follow","max-snippet":"max-snippet:-1","max-image-preview":"max-image-preview:large","max-video-preview":"max-video-preview:-1"},"canonical":"https:\/\/gxp-training.com\/es\/online-course\/procedimiento-para-la-gestion-de-casos-de-sospecha-de-incumplimiento-grave-mala-conducta-y-fraude\/","og_locale":"es_ES","og_type":"article","og_title":"Investigaci\u00f3n y datos: gesti\u00f3n de casos de incumplimiento y mala conducta","og_description":"Conozca los tipos de fraude en la investigaci\u00f3n y c\u00f3mo gestionarlos. Certif\u00edquese para detectar y gestionar adecuadamente las sospechas de filtraci\u00f3n de datos y mala conducta.","og_url":"https:\/\/gxp-training.com\/es\/online-course\/procedimiento-para-la-gestion-de-casos-de-sospecha-de-incumplimiento-grave-mala-conducta-y-fraude\/","og_site_name":"GxP Training : Certified Online Courses for Life Sciences","og_image":[{"width":1000,"height":563,"url":"https:\/\/gxp-training.com\/wp-content\/uploads\/2022\/05\/6.png","type":"image\/png"}],"twitter_card":"summary_large_image","twitter_misc":{"Tiempo de lectura":"2 minutos"},"schema":{"@context":"https:\/\/schema.org","@graph":[{"@type":"WebPage","@id":"https:\/\/gxp-training.com\/es\/online-course\/procedimiento-para-la-gestion-de-casos-de-sospecha-de-incumplimiento-grave-mala-conducta-y-fraude\/","url":"https:\/\/gxp-training.com\/es\/online-course\/procedimiento-para-la-gestion-de-casos-de-sospecha-de-incumplimiento-grave-mala-conducta-y-fraude\/","name":"Investigaci\u00f3n y datos: gesti\u00f3n de casos de incumplimiento y mala conducta","isPartOf":{"@id":"https:\/\/gxp-training.com\/es\/#website"},"primaryImageOfPage":{"@id":"https:\/\/gxp-training.com\/es\/online-course\/procedimiento-para-la-gestion-de-casos-de-sospecha-de-incumplimiento-grave-mala-conducta-y-fraude\/#primaryimage"},"image":{"@id":"https:\/\/gxp-training.com\/es\/online-course\/procedimiento-para-la-gestion-de-casos-de-sospecha-de-incumplimiento-grave-mala-conducta-y-fraude\/#primaryimage"},"thumbnailUrl":"https:\/\/gxp-training.com\/wp-content\/uploads\/2022\/05\/6.png","datePublished":"2022-05-27T09:50:53+00:00","description":"Conozca los tipos de fraude en la investigaci\u00f3n y c\u00f3mo gestionarlos. Certif\u00edquese para detectar y gestionar adecuadamente las sospechas de filtraci\u00f3n de datos y mala conducta.","breadcrumb":{"@id":"https:\/\/gxp-training.com\/es\/online-course\/procedimiento-para-la-gestion-de-casos-de-sospecha-de-incumplimiento-grave-mala-conducta-y-fraude\/#breadcrumb"},"inLanguage":"es","potentialAction":[{"@type":"ReadAction","target":["https:\/\/gxp-training.com\/es\/online-course\/procedimiento-para-la-gestion-de-casos-de-sospecha-de-incumplimiento-grave-mala-conducta-y-fraude\/"]}]},{"@type":"ImageObject","inLanguage":"es","@id":"https:\/\/gxp-training.com\/es\/online-course\/procedimiento-para-la-gestion-de-casos-de-sospecha-de-incumplimiento-grave-mala-conducta-y-fraude\/#primaryimage","url":"https:\/\/gxp-training.com\/wp-content\/uploads\/2022\/05\/6.png","contentUrl":"https:\/\/gxp-training.com\/wp-content\/uploads\/2022\/05\/6.png","width":1000,"height":563},{"@type":"BreadcrumbList","@id":"https:\/\/gxp-training.com\/es\/online-course\/procedimiento-para-la-gestion-de-casos-de-sospecha-de-incumplimiento-grave-mala-conducta-y-fraude\/#breadcrumb","itemListElement":[{"@type":"ListItem","position":1,"name":"Inicio","item":"https:\/\/gxp-training.com\/es\/pagina-de-inicio\/"},{"@type":"ListItem","position":2,"name":"Productos","item":"https:\/\/gxp-training.com\/es\/shop\/"},{"@type":"ListItem","position":3,"name":"Procedimiento para la gesti\u00f3n de casos de sospecha de incumplimiento grave, mala conducta y fraude"}]},{"@type":"WebSite","@id":"https:\/\/gxp-training.com\/es\/#website","url":"https:\/\/gxp-training.com\/es\/","name":"GxP Training : Certified Online Courses for Life Sciences","description":"Online Trainings and Certified Courses in Regulatory Compliance for Pharmaceutical Experts","publisher":{"@id":"https:\/\/gxp-training.com\/es\/#organization"},"potentialAction":[{"@type":"SearchAction","target":{"@type":"EntryPoint","urlTemplate":"https:\/\/gxp-training.com\/es\/?s={search_term_string}"},"query-input":{"@type":"PropertyValueSpecification","valueRequired":true,"valueName":"search_term_string"}}],"inLanguage":"es"},{"@type":"Organization","@id":"https:\/\/gxp-training.com\/es\/#organization","name":"GXP Training","url":"https:\/\/gxp-training.com\/es\/","logo":{"@type":"ImageObject","inLanguage":"es","@id":"https:\/\/gxp-training.com\/es\/#\/schema\/logo\/image\/","url":"https:\/\/gxp-training.com\/wp-content\/uploads\/2022\/05\/logo-resize.png","contentUrl":"https:\/\/gxp-training.com\/wp-content\/uploads\/2022\/05\/logo-resize.png","width":350,"height":100,"caption":"GXP Training"},"image":{"@id":"https:\/\/gxp-training.com\/es\/#\/schema\/logo\/image\/"}}]}},"_links":{"self":[{"href":"https:\/\/gxp-training.com\/es\/wp-json\/wp\/v2\/product\/58201","targetHints":{"allow":["GET"]}}],"collection":[{"href":"https:\/\/gxp-training.com\/es\/wp-json\/wp\/v2\/product"}],"about":[{"href":"https:\/\/gxp-training.com\/es\/wp-json\/wp\/v2\/types\/product"}],"wp:featuredmedia":[{"embeddable":true,"href":"https:\/\/gxp-training.com\/es\/wp-json\/wp\/v2\/media\/43659"}],"wp:attachment":[{"href":"https:\/\/gxp-training.com\/es\/wp-json\/wp\/v2\/media?parent=58201"}],"wp:term":[{"taxonomy":"product_brand","embeddable":true,"href":"https:\/\/gxp-training.com\/es\/wp-json\/wp\/v2\/product_brand?post=58201"},{"taxonomy":"product_cat","embeddable":true,"href":"https:\/\/gxp-training.com\/es\/wp-json\/wp\/v2\/product_cat?post=58201"},{"taxonomy":"product_tag","embeddable":true,"href":"https:\/\/gxp-training.com\/es\/wp-json\/wp\/v2\/product_tag?post=58201"}],"curies":[{"name":"wp","href":"https:\/\/api.w.org\/{rel}","templated":true}]}}