{"id":58190,"date":"2022-05-24T11:12:46","date_gmt":"2022-05-24T09:12:46","guid":{"rendered":"https:\/\/gxp-training.com\/online-course\/gestion-de-problemas-de-seguridad-de-los-medicamentos-a-traves-de-un-comite-de-direccion-de-farmacovigilancia\/"},"modified":"2022-05-24T11:12:46","modified_gmt":"2022-05-24T09:12:46","slug":"gestion-de-problemas-de-seguridad-de-los-medicamentos-a-traves-de-un-comite-de-direccion-de-farmacovigilancia","status":"publish","type":"product","link":"https:\/\/gxp-training.com\/es\/online-course\/gestion-de-problemas-de-seguridad-de-los-medicamentos-a-traves-de-un-comite-de-direccion-de-farmacovigilancia\/","title":{"rendered":"Gesti\u00f3n de problemas de seguridad de los medicamentos a trav\u00e9s de un Comit\u00e9 de Direcci\u00f3n de Farmacovigilancia"},"content":{"rendered":"<p>El hecho de que todos los f\u00e1rmacos son venenos potenciales no es algo nuevo para nadie en la industria farmac\u00e9utica. Incluso en dosis terap\u00e9uticas, algunos medicamentos no son lo suficientemente selectivos en su farmacolog\u00eda y a menudo interfieren con los \u00f3rganos y sistemas circundantes. La <a href=\"https:\/\/gxp-training.com\/es\/gxp-courses\/farmacovigilancia\/\">farmacovigilancia<\/a> es esa estructura que permite el seguimiento de una nueva sustancia farmac\u00e9utica o dispositivo una vez que se ha lanzado al mercado. <\/p>\n<p>Cuando se implementa correctamente, debe revelar las reacciones adversas y proporcionar informaci\u00f3n a lo largo del tiempo que ayude a los prescriptores a tomar mejores decisiones sobre el uso de un agente determinado. Este curso expone a los estudiantes el origen de la farmacovigilancia y los actores clave a nivel global y local. <\/p>\n<p>&nbsp;<\/p>\n<p>En este curso, proporcionamos una s\u00edntesis del tema a trav\u00e9s de una experiencia interactiva en l\u00ednea. Este material ha sido elaborado por un equipo de expertos en asuntos regulatorios con titulaci\u00f3n de la Northeastern University de Boston, dirigido por un miembro s\u00e9nior capaz de articular la teor\u00eda con la pr\u00e1ctica. <\/p>\n<p>&nbsp;<\/p>\n<p>&nbsp;<\/p>\n<h3>Plan de estudios<\/h3>\n<p>&nbsp;<\/p>\n<p><strong>Introducci\u00f3n<\/strong><\/p>\n<p>&nbsp;<\/p>\n<p><strong>Lecci\u00f3n 1: Perspectivas hist\u00f3ricas de la gesti\u00f3n de la seguridad de los medicamentos de la OMS<\/strong><\/p>\n<p>&nbsp;<\/p>\n<ul>\n<li>Objetivos de la farmacovigilancia<\/li>\n<li>Responsabilidades de la farmacovigilancia<\/li>\n<\/ul>\n<p>&nbsp;<\/p>\n<p><strong>Lecci\u00f3n 2: Pr\u00e1cticas actuales de farmacovigilancia<\/strong><\/p>\n<p>&nbsp;<\/p>\n<ul>\n<li>Notificaci\u00f3n espont\u00e1nea<\/li>\n<li>Otros m\u00e9todos de recogida de datos de seguridad<\/li>\n<li>Centros Nacionales de Farmacovigilancia<\/li>\n<li>Programa de la OMS para la Vigilancia Farmac\u00e9utica Internacional<\/li>\n<li>Buenas Pr\u00e1cticas de Farmacovigilancia<\/li>\n<\/ul>\n<p>&nbsp;<\/p>\n<p><strong>Lecci\u00f3n 3: Socios en farmacovigilancia<\/strong><\/p>\n<p>&nbsp;<\/p>\n<ul>\n<li>Garant\u00eda de calidad y seguridad<\/li>\n<li>El Uppsala Monitoring Centre (UMC)<\/li>\n<li>Los Centros Nacionales de Farmacovigilancia<\/li>\n<li>Hospitales y mundo acad\u00e9mico<\/li>\n<li>Profesionales sanitarios<\/li>\n<li>Pacientes<\/li>\n<\/ul>\n<p>&nbsp;<\/p>\n<p><strong>Lecci\u00f3n 4: Regulaci\u00f3n de medicamentos bajo farmacovigilancia<\/strong><\/p>\n<p>&nbsp;<\/p>\n<ul>\n<li>Regulaci\u00f3n de ensayos cl\u00ednicos<\/li>\n<li>Seguimiento de la seguridad de los medicamentos tras la comercializaci\u00f3n<\/li>\n<li>La farmacovigilancia en la pol\u00edtica nacional de medicamentos<\/li>\n<li>La farmacovigilancia en los programas de salud p\u00fablica de control de enfermedades<\/li>\n<\/ul>\n<p>&nbsp;<\/p>\n<p><strong>Lecci\u00f3n 5: Farmacovigilancia y salud internacional<\/strong><\/p>\n<p>&nbsp;<\/p>\n<ul>\n<li>Utilizaci\u00f3n de medicamentos<\/li>\n<li>La Declaraci\u00f3n de ERICE<\/li>\n<li>Desaf\u00edos para la Declaraci\u00f3n de ERICE<\/li>\n<li>Respuesta global a los problemas de seguridad de los medicamentos<\/li>\n<\/ul>\n<p>&nbsp;<\/p>\n<p><strong>Lecci\u00f3n 6: Desaf\u00edos futuros y consideraciones sobre la seguridad de los medicamentos<\/strong><\/p>\n<p>&nbsp;<\/p>\n<ul>\n<li>Globalizaci\u00f3n<\/li>\n<li>Ventas e informaci\u00f3n a trav\u00e9s de la web<\/li>\n<li>Preocupaciones de seguridad m\u00e1s amplias<\/li>\n<li>Salud p\u00fablica frente al crecimiento econ\u00f3mico de la industria farmac\u00e9utica<\/li>\n<li>Seguimiento de productos establecidos<\/li>\n<li>Actitudes y percepciones ante el beneficio y el da\u00f1o<\/li>\n<li>Resultados e impacto<\/li>\n<\/ul>\n<p>&nbsp;<\/p>\n<p><strong>Conclusi\u00f3n<\/strong><\/p>\n<p>&nbsp;<\/p>\n<p><strong>Glosario<\/strong><\/p>\n<p>&nbsp;<\/p>\n<p><strong>Definiciones<\/strong><\/p>\n<p>&nbsp;<\/p>\n<p><strong>Cuestionario<\/strong><\/p>\n","protected":false},"excerpt":{"rendered":"<p>El hecho de que todos los f\u00e1rmacos son venenos potenciales no es algo nuevo para nadie en la industria farmac\u00e9utica. Incluso en dosis terap\u00e9uticas, algunos medicamentos no son lo suficientemente selectivos en su farmacolog\u00eda y a menudo interfieren con los \u00f3rganos y sistemas circundantes. La farmacovigilancia es esa estructura que permite el seguimiento de una [&hellip;]<\/p>\n","protected":false},"featured_media":44658,"template":"","meta":{"_acf_changed":false,"content-type":""},"product_brand":[],"product_cat":[268,271,269,266],"product_tag":[],"class_list":{"0":"post-58190","1":"product","2":"type-product","3":"status-publish","4":"has-post-thumbnail","6":"product_cat-farmacovigilancia","7":"product_cat-garantia-de-calidad","8":"product_cat-productos-farmaceuticos","9":"product_cat-productos-sanitarios","11":"first","12":"instock","13":"taxable","14":"shipping-taxable","15":"purchasable","16":"product-type-subscription"},"bundled_by":[],"bundle_stock_status":"instock","bundle_stock_quantity":null,"bundle_virtual":false,"bundle_layout":"","bundle_add_to_cart_form_location":"","bundle_editable_in_cart":false,"bundle_sold_individually_context":"","bundle_item_grouping":"","bundle_min_size":"","bundle_max_size":"","bundle_price":[],"bundled_items":[],"bundle_sell_ids":[],"acf":[],"yoast_head":"<!-- This site is optimized with the Yoast SEO plugin v27.5 - https:\/\/yoast.com\/product\/yoast-seo-wordpress\/ -->\n<title>Comit\u00e9 de Direcci\u00f3n de Farmacovigilancia para problemas de seguridad de los medicamentos<\/title>\n<meta name=\"description\" content=\"Este curso le presenta los conceptos y los actores relevantes en el proceso de recopilaci\u00f3n de datos. \u00a1Comience su proceso de certificaci\u00f3n hoy mismo!\" \/>\n<meta name=\"robots\" content=\"index, follow, max-snippet:-1, max-image-preview:large, max-video-preview:-1\" \/>\n<link rel=\"canonical\" href=\"https:\/\/gxp-training.com\/es\/online-course\/gestion-de-problemas-de-seguridad-de-los-medicamentos-a-traves-de-un-comite-de-direccion-de-farmacovigilancia\/\" \/>\n<meta property=\"og:locale\" content=\"es_ES\" \/>\n<meta property=\"og:type\" content=\"article\" \/>\n<meta property=\"og:title\" content=\"Comit\u00e9 de Direcci\u00f3n de Farmacovigilancia para problemas de seguridad de los medicamentos\" \/>\n<meta property=\"og:description\" content=\"Este curso le presenta los conceptos y los actores relevantes en el proceso de recopilaci\u00f3n de datos. \u00a1Comience su proceso de certificaci\u00f3n hoy mismo!\" \/>\n<meta property=\"og:url\" content=\"https:\/\/gxp-training.com\/es\/online-course\/gestion-de-problemas-de-seguridad-de-los-medicamentos-a-traves-de-un-comite-de-direccion-de-farmacovigilancia\/\" \/>\n<meta property=\"og:site_name\" content=\"GxP Training : Certified Online Courses for Life Sciences\" \/>\n<meta property=\"og:image\" content=\"https:\/\/gxp-training.com\/wp-content\/uploads\/2022\/05\/steering-committee.png\" \/>\n\t<meta property=\"og:image:width\" content=\"900\" \/>\n\t<meta property=\"og:image:height\" content=\"627\" \/>\n\t<meta property=\"og:image:type\" content=\"image\/png\" \/>\n<meta name=\"twitter:card\" content=\"summary_large_image\" \/>\n<meta name=\"twitter:label1\" content=\"Tiempo de lectura\" \/>\n\t<meta name=\"twitter:data1\" content=\"2 minutos\" \/>\n<script type=\"application\/ld+json\" class=\"yoast-schema-graph\">{\"@context\":\"https:\\\/\\\/schema.org\",\"@graph\":[{\"@type\":\"WebPage\",\"@id\":\"https:\\\/\\\/gxp-training.com\\\/es\\\/online-course\\\/gestion-de-problemas-de-seguridad-de-los-medicamentos-a-traves-de-un-comite-de-direccion-de-farmacovigilancia\\\/\",\"url\":\"https:\\\/\\\/gxp-training.com\\\/es\\\/online-course\\\/gestion-de-problemas-de-seguridad-de-los-medicamentos-a-traves-de-un-comite-de-direccion-de-farmacovigilancia\\\/\",\"name\":\"Comit\u00e9 de Direcci\u00f3n de Farmacovigilancia para problemas de seguridad de los medicamentos\",\"isPartOf\":{\"@id\":\"https:\\\/\\\/gxp-training.com\\\/es\\\/#website\"},\"primaryImageOfPage\":{\"@id\":\"https:\\\/\\\/gxp-training.com\\\/es\\\/online-course\\\/gestion-de-problemas-de-seguridad-de-los-medicamentos-a-traves-de-un-comite-de-direccion-de-farmacovigilancia\\\/#primaryimage\"},\"image\":{\"@id\":\"https:\\\/\\\/gxp-training.com\\\/es\\\/online-course\\\/gestion-de-problemas-de-seguridad-de-los-medicamentos-a-traves-de-un-comite-de-direccion-de-farmacovigilancia\\\/#primaryimage\"},\"thumbnailUrl\":\"https:\\\/\\\/gxp-training.com\\\/wp-content\\\/uploads\\\/2022\\\/05\\\/steering-committee.png\",\"datePublished\":\"2022-05-24T09:12:46+00:00\",\"description\":\"Este curso le presenta los conceptos y los actores relevantes en el proceso de recopilaci\u00f3n de datos. \u00a1Comience su proceso de certificaci\u00f3n hoy mismo!\",\"breadcrumb\":{\"@id\":\"https:\\\/\\\/gxp-training.com\\\/es\\\/online-course\\\/gestion-de-problemas-de-seguridad-de-los-medicamentos-a-traves-de-un-comite-de-direccion-de-farmacovigilancia\\\/#breadcrumb\"},\"inLanguage\":\"es\",\"potentialAction\":[{\"@type\":\"ReadAction\",\"target\":[\"https:\\\/\\\/gxp-training.com\\\/es\\\/online-course\\\/gestion-de-problemas-de-seguridad-de-los-medicamentos-a-traves-de-un-comite-de-direccion-de-farmacovigilancia\\\/\"]}]},{\"@type\":\"ImageObject\",\"inLanguage\":\"es\",\"@id\":\"https:\\\/\\\/gxp-training.com\\\/es\\\/online-course\\\/gestion-de-problemas-de-seguridad-de-los-medicamentos-a-traves-de-un-comite-de-direccion-de-farmacovigilancia\\\/#primaryimage\",\"url\":\"https:\\\/\\\/gxp-training.com\\\/wp-content\\\/uploads\\\/2022\\\/05\\\/steering-committee.png\",\"contentUrl\":\"https:\\\/\\\/gxp-training.com\\\/wp-content\\\/uploads\\\/2022\\\/05\\\/steering-committee.png\",\"width\":900,\"height\":627},{\"@type\":\"BreadcrumbList\",\"@id\":\"https:\\\/\\\/gxp-training.com\\\/es\\\/online-course\\\/gestion-de-problemas-de-seguridad-de-los-medicamentos-a-traves-de-un-comite-de-direccion-de-farmacovigilancia\\\/#breadcrumb\",\"itemListElement\":[{\"@type\":\"ListItem\",\"position\":1,\"name\":\"Inicio\",\"item\":\"https:\\\/\\\/gxp-training.com\\\/es\\\/pagina-de-inicio\\\/\"},{\"@type\":\"ListItem\",\"position\":2,\"name\":\"Productos\",\"item\":\"https:\\\/\\\/gxp-training.com\\\/es\\\/shop\\\/\"},{\"@type\":\"ListItem\",\"position\":3,\"name\":\"Gesti\u00f3n de problemas de seguridad de los medicamentos a trav\u00e9s de un Comit\u00e9 de Direcci\u00f3n de Farmacovigilancia\"}]},{\"@type\":\"WebSite\",\"@id\":\"https:\\\/\\\/gxp-training.com\\\/es\\\/#website\",\"url\":\"https:\\\/\\\/gxp-training.com\\\/es\\\/\",\"name\":\"GxP Training : Certified Online Courses for Life Sciences\",\"description\":\"Online Trainings and Certified Courses in Regulatory Compliance for Pharmaceutical Experts\",\"publisher\":{\"@id\":\"https:\\\/\\\/gxp-training.com\\\/es\\\/#organization\"},\"potentialAction\":[{\"@type\":\"SearchAction\",\"target\":{\"@type\":\"EntryPoint\",\"urlTemplate\":\"https:\\\/\\\/gxp-training.com\\\/es\\\/?s={search_term_string}\"},\"query-input\":{\"@type\":\"PropertyValueSpecification\",\"valueRequired\":true,\"valueName\":\"search_term_string\"}}],\"inLanguage\":\"es\"},{\"@type\":\"Organization\",\"@id\":\"https:\\\/\\\/gxp-training.com\\\/es\\\/#organization\",\"name\":\"GXP Training\",\"url\":\"https:\\\/\\\/gxp-training.com\\\/es\\\/\",\"logo\":{\"@type\":\"ImageObject\",\"inLanguage\":\"es\",\"@id\":\"https:\\\/\\\/gxp-training.com\\\/es\\\/#\\\/schema\\\/logo\\\/image\\\/\",\"url\":\"https:\\\/\\\/gxp-training.com\\\/wp-content\\\/uploads\\\/2022\\\/05\\\/logo-resize.png\",\"contentUrl\":\"https:\\\/\\\/gxp-training.com\\\/wp-content\\\/uploads\\\/2022\\\/05\\\/logo-resize.png\",\"width\":350,\"height\":100,\"caption\":\"GXP Training\"},\"image\":{\"@id\":\"https:\\\/\\\/gxp-training.com\\\/es\\\/#\\\/schema\\\/logo\\\/image\\\/\"}}]}<\/script>\n<!-- \/ Yoast SEO plugin. -->","yoast_head_json":{"title":"Comit\u00e9 de Direcci\u00f3n de Farmacovigilancia para problemas de seguridad de los medicamentos","description":"Este curso le presenta los conceptos y los actores relevantes en el proceso de recopilaci\u00f3n de datos. \u00a1Comience su proceso de certificaci\u00f3n hoy mismo!","robots":{"index":"index","follow":"follow","max-snippet":"max-snippet:-1","max-image-preview":"max-image-preview:large","max-video-preview":"max-video-preview:-1"},"canonical":"https:\/\/gxp-training.com\/es\/online-course\/gestion-de-problemas-de-seguridad-de-los-medicamentos-a-traves-de-un-comite-de-direccion-de-farmacovigilancia\/","og_locale":"es_ES","og_type":"article","og_title":"Comit\u00e9 de Direcci\u00f3n de Farmacovigilancia para problemas de seguridad de los medicamentos","og_description":"Este curso le presenta los conceptos y los actores relevantes en el proceso de recopilaci\u00f3n de datos. \u00a1Comience su proceso de certificaci\u00f3n hoy mismo!","og_url":"https:\/\/gxp-training.com\/es\/online-course\/gestion-de-problemas-de-seguridad-de-los-medicamentos-a-traves-de-un-comite-de-direccion-de-farmacovigilancia\/","og_site_name":"GxP Training : Certified Online Courses for Life Sciences","og_image":[{"width":900,"height":627,"url":"https:\/\/gxp-training.com\/wp-content\/uploads\/2022\/05\/steering-committee.png","type":"image\/png"}],"twitter_card":"summary_large_image","twitter_misc":{"Tiempo de lectura":"2 minutos"},"schema":{"@context":"https:\/\/schema.org","@graph":[{"@type":"WebPage","@id":"https:\/\/gxp-training.com\/es\/online-course\/gestion-de-problemas-de-seguridad-de-los-medicamentos-a-traves-de-un-comite-de-direccion-de-farmacovigilancia\/","url":"https:\/\/gxp-training.com\/es\/online-course\/gestion-de-problemas-de-seguridad-de-los-medicamentos-a-traves-de-un-comite-de-direccion-de-farmacovigilancia\/","name":"Comit\u00e9 de Direcci\u00f3n de Farmacovigilancia para problemas de seguridad de los medicamentos","isPartOf":{"@id":"https:\/\/gxp-training.com\/es\/#website"},"primaryImageOfPage":{"@id":"https:\/\/gxp-training.com\/es\/online-course\/gestion-de-problemas-de-seguridad-de-los-medicamentos-a-traves-de-un-comite-de-direccion-de-farmacovigilancia\/#primaryimage"},"image":{"@id":"https:\/\/gxp-training.com\/es\/online-course\/gestion-de-problemas-de-seguridad-de-los-medicamentos-a-traves-de-un-comite-de-direccion-de-farmacovigilancia\/#primaryimage"},"thumbnailUrl":"https:\/\/gxp-training.com\/wp-content\/uploads\/2022\/05\/steering-committee.png","datePublished":"2022-05-24T09:12:46+00:00","description":"Este curso le presenta los conceptos y los actores relevantes en el proceso de recopilaci\u00f3n de datos. \u00a1Comience su proceso de certificaci\u00f3n hoy mismo!","breadcrumb":{"@id":"https:\/\/gxp-training.com\/es\/online-course\/gestion-de-problemas-de-seguridad-de-los-medicamentos-a-traves-de-un-comite-de-direccion-de-farmacovigilancia\/#breadcrumb"},"inLanguage":"es","potentialAction":[{"@type":"ReadAction","target":["https:\/\/gxp-training.com\/es\/online-course\/gestion-de-problemas-de-seguridad-de-los-medicamentos-a-traves-de-un-comite-de-direccion-de-farmacovigilancia\/"]}]},{"@type":"ImageObject","inLanguage":"es","@id":"https:\/\/gxp-training.com\/es\/online-course\/gestion-de-problemas-de-seguridad-de-los-medicamentos-a-traves-de-un-comite-de-direccion-de-farmacovigilancia\/#primaryimage","url":"https:\/\/gxp-training.com\/wp-content\/uploads\/2022\/05\/steering-committee.png","contentUrl":"https:\/\/gxp-training.com\/wp-content\/uploads\/2022\/05\/steering-committee.png","width":900,"height":627},{"@type":"BreadcrumbList","@id":"https:\/\/gxp-training.com\/es\/online-course\/gestion-de-problemas-de-seguridad-de-los-medicamentos-a-traves-de-un-comite-de-direccion-de-farmacovigilancia\/#breadcrumb","itemListElement":[{"@type":"ListItem","position":1,"name":"Inicio","item":"https:\/\/gxp-training.com\/es\/pagina-de-inicio\/"},{"@type":"ListItem","position":2,"name":"Productos","item":"https:\/\/gxp-training.com\/es\/shop\/"},{"@type":"ListItem","position":3,"name":"Gesti\u00f3n de problemas de seguridad de los medicamentos a trav\u00e9s de un Comit\u00e9 de Direcci\u00f3n de Farmacovigilancia"}]},{"@type":"WebSite","@id":"https:\/\/gxp-training.com\/es\/#website","url":"https:\/\/gxp-training.com\/es\/","name":"GxP Training : Certified Online Courses for Life Sciences","description":"Online Trainings and Certified Courses in Regulatory Compliance for Pharmaceutical Experts","publisher":{"@id":"https:\/\/gxp-training.com\/es\/#organization"},"potentialAction":[{"@type":"SearchAction","target":{"@type":"EntryPoint","urlTemplate":"https:\/\/gxp-training.com\/es\/?s={search_term_string}"},"query-input":{"@type":"PropertyValueSpecification","valueRequired":true,"valueName":"search_term_string"}}],"inLanguage":"es"},{"@type":"Organization","@id":"https:\/\/gxp-training.com\/es\/#organization","name":"GXP Training","url":"https:\/\/gxp-training.com\/es\/","logo":{"@type":"ImageObject","inLanguage":"es","@id":"https:\/\/gxp-training.com\/es\/#\/schema\/logo\/image\/","url":"https:\/\/gxp-training.com\/wp-content\/uploads\/2022\/05\/logo-resize.png","contentUrl":"https:\/\/gxp-training.com\/wp-content\/uploads\/2022\/05\/logo-resize.png","width":350,"height":100,"caption":"GXP Training"},"image":{"@id":"https:\/\/gxp-training.com\/es\/#\/schema\/logo\/image\/"}}]}},"_links":{"self":[{"href":"https:\/\/gxp-training.com\/es\/wp-json\/wp\/v2\/product\/58190","targetHints":{"allow":["GET"]}}],"collection":[{"href":"https:\/\/gxp-training.com\/es\/wp-json\/wp\/v2\/product"}],"about":[{"href":"https:\/\/gxp-training.com\/es\/wp-json\/wp\/v2\/types\/product"}],"wp:featuredmedia":[{"embeddable":true,"href":"https:\/\/gxp-training.com\/es\/wp-json\/wp\/v2\/media\/44658"}],"wp:attachment":[{"href":"https:\/\/gxp-training.com\/es\/wp-json\/wp\/v2\/media?parent=58190"}],"wp:term":[{"taxonomy":"product_brand","embeddable":true,"href":"https:\/\/gxp-training.com\/es\/wp-json\/wp\/v2\/product_brand?post=58190"},{"taxonomy":"product_cat","embeddable":true,"href":"https:\/\/gxp-training.com\/es\/wp-json\/wp\/v2\/product_cat?post=58190"},{"taxonomy":"product_tag","embeddable":true,"href":"https:\/\/gxp-training.com\/es\/wp-json\/wp\/v2\/product_tag?post=58190"}],"curies":[{"name":"wp","href":"https:\/\/api.w.org\/{rel}","templated":true}]}}