{"id":58183,"date":"2023-01-10T09:45:25","date_gmt":"2023-01-10T09:45:25","guid":{"rendered":"https:\/\/gxp-training.com\/online-course\/bpf-para-la-fabricacion-y-suministro-de-ensayos-clinicos\/"},"modified":"2023-01-10T09:45:25","modified_gmt":"2023-01-10T08:45:25","slug":"bpf-para-la-fabricacion-y-suministro-de-ensayos-clinicos","status":"publish","type":"product","link":"https:\/\/gxp-training.com\/es\/online-course\/bpf-para-la-fabricacion-y-suministro-de-ensayos-clinicos\/","title":{"rendered":"BPF para la fabricaci\u00f3n y suministro de ensayos cl\u00ednicos"},"content":{"rendered":"<p>Tanto como las <a href=\"https:\/\/gxp-training.com\/es\/gxp-courses\/bpf-buenas-practicas-de-fabricacion\/\">BPF<\/a> son importantes para los medicamentos aprobados para su comercializaci\u00f3n por la FDA\/EMA, son igualmente fundamentales para los medicamentos en investigaci\u00f3n que a\u00fan est\u00e1n en ensayos cl\u00ednicos. Comprender y aplicar los requisitos actuales de BPF a la pr\u00e1ctica durante la fabricaci\u00f3n de material de ensayos cl\u00ednicos garantiza que los medicamentos en investigaci\u00f3n y productos medicinales se produzcan de forma consistente bajo estrictas actividades de control de calidad. <\/p>\n<div class=\"noOutline\" data-ba-index=\"16\" data-ba=\"lessonEdit.block\" data-block-id=\"clbey4v780069286ks55150aq\">\n<div>\n<div class=\"block-image block-image--hero block-image--legacy \" data-ba=\"blocks.blockImage\">\n<div class=\"block-image__container\">\n<div class=\"block-image__row\">\n<div class=\"block-image__col\">\n<div>\n<div class=\"animated fadeIn\">\n<figure class=\"block-image__figure\" role=\"figure\" aria-labelledby=\"figcaption-clbey4v79006a286kl3se2chg\">\n<div class=\"block-image__image\"><\/div>\n<\/figure>\n<\/div>\n<\/div>\n<\/div>\n<\/div>\n<\/div>\n<\/div>\n<\/div>\n<\/div>\n<p>En este curso, ofrecemos una s\u00edntesis del tema a trav\u00e9s de una experiencia online interactiva. Este material ha sido elaborado por un equipo de expertos en asuntos regulatorios con cualificaci\u00f3n de Northeastern University, Boston, dirigido por un miembro s\u00e9nior capaz de articular teor\u00eda con pr\u00e1ctica. <\/p>\n<p>&nbsp;<\/p>\n<h3>Programa:<\/h3>\n<p>&nbsp;<\/p>\n<p><strong>Introducci\u00f3n<\/strong><\/p>\n<p>&nbsp;<\/p>\n<p><strong>Lecci\u00f3n 1: Gesti\u00f3n de la calidad de los medicamentos en investigaci\u00f3n<\/strong><\/p>\n<p>&nbsp;<\/p>\n<p><strong>Lecci\u00f3n 2: Gesti\u00f3n de riesgos de calidad<\/strong><\/p>\n<ul>\n<li><a href=\"https:\/\/gxp-training.com\/es\/online-course\/gestion-de-riesgos-para-la-calidad\/\">Control, comunicaci\u00f3n y revisi\u00f3n de riesgos de calidad<\/a><\/li>\n<\/ul>\n<p>&nbsp;<\/p>\n<p><strong>Lecci\u00f3n 3: Gesti\u00f3n de personal<\/strong><\/p>\n<p>&nbsp;<\/p>\n<p><strong>Lecci\u00f3n 4: Documentaci\u00f3n de medicamentos en investigaci\u00f3n<\/strong><\/p>\n<ul>\n<li>F\u00f3rmulas de fabricaci\u00f3n e instrucciones de envasado<\/li>\n<li>Instrucciones de etiquetado<\/li>\n<li>Registros de fabricaci\u00f3n de lotes<\/li>\n<li>Sistemas de codificaci\u00f3n<\/li>\n<\/ul>\n<p>&nbsp;<\/p>\n<p><strong>Lecci\u00f3n 6: Producci\u00f3n para la fabricaci\u00f3n de ensayos cl\u00ednicos<\/strong><\/p>\n<ul>\n<li>Operaciones de fabricaci\u00f3n<\/li>\n<li>Envasado y etiquetado<\/li>\n<li>Enmascaramiento<\/li>\n<\/ul>\n<p>&nbsp;<\/p>\n<p><strong>Lecci\u00f3n 7: Cualificaci\u00f3n y validaci\u00f3n<\/strong><\/p>\n<p>&nbsp;<\/p>\n<p><strong>Lecci\u00f3n 8: Retiradas y devoluciones del mercado<\/strong><\/p>\n<p>&nbsp;<\/p>\n<p><strong>Lecci\u00f3n 8: Env\u00edo<\/strong><\/p>\n<p>&nbsp;<\/p>\n<p><strong>Lecci\u00f3n 9: Destrucci\u00f3n<\/strong><\/p>\n<p>&nbsp;<\/p>\n<p><strong>Glosario<\/strong><\/p>\n<p>&nbsp;<\/p>\n<p><strong>Conclusi\u00f3n<\/strong><\/p>\n<p>&nbsp;<\/p>\n<p><strong>Evaluaci\u00f3n<\/strong><\/p>\n","protected":false},"excerpt":{"rendered":"<p>Tanto como las BPF son importantes para los medicamentos aprobados para su comercializaci\u00f3n por la FDA\/EMA, son igualmente fundamentales para los medicamentos en investigaci\u00f3n que a\u00fan est\u00e1n en ensayos cl\u00ednicos. Comprender y aplicar los requisitos actuales de BPF a la pr\u00e1ctica durante la fabricaci\u00f3n de material de ensayos cl\u00ednicos garantiza que los medicamentos en investigaci\u00f3n [&hellip;]<\/p>\n","protected":false},"featured_media":43323,"template":"","meta":{"_acf_changed":false,"content-type":""},"product_brand":[],"product_cat":[276,280,265,275,270,269],"product_tag":[],"class_list":{"0":"post-58183","1":"product","2":"type-product","3":"status-publish","4":"has-post-thumbnail","6":"product_cat-asuntos-regulatorios","7":"product_cat-bpd-buenas-practicas-de-distribucion","8":"product_cat-bpf-buenas-practicas-de-fabricacion","9":"product_cat-gcp-ensayos-clinicos","10":"product_cat-organizacion-de-investigacion-por-contrato-cro","11":"product_cat-productos-farmaceuticos","13":"first","14":"instock","15":"taxable","16":"shipping-taxable","17":"purchasable","18":"product-type-subscription"},"bundled_by":[],"bundle_stock_status":"instock","bundle_stock_quantity":null,"bundle_virtual":false,"bundle_layout":"","bundle_add_to_cart_form_location":"","bundle_editable_in_cart":false,"bundle_sold_individually_context":"","bundle_item_grouping":"","bundle_min_size":"","bundle_max_size":"","bundle_price":[],"bundled_items":[],"bundle_sell_ids":[],"acf":[],"yoast_head":"<!-- This site is optimized with the Yoast SEO plugin v27.5 - https:\/\/yoast.com\/product\/yoast-seo-wordpress\/ -->\n<title>Curso online de BPF para la fabricaci\u00f3n y suministro de ensayos cl\u00ednicos<\/title>\n<meta name=\"description\" content=\"Buenas Pr\u00e1cticas de Fabricaci\u00f3n para la fabricaci\u00f3n y suministro de ensayos cl\u00ednicos. Curso online y certificaci\u00f3n por los mejores expertos en BPF. Acreditado CPD y CEU.\" \/>\n<meta name=\"robots\" content=\"index, follow, max-snippet:-1, max-image-preview:large, max-video-preview:-1\" \/>\n<link rel=\"canonical\" href=\"https:\/\/gxp-training.com\/es\/online-course\/bpf-para-la-fabricacion-y-suministro-de-ensayos-clinicos\/\" \/>\n<meta property=\"og:locale\" content=\"es_ES\" \/>\n<meta property=\"og:type\" content=\"article\" \/>\n<meta property=\"og:title\" content=\"Curso online de BPF para la fabricaci\u00f3n y suministro de ensayos cl\u00ednicos\" \/>\n<meta property=\"og:description\" content=\"Buenas Pr\u00e1cticas de Fabricaci\u00f3n para la fabricaci\u00f3n y suministro de ensayos cl\u00ednicos. Curso online y certificaci\u00f3n por los mejores expertos en BPF. Acreditado CPD y CEU.\" \/>\n<meta property=\"og:url\" content=\"https:\/\/gxp-training.com\/es\/online-course\/bpf-para-la-fabricacion-y-suministro-de-ensayos-clinicos\/\" \/>\n<meta property=\"og:site_name\" content=\"GxP Training : Certified Online Courses for Life Sciences\" \/>\n<meta property=\"og:image\" content=\"https:\/\/gxp-training.com\/wp-content\/uploads\/2023\/01\/GMP-clinical-trials.png\" \/>\n\t<meta property=\"og:image:width\" content=\"900\" \/>\n\t<meta property=\"og:image:height\" content=\"627\" \/>\n\t<meta property=\"og:image:type\" content=\"image\/png\" \/>\n<meta name=\"twitter:card\" content=\"summary_large_image\" \/>\n<meta name=\"twitter:label1\" content=\"Tiempo de lectura\" \/>\n\t<meta name=\"twitter:data1\" content=\"1 minuto\" \/>\n<script type=\"application\/ld+json\" class=\"yoast-schema-graph\">{\"@context\":\"https:\\\/\\\/schema.org\",\"@graph\":[{\"@type\":\"WebPage\",\"@id\":\"https:\\\/\\\/gxp-training.com\\\/es\\\/online-course\\\/bpf-para-la-fabricacion-y-suministro-de-ensayos-clinicos\\\/\",\"url\":\"https:\\\/\\\/gxp-training.com\\\/es\\\/online-course\\\/bpf-para-la-fabricacion-y-suministro-de-ensayos-clinicos\\\/\",\"name\":\"Curso online de BPF para la fabricaci\u00f3n y suministro de ensayos cl\u00ednicos\",\"isPartOf\":{\"@id\":\"https:\\\/\\\/gxp-training.com\\\/es\\\/#website\"},\"primaryImageOfPage\":{\"@id\":\"https:\\\/\\\/gxp-training.com\\\/es\\\/online-course\\\/bpf-para-la-fabricacion-y-suministro-de-ensayos-clinicos\\\/#primaryimage\"},\"image\":{\"@id\":\"https:\\\/\\\/gxp-training.com\\\/es\\\/online-course\\\/bpf-para-la-fabricacion-y-suministro-de-ensayos-clinicos\\\/#primaryimage\"},\"thumbnailUrl\":\"https:\\\/\\\/gxp-training.com\\\/wp-content\\\/uploads\\\/2023\\\/01\\\/GMP-clinical-trials.png\",\"datePublished\":\"2023-01-10T09:45:25+00:00\",\"description\":\"Buenas Pr\u00e1cticas de Fabricaci\u00f3n para la fabricaci\u00f3n y suministro de ensayos cl\u00ednicos. Curso online y certificaci\u00f3n por los mejores expertos en BPF. Acreditado CPD y CEU.\",\"breadcrumb\":{\"@id\":\"https:\\\/\\\/gxp-training.com\\\/es\\\/online-course\\\/bpf-para-la-fabricacion-y-suministro-de-ensayos-clinicos\\\/#breadcrumb\"},\"inLanguage\":\"es\",\"potentialAction\":[{\"@type\":\"ReadAction\",\"target\":[\"https:\\\/\\\/gxp-training.com\\\/es\\\/online-course\\\/bpf-para-la-fabricacion-y-suministro-de-ensayos-clinicos\\\/\"]}]},{\"@type\":\"ImageObject\",\"inLanguage\":\"es\",\"@id\":\"https:\\\/\\\/gxp-training.com\\\/es\\\/online-course\\\/bpf-para-la-fabricacion-y-suministro-de-ensayos-clinicos\\\/#primaryimage\",\"url\":\"https:\\\/\\\/gxp-training.com\\\/wp-content\\\/uploads\\\/2023\\\/01\\\/GMP-clinical-trials.png\",\"contentUrl\":\"https:\\\/\\\/gxp-training.com\\\/wp-content\\\/uploads\\\/2023\\\/01\\\/GMP-clinical-trials.png\",\"width\":900,\"height\":627},{\"@type\":\"BreadcrumbList\",\"@id\":\"https:\\\/\\\/gxp-training.com\\\/es\\\/online-course\\\/bpf-para-la-fabricacion-y-suministro-de-ensayos-clinicos\\\/#breadcrumb\",\"itemListElement\":[{\"@type\":\"ListItem\",\"position\":1,\"name\":\"Inicio\",\"item\":\"https:\\\/\\\/gxp-training.com\\\/es\\\/pagina-de-inicio\\\/\"},{\"@type\":\"ListItem\",\"position\":2,\"name\":\"Productos\",\"item\":\"https:\\\/\\\/gxp-training.com\\\/es\\\/shop\\\/\"},{\"@type\":\"ListItem\",\"position\":3,\"name\":\"BPF para la fabricaci\u00f3n y suministro de ensayos cl\u00ednicos\"}]},{\"@type\":\"WebSite\",\"@id\":\"https:\\\/\\\/gxp-training.com\\\/es\\\/#website\",\"url\":\"https:\\\/\\\/gxp-training.com\\\/es\\\/\",\"name\":\"GxP Training : Certified Online Courses for Life Sciences\",\"description\":\"Online Trainings and Certified Courses in Regulatory Compliance for Pharmaceutical Experts\",\"publisher\":{\"@id\":\"https:\\\/\\\/gxp-training.com\\\/es\\\/#organization\"},\"potentialAction\":[{\"@type\":\"SearchAction\",\"target\":{\"@type\":\"EntryPoint\",\"urlTemplate\":\"https:\\\/\\\/gxp-training.com\\\/es\\\/?s={search_term_string}\"},\"query-input\":{\"@type\":\"PropertyValueSpecification\",\"valueRequired\":true,\"valueName\":\"search_term_string\"}}],\"inLanguage\":\"es\"},{\"@type\":\"Organization\",\"@id\":\"https:\\\/\\\/gxp-training.com\\\/es\\\/#organization\",\"name\":\"GXP Training\",\"url\":\"https:\\\/\\\/gxp-training.com\\\/es\\\/\",\"logo\":{\"@type\":\"ImageObject\",\"inLanguage\":\"es\",\"@id\":\"https:\\\/\\\/gxp-training.com\\\/es\\\/#\\\/schema\\\/logo\\\/image\\\/\",\"url\":\"https:\\\/\\\/gxp-training.com\\\/wp-content\\\/uploads\\\/2022\\\/05\\\/logo-resize.png\",\"contentUrl\":\"https:\\\/\\\/gxp-training.com\\\/wp-content\\\/uploads\\\/2022\\\/05\\\/logo-resize.png\",\"width\":350,\"height\":100,\"caption\":\"GXP Training\"},\"image\":{\"@id\":\"https:\\\/\\\/gxp-training.com\\\/es\\\/#\\\/schema\\\/logo\\\/image\\\/\"}}]}<\/script>\n<!-- \/ Yoast SEO plugin. -->","yoast_head_json":{"title":"Curso online de BPF para la fabricaci\u00f3n y suministro de ensayos cl\u00ednicos","description":"Buenas Pr\u00e1cticas de Fabricaci\u00f3n para la fabricaci\u00f3n y suministro de ensayos cl\u00ednicos. Curso online y certificaci\u00f3n por los mejores expertos en BPF. Acreditado CPD y CEU.","robots":{"index":"index","follow":"follow","max-snippet":"max-snippet:-1","max-image-preview":"max-image-preview:large","max-video-preview":"max-video-preview:-1"},"canonical":"https:\/\/gxp-training.com\/es\/online-course\/bpf-para-la-fabricacion-y-suministro-de-ensayos-clinicos\/","og_locale":"es_ES","og_type":"article","og_title":"Curso online de BPF para la fabricaci\u00f3n y suministro de ensayos cl\u00ednicos","og_description":"Buenas Pr\u00e1cticas de Fabricaci\u00f3n para la fabricaci\u00f3n y suministro de ensayos cl\u00ednicos. Curso online y certificaci\u00f3n por los mejores expertos en BPF. Acreditado CPD y CEU.","og_url":"https:\/\/gxp-training.com\/es\/online-course\/bpf-para-la-fabricacion-y-suministro-de-ensayos-clinicos\/","og_site_name":"GxP Training : Certified Online Courses for Life Sciences","og_image":[{"width":900,"height":627,"url":"https:\/\/gxp-training.com\/wp-content\/uploads\/2023\/01\/GMP-clinical-trials.png","type":"image\/png"}],"twitter_card":"summary_large_image","twitter_misc":{"Tiempo de lectura":"1 minuto"},"schema":{"@context":"https:\/\/schema.org","@graph":[{"@type":"WebPage","@id":"https:\/\/gxp-training.com\/es\/online-course\/bpf-para-la-fabricacion-y-suministro-de-ensayos-clinicos\/","url":"https:\/\/gxp-training.com\/es\/online-course\/bpf-para-la-fabricacion-y-suministro-de-ensayos-clinicos\/","name":"Curso online de BPF para la fabricaci\u00f3n y suministro de ensayos cl\u00ednicos","isPartOf":{"@id":"https:\/\/gxp-training.com\/es\/#website"},"primaryImageOfPage":{"@id":"https:\/\/gxp-training.com\/es\/online-course\/bpf-para-la-fabricacion-y-suministro-de-ensayos-clinicos\/#primaryimage"},"image":{"@id":"https:\/\/gxp-training.com\/es\/online-course\/bpf-para-la-fabricacion-y-suministro-de-ensayos-clinicos\/#primaryimage"},"thumbnailUrl":"https:\/\/gxp-training.com\/wp-content\/uploads\/2023\/01\/GMP-clinical-trials.png","datePublished":"2023-01-10T09:45:25+00:00","description":"Buenas Pr\u00e1cticas de Fabricaci\u00f3n para la fabricaci\u00f3n y suministro de ensayos cl\u00ednicos. Curso online y certificaci\u00f3n por los mejores expertos en BPF. Acreditado CPD y CEU.","breadcrumb":{"@id":"https:\/\/gxp-training.com\/es\/online-course\/bpf-para-la-fabricacion-y-suministro-de-ensayos-clinicos\/#breadcrumb"},"inLanguage":"es","potentialAction":[{"@type":"ReadAction","target":["https:\/\/gxp-training.com\/es\/online-course\/bpf-para-la-fabricacion-y-suministro-de-ensayos-clinicos\/"]}]},{"@type":"ImageObject","inLanguage":"es","@id":"https:\/\/gxp-training.com\/es\/online-course\/bpf-para-la-fabricacion-y-suministro-de-ensayos-clinicos\/#primaryimage","url":"https:\/\/gxp-training.com\/wp-content\/uploads\/2023\/01\/GMP-clinical-trials.png","contentUrl":"https:\/\/gxp-training.com\/wp-content\/uploads\/2023\/01\/GMP-clinical-trials.png","width":900,"height":627},{"@type":"BreadcrumbList","@id":"https:\/\/gxp-training.com\/es\/online-course\/bpf-para-la-fabricacion-y-suministro-de-ensayos-clinicos\/#breadcrumb","itemListElement":[{"@type":"ListItem","position":1,"name":"Inicio","item":"https:\/\/gxp-training.com\/es\/pagina-de-inicio\/"},{"@type":"ListItem","position":2,"name":"Productos","item":"https:\/\/gxp-training.com\/es\/shop\/"},{"@type":"ListItem","position":3,"name":"BPF para la fabricaci\u00f3n y suministro de ensayos cl\u00ednicos"}]},{"@type":"WebSite","@id":"https:\/\/gxp-training.com\/es\/#website","url":"https:\/\/gxp-training.com\/es\/","name":"GxP Training : Certified Online Courses for Life Sciences","description":"Online Trainings and Certified Courses in Regulatory Compliance for Pharmaceutical Experts","publisher":{"@id":"https:\/\/gxp-training.com\/es\/#organization"},"potentialAction":[{"@type":"SearchAction","target":{"@type":"EntryPoint","urlTemplate":"https:\/\/gxp-training.com\/es\/?s={search_term_string}"},"query-input":{"@type":"PropertyValueSpecification","valueRequired":true,"valueName":"search_term_string"}}],"inLanguage":"es"},{"@type":"Organization","@id":"https:\/\/gxp-training.com\/es\/#organization","name":"GXP Training","url":"https:\/\/gxp-training.com\/es\/","logo":{"@type":"ImageObject","inLanguage":"es","@id":"https:\/\/gxp-training.com\/es\/#\/schema\/logo\/image\/","url":"https:\/\/gxp-training.com\/wp-content\/uploads\/2022\/05\/logo-resize.png","contentUrl":"https:\/\/gxp-training.com\/wp-content\/uploads\/2022\/05\/logo-resize.png","width":350,"height":100,"caption":"GXP Training"},"image":{"@id":"https:\/\/gxp-training.com\/es\/#\/schema\/logo\/image\/"}}]}},"_links":{"self":[{"href":"https:\/\/gxp-training.com\/es\/wp-json\/wp\/v2\/product\/58183","targetHints":{"allow":["GET"]}}],"collection":[{"href":"https:\/\/gxp-training.com\/es\/wp-json\/wp\/v2\/product"}],"about":[{"href":"https:\/\/gxp-training.com\/es\/wp-json\/wp\/v2\/types\/product"}],"wp:featuredmedia":[{"embeddable":true,"href":"https:\/\/gxp-training.com\/es\/wp-json\/wp\/v2\/media\/43323"}],"wp:attachment":[{"href":"https:\/\/gxp-training.com\/es\/wp-json\/wp\/v2\/media?parent=58183"}],"wp:term":[{"taxonomy":"product_brand","embeddable":true,"href":"https:\/\/gxp-training.com\/es\/wp-json\/wp\/v2\/product_brand?post=58183"},{"taxonomy":"product_cat","embeddable":true,"href":"https:\/\/gxp-training.com\/es\/wp-json\/wp\/v2\/product_cat?post=58183"},{"taxonomy":"product_tag","embeddable":true,"href":"https:\/\/gxp-training.com\/es\/wp-json\/wp\/v2\/product_tag?post=58183"}],"curies":[{"name":"wp","href":"https:\/\/api.w.org\/{rel}","templated":true}]}}