{"id":58169,"date":"2022-10-25T14:16:20","date_gmt":"2022-10-25T12:16:20","guid":{"rendered":"https:\/\/gxp-training.com\/online-course\/gestion-de-la-calidad-para-productos-sanitarios-iso-134852016\/"},"modified":"2022-10-25T14:16:20","modified_gmt":"2022-10-25T12:16:20","slug":"gestion-de-la-calidad-para-productos-sanitarios-iso-134852016","status":"publish","type":"product","link":"https:\/\/gxp-training.com\/es\/online-course\/gestion-de-la-calidad-para-productos-sanitarios-iso-134852016\/","title":{"rendered":"Gesti\u00f3n de la Calidad para Productos Sanitarios &#8211; ISO 13485:2016"},"content":{"rendered":"<p><strong>ISO 13485, Productos sanitarios \u2013 Sistemas de gesti\u00f3n de la calidad \u2013 Requisitos para fines reglamentarios<\/strong><\/p>\n<p>Se trata de una norma acordada internacionalmente que establece los requisitos para un sistema de gesti\u00f3n de la calidad espec\u00edfico de la industria de productos sanitarios.<\/p>\n<p>Est\u00e1 dise\u00f1ada para ser utilizada por organizaciones a lo largo de todo el ciclo de vida de un producto sanitario, desde la concepci\u00f3n inicial hasta la producci\u00f3n y posproducci\u00f3n, incluida la retirada final y eliminaci\u00f3n.<\/p>\n<p>Esta formaci\u00f3n online tambi\u00e9n cubre aspectos como el almacenamiento, la distribuci\u00f3n, la instalaci\u00f3n y el mantenimiento, as\u00ed como la prestaci\u00f3n de servicios asociados<\/p>\n<p>&nbsp;<\/p>\n<h3>Programa:<\/h3>\n<p>&nbsp;<\/p>\n<p><strong>Lecci\u00f3n 1: \u00bfQu\u00e9 es un producto sanitario?<\/strong><\/p>\n<p>&nbsp;<\/p>\n<p><strong>Lecci\u00f3n 2: \u00bfQu\u00e9 es un sistema de gesti\u00f3n de la calidad?<\/strong><\/p>\n<p>&nbsp;<\/p>\n<p><strong>Lecci\u00f3n 3: \u00bfQu\u00e9 beneficios aportar\u00e1 a mi organizaci\u00f3n?<\/strong><\/p>\n<p>&nbsp;<\/p>\n<p><strong>Lecci\u00f3n 4: \u00bfPor qu\u00e9 se revis\u00f3 la ISO 13485?<\/strong><\/p>\n<p>&nbsp;<\/p>\n<p><strong>Lecci\u00f3n 5: \u00bfCu\u00e1les son las mejoras clave?<\/strong><\/p>\n<p>&nbsp;<\/p>\n<p><strong>Lecci\u00f3n 6: Estoy certificado seg\u00fan ISO 13485:2003. \u00bfQu\u00e9 significa para m\u00ed? <\/strong><\/p>\n<p>&nbsp;<\/p>\n<p><strong>Lecci\u00f3n 7: Relaci\u00f3n con ISO 9001<\/strong><\/p>\n<p>&nbsp;<\/p>\n<p><strong>Glosario<\/strong><\/p>\n<p>&nbsp;<\/p>\n<p><strong>Evaluaci\u00f3n<\/strong><\/p>\n","protected":false},"excerpt":{"rendered":"<p>ISO 13485, Productos sanitarios \u2013 Sistemas de gesti\u00f3n de la calidad \u2013 Requisitos para fines reglamentarios Se trata de una norma acordada internacionalmente que establece los requisitos para un sistema de gesti\u00f3n de la calidad espec\u00edfico de la industria de productos sanitarios. Est\u00e1 dise\u00f1ada para ser utilizada por organizaciones a lo largo de todo el [&hellip;]<\/p>\n","protected":false},"featured_media":45239,"template":"","meta":{"_acf_changed":false,"content-type":""},"product_brand":[],"product_cat":[265,271,266],"product_tag":[],"class_list":{"0":"post-58169","1":"product","2":"type-product","3":"status-publish","4":"has-post-thumbnail","6":"product_cat-bpf-buenas-practicas-de-fabricacion","7":"product_cat-garantia-de-calidad","8":"product_cat-productos-sanitarios","10":"first","11":"instock","12":"taxable","13":"shipping-taxable","14":"purchasable","15":"product-type-subscription"},"bundled_by":[],"bundle_stock_status":"instock","bundle_stock_quantity":null,"bundle_virtual":false,"bundle_layout":"","bundle_add_to_cart_form_location":"","bundle_editable_in_cart":false,"bundle_sold_individually_context":"","bundle_item_grouping":"","bundle_min_size":"","bundle_max_size":"","bundle_price":[],"bundled_items":[],"bundle_sell_ids":[],"acf":[],"yoast_head":"<!-- This site is optimized with the Yoast SEO plugin v27.5 - https:\/\/yoast.com\/product\/yoast-seo-wordpress\/ -->\n<title>Gesti\u00f3n de la Calidad para Productos Sanitarios: Certificaci\u00f3n Online<\/title>\n<meta name=\"description\" content=\"Aprenda sobre la regulaci\u00f3n de la calidad de los productos sanitarios desde su concepci\u00f3n hasta su eliminaci\u00f3n. \u00a1Comience hoy su camino hacia la certificaci\u00f3n en gesti\u00f3n de la calidad!\" \/>\n<meta name=\"robots\" content=\"index, follow, max-snippet:-1, max-image-preview:large, max-video-preview:-1\" \/>\n<link rel=\"canonical\" href=\"https:\/\/gxp-training.com\/es\/online-course\/gestion-de-la-calidad-para-productos-sanitarios-iso-134852016\/\" \/>\n<meta property=\"og:locale\" content=\"es_ES\" \/>\n<meta property=\"og:type\" content=\"article\" \/>\n<meta property=\"og:title\" content=\"Gesti\u00f3n de la Calidad para Productos Sanitarios: Certificaci\u00f3n Online\" \/>\n<meta property=\"og:description\" content=\"Aprenda sobre la regulaci\u00f3n de la calidad de los productos sanitarios desde su concepci\u00f3n hasta su eliminaci\u00f3n. \u00a1Comience hoy su camino hacia la certificaci\u00f3n en gesti\u00f3n de la calidad!\" \/>\n<meta property=\"og:url\" content=\"https:\/\/gxp-training.com\/es\/online-course\/gestion-de-la-calidad-para-productos-sanitarios-iso-134852016\/\" \/>\n<meta property=\"og:site_name\" content=\"GxP Training : Certified Online Courses for Life Sciences\" \/>\n<meta property=\"og:image\" content=\"https:\/\/gxp-training.com\/wp-content\/uploads\/2022\/10\/Quality-Management-ISO13485-.png\" \/>\n\t<meta property=\"og:image:width\" content=\"900\" \/>\n\t<meta property=\"og:image:height\" content=\"627\" \/>\n\t<meta property=\"og:image:type\" content=\"image\/png\" \/>\n<meta name=\"twitter:card\" content=\"summary_large_image\" \/>\n<meta name=\"twitter:label1\" content=\"Tiempo de lectura\" \/>\n\t<meta name=\"twitter:data1\" content=\"1 minuto\" \/>\n<script type=\"application\/ld+json\" class=\"yoast-schema-graph\">{\"@context\":\"https:\\\/\\\/schema.org\",\"@graph\":[{\"@type\":\"WebPage\",\"@id\":\"https:\\\/\\\/gxp-training.com\\\/es\\\/online-course\\\/gestion-de-la-calidad-para-productos-sanitarios-iso-134852016\\\/\",\"url\":\"https:\\\/\\\/gxp-training.com\\\/es\\\/online-course\\\/gestion-de-la-calidad-para-productos-sanitarios-iso-134852016\\\/\",\"name\":\"Gesti\u00f3n de la Calidad para Productos Sanitarios: Certificaci\u00f3n Online\",\"isPartOf\":{\"@id\":\"https:\\\/\\\/gxp-training.com\\\/es\\\/#website\"},\"primaryImageOfPage\":{\"@id\":\"https:\\\/\\\/gxp-training.com\\\/es\\\/online-course\\\/gestion-de-la-calidad-para-productos-sanitarios-iso-134852016\\\/#primaryimage\"},\"image\":{\"@id\":\"https:\\\/\\\/gxp-training.com\\\/es\\\/online-course\\\/gestion-de-la-calidad-para-productos-sanitarios-iso-134852016\\\/#primaryimage\"},\"thumbnailUrl\":\"https:\\\/\\\/gxp-training.com\\\/wp-content\\\/uploads\\\/2022\\\/10\\\/Quality-Management-ISO13485-.png\",\"datePublished\":\"2022-10-25T12:16:20+00:00\",\"description\":\"Aprenda sobre la regulaci\u00f3n de la calidad de los productos sanitarios desde su concepci\u00f3n hasta su eliminaci\u00f3n. \u00a1Comience hoy su camino hacia la certificaci\u00f3n en gesti\u00f3n de la calidad!\",\"breadcrumb\":{\"@id\":\"https:\\\/\\\/gxp-training.com\\\/es\\\/online-course\\\/gestion-de-la-calidad-para-productos-sanitarios-iso-134852016\\\/#breadcrumb\"},\"inLanguage\":\"es\",\"potentialAction\":[{\"@type\":\"ReadAction\",\"target\":[\"https:\\\/\\\/gxp-training.com\\\/es\\\/online-course\\\/gestion-de-la-calidad-para-productos-sanitarios-iso-134852016\\\/\"]}]},{\"@type\":\"ImageObject\",\"inLanguage\":\"es\",\"@id\":\"https:\\\/\\\/gxp-training.com\\\/es\\\/online-course\\\/gestion-de-la-calidad-para-productos-sanitarios-iso-134852016\\\/#primaryimage\",\"url\":\"https:\\\/\\\/gxp-training.com\\\/wp-content\\\/uploads\\\/2022\\\/10\\\/Quality-Management-ISO13485-.png\",\"contentUrl\":\"https:\\\/\\\/gxp-training.com\\\/wp-content\\\/uploads\\\/2022\\\/10\\\/Quality-Management-ISO13485-.png\",\"width\":900,\"height\":627},{\"@type\":\"BreadcrumbList\",\"@id\":\"https:\\\/\\\/gxp-training.com\\\/es\\\/online-course\\\/gestion-de-la-calidad-para-productos-sanitarios-iso-134852016\\\/#breadcrumb\",\"itemListElement\":[{\"@type\":\"ListItem\",\"position\":1,\"name\":\"Inicio\",\"item\":\"https:\\\/\\\/gxp-training.com\\\/es\\\/pagina-de-inicio\\\/\"},{\"@type\":\"ListItem\",\"position\":2,\"name\":\"Productos\",\"item\":\"https:\\\/\\\/gxp-training.com\\\/es\\\/shop\\\/\"},{\"@type\":\"ListItem\",\"position\":3,\"name\":\"Gesti\u00f3n de la Calidad para Productos Sanitarios &#8211; ISO 13485:2016\"}]},{\"@type\":\"WebSite\",\"@id\":\"https:\\\/\\\/gxp-training.com\\\/es\\\/#website\",\"url\":\"https:\\\/\\\/gxp-training.com\\\/es\\\/\",\"name\":\"GxP Training : Certified Online Courses for Life Sciences\",\"description\":\"Online Trainings and Certified Courses in Regulatory Compliance for Pharmaceutical Experts\",\"publisher\":{\"@id\":\"https:\\\/\\\/gxp-training.com\\\/es\\\/#organization\"},\"potentialAction\":[{\"@type\":\"SearchAction\",\"target\":{\"@type\":\"EntryPoint\",\"urlTemplate\":\"https:\\\/\\\/gxp-training.com\\\/es\\\/?s={search_term_string}\"},\"query-input\":{\"@type\":\"PropertyValueSpecification\",\"valueRequired\":true,\"valueName\":\"search_term_string\"}}],\"inLanguage\":\"es\"},{\"@type\":\"Organization\",\"@id\":\"https:\\\/\\\/gxp-training.com\\\/es\\\/#organization\",\"name\":\"GXP Training\",\"url\":\"https:\\\/\\\/gxp-training.com\\\/es\\\/\",\"logo\":{\"@type\":\"ImageObject\",\"inLanguage\":\"es\",\"@id\":\"https:\\\/\\\/gxp-training.com\\\/es\\\/#\\\/schema\\\/logo\\\/image\\\/\",\"url\":\"https:\\\/\\\/gxp-training.com\\\/wp-content\\\/uploads\\\/2022\\\/05\\\/logo-resize.png\",\"contentUrl\":\"https:\\\/\\\/gxp-training.com\\\/wp-content\\\/uploads\\\/2022\\\/05\\\/logo-resize.png\",\"width\":350,\"height\":100,\"caption\":\"GXP Training\"},\"image\":{\"@id\":\"https:\\\/\\\/gxp-training.com\\\/es\\\/#\\\/schema\\\/logo\\\/image\\\/\"}}]}<\/script>\n<!-- \/ Yoast SEO plugin. -->","yoast_head_json":{"title":"Gesti\u00f3n de la Calidad para Productos Sanitarios: Certificaci\u00f3n Online","description":"Aprenda sobre la regulaci\u00f3n de la calidad de los productos sanitarios desde su concepci\u00f3n hasta su eliminaci\u00f3n. \u00a1Comience hoy su camino hacia la certificaci\u00f3n en gesti\u00f3n de la calidad!","robots":{"index":"index","follow":"follow","max-snippet":"max-snippet:-1","max-image-preview":"max-image-preview:large","max-video-preview":"max-video-preview:-1"},"canonical":"https:\/\/gxp-training.com\/es\/online-course\/gestion-de-la-calidad-para-productos-sanitarios-iso-134852016\/","og_locale":"es_ES","og_type":"article","og_title":"Gesti\u00f3n de la Calidad para Productos Sanitarios: Certificaci\u00f3n Online","og_description":"Aprenda sobre la regulaci\u00f3n de la calidad de los productos sanitarios desde su concepci\u00f3n hasta su eliminaci\u00f3n. \u00a1Comience hoy su camino hacia la certificaci\u00f3n en gesti\u00f3n de la calidad!","og_url":"https:\/\/gxp-training.com\/es\/online-course\/gestion-de-la-calidad-para-productos-sanitarios-iso-134852016\/","og_site_name":"GxP Training : Certified Online Courses for Life Sciences","og_image":[{"width":900,"height":627,"url":"https:\/\/gxp-training.com\/wp-content\/uploads\/2022\/10\/Quality-Management-ISO13485-.png","type":"image\/png"}],"twitter_card":"summary_large_image","twitter_misc":{"Tiempo de lectura":"1 minuto"},"schema":{"@context":"https:\/\/schema.org","@graph":[{"@type":"WebPage","@id":"https:\/\/gxp-training.com\/es\/online-course\/gestion-de-la-calidad-para-productos-sanitarios-iso-134852016\/","url":"https:\/\/gxp-training.com\/es\/online-course\/gestion-de-la-calidad-para-productos-sanitarios-iso-134852016\/","name":"Gesti\u00f3n de la Calidad para Productos Sanitarios: Certificaci\u00f3n Online","isPartOf":{"@id":"https:\/\/gxp-training.com\/es\/#website"},"primaryImageOfPage":{"@id":"https:\/\/gxp-training.com\/es\/online-course\/gestion-de-la-calidad-para-productos-sanitarios-iso-134852016\/#primaryimage"},"image":{"@id":"https:\/\/gxp-training.com\/es\/online-course\/gestion-de-la-calidad-para-productos-sanitarios-iso-134852016\/#primaryimage"},"thumbnailUrl":"https:\/\/gxp-training.com\/wp-content\/uploads\/2022\/10\/Quality-Management-ISO13485-.png","datePublished":"2022-10-25T12:16:20+00:00","description":"Aprenda sobre la regulaci\u00f3n de la calidad de los productos sanitarios desde su concepci\u00f3n hasta su eliminaci\u00f3n. \u00a1Comience hoy su camino hacia la certificaci\u00f3n en gesti\u00f3n de la calidad!","breadcrumb":{"@id":"https:\/\/gxp-training.com\/es\/online-course\/gestion-de-la-calidad-para-productos-sanitarios-iso-134852016\/#breadcrumb"},"inLanguage":"es","potentialAction":[{"@type":"ReadAction","target":["https:\/\/gxp-training.com\/es\/online-course\/gestion-de-la-calidad-para-productos-sanitarios-iso-134852016\/"]}]},{"@type":"ImageObject","inLanguage":"es","@id":"https:\/\/gxp-training.com\/es\/online-course\/gestion-de-la-calidad-para-productos-sanitarios-iso-134852016\/#primaryimage","url":"https:\/\/gxp-training.com\/wp-content\/uploads\/2022\/10\/Quality-Management-ISO13485-.png","contentUrl":"https:\/\/gxp-training.com\/wp-content\/uploads\/2022\/10\/Quality-Management-ISO13485-.png","width":900,"height":627},{"@type":"BreadcrumbList","@id":"https:\/\/gxp-training.com\/es\/online-course\/gestion-de-la-calidad-para-productos-sanitarios-iso-134852016\/#breadcrumb","itemListElement":[{"@type":"ListItem","position":1,"name":"Inicio","item":"https:\/\/gxp-training.com\/es\/pagina-de-inicio\/"},{"@type":"ListItem","position":2,"name":"Productos","item":"https:\/\/gxp-training.com\/es\/shop\/"},{"@type":"ListItem","position":3,"name":"Gesti\u00f3n de la Calidad para Productos Sanitarios &#8211; ISO 13485:2016"}]},{"@type":"WebSite","@id":"https:\/\/gxp-training.com\/es\/#website","url":"https:\/\/gxp-training.com\/es\/","name":"GxP Training : Certified Online Courses for Life Sciences","description":"Online Trainings and Certified Courses in Regulatory Compliance for Pharmaceutical Experts","publisher":{"@id":"https:\/\/gxp-training.com\/es\/#organization"},"potentialAction":[{"@type":"SearchAction","target":{"@type":"EntryPoint","urlTemplate":"https:\/\/gxp-training.com\/es\/?s={search_term_string}"},"query-input":{"@type":"PropertyValueSpecification","valueRequired":true,"valueName":"search_term_string"}}],"inLanguage":"es"},{"@type":"Organization","@id":"https:\/\/gxp-training.com\/es\/#organization","name":"GXP Training","url":"https:\/\/gxp-training.com\/es\/","logo":{"@type":"ImageObject","inLanguage":"es","@id":"https:\/\/gxp-training.com\/es\/#\/schema\/logo\/image\/","url":"https:\/\/gxp-training.com\/wp-content\/uploads\/2022\/05\/logo-resize.png","contentUrl":"https:\/\/gxp-training.com\/wp-content\/uploads\/2022\/05\/logo-resize.png","width":350,"height":100,"caption":"GXP Training"},"image":{"@id":"https:\/\/gxp-training.com\/es\/#\/schema\/logo\/image\/"}}]}},"_links":{"self":[{"href":"https:\/\/gxp-training.com\/es\/wp-json\/wp\/v2\/product\/58169","targetHints":{"allow":["GET"]}}],"collection":[{"href":"https:\/\/gxp-training.com\/es\/wp-json\/wp\/v2\/product"}],"about":[{"href":"https:\/\/gxp-training.com\/es\/wp-json\/wp\/v2\/types\/product"}],"wp:featuredmedia":[{"embeddable":true,"href":"https:\/\/gxp-training.com\/es\/wp-json\/wp\/v2\/media\/45239"}],"wp:attachment":[{"href":"https:\/\/gxp-training.com\/es\/wp-json\/wp\/v2\/media?parent=58169"}],"wp:term":[{"taxonomy":"product_brand","embeddable":true,"href":"https:\/\/gxp-training.com\/es\/wp-json\/wp\/v2\/product_brand?post=58169"},{"taxonomy":"product_cat","embeddable":true,"href":"https:\/\/gxp-training.com\/es\/wp-json\/wp\/v2\/product_cat?post=58169"},{"taxonomy":"product_tag","embeddable":true,"href":"https:\/\/gxp-training.com\/es\/wp-json\/wp\/v2\/product_tag?post=58169"}],"curies":[{"name":"wp","href":"https:\/\/api.w.org\/{rel}","templated":true}]}}