{"id":58161,"date":"2022-11-10T17:03:12","date_gmt":"2022-11-10T16:03:12","guid":{"rendered":"https:\/\/gxp-training.com\/online-course\/introduccion-a-gxp\/"},"modified":"2022-11-10T17:03:12","modified_gmt":"2022-11-10T16:03:12","slug":"introduccion-a-gxp","status":"publish","type":"product","link":"https:\/\/gxp-training.com\/es\/online-course\/introduccion-a-gxp\/","title":{"rendered":"Introducci\u00f3n a GxP"},"content":{"rendered":"<div class=\"description\">\n<p data-start=\"409\" data-end=\"672\">GxP se refiere a un conjunto de directrices de calidad y cumplimiento aplicadas en los sectores farmac\u00e9utico, biotecnol\u00f3gico y otros de las ciencias de la vida. Estas directrices garantizan que los productos sean seguros, eficaces y cumplan las expectativas regulatorias desde el desarrollo hasta la entrega. <\/p>\n<p data-start=\"674\" data-end=\"857\">Tanto si trabaja en <strong data-start=\"692\" data-end=\"747\"><a href=\"https:\/\/gxp-training.com\/es\/gxp-courses\/bpf-buenas-practicas-de-fabricacion\/\">fabricaci\u00f3n<\/a>, ensayos cl\u00ednicos, aseguramiento de la calidad (QA) o distribuci\u00f3n<\/strong>, este curso ofrece una introducci\u00f3n clara y pr\u00e1ctica a los principios clave de GxP que dan forma a su sector.<\/p>\n<p data-start=\"674\" data-end=\"857\">Este curso es ideal para profesionales que trabajan en o se incorporan a los <strong data-start=\"66\" data-end=\"125\">sectores farmac\u00e9utico, biotecnol\u00f3gico o de las ciencias de la vida.<\/strong> Es una base s\u00f3lida para <strong data-start=\"281\" data-end=\"362\">nuevas incorporaciones, personas en formaci\u00f3n o cualquiera que se prepare para auditor\u00edas o inspecciones regulatorias<\/strong>.<\/p>\n<p data-start=\"859\" data-end=\"1087\">Desarrollado por un equipo de profesionales con amplia experiencia en Asuntos Regulatorios, este curso est\u00e1 impartido por expertos con titulaciones de la Northeastern University (Boston) y experiencia real que conecta la teor\u00eda regulatoria con la pr\u00e1ctica.<\/p>\n<h3 data-start=\"1094\" data-end=\"1117\">\u00bfQu\u00e9 aprender\u00e1?<\/h3>\n<p data-start=\"1119\" data-end=\"1166\">Al finalizar este curso, podr\u00e1:<\/p>\n<ul data-start=\"1168\" data-end=\"1512\">\n<li data-start=\"1168\" data-end=\"1252\">\n<p data-start=\"1170\" data-end=\"1252\">Comprender los <strong data-start=\"1185\" data-end=\"1204\">principios fundamentales<\/strong> de GxP y su papel en el cumplimiento normativo.<\/p>\n<\/li>\n<li data-start=\"1253\" data-end=\"1318\">\n<p data-start=\"1255\" data-end=\"1318\">Diferenciar entre GxP y las normas <strong data-start=\"1285\" data-end=\"1307\">GxP actuales (cGxP)<\/strong>.<\/p>\n<\/li>\n<li data-start=\"1319\" data-end=\"1435\">\n<p data-start=\"1321\" data-end=\"1435\">Identificar c\u00f3mo cada \u00e1rea principal de GxP (GMP, GLP, <a href=\"https:\/\/gxp-training.com\/es\/online-course\/buenas-practicas-de-distribucion\/\">GDP<\/a>, GCP, GDocP) se aplica a las distintas etapas del ciclo de vida del producto.<\/p>\n<\/li>\n<li data-start=\"1436\" data-end=\"1512\">\n<p data-start=\"1438\" data-end=\"1512\">Hablar con confianza sobre GxP en auditor\u00edas, inspecciones y formaci\u00f3n interna.<\/p>\n<\/li>\n<\/ul>\n<\/div>\n<p>&nbsp;<\/p>\n<h3>Programa:<\/h3>\n<p>&nbsp;<\/p>\n<p><strong>Lecci\u00f3n 1: Introducci\u00f3n a las directrices GxP<\/strong><\/p>\n<ul>\n<li>\u00bfQu\u00e9 es GxP?<\/li>\n<li>GxP vs cGxP<\/li>\n<\/ul>\n<p>&nbsp;<\/p>\n<p><strong>Lecci\u00f3n 2: Las m\u00faltiples facetas de GxP<\/strong><\/p>\n<p>&nbsp;<\/p>\n<p><strong>Lecci\u00f3n 3: Buenas Pr\u00e1cticas de Fabricaci\u00f3n (GMP)<\/strong><\/p>\n<p>&nbsp;<\/p>\n<p><strong>Lecci\u00f3n 4: Buenas Pr\u00e1cticas de Laboratorio (GLP)<\/strong><\/p>\n<p>&nbsp;<\/p>\n<p><strong>Lecci\u00f3n 5: Buenas Pr\u00e1cticas de Distribuci\u00f3n (GDP)<\/strong><\/p>\n<p>&nbsp;<\/p>\n<p><strong>Lecci\u00f3n 6: Buenas Pr\u00e1cticas Cl\u00ednicas (GCP)<\/strong><\/p>\n<p>&nbsp;<\/p>\n<p><strong>Lecci\u00f3n 7: Buenas Pr\u00e1cticas de Documentaci\u00f3n (GDocP)<\/strong><\/p>\n<p>&nbsp;<\/p>\n<p><strong>Conclusi\u00f3n<\/strong><\/p>\n<p>&nbsp;<\/p>\n<p><strong>Glosario<\/strong><\/p>\n<p>&nbsp;<\/p>\n<p><strong>Evaluaci\u00f3n<\/strong><\/p>\n","protected":false},"excerpt":{"rendered":"<p>GxP se refiere a un conjunto de directrices de calidad y cumplimiento aplicadas en los sectores farmac\u00e9utico, biotecnol\u00f3gico y otros de las ciencias de la vida. Estas directrices garantizan que los productos sean seguros, eficaces y cumplan las expectativas regulatorias desde el desarrollo hasta la entrega. Tanto si trabaja en fabricaci\u00f3n, ensayos cl\u00ednicos, aseguramiento de [&hellip;]<\/p>\n","protected":false},"featured_media":43060,"template":"","meta":{"_acf_changed":false,"content-type":""},"product_brand":[],"product_cat":[282,276,283,271,279,273,272,270,269,266],"product_tag":[],"class_list":{"0":"post-58161","1":"product","2":"type-product","3":"status-publish","4":"has-post-thumbnail","6":"product_cat-alimentacion-y-nutricion","7":"product_cat-asuntos-regulatorios","8":"product_cat-cosmetica","9":"product_cat-garantia-de-calidad","10":"product_cat-hospitales-e-instituciones-sanitarias","11":"product_cat-intersectorial","12":"product_cat-laboratorios","13":"product_cat-organizacion-de-investigacion-por-contrato-cro","14":"product_cat-productos-farmaceuticos","15":"product_cat-productos-sanitarios","17":"first","18":"instock","19":"taxable","20":"shipping-taxable","21":"purchasable","22":"product-type-subscription"},"bundled_by":[],"bundle_stock_status":"instock","bundle_stock_quantity":null,"bundle_virtual":false,"bundle_layout":"","bundle_add_to_cart_form_location":"","bundle_editable_in_cart":false,"bundle_sold_individually_context":"","bundle_item_grouping":"","bundle_min_size":"","bundle_max_size":"","bundle_price":[],"bundled_items":[],"bundle_sell_ids":[],"acf":[],"yoast_head":"<!-- This site is optimized with the Yoast SEO plugin v27.5 - https:\/\/yoast.com\/product\/yoast-seo-wordpress\/ -->\n<title>Formaci\u00f3n online y certificaci\u00f3n de introducci\u00f3n a GxP<\/title>\n<meta name=\"description\" content=\"Comience su curso online de GxP con los mejores expertos farmac\u00e9uticos y m\u00e9dicos. Formaci\u00f3n certificada que cubre todos los requisitos de GxP: GMP, GLP, GCP, GDP, ...\" \/>\n<meta name=\"robots\" content=\"index, follow, max-snippet:-1, max-image-preview:large, max-video-preview:-1\" \/>\n<link rel=\"canonical\" href=\"https:\/\/gxp-training.com\/es\/online-course\/introduccion-a-gxp\/\" \/>\n<meta property=\"og:locale\" content=\"es_ES\" \/>\n<meta property=\"og:type\" content=\"article\" \/>\n<meta property=\"og:title\" content=\"Formaci\u00f3n online y certificaci\u00f3n de introducci\u00f3n a GxP\" \/>\n<meta property=\"og:description\" content=\"Comience su curso online de GxP con los mejores expertos farmac\u00e9uticos y m\u00e9dicos. Formaci\u00f3n certificada que cubre todos los requisitos de GxP: GMP, GLP, GCP, GDP, ...\" \/>\n<meta property=\"og:url\" content=\"https:\/\/gxp-training.com\/es\/online-course\/introduccion-a-gxp\/\" \/>\n<meta property=\"og:site_name\" content=\"GxP Training : Certified Online Courses for Life Sciences\" \/>\n<meta property=\"og:image\" content=\"https:\/\/gxp-training.com\/wp-content\/uploads\/2022\/11\/intro-to-gxp.png\" \/>\n\t<meta property=\"og:image:width\" content=\"1000\" \/>\n\t<meta property=\"og:image:height\" content=\"700\" \/>\n\t<meta property=\"og:image:type\" content=\"image\/png\" \/>\n<meta name=\"twitter:card\" content=\"summary_large_image\" \/>\n<meta name=\"twitter:label1\" content=\"Tiempo de lectura\" \/>\n\t<meta name=\"twitter:data1\" content=\"2 minutos\" \/>\n<script type=\"application\/ld+json\" class=\"yoast-schema-graph\">{\"@context\":\"https:\\\/\\\/schema.org\",\"@graph\":[{\"@type\":\"WebPage\",\"@id\":\"https:\\\/\\\/gxp-training.com\\\/es\\\/online-course\\\/introduccion-a-gxp\\\/\",\"url\":\"https:\\\/\\\/gxp-training.com\\\/es\\\/online-course\\\/introduccion-a-gxp\\\/\",\"name\":\"Formaci\u00f3n online y certificaci\u00f3n de introducci\u00f3n a GxP\",\"isPartOf\":{\"@id\":\"https:\\\/\\\/gxp-training.com\\\/es\\\/#website\"},\"primaryImageOfPage\":{\"@id\":\"https:\\\/\\\/gxp-training.com\\\/es\\\/online-course\\\/introduccion-a-gxp\\\/#primaryimage\"},\"image\":{\"@id\":\"https:\\\/\\\/gxp-training.com\\\/es\\\/online-course\\\/introduccion-a-gxp\\\/#primaryimage\"},\"thumbnailUrl\":\"https:\\\/\\\/gxp-training.com\\\/wp-content\\\/uploads\\\/2022\\\/11\\\/intro-to-gxp.png\",\"datePublished\":\"2022-11-10T16:03:12+00:00\",\"description\":\"Comience su curso online de GxP con los mejores expertos farmac\u00e9uticos y m\u00e9dicos. Formaci\u00f3n certificada que cubre todos los requisitos de GxP: GMP, GLP, GCP, GDP, ...\",\"breadcrumb\":{\"@id\":\"https:\\\/\\\/gxp-training.com\\\/es\\\/online-course\\\/introduccion-a-gxp\\\/#breadcrumb\"},\"inLanguage\":\"es\",\"potentialAction\":[{\"@type\":\"ReadAction\",\"target\":[\"https:\\\/\\\/gxp-training.com\\\/es\\\/online-course\\\/introduccion-a-gxp\\\/\"]}]},{\"@type\":\"ImageObject\",\"inLanguage\":\"es\",\"@id\":\"https:\\\/\\\/gxp-training.com\\\/es\\\/online-course\\\/introduccion-a-gxp\\\/#primaryimage\",\"url\":\"https:\\\/\\\/gxp-training.com\\\/wp-content\\\/uploads\\\/2022\\\/11\\\/intro-to-gxp.png\",\"contentUrl\":\"https:\\\/\\\/gxp-training.com\\\/wp-content\\\/uploads\\\/2022\\\/11\\\/intro-to-gxp.png\",\"width\":1000,\"height\":700},{\"@type\":\"BreadcrumbList\",\"@id\":\"https:\\\/\\\/gxp-training.com\\\/es\\\/online-course\\\/introduccion-a-gxp\\\/#breadcrumb\",\"itemListElement\":[{\"@type\":\"ListItem\",\"position\":1,\"name\":\"Inicio\",\"item\":\"https:\\\/\\\/gxp-training.com\\\/es\\\/pagina-de-inicio\\\/\"},{\"@type\":\"ListItem\",\"position\":2,\"name\":\"Productos\",\"item\":\"https:\\\/\\\/gxp-training.com\\\/es\\\/shop\\\/\"},{\"@type\":\"ListItem\",\"position\":3,\"name\":\"Introducci\u00f3n a GxP\"}]},{\"@type\":\"WebSite\",\"@id\":\"https:\\\/\\\/gxp-training.com\\\/es\\\/#website\",\"url\":\"https:\\\/\\\/gxp-training.com\\\/es\\\/\",\"name\":\"GxP Training : Certified Online Courses for Life Sciences\",\"description\":\"Online Trainings and Certified Courses in Regulatory Compliance for Pharmaceutical Experts\",\"publisher\":{\"@id\":\"https:\\\/\\\/gxp-training.com\\\/es\\\/#organization\"},\"potentialAction\":[{\"@type\":\"SearchAction\",\"target\":{\"@type\":\"EntryPoint\",\"urlTemplate\":\"https:\\\/\\\/gxp-training.com\\\/es\\\/?s={search_term_string}\"},\"query-input\":{\"@type\":\"PropertyValueSpecification\",\"valueRequired\":true,\"valueName\":\"search_term_string\"}}],\"inLanguage\":\"es\"},{\"@type\":\"Organization\",\"@id\":\"https:\\\/\\\/gxp-training.com\\\/es\\\/#organization\",\"name\":\"GXP Training\",\"url\":\"https:\\\/\\\/gxp-training.com\\\/es\\\/\",\"logo\":{\"@type\":\"ImageObject\",\"inLanguage\":\"es\",\"@id\":\"https:\\\/\\\/gxp-training.com\\\/es\\\/#\\\/schema\\\/logo\\\/image\\\/\",\"url\":\"https:\\\/\\\/gxp-training.com\\\/wp-content\\\/uploads\\\/2022\\\/05\\\/logo-resize.png\",\"contentUrl\":\"https:\\\/\\\/gxp-training.com\\\/wp-content\\\/uploads\\\/2022\\\/05\\\/logo-resize.png\",\"width\":350,\"height\":100,\"caption\":\"GXP Training\"},\"image\":{\"@id\":\"https:\\\/\\\/gxp-training.com\\\/es\\\/#\\\/schema\\\/logo\\\/image\\\/\"}}]}<\/script>\n<!-- \/ Yoast SEO plugin. -->","yoast_head_json":{"title":"Formaci\u00f3n online y certificaci\u00f3n de introducci\u00f3n a GxP","description":"Comience su curso online de GxP con los mejores expertos farmac\u00e9uticos y m\u00e9dicos. Formaci\u00f3n certificada que cubre todos los requisitos de GxP: GMP, GLP, GCP, GDP, ...","robots":{"index":"index","follow":"follow","max-snippet":"max-snippet:-1","max-image-preview":"max-image-preview:large","max-video-preview":"max-video-preview:-1"},"canonical":"https:\/\/gxp-training.com\/es\/online-course\/introduccion-a-gxp\/","og_locale":"es_ES","og_type":"article","og_title":"Formaci\u00f3n online y certificaci\u00f3n de introducci\u00f3n a GxP","og_description":"Comience su curso online de GxP con los mejores expertos farmac\u00e9uticos y m\u00e9dicos. Formaci\u00f3n certificada que cubre todos los requisitos de GxP: GMP, GLP, GCP, GDP, ...","og_url":"https:\/\/gxp-training.com\/es\/online-course\/introduccion-a-gxp\/","og_site_name":"GxP Training : Certified Online Courses for Life Sciences","og_image":[{"width":1000,"height":700,"url":"https:\/\/gxp-training.com\/wp-content\/uploads\/2022\/11\/intro-to-gxp.png","type":"image\/png"}],"twitter_card":"summary_large_image","twitter_misc":{"Tiempo de lectura":"2 minutos"},"schema":{"@context":"https:\/\/schema.org","@graph":[{"@type":"WebPage","@id":"https:\/\/gxp-training.com\/es\/online-course\/introduccion-a-gxp\/","url":"https:\/\/gxp-training.com\/es\/online-course\/introduccion-a-gxp\/","name":"Formaci\u00f3n online y certificaci\u00f3n de introducci\u00f3n a GxP","isPartOf":{"@id":"https:\/\/gxp-training.com\/es\/#website"},"primaryImageOfPage":{"@id":"https:\/\/gxp-training.com\/es\/online-course\/introduccion-a-gxp\/#primaryimage"},"image":{"@id":"https:\/\/gxp-training.com\/es\/online-course\/introduccion-a-gxp\/#primaryimage"},"thumbnailUrl":"https:\/\/gxp-training.com\/wp-content\/uploads\/2022\/11\/intro-to-gxp.png","datePublished":"2022-11-10T16:03:12+00:00","description":"Comience su curso online de GxP con los mejores expertos farmac\u00e9uticos y m\u00e9dicos. Formaci\u00f3n certificada que cubre todos los requisitos de GxP: GMP, GLP, GCP, GDP, ...","breadcrumb":{"@id":"https:\/\/gxp-training.com\/es\/online-course\/introduccion-a-gxp\/#breadcrumb"},"inLanguage":"es","potentialAction":[{"@type":"ReadAction","target":["https:\/\/gxp-training.com\/es\/online-course\/introduccion-a-gxp\/"]}]},{"@type":"ImageObject","inLanguage":"es","@id":"https:\/\/gxp-training.com\/es\/online-course\/introduccion-a-gxp\/#primaryimage","url":"https:\/\/gxp-training.com\/wp-content\/uploads\/2022\/11\/intro-to-gxp.png","contentUrl":"https:\/\/gxp-training.com\/wp-content\/uploads\/2022\/11\/intro-to-gxp.png","width":1000,"height":700},{"@type":"BreadcrumbList","@id":"https:\/\/gxp-training.com\/es\/online-course\/introduccion-a-gxp\/#breadcrumb","itemListElement":[{"@type":"ListItem","position":1,"name":"Inicio","item":"https:\/\/gxp-training.com\/es\/pagina-de-inicio\/"},{"@type":"ListItem","position":2,"name":"Productos","item":"https:\/\/gxp-training.com\/es\/shop\/"},{"@type":"ListItem","position":3,"name":"Introducci\u00f3n a GxP"}]},{"@type":"WebSite","@id":"https:\/\/gxp-training.com\/es\/#website","url":"https:\/\/gxp-training.com\/es\/","name":"GxP Training : Certified Online Courses for Life Sciences","description":"Online Trainings and Certified Courses in Regulatory Compliance for Pharmaceutical Experts","publisher":{"@id":"https:\/\/gxp-training.com\/es\/#organization"},"potentialAction":[{"@type":"SearchAction","target":{"@type":"EntryPoint","urlTemplate":"https:\/\/gxp-training.com\/es\/?s={search_term_string}"},"query-input":{"@type":"PropertyValueSpecification","valueRequired":true,"valueName":"search_term_string"}}],"inLanguage":"es"},{"@type":"Organization","@id":"https:\/\/gxp-training.com\/es\/#organization","name":"GXP Training","url":"https:\/\/gxp-training.com\/es\/","logo":{"@type":"ImageObject","inLanguage":"es","@id":"https:\/\/gxp-training.com\/es\/#\/schema\/logo\/image\/","url":"https:\/\/gxp-training.com\/wp-content\/uploads\/2022\/05\/logo-resize.png","contentUrl":"https:\/\/gxp-training.com\/wp-content\/uploads\/2022\/05\/logo-resize.png","width":350,"height":100,"caption":"GXP Training"},"image":{"@id":"https:\/\/gxp-training.com\/es\/#\/schema\/logo\/image\/"}}]}},"_links":{"self":[{"href":"https:\/\/gxp-training.com\/es\/wp-json\/wp\/v2\/product\/58161","targetHints":{"allow":["GET"]}}],"collection":[{"href":"https:\/\/gxp-training.com\/es\/wp-json\/wp\/v2\/product"}],"about":[{"href":"https:\/\/gxp-training.com\/es\/wp-json\/wp\/v2\/types\/product"}],"wp:featuredmedia":[{"embeddable":true,"href":"https:\/\/gxp-training.com\/es\/wp-json\/wp\/v2\/media\/43060"}],"wp:attachment":[{"href":"https:\/\/gxp-training.com\/es\/wp-json\/wp\/v2\/media?parent=58161"}],"wp:term":[{"taxonomy":"product_brand","embeddable":true,"href":"https:\/\/gxp-training.com\/es\/wp-json\/wp\/v2\/product_brand?post=58161"},{"taxonomy":"product_cat","embeddable":true,"href":"https:\/\/gxp-training.com\/es\/wp-json\/wp\/v2\/product_cat?post=58161"},{"taxonomy":"product_tag","embeddable":true,"href":"https:\/\/gxp-training.com\/es\/wp-json\/wp\/v2\/product_tag?post=58161"}],"curies":[{"name":"wp","href":"https:\/\/api.w.org\/{rel}","templated":true}]}}