{"id":58155,"date":"2022-11-14T16:05:09","date_gmt":"2022-11-14T15:05:09","guid":{"rendered":"https:\/\/gxp-training.com\/online-course\/asuntos-regulatorios-farmaceuticos\/"},"modified":"2022-11-14T16:05:09","modified_gmt":"2022-11-14T15:05:09","slug":"asuntos-regulatorios-farmaceuticos","status":"publish","type":"product","link":"https:\/\/gxp-training.com\/es\/online-course\/asuntos-regulatorios-farmaceuticos\/","title":{"rendered":"Asuntos Regulatorios Farmac\u00e9uticos"},"content":{"rendered":"<p>Los Asuntos Regulatorios (RA) son un departamento de las organizaciones farmac\u00e9uticas que obtiene la aprobaci\u00f3n para comercializar nuevos productos farmac\u00e9uticos por parte de las autoridades reguladoras pertinentes. Tambi\u00e9n garantiza que dicha aprobaci\u00f3n se mantenga durante el tiempo que la empresa desee mantener el producto aprobado en el mercado. Juntas, las autoridades reguladoras y la divisi\u00f3n de asuntos regulatorios trabajan hacia un objetivo com\u00fan: garantizar que los pacientes reciban tratamientos m\u00e9dicos nuevos y mejores, demostrando el m\u00e1ximo nivel de seguridad y eficacia.  <\/p>\n<p>En este curso online, ofrecemos una s\u00edntesis del tema a trav\u00e9s de una experiencia online interactiva. Este material ha sido elaborado por un equipo de expertos en Asuntos Regulatorios con una titulaci\u00f3n de Northeastern University, Boston, y pilotado por un miembro s\u00e9nior capaz de articular la teor\u00eda con la pr\u00e1ctica. <\/p>\n<h3><\/h3>\n<h3><\/h3>\n<h3>Programa:<\/h3>\n<p>&nbsp;<\/p>\n<p><strong>Introducci\u00f3n<\/strong><\/p>\n<p>&nbsp;<\/p>\n<ul>\n<li>\u00bfQu\u00e9 son los <a href=\"https:\/\/gxp-training.com\/es\/gxp-courses\/asuntos-regulatorios\/\">asuntos regulatorios<\/a>?<\/li>\n<\/ul>\n<p>&nbsp;<\/p>\n<p><strong>Lecci\u00f3n 1: La importancia de los asuntos regulatorios<\/strong><\/p>\n<p>&nbsp;<\/p>\n<p><strong>Lecci\u00f3n 2: Comprender el proceso de desarrollo de medicamentos<\/strong><\/p>\n<p>&nbsp;<\/p>\n<p><strong>Lecci\u00f3n 3: \u00bfCu\u00e1les son las autoridades reguladoras nacionales e internacionales?<\/strong><\/p>\n<p>&nbsp;<\/p>\n<p><strong>Lecci\u00f3n 4: Proceso regulatorio para la aprobaci\u00f3n y el registro de medicamentos<\/strong><\/p>\n<p>&nbsp;<\/p>\n<ul>\n<li>Asuntos Regulatorios en EE. UU.<\/li>\n<li>Solicitudes de aprobaci\u00f3n regulatoria en EE. UU.<\/li>\n<li>Solicitud de nuevo medicamento<\/li>\n<li>Asuntos Regulatorios en la UE<\/li>\n<li>Proceso de aprobaci\u00f3n regulatoria en la UE<\/li>\n<li>Solicitud de presentaci\u00f3n del expediente<\/li>\n<\/ul>\n<p>&nbsp;<\/p>\n<p><strong>Conclusi\u00f3n<\/strong><\/p>\n<p>&nbsp;<\/p>\n<p><strong>Glosario<\/strong><\/p>\n<p>&nbsp;<\/p>\n<p><strong>Cuestionario<\/strong><\/p>\n","protected":false},"excerpt":{"rendered":"<p>Los Asuntos Regulatorios (RA) son un departamento de las organizaciones farmac\u00e9uticas que obtiene la aprobaci\u00f3n para comercializar nuevos productos farmac\u00e9uticos por parte de las autoridades reguladoras pertinentes. Tambi\u00e9n garantiza que dicha aprobaci\u00f3n se mantenga durante el tiempo que la empresa desee mantener el producto aprobado en el mercado. Juntas, las autoridades reguladoras y la divisi\u00f3n [&hellip;]<\/p>\n","protected":false},"featured_media":42971,"template":"","meta":{"_acf_changed":false,"content-type":""},"product_brand":[],"product_cat":[276,270,269],"product_tag":[],"class_list":{"0":"post-58155","1":"product","2":"type-product","3":"status-publish","4":"has-post-thumbnail","6":"product_cat-asuntos-regulatorios","7":"product_cat-organizacion-de-investigacion-por-contrato-cro","8":"product_cat-productos-farmaceuticos","10":"first","11":"instock","12":"taxable","13":"shipping-taxable","14":"purchasable","15":"product-type-subscription"},"bundled_by":[],"bundle_stock_status":"instock","bundle_stock_quantity":null,"bundle_virtual":false,"bundle_layout":"","bundle_add_to_cart_form_location":"","bundle_editable_in_cart":false,"bundle_sold_individually_context":"","bundle_item_grouping":"","bundle_min_size":"","bundle_max_size":"","bundle_price":[],"bundled_items":[],"bundle_sell_ids":[],"acf":[],"yoast_head":"<!-- This site is optimized with the Yoast SEO plugin v27.5 - https:\/\/yoast.com\/product\/yoast-seo-wordpress\/ -->\n<title>Asuntos Regulatorios Farmac\u00e9uticos - Formaci\u00f3n online certificada<\/title>\n<meta name=\"description\" content=\"Formaci\u00f3n online en Asuntos Regulatorios Farmac\u00e9uticos para profesionales y principiantes de las ciencias de la vida. Curso online altamente interactivo con certificaci\u00f3n.\" \/>\n<meta name=\"robots\" content=\"index, follow, max-snippet:-1, max-image-preview:large, max-video-preview:-1\" \/>\n<link rel=\"canonical\" href=\"https:\/\/gxp-training.com\/es\/online-course\/asuntos-regulatorios-farmaceuticos\/\" \/>\n<meta property=\"og:locale\" content=\"es_ES\" \/>\n<meta property=\"og:type\" content=\"article\" \/>\n<meta property=\"og:title\" content=\"Asuntos Regulatorios Farmac\u00e9uticos - Formaci\u00f3n online certificada\" \/>\n<meta property=\"og:description\" content=\"Formaci\u00f3n online en Asuntos Regulatorios Farmac\u00e9uticos para profesionales y principiantes de las ciencias de la vida. Curso online altamente interactivo con certificaci\u00f3n.\" \/>\n<meta property=\"og:url\" content=\"https:\/\/gxp-training.com\/es\/online-course\/asuntos-regulatorios-farmaceuticos\/\" \/>\n<meta property=\"og:site_name\" content=\"GxP Training : Certified Online Courses for Life Sciences\" \/>\n<meta property=\"og:image\" content=\"https:\/\/gxp-training.com\/wp-content\/uploads\/2022\/11\/regulatory-affairs.png\" \/>\n\t<meta property=\"og:image:width\" content=\"1000\" \/>\n\t<meta property=\"og:image:height\" content=\"700\" \/>\n\t<meta property=\"og:image:type\" content=\"image\/png\" \/>\n<meta name=\"twitter:card\" content=\"summary_large_image\" \/>\n<meta name=\"twitter:label1\" content=\"Tiempo de lectura\" \/>\n\t<meta name=\"twitter:data1\" content=\"1 minuto\" \/>\n<script type=\"application\/ld+json\" class=\"yoast-schema-graph\">{\"@context\":\"https:\\\/\\\/schema.org\",\"@graph\":[{\"@type\":\"WebPage\",\"@id\":\"https:\\\/\\\/gxp-training.com\\\/es\\\/online-course\\\/asuntos-regulatorios-farmaceuticos\\\/\",\"url\":\"https:\\\/\\\/gxp-training.com\\\/es\\\/online-course\\\/asuntos-regulatorios-farmaceuticos\\\/\",\"name\":\"Asuntos Regulatorios Farmac\u00e9uticos - Formaci\u00f3n online certificada\",\"isPartOf\":{\"@id\":\"https:\\\/\\\/gxp-training.com\\\/es\\\/#website\"},\"primaryImageOfPage\":{\"@id\":\"https:\\\/\\\/gxp-training.com\\\/es\\\/online-course\\\/asuntos-regulatorios-farmaceuticos\\\/#primaryimage\"},\"image\":{\"@id\":\"https:\\\/\\\/gxp-training.com\\\/es\\\/online-course\\\/asuntos-regulatorios-farmaceuticos\\\/#primaryimage\"},\"thumbnailUrl\":\"https:\\\/\\\/gxp-training.com\\\/wp-content\\\/uploads\\\/2022\\\/11\\\/regulatory-affairs.png\",\"datePublished\":\"2022-11-14T15:05:09+00:00\",\"description\":\"Formaci\u00f3n online en Asuntos Regulatorios Farmac\u00e9uticos para profesionales y principiantes de las ciencias de la vida. Curso online altamente interactivo con certificaci\u00f3n.\",\"breadcrumb\":{\"@id\":\"https:\\\/\\\/gxp-training.com\\\/es\\\/online-course\\\/asuntos-regulatorios-farmaceuticos\\\/#breadcrumb\"},\"inLanguage\":\"es\",\"potentialAction\":[{\"@type\":\"ReadAction\",\"target\":[\"https:\\\/\\\/gxp-training.com\\\/es\\\/online-course\\\/asuntos-regulatorios-farmaceuticos\\\/\"]}]},{\"@type\":\"ImageObject\",\"inLanguage\":\"es\",\"@id\":\"https:\\\/\\\/gxp-training.com\\\/es\\\/online-course\\\/asuntos-regulatorios-farmaceuticos\\\/#primaryimage\",\"url\":\"https:\\\/\\\/gxp-training.com\\\/wp-content\\\/uploads\\\/2022\\\/11\\\/regulatory-affairs.png\",\"contentUrl\":\"https:\\\/\\\/gxp-training.com\\\/wp-content\\\/uploads\\\/2022\\\/11\\\/regulatory-affairs.png\",\"width\":1000,\"height\":700},{\"@type\":\"BreadcrumbList\",\"@id\":\"https:\\\/\\\/gxp-training.com\\\/es\\\/online-course\\\/asuntos-regulatorios-farmaceuticos\\\/#breadcrumb\",\"itemListElement\":[{\"@type\":\"ListItem\",\"position\":1,\"name\":\"Inicio\",\"item\":\"https:\\\/\\\/gxp-training.com\\\/es\\\/pagina-de-inicio\\\/\"},{\"@type\":\"ListItem\",\"position\":2,\"name\":\"Productos\",\"item\":\"https:\\\/\\\/gxp-training.com\\\/es\\\/shop\\\/\"},{\"@type\":\"ListItem\",\"position\":3,\"name\":\"Asuntos Regulatorios Farmac\u00e9uticos\"}]},{\"@type\":\"WebSite\",\"@id\":\"https:\\\/\\\/gxp-training.com\\\/es\\\/#website\",\"url\":\"https:\\\/\\\/gxp-training.com\\\/es\\\/\",\"name\":\"GxP Training : Certified Online Courses for Life Sciences\",\"description\":\"Online Trainings and Certified Courses in Regulatory Compliance for Pharmaceutical Experts\",\"publisher\":{\"@id\":\"https:\\\/\\\/gxp-training.com\\\/es\\\/#organization\"},\"potentialAction\":[{\"@type\":\"SearchAction\",\"target\":{\"@type\":\"EntryPoint\",\"urlTemplate\":\"https:\\\/\\\/gxp-training.com\\\/es\\\/?s={search_term_string}\"},\"query-input\":{\"@type\":\"PropertyValueSpecification\",\"valueRequired\":true,\"valueName\":\"search_term_string\"}}],\"inLanguage\":\"es\"},{\"@type\":\"Organization\",\"@id\":\"https:\\\/\\\/gxp-training.com\\\/es\\\/#organization\",\"name\":\"GXP Training\",\"url\":\"https:\\\/\\\/gxp-training.com\\\/es\\\/\",\"logo\":{\"@type\":\"ImageObject\",\"inLanguage\":\"es\",\"@id\":\"https:\\\/\\\/gxp-training.com\\\/es\\\/#\\\/schema\\\/logo\\\/image\\\/\",\"url\":\"https:\\\/\\\/gxp-training.com\\\/wp-content\\\/uploads\\\/2022\\\/05\\\/logo-resize.png\",\"contentUrl\":\"https:\\\/\\\/gxp-training.com\\\/wp-content\\\/uploads\\\/2022\\\/05\\\/logo-resize.png\",\"width\":350,\"height\":100,\"caption\":\"GXP Training\"},\"image\":{\"@id\":\"https:\\\/\\\/gxp-training.com\\\/es\\\/#\\\/schema\\\/logo\\\/image\\\/\"}}]}<\/script>\n<!-- \/ Yoast SEO plugin. -->","yoast_head_json":{"title":"Asuntos Regulatorios Farmac\u00e9uticos - Formaci\u00f3n online certificada","description":"Formaci\u00f3n online en Asuntos Regulatorios Farmac\u00e9uticos para profesionales y principiantes de las ciencias de la vida. Curso online altamente interactivo con certificaci\u00f3n.","robots":{"index":"index","follow":"follow","max-snippet":"max-snippet:-1","max-image-preview":"max-image-preview:large","max-video-preview":"max-video-preview:-1"},"canonical":"https:\/\/gxp-training.com\/es\/online-course\/asuntos-regulatorios-farmaceuticos\/","og_locale":"es_ES","og_type":"article","og_title":"Asuntos Regulatorios Farmac\u00e9uticos - Formaci\u00f3n online certificada","og_description":"Formaci\u00f3n online en Asuntos Regulatorios Farmac\u00e9uticos para profesionales y principiantes de las ciencias de la vida. Curso online altamente interactivo con certificaci\u00f3n.","og_url":"https:\/\/gxp-training.com\/es\/online-course\/asuntos-regulatorios-farmaceuticos\/","og_site_name":"GxP Training : Certified Online Courses for Life Sciences","og_image":[{"width":1000,"height":700,"url":"https:\/\/gxp-training.com\/wp-content\/uploads\/2022\/11\/regulatory-affairs.png","type":"image\/png"}],"twitter_card":"summary_large_image","twitter_misc":{"Tiempo de lectura":"1 minuto"},"schema":{"@context":"https:\/\/schema.org","@graph":[{"@type":"WebPage","@id":"https:\/\/gxp-training.com\/es\/online-course\/asuntos-regulatorios-farmaceuticos\/","url":"https:\/\/gxp-training.com\/es\/online-course\/asuntos-regulatorios-farmaceuticos\/","name":"Asuntos Regulatorios Farmac\u00e9uticos - Formaci\u00f3n online certificada","isPartOf":{"@id":"https:\/\/gxp-training.com\/es\/#website"},"primaryImageOfPage":{"@id":"https:\/\/gxp-training.com\/es\/online-course\/asuntos-regulatorios-farmaceuticos\/#primaryimage"},"image":{"@id":"https:\/\/gxp-training.com\/es\/online-course\/asuntos-regulatorios-farmaceuticos\/#primaryimage"},"thumbnailUrl":"https:\/\/gxp-training.com\/wp-content\/uploads\/2022\/11\/regulatory-affairs.png","datePublished":"2022-11-14T15:05:09+00:00","description":"Formaci\u00f3n online en Asuntos Regulatorios Farmac\u00e9uticos para profesionales y principiantes de las ciencias de la vida. Curso online altamente interactivo con certificaci\u00f3n.","breadcrumb":{"@id":"https:\/\/gxp-training.com\/es\/online-course\/asuntos-regulatorios-farmaceuticos\/#breadcrumb"},"inLanguage":"es","potentialAction":[{"@type":"ReadAction","target":["https:\/\/gxp-training.com\/es\/online-course\/asuntos-regulatorios-farmaceuticos\/"]}]},{"@type":"ImageObject","inLanguage":"es","@id":"https:\/\/gxp-training.com\/es\/online-course\/asuntos-regulatorios-farmaceuticos\/#primaryimage","url":"https:\/\/gxp-training.com\/wp-content\/uploads\/2022\/11\/regulatory-affairs.png","contentUrl":"https:\/\/gxp-training.com\/wp-content\/uploads\/2022\/11\/regulatory-affairs.png","width":1000,"height":700},{"@type":"BreadcrumbList","@id":"https:\/\/gxp-training.com\/es\/online-course\/asuntos-regulatorios-farmaceuticos\/#breadcrumb","itemListElement":[{"@type":"ListItem","position":1,"name":"Inicio","item":"https:\/\/gxp-training.com\/es\/pagina-de-inicio\/"},{"@type":"ListItem","position":2,"name":"Productos","item":"https:\/\/gxp-training.com\/es\/shop\/"},{"@type":"ListItem","position":3,"name":"Asuntos Regulatorios Farmac\u00e9uticos"}]},{"@type":"WebSite","@id":"https:\/\/gxp-training.com\/es\/#website","url":"https:\/\/gxp-training.com\/es\/","name":"GxP Training : Certified Online Courses for Life Sciences","description":"Online Trainings and Certified Courses in Regulatory Compliance for Pharmaceutical Experts","publisher":{"@id":"https:\/\/gxp-training.com\/es\/#organization"},"potentialAction":[{"@type":"SearchAction","target":{"@type":"EntryPoint","urlTemplate":"https:\/\/gxp-training.com\/es\/?s={search_term_string}"},"query-input":{"@type":"PropertyValueSpecification","valueRequired":true,"valueName":"search_term_string"}}],"inLanguage":"es"},{"@type":"Organization","@id":"https:\/\/gxp-training.com\/es\/#organization","name":"GXP Training","url":"https:\/\/gxp-training.com\/es\/","logo":{"@type":"ImageObject","inLanguage":"es","@id":"https:\/\/gxp-training.com\/es\/#\/schema\/logo\/image\/","url":"https:\/\/gxp-training.com\/wp-content\/uploads\/2022\/05\/logo-resize.png","contentUrl":"https:\/\/gxp-training.com\/wp-content\/uploads\/2022\/05\/logo-resize.png","width":350,"height":100,"caption":"GXP Training"},"image":{"@id":"https:\/\/gxp-training.com\/es\/#\/schema\/logo\/image\/"}}]}},"_links":{"self":[{"href":"https:\/\/gxp-training.com\/es\/wp-json\/wp\/v2\/product\/58155","targetHints":{"allow":["GET"]}}],"collection":[{"href":"https:\/\/gxp-training.com\/es\/wp-json\/wp\/v2\/product"}],"about":[{"href":"https:\/\/gxp-training.com\/es\/wp-json\/wp\/v2\/types\/product"}],"wp:featuredmedia":[{"embeddable":true,"href":"https:\/\/gxp-training.com\/es\/wp-json\/wp\/v2\/media\/42971"}],"wp:attachment":[{"href":"https:\/\/gxp-training.com\/es\/wp-json\/wp\/v2\/media?parent=58155"}],"wp:term":[{"taxonomy":"product_brand","embeddable":true,"href":"https:\/\/gxp-training.com\/es\/wp-json\/wp\/v2\/product_brand?post=58155"},{"taxonomy":"product_cat","embeddable":true,"href":"https:\/\/gxp-training.com\/es\/wp-json\/wp\/v2\/product_cat?post=58155"},{"taxonomy":"product_tag","embeddable":true,"href":"https:\/\/gxp-training.com\/es\/wp-json\/wp\/v2\/product_tag?post=58155"}],"curies":[{"name":"wp","href":"https:\/\/api.w.org\/{rel}","templated":true}]}}