{"id":58152,"date":"2024-01-22T15:36:40","date_gmt":"2024-01-22T15:36:40","guid":{"rendered":"https:\/\/gxp-training.com\/online-course\/ingeniero-de-validacion\/"},"modified":"2024-01-22T15:36:40","modified_gmt":"2024-01-22T14:36:40","slug":"ingeniero-de-validacion","status":"publish","type":"product","link":"https:\/\/gxp-training.com\/es\/online-course\/ingeniero-de-validacion\/","title":{"rendered":"Ingeniero de validaci\u00f3n"},"content":{"rendered":"<div class=\"flex-1 overflow-hidden\">\n<div class=\"react-scroll-to-bottom--css-muslu-79elbk h-full\">\n<div class=\"react-scroll-to-bottom--css-muslu-1n7m0yu\">\n<div class=\"flex flex-col pb-9 text-sm\">\n<div class=\"w-full text-token-text-primary\" data-testid=\"conversation-turn-873\">\n<div class=\"px-4 py-2 justify-center text-base md:gap-6 m-auto\">\n<div class=\"flex flex-1 text-base mx-auto gap-3 md:px-5 lg:px-1 xl:px-5 md:max-w-3xl lg:max-w-[40rem] xl:max-w-[48rem] group final-completion\">\n<div class=\"relative flex w-full flex-col lg:w-[calc(100%-115px)] agent-turn\">\n<div class=\"flex-col gap-1 md:gap-3\">\n<div class=\"flex flex-grow flex-col max-w-full\">\n<div class=\"min-h-[20px] text-message flex flex-col items-start gap-3 whitespace-pre-wrap break-words [.text-message+&amp;]:mt-5 overflow-x-auto\" data-message-author-role=\"assistant\" data-message-id=\"cc07c1e7-e50e-4d81-85ed-4f513b874183\">\n<div class=\"markdown prose w-full break-words dark:prose-invert dark\">\n<p><strong>Eleve su experiencia en ingenier\u00eda con el paquete de formaci\u00f3n \u00abValidation Engineer Mastery\u00bb<\/strong><\/p>\n<p>Sum\u00e9rjase en el mundo de la precisi\u00f3n y el cumplimiento con nuestro paquete de formaci\u00f3n \u00abIngeniero de validaci\u00f3n\u00bb, una experiencia de aprendizaje integral dise\u00f1ada para profesionales ambiciosos y con visi\u00f3n de futuro en el campo de la ingenier\u00eda de validaci\u00f3n. Bajo la experta tutela del Dr. Jefferson, este paquete constituye un referente de conocimiento y experiencia pr\u00e1ctica en el sector. <\/p>\n<p><strong>Desglose del curso:<\/strong><\/p>\n<ol>\n<li><strong>Introducci\u00f3n a las Normas de Correcta Fabricaci\u00f3n (GMP):<\/strong> Comience su andadura con una base s\u00f3lida en GMP, comprendiendo los est\u00e1ndares cr\u00edticos que rigen la calidad y seguridad de los procesos de fabricaci\u00f3n.<\/li>\n<li><strong>Visi\u00f3n general de la cualificaci\u00f3n y validaci\u00f3n:<\/strong> Profundice en el n\u00facleo de la ingenier\u00eda de validaci\u00f3n, aprendiendo las metodolog\u00edas y pr\u00e1cticas esenciales para la validaci\u00f3n de equipos, procesos y productos.<\/li>\n<li><strong>Buenas Pr\u00e1cticas de Documentaci\u00f3n (GDocP):<\/strong> Adquiera experiencia en el aspecto vital de la documentaci\u00f3n, garantizando el cumplimiento y la trazabilidad en todos los procesos de validaci\u00f3n.<\/li>\n<li><strong>Introducci\u00f3n al Aseguramiento de la Validaci\u00f3n de Software:<\/strong> Explore el \u00e1mbito de la validaci\u00f3n de software, un componente clave en los entornos de fabricaci\u00f3n actuales impulsados por la tecnolog\u00eda.<\/li>\n<li><strong>Validaci\u00f3n de Sistemas Informatizados (CSV):<\/strong> Complete su itinerario de aprendizaje con conocimientos avanzados en CSV, que le capacitar\u00e1n para gestionar las complejidades de la validaci\u00f3n de sistemas informatizados de acuerdo con los est\u00e1ndares globales.<\/li>\n<\/ol>\n<p>&nbsp;<\/p>\n<p><strong>\u00bfPor qu\u00e9 elegir este paquete?<\/strong><\/p>\n<ul>\n<li><strong>Plan de estudios dirigido por expertos:<\/strong> Aprenda de los mejores en el campo, con la amplia experiencia del Dr. Jefferson dando forma a un programa que es tanto pr\u00e1ctico como innovador.<\/li>\n<li><strong>Cobertura integral:<\/strong> Desde los conceptos b\u00e1sicos de GMP hasta la CSV avanzada, este paquete cubre todos los aspectos necesarios para una carrera exitosa en ingenier\u00eda de validaci\u00f3n.<\/li>\n<li><strong>Aprendizaje flexible:<\/strong> Acceda al contenido durante un a\u00f1o completo, lo que le permitir\u00e1 aprender a su propio ritmo y conveniencia.<\/li>\n<li><strong>Certificaci\u00f3n:<\/strong> Reciba certificados individuales por cada curso, que culminan en un prestigioso certificado final, s\u00edmbolo de su maestr\u00eda en ingenier\u00eda de validaci\u00f3n.<\/li>\n<\/ul>\n<p>&nbsp;<\/p>\n<p><strong>\u00bfQui\u00e9n debe inscribirse?<\/strong><\/p>\n<p>Tanto si es un ingeniero novel, un especialista en garant\u00eda de calidad o un jefe de equipo en fabricaci\u00f3n o desarrollo de software, estos cursos mejorar\u00e1n sus aptitudes y potenciar\u00e1n sus perspectivas profesionales.<\/p>\n<p>&nbsp;<\/p>\n<p><strong>Transforme su trayectoria profesional<\/strong><\/p>\n<p>\u00danase a una comunidad de profesionales que han impulsado sus carreras con nuestro paquete de formaci\u00f3n \u00abIngeniero de validaci\u00f3n\u00bb. Aproveche la oportunidad de convertirse en un l\u00edder en el campo cr\u00edtico y en constante evoluci\u00f3n de la ingenier\u00eda de validaci\u00f3n. \u00a1Inscr\u00edbase ahora y d\u00e9 el primer paso para dominar el arte y la ciencia de la validaci\u00f3n!  <\/p>\n<\/div>\n<\/div>\n<\/div>\n<\/div>\n<\/div>\n<\/div>\n<\/div>\n<\/div>\n<\/div>\n<\/div>\n<\/div>\n<\/div>\n","protected":false},"excerpt":{"rendered":"<p>Eleve su experiencia en ingenier\u00eda con el paquete de formaci\u00f3n \u00abValidation Engineer Mastery\u00bb Sum\u00e9rjase en el mundo de la precisi\u00f3n y el cumplimiento con nuestro paquete de formaci\u00f3n \u00abIngeniero de validaci\u00f3n\u00bb, una experiencia de aprendizaje integral dise\u00f1ada para profesionales ambiciosos y con visi\u00f3n de futuro en el campo de la ingenier\u00eda de validaci\u00f3n. Bajo la [&hellip;]<\/p>\n","protected":false},"featured_media":45054,"template":"","meta":{"_acf_changed":false,"content-type":""},"product_brand":[],"product_cat":[285],"product_tag":[],"class_list":{"0":"post-58152","1":"product","2":"type-product","3":"status-publish","4":"has-post-thumbnail","6":"product_cat-itinerarios-formativos","8":"first","9":"instock","10":"taxable","11":"shipping-taxable","12":"purchasable","13":"product-type-subscription"},"bundled_by":[],"bundle_stock_status":"instock","bundle_stock_quantity":null,"bundle_virtual":false,"bundle_layout":"","bundle_add_to_cart_form_location":"","bundle_editable_in_cart":false,"bundle_sold_individually_context":"","bundle_item_grouping":"","bundle_min_size":"","bundle_max_size":"","bundle_price":[],"bundled_items":[],"bundle_sell_ids":[57217,57352,57749,57585,57679],"acf":[],"yoast_head":"<!-- This site is optimized with the Yoast SEO plugin v27.5 - https:\/\/yoast.com\/product\/yoast-seo-wordpress\/ -->\n<title>Itinerario de formaci\u00f3n certificado online para ingenieros de validaci\u00f3n<\/title>\n<meta name=\"description\" content=\"Formaci\u00f3n certificada online para ingenieros de validaci\u00f3n. Para nuevas incorporaciones o equipos completos. Obtenga su certificaci\u00f3n para dominar la ingenier\u00eda de validaci\u00f3n en un entorno regulado.\" \/>\n<meta name=\"robots\" content=\"index, follow, max-snippet:-1, max-image-preview:large, max-video-preview:-1\" \/>\n<link rel=\"canonical\" href=\"https:\/\/gxp-training.com\/es\/online-course\/ingeniero-de-validacion\/\" \/>\n<meta property=\"og:locale\" content=\"es_ES\" \/>\n<meta property=\"og:type\" content=\"article\" \/>\n<meta property=\"og:title\" content=\"Itinerario de formaci\u00f3n certificado online para ingenieros de validaci\u00f3n\" \/>\n<meta property=\"og:description\" content=\"Formaci\u00f3n certificada online para ingenieros de validaci\u00f3n. Para nuevas incorporaciones o equipos completos. Obtenga su certificaci\u00f3n para dominar la ingenier\u00eda de validaci\u00f3n en un entorno regulado.\" \/>\n<meta property=\"og:url\" content=\"https:\/\/gxp-training.com\/es\/online-course\/ingeniero-de-validacion\/\" \/>\n<meta property=\"og:site_name\" content=\"GxP Training : Certified Online Courses for Life Sciences\" \/>\n<meta property=\"og:image\" content=\"https:\/\/gxp-training.com\/wp-content\/uploads\/2024\/01\/validation-engineer.png\" \/>\n\t<meta property=\"og:image:width\" content=\"900\" \/>\n\t<meta property=\"og:image:height\" content=\"627\" \/>\n\t<meta property=\"og:image:type\" content=\"image\/png\" \/>\n<meta name=\"twitter:card\" content=\"summary_large_image\" \/>\n<meta name=\"twitter:label1\" content=\"Tiempo de lectura\" \/>\n\t<meta name=\"twitter:data1\" content=\"2 minutos\" \/>\n<script type=\"application\/ld+json\" class=\"yoast-schema-graph\">{\"@context\":\"https:\\\/\\\/schema.org\",\"@graph\":[{\"@type\":\"WebPage\",\"@id\":\"https:\\\/\\\/gxp-training.com\\\/es\\\/online-course\\\/ingeniero-de-validacion\\\/\",\"url\":\"https:\\\/\\\/gxp-training.com\\\/es\\\/online-course\\\/ingeniero-de-validacion\\\/\",\"name\":\"Itinerario de formaci\u00f3n certificado online para ingenieros de validaci\u00f3n\",\"isPartOf\":{\"@id\":\"https:\\\/\\\/gxp-training.com\\\/es\\\/#website\"},\"primaryImageOfPage\":{\"@id\":\"https:\\\/\\\/gxp-training.com\\\/es\\\/online-course\\\/ingeniero-de-validacion\\\/#primaryimage\"},\"image\":{\"@id\":\"https:\\\/\\\/gxp-training.com\\\/es\\\/online-course\\\/ingeniero-de-validacion\\\/#primaryimage\"},\"thumbnailUrl\":\"https:\\\/\\\/gxp-training.com\\\/wp-content\\\/uploads\\\/2024\\\/01\\\/validation-engineer.png\",\"datePublished\":\"2024-01-22T15:36:40+00:00\",\"description\":\"Formaci\u00f3n certificada online para ingenieros de validaci\u00f3n. Para nuevas incorporaciones o equipos completos. Obtenga su certificaci\u00f3n para dominar la ingenier\u00eda de validaci\u00f3n en un entorno regulado.\",\"breadcrumb\":{\"@id\":\"https:\\\/\\\/gxp-training.com\\\/es\\\/online-course\\\/ingeniero-de-validacion\\\/#breadcrumb\"},\"inLanguage\":\"es\",\"potentialAction\":[{\"@type\":\"ReadAction\",\"target\":[\"https:\\\/\\\/gxp-training.com\\\/es\\\/online-course\\\/ingeniero-de-validacion\\\/\"]}]},{\"@type\":\"ImageObject\",\"inLanguage\":\"es\",\"@id\":\"https:\\\/\\\/gxp-training.com\\\/es\\\/online-course\\\/ingeniero-de-validacion\\\/#primaryimage\",\"url\":\"https:\\\/\\\/gxp-training.com\\\/wp-content\\\/uploads\\\/2024\\\/01\\\/validation-engineer.png\",\"contentUrl\":\"https:\\\/\\\/gxp-training.com\\\/wp-content\\\/uploads\\\/2024\\\/01\\\/validation-engineer.png\",\"width\":900,\"height\":627},{\"@type\":\"BreadcrumbList\",\"@id\":\"https:\\\/\\\/gxp-training.com\\\/es\\\/online-course\\\/ingeniero-de-validacion\\\/#breadcrumb\",\"itemListElement\":[{\"@type\":\"ListItem\",\"position\":1,\"name\":\"Inicio\",\"item\":\"https:\\\/\\\/gxp-training.com\\\/es\\\/pagina-de-inicio\\\/\"},{\"@type\":\"ListItem\",\"position\":2,\"name\":\"Productos\",\"item\":\"https:\\\/\\\/gxp-training.com\\\/es\\\/shop\\\/\"},{\"@type\":\"ListItem\",\"position\":3,\"name\":\"Ingeniero de validaci\u00f3n\"}]},{\"@type\":\"WebSite\",\"@id\":\"https:\\\/\\\/gxp-training.com\\\/es\\\/#website\",\"url\":\"https:\\\/\\\/gxp-training.com\\\/es\\\/\",\"name\":\"GxP Training : Certified Online Courses for Life Sciences\",\"description\":\"Online Trainings and Certified Courses in Regulatory Compliance for Pharmaceutical Experts\",\"publisher\":{\"@id\":\"https:\\\/\\\/gxp-training.com\\\/es\\\/#organization\"},\"potentialAction\":[{\"@type\":\"SearchAction\",\"target\":{\"@type\":\"EntryPoint\",\"urlTemplate\":\"https:\\\/\\\/gxp-training.com\\\/es\\\/?s={search_term_string}\"},\"query-input\":{\"@type\":\"PropertyValueSpecification\",\"valueRequired\":true,\"valueName\":\"search_term_string\"}}],\"inLanguage\":\"es\"},{\"@type\":\"Organization\",\"@id\":\"https:\\\/\\\/gxp-training.com\\\/es\\\/#organization\",\"name\":\"GXP Training\",\"url\":\"https:\\\/\\\/gxp-training.com\\\/es\\\/\",\"logo\":{\"@type\":\"ImageObject\",\"inLanguage\":\"es\",\"@id\":\"https:\\\/\\\/gxp-training.com\\\/es\\\/#\\\/schema\\\/logo\\\/image\\\/\",\"url\":\"https:\\\/\\\/gxp-training.com\\\/wp-content\\\/uploads\\\/2022\\\/05\\\/logo-resize.png\",\"contentUrl\":\"https:\\\/\\\/gxp-training.com\\\/wp-content\\\/uploads\\\/2022\\\/05\\\/logo-resize.png\",\"width\":350,\"height\":100,\"caption\":\"GXP Training\"},\"image\":{\"@id\":\"https:\\\/\\\/gxp-training.com\\\/es\\\/#\\\/schema\\\/logo\\\/image\\\/\"}}]}<\/script>\n<!-- \/ Yoast SEO plugin. -->","yoast_head_json":{"title":"Itinerario de formaci\u00f3n certificado online para ingenieros de validaci\u00f3n","description":"Formaci\u00f3n certificada online para ingenieros de validaci\u00f3n. Para nuevas incorporaciones o equipos completos. Obtenga su certificaci\u00f3n para dominar la ingenier\u00eda de validaci\u00f3n en un entorno regulado.","robots":{"index":"index","follow":"follow","max-snippet":"max-snippet:-1","max-image-preview":"max-image-preview:large","max-video-preview":"max-video-preview:-1"},"canonical":"https:\/\/gxp-training.com\/es\/online-course\/ingeniero-de-validacion\/","og_locale":"es_ES","og_type":"article","og_title":"Itinerario de formaci\u00f3n certificado online para ingenieros de validaci\u00f3n","og_description":"Formaci\u00f3n certificada online para ingenieros de validaci\u00f3n. Para nuevas incorporaciones o equipos completos. Obtenga su certificaci\u00f3n para dominar la ingenier\u00eda de validaci\u00f3n en un entorno regulado.","og_url":"https:\/\/gxp-training.com\/es\/online-course\/ingeniero-de-validacion\/","og_site_name":"GxP Training : Certified Online Courses for Life Sciences","og_image":[{"width":900,"height":627,"url":"https:\/\/gxp-training.com\/wp-content\/uploads\/2024\/01\/validation-engineer.png","type":"image\/png"}],"twitter_card":"summary_large_image","twitter_misc":{"Tiempo de lectura":"2 minutos"},"schema":{"@context":"https:\/\/schema.org","@graph":[{"@type":"WebPage","@id":"https:\/\/gxp-training.com\/es\/online-course\/ingeniero-de-validacion\/","url":"https:\/\/gxp-training.com\/es\/online-course\/ingeniero-de-validacion\/","name":"Itinerario de formaci\u00f3n certificado online para ingenieros de validaci\u00f3n","isPartOf":{"@id":"https:\/\/gxp-training.com\/es\/#website"},"primaryImageOfPage":{"@id":"https:\/\/gxp-training.com\/es\/online-course\/ingeniero-de-validacion\/#primaryimage"},"image":{"@id":"https:\/\/gxp-training.com\/es\/online-course\/ingeniero-de-validacion\/#primaryimage"},"thumbnailUrl":"https:\/\/gxp-training.com\/wp-content\/uploads\/2024\/01\/validation-engineer.png","datePublished":"2024-01-22T15:36:40+00:00","description":"Formaci\u00f3n certificada online para ingenieros de validaci\u00f3n. Para nuevas incorporaciones o equipos completos. Obtenga su certificaci\u00f3n para dominar la ingenier\u00eda de validaci\u00f3n en un entorno regulado.","breadcrumb":{"@id":"https:\/\/gxp-training.com\/es\/online-course\/ingeniero-de-validacion\/#breadcrumb"},"inLanguage":"es","potentialAction":[{"@type":"ReadAction","target":["https:\/\/gxp-training.com\/es\/online-course\/ingeniero-de-validacion\/"]}]},{"@type":"ImageObject","inLanguage":"es","@id":"https:\/\/gxp-training.com\/es\/online-course\/ingeniero-de-validacion\/#primaryimage","url":"https:\/\/gxp-training.com\/wp-content\/uploads\/2024\/01\/validation-engineer.png","contentUrl":"https:\/\/gxp-training.com\/wp-content\/uploads\/2024\/01\/validation-engineer.png","width":900,"height":627},{"@type":"BreadcrumbList","@id":"https:\/\/gxp-training.com\/es\/online-course\/ingeniero-de-validacion\/#breadcrumb","itemListElement":[{"@type":"ListItem","position":1,"name":"Inicio","item":"https:\/\/gxp-training.com\/es\/pagina-de-inicio\/"},{"@type":"ListItem","position":2,"name":"Productos","item":"https:\/\/gxp-training.com\/es\/shop\/"},{"@type":"ListItem","position":3,"name":"Ingeniero de validaci\u00f3n"}]},{"@type":"WebSite","@id":"https:\/\/gxp-training.com\/es\/#website","url":"https:\/\/gxp-training.com\/es\/","name":"GxP Training : Certified Online Courses for Life Sciences","description":"Online Trainings and Certified Courses in Regulatory Compliance for Pharmaceutical Experts","publisher":{"@id":"https:\/\/gxp-training.com\/es\/#organization"},"potentialAction":[{"@type":"SearchAction","target":{"@type":"EntryPoint","urlTemplate":"https:\/\/gxp-training.com\/es\/?s={search_term_string}"},"query-input":{"@type":"PropertyValueSpecification","valueRequired":true,"valueName":"search_term_string"}}],"inLanguage":"es"},{"@type":"Organization","@id":"https:\/\/gxp-training.com\/es\/#organization","name":"GXP Training","url":"https:\/\/gxp-training.com\/es\/","logo":{"@type":"ImageObject","inLanguage":"es","@id":"https:\/\/gxp-training.com\/es\/#\/schema\/logo\/image\/","url":"https:\/\/gxp-training.com\/wp-content\/uploads\/2022\/05\/logo-resize.png","contentUrl":"https:\/\/gxp-training.com\/wp-content\/uploads\/2022\/05\/logo-resize.png","width":350,"height":100,"caption":"GXP Training"},"image":{"@id":"https:\/\/gxp-training.com\/es\/#\/schema\/logo\/image\/"}}]}},"_links":{"self":[{"href":"https:\/\/gxp-training.com\/es\/wp-json\/wp\/v2\/product\/58152","targetHints":{"allow":["GET"]}}],"collection":[{"href":"https:\/\/gxp-training.com\/es\/wp-json\/wp\/v2\/product"}],"about":[{"href":"https:\/\/gxp-training.com\/es\/wp-json\/wp\/v2\/types\/product"}],"wp:featuredmedia":[{"embeddable":true,"href":"https:\/\/gxp-training.com\/es\/wp-json\/wp\/v2\/media\/45054"}],"wp:attachment":[{"href":"https:\/\/gxp-training.com\/es\/wp-json\/wp\/v2\/media?parent=58152"}],"wp:term":[{"taxonomy":"product_brand","embeddable":true,"href":"https:\/\/gxp-training.com\/es\/wp-json\/wp\/v2\/product_brand?post=58152"},{"taxonomy":"product_cat","embeddable":true,"href":"https:\/\/gxp-training.com\/es\/wp-json\/wp\/v2\/product_cat?post=58152"},{"taxonomy":"product_tag","embeddable":true,"href":"https:\/\/gxp-training.com\/es\/wp-json\/wp\/v2\/product_tag?post=58152"}],"curies":[{"name":"wp","href":"https:\/\/api.w.org\/{rel}","templated":true}]}}