{"id":58135,"date":"2025-10-15T17:53:43","date_gmt":"2025-10-15T15:53:43","guid":{"rendered":"https:\/\/gxp-training.com\/online-course\/21-cfr-parte-111-cgmp-para-suplementos-dieteticos-y-alimenticios\/"},"modified":"2025-10-15T17:53:43","modified_gmt":"2025-10-15T15:53:43","slug":"21-cfr-parte-111-cgmp-para-suplementos-dieteticos-y-alimenticios","status":"publish","type":"product","link":"https:\/\/gxp-training.com\/es\/online-course\/21-cfr-parte-111-cgmp-para-suplementos-dieteticos-y-alimenticios\/","title":{"rendered":"21 CFR Parte 111: cGMP para suplementos diet\u00e9ticos y alimenticios"},"content":{"rendered":"<p>Si usted es responsable de la fabricaci\u00f3n, envasado, etiquetado o distribuci\u00f3n de suplementos diet\u00e9ticos, desempe\u00f1a un papel clave para garantizar la calidad del producto y el cumplimiento normativo. Este curso ha sido dise\u00f1ado para profesionales como usted que necesitan una comprensi\u00f3n clara y pr\u00e1ctica de <a href=\"https:\/\/www.ecfr.gov\/current\/title-21\/chapter-I\/subchapter-B\/part-111\">21 CFR Parte 111<\/a> (cGMP para suplementos diet\u00e9ticos) y c\u00f3mo se aplica a las operaciones reales. <\/p>\n<p>Desarrollado por expertos en ciencias de la vida y gesti\u00f3n de la calidad, este curso interactivo combina ejemplos reales, estudios de caso y aprendizaje basado en escenarios para facilitar la comprensi\u00f3n y aplicaci\u00f3n de las normativas. Tanto si trabaja en fabricaci\u00f3n, envasado, etiquetado o control de calidad, adquirir\u00e1 los conocimientos y la confianza necesarios para cumplir las expectativas de la FDA y reforzar el cumplimiento en toda su organizaci\u00f3n. <\/p>\n<p>Este curso cubre todos los aspectos clave de 21 CFR Parte 111 cGMP para suplementos diet\u00e9ticos, ayudando a los profesionales a garantizar la calidad del producto, el cumplimiento normativo y la preparaci\u00f3n para inspecciones.<\/p>\n<p><b>\u00bfQui\u00e9n debe inscribirse?<\/b><\/p>\n<ul>\n<li>Especialistas en Garant\u00eda de Calidad (QA) y Control de Calidad (QC)<\/li>\n<li>Responsables de Asuntos Regulatorios y Cumplimiento<\/li>\n<li>Responsables de producci\u00f3n y operaciones<\/li>\n<li>Supervisores de <a href=\"https:\/\/gxp-training.com\/es\/online-course\/gmp-para-envases-farmaceuticos-e-iso-15378\/\">envasado<\/a> y etiquetado<\/li>\n<li>T\u00e9cnicos de <a href=\"https:\/\/gxp-training.com\/es\/gxp-courses\/laboratorios\/\">laboratorio<\/a> y procesos<\/li>\n<li>Cualquier persona responsable de garantizar la calidad del producto y el cumplimiento FDA en operaciones de suplementos diet\u00e9ticos<\/li>\n<\/ul>\n<p><b>\u00bfQu\u00e9 aprender\u00e1?<\/b><\/p>\n<ul>\n<li>Comprender el alcance y la aplicabilidad normativa de 21 CFR Parte 111<\/li>\n<li>Implementar los requisitos cGMP para personal, instalaciones, equipos y operaciones<\/li>\n<li>Desarrollar y mantener sistemas eficaces de control de producci\u00f3n y procesos<\/li>\n<li>Garantizar pr\u00e1cticas conformes de envasado, etiquetado y documentaci\u00f3n<\/li>\n<li>Gestionar el almacenamiento, distribuci\u00f3n, devoluciones y reclamaciones de suplementos diet\u00e9ticos<\/li>\n<\/ul>\n<p>&nbsp;<\/p>\n<p>Al finalizar este curso, los participantes dispondr\u00e1n de los conocimientos y la confianza necesarios para garantizar que las operaciones de suplementos diet\u00e9ticos cumplan plenamente con 21 CFR Parte 111. Tras su finalizaci\u00f3n con \u00e9xito, recibir\u00e1 un certificado validado acreditado con cr\u00e9ditos CPD\/CEU y reconocido por auditores. <\/p>\n<p>&nbsp;<\/p>\n<h3>Programa<\/h3>\n<p>&nbsp;<\/p>\n<p><strong>Introducci\u00f3n<\/strong><\/p>\n<p><strong>Lecci\u00f3n 1: Disposiciones generales<\/strong><\/p>\n<p><strong>Lecci\u00f3n 2: Requisitos del personal<\/strong><\/p>\n<p><strong>Lecci\u00f3n 3: Instalaciones y terrenos <\/strong><\/p>\n<p><strong>Lecci\u00f3n 4: Equipos y utensilios <\/strong><\/p>\n<p><strong>Lecci\u00f3n 5: Establecimiento del sistema de control de producci\u00f3n y procesos<\/strong><\/p>\n<p><strong>Lecci\u00f3n 6: Gesti\u00f3n del envasado, etiquetas y documentaci\u00f3n de operaciones <\/strong><\/p>\n<p><strong>Lecci\u00f3n 7: Subpartes J, K y L <\/strong><\/p>\n<p><strong>Lecci\u00f3n 8: Almacenamiento y distribuci\u00f3n <\/strong><\/p>\n<p><strong>Lecci\u00f3n 9: Suplementos diet\u00e9ticos devueltos <\/strong><\/p>\n<p><strong>Lecci\u00f3n 10: Reclamaciones de productos <\/strong><\/p>\n<p><strong>Glosario<\/strong><\/p>\n<p><strong>Conclusi\u00f3n<\/strong><\/p>\n<p><strong>Cuestionario<\/strong><\/p>\n","protected":false},"excerpt":{"rendered":"<p>Si usted es responsable de la fabricaci\u00f3n, envasado, etiquetado o distribuci\u00f3n de suplementos diet\u00e9ticos, desempe\u00f1a un papel clave para garantizar la calidad del producto y el cumplimiento normativo. Este curso ha sido dise\u00f1ado para profesionales como usted que necesitan una comprensi\u00f3n clara y pr\u00e1ctica de 21 CFR Parte 111 (cGMP para suplementos diet\u00e9ticos) y c\u00f3mo [&hellip;]<\/p>\n","protected":false},"featured_media":52848,"template":"","meta":{"_acf_changed":false,"content-type":""},"product_brand":[],"product_cat":[282,265],"product_tag":[],"class_list":{"0":"post-58135","1":"product","2":"type-product","3":"status-publish","4":"has-post-thumbnail","6":"product_cat-alimentacion-y-nutricion","7":"product_cat-bpf-buenas-practicas-de-fabricacion","9":"first","10":"instock","11":"taxable","12":"shipping-taxable","13":"purchasable","14":"product-type-simple"},"bundled_by":[],"bundle_stock_status":"instock","bundle_stock_quantity":null,"bundle_virtual":false,"bundle_layout":"","bundle_add_to_cart_form_location":"","bundle_editable_in_cart":false,"bundle_sold_individually_context":"","bundle_item_grouping":"","bundle_min_size":"","bundle_max_size":"","bundle_price":[],"bundled_items":[],"bundle_sell_ids":[],"acf":[],"yoast_head":"<!-- This site is optimized with the Yoast SEO plugin v27.5 - https:\/\/yoast.com\/product\/yoast-seo-wordpress\/ -->\n<title>Formaci\u00f3n certificada - 21 CFR Parte 111 cGMP para suplementos diet\u00e9ticos y alimenticios<\/title>\n<meta name=\"description\" content=\"Aprenda los requisitos cGMP de 21 CFR Parte 111 para suplementos diet\u00e9ticos. Adquiera competencias en cumplimiento FDA en fabricaci\u00f3n, envasado y etiquetado. Certif\u00edquese ahora.\" \/>\n<meta name=\"robots\" content=\"index, follow, max-snippet:-1, max-image-preview:large, max-video-preview:-1\" \/>\n<link rel=\"canonical\" href=\"https:\/\/gxp-training.com\/es\/online-course\/21-cfr-parte-111-cgmp-para-suplementos-dieteticos-y-alimenticios\/\" \/>\n<meta property=\"og:locale\" content=\"es_ES\" \/>\n<meta property=\"og:type\" content=\"article\" \/>\n<meta property=\"og:title\" content=\"Formaci\u00f3n certificada - 21 CFR Parte 111 cGMP para suplementos diet\u00e9ticos y alimenticios\" \/>\n<meta property=\"og:description\" content=\"Aprenda los requisitos cGMP de 21 CFR Parte 111 para suplementos diet\u00e9ticos. Adquiera competencias en cumplimiento FDA en fabricaci\u00f3n, envasado y etiquetado. Certif\u00edquese ahora.\" \/>\n<meta property=\"og:url\" content=\"https:\/\/gxp-training.com\/es\/online-course\/21-cfr-parte-111-cgmp-para-suplementos-dieteticos-y-alimenticios\/\" \/>\n<meta property=\"og:site_name\" content=\"GxP Training : Certified Online Courses for Life Sciences\" \/>\n<meta property=\"og:image\" content=\"https:\/\/gxp-training.com\/wp-content\/uploads\/2025\/10\/21-cfr-111.png\" \/>\n\t<meta property=\"og:image:width\" content=\"900\" \/>\n\t<meta property=\"og:image:height\" content=\"627\" \/>\n\t<meta property=\"og:image:type\" content=\"image\/png\" \/>\n<meta name=\"twitter:card\" content=\"summary_large_image\" \/>\n<meta name=\"twitter:label1\" content=\"Tiempo de lectura\" \/>\n\t<meta name=\"twitter:data1\" content=\"2 minutos\" \/>\n<script type=\"application\/ld+json\" class=\"yoast-schema-graph\">{\"@context\":\"https:\\\/\\\/schema.org\",\"@graph\":[{\"@type\":\"WebPage\",\"@id\":\"https:\\\/\\\/gxp-training.com\\\/es\\\/online-course\\\/21-cfr-parte-111-cgmp-para-suplementos-dieteticos-y-alimenticios\\\/\",\"url\":\"https:\\\/\\\/gxp-training.com\\\/es\\\/online-course\\\/21-cfr-parte-111-cgmp-para-suplementos-dieteticos-y-alimenticios\\\/\",\"name\":\"Formaci\u00f3n certificada - 21 CFR Parte 111 cGMP para suplementos diet\u00e9ticos y alimenticios\",\"isPartOf\":{\"@id\":\"https:\\\/\\\/gxp-training.com\\\/es\\\/#website\"},\"primaryImageOfPage\":{\"@id\":\"https:\\\/\\\/gxp-training.com\\\/es\\\/online-course\\\/21-cfr-parte-111-cgmp-para-suplementos-dieteticos-y-alimenticios\\\/#primaryimage\"},\"image\":{\"@id\":\"https:\\\/\\\/gxp-training.com\\\/es\\\/online-course\\\/21-cfr-parte-111-cgmp-para-suplementos-dieteticos-y-alimenticios\\\/#primaryimage\"},\"thumbnailUrl\":\"https:\\\/\\\/gxp-training.com\\\/wp-content\\\/uploads\\\/2025\\\/10\\\/21-cfr-111.png\",\"datePublished\":\"2025-10-15T15:53:43+00:00\",\"description\":\"Aprenda los requisitos cGMP de 21 CFR Parte 111 para suplementos diet\u00e9ticos. Adquiera competencias en cumplimiento FDA en fabricaci\u00f3n, envasado y etiquetado. Certif\u00edquese ahora.\",\"breadcrumb\":{\"@id\":\"https:\\\/\\\/gxp-training.com\\\/es\\\/online-course\\\/21-cfr-parte-111-cgmp-para-suplementos-dieteticos-y-alimenticios\\\/#breadcrumb\"},\"inLanguage\":\"es\",\"potentialAction\":[{\"@type\":\"ReadAction\",\"target\":[\"https:\\\/\\\/gxp-training.com\\\/es\\\/online-course\\\/21-cfr-parte-111-cgmp-para-suplementos-dieteticos-y-alimenticios\\\/\"]}]},{\"@type\":\"ImageObject\",\"inLanguage\":\"es\",\"@id\":\"https:\\\/\\\/gxp-training.com\\\/es\\\/online-course\\\/21-cfr-parte-111-cgmp-para-suplementos-dieteticos-y-alimenticios\\\/#primaryimage\",\"url\":\"https:\\\/\\\/gxp-training.com\\\/wp-content\\\/uploads\\\/2025\\\/10\\\/21-cfr-111.png\",\"contentUrl\":\"https:\\\/\\\/gxp-training.com\\\/wp-content\\\/uploads\\\/2025\\\/10\\\/21-cfr-111.png\",\"width\":900,\"height\":627,\"caption\":\"21 CFR Part 111\"},{\"@type\":\"BreadcrumbList\",\"@id\":\"https:\\\/\\\/gxp-training.com\\\/es\\\/online-course\\\/21-cfr-parte-111-cgmp-para-suplementos-dieteticos-y-alimenticios\\\/#breadcrumb\",\"itemListElement\":[{\"@type\":\"ListItem\",\"position\":1,\"name\":\"Inicio\",\"item\":\"https:\\\/\\\/gxp-training.com\\\/es\\\/pagina-de-inicio\\\/\"},{\"@type\":\"ListItem\",\"position\":2,\"name\":\"Productos\",\"item\":\"https:\\\/\\\/gxp-training.com\\\/es\\\/shop\\\/\"},{\"@type\":\"ListItem\",\"position\":3,\"name\":\"21 CFR Parte 111: cGMP para suplementos diet\u00e9ticos y alimenticios\"}]},{\"@type\":\"WebSite\",\"@id\":\"https:\\\/\\\/gxp-training.com\\\/es\\\/#website\",\"url\":\"https:\\\/\\\/gxp-training.com\\\/es\\\/\",\"name\":\"GxP Training : Certified Online Courses for Life Sciences\",\"description\":\"Online Trainings and Certified Courses in Regulatory Compliance for Pharmaceutical Experts\",\"publisher\":{\"@id\":\"https:\\\/\\\/gxp-training.com\\\/es\\\/#organization\"},\"potentialAction\":[{\"@type\":\"SearchAction\",\"target\":{\"@type\":\"EntryPoint\",\"urlTemplate\":\"https:\\\/\\\/gxp-training.com\\\/es\\\/?s={search_term_string}\"},\"query-input\":{\"@type\":\"PropertyValueSpecification\",\"valueRequired\":true,\"valueName\":\"search_term_string\"}}],\"inLanguage\":\"es\"},{\"@type\":\"Organization\",\"@id\":\"https:\\\/\\\/gxp-training.com\\\/es\\\/#organization\",\"name\":\"GXP Training\",\"url\":\"https:\\\/\\\/gxp-training.com\\\/es\\\/\",\"logo\":{\"@type\":\"ImageObject\",\"inLanguage\":\"es\",\"@id\":\"https:\\\/\\\/gxp-training.com\\\/es\\\/#\\\/schema\\\/logo\\\/image\\\/\",\"url\":\"https:\\\/\\\/gxp-training.com\\\/wp-content\\\/uploads\\\/2022\\\/05\\\/logo-resize.png\",\"contentUrl\":\"https:\\\/\\\/gxp-training.com\\\/wp-content\\\/uploads\\\/2022\\\/05\\\/logo-resize.png\",\"width\":350,\"height\":100,\"caption\":\"GXP Training\"},\"image\":{\"@id\":\"https:\\\/\\\/gxp-training.com\\\/es\\\/#\\\/schema\\\/logo\\\/image\\\/\"}}]}<\/script>\n<!-- \/ Yoast SEO plugin. -->","yoast_head_json":{"title":"Formaci\u00f3n certificada - 21 CFR Parte 111 cGMP para suplementos diet\u00e9ticos y alimenticios","description":"Aprenda los requisitos cGMP de 21 CFR Parte 111 para suplementos diet\u00e9ticos. Adquiera competencias en cumplimiento FDA en fabricaci\u00f3n, envasado y etiquetado. Certif\u00edquese ahora.","robots":{"index":"index","follow":"follow","max-snippet":"max-snippet:-1","max-image-preview":"max-image-preview:large","max-video-preview":"max-video-preview:-1"},"canonical":"https:\/\/gxp-training.com\/es\/online-course\/21-cfr-parte-111-cgmp-para-suplementos-dieteticos-y-alimenticios\/","og_locale":"es_ES","og_type":"article","og_title":"Formaci\u00f3n certificada - 21 CFR Parte 111 cGMP para suplementos diet\u00e9ticos y alimenticios","og_description":"Aprenda los requisitos cGMP de 21 CFR Parte 111 para suplementos diet\u00e9ticos. Adquiera competencias en cumplimiento FDA en fabricaci\u00f3n, envasado y etiquetado. Certif\u00edquese ahora.","og_url":"https:\/\/gxp-training.com\/es\/online-course\/21-cfr-parte-111-cgmp-para-suplementos-dieteticos-y-alimenticios\/","og_site_name":"GxP Training : Certified Online Courses for Life Sciences","og_image":[{"width":900,"height":627,"url":"https:\/\/gxp-training.com\/wp-content\/uploads\/2025\/10\/21-cfr-111.png","type":"image\/png"}],"twitter_card":"summary_large_image","twitter_misc":{"Tiempo de lectura":"2 minutos"},"schema":{"@context":"https:\/\/schema.org","@graph":[{"@type":"WebPage","@id":"https:\/\/gxp-training.com\/es\/online-course\/21-cfr-parte-111-cgmp-para-suplementos-dieteticos-y-alimenticios\/","url":"https:\/\/gxp-training.com\/es\/online-course\/21-cfr-parte-111-cgmp-para-suplementos-dieteticos-y-alimenticios\/","name":"Formaci\u00f3n certificada - 21 CFR Parte 111 cGMP para suplementos diet\u00e9ticos y alimenticios","isPartOf":{"@id":"https:\/\/gxp-training.com\/es\/#website"},"primaryImageOfPage":{"@id":"https:\/\/gxp-training.com\/es\/online-course\/21-cfr-parte-111-cgmp-para-suplementos-dieteticos-y-alimenticios\/#primaryimage"},"image":{"@id":"https:\/\/gxp-training.com\/es\/online-course\/21-cfr-parte-111-cgmp-para-suplementos-dieteticos-y-alimenticios\/#primaryimage"},"thumbnailUrl":"https:\/\/gxp-training.com\/wp-content\/uploads\/2025\/10\/21-cfr-111.png","datePublished":"2025-10-15T15:53:43+00:00","description":"Aprenda los requisitos cGMP de 21 CFR Parte 111 para suplementos diet\u00e9ticos. Adquiera competencias en cumplimiento FDA en fabricaci\u00f3n, envasado y etiquetado. Certif\u00edquese ahora.","breadcrumb":{"@id":"https:\/\/gxp-training.com\/es\/online-course\/21-cfr-parte-111-cgmp-para-suplementos-dieteticos-y-alimenticios\/#breadcrumb"},"inLanguage":"es","potentialAction":[{"@type":"ReadAction","target":["https:\/\/gxp-training.com\/es\/online-course\/21-cfr-parte-111-cgmp-para-suplementos-dieteticos-y-alimenticios\/"]}]},{"@type":"ImageObject","inLanguage":"es","@id":"https:\/\/gxp-training.com\/es\/online-course\/21-cfr-parte-111-cgmp-para-suplementos-dieteticos-y-alimenticios\/#primaryimage","url":"https:\/\/gxp-training.com\/wp-content\/uploads\/2025\/10\/21-cfr-111.png","contentUrl":"https:\/\/gxp-training.com\/wp-content\/uploads\/2025\/10\/21-cfr-111.png","width":900,"height":627,"caption":"21 CFR Part 111"},{"@type":"BreadcrumbList","@id":"https:\/\/gxp-training.com\/es\/online-course\/21-cfr-parte-111-cgmp-para-suplementos-dieteticos-y-alimenticios\/#breadcrumb","itemListElement":[{"@type":"ListItem","position":1,"name":"Inicio","item":"https:\/\/gxp-training.com\/es\/pagina-de-inicio\/"},{"@type":"ListItem","position":2,"name":"Productos","item":"https:\/\/gxp-training.com\/es\/shop\/"},{"@type":"ListItem","position":3,"name":"21 CFR Parte 111: cGMP para suplementos diet\u00e9ticos y alimenticios"}]},{"@type":"WebSite","@id":"https:\/\/gxp-training.com\/es\/#website","url":"https:\/\/gxp-training.com\/es\/","name":"GxP Training : Certified Online Courses for Life Sciences","description":"Online Trainings and Certified Courses in Regulatory Compliance for Pharmaceutical Experts","publisher":{"@id":"https:\/\/gxp-training.com\/es\/#organization"},"potentialAction":[{"@type":"SearchAction","target":{"@type":"EntryPoint","urlTemplate":"https:\/\/gxp-training.com\/es\/?s={search_term_string}"},"query-input":{"@type":"PropertyValueSpecification","valueRequired":true,"valueName":"search_term_string"}}],"inLanguage":"es"},{"@type":"Organization","@id":"https:\/\/gxp-training.com\/es\/#organization","name":"GXP Training","url":"https:\/\/gxp-training.com\/es\/","logo":{"@type":"ImageObject","inLanguage":"es","@id":"https:\/\/gxp-training.com\/es\/#\/schema\/logo\/image\/","url":"https:\/\/gxp-training.com\/wp-content\/uploads\/2022\/05\/logo-resize.png","contentUrl":"https:\/\/gxp-training.com\/wp-content\/uploads\/2022\/05\/logo-resize.png","width":350,"height":100,"caption":"GXP Training"},"image":{"@id":"https:\/\/gxp-training.com\/es\/#\/schema\/logo\/image\/"}}]}},"_links":{"self":[{"href":"https:\/\/gxp-training.com\/es\/wp-json\/wp\/v2\/product\/58135","targetHints":{"allow":["GET"]}}],"collection":[{"href":"https:\/\/gxp-training.com\/es\/wp-json\/wp\/v2\/product"}],"about":[{"href":"https:\/\/gxp-training.com\/es\/wp-json\/wp\/v2\/types\/product"}],"wp:featuredmedia":[{"embeddable":true,"href":"https:\/\/gxp-training.com\/es\/wp-json\/wp\/v2\/media\/52848"}],"wp:attachment":[{"href":"https:\/\/gxp-training.com\/es\/wp-json\/wp\/v2\/media?parent=58135"}],"wp:term":[{"taxonomy":"product_brand","embeddable":true,"href":"https:\/\/gxp-training.com\/es\/wp-json\/wp\/v2\/product_brand?post=58135"},{"taxonomy":"product_cat","embeddable":true,"href":"https:\/\/gxp-training.com\/es\/wp-json\/wp\/v2\/product_cat?post=58135"},{"taxonomy":"product_tag","embeddable":true,"href":"https:\/\/gxp-training.com\/es\/wp-json\/wp\/v2\/product_tag?post=58135"}],"curies":[{"name":"wp","href":"https:\/\/api.w.org\/{rel}","templated":true}]}}