{"id":58129,"date":"2025-10-15T18:07:28","date_gmt":"2025-10-15T16:07:28","guid":{"rendered":"https:\/\/gxp-training.com\/online-course\/protocolo-de-ensayo-clinico\/"},"modified":"2025-10-15T18:07:28","modified_gmt":"2025-10-15T16:07:28","slug":"protocolo-de-ensayo-clinico","status":"publish","type":"product","link":"https:\/\/gxp-training.com\/es\/online-course\/protocolo-de-ensayo-clinico\/","title":{"rendered":"Protocolo de ensayo cl\u00ednico"},"content":{"rendered":"<p>La investigaci\u00f3n cl\u00ednica con participantes humanos es una de las \u00e1reas m\u00e1s reguladas de las ciencias de la vida. Todo ensayo cl\u00ednico exitoso comienza con un protocolo s\u00f3lido que define claramente los objetivos, la metodolog\u00eda y los requisitos de cumplimiento. <\/p>\n<p>Este curso le ense\u00f1a a transformar expectativas regulatorias complejas en un protocolo de ensayo cl\u00ednico claro y aplicable conforme a <a href=\"https:\/\/www.fda.gov\/drugs\/types-applications\/investigational-new-drug-ind-application\">IND<\/a> o <a href=\"https:\/\/www.fda.gov\/medical-devices\/premarket-submissions-selecting-and-preparing-correct-submission\/investigational-device-exemption-ide\">IDE<\/a>. Aprender\u00e1 a estructurar su protocolo de forma eficaz, evitar errores habituales, gestionar enmiendas y garantizar el pleno cumplimiento normativo, dando a su estudio la mejor oportunidad de aprobaci\u00f3n por parte del CEIm y de una ejecuci\u00f3n satisfactoria. <\/p>\n<p>&nbsp;<\/p>\n<h3>Programa:<\/h3>\n<p><b>\u00bfQui\u00e9n deber\u00eda inscribirse? <\/b><br \/>\nEste curso est\u00e1 dise\u00f1ado para profesionales implicados en la investigaci\u00f3n cl\u00ednica, el desarrollo de protocolos y la gesti\u00f3n de ensayos, incluidos:<\/p>\n<ul>\n<li>Monitores de ensayos cl\u00ednicos (CRA) y gestores de proyectos cl\u00ednicos<\/li>\n<li>Investigadores y coordinadores de estudio<\/li>\n<li>Especialistas en Asuntos Regulatorios<\/li>\n<li>Responsables de Garant\u00eda de Calidad y Cumplimiento<\/li>\n<li>Redactores m\u00e9dicos responsables de la documentaci\u00f3n del protocolo<\/li>\n<\/ul>\n<p><b>\u00bfQu\u00e9 aprender\u00e1?<\/b><br \/>\nA trav\u00e9s de lecciones interactivas, casos pr\u00e1cticos y ejemplos, los participantes adquirir\u00e1n las competencias para:<\/p>\n<ul>\n<li>Comprender el prop\u00f3sito, la estructura y los componentes cr\u00edticos de un protocolo de ensayo cl\u00ednico<\/li>\n<li>Redactar protocolos conformes que cumplan los requisitos de IND\/IDE y del CEIm<\/li>\n<li>Identificar y evitar errores habituales en el dise\u00f1o y la redacci\u00f3n del protocolo<\/li>\n<li>Gestionar eficazmente las enmiendas y actualizaciones del protocolo<\/li>\n<li>Aplicar pr\u00e1cticas de gobernanza de datos tanto para investigadores como para promotores<\/li>\n<li>Mejorar la calidad y la eficiencia global del ensayo integrando buenas pr\u00e1cticas en el desarrollo de protocolos<\/li>\n<\/ul>\n<p>Al finalizar este curso, los alumnos estar\u00e1n plenamente capacitados para elaborar protocolos de ensayo cl\u00ednico claros, conformes y aplicables que agilicen las aprobaciones del CEIm, respalden mejores resultados del estudio y mantengan el cumplimiento normativo durante todo el ciclo de vida del ensayo.<\/p>\n<p><strong>Introducci\u00f3n<\/strong><\/p>\n<p><strong>Lecci\u00f3n 1: Introducci\u00f3n al Protocolo de ensayo cl\u00ednico<\/strong><\/p>\n<ul>\n<li>\u00bfQu\u00e9 es un Protocolo de ensayo cl\u00ednico?<\/li>\n<li>\u00bfPor qu\u00e9 es importante un Protocolo de ensayo cl\u00ednico?<\/li>\n<\/ul>\n<p><strong>Lecci\u00f3n 2: Contenido y formato de un protocolo<\/strong><\/p>\n<ul>\n<li>Marco regulatorio y consideraciones \u00e9ticas del NIH en la UE y EE. UU.<\/li>\n<\/ul>\n<p><strong>Lecci\u00f3n 3: Redacci\u00f3n de un Protocolo de ensayo cl\u00ednico<\/strong><\/p>\n<ul>\n<li>Plantilla de protocolo del NIH<\/li>\n<\/ul>\n<p><strong>Lecci\u00f3n 4: Problemas encontrados al redactar un protocolo<\/strong><\/p>\n<ul>\n<li>Problemas habituales en el desarrollo de protocolos<\/li>\n<li>Errores que deben evitarse durante el desarrollo del protocolo<\/li>\n<\/ul>\n<p><strong>Lecci\u00f3n 5: Realizaci\u00f3n de enmiendas a un Protocolo de ensayo cl\u00ednico<\/strong><\/p>\n<ul>\n<li>\u00bfQu\u00e9 son las enmiendas a un Protocolo de ensayo cl\u00ednico?<\/li>\n<li>Proceso de realizaci\u00f3n de enmiendas<\/li>\n<li>Tipos de enmiendas<\/li>\n<\/ul>\n<p><strong>Conclusi\u00f3n<\/strong><\/p>\n<p><strong>Cuestionario<\/strong><\/p>\n","protected":false},"excerpt":{"rendered":"<p>La investigaci\u00f3n cl\u00ednica con participantes humanos es una de las \u00e1reas m\u00e1s reguladas de las ciencias de la vida. Todo ensayo cl\u00ednico exitoso comienza con un protocolo s\u00f3lido que define claramente los objetivos, la metodolog\u00eda y los requisitos de cumplimiento. Este curso le ense\u00f1a a transformar expectativas regulatorias complejas en un protocolo de ensayo cl\u00ednico [&hellip;]<\/p>\n","protected":false},"featured_media":52849,"template":"","meta":{"_acf_changed":false,"content-type":""},"product_brand":[],"product_cat":[275],"product_tag":[],"class_list":{"0":"post-58129","1":"product","2":"type-product","3":"status-publish","4":"has-post-thumbnail","6":"product_cat-gcp-ensayos-clinicos","8":"first","9":"instock","10":"taxable","11":"shipping-taxable","12":"purchasable","13":"product-type-subscription"},"bundled_by":[],"bundle_stock_status":"instock","bundle_stock_quantity":null,"bundle_virtual":false,"bundle_layout":"","bundle_add_to_cart_form_location":"","bundle_editable_in_cart":false,"bundle_sold_individually_context":"","bundle_item_grouping":"","bundle_min_size":"","bundle_max_size":"","bundle_price":[],"bundled_items":[],"bundle_sell_ids":[],"acf":[],"yoast_head":"<!-- This site is optimized with the Yoast SEO plugin v27.5 - https:\/\/yoast.com\/product\/yoast-seo-wordpress\/ -->\n<title>Curso online de Protocolo de ensayo cl\u00ednico \u2013 Conforme con IND e IDE<\/title>\n<meta name=\"description\" content=\"Curso de formaci\u00f3n en Protocolo de ensayo cl\u00ednico para profesionales de la investigaci\u00f3n cl\u00ednica. Obtenga su certificaci\u00f3n ahora y comience su curso online de Buenas Pr\u00e1cticas Cl\u00ednicas.\" \/>\n<meta name=\"robots\" content=\"index, follow, max-snippet:-1, max-image-preview:large, max-video-preview:-1\" \/>\n<link rel=\"canonical\" href=\"https:\/\/gxp-training.com\/es\/online-course\/protocolo-de-ensayo-clinico\/\" \/>\n<meta property=\"og:locale\" content=\"es_ES\" \/>\n<meta property=\"og:type\" content=\"article\" \/>\n<meta property=\"og:title\" content=\"Curso online de Protocolo de ensayo cl\u00ednico \u2013 Conforme con IND e IDE\" \/>\n<meta property=\"og:description\" content=\"Curso de formaci\u00f3n en Protocolo de ensayo cl\u00ednico para profesionales de la investigaci\u00f3n cl\u00ednica. Obtenga su certificaci\u00f3n ahora y comience su curso online de Buenas Pr\u00e1cticas Cl\u00ednicas.\" \/>\n<meta property=\"og:url\" content=\"https:\/\/gxp-training.com\/es\/online-course\/protocolo-de-ensayo-clinico\/\" \/>\n<meta property=\"og:site_name\" content=\"GxP Training : Certified Online Courses for Life Sciences\" \/>\n<meta property=\"og:image\" content=\"https:\/\/gxp-training.com\/wp-content\/uploads\/2025\/10\/Clinical-Trial-Protocol.png\" \/>\n\t<meta property=\"og:image:width\" content=\"900\" \/>\n\t<meta property=\"og:image:height\" content=\"627\" \/>\n\t<meta property=\"og:image:type\" content=\"image\/png\" \/>\n<meta name=\"twitter:card\" content=\"summary_large_image\" \/>\n<meta name=\"twitter:label1\" content=\"Tiempo de lectura\" \/>\n\t<meta name=\"twitter:data1\" content=\"2 minutos\" \/>\n<script type=\"application\/ld+json\" class=\"yoast-schema-graph\">{\"@context\":\"https:\\\/\\\/schema.org\",\"@graph\":[{\"@type\":\"WebPage\",\"@id\":\"https:\\\/\\\/gxp-training.com\\\/es\\\/online-course\\\/protocolo-de-ensayo-clinico\\\/\",\"url\":\"https:\\\/\\\/gxp-training.com\\\/es\\\/online-course\\\/protocolo-de-ensayo-clinico\\\/\",\"name\":\"Curso online de Protocolo de ensayo cl\u00ednico \u2013 Conforme con IND e IDE\",\"isPartOf\":{\"@id\":\"https:\\\/\\\/gxp-training.com\\\/es\\\/#website\"},\"primaryImageOfPage\":{\"@id\":\"https:\\\/\\\/gxp-training.com\\\/es\\\/online-course\\\/protocolo-de-ensayo-clinico\\\/#primaryimage\"},\"image\":{\"@id\":\"https:\\\/\\\/gxp-training.com\\\/es\\\/online-course\\\/protocolo-de-ensayo-clinico\\\/#primaryimage\"},\"thumbnailUrl\":\"https:\\\/\\\/gxp-training.com\\\/wp-content\\\/uploads\\\/2025\\\/10\\\/Clinical-Trial-Protocol.png\",\"datePublished\":\"2025-10-15T16:07:28+00:00\",\"description\":\"Curso de formaci\u00f3n en Protocolo de ensayo cl\u00ednico para profesionales de la investigaci\u00f3n cl\u00ednica. Obtenga su certificaci\u00f3n ahora y comience su curso online de Buenas Pr\u00e1cticas Cl\u00ednicas.\",\"breadcrumb\":{\"@id\":\"https:\\\/\\\/gxp-training.com\\\/es\\\/online-course\\\/protocolo-de-ensayo-clinico\\\/#breadcrumb\"},\"inLanguage\":\"es\",\"potentialAction\":[{\"@type\":\"ReadAction\",\"target\":[\"https:\\\/\\\/gxp-training.com\\\/es\\\/online-course\\\/protocolo-de-ensayo-clinico\\\/\"]}]},{\"@type\":\"ImageObject\",\"inLanguage\":\"es\",\"@id\":\"https:\\\/\\\/gxp-training.com\\\/es\\\/online-course\\\/protocolo-de-ensayo-clinico\\\/#primaryimage\",\"url\":\"https:\\\/\\\/gxp-training.com\\\/wp-content\\\/uploads\\\/2025\\\/10\\\/Clinical-Trial-Protocol.png\",\"contentUrl\":\"https:\\\/\\\/gxp-training.com\\\/wp-content\\\/uploads\\\/2025\\\/10\\\/Clinical-Trial-Protocol.png\",\"width\":900,\"height\":627,\"caption\":\"Clinical Trial Protocol\"},{\"@type\":\"BreadcrumbList\",\"@id\":\"https:\\\/\\\/gxp-training.com\\\/es\\\/online-course\\\/protocolo-de-ensayo-clinico\\\/#breadcrumb\",\"itemListElement\":[{\"@type\":\"ListItem\",\"position\":1,\"name\":\"Inicio\",\"item\":\"https:\\\/\\\/gxp-training.com\\\/es\\\/pagina-de-inicio\\\/\"},{\"@type\":\"ListItem\",\"position\":2,\"name\":\"Productos\",\"item\":\"https:\\\/\\\/gxp-training.com\\\/es\\\/shop\\\/\"},{\"@type\":\"ListItem\",\"position\":3,\"name\":\"Protocolo de ensayo cl\u00ednico\"}]},{\"@type\":\"WebSite\",\"@id\":\"https:\\\/\\\/gxp-training.com\\\/es\\\/#website\",\"url\":\"https:\\\/\\\/gxp-training.com\\\/es\\\/\",\"name\":\"GxP Training : Certified Online Courses for Life Sciences\",\"description\":\"Online Trainings and Certified Courses in Regulatory Compliance for Pharmaceutical Experts\",\"publisher\":{\"@id\":\"https:\\\/\\\/gxp-training.com\\\/es\\\/#organization\"},\"potentialAction\":[{\"@type\":\"SearchAction\",\"target\":{\"@type\":\"EntryPoint\",\"urlTemplate\":\"https:\\\/\\\/gxp-training.com\\\/es\\\/?s={search_term_string}\"},\"query-input\":{\"@type\":\"PropertyValueSpecification\",\"valueRequired\":true,\"valueName\":\"search_term_string\"}}],\"inLanguage\":\"es\"},{\"@type\":\"Organization\",\"@id\":\"https:\\\/\\\/gxp-training.com\\\/es\\\/#organization\",\"name\":\"GXP Training\",\"url\":\"https:\\\/\\\/gxp-training.com\\\/es\\\/\",\"logo\":{\"@type\":\"ImageObject\",\"inLanguage\":\"es\",\"@id\":\"https:\\\/\\\/gxp-training.com\\\/es\\\/#\\\/schema\\\/logo\\\/image\\\/\",\"url\":\"https:\\\/\\\/gxp-training.com\\\/wp-content\\\/uploads\\\/2022\\\/05\\\/logo-resize.png\",\"contentUrl\":\"https:\\\/\\\/gxp-training.com\\\/wp-content\\\/uploads\\\/2022\\\/05\\\/logo-resize.png\",\"width\":350,\"height\":100,\"caption\":\"GXP Training\"},\"image\":{\"@id\":\"https:\\\/\\\/gxp-training.com\\\/es\\\/#\\\/schema\\\/logo\\\/image\\\/\"}}]}<\/script>\n<!-- \/ Yoast SEO plugin. -->","yoast_head_json":{"title":"Curso online de Protocolo de ensayo cl\u00ednico \u2013 Conforme con IND e IDE","description":"Curso de formaci\u00f3n en Protocolo de ensayo cl\u00ednico para profesionales de la investigaci\u00f3n cl\u00ednica. Obtenga su certificaci\u00f3n ahora y comience su curso online de Buenas Pr\u00e1cticas Cl\u00ednicas.","robots":{"index":"index","follow":"follow","max-snippet":"max-snippet:-1","max-image-preview":"max-image-preview:large","max-video-preview":"max-video-preview:-1"},"canonical":"https:\/\/gxp-training.com\/es\/online-course\/protocolo-de-ensayo-clinico\/","og_locale":"es_ES","og_type":"article","og_title":"Curso online de Protocolo de ensayo cl\u00ednico \u2013 Conforme con IND e IDE","og_description":"Curso de formaci\u00f3n en Protocolo de ensayo cl\u00ednico para profesionales de la investigaci\u00f3n cl\u00ednica. Obtenga su certificaci\u00f3n ahora y comience su curso online de Buenas Pr\u00e1cticas Cl\u00ednicas.","og_url":"https:\/\/gxp-training.com\/es\/online-course\/protocolo-de-ensayo-clinico\/","og_site_name":"GxP Training : Certified Online Courses for Life Sciences","og_image":[{"width":900,"height":627,"url":"https:\/\/gxp-training.com\/wp-content\/uploads\/2025\/10\/Clinical-Trial-Protocol.png","type":"image\/png"}],"twitter_card":"summary_large_image","twitter_misc":{"Tiempo de lectura":"2 minutos"},"schema":{"@context":"https:\/\/schema.org","@graph":[{"@type":"WebPage","@id":"https:\/\/gxp-training.com\/es\/online-course\/protocolo-de-ensayo-clinico\/","url":"https:\/\/gxp-training.com\/es\/online-course\/protocolo-de-ensayo-clinico\/","name":"Curso online de Protocolo de ensayo cl\u00ednico \u2013 Conforme con IND e IDE","isPartOf":{"@id":"https:\/\/gxp-training.com\/es\/#website"},"primaryImageOfPage":{"@id":"https:\/\/gxp-training.com\/es\/online-course\/protocolo-de-ensayo-clinico\/#primaryimage"},"image":{"@id":"https:\/\/gxp-training.com\/es\/online-course\/protocolo-de-ensayo-clinico\/#primaryimage"},"thumbnailUrl":"https:\/\/gxp-training.com\/wp-content\/uploads\/2025\/10\/Clinical-Trial-Protocol.png","datePublished":"2025-10-15T16:07:28+00:00","description":"Curso de formaci\u00f3n en Protocolo de ensayo cl\u00ednico para profesionales de la investigaci\u00f3n cl\u00ednica. Obtenga su certificaci\u00f3n ahora y comience su curso online de Buenas Pr\u00e1cticas Cl\u00ednicas.","breadcrumb":{"@id":"https:\/\/gxp-training.com\/es\/online-course\/protocolo-de-ensayo-clinico\/#breadcrumb"},"inLanguage":"es","potentialAction":[{"@type":"ReadAction","target":["https:\/\/gxp-training.com\/es\/online-course\/protocolo-de-ensayo-clinico\/"]}]},{"@type":"ImageObject","inLanguage":"es","@id":"https:\/\/gxp-training.com\/es\/online-course\/protocolo-de-ensayo-clinico\/#primaryimage","url":"https:\/\/gxp-training.com\/wp-content\/uploads\/2025\/10\/Clinical-Trial-Protocol.png","contentUrl":"https:\/\/gxp-training.com\/wp-content\/uploads\/2025\/10\/Clinical-Trial-Protocol.png","width":900,"height":627,"caption":"Clinical Trial Protocol"},{"@type":"BreadcrumbList","@id":"https:\/\/gxp-training.com\/es\/online-course\/protocolo-de-ensayo-clinico\/#breadcrumb","itemListElement":[{"@type":"ListItem","position":1,"name":"Inicio","item":"https:\/\/gxp-training.com\/es\/pagina-de-inicio\/"},{"@type":"ListItem","position":2,"name":"Productos","item":"https:\/\/gxp-training.com\/es\/shop\/"},{"@type":"ListItem","position":3,"name":"Protocolo de ensayo cl\u00ednico"}]},{"@type":"WebSite","@id":"https:\/\/gxp-training.com\/es\/#website","url":"https:\/\/gxp-training.com\/es\/","name":"GxP Training : Certified Online Courses for Life Sciences","description":"Online Trainings and Certified Courses in Regulatory Compliance for Pharmaceutical Experts","publisher":{"@id":"https:\/\/gxp-training.com\/es\/#organization"},"potentialAction":[{"@type":"SearchAction","target":{"@type":"EntryPoint","urlTemplate":"https:\/\/gxp-training.com\/es\/?s={search_term_string}"},"query-input":{"@type":"PropertyValueSpecification","valueRequired":true,"valueName":"search_term_string"}}],"inLanguage":"es"},{"@type":"Organization","@id":"https:\/\/gxp-training.com\/es\/#organization","name":"GXP Training","url":"https:\/\/gxp-training.com\/es\/","logo":{"@type":"ImageObject","inLanguage":"es","@id":"https:\/\/gxp-training.com\/es\/#\/schema\/logo\/image\/","url":"https:\/\/gxp-training.com\/wp-content\/uploads\/2022\/05\/logo-resize.png","contentUrl":"https:\/\/gxp-training.com\/wp-content\/uploads\/2022\/05\/logo-resize.png","width":350,"height":100,"caption":"GXP Training"},"image":{"@id":"https:\/\/gxp-training.com\/es\/#\/schema\/logo\/image\/"}}]}},"_links":{"self":[{"href":"https:\/\/gxp-training.com\/es\/wp-json\/wp\/v2\/product\/58129","targetHints":{"allow":["GET"]}}],"collection":[{"href":"https:\/\/gxp-training.com\/es\/wp-json\/wp\/v2\/product"}],"about":[{"href":"https:\/\/gxp-training.com\/es\/wp-json\/wp\/v2\/types\/product"}],"wp:featuredmedia":[{"embeddable":true,"href":"https:\/\/gxp-training.com\/es\/wp-json\/wp\/v2\/media\/52849"}],"wp:attachment":[{"href":"https:\/\/gxp-training.com\/es\/wp-json\/wp\/v2\/media?parent=58129"}],"wp:term":[{"taxonomy":"product_brand","embeddable":true,"href":"https:\/\/gxp-training.com\/es\/wp-json\/wp\/v2\/product_brand?post=58129"},{"taxonomy":"product_cat","embeddable":true,"href":"https:\/\/gxp-training.com\/es\/wp-json\/wp\/v2\/product_cat?post=58129"},{"taxonomy":"product_tag","embeddable":true,"href":"https:\/\/gxp-training.com\/es\/wp-json\/wp\/v2\/product_tag?post=58129"}],"curies":[{"name":"wp","href":"https:\/\/api.w.org\/{rel}","templated":true}]}}