{"id":58011,"date":"2025-01-03T08:42:27","date_gmt":"2025-01-03T08:42:27","guid":{"rendered":"https:\/\/gxp-training.com\/online-course\/iso-90012015-sistema-de-gestion-de-calidad-para-productos-farmaceuticos\/"},"modified":"2025-01-03T08:42:27","modified_gmt":"2025-01-03T07:42:27","slug":"iso-90012015-sistema-de-gestion-de-calidad-para-productos-farmaceuticos","status":"publish","type":"product","link":"https:\/\/gxp-training.com\/es\/online-course\/iso-90012015-sistema-de-gestion-de-calidad-para-productos-farmaceuticos\/","title":{"rendered":"ISO 9001:2015: Sistema de Gesti\u00f3n de Calidad para Productos Farmac\u00e9uticos"},"content":{"rendered":"<p><span style=\"font-weight: 400;\">Domine los conocimientos y habilidades para implementar y gestionar un Sistema de Gesti\u00f3n de Calidad (SGC) en la <a href=\"https:\/\/gxp-training.com\/es\/online-course\/introduccion-a-la-calidad-farmaceutica\/\">industria farmac\u00e9utica<\/a> con nuestro curso ISO 9001:2015. Adaptado a este sector, cubre principios y cl\u00e1usulas clave, asegurando el cumplimiento, la mejora y la excelencia operativa.  <\/span><\/p>\n<p>&nbsp;<\/p>\n<p><b>\u00bfQui\u00e9n deber\u00eda inscribirse?<\/b><\/p>\n<p><span style=\"font-weight: 400;\">Este curso est\u00e1 dise\u00f1ado para profesionales de <a href=\"https:\/\/gxp-training.com\/es\/gxp-courses\/garantia-de-calidad\/\">garant\u00eda de calidad<\/a> y control, especialistas en asuntos regulatorios y gerentes que supervisan sistemas de calidad farmac\u00e9uticos. Tambi\u00e9n es ideal para aquellos que buscan alinear las operaciones con los est\u00e1ndares ISO 9001:2015 o que desean profundizar su comprensi\u00f3n de los Sistemas de Gesti\u00f3n de Calidad (SGC) en la industria farmac\u00e9utica. <\/span><\/p>\n<p>&nbsp;<\/p>\n<p><b>Temas tratados en el curso:<\/b><\/p>\n<ul>\n<li style=\"font-weight: 400;\"><span style=\"font-weight: 400;\">Visi\u00f3n general de la ISO 9001:2015 y su relevancia para los productos farmac\u00e9uticos.<\/span><\/li>\n<li style=\"font-weight: 400;\"><span style=\"font-weight: 400;\">Comprensi\u00f3n del contexto de la organizaci\u00f3n para alinear el SGC con los objetivos empresariales.<\/span><\/li>\n<li style=\"font-weight: 400;\"><span style=\"font-weight: 400;\">El liderazgo y su papel fundamental en el fomento de una cultura centrada en la calidad.<\/span><\/li>\n<li style=\"font-weight: 400;\">C\u00f3mo dise\u00f1ar un SGC farmac\u00e9utico<\/li>\n<li style=\"font-weight: 400;\">C\u00f3mo implementar los est\u00e1ndares ISO 9001:2015<\/li>\n<li style=\"font-weight: 400;\">C\u00f3mo mantener y monitorear la eficacia del SGC<\/li>\n<li style=\"font-weight: 400;\">Herramientas pr\u00e1cticas para alinear el SGC con los objetivos regulatorios y empresariales<\/li>\n<\/ul>\n<p>&nbsp;<\/p>\n<p><span style=\"font-weight: 400;\">Este curso integral ofrece una exploraci\u00f3n en profundidad de los Sistemas de Gesti\u00f3n de Calidad para Productos Farmac\u00e9uticos, destacando los elementos clave de la ISO 9001:2015 en un formato pr\u00e1ctico e interactivo. Cada sesi\u00f3n incluye ejemplos del mundo real y evaluaciones para mejorar el aprendizaje aplicado. Al finalizar, los participantes obtendr\u00e1n un certificado de formaci\u00f3n en SGC reconocido globalmente, acreditado con cr\u00e9ditos CPD\/CEU.  <\/span><\/p>\n<p>&nbsp;<\/p>\n<h3><b>Plan de estudios:<\/b><\/h3>\n<p><b>Introducci\u00f3n<\/b><\/p>\n<p><b>Lecci\u00f3n 1: Estructura de la norma ISO 9001:2015<\/b><\/p>\n<p><b>Lecci\u00f3n 2: Contexto de la organizaci\u00f3n (Cl\u00e1usula 4)<\/b><\/p>\n<p><b>Lecci\u00f3n 3: Liderazgo (Cl\u00e1usula 5)<\/b><\/p>\n<p><b>Lecci\u00f3n 4: Planificaci\u00f3n (Cl\u00e1usula 6)<\/b><\/p>\n<p><b>Lecci\u00f3n 5: Soporte (Cl\u00e1usula 7)<\/b><\/p>\n<p><b>Lecci\u00f3n 6: Operaci\u00f3n (Cl\u00e1usula 8)<\/b><\/p>\n<p><b>Lecci\u00f3n 7: Evaluaci\u00f3n del desempe\u00f1o (Cl\u00e1usula 9)<\/b><\/p>\n<p><b>Lecci\u00f3n 8: Mejora (Cl\u00e1usula 10)<\/b><\/p>\n<p><b>Conclusi\u00f3n<\/b><\/p>\n<p><b>Evaluaci\u00f3n<\/b><\/p>\n","protected":false},"excerpt":{"rendered":"<p>Domine los conocimientos y habilidades para implementar y gestionar un Sistema de Gesti\u00f3n de Calidad (SGC) en la industria farmac\u00e9utica con nuestro curso ISO 9001:2015. Adaptado a este sector, cubre principios y cl\u00e1usulas clave, asegurando el cumplimiento, la mejora y la excelencia operativa. &nbsp; \u00bfQui\u00e9n deber\u00eda inscribirse? Este curso est\u00e1 dise\u00f1ado para profesionales de garant\u00eda [&hellip;]<\/p>\n","protected":false},"featured_media":50998,"template":"","meta":{"_acf_changed":false,"content-type":""},"product_brand":[],"product_cat":[271,269],"product_tag":[],"class_list":{"0":"post-58011","1":"product","2":"type-product","3":"status-publish","4":"has-post-thumbnail","6":"product_cat-garantia-de-calidad","7":"product_cat-productos-farmaceuticos","9":"first","10":"instock","11":"taxable","12":"shipping-taxable","13":"purchasable","14":"product-type-subscription"},"bundled_by":[],"bundle_stock_status":"instock","bundle_stock_quantity":null,"bundle_virtual":false,"bundle_layout":"","bundle_add_to_cart_form_location":"","bundle_editable_in_cart":false,"bundle_sold_individually_context":"","bundle_item_grouping":"","bundle_min_size":"","bundle_max_size":"","bundle_price":[],"bundled_items":[],"bundle_sell_ids":[],"acf":[],"yoast_head":"<!-- This site is optimized with the Yoast SEO plugin v27.5 - https:\/\/yoast.com\/product\/yoast-seo-wordpress\/ -->\n<title>Curso Certificado de Sistema de Gesti\u00f3n de Calidad para Productos Farmac\u00e9uticos<\/title>\n<meta name=\"description\" content=\"Aprenda a implementar un Sistema de Gesti\u00f3n de Calidad para la industria farmac\u00e9utica. Adquiera habilidades clave para asegurar el cumplimiento y obtenga una certificaci\u00f3n de formaci\u00f3n.\" \/>\n<meta name=\"robots\" content=\"index, follow, max-snippet:-1, max-image-preview:large, max-video-preview:-1\" \/>\n<link rel=\"canonical\" href=\"https:\/\/gxp-training.com\/es\/online-course\/iso-90012015-sistema-de-gestion-de-calidad-para-productos-farmaceuticos\/\" \/>\n<meta property=\"og:locale\" content=\"es_ES\" \/>\n<meta property=\"og:type\" content=\"article\" \/>\n<meta property=\"og:title\" content=\"Curso Certificado de Sistema de Gesti\u00f3n de Calidad para Productos Farmac\u00e9uticos\" \/>\n<meta property=\"og:description\" content=\"Aprenda a implementar un Sistema de Gesti\u00f3n de Calidad para la industria farmac\u00e9utica. Adquiera habilidades clave para asegurar el cumplimiento y obtenga una certificaci\u00f3n de formaci\u00f3n.\" \/>\n<meta property=\"og:url\" content=\"https:\/\/gxp-training.com\/es\/online-course\/iso-90012015-sistema-de-gestion-de-calidad-para-productos-farmaceuticos\/\" \/>\n<meta property=\"og:site_name\" content=\"GxP Training : Certified Online Courses for Life Sciences\" \/>\n<meta property=\"og:image\" content=\"https:\/\/gxp-training.com\/wp-content\/uploads\/2025\/01\/Quality-Management-Systems-ISO9001-1.png\" \/>\n\t<meta property=\"og:image:width\" content=\"900\" \/>\n\t<meta property=\"og:image:height\" content=\"627\" \/>\n\t<meta property=\"og:image:type\" content=\"image\/png\" \/>\n<meta name=\"twitter:card\" content=\"summary_large_image\" \/>\n<meta name=\"twitter:label1\" content=\"Tiempo de lectura\" \/>\n\t<meta name=\"twitter:data1\" content=\"2 minutos\" \/>\n<script type=\"application\/ld+json\" class=\"yoast-schema-graph\">{\"@context\":\"https:\\\/\\\/schema.org\",\"@graph\":[{\"@type\":\"WebPage\",\"@id\":\"https:\\\/\\\/gxp-training.com\\\/es\\\/online-course\\\/iso-90012015-sistema-de-gestion-de-calidad-para-productos-farmaceuticos\\\/\",\"url\":\"https:\\\/\\\/gxp-training.com\\\/es\\\/online-course\\\/iso-90012015-sistema-de-gestion-de-calidad-para-productos-farmaceuticos\\\/\",\"name\":\"Curso Certificado de Sistema de Gesti\u00f3n de Calidad para Productos Farmac\u00e9uticos\",\"isPartOf\":{\"@id\":\"https:\\\/\\\/gxp-training.com\\\/es\\\/#website\"},\"primaryImageOfPage\":{\"@id\":\"https:\\\/\\\/gxp-training.com\\\/es\\\/online-course\\\/iso-90012015-sistema-de-gestion-de-calidad-para-productos-farmaceuticos\\\/#primaryimage\"},\"image\":{\"@id\":\"https:\\\/\\\/gxp-training.com\\\/es\\\/online-course\\\/iso-90012015-sistema-de-gestion-de-calidad-para-productos-farmaceuticos\\\/#primaryimage\"},\"thumbnailUrl\":\"https:\\\/\\\/gxp-training.com\\\/wp-content\\\/uploads\\\/2025\\\/01\\\/Quality-Management-Systems-ISO9001-1.png\",\"datePublished\":\"2025-01-03T08:42:27+00:00\",\"description\":\"Aprenda a implementar un Sistema de Gesti\u00f3n de Calidad para la industria farmac\u00e9utica. Adquiera habilidades clave para asegurar el cumplimiento y obtenga una certificaci\u00f3n de formaci\u00f3n.\",\"breadcrumb\":{\"@id\":\"https:\\\/\\\/gxp-training.com\\\/es\\\/online-course\\\/iso-90012015-sistema-de-gestion-de-calidad-para-productos-farmaceuticos\\\/#breadcrumb\"},\"inLanguage\":\"es\",\"potentialAction\":[{\"@type\":\"ReadAction\",\"target\":[\"https:\\\/\\\/gxp-training.com\\\/es\\\/online-course\\\/iso-90012015-sistema-de-gestion-de-calidad-para-productos-farmaceuticos\\\/\"]}]},{\"@type\":\"ImageObject\",\"inLanguage\":\"es\",\"@id\":\"https:\\\/\\\/gxp-training.com\\\/es\\\/online-course\\\/iso-90012015-sistema-de-gestion-de-calidad-para-productos-farmaceuticos\\\/#primaryimage\",\"url\":\"https:\\\/\\\/gxp-training.com\\\/wp-content\\\/uploads\\\/2025\\\/01\\\/Quality-Management-Systems-ISO9001-1.png\",\"contentUrl\":\"https:\\\/\\\/gxp-training.com\\\/wp-content\\\/uploads\\\/2025\\\/01\\\/Quality-Management-Systems-ISO9001-1.png\",\"width\":900,\"height\":627},{\"@type\":\"BreadcrumbList\",\"@id\":\"https:\\\/\\\/gxp-training.com\\\/es\\\/online-course\\\/iso-90012015-sistema-de-gestion-de-calidad-para-productos-farmaceuticos\\\/#breadcrumb\",\"itemListElement\":[{\"@type\":\"ListItem\",\"position\":1,\"name\":\"Inicio\",\"item\":\"https:\\\/\\\/gxp-training.com\\\/es\\\/pagina-de-inicio\\\/\"},{\"@type\":\"ListItem\",\"position\":2,\"name\":\"Productos\",\"item\":\"https:\\\/\\\/gxp-training.com\\\/es\\\/shop\\\/\"},{\"@type\":\"ListItem\",\"position\":3,\"name\":\"ISO 9001:2015: Sistema de Gesti\u00f3n de Calidad para Productos Farmac\u00e9uticos\"}]},{\"@type\":\"WebSite\",\"@id\":\"https:\\\/\\\/gxp-training.com\\\/es\\\/#website\",\"url\":\"https:\\\/\\\/gxp-training.com\\\/es\\\/\",\"name\":\"GxP Training : Certified Online Courses for Life Sciences\",\"description\":\"Online Trainings and Certified Courses in Regulatory Compliance for Pharmaceutical Experts\",\"publisher\":{\"@id\":\"https:\\\/\\\/gxp-training.com\\\/es\\\/#organization\"},\"potentialAction\":[{\"@type\":\"SearchAction\",\"target\":{\"@type\":\"EntryPoint\",\"urlTemplate\":\"https:\\\/\\\/gxp-training.com\\\/es\\\/?s={search_term_string}\"},\"query-input\":{\"@type\":\"PropertyValueSpecification\",\"valueRequired\":true,\"valueName\":\"search_term_string\"}}],\"inLanguage\":\"es\"},{\"@type\":\"Organization\",\"@id\":\"https:\\\/\\\/gxp-training.com\\\/es\\\/#organization\",\"name\":\"GXP Training\",\"url\":\"https:\\\/\\\/gxp-training.com\\\/es\\\/\",\"logo\":{\"@type\":\"ImageObject\",\"inLanguage\":\"es\",\"@id\":\"https:\\\/\\\/gxp-training.com\\\/es\\\/#\\\/schema\\\/logo\\\/image\\\/\",\"url\":\"https:\\\/\\\/gxp-training.com\\\/wp-content\\\/uploads\\\/2022\\\/05\\\/logo-resize.png\",\"contentUrl\":\"https:\\\/\\\/gxp-training.com\\\/wp-content\\\/uploads\\\/2022\\\/05\\\/logo-resize.png\",\"width\":350,\"height\":100,\"caption\":\"GXP Training\"},\"image\":{\"@id\":\"https:\\\/\\\/gxp-training.com\\\/es\\\/#\\\/schema\\\/logo\\\/image\\\/\"}}]}<\/script>\n<!-- \/ Yoast SEO plugin. -->","yoast_head_json":{"title":"Curso Certificado de Sistema de Gesti\u00f3n de Calidad para Productos Farmac\u00e9uticos","description":"Aprenda a implementar un Sistema de Gesti\u00f3n de Calidad para la industria farmac\u00e9utica. Adquiera habilidades clave para asegurar el cumplimiento y obtenga una certificaci\u00f3n de formaci\u00f3n.","robots":{"index":"index","follow":"follow","max-snippet":"max-snippet:-1","max-image-preview":"max-image-preview:large","max-video-preview":"max-video-preview:-1"},"canonical":"https:\/\/gxp-training.com\/es\/online-course\/iso-90012015-sistema-de-gestion-de-calidad-para-productos-farmaceuticos\/","og_locale":"es_ES","og_type":"article","og_title":"Curso Certificado de Sistema de Gesti\u00f3n de Calidad para Productos Farmac\u00e9uticos","og_description":"Aprenda a implementar un Sistema de Gesti\u00f3n de Calidad para la industria farmac\u00e9utica. Adquiera habilidades clave para asegurar el cumplimiento y obtenga una certificaci\u00f3n de formaci\u00f3n.","og_url":"https:\/\/gxp-training.com\/es\/online-course\/iso-90012015-sistema-de-gestion-de-calidad-para-productos-farmaceuticos\/","og_site_name":"GxP Training : Certified Online Courses for Life Sciences","og_image":[{"width":900,"height":627,"url":"https:\/\/gxp-training.com\/wp-content\/uploads\/2025\/01\/Quality-Management-Systems-ISO9001-1.png","type":"image\/png"}],"twitter_card":"summary_large_image","twitter_misc":{"Tiempo de lectura":"2 minutos"},"schema":{"@context":"https:\/\/schema.org","@graph":[{"@type":"WebPage","@id":"https:\/\/gxp-training.com\/es\/online-course\/iso-90012015-sistema-de-gestion-de-calidad-para-productos-farmaceuticos\/","url":"https:\/\/gxp-training.com\/es\/online-course\/iso-90012015-sistema-de-gestion-de-calidad-para-productos-farmaceuticos\/","name":"Curso Certificado de Sistema de Gesti\u00f3n de Calidad para Productos Farmac\u00e9uticos","isPartOf":{"@id":"https:\/\/gxp-training.com\/es\/#website"},"primaryImageOfPage":{"@id":"https:\/\/gxp-training.com\/es\/online-course\/iso-90012015-sistema-de-gestion-de-calidad-para-productos-farmaceuticos\/#primaryimage"},"image":{"@id":"https:\/\/gxp-training.com\/es\/online-course\/iso-90012015-sistema-de-gestion-de-calidad-para-productos-farmaceuticos\/#primaryimage"},"thumbnailUrl":"https:\/\/gxp-training.com\/wp-content\/uploads\/2025\/01\/Quality-Management-Systems-ISO9001-1.png","datePublished":"2025-01-03T08:42:27+00:00","description":"Aprenda a implementar un Sistema de Gesti\u00f3n de Calidad para la industria farmac\u00e9utica. Adquiera habilidades clave para asegurar el cumplimiento y obtenga una certificaci\u00f3n de formaci\u00f3n.","breadcrumb":{"@id":"https:\/\/gxp-training.com\/es\/online-course\/iso-90012015-sistema-de-gestion-de-calidad-para-productos-farmaceuticos\/#breadcrumb"},"inLanguage":"es","potentialAction":[{"@type":"ReadAction","target":["https:\/\/gxp-training.com\/es\/online-course\/iso-90012015-sistema-de-gestion-de-calidad-para-productos-farmaceuticos\/"]}]},{"@type":"ImageObject","inLanguage":"es","@id":"https:\/\/gxp-training.com\/es\/online-course\/iso-90012015-sistema-de-gestion-de-calidad-para-productos-farmaceuticos\/#primaryimage","url":"https:\/\/gxp-training.com\/wp-content\/uploads\/2025\/01\/Quality-Management-Systems-ISO9001-1.png","contentUrl":"https:\/\/gxp-training.com\/wp-content\/uploads\/2025\/01\/Quality-Management-Systems-ISO9001-1.png","width":900,"height":627},{"@type":"BreadcrumbList","@id":"https:\/\/gxp-training.com\/es\/online-course\/iso-90012015-sistema-de-gestion-de-calidad-para-productos-farmaceuticos\/#breadcrumb","itemListElement":[{"@type":"ListItem","position":1,"name":"Inicio","item":"https:\/\/gxp-training.com\/es\/pagina-de-inicio\/"},{"@type":"ListItem","position":2,"name":"Productos","item":"https:\/\/gxp-training.com\/es\/shop\/"},{"@type":"ListItem","position":3,"name":"ISO 9001:2015: Sistema de Gesti\u00f3n de Calidad para Productos Farmac\u00e9uticos"}]},{"@type":"WebSite","@id":"https:\/\/gxp-training.com\/es\/#website","url":"https:\/\/gxp-training.com\/es\/","name":"GxP Training : Certified Online Courses for Life Sciences","description":"Online Trainings and Certified Courses in Regulatory Compliance for Pharmaceutical Experts","publisher":{"@id":"https:\/\/gxp-training.com\/es\/#organization"},"potentialAction":[{"@type":"SearchAction","target":{"@type":"EntryPoint","urlTemplate":"https:\/\/gxp-training.com\/es\/?s={search_term_string}"},"query-input":{"@type":"PropertyValueSpecification","valueRequired":true,"valueName":"search_term_string"}}],"inLanguage":"es"},{"@type":"Organization","@id":"https:\/\/gxp-training.com\/es\/#organization","name":"GXP Training","url":"https:\/\/gxp-training.com\/es\/","logo":{"@type":"ImageObject","inLanguage":"es","@id":"https:\/\/gxp-training.com\/es\/#\/schema\/logo\/image\/","url":"https:\/\/gxp-training.com\/wp-content\/uploads\/2022\/05\/logo-resize.png","contentUrl":"https:\/\/gxp-training.com\/wp-content\/uploads\/2022\/05\/logo-resize.png","width":350,"height":100,"caption":"GXP Training"},"image":{"@id":"https:\/\/gxp-training.com\/es\/#\/schema\/logo\/image\/"}}]}},"_links":{"self":[{"href":"https:\/\/gxp-training.com\/es\/wp-json\/wp\/v2\/product\/58011","targetHints":{"allow":["GET"]}}],"collection":[{"href":"https:\/\/gxp-training.com\/es\/wp-json\/wp\/v2\/product"}],"about":[{"href":"https:\/\/gxp-training.com\/es\/wp-json\/wp\/v2\/types\/product"}],"wp:featuredmedia":[{"embeddable":true,"href":"https:\/\/gxp-training.com\/es\/wp-json\/wp\/v2\/media\/50998"}],"wp:attachment":[{"href":"https:\/\/gxp-training.com\/es\/wp-json\/wp\/v2\/media?parent=58011"}],"wp:term":[{"taxonomy":"product_brand","embeddable":true,"href":"https:\/\/gxp-training.com\/es\/wp-json\/wp\/v2\/product_brand?post=58011"},{"taxonomy":"product_cat","embeddable":true,"href":"https:\/\/gxp-training.com\/es\/wp-json\/wp\/v2\/product_cat?post=58011"},{"taxonomy":"product_tag","embeddable":true,"href":"https:\/\/gxp-training.com\/es\/wp-json\/wp\/v2\/product_tag?post=58011"}],"curies":[{"name":"wp","href":"https:\/\/api.w.org\/{rel}","templated":true}]}}