{"id":57996,"date":"2025-01-06T09:31:31","date_gmt":"2025-01-06T09:31:31","guid":{"rendered":"https:\/\/gxp-training.com\/online-course\/cmc-quimica-fabricacion-y-controles\/"},"modified":"2025-01-06T09:31:31","modified_gmt":"2025-01-06T08:31:31","slug":"cmc-quimica-fabricacion-y-controles","status":"publish","type":"product","link":"https:\/\/gxp-training.com\/es\/online-course\/cmc-quimica-fabricacion-y-controles\/","title":{"rendered":"CMC: Qu\u00edmica, Fabricaci\u00f3n y Controles"},"content":{"rendered":"<p data-pm-slice=\"1 1 []\">Domine los aspectos esenciales de <a href=\"https:\/\/www.fda.gov\/animal-veterinary\/guidance-industry\/chemistry-manufacturing-and-controls-cmc-guidances-industry-gfis-and-questions-and-answers-qas\">Qu\u00edmica, Fabricaci\u00f3n y Controles<\/a> (CMC) con nuestro curso de formaci\u00f3n certificado.<\/p>\n<div class=\"relative flex-col gap-1 md:gap-3\">\n<div class=\"flex max-w-full flex-col grow\">\n<div class=\"min-h-8 text-message relative flex w-full flex-col items-end gap-2 text-start break-words whitespace-normal [.text-message+&amp;]:mt-5\" dir=\"auto\" data-message-author-role=\"assistant\" data-message-id=\"f2bc1d34-6d77-413a-a47e-729be77ead34\" data-message-model-slug=\"gpt-4o\">\n<div class=\"flex w-full flex-col gap-1 empty:hidden first:pt-[3px]\">\n<div class=\"markdown prose dark:prose-invert w-full break-words light\">\n<p data-start=\"0\" data-end=\"440\" data-is-last-node=\"\" data-is-only-node=\"\">La informaci\u00f3n sobre qu\u00edmica, fabricaci\u00f3n y controles (CMC) de los medicamentos es una parte fundamental del dosier utilizado para respaldar los estudios cl\u00ednicos y las solicitudes de comercializaci\u00f3n. Esta informaci\u00f3n debe actualizarse a medida que se dispone de m\u00e1s datos durante el ciclo de vida del f\u00e1rmaco. Las autoridades reguladoras, incluidas la FDA, la EMA y otros organismos reguladores mundiales, exigen la CMC. Debe presentarse como parte de los registros reglamentarios, como IND, NDA y BLA. Una documentaci\u00f3n CMC adecuada es fundamental para el cumplimiento normativo, las aprobaciones y el \u00e9xito de las auditor\u00edas.    <\/p>\n<\/div>\n<\/div>\n<\/div>\n<\/div>\n<\/div>\n<p>Nuestra certificaci\u00f3n abarca las fases clave, desde el desarrollo del producto y los ensayos cl\u00ednicos hasta la aprobaci\u00f3n de comercializaci\u00f3n y la gesti\u00f3n posaprobaci\u00f3n. Proporciona los conocimientos y herramientas esenciales para gestionar eficazmente los requisitos de CMC, reducir los riesgos de cumplimiento durante las auditor\u00edas y garantizar el \u00e9xito en las aprobaciones de productos. <\/p>\n<p>&nbsp;<\/p>\n<p><b>\u00bfA qui\u00e9n va dirigido?<\/b><\/p>\n<p><span style=\"font-weight: 400;\">Este curso es ideal para profesionales de <a href=\"https:\/\/gxp-training.com\/es\/online-course\/especialista-en-asuntos-regulatorios\/\">asuntos regulatorios<\/a>, <a href=\"https:\/\/gxp-training.com\/es\/gxp-courses\/garantia-de-calidad\/\">garant\u00eda de calidad<\/a>, desarrollo farmac\u00e9utico, fabricaci\u00f3n y gesti\u00f3n de proyectos que sean responsables de garantizar el cumplimiento del producto y las presentaciones reglamentarias.<\/span><\/p>\n<p>&nbsp;<\/p>\n<p><b>Temas detallados en el curso:<\/b><\/p>\n<ul>\n<li style=\"font-weight: 400;\"><span style=\"font-weight: 400;\">Requisitos clave de CMC para ensayos cl\u00ednicos y solicitudes de comercializaci\u00f3n.<\/span><\/li>\n<li style=\"font-weight: 400;\"><span style=\"font-weight: 400;\">Gesti\u00f3n eficaz de los cambios de CMC posaprobaci\u00f3n.<\/span><\/li>\n<li style=\"font-weight: 400;\"><span style=\"font-weight: 400;\">Orientaci\u00f3n sobre la preparaci\u00f3n y el mantenimiento de la documentaci\u00f3n esencial de CMC.<\/span><\/li>\n<li style=\"font-weight: 400;\"><span style=\"font-weight: 400;\">Mejores pr\u00e1cticas para garantizar el cumplimiento ante las agencias reguladoras.<\/span><\/li>\n<li style=\"font-weight: 400;\"><span style=\"font-weight: 400;\">Integraci\u00f3n de la CMC en los sistemas de calidad y fabricaci\u00f3n.<\/span><\/li>\n<\/ul>\n<p>&nbsp;<\/p>\n<p>Cada sesi\u00f3n incorpora ejemplos de la vida real y evaluaciones pr\u00e1cticas para garantizar una experiencia de aprendizaje enriquecedora y pr\u00e1ctica. Al finalizar con \u00e9xito, los participantes recibir\u00e1n un certificado de formaci\u00f3n en CMC, plenamente reconocido durante las auditor\u00edas reglamentarias. <\/p>\n<p>&nbsp;<\/p>\n<h3><b>Plan de estudios:<\/b><\/h3>\n<p><b>V\u00eddeo de introducci\u00f3n<\/b><\/p>\n<p><b>Lecci\u00f3n 1: Informaci\u00f3n general sobre CMC<\/b><\/p>\n<ul>\n<li>Qu\u00edmica<\/li>\n<li><a href=\"https:\/\/gxp-training.com\/es\/online-course\/introduccion-a-las-buenas-practicas-de-fabricacion-bpf\/\">Fabricaci\u00f3n<\/a><\/li>\n<li>Controles<\/li>\n<li>Documentaci\u00f3n y estructura de la CMC (Documento T\u00e9cnico Com\u00fan (CTD))<\/li>\n<\/ul>\n<p>&nbsp;<\/p>\n<p><b>Lecci\u00f3n 2: Gu\u00eda espec\u00edfica de CMC<\/b><\/p>\n<ul>\n<li>Directrices del <a href=\"https:\/\/gxp-training.com\/es\/bpc\/ich-gcp-e6r3-necesita-una-nueva-formacion-para-su-equipo\/\">Consejo Internacional de Armonizaci\u00f3n (ICH)<\/a> para las presentaciones de CMC<\/li>\n<li>Implementaci\u00f3n de las directrices del ICH en la documentaci\u00f3n de CMC<\/li>\n<li>Documentos de orientaci\u00f3n clave de la FDA relevantes para la CMC<\/li>\n<li>Orientaci\u00f3n de la Agencia Europea de Medicamentos<\/li>\n<\/ul>\n<p>&nbsp;<\/p>\n<p><b>Lecci\u00f3n 3: CMC para ensayos cl\u00ednicos<\/b><\/p>\n<ul>\n<li>\u00bfQu\u00e9 es una solicitud de nuevo f\u00e1rmaco en investigaci\u00f3n (IND)?<\/li>\n<li>Requisitos de CMC para los ensayos cl\u00ednicos de fase I, II y III<\/li>\n<li>Enmiendas de CMC durante los ensayos cl\u00ednicos<\/li>\n<\/ul>\n<p>&nbsp;<\/p>\n<p><b>Lecci\u00f3n 4: CMC para solicitudes de comercializaci\u00f3n<\/b><\/p>\n<div class=\"noOutline\" data-block-id=\"cm06ts7cy0206206ygfm265cd\" data-change-path=\"[\"lessons\",{\"id\":\"oKh8McWx5tJ4AI5jU9v18miDlNKgyGAU\"},\"items\",{\"id\":\"cm06ts7cy0206206ygfm265cd\"}]\">\n<div>\n<div class=\"block-statement block-statement--b block-statement--b-custom-width-med block-statement--b-divider-padding-sm block-statement--b-divider-size-sm block-wrapper bg bg--range-light bg--type-light\">\n<div class=\"block-statement__wrap\">\n<div class=\"block-statement__container\">\n<div class=\"block-statement__row\">\n<div>\n<div class=\"\">\n<div class=\"block-statement__col\">\n<div class=\"block-statement__quote\">\n<div>\n<div class=\" brand--linkColor\">\n<div class=\"fr-view rise-tiptap\">\n<ul>\n<li>Descripci\u00f3n general de las presentaciones de <a href=\"https:\/\/gxp-training.com\/es\/online-course\/presentacion-de-una-new-drug-application-nda-en-ee-uu\/\">NDA<\/a> y BLA<\/li>\n<li>Informaci\u00f3n de CMC para la autorizaci\u00f3n de comercializaci\u00f3n<\/li>\n<\/ul>\n<p>&nbsp;<\/p>\n<\/div>\n<\/div>\n<\/div>\n<\/div>\n<\/div>\n<\/div>\n<\/div>\n<\/div>\n<\/div>\n<\/div>\n<\/div>\n<\/div>\n<\/div>\n<p><b>Lecci\u00f3n 5: CMC posaprobaci\u00f3n<\/b><\/p>\n<ul>\n<li>Requisitos reglamentarios para los cambios posaprobaci\u00f3n<\/li>\n<li>Suplementos y enmiendas de CMC<\/li>\n<li>Preparaci\u00f3n y presentaci\u00f3n de suplementos de CMC<\/li>\n<li>Gesti\u00f3n de riesgos y estrategias de control<\/li>\n<\/ul>\n<p>&nbsp;<\/p>\n<p><b>Conclusi\u00f3n<\/b><\/p>\n<p><b>Evaluaci\u00f3n<\/b><\/p>\n","protected":false},"excerpt":{"rendered":"<p>Domine los aspectos esenciales de Qu\u00edmica, Fabricaci\u00f3n y Controles (CMC) con nuestro curso de formaci\u00f3n certificado. La informaci\u00f3n sobre qu\u00edmica, fabricaci\u00f3n y controles (CMC) de los medicamentos es una parte fundamental del dosier utilizado para respaldar los estudios cl\u00ednicos y las solicitudes de comercializaci\u00f3n. Esta informaci\u00f3n debe actualizarse a medida que se dispone de m\u00e1s [&hellip;]<\/p>\n","protected":false},"featured_media":51292,"template":"","meta":{"_acf_changed":false,"content-type":""},"product_brand":[],"product_cat":[276,265,269],"product_tag":[],"class_list":{"0":"post-57996","1":"product","2":"type-product","3":"status-publish","4":"has-post-thumbnail","6":"product_cat-asuntos-regulatorios","7":"product_cat-bpf-buenas-practicas-de-fabricacion","8":"product_cat-productos-farmaceuticos","10":"first","11":"instock","12":"taxable","13":"shipping-taxable","14":"purchasable","15":"product-type-subscription"},"bundled_by":[],"bundle_stock_status":"instock","bundle_stock_quantity":null,"bundle_virtual":false,"bundle_layout":"","bundle_add_to_cart_form_location":"","bundle_editable_in_cart":false,"bundle_sold_individually_context":"","bundle_item_grouping":"","bundle_min_size":"","bundle_max_size":"","bundle_price":[],"bundled_items":[],"bundle_sell_ids":[],"acf":[],"yoast_head":"<!-- This site is optimized with the Yoast SEO plugin v27.5 - https:\/\/yoast.com\/product\/yoast-seo-wordpress\/ -->\n<title>Curso certificado de CMC Pharma<\/title>\n<meta name=\"description\" content=\"Comience su formaci\u00f3n en Qu\u00edmica, Fabricaci\u00f3n y Controles con ejemplos del mundo real y obtenga un certificado reconocido mundialmente. Avalado por l\u00edderes del sector y aceptado en auditor\u00edas de la FDA.\" \/>\n<meta name=\"robots\" content=\"index, follow, max-snippet:-1, max-image-preview:large, max-video-preview:-1\" \/>\n<link rel=\"canonical\" href=\"https:\/\/gxp-training.com\/es\/online-course\/cmc-quimica-fabricacion-y-controles\/\" \/>\n<meta property=\"og:locale\" content=\"es_ES\" \/>\n<meta property=\"og:type\" content=\"article\" \/>\n<meta property=\"og:title\" content=\"Curso certificado de CMC Pharma\" \/>\n<meta property=\"og:description\" content=\"Comience su formaci\u00f3n en Qu\u00edmica, Fabricaci\u00f3n y Controles con ejemplos del mundo real y obtenga un certificado reconocido mundialmente. Avalado por l\u00edderes del sector y aceptado en auditor\u00edas de la FDA.\" \/>\n<meta property=\"og:url\" content=\"https:\/\/gxp-training.com\/es\/online-course\/cmc-quimica-fabricacion-y-controles\/\" \/>\n<meta property=\"og:site_name\" content=\"GxP Training : Certified Online Courses for Life Sciences\" \/>\n<meta property=\"og:image\" content=\"https:\/\/gxp-training.com\/wp-content\/uploads\/2025\/01\/CMC-training-1.png\" \/>\n\t<meta property=\"og:image:width\" content=\"900\" \/>\n\t<meta property=\"og:image:height\" content=\"627\" \/>\n\t<meta property=\"og:image:type\" content=\"image\/png\" \/>\n<meta name=\"twitter:card\" content=\"summary_large_image\" \/>\n<meta name=\"twitter:label1\" content=\"Tiempo de lectura\" \/>\n\t<meta name=\"twitter:data1\" content=\"3 minutos\" \/>\n<script type=\"application\/ld+json\" class=\"yoast-schema-graph\">{\"@context\":\"https:\\\/\\\/schema.org\",\"@graph\":[{\"@type\":\"WebPage\",\"@id\":\"https:\\\/\\\/gxp-training.com\\\/es\\\/online-course\\\/cmc-quimica-fabricacion-y-controles\\\/\",\"url\":\"https:\\\/\\\/gxp-training.com\\\/es\\\/online-course\\\/cmc-quimica-fabricacion-y-controles\\\/\",\"name\":\"Curso certificado de CMC Pharma\",\"isPartOf\":{\"@id\":\"https:\\\/\\\/gxp-training.com\\\/es\\\/#website\"},\"primaryImageOfPage\":{\"@id\":\"https:\\\/\\\/gxp-training.com\\\/es\\\/online-course\\\/cmc-quimica-fabricacion-y-controles\\\/#primaryimage\"},\"image\":{\"@id\":\"https:\\\/\\\/gxp-training.com\\\/es\\\/online-course\\\/cmc-quimica-fabricacion-y-controles\\\/#primaryimage\"},\"thumbnailUrl\":\"https:\\\/\\\/gxp-training.com\\\/wp-content\\\/uploads\\\/2025\\\/01\\\/CMC-training-1.png\",\"datePublished\":\"2025-01-06T09:31:31+00:00\",\"description\":\"Comience su formaci\u00f3n en Qu\u00edmica, Fabricaci\u00f3n y Controles con ejemplos del mundo real y obtenga un certificado reconocido mundialmente. Avalado por l\u00edderes del sector y aceptado en auditor\u00edas de la FDA.\",\"breadcrumb\":{\"@id\":\"https:\\\/\\\/gxp-training.com\\\/es\\\/online-course\\\/cmc-quimica-fabricacion-y-controles\\\/#breadcrumb\"},\"inLanguage\":\"es\",\"potentialAction\":[{\"@type\":\"ReadAction\",\"target\":[\"https:\\\/\\\/gxp-training.com\\\/es\\\/online-course\\\/cmc-quimica-fabricacion-y-controles\\\/\"]}]},{\"@type\":\"ImageObject\",\"inLanguage\":\"es\",\"@id\":\"https:\\\/\\\/gxp-training.com\\\/es\\\/online-course\\\/cmc-quimica-fabricacion-y-controles\\\/#primaryimage\",\"url\":\"https:\\\/\\\/gxp-training.com\\\/wp-content\\\/uploads\\\/2025\\\/01\\\/CMC-training-1.png\",\"contentUrl\":\"https:\\\/\\\/gxp-training.com\\\/wp-content\\\/uploads\\\/2025\\\/01\\\/CMC-training-1.png\",\"width\":900,\"height\":627},{\"@type\":\"BreadcrumbList\",\"@id\":\"https:\\\/\\\/gxp-training.com\\\/es\\\/online-course\\\/cmc-quimica-fabricacion-y-controles\\\/#breadcrumb\",\"itemListElement\":[{\"@type\":\"ListItem\",\"position\":1,\"name\":\"Inicio\",\"item\":\"https:\\\/\\\/gxp-training.com\\\/es\\\/pagina-de-inicio\\\/\"},{\"@type\":\"ListItem\",\"position\":2,\"name\":\"Productos\",\"item\":\"https:\\\/\\\/gxp-training.com\\\/es\\\/shop\\\/\"},{\"@type\":\"ListItem\",\"position\":3,\"name\":\"CMC: Qu\u00edmica, Fabricaci\u00f3n y Controles\"}]},{\"@type\":\"WebSite\",\"@id\":\"https:\\\/\\\/gxp-training.com\\\/es\\\/#website\",\"url\":\"https:\\\/\\\/gxp-training.com\\\/es\\\/\",\"name\":\"GxP Training : Certified Online Courses for Life Sciences\",\"description\":\"Online Trainings and Certified Courses in Regulatory Compliance for Pharmaceutical Experts\",\"publisher\":{\"@id\":\"https:\\\/\\\/gxp-training.com\\\/es\\\/#organization\"},\"potentialAction\":[{\"@type\":\"SearchAction\",\"target\":{\"@type\":\"EntryPoint\",\"urlTemplate\":\"https:\\\/\\\/gxp-training.com\\\/es\\\/?s={search_term_string}\"},\"query-input\":{\"@type\":\"PropertyValueSpecification\",\"valueRequired\":true,\"valueName\":\"search_term_string\"}}],\"inLanguage\":\"es\"},{\"@type\":\"Organization\",\"@id\":\"https:\\\/\\\/gxp-training.com\\\/es\\\/#organization\",\"name\":\"GXP Training\",\"url\":\"https:\\\/\\\/gxp-training.com\\\/es\\\/\",\"logo\":{\"@type\":\"ImageObject\",\"inLanguage\":\"es\",\"@id\":\"https:\\\/\\\/gxp-training.com\\\/es\\\/#\\\/schema\\\/logo\\\/image\\\/\",\"url\":\"https:\\\/\\\/gxp-training.com\\\/wp-content\\\/uploads\\\/2022\\\/05\\\/logo-resize.png\",\"contentUrl\":\"https:\\\/\\\/gxp-training.com\\\/wp-content\\\/uploads\\\/2022\\\/05\\\/logo-resize.png\",\"width\":350,\"height\":100,\"caption\":\"GXP Training\"},\"image\":{\"@id\":\"https:\\\/\\\/gxp-training.com\\\/es\\\/#\\\/schema\\\/logo\\\/image\\\/\"}}]}<\/script>\n<!-- \/ Yoast SEO plugin. -->","yoast_head_json":{"title":"Curso certificado de CMC Pharma","description":"Comience su formaci\u00f3n en Qu\u00edmica, Fabricaci\u00f3n y Controles con ejemplos del mundo real y obtenga un certificado reconocido mundialmente. Avalado por l\u00edderes del sector y aceptado en auditor\u00edas de la FDA.","robots":{"index":"index","follow":"follow","max-snippet":"max-snippet:-1","max-image-preview":"max-image-preview:large","max-video-preview":"max-video-preview:-1"},"canonical":"https:\/\/gxp-training.com\/es\/online-course\/cmc-quimica-fabricacion-y-controles\/","og_locale":"es_ES","og_type":"article","og_title":"Curso certificado de CMC Pharma","og_description":"Comience su formaci\u00f3n en Qu\u00edmica, Fabricaci\u00f3n y Controles con ejemplos del mundo real y obtenga un certificado reconocido mundialmente. Avalado por l\u00edderes del sector y aceptado en auditor\u00edas de la FDA.","og_url":"https:\/\/gxp-training.com\/es\/online-course\/cmc-quimica-fabricacion-y-controles\/","og_site_name":"GxP Training : Certified Online Courses for Life Sciences","og_image":[{"width":900,"height":627,"url":"https:\/\/gxp-training.com\/wp-content\/uploads\/2025\/01\/CMC-training-1.png","type":"image\/png"}],"twitter_card":"summary_large_image","twitter_misc":{"Tiempo de lectura":"3 minutos"},"schema":{"@context":"https:\/\/schema.org","@graph":[{"@type":"WebPage","@id":"https:\/\/gxp-training.com\/es\/online-course\/cmc-quimica-fabricacion-y-controles\/","url":"https:\/\/gxp-training.com\/es\/online-course\/cmc-quimica-fabricacion-y-controles\/","name":"Curso certificado de CMC Pharma","isPartOf":{"@id":"https:\/\/gxp-training.com\/es\/#website"},"primaryImageOfPage":{"@id":"https:\/\/gxp-training.com\/es\/online-course\/cmc-quimica-fabricacion-y-controles\/#primaryimage"},"image":{"@id":"https:\/\/gxp-training.com\/es\/online-course\/cmc-quimica-fabricacion-y-controles\/#primaryimage"},"thumbnailUrl":"https:\/\/gxp-training.com\/wp-content\/uploads\/2025\/01\/CMC-training-1.png","datePublished":"2025-01-06T09:31:31+00:00","description":"Comience su formaci\u00f3n en Qu\u00edmica, Fabricaci\u00f3n y Controles con ejemplos del mundo real y obtenga un certificado reconocido mundialmente. Avalado por l\u00edderes del sector y aceptado en auditor\u00edas de la FDA.","breadcrumb":{"@id":"https:\/\/gxp-training.com\/es\/online-course\/cmc-quimica-fabricacion-y-controles\/#breadcrumb"},"inLanguage":"es","potentialAction":[{"@type":"ReadAction","target":["https:\/\/gxp-training.com\/es\/online-course\/cmc-quimica-fabricacion-y-controles\/"]}]},{"@type":"ImageObject","inLanguage":"es","@id":"https:\/\/gxp-training.com\/es\/online-course\/cmc-quimica-fabricacion-y-controles\/#primaryimage","url":"https:\/\/gxp-training.com\/wp-content\/uploads\/2025\/01\/CMC-training-1.png","contentUrl":"https:\/\/gxp-training.com\/wp-content\/uploads\/2025\/01\/CMC-training-1.png","width":900,"height":627},{"@type":"BreadcrumbList","@id":"https:\/\/gxp-training.com\/es\/online-course\/cmc-quimica-fabricacion-y-controles\/#breadcrumb","itemListElement":[{"@type":"ListItem","position":1,"name":"Inicio","item":"https:\/\/gxp-training.com\/es\/pagina-de-inicio\/"},{"@type":"ListItem","position":2,"name":"Productos","item":"https:\/\/gxp-training.com\/es\/shop\/"},{"@type":"ListItem","position":3,"name":"CMC: Qu\u00edmica, Fabricaci\u00f3n y Controles"}]},{"@type":"WebSite","@id":"https:\/\/gxp-training.com\/es\/#website","url":"https:\/\/gxp-training.com\/es\/","name":"GxP Training : Certified Online Courses for Life Sciences","description":"Online Trainings and Certified Courses in Regulatory Compliance for Pharmaceutical Experts","publisher":{"@id":"https:\/\/gxp-training.com\/es\/#organization"},"potentialAction":[{"@type":"SearchAction","target":{"@type":"EntryPoint","urlTemplate":"https:\/\/gxp-training.com\/es\/?s={search_term_string}"},"query-input":{"@type":"PropertyValueSpecification","valueRequired":true,"valueName":"search_term_string"}}],"inLanguage":"es"},{"@type":"Organization","@id":"https:\/\/gxp-training.com\/es\/#organization","name":"GXP Training","url":"https:\/\/gxp-training.com\/es\/","logo":{"@type":"ImageObject","inLanguage":"es","@id":"https:\/\/gxp-training.com\/es\/#\/schema\/logo\/image\/","url":"https:\/\/gxp-training.com\/wp-content\/uploads\/2022\/05\/logo-resize.png","contentUrl":"https:\/\/gxp-training.com\/wp-content\/uploads\/2022\/05\/logo-resize.png","width":350,"height":100,"caption":"GXP Training"},"image":{"@id":"https:\/\/gxp-training.com\/es\/#\/schema\/logo\/image\/"}}]}},"_links":{"self":[{"href":"https:\/\/gxp-training.com\/es\/wp-json\/wp\/v2\/product\/57996","targetHints":{"allow":["GET"]}}],"collection":[{"href":"https:\/\/gxp-training.com\/es\/wp-json\/wp\/v2\/product"}],"about":[{"href":"https:\/\/gxp-training.com\/es\/wp-json\/wp\/v2\/types\/product"}],"wp:featuredmedia":[{"embeddable":true,"href":"https:\/\/gxp-training.com\/es\/wp-json\/wp\/v2\/media\/51292"}],"wp:attachment":[{"href":"https:\/\/gxp-training.com\/es\/wp-json\/wp\/v2\/media?parent=57996"}],"wp:term":[{"taxonomy":"product_brand","embeddable":true,"href":"https:\/\/gxp-training.com\/es\/wp-json\/wp\/v2\/product_brand?post=57996"},{"taxonomy":"product_cat","embeddable":true,"href":"https:\/\/gxp-training.com\/es\/wp-json\/wp\/v2\/product_cat?post=57996"},{"taxonomy":"product_tag","embeddable":true,"href":"https:\/\/gxp-training.com\/es\/wp-json\/wp\/v2\/product_tag?post=57996"}],"curies":[{"name":"wp","href":"https:\/\/api.w.org\/{rel}","templated":true}]}}