{"id":57991,"date":"2025-01-03T11:48:43","date_gmt":"2025-01-03T11:48:43","guid":{"rendered":"https:\/\/gxp-training.com\/online-course\/deteccion-y-gestion-de-senales-en-farmacovigilancia\/"},"modified":"2025-01-03T11:48:43","modified_gmt":"2025-01-03T10:48:43","slug":"deteccion-y-gestion-de-senales-en-farmacovigilancia","status":"publish","type":"product","link":"https:\/\/gxp-training.com\/es\/online-course\/deteccion-y-gestion-de-senales-en-farmacovigilancia\/","title":{"rendered":"Detecci\u00f3n y gesti\u00f3n de se\u00f1ales en farmacovigilancia"},"content":{"rendered":"<p><span style=\"font-weight: 400;\">Explore los aspectos esenciales de la detecci\u00f3n y gesti\u00f3n de se\u00f1ales en <a href=\"https:\/\/www.pharmaceuticalpress.com\/resources\/article\/signal-detection-in-pharmacovigilance\/\">farmacovigilancia<\/a> con nuestro curso especializado. Aprenda t\u00e9cnicas clave para identificar y gestionar se\u00f1ales de <a href=\"https:\/\/gxp-training.com\/es\/cursos-gxp-2\/?_sf_s=drug\">reacciones adversas a medicamentos<\/a> (RAM), garantizando la seguridad del paciente y el cumplimiento normativo en el sector farmac\u00e9utico.   <\/span><\/p>\n<p>&nbsp;<\/p>\n<p><b>\u00bfQui\u00e9n deber\u00eda inscribirse?<\/b><\/p>\n<p><span style=\"font-weight: 400;\">Este curso es perfecto para profesionales de la<a href=\"https:\/\/gxp-training.com\/es\/online-course\/paquete-de-farmacovigilancia\/\"> farmacovigilancia<\/a>, responsables de seguridad y expertos en asuntos regulatorios o <a href=\"https:\/\/gxp-training.com\/online-course\/ich-gcp-training-refresher-2024-good-clinical-practice-for-clinical-research-professionals\/\">seguridad cl\u00ednica<\/a>. Tambi\u00e9n es ideal para especialistas de aseguramiento de la calidad en la industria farmac\u00e9utica, as\u00ed como para cualquier persona que quiera profundizar sus conocimientos sobre detecci\u00f3n y gesti\u00f3n de se\u00f1ales para mantener los est\u00e1ndares de seguridad del paciente. <\/span><\/p>\n<p>&nbsp;<\/p>\n<p><b>Temas incluidos en el curso:<\/b><\/p>\n<ul>\n<li style=\"font-weight: 400;\"><span style=\"font-weight: 400;\">Comprender la importancia de la detecci\u00f3n de se\u00f1ales para garantizar la seguridad del paciente.<\/span><\/li>\n<li style=\"font-weight: 400;\"><span style=\"font-weight: 400;\">Diferencias clave entre la detecci\u00f3n de nuevas RAM y la detecci\u00f3n integral de se\u00f1ales.<\/span><\/li>\n<li style=\"font-weight: 400;\"><span style=\"font-weight: 400;\">Explorar los distintos tipos de t\u00e9cnicas de detecci\u00f3n de se\u00f1ales utilizadas en farmacovigilancia.<\/span><\/li>\n<li style=\"font-weight: 400;\"><span style=\"font-weight: 400;\">Visi\u00f3n general paso a paso del proceso de gesti\u00f3n de se\u00f1ales.<\/span><\/li>\n<li style=\"font-weight: 400;\"><span style=\"font-weight: 400;\">Pr\u00e1cticas de detecci\u00f3n de se\u00f1ales y fuentes de se\u00f1ales en farmacovigilancia.<\/span><\/li>\n<\/ul>\n<p>&nbsp;<\/p>\n<p><span style=\"font-weight: 400;\">Este curso integral ofrece un an\u00e1lisis en profundidad de la detecci\u00f3n y gesti\u00f3n de se\u00f1ales en farmacovigilancia, explicando los elementos esenciales de los sistemas de gesti\u00f3n de laboratorios en un formato altamente interactivo. Cada sesi\u00f3n integra ejemplos reales y evaluaciones para facilitar una experiencia de aprendizaje completa y aplicada. Al finalizar, los participantes recibir\u00e1n un certificado de formaci\u00f3n en detecci\u00f3n y gesti\u00f3n de se\u00f1ales en farmacovigilancia reconocido a nivel mundial, acreditado con cr\u00e9ditos CPD\/CEU. <\/span><\/p>\n<p>&nbsp;<\/p>\n<h3><b>Programa:<\/b><\/h3>\n<p><b>Introducci\u00f3n<\/b><\/p>\n<p><b>Lecci\u00f3n 1: \u00bfPor qu\u00e9 es importante la detecci\u00f3n de se\u00f1ales?<\/b><\/p>\n<p><b>Lecci\u00f3n 2: \u00bfCu\u00e1l es la diferencia entre detectar nuevas reacciones adversas a medicamentos y la detecci\u00f3n de se\u00f1ales?<\/b><\/p>\n<p><b>Lecci\u00f3n 3: Tipos de detecci\u00f3n de se\u00f1ales en farmacovigilancia<\/b><\/p>\n<p><b>Lecci\u00f3n 4: Proceso de gesti\u00f3n de se\u00f1ales<\/b><\/p>\n<p><b>Lecci\u00f3n 5: Fuentes de se\u00f1ales en farmacovigilancia<\/b><\/p>\n<p><b>Lecci\u00f3n 6: Pr\u00e1cticas de detecci\u00f3n de se\u00f1ales<\/b><\/p>\n<p><b>Conclusi\u00f3n<\/b><\/p>\n<p><b>Evaluaci\u00f3n<\/b><\/p>\n","protected":false},"excerpt":{"rendered":"<p>Explore los aspectos esenciales de la detecci\u00f3n y gesti\u00f3n de se\u00f1ales en farmacovigilancia con nuestro curso especializado. Aprenda t\u00e9cnicas clave para identificar y gestionar se\u00f1ales de reacciones adversas a medicamentos (RAM), garantizando la seguridad del paciente y el cumplimiento normativo en el sector farmac\u00e9utico. &nbsp; \u00bfQui\u00e9n deber\u00eda inscribirse? Este curso es perfecto para profesionales de [&hellip;]<\/p>\n","protected":false},"featured_media":52054,"template":"","meta":{"_acf_changed":false,"content-type":""},"product_brand":[],"product_cat":[268,279,269],"product_tag":[],"class_list":{"0":"post-57991","1":"product","2":"type-product","3":"status-publish","4":"has-post-thumbnail","6":"product_cat-farmacovigilancia","7":"product_cat-hospitales-e-instituciones-sanitarias","8":"product_cat-productos-farmaceuticos","10":"first","11":"instock","12":"taxable","13":"shipping-taxable","14":"purchasable","15":"product-type-subscription"},"bundled_by":[],"bundle_stock_status":"instock","bundle_stock_quantity":null,"bundle_virtual":false,"bundle_layout":"","bundle_add_to_cart_form_location":"","bundle_editable_in_cart":false,"bundle_sold_individually_context":"","bundle_item_grouping":"","bundle_min_size":"","bundle_max_size":"","bundle_price":[],"bundled_items":[],"bundle_sell_ids":[],"acf":[],"yoast_head":"<!-- This site is optimized with the Yoast SEO plugin v27.5 - https:\/\/yoast.com\/product\/yoast-seo-wordpress\/ -->\n<title>Curso de detecci\u00f3n y gesti\u00f3n de se\u00f1ales en farmacovigilancia<\/title>\n<meta name=\"description\" content=\"Domine la detecci\u00f3n y la gesti\u00f3n de se\u00f1ales en farmacovigilancia. Aprenda a identificar reacciones adversas a medicamentos y a garantizar la seguridad del paciente y el cumplimiento normativo.\" \/>\n<meta name=\"robots\" content=\"index, follow, max-snippet:-1, max-image-preview:large, max-video-preview:-1\" \/>\n<link rel=\"canonical\" href=\"https:\/\/gxp-training.com\/es\/online-course\/deteccion-y-gestion-de-senales-en-farmacovigilancia\/\" \/>\n<meta property=\"og:locale\" content=\"es_ES\" \/>\n<meta property=\"og:type\" content=\"article\" \/>\n<meta property=\"og:title\" content=\"Curso de detecci\u00f3n y gesti\u00f3n de se\u00f1ales en farmacovigilancia\" \/>\n<meta property=\"og:description\" content=\"Domine la detecci\u00f3n y la gesti\u00f3n de se\u00f1ales en farmacovigilancia. Aprenda a identificar reacciones adversas a medicamentos y a garantizar la seguridad del paciente y el cumplimiento normativo.\" \/>\n<meta property=\"og:url\" content=\"https:\/\/gxp-training.com\/es\/online-course\/deteccion-y-gestion-de-senales-en-farmacovigilancia\/\" \/>\n<meta property=\"og:site_name\" content=\"GxP Training : Certified Online Courses for Life Sciences\" \/>\n<meta property=\"og:image\" content=\"https:\/\/gxp-training.com\/wp-content\/uploads\/2025\/01\/signal-detection-1-1.png\" \/>\n\t<meta property=\"og:image:width\" content=\"900\" \/>\n\t<meta property=\"og:image:height\" content=\"627\" \/>\n\t<meta property=\"og:image:type\" content=\"image\/png\" \/>\n<meta name=\"twitter:card\" content=\"summary_large_image\" \/>\n<meta name=\"twitter:label1\" content=\"Tiempo de lectura\" \/>\n\t<meta name=\"twitter:data1\" content=\"2 minutos\" \/>\n<script type=\"application\/ld+json\" class=\"yoast-schema-graph\">{\"@context\":\"https:\\\/\\\/schema.org\",\"@graph\":[{\"@type\":\"WebPage\",\"@id\":\"https:\\\/\\\/gxp-training.com\\\/es\\\/online-course\\\/deteccion-y-gestion-de-senales-en-farmacovigilancia\\\/\",\"url\":\"https:\\\/\\\/gxp-training.com\\\/es\\\/online-course\\\/deteccion-y-gestion-de-senales-en-farmacovigilancia\\\/\",\"name\":\"Curso de detecci\u00f3n y gesti\u00f3n de se\u00f1ales en farmacovigilancia\",\"isPartOf\":{\"@id\":\"https:\\\/\\\/gxp-training.com\\\/es\\\/#website\"},\"primaryImageOfPage\":{\"@id\":\"https:\\\/\\\/gxp-training.com\\\/es\\\/online-course\\\/deteccion-y-gestion-de-senales-en-farmacovigilancia\\\/#primaryimage\"},\"image\":{\"@id\":\"https:\\\/\\\/gxp-training.com\\\/es\\\/online-course\\\/deteccion-y-gestion-de-senales-en-farmacovigilancia\\\/#primaryimage\"},\"thumbnailUrl\":\"https:\\\/\\\/gxp-training.com\\\/wp-content\\\/uploads\\\/2025\\\/01\\\/signal-detection-1-1.png\",\"datePublished\":\"2025-01-03T11:48:43+00:00\",\"description\":\"Domine la detecci\u00f3n y la gesti\u00f3n de se\u00f1ales en farmacovigilancia. Aprenda a identificar reacciones adversas a medicamentos y a garantizar la seguridad del paciente y el cumplimiento normativo.\",\"breadcrumb\":{\"@id\":\"https:\\\/\\\/gxp-training.com\\\/es\\\/online-course\\\/deteccion-y-gestion-de-senales-en-farmacovigilancia\\\/#breadcrumb\"},\"inLanguage\":\"es\",\"potentialAction\":[{\"@type\":\"ReadAction\",\"target\":[\"https:\\\/\\\/gxp-training.com\\\/es\\\/online-course\\\/deteccion-y-gestion-de-senales-en-farmacovigilancia\\\/\"]}]},{\"@type\":\"ImageObject\",\"inLanguage\":\"es\",\"@id\":\"https:\\\/\\\/gxp-training.com\\\/es\\\/online-course\\\/deteccion-y-gestion-de-senales-en-farmacovigilancia\\\/#primaryimage\",\"url\":\"https:\\\/\\\/gxp-training.com\\\/wp-content\\\/uploads\\\/2025\\\/01\\\/signal-detection-1-1.png\",\"contentUrl\":\"https:\\\/\\\/gxp-training.com\\\/wp-content\\\/uploads\\\/2025\\\/01\\\/signal-detection-1-1.png\",\"width\":900,\"height\":627},{\"@type\":\"BreadcrumbList\",\"@id\":\"https:\\\/\\\/gxp-training.com\\\/es\\\/online-course\\\/deteccion-y-gestion-de-senales-en-farmacovigilancia\\\/#breadcrumb\",\"itemListElement\":[{\"@type\":\"ListItem\",\"position\":1,\"name\":\"Inicio\",\"item\":\"https:\\\/\\\/gxp-training.com\\\/es\\\/pagina-de-inicio\\\/\"},{\"@type\":\"ListItem\",\"position\":2,\"name\":\"Productos\",\"item\":\"https:\\\/\\\/gxp-training.com\\\/es\\\/shop\\\/\"},{\"@type\":\"ListItem\",\"position\":3,\"name\":\"Detecci\u00f3n y gesti\u00f3n de se\u00f1ales en farmacovigilancia\"}]},{\"@type\":\"WebSite\",\"@id\":\"https:\\\/\\\/gxp-training.com\\\/es\\\/#website\",\"url\":\"https:\\\/\\\/gxp-training.com\\\/es\\\/\",\"name\":\"GxP Training : Certified Online Courses for Life Sciences\",\"description\":\"Online Trainings and Certified Courses in Regulatory Compliance for Pharmaceutical Experts\",\"publisher\":{\"@id\":\"https:\\\/\\\/gxp-training.com\\\/es\\\/#organization\"},\"potentialAction\":[{\"@type\":\"SearchAction\",\"target\":{\"@type\":\"EntryPoint\",\"urlTemplate\":\"https:\\\/\\\/gxp-training.com\\\/es\\\/?s={search_term_string}\"},\"query-input\":{\"@type\":\"PropertyValueSpecification\",\"valueRequired\":true,\"valueName\":\"search_term_string\"}}],\"inLanguage\":\"es\"},{\"@type\":\"Organization\",\"@id\":\"https:\\\/\\\/gxp-training.com\\\/es\\\/#organization\",\"name\":\"GXP Training\",\"url\":\"https:\\\/\\\/gxp-training.com\\\/es\\\/\",\"logo\":{\"@type\":\"ImageObject\",\"inLanguage\":\"es\",\"@id\":\"https:\\\/\\\/gxp-training.com\\\/es\\\/#\\\/schema\\\/logo\\\/image\\\/\",\"url\":\"https:\\\/\\\/gxp-training.com\\\/wp-content\\\/uploads\\\/2022\\\/05\\\/logo-resize.png\",\"contentUrl\":\"https:\\\/\\\/gxp-training.com\\\/wp-content\\\/uploads\\\/2022\\\/05\\\/logo-resize.png\",\"width\":350,\"height\":100,\"caption\":\"GXP Training\"},\"image\":{\"@id\":\"https:\\\/\\\/gxp-training.com\\\/es\\\/#\\\/schema\\\/logo\\\/image\\\/\"}}]}<\/script>\n<!-- \/ Yoast SEO plugin. -->","yoast_head_json":{"title":"Curso de detecci\u00f3n y gesti\u00f3n de se\u00f1ales en farmacovigilancia","description":"Domine la detecci\u00f3n y la gesti\u00f3n de se\u00f1ales en farmacovigilancia. Aprenda a identificar reacciones adversas a medicamentos y a garantizar la seguridad del paciente y el cumplimiento normativo.","robots":{"index":"index","follow":"follow","max-snippet":"max-snippet:-1","max-image-preview":"max-image-preview:large","max-video-preview":"max-video-preview:-1"},"canonical":"https:\/\/gxp-training.com\/es\/online-course\/deteccion-y-gestion-de-senales-en-farmacovigilancia\/","og_locale":"es_ES","og_type":"article","og_title":"Curso de detecci\u00f3n y gesti\u00f3n de se\u00f1ales en farmacovigilancia","og_description":"Domine la detecci\u00f3n y la gesti\u00f3n de se\u00f1ales en farmacovigilancia. Aprenda a identificar reacciones adversas a medicamentos y a garantizar la seguridad del paciente y el cumplimiento normativo.","og_url":"https:\/\/gxp-training.com\/es\/online-course\/deteccion-y-gestion-de-senales-en-farmacovigilancia\/","og_site_name":"GxP Training : Certified Online Courses for Life Sciences","og_image":[{"width":900,"height":627,"url":"https:\/\/gxp-training.com\/wp-content\/uploads\/2025\/01\/signal-detection-1-1.png","type":"image\/png"}],"twitter_card":"summary_large_image","twitter_misc":{"Tiempo de lectura":"2 minutos"},"schema":{"@context":"https:\/\/schema.org","@graph":[{"@type":"WebPage","@id":"https:\/\/gxp-training.com\/es\/online-course\/deteccion-y-gestion-de-senales-en-farmacovigilancia\/","url":"https:\/\/gxp-training.com\/es\/online-course\/deteccion-y-gestion-de-senales-en-farmacovigilancia\/","name":"Curso de detecci\u00f3n y gesti\u00f3n de se\u00f1ales en farmacovigilancia","isPartOf":{"@id":"https:\/\/gxp-training.com\/es\/#website"},"primaryImageOfPage":{"@id":"https:\/\/gxp-training.com\/es\/online-course\/deteccion-y-gestion-de-senales-en-farmacovigilancia\/#primaryimage"},"image":{"@id":"https:\/\/gxp-training.com\/es\/online-course\/deteccion-y-gestion-de-senales-en-farmacovigilancia\/#primaryimage"},"thumbnailUrl":"https:\/\/gxp-training.com\/wp-content\/uploads\/2025\/01\/signal-detection-1-1.png","datePublished":"2025-01-03T11:48:43+00:00","description":"Domine la detecci\u00f3n y la gesti\u00f3n de se\u00f1ales en farmacovigilancia. Aprenda a identificar reacciones adversas a medicamentos y a garantizar la seguridad del paciente y el cumplimiento normativo.","breadcrumb":{"@id":"https:\/\/gxp-training.com\/es\/online-course\/deteccion-y-gestion-de-senales-en-farmacovigilancia\/#breadcrumb"},"inLanguage":"es","potentialAction":[{"@type":"ReadAction","target":["https:\/\/gxp-training.com\/es\/online-course\/deteccion-y-gestion-de-senales-en-farmacovigilancia\/"]}]},{"@type":"ImageObject","inLanguage":"es","@id":"https:\/\/gxp-training.com\/es\/online-course\/deteccion-y-gestion-de-senales-en-farmacovigilancia\/#primaryimage","url":"https:\/\/gxp-training.com\/wp-content\/uploads\/2025\/01\/signal-detection-1-1.png","contentUrl":"https:\/\/gxp-training.com\/wp-content\/uploads\/2025\/01\/signal-detection-1-1.png","width":900,"height":627},{"@type":"BreadcrumbList","@id":"https:\/\/gxp-training.com\/es\/online-course\/deteccion-y-gestion-de-senales-en-farmacovigilancia\/#breadcrumb","itemListElement":[{"@type":"ListItem","position":1,"name":"Inicio","item":"https:\/\/gxp-training.com\/es\/pagina-de-inicio\/"},{"@type":"ListItem","position":2,"name":"Productos","item":"https:\/\/gxp-training.com\/es\/shop\/"},{"@type":"ListItem","position":3,"name":"Detecci\u00f3n y gesti\u00f3n de se\u00f1ales en farmacovigilancia"}]},{"@type":"WebSite","@id":"https:\/\/gxp-training.com\/es\/#website","url":"https:\/\/gxp-training.com\/es\/","name":"GxP Training : Certified Online Courses for Life Sciences","description":"Online Trainings and Certified Courses in Regulatory Compliance for Pharmaceutical Experts","publisher":{"@id":"https:\/\/gxp-training.com\/es\/#organization"},"potentialAction":[{"@type":"SearchAction","target":{"@type":"EntryPoint","urlTemplate":"https:\/\/gxp-training.com\/es\/?s={search_term_string}"},"query-input":{"@type":"PropertyValueSpecification","valueRequired":true,"valueName":"search_term_string"}}],"inLanguage":"es"},{"@type":"Organization","@id":"https:\/\/gxp-training.com\/es\/#organization","name":"GXP Training","url":"https:\/\/gxp-training.com\/es\/","logo":{"@type":"ImageObject","inLanguage":"es","@id":"https:\/\/gxp-training.com\/es\/#\/schema\/logo\/image\/","url":"https:\/\/gxp-training.com\/wp-content\/uploads\/2022\/05\/logo-resize.png","contentUrl":"https:\/\/gxp-training.com\/wp-content\/uploads\/2022\/05\/logo-resize.png","width":350,"height":100,"caption":"GXP Training"},"image":{"@id":"https:\/\/gxp-training.com\/es\/#\/schema\/logo\/image\/"}}]}},"_links":{"self":[{"href":"https:\/\/gxp-training.com\/es\/wp-json\/wp\/v2\/product\/57991","targetHints":{"allow":["GET"]}}],"collection":[{"href":"https:\/\/gxp-training.com\/es\/wp-json\/wp\/v2\/product"}],"about":[{"href":"https:\/\/gxp-training.com\/es\/wp-json\/wp\/v2\/types\/product"}],"wp:featuredmedia":[{"embeddable":true,"href":"https:\/\/gxp-training.com\/es\/wp-json\/wp\/v2\/media\/52054"}],"wp:attachment":[{"href":"https:\/\/gxp-training.com\/es\/wp-json\/wp\/v2\/media?parent=57991"}],"wp:term":[{"taxonomy":"product_brand","embeddable":true,"href":"https:\/\/gxp-training.com\/es\/wp-json\/wp\/v2\/product_brand?post=57991"},{"taxonomy":"product_cat","embeddable":true,"href":"https:\/\/gxp-training.com\/es\/wp-json\/wp\/v2\/product_cat?post=57991"},{"taxonomy":"product_tag","embeddable":true,"href":"https:\/\/gxp-training.com\/es\/wp-json\/wp\/v2\/product_tag?post=57991"}],"curies":[{"name":"wp","href":"https:\/\/api.w.org\/{rel}","templated":true}]}}