{"id":57977,"date":"2025-01-06T10:07:05","date_gmt":"2025-01-06T10:07:05","guid":{"rendered":"https:\/\/gxp-training.com\/online-course\/presentacion-de-una-new-drug-application-nda-en-ee-uu\/"},"modified":"2025-01-06T10:07:05","modified_gmt":"2025-01-06T09:07:05","slug":"presentacion-de-una-new-drug-application-nda-en-ee-uu","status":"publish","type":"product","link":"https:\/\/gxp-training.com\/es\/online-course\/presentacion-de-una-new-drug-application-nda-en-ee-uu\/","title":{"rendered":"Presentaci\u00f3n de una New Drug Application (NDA) en EE. UU."},"content":{"rendered":"<p><span style=\"font-weight: 400;\">Domine las complejidades del proceso de New Drug Application (NDA) en EE. UU. Este curso certificado ofrece un desglose claro de los requisitos de presentaci\u00f3n y aporta estrategias pr\u00e1cticas (qu\u00e9 presentar, c\u00f3mo formatearlo y c\u00f3mo funciona el proceso de revisi\u00f3n) para garantizar el <a href=\"https:\/\/gxp-training.com\/es\/online-course\/inspecciones-de-cumplimiento-normativo-y-auditorias-externas\/\">cumplimiento<\/a> y agilizar cada etapa del proceso hasta obtener la aprobaci\u00f3n de un medicamento en EE. UU.   <\/span><\/p>\n<div class=\"flex max-w-full flex-col grow\">\n<div class=\"min-h-8 text-message relative flex w-full flex-col items-end gap-2 text-start break-words whitespace-normal [.text-message+&amp;]:mt-5\" dir=\"auto\" data-message-author-role=\"assistant\" data-message-id=\"be129194-f5ed-4d72-8aff-112053cfc6c1\" data-message-model-slug=\"gpt-4o\">\n<div class=\"flex w-full flex-col gap-1 empty:hidden first:pt-[3px]\">\n<div class=\"markdown prose dark:prose-invert w-full break-words light\">\n<p data-start=\"0\" data-end=\"277\" data-is-last-node=\"\" data-is-only-node=\"\">\n<\/div>\n<\/div>\n<\/div>\n<\/div>\n<p><b>\u00bfQui\u00e9n deber\u00eda inscribirse?<\/b><\/p>\n<p><span style=\"font-weight: 400;\">Este curso est\u00e1 dise\u00f1ado para <a href=\"https:\/\/gxp-training.com\/es\/online-course\/especialista-en-asuntos-regulatorios\/\">profesionales de asuntos regulatorios<\/a>, especialistas en garant\u00eda de calidad, gestores de proyectos farmac\u00e9uticos y equipos de desarrollo de producto. Es ideal para quienes preparan NDAs para su presentaci\u00f3n ante la FDA o para cualquiera que desee comprender el marco regulatorio estadounidense para nuevos medicamentos. <\/span><\/p>\n<p>&nbsp;<\/p>\n<p><b>Temas incluidos en el curso:<\/b><\/p>\n<ul>\n<li style=\"font-weight: 400;\"><span style=\"font-weight: 400;\">Requisitos clave para la <a href=\"https:\/\/www.fda.gov\/drugs\/types-applications\/new-drug-application-nda\">presentaci\u00f3n de la NDA<\/a> y plazos regulatorios.<\/span><\/li>\n<li style=\"font-weight: 400;\"><span style=\"font-weight: 400;\">Estructuraci\u00f3n y preparaci\u00f3n del Common Technical Document (CTD).<\/span><\/li>\n<li style=\"font-weight: 400;\"><span style=\"font-weight: 400;\">Gesti\u00f3n de las interacciones con la FDA, incluidas las reuniones previas a la presentaci\u00f3n.<\/span><\/li>\n<li style=\"font-weight: 400;\"><span style=\"font-weight: 400;\">Estrategias para gestionar consultas y enmiendas posteriores a la presentaci\u00f3n.<\/span><\/li>\n<li style=\"font-weight: 400;\"><span style=\"font-weight: 400;\">Garantizar el cumplimiento en las secciones cl\u00ednica, no cl\u00ednica y de fabricaci\u00f3n.<\/span><\/li>\n<\/ul>\n<p>&nbsp;<\/p>\n<p>Cada sesi\u00f3n incluye ejemplos reales y evaluaciones para un aprendizaje pr\u00e1ctico y aplicado. Al finalizar, los participantes reciben un certificado reconocido a nivel mundial, trazable y v\u00e1lido para auditor\u00edas. <\/p>\n<p>&nbsp;<\/p>\n<h3><b>Plan de estudios:<\/b><\/h3>\n<p><b>Introducci\u00f3n<\/b><\/p>\n<p><b>Lecci\u00f3n 1: Visi\u00f3n general de la NDA<\/b><\/p>\n<p><b>Lecci\u00f3n 2: Contenido y formato de la NDA<\/b><\/p>\n<p><b>Lecci\u00f3n 3: Informaci\u00f3n administrativa (M\u00f3dulo 1)<\/b><\/p>\n<p><b>Lecci\u00f3n 4: Res\u00famenes del Common Technical Document (M\u00f3dulo 2)<\/b><\/p>\n<p><b>Lecci\u00f3n 5: Informaci\u00f3n de calidad (M\u00f3dulo 3)<\/b><\/p>\n<p><b>Lecci\u00f3n 6: Informes de estudios no cl\u00ednicos (M\u00f3dulo 4)<\/b><\/p>\n<p><b>Lecci\u00f3n 7: Informes de estudios cl\u00ednicos (M\u00f3dulo 5)<\/b><\/p>\n<p><b>Lecci\u00f3n 8: Proceso de revisi\u00f3n y aprobaci\u00f3n de la NDA<\/b><\/p>\n<p><b>Conclusi\u00f3n<\/b><\/p>\n<p><b>Evaluaci\u00f3n<\/b><\/p>\n<p>&nbsp;<\/p>\n","protected":false},"excerpt":{"rendered":"<p>Domine las complejidades del proceso de New Drug Application (NDA) en EE. UU. Este curso certificado ofrece un desglose claro de los requisitos de presentaci\u00f3n y aporta estrategias pr\u00e1cticas (qu\u00e9 presentar, c\u00f3mo formatearlo y c\u00f3mo funciona el proceso de revisi\u00f3n) para garantizar el cumplimiento y agilizar cada etapa del proceso hasta obtener la aprobaci\u00f3n de [&hellip;]<\/p>\n","protected":false},"featured_media":51150,"template":"","meta":{"_acf_changed":false,"content-type":""},"product_brand":[],"product_cat":[276,269],"product_tag":[],"class_list":{"0":"post-57977","1":"product","2":"type-product","3":"status-publish","4":"has-post-thumbnail","6":"product_cat-asuntos-regulatorios","7":"product_cat-productos-farmaceuticos","9":"first","10":"instock","11":"taxable","12":"shipping-taxable","13":"purchasable","14":"product-type-subscription"},"bundled_by":[],"bundle_stock_status":"instock","bundle_stock_quantity":null,"bundle_virtual":false,"bundle_layout":"","bundle_add_to_cart_form_location":"","bundle_editable_in_cart":false,"bundle_sold_individually_context":"","bundle_item_grouping":"","bundle_min_size":"","bundle_max_size":"","bundle_price":[],"bundled_items":[],"bundle_sell_ids":[],"acf":[],"yoast_head":"<!-- This site is optimized with the Yoast SEO plugin v27.5 - https:\/\/yoast.com\/product\/yoast-seo-wordpress\/ -->\n<title>Curso de formaci\u00f3n certificada sobre la presentaci\u00f3n de la New Drug Application (NDA)<\/title>\n<meta name=\"description\" content=\"Domine el proceso de la NDA. Garantice el cumplimiento de la FDA, agilice las presentaciones y lleve su producto farmac\u00e9utico al mercado estadounidense con confianza.\" \/>\n<meta name=\"robots\" content=\"index, follow, max-snippet:-1, max-image-preview:large, max-video-preview:-1\" \/>\n<link rel=\"canonical\" href=\"https:\/\/gxp-training.com\/es\/online-course\/presentacion-de-una-new-drug-application-nda-en-ee-uu\/\" \/>\n<meta property=\"og:locale\" content=\"es_ES\" \/>\n<meta property=\"og:type\" content=\"article\" \/>\n<meta property=\"og:title\" content=\"Curso de formaci\u00f3n certificada sobre la presentaci\u00f3n de la New Drug Application (NDA)\" \/>\n<meta property=\"og:description\" content=\"Domine el proceso de la NDA. Garantice el cumplimiento de la FDA, agilice las presentaciones y lleve su producto farmac\u00e9utico al mercado estadounidense con confianza.\" \/>\n<meta property=\"og:url\" content=\"https:\/\/gxp-training.com\/es\/online-course\/presentacion-de-una-new-drug-application-nda-en-ee-uu\/\" \/>\n<meta property=\"og:site_name\" content=\"GxP Training : Certified Online Courses for Life Sciences\" \/>\n<meta property=\"og:image\" content=\"https:\/\/gxp-training.com\/wp-content\/uploads\/2025\/01\/NDA-submitting.png\" \/>\n\t<meta property=\"og:image:width\" content=\"900\" \/>\n\t<meta property=\"og:image:height\" content=\"627\" \/>\n\t<meta property=\"og:image:type\" content=\"image\/png\" \/>\n<meta name=\"twitter:card\" content=\"summary_large_image\" \/>\n<meta name=\"twitter:label1\" content=\"Tiempo de lectura\" \/>\n\t<meta name=\"twitter:data1\" content=\"2 minutos\" \/>\n<script type=\"application\/ld+json\" class=\"yoast-schema-graph\">{\"@context\":\"https:\\\/\\\/schema.org\",\"@graph\":[{\"@type\":\"WebPage\",\"@id\":\"https:\\\/\\\/gxp-training.com\\\/es\\\/online-course\\\/presentacion-de-una-new-drug-application-nda-en-ee-uu\\\/\",\"url\":\"https:\\\/\\\/gxp-training.com\\\/es\\\/online-course\\\/presentacion-de-una-new-drug-application-nda-en-ee-uu\\\/\",\"name\":\"Curso de formaci\u00f3n certificada sobre la presentaci\u00f3n de la New Drug Application (NDA)\",\"isPartOf\":{\"@id\":\"https:\\\/\\\/gxp-training.com\\\/es\\\/#website\"},\"primaryImageOfPage\":{\"@id\":\"https:\\\/\\\/gxp-training.com\\\/es\\\/online-course\\\/presentacion-de-una-new-drug-application-nda-en-ee-uu\\\/#primaryimage\"},\"image\":{\"@id\":\"https:\\\/\\\/gxp-training.com\\\/es\\\/online-course\\\/presentacion-de-una-new-drug-application-nda-en-ee-uu\\\/#primaryimage\"},\"thumbnailUrl\":\"https:\\\/\\\/gxp-training.com\\\/wp-content\\\/uploads\\\/2025\\\/01\\\/NDA-submitting.png\",\"datePublished\":\"2025-01-06T10:07:05+00:00\",\"description\":\"Domine el proceso de la NDA. Garantice el cumplimiento de la FDA, agilice las presentaciones y lleve su producto farmac\u00e9utico al mercado estadounidense con confianza.\",\"breadcrumb\":{\"@id\":\"https:\\\/\\\/gxp-training.com\\\/es\\\/online-course\\\/presentacion-de-una-new-drug-application-nda-en-ee-uu\\\/#breadcrumb\"},\"inLanguage\":\"es\",\"potentialAction\":[{\"@type\":\"ReadAction\",\"target\":[\"https:\\\/\\\/gxp-training.com\\\/es\\\/online-course\\\/presentacion-de-una-new-drug-application-nda-en-ee-uu\\\/\"]}]},{\"@type\":\"ImageObject\",\"inLanguage\":\"es\",\"@id\":\"https:\\\/\\\/gxp-training.com\\\/es\\\/online-course\\\/presentacion-de-una-new-drug-application-nda-en-ee-uu\\\/#primaryimage\",\"url\":\"https:\\\/\\\/gxp-training.com\\\/wp-content\\\/uploads\\\/2025\\\/01\\\/NDA-submitting.png\",\"contentUrl\":\"https:\\\/\\\/gxp-training.com\\\/wp-content\\\/uploads\\\/2025\\\/01\\\/NDA-submitting.png\",\"width\":900,\"height\":627},{\"@type\":\"BreadcrumbList\",\"@id\":\"https:\\\/\\\/gxp-training.com\\\/es\\\/online-course\\\/presentacion-de-una-new-drug-application-nda-en-ee-uu\\\/#breadcrumb\",\"itemListElement\":[{\"@type\":\"ListItem\",\"position\":1,\"name\":\"Inicio\",\"item\":\"https:\\\/\\\/gxp-training.com\\\/es\\\/pagina-de-inicio\\\/\"},{\"@type\":\"ListItem\",\"position\":2,\"name\":\"Productos\",\"item\":\"https:\\\/\\\/gxp-training.com\\\/es\\\/shop\\\/\"},{\"@type\":\"ListItem\",\"position\":3,\"name\":\"Presentaci\u00f3n de una New Drug Application (NDA) en EE. UU.\"}]},{\"@type\":\"WebSite\",\"@id\":\"https:\\\/\\\/gxp-training.com\\\/es\\\/#website\",\"url\":\"https:\\\/\\\/gxp-training.com\\\/es\\\/\",\"name\":\"GxP Training : Certified Online Courses for Life Sciences\",\"description\":\"Online Trainings and Certified Courses in Regulatory Compliance for Pharmaceutical Experts\",\"publisher\":{\"@id\":\"https:\\\/\\\/gxp-training.com\\\/es\\\/#organization\"},\"potentialAction\":[{\"@type\":\"SearchAction\",\"target\":{\"@type\":\"EntryPoint\",\"urlTemplate\":\"https:\\\/\\\/gxp-training.com\\\/es\\\/?s={search_term_string}\"},\"query-input\":{\"@type\":\"PropertyValueSpecification\",\"valueRequired\":true,\"valueName\":\"search_term_string\"}}],\"inLanguage\":\"es\"},{\"@type\":\"Organization\",\"@id\":\"https:\\\/\\\/gxp-training.com\\\/es\\\/#organization\",\"name\":\"GXP Training\",\"url\":\"https:\\\/\\\/gxp-training.com\\\/es\\\/\",\"logo\":{\"@type\":\"ImageObject\",\"inLanguage\":\"es\",\"@id\":\"https:\\\/\\\/gxp-training.com\\\/es\\\/#\\\/schema\\\/logo\\\/image\\\/\",\"url\":\"https:\\\/\\\/gxp-training.com\\\/wp-content\\\/uploads\\\/2022\\\/05\\\/logo-resize.png\",\"contentUrl\":\"https:\\\/\\\/gxp-training.com\\\/wp-content\\\/uploads\\\/2022\\\/05\\\/logo-resize.png\",\"width\":350,\"height\":100,\"caption\":\"GXP Training\"},\"image\":{\"@id\":\"https:\\\/\\\/gxp-training.com\\\/es\\\/#\\\/schema\\\/logo\\\/image\\\/\"}}]}<\/script>\n<!-- \/ Yoast SEO plugin. -->","yoast_head_json":{"title":"Curso de formaci\u00f3n certificada sobre la presentaci\u00f3n de la New Drug Application (NDA)","description":"Domine el proceso de la NDA. Garantice el cumplimiento de la FDA, agilice las presentaciones y lleve su producto farmac\u00e9utico al mercado estadounidense con confianza.","robots":{"index":"index","follow":"follow","max-snippet":"max-snippet:-1","max-image-preview":"max-image-preview:large","max-video-preview":"max-video-preview:-1"},"canonical":"https:\/\/gxp-training.com\/es\/online-course\/presentacion-de-una-new-drug-application-nda-en-ee-uu\/","og_locale":"es_ES","og_type":"article","og_title":"Curso de formaci\u00f3n certificada sobre la presentaci\u00f3n de la New Drug Application (NDA)","og_description":"Domine el proceso de la NDA. Garantice el cumplimiento de la FDA, agilice las presentaciones y lleve su producto farmac\u00e9utico al mercado estadounidense con confianza.","og_url":"https:\/\/gxp-training.com\/es\/online-course\/presentacion-de-una-new-drug-application-nda-en-ee-uu\/","og_site_name":"GxP Training : Certified Online Courses for Life Sciences","og_image":[{"width":900,"height":627,"url":"https:\/\/gxp-training.com\/wp-content\/uploads\/2025\/01\/NDA-submitting.png","type":"image\/png"}],"twitter_card":"summary_large_image","twitter_misc":{"Tiempo de lectura":"2 minutos"},"schema":{"@context":"https:\/\/schema.org","@graph":[{"@type":"WebPage","@id":"https:\/\/gxp-training.com\/es\/online-course\/presentacion-de-una-new-drug-application-nda-en-ee-uu\/","url":"https:\/\/gxp-training.com\/es\/online-course\/presentacion-de-una-new-drug-application-nda-en-ee-uu\/","name":"Curso de formaci\u00f3n certificada sobre la presentaci\u00f3n de la New Drug Application (NDA)","isPartOf":{"@id":"https:\/\/gxp-training.com\/es\/#website"},"primaryImageOfPage":{"@id":"https:\/\/gxp-training.com\/es\/online-course\/presentacion-de-una-new-drug-application-nda-en-ee-uu\/#primaryimage"},"image":{"@id":"https:\/\/gxp-training.com\/es\/online-course\/presentacion-de-una-new-drug-application-nda-en-ee-uu\/#primaryimage"},"thumbnailUrl":"https:\/\/gxp-training.com\/wp-content\/uploads\/2025\/01\/NDA-submitting.png","datePublished":"2025-01-06T10:07:05+00:00","description":"Domine el proceso de la NDA. Garantice el cumplimiento de la FDA, agilice las presentaciones y lleve su producto farmac\u00e9utico al mercado estadounidense con confianza.","breadcrumb":{"@id":"https:\/\/gxp-training.com\/es\/online-course\/presentacion-de-una-new-drug-application-nda-en-ee-uu\/#breadcrumb"},"inLanguage":"es","potentialAction":[{"@type":"ReadAction","target":["https:\/\/gxp-training.com\/es\/online-course\/presentacion-de-una-new-drug-application-nda-en-ee-uu\/"]}]},{"@type":"ImageObject","inLanguage":"es","@id":"https:\/\/gxp-training.com\/es\/online-course\/presentacion-de-una-new-drug-application-nda-en-ee-uu\/#primaryimage","url":"https:\/\/gxp-training.com\/wp-content\/uploads\/2025\/01\/NDA-submitting.png","contentUrl":"https:\/\/gxp-training.com\/wp-content\/uploads\/2025\/01\/NDA-submitting.png","width":900,"height":627},{"@type":"BreadcrumbList","@id":"https:\/\/gxp-training.com\/es\/online-course\/presentacion-de-una-new-drug-application-nda-en-ee-uu\/#breadcrumb","itemListElement":[{"@type":"ListItem","position":1,"name":"Inicio","item":"https:\/\/gxp-training.com\/es\/pagina-de-inicio\/"},{"@type":"ListItem","position":2,"name":"Productos","item":"https:\/\/gxp-training.com\/es\/shop\/"},{"@type":"ListItem","position":3,"name":"Presentaci\u00f3n de una New Drug Application (NDA) en EE. UU."}]},{"@type":"WebSite","@id":"https:\/\/gxp-training.com\/es\/#website","url":"https:\/\/gxp-training.com\/es\/","name":"GxP Training : Certified Online Courses for Life Sciences","description":"Online Trainings and Certified Courses in Regulatory Compliance for Pharmaceutical Experts","publisher":{"@id":"https:\/\/gxp-training.com\/es\/#organization"},"potentialAction":[{"@type":"SearchAction","target":{"@type":"EntryPoint","urlTemplate":"https:\/\/gxp-training.com\/es\/?s={search_term_string}"},"query-input":{"@type":"PropertyValueSpecification","valueRequired":true,"valueName":"search_term_string"}}],"inLanguage":"es"},{"@type":"Organization","@id":"https:\/\/gxp-training.com\/es\/#organization","name":"GXP Training","url":"https:\/\/gxp-training.com\/es\/","logo":{"@type":"ImageObject","inLanguage":"es","@id":"https:\/\/gxp-training.com\/es\/#\/schema\/logo\/image\/","url":"https:\/\/gxp-training.com\/wp-content\/uploads\/2022\/05\/logo-resize.png","contentUrl":"https:\/\/gxp-training.com\/wp-content\/uploads\/2022\/05\/logo-resize.png","width":350,"height":100,"caption":"GXP Training"},"image":{"@id":"https:\/\/gxp-training.com\/es\/#\/schema\/logo\/image\/"}}]}},"_links":{"self":[{"href":"https:\/\/gxp-training.com\/es\/wp-json\/wp\/v2\/product\/57977","targetHints":{"allow":["GET"]}}],"collection":[{"href":"https:\/\/gxp-training.com\/es\/wp-json\/wp\/v2\/product"}],"about":[{"href":"https:\/\/gxp-training.com\/es\/wp-json\/wp\/v2\/types\/product"}],"wp:featuredmedia":[{"embeddable":true,"href":"https:\/\/gxp-training.com\/es\/wp-json\/wp\/v2\/media\/51150"}],"wp:attachment":[{"href":"https:\/\/gxp-training.com\/es\/wp-json\/wp\/v2\/media?parent=57977"}],"wp:term":[{"taxonomy":"product_brand","embeddable":true,"href":"https:\/\/gxp-training.com\/es\/wp-json\/wp\/v2\/product_brand?post=57977"},{"taxonomy":"product_cat","embeddable":true,"href":"https:\/\/gxp-training.com\/es\/wp-json\/wp\/v2\/product_cat?post=57977"},{"taxonomy":"product_tag","embeddable":true,"href":"https:\/\/gxp-training.com\/es\/wp-json\/wp\/v2\/product_tag?post=57977"}],"curies":[{"name":"wp","href":"https:\/\/api.w.org\/{rel}","templated":true}]}}