{"id":57959,"date":"2025-07-06T10:47:50","date_gmt":"2025-07-06T08:47:50","guid":{"rendered":"https:\/\/gxp-training.com\/online-course\/ciberseguridad-en-ciencias-de-la-vida-y-atencion-sanitaria\/"},"modified":"2025-07-06T10:47:50","modified_gmt":"2025-07-06T08:47:50","slug":"ciberseguridad-en-ciencias-de-la-vida-y-atencion-sanitaria","status":"publish","type":"product","link":"https:\/\/gxp-training.com\/es\/online-course\/ciberseguridad-en-ciencias-de-la-vida-y-atencion-sanitaria\/","title":{"rendered":"Ciberseguridad en Ciencias de la Vida y Atenci\u00f3n Sanitaria"},"content":{"rendered":"<p><span style=\"font-weight: 400;\">Explore el papel vital de la ciberseguridad en la protecci\u00f3n de las organizaciones de ciencias de la vida contra ciberataques, filtraciones de datos y riesgos regulatorios. Este curso ofrece herramientas y estrategias pr\u00e1cticas para salvaguardar <a href=\"https:\/\/gxp-training.com\/es\/online-course\/gestion-de-datos-clinicos\/\">datos<\/a> sensibles, garantizar el cumplimiento y mantener la integridad operativa.  <\/span><\/p>\n<p>&nbsp;<\/p>\n<p><b>\u00bfQui\u00e9n deber\u00eda inscribirse?<\/b><\/p>\n<p><span style=\"font-weight: 400;\">Este curso es ideal para profesionales de TI y ciberseguridad en ciencias de la vida, especialistas en garant\u00eda de calidad y cumplimiento, delegados de protecci\u00f3n de datos y <a href=\"https:\/\/gxp-training.com\/es\/online-course\/especialista-en-asuntos-regulatorios\/\">responsables de asuntos regulatorios<\/a>. Tambi\u00e9n beneficia a los gerentes de laboratorio y <a href=\"https:\/\/gxp-training.com\/es\/online-course\/asociado-de-investigacion-clinica-cra\/\">ensayos cl\u00ednicos<\/a> que manejan datos sensibles, as\u00ed como a cualquier persona responsable de asegurar la infraestructura digital en organizaciones farmac\u00e9uticas y biotecnol\u00f3gicas. <\/span><\/p>\n<p>&nbsp;<\/p>\n<p><b>Temas tratados en el curso:<\/b><\/p>\n<ul>\n<li style=\"font-weight: 400;\"><span style=\"font-weight: 400;\">Comprensi\u00f3n de los riesgos y vulnerabilidades de la ciberseguridad en ciencias de la vida.<\/span><\/li>\n<li style=\"font-weight: 400;\"><span style=\"font-weight: 400;\">Implementaci\u00f3n de estrategias de protecci\u00f3n de datos para investigaci\u00f3n sensible y datos de pacientes.<\/span><\/li>\n<li style=\"font-weight: 400;\"><span style=\"font-weight: 400;\">Garant\u00eda de cumplimiento con regulaciones como <a href=\"https:\/\/gdpr-info.eu\/\">RGPD<\/a>, <a href=\"https:\/\/www.hhs.gov\/hipaa\/index.html\">HIPAA<\/a> y directrices de la <a href=\"https:\/\/www.fda.gov\/\">FDA<\/a>.<\/span><\/li>\n<li style=\"font-weight: 400;\"><span style=\"font-weight: 400;\">Mejores pr\u00e1cticas de ciberseguridad para entornos de laboratorio y fabricaci\u00f3n.<\/span><\/li>\n<li style=\"font-weight: 400;\"><span style=\"font-weight: 400;\">Respuesta y recuperaci\u00f3n ante incidentes cibern\u00e9ticos.<\/span><\/li>\n<\/ul>\n<p>&nbsp;<\/p>\n<p><span style=\"font-weight: 400;\">Este curso integral ofrece un examen en profundidad de la Ciberseguridad, dilucidando los elementos esenciales de los sistemas de gesti\u00f3n de laboratorio en un formato altamente interactivo. Cada sesi\u00f3n integra ejemplos de la vida real y evaluaciones para facilitar una experiencia de aprendizaje completa y aplicada. Al finalizar, los participantes recibir\u00e1n un certificado de formaci\u00f3n en Ciberseguridad en Ciencias de la Vida reconocido a nivel mundial, acreditado con cr\u00e9ditos CPD\/CEU.   <\/span><\/p>\n<p>&nbsp;<\/p>\n<h3><b>Plan de estudios:<\/b><\/h3>\n<p><b>V\u00eddeo Introductorio<\/b><\/p>\n<p><b>Lecci\u00f3n 1: \u00bfQu\u00e9 es la Ciberseguridad?<\/b><\/p>\n<p><b>Lecci\u00f3n 2: Mantener Seguros Dispositivos y Sistemas<\/b><\/p>\n<ul>\n<li>Concienciaci\u00f3n sobre Ingenier\u00eda Social<\/li>\n<li>Dispositivos y Redes de Seguridad<\/li>\n<li>Realizaci\u00f3n de Auditor\u00edas de Seguridad y Evaluaciones de Vulnerabilidad Peri\u00f3dicas<\/li>\n<\/ul>\n<p><b>Lecci\u00f3n 3: Protecci\u00f3n de Datos y Privacidad<\/b><\/p>\n<ul>\n<li>Estrategias de Protecci\u00f3n de Datos en Ciencias de la Vida<\/li>\n<li>Cumplimiento y Regulaciones<\/li>\n<\/ul>\n<p><b>Lecci\u00f3n 4: Asegurando Dispositivos M\u00e9dicos e IoT<\/b><\/p>\n<ul>\n<li>Vulnerabilidades Comunes y Mejores Pr\u00e1cticas para Asegurar Dispositivos M\u00e9dicos<\/li>\n<li>Requisitos Regulatorios para la Seguridad de Dispositivos M\u00e9dicos<\/li>\n<li>Implementaci\u00f3n de Marcos de IoT Seguros<\/li>\n<li>Estudios de Caso<\/li>\n<\/ul>\n<p><b>Conclusi\u00f3n<\/b><\/p>\n<p><b>Evaluaci\u00f3n<\/b><\/p>\n","protected":false},"excerpt":{"rendered":"<p>Explore el papel vital de la ciberseguridad en la protecci\u00f3n de las organizaciones de ciencias de la vida contra ciberataques, filtraciones de datos y riesgos regulatorios. Este curso ofrece herramientas y estrategias pr\u00e1cticas para salvaguardar datos sensibles, garantizar el cumplimiento y mantener la integridad operativa. &nbsp; \u00bfQui\u00e9n deber\u00eda inscribirse? Este curso es ideal para profesionales [&hellip;]<\/p>\n","protected":false},"featured_media":52057,"template":"","meta":{"_acf_changed":false,"content-type":""},"product_brand":[],"product_cat":[282,283,279,273,272,270,269,266],"product_tag":[],"class_list":{"0":"post-57959","1":"product","2":"type-product","3":"status-publish","4":"has-post-thumbnail","6":"product_cat-alimentacion-y-nutricion","7":"product_cat-cosmetica","8":"product_cat-hospitales-e-instituciones-sanitarias","9":"product_cat-intersectorial","10":"product_cat-laboratorios","11":"product_cat-organizacion-de-investigacion-por-contrato-cro","12":"product_cat-productos-farmaceuticos","13":"product_cat-productos-sanitarios","15":"first","16":"instock","17":"taxable","18":"shipping-taxable","19":"purchasable","20":"product-type-subscription"},"bundled_by":[],"bundle_stock_status":"instock","bundle_stock_quantity":null,"bundle_virtual":false,"bundle_layout":"","bundle_add_to_cart_form_location":"","bundle_editable_in_cart":false,"bundle_sold_individually_context":"","bundle_item_grouping":"","bundle_min_size":"","bundle_max_size":"","bundle_price":[],"bundled_items":[],"bundle_sell_ids":[],"acf":[],"yoast_head":"<!-- This site is optimized with the Yoast SEO plugin v27.5 - https:\/\/yoast.com\/product\/yoast-seo-wordpress\/ -->\n<title>Curso Certificado de Ciberseguridad para Ciencias de la Vida y Atenci\u00f3n Sanitaria<\/title>\n<meta name=\"description\" content=\"Proteja los datos de ciencias de la vida con una ciberseguridad eficaz. Prevenga brechas, garantice el cumplimiento y asegure las operaciones en las industrias farmac\u00e9utica y biotecnol\u00f3gica.\" \/>\n<meta name=\"robots\" content=\"index, follow, max-snippet:-1, max-image-preview:large, max-video-preview:-1\" \/>\n<link rel=\"canonical\" href=\"https:\/\/gxp-training.com\/es\/online-course\/ciberseguridad-en-ciencias-de-la-vida-y-atencion-sanitaria\/\" \/>\n<meta property=\"og:locale\" content=\"es_ES\" \/>\n<meta property=\"og:type\" content=\"article\" \/>\n<meta property=\"og:title\" content=\"Curso Certificado de Ciberseguridad para Ciencias de la Vida y Atenci\u00f3n Sanitaria\" \/>\n<meta property=\"og:description\" content=\"Proteja los datos de ciencias de la vida con una ciberseguridad eficaz. Prevenga brechas, garantice el cumplimiento y asegure las operaciones en las industrias farmac\u00e9utica y biotecnol\u00f3gica.\" \/>\n<meta property=\"og:url\" content=\"https:\/\/gxp-training.com\/es\/online-course\/ciberseguridad-en-ciencias-de-la-vida-y-atencion-sanitaria\/\" \/>\n<meta property=\"og:site_name\" content=\"GxP Training : Certified Online Courses for Life Sciences\" \/>\n<meta property=\"og:image\" content=\"https:\/\/gxp-training.com\/wp-content\/uploads\/2025\/07\/cybersecurity-in-life-sciences-and-healthcare.png\" \/>\n\t<meta property=\"og:image:width\" content=\"900\" \/>\n\t<meta property=\"og:image:height\" content=\"627\" \/>\n\t<meta property=\"og:image:type\" content=\"image\/png\" \/>\n<meta name=\"twitter:card\" content=\"summary_large_image\" \/>\n<meta name=\"twitter:label1\" content=\"Tiempo de lectura\" \/>\n\t<meta name=\"twitter:data1\" content=\"2 minutos\" \/>\n<script type=\"application\/ld+json\" class=\"yoast-schema-graph\">{\"@context\":\"https:\\\/\\\/schema.org\",\"@graph\":[{\"@type\":\"WebPage\",\"@id\":\"https:\\\/\\\/gxp-training.com\\\/es\\\/online-course\\\/ciberseguridad-en-ciencias-de-la-vida-y-atencion-sanitaria\\\/\",\"url\":\"https:\\\/\\\/gxp-training.com\\\/es\\\/online-course\\\/ciberseguridad-en-ciencias-de-la-vida-y-atencion-sanitaria\\\/\",\"name\":\"Curso Certificado de Ciberseguridad para Ciencias de la Vida y Atenci\u00f3n Sanitaria\",\"isPartOf\":{\"@id\":\"https:\\\/\\\/gxp-training.com\\\/es\\\/#website\"},\"primaryImageOfPage\":{\"@id\":\"https:\\\/\\\/gxp-training.com\\\/es\\\/online-course\\\/ciberseguridad-en-ciencias-de-la-vida-y-atencion-sanitaria\\\/#primaryimage\"},\"image\":{\"@id\":\"https:\\\/\\\/gxp-training.com\\\/es\\\/online-course\\\/ciberseguridad-en-ciencias-de-la-vida-y-atencion-sanitaria\\\/#primaryimage\"},\"thumbnailUrl\":\"https:\\\/\\\/gxp-training.com\\\/wp-content\\\/uploads\\\/2025\\\/07\\\/cybersecurity-in-life-sciences-and-healthcare.png\",\"datePublished\":\"2025-07-06T08:47:50+00:00\",\"description\":\"Proteja los datos de ciencias de la vida con una ciberseguridad eficaz. Prevenga brechas, garantice el cumplimiento y asegure las operaciones en las industrias farmac\u00e9utica y biotecnol\u00f3gica.\",\"breadcrumb\":{\"@id\":\"https:\\\/\\\/gxp-training.com\\\/es\\\/online-course\\\/ciberseguridad-en-ciencias-de-la-vida-y-atencion-sanitaria\\\/#breadcrumb\"},\"inLanguage\":\"es\",\"potentialAction\":[{\"@type\":\"ReadAction\",\"target\":[\"https:\\\/\\\/gxp-training.com\\\/es\\\/online-course\\\/ciberseguridad-en-ciencias-de-la-vida-y-atencion-sanitaria\\\/\"]}]},{\"@type\":\"ImageObject\",\"inLanguage\":\"es\",\"@id\":\"https:\\\/\\\/gxp-training.com\\\/es\\\/online-course\\\/ciberseguridad-en-ciencias-de-la-vida-y-atencion-sanitaria\\\/#primaryimage\",\"url\":\"https:\\\/\\\/gxp-training.com\\\/wp-content\\\/uploads\\\/2025\\\/07\\\/cybersecurity-in-life-sciences-and-healthcare.png\",\"contentUrl\":\"https:\\\/\\\/gxp-training.com\\\/wp-content\\\/uploads\\\/2025\\\/07\\\/cybersecurity-in-life-sciences-and-healthcare.png\",\"width\":900,\"height\":627},{\"@type\":\"BreadcrumbList\",\"@id\":\"https:\\\/\\\/gxp-training.com\\\/es\\\/online-course\\\/ciberseguridad-en-ciencias-de-la-vida-y-atencion-sanitaria\\\/#breadcrumb\",\"itemListElement\":[{\"@type\":\"ListItem\",\"position\":1,\"name\":\"Inicio\",\"item\":\"https:\\\/\\\/gxp-training.com\\\/es\\\/pagina-de-inicio\\\/\"},{\"@type\":\"ListItem\",\"position\":2,\"name\":\"Productos\",\"item\":\"https:\\\/\\\/gxp-training.com\\\/es\\\/shop\\\/\"},{\"@type\":\"ListItem\",\"position\":3,\"name\":\"Ciberseguridad en Ciencias de la Vida y Atenci\u00f3n Sanitaria\"}]},{\"@type\":\"WebSite\",\"@id\":\"https:\\\/\\\/gxp-training.com\\\/es\\\/#website\",\"url\":\"https:\\\/\\\/gxp-training.com\\\/es\\\/\",\"name\":\"GxP Training : Certified Online Courses for Life Sciences\",\"description\":\"Online Trainings and Certified Courses in Regulatory Compliance for Pharmaceutical Experts\",\"publisher\":{\"@id\":\"https:\\\/\\\/gxp-training.com\\\/es\\\/#organization\"},\"potentialAction\":[{\"@type\":\"SearchAction\",\"target\":{\"@type\":\"EntryPoint\",\"urlTemplate\":\"https:\\\/\\\/gxp-training.com\\\/es\\\/?s={search_term_string}\"},\"query-input\":{\"@type\":\"PropertyValueSpecification\",\"valueRequired\":true,\"valueName\":\"search_term_string\"}}],\"inLanguage\":\"es\"},{\"@type\":\"Organization\",\"@id\":\"https:\\\/\\\/gxp-training.com\\\/es\\\/#organization\",\"name\":\"GXP Training\",\"url\":\"https:\\\/\\\/gxp-training.com\\\/es\\\/\",\"logo\":{\"@type\":\"ImageObject\",\"inLanguage\":\"es\",\"@id\":\"https:\\\/\\\/gxp-training.com\\\/es\\\/#\\\/schema\\\/logo\\\/image\\\/\",\"url\":\"https:\\\/\\\/gxp-training.com\\\/wp-content\\\/uploads\\\/2022\\\/05\\\/logo-resize.png\",\"contentUrl\":\"https:\\\/\\\/gxp-training.com\\\/wp-content\\\/uploads\\\/2022\\\/05\\\/logo-resize.png\",\"width\":350,\"height\":100,\"caption\":\"GXP Training\"},\"image\":{\"@id\":\"https:\\\/\\\/gxp-training.com\\\/es\\\/#\\\/schema\\\/logo\\\/image\\\/\"}}]}<\/script>\n<!-- \/ Yoast SEO plugin. -->","yoast_head_json":{"title":"Curso Certificado de Ciberseguridad para Ciencias de la Vida y Atenci\u00f3n Sanitaria","description":"Proteja los datos de ciencias de la vida con una ciberseguridad eficaz. Prevenga brechas, garantice el cumplimiento y asegure las operaciones en las industrias farmac\u00e9utica y biotecnol\u00f3gica.","robots":{"index":"index","follow":"follow","max-snippet":"max-snippet:-1","max-image-preview":"max-image-preview:large","max-video-preview":"max-video-preview:-1"},"canonical":"https:\/\/gxp-training.com\/es\/online-course\/ciberseguridad-en-ciencias-de-la-vida-y-atencion-sanitaria\/","og_locale":"es_ES","og_type":"article","og_title":"Curso Certificado de Ciberseguridad para Ciencias de la Vida y Atenci\u00f3n Sanitaria","og_description":"Proteja los datos de ciencias de la vida con una ciberseguridad eficaz. Prevenga brechas, garantice el cumplimiento y asegure las operaciones en las industrias farmac\u00e9utica y biotecnol\u00f3gica.","og_url":"https:\/\/gxp-training.com\/es\/online-course\/ciberseguridad-en-ciencias-de-la-vida-y-atencion-sanitaria\/","og_site_name":"GxP Training : Certified Online Courses for Life Sciences","og_image":[{"width":900,"height":627,"url":"https:\/\/gxp-training.com\/wp-content\/uploads\/2025\/07\/cybersecurity-in-life-sciences-and-healthcare.png","type":"image\/png"}],"twitter_card":"summary_large_image","twitter_misc":{"Tiempo de lectura":"2 minutos"},"schema":{"@context":"https:\/\/schema.org","@graph":[{"@type":"WebPage","@id":"https:\/\/gxp-training.com\/es\/online-course\/ciberseguridad-en-ciencias-de-la-vida-y-atencion-sanitaria\/","url":"https:\/\/gxp-training.com\/es\/online-course\/ciberseguridad-en-ciencias-de-la-vida-y-atencion-sanitaria\/","name":"Curso Certificado de Ciberseguridad para Ciencias de la Vida y Atenci\u00f3n Sanitaria","isPartOf":{"@id":"https:\/\/gxp-training.com\/es\/#website"},"primaryImageOfPage":{"@id":"https:\/\/gxp-training.com\/es\/online-course\/ciberseguridad-en-ciencias-de-la-vida-y-atencion-sanitaria\/#primaryimage"},"image":{"@id":"https:\/\/gxp-training.com\/es\/online-course\/ciberseguridad-en-ciencias-de-la-vida-y-atencion-sanitaria\/#primaryimage"},"thumbnailUrl":"https:\/\/gxp-training.com\/wp-content\/uploads\/2025\/07\/cybersecurity-in-life-sciences-and-healthcare.png","datePublished":"2025-07-06T08:47:50+00:00","description":"Proteja los datos de ciencias de la vida con una ciberseguridad eficaz. Prevenga brechas, garantice el cumplimiento y asegure las operaciones en las industrias farmac\u00e9utica y biotecnol\u00f3gica.","breadcrumb":{"@id":"https:\/\/gxp-training.com\/es\/online-course\/ciberseguridad-en-ciencias-de-la-vida-y-atencion-sanitaria\/#breadcrumb"},"inLanguage":"es","potentialAction":[{"@type":"ReadAction","target":["https:\/\/gxp-training.com\/es\/online-course\/ciberseguridad-en-ciencias-de-la-vida-y-atencion-sanitaria\/"]}]},{"@type":"ImageObject","inLanguage":"es","@id":"https:\/\/gxp-training.com\/es\/online-course\/ciberseguridad-en-ciencias-de-la-vida-y-atencion-sanitaria\/#primaryimage","url":"https:\/\/gxp-training.com\/wp-content\/uploads\/2025\/07\/cybersecurity-in-life-sciences-and-healthcare.png","contentUrl":"https:\/\/gxp-training.com\/wp-content\/uploads\/2025\/07\/cybersecurity-in-life-sciences-and-healthcare.png","width":900,"height":627},{"@type":"BreadcrumbList","@id":"https:\/\/gxp-training.com\/es\/online-course\/ciberseguridad-en-ciencias-de-la-vida-y-atencion-sanitaria\/#breadcrumb","itemListElement":[{"@type":"ListItem","position":1,"name":"Inicio","item":"https:\/\/gxp-training.com\/es\/pagina-de-inicio\/"},{"@type":"ListItem","position":2,"name":"Productos","item":"https:\/\/gxp-training.com\/es\/shop\/"},{"@type":"ListItem","position":3,"name":"Ciberseguridad en Ciencias de la Vida y Atenci\u00f3n Sanitaria"}]},{"@type":"WebSite","@id":"https:\/\/gxp-training.com\/es\/#website","url":"https:\/\/gxp-training.com\/es\/","name":"GxP Training : Certified Online Courses for Life Sciences","description":"Online Trainings and Certified Courses in Regulatory Compliance for Pharmaceutical Experts","publisher":{"@id":"https:\/\/gxp-training.com\/es\/#organization"},"potentialAction":[{"@type":"SearchAction","target":{"@type":"EntryPoint","urlTemplate":"https:\/\/gxp-training.com\/es\/?s={search_term_string}"},"query-input":{"@type":"PropertyValueSpecification","valueRequired":true,"valueName":"search_term_string"}}],"inLanguage":"es"},{"@type":"Organization","@id":"https:\/\/gxp-training.com\/es\/#organization","name":"GXP Training","url":"https:\/\/gxp-training.com\/es\/","logo":{"@type":"ImageObject","inLanguage":"es","@id":"https:\/\/gxp-training.com\/es\/#\/schema\/logo\/image\/","url":"https:\/\/gxp-training.com\/wp-content\/uploads\/2022\/05\/logo-resize.png","contentUrl":"https:\/\/gxp-training.com\/wp-content\/uploads\/2022\/05\/logo-resize.png","width":350,"height":100,"caption":"GXP Training"},"image":{"@id":"https:\/\/gxp-training.com\/es\/#\/schema\/logo\/image\/"}}]}},"_links":{"self":[{"href":"https:\/\/gxp-training.com\/es\/wp-json\/wp\/v2\/product\/57959","targetHints":{"allow":["GET"]}}],"collection":[{"href":"https:\/\/gxp-training.com\/es\/wp-json\/wp\/v2\/product"}],"about":[{"href":"https:\/\/gxp-training.com\/es\/wp-json\/wp\/v2\/types\/product"}],"wp:featuredmedia":[{"embeddable":true,"href":"https:\/\/gxp-training.com\/es\/wp-json\/wp\/v2\/media\/52057"}],"wp:attachment":[{"href":"https:\/\/gxp-training.com\/es\/wp-json\/wp\/v2\/media?parent=57959"}],"wp:term":[{"taxonomy":"product_brand","embeddable":true,"href":"https:\/\/gxp-training.com\/es\/wp-json\/wp\/v2\/product_brand?post=57959"},{"taxonomy":"product_cat","embeddable":true,"href":"https:\/\/gxp-training.com\/es\/wp-json\/wp\/v2\/product_cat?post=57959"},{"taxonomy":"product_tag","embeddable":true,"href":"https:\/\/gxp-training.com\/es\/wp-json\/wp\/v2\/product_tag?post=57959"}],"curies":[{"name":"wp","href":"https:\/\/api.w.org\/{rel}","templated":true}]}}