{"id":57944,"date":"2025-01-06T12:19:40","date_gmt":"2025-01-06T12:19:40","guid":{"rendered":"https:\/\/gxp-training.com\/online-course\/reglamento-general-de-proteccion-de-datos-rgpd-para-el-sector-farmaceutico-y-ensayos-clinicos\/"},"modified":"2025-01-06T12:19:40","modified_gmt":"2025-01-06T11:19:40","slug":"reglamento-general-de-proteccion-de-datos-rgpd-para-el-sector-farmaceutico-y-ensayos-clinicos","status":"publish","type":"product","link":"https:\/\/gxp-training.com\/es\/online-course\/reglamento-general-de-proteccion-de-datos-rgpd-para-el-sector-farmaceutico-y-ensayos-clinicos\/","title":{"rendered":"Reglamento General de Protecci\u00f3n de Datos (RGPD) para el sector farmac\u00e9utico y ensayos cl\u00ednicos"},"content":{"rendered":"<p>Las organizaciones de ciencias de la salud manejan algunos de los datos personales m\u00e1s sensibles del mundo, por lo que el cumplimiento del <a href=\"https:\/\/gdpr-info.eu\/\">RGPD<\/a> es esencial para <a href=\"https:\/\/gxp-training.com\/es\/online-course\/gestion-de-datos-clinicos\/\">proteger la privacidad del paciente<\/a>, mantener la confianza y evitar costosas sanciones regulatorias. Los <a href=\"https:\/\/gxp-training.com\/es\/online-course\/asociado-de-investigacion-clinica-cra\/\">ensayos cl\u00ednicos<\/a>, las actividades de <a href=\"https:\/\/gxp-training.com\/es\/gxp-courses\/farmacovigilancia\/\">farmacovigilancia<\/a> y las colaboraciones de investigaci\u00f3n global requieren una comprensi\u00f3n clara de c\u00f3mo se aplica el RGPD a los <a href=\"https:\/\/gxp-training.com\/es\/online-course\/integridad-de-datos-farmaceuticos-alcoa-y-alcoa\/\">datos sanitarios<\/a>.<\/p>\n<p>Tras completarlo con \u00e9xito, los participantes recibir\u00e1n un <strong>certificado de formaci\u00f3n GxP descargable y reconocido internacionalmente, acreditado con cr\u00e9ditos CPD\/CEU<\/strong>, apto para registros profesionales y de RR. HH.<br \/>\n&nbsp;<br \/>\n<strong>\u00bfA qui\u00e9n va dirigido?<\/strong><br \/>\nEste curso es ideal para delegados de protecci\u00f3n de datos, responsables de cumplimiento y profesionales de la investigaci\u00f3n cl\u00ednica que <a href=\"https:\/\/gxp-training.com\/es\/online-course\/gestion-de-datos-clinicos\/\">gestionen datos de pacientes<\/a>. Tambi\u00e9n beneficia a especialistas en asuntos regulatorios, personal de garant\u00eda de calidad y profesionales farmac\u00e9uticos o biotecnol\u00f3gicos que manejen datos sensibles, garantizando el cumplimiento del RGPD en las organizaciones de ciencias de la salud.<br \/>\n&nbsp;<br \/>\n<strong>\u00bfQu\u00e9 aprender\u00e1?<\/strong><\/p>\n<ul>\n<li>Aplicar los principios del RGPD a la <a href=\"https:\/\/gxp-training.com\/es\/gxp-courses\/gcp-ensayos-clinicos\/\">investigaci\u00f3n cl\u00ednica<\/a> y a las operaciones farmac\u00e9uticas<\/li>\n<li>Comprender las responsabilidades del responsable frente al encargado del tratamiento<\/li>\n<li>Gestionar y documentar el consentimiento conforme al RGPD<\/li>\n<li>Hacer valer los derechos de los interesados durante todo el ciclo de vida del ensayo<\/li>\n<li>Realizar evaluaciones de impacto relativas a la protecci\u00f3n de datos (EIPD) eficaces<\/li>\n<li>Gestionar las transferencias de datos cl\u00ednicos de la UE a EE. UU.<\/li>\n<\/ul>\n<p>&nbsp;<\/p>\n<h3><b>Plan de estudios:<\/b><\/h3>\n<p><b>V\u00eddeo introductorio<\/b><\/p>\n<p><b>Lecci\u00f3n 1: Datos personales en la investigaci\u00f3n cl\u00ednica<\/b><\/p>\n<p><b>Lecci\u00f3n 2: Responsables del tratamiento en la protecci\u00f3n de datos cl\u00ednicos<\/b><\/p>\n<p><b>Lecci\u00f3n 3: Encargados del tratamiento en la protecci\u00f3n de datos cl\u00ednicos<\/b><\/p>\n<p><b>Lecci\u00f3n 4: El consentimiento<\/b><\/p>\n<p><b>Lecci\u00f3n 5: Derechos de los interesados<\/b><\/p>\n<p><b>Lecci\u00f3n 6: Evaluaci\u00f3n de impacto relativa a la protecci\u00f3n de datos (EIPD)<\/b><\/p>\n<p><b>Lecci\u00f3n 7: Gesti\u00f3n de transferencias internacionales de datos cl\u00ednicos<\/b><\/p>\n<p><b>Conclusi\u00f3n<\/b><\/p>\n<p><b>Evaluaci\u00f3n<\/b><\/p>\n","protected":false},"excerpt":{"rendered":"<p>Las organizaciones de ciencias de la salud manejan algunos de los datos personales m\u00e1s sensibles del mundo, por lo que el cumplimiento del RGPD es esencial para proteger la privacidad del paciente, mantener la confianza y evitar costosas sanciones regulatorias. Los ensayos cl\u00ednicos, las actividades de farmacovigilancia y las colaboraciones de investigaci\u00f3n global requieren una [&hellip;]<\/p>\n","protected":false},"featured_media":48899,"template":"","meta":{"_acf_changed":false,"content-type":""},"product_brand":[],"product_cat":[275,278,279],"product_tag":[],"class_list":{"0":"post-57944","1":"product","2":"type-product","3":"status-publish","4":"has-post-thumbnail","6":"product_cat-gcp-ensayos-clinicos","7":"product_cat-glp-buenas-practicas-de-laboratorio","8":"product_cat-hospitales-e-instituciones-sanitarias","10":"first","11":"instock","12":"taxable","13":"shipping-taxable","14":"purchasable","15":"product-type-subscription"},"bundled_by":[],"bundle_stock_status":"instock","bundle_stock_quantity":null,"bundle_virtual":false,"bundle_layout":"","bundle_add_to_cart_form_location":"","bundle_editable_in_cart":false,"bundle_sold_individually_context":"","bundle_item_grouping":"","bundle_min_size":"","bundle_max_size":"","bundle_price":[],"bundled_items":[],"bundle_sell_ids":[],"acf":[],"yoast_head":"<!-- This site is optimized with the Yoast SEO plugin v27.5 - https:\/\/yoast.com\/product\/yoast-seo-wordpress\/ -->\n<title>Curso certificado de RGPD para ciencias de la salud y ensayos cl\u00ednicos<\/title>\n<meta name=\"description\" content=\"Comience su formaci\u00f3n certificada en RGPD para ciencias de la salud. Asegure el cumplimiento del RGPD y proteja los datos personales en los ensayos cl\u00ednicos. Obtenga una certificaci\u00f3n CPD\/CEU.\" \/>\n<meta name=\"robots\" content=\"index, follow, max-snippet:-1, max-image-preview:large, max-video-preview:-1\" \/>\n<link rel=\"canonical\" href=\"https:\/\/gxp-training.com\/es\/online-course\/reglamento-general-de-proteccion-de-datos-rgpd-para-el-sector-farmaceutico-y-ensayos-clinicos\/\" \/>\n<meta property=\"og:locale\" content=\"es_ES\" \/>\n<meta property=\"og:type\" content=\"article\" \/>\n<meta property=\"og:title\" content=\"Curso certificado de RGPD para ciencias de la salud y ensayos cl\u00ednicos\" \/>\n<meta property=\"og:description\" content=\"Comience su formaci\u00f3n certificada en RGPD para ciencias de la salud. Asegure el cumplimiento del RGPD y proteja los datos personales en los ensayos cl\u00ednicos. Obtenga una certificaci\u00f3n CPD\/CEU.\" \/>\n<meta property=\"og:url\" content=\"https:\/\/gxp-training.com\/es\/online-course\/reglamento-general-de-proteccion-de-datos-rgpd-para-el-sector-farmaceutico-y-ensayos-clinicos\/\" \/>\n<meta property=\"og:site_name\" content=\"GxP Training : Certified Online Courses for Life Sciences\" \/>\n<meta property=\"og:image\" content=\"https:\/\/gxp-training.com\/wp-content\/uploads\/2025\/01\/GDPR.png\" \/>\n\t<meta property=\"og:image:width\" content=\"900\" \/>\n\t<meta property=\"og:image:height\" content=\"627\" \/>\n\t<meta property=\"og:image:type\" content=\"image\/png\" \/>\n<meta name=\"twitter:card\" content=\"summary_large_image\" \/>\n<meta name=\"twitter:label1\" content=\"Tiempo de lectura\" \/>\n\t<meta name=\"twitter:data1\" content=\"2 minutos\" \/>\n<script type=\"application\/ld+json\" class=\"yoast-schema-graph\">{\"@context\":\"https:\\\/\\\/schema.org\",\"@graph\":[{\"@type\":\"WebPage\",\"@id\":\"https:\\\/\\\/gxp-training.com\\\/es\\\/online-course\\\/reglamento-general-de-proteccion-de-datos-rgpd-para-el-sector-farmaceutico-y-ensayos-clinicos\\\/\",\"url\":\"https:\\\/\\\/gxp-training.com\\\/es\\\/online-course\\\/reglamento-general-de-proteccion-de-datos-rgpd-para-el-sector-farmaceutico-y-ensayos-clinicos\\\/\",\"name\":\"Curso certificado de RGPD para ciencias de la salud y ensayos cl\u00ednicos\",\"isPartOf\":{\"@id\":\"https:\\\/\\\/gxp-training.com\\\/es\\\/#website\"},\"primaryImageOfPage\":{\"@id\":\"https:\\\/\\\/gxp-training.com\\\/es\\\/online-course\\\/reglamento-general-de-proteccion-de-datos-rgpd-para-el-sector-farmaceutico-y-ensayos-clinicos\\\/#primaryimage\"},\"image\":{\"@id\":\"https:\\\/\\\/gxp-training.com\\\/es\\\/online-course\\\/reglamento-general-de-proteccion-de-datos-rgpd-para-el-sector-farmaceutico-y-ensayos-clinicos\\\/#primaryimage\"},\"thumbnailUrl\":\"https:\\\/\\\/gxp-training.com\\\/wp-content\\\/uploads\\\/2025\\\/01\\\/GDPR.png\",\"datePublished\":\"2025-01-06T12:19:40+00:00\",\"description\":\"Comience su formaci\u00f3n certificada en RGPD para ciencias de la salud. Asegure el cumplimiento del RGPD y proteja los datos personales en los ensayos cl\u00ednicos. Obtenga una certificaci\u00f3n CPD\\\/CEU.\",\"breadcrumb\":{\"@id\":\"https:\\\/\\\/gxp-training.com\\\/es\\\/online-course\\\/reglamento-general-de-proteccion-de-datos-rgpd-para-el-sector-farmaceutico-y-ensayos-clinicos\\\/#breadcrumb\"},\"inLanguage\":\"es\",\"potentialAction\":[{\"@type\":\"ReadAction\",\"target\":[\"https:\\\/\\\/gxp-training.com\\\/es\\\/online-course\\\/reglamento-general-de-proteccion-de-datos-rgpd-para-el-sector-farmaceutico-y-ensayos-clinicos\\\/\"]}]},{\"@type\":\"ImageObject\",\"inLanguage\":\"es\",\"@id\":\"https:\\\/\\\/gxp-training.com\\\/es\\\/online-course\\\/reglamento-general-de-proteccion-de-datos-rgpd-para-el-sector-farmaceutico-y-ensayos-clinicos\\\/#primaryimage\",\"url\":\"https:\\\/\\\/gxp-training.com\\\/wp-content\\\/uploads\\\/2025\\\/01\\\/GDPR.png\",\"contentUrl\":\"https:\\\/\\\/gxp-training.com\\\/wp-content\\\/uploads\\\/2025\\\/01\\\/GDPR.png\",\"width\":900,\"height\":627},{\"@type\":\"BreadcrumbList\",\"@id\":\"https:\\\/\\\/gxp-training.com\\\/es\\\/online-course\\\/reglamento-general-de-proteccion-de-datos-rgpd-para-el-sector-farmaceutico-y-ensayos-clinicos\\\/#breadcrumb\",\"itemListElement\":[{\"@type\":\"ListItem\",\"position\":1,\"name\":\"Inicio\",\"item\":\"https:\\\/\\\/gxp-training.com\\\/es\\\/pagina-de-inicio\\\/\"},{\"@type\":\"ListItem\",\"position\":2,\"name\":\"Productos\",\"item\":\"https:\\\/\\\/gxp-training.com\\\/es\\\/shop\\\/\"},{\"@type\":\"ListItem\",\"position\":3,\"name\":\"Reglamento General de Protecci\u00f3n de Datos (RGPD) para el sector farmac\u00e9utico y ensayos cl\u00ednicos\"}]},{\"@type\":\"WebSite\",\"@id\":\"https:\\\/\\\/gxp-training.com\\\/es\\\/#website\",\"url\":\"https:\\\/\\\/gxp-training.com\\\/es\\\/\",\"name\":\"GxP Training : Certified Online Courses for Life Sciences\",\"description\":\"Online Trainings and Certified Courses in Regulatory Compliance for Pharmaceutical Experts\",\"publisher\":{\"@id\":\"https:\\\/\\\/gxp-training.com\\\/es\\\/#organization\"},\"potentialAction\":[{\"@type\":\"SearchAction\",\"target\":{\"@type\":\"EntryPoint\",\"urlTemplate\":\"https:\\\/\\\/gxp-training.com\\\/es\\\/?s={search_term_string}\"},\"query-input\":{\"@type\":\"PropertyValueSpecification\",\"valueRequired\":true,\"valueName\":\"search_term_string\"}}],\"inLanguage\":\"es\"},{\"@type\":\"Organization\",\"@id\":\"https:\\\/\\\/gxp-training.com\\\/es\\\/#organization\",\"name\":\"GXP Training\",\"url\":\"https:\\\/\\\/gxp-training.com\\\/es\\\/\",\"logo\":{\"@type\":\"ImageObject\",\"inLanguage\":\"es\",\"@id\":\"https:\\\/\\\/gxp-training.com\\\/es\\\/#\\\/schema\\\/logo\\\/image\\\/\",\"url\":\"https:\\\/\\\/gxp-training.com\\\/wp-content\\\/uploads\\\/2022\\\/05\\\/logo-resize.png\",\"contentUrl\":\"https:\\\/\\\/gxp-training.com\\\/wp-content\\\/uploads\\\/2022\\\/05\\\/logo-resize.png\",\"width\":350,\"height\":100,\"caption\":\"GXP Training\"},\"image\":{\"@id\":\"https:\\\/\\\/gxp-training.com\\\/es\\\/#\\\/schema\\\/logo\\\/image\\\/\"}}]}<\/script>\n<!-- \/ Yoast SEO plugin. -->","yoast_head_json":{"title":"Curso certificado de RGPD para ciencias de la salud y ensayos cl\u00ednicos","description":"Comience su formaci\u00f3n certificada en RGPD para ciencias de la salud. Asegure el cumplimiento del RGPD y proteja los datos personales en los ensayos cl\u00ednicos. Obtenga una certificaci\u00f3n CPD\/CEU.","robots":{"index":"index","follow":"follow","max-snippet":"max-snippet:-1","max-image-preview":"max-image-preview:large","max-video-preview":"max-video-preview:-1"},"canonical":"https:\/\/gxp-training.com\/es\/online-course\/reglamento-general-de-proteccion-de-datos-rgpd-para-el-sector-farmaceutico-y-ensayos-clinicos\/","og_locale":"es_ES","og_type":"article","og_title":"Curso certificado de RGPD para ciencias de la salud y ensayos cl\u00ednicos","og_description":"Comience su formaci\u00f3n certificada en RGPD para ciencias de la salud. Asegure el cumplimiento del RGPD y proteja los datos personales en los ensayos cl\u00ednicos. Obtenga una certificaci\u00f3n CPD\/CEU.","og_url":"https:\/\/gxp-training.com\/es\/online-course\/reglamento-general-de-proteccion-de-datos-rgpd-para-el-sector-farmaceutico-y-ensayos-clinicos\/","og_site_name":"GxP Training : Certified Online Courses for Life Sciences","og_image":[{"width":900,"height":627,"url":"https:\/\/gxp-training.com\/wp-content\/uploads\/2025\/01\/GDPR.png","type":"image\/png"}],"twitter_card":"summary_large_image","twitter_misc":{"Tiempo de lectura":"2 minutos"},"schema":{"@context":"https:\/\/schema.org","@graph":[{"@type":"WebPage","@id":"https:\/\/gxp-training.com\/es\/online-course\/reglamento-general-de-proteccion-de-datos-rgpd-para-el-sector-farmaceutico-y-ensayos-clinicos\/","url":"https:\/\/gxp-training.com\/es\/online-course\/reglamento-general-de-proteccion-de-datos-rgpd-para-el-sector-farmaceutico-y-ensayos-clinicos\/","name":"Curso certificado de RGPD para ciencias de la salud y ensayos cl\u00ednicos","isPartOf":{"@id":"https:\/\/gxp-training.com\/es\/#website"},"primaryImageOfPage":{"@id":"https:\/\/gxp-training.com\/es\/online-course\/reglamento-general-de-proteccion-de-datos-rgpd-para-el-sector-farmaceutico-y-ensayos-clinicos\/#primaryimage"},"image":{"@id":"https:\/\/gxp-training.com\/es\/online-course\/reglamento-general-de-proteccion-de-datos-rgpd-para-el-sector-farmaceutico-y-ensayos-clinicos\/#primaryimage"},"thumbnailUrl":"https:\/\/gxp-training.com\/wp-content\/uploads\/2025\/01\/GDPR.png","datePublished":"2025-01-06T12:19:40+00:00","description":"Comience su formaci\u00f3n certificada en RGPD para ciencias de la salud. Asegure el cumplimiento del RGPD y proteja los datos personales en los ensayos cl\u00ednicos. Obtenga una certificaci\u00f3n CPD\/CEU.","breadcrumb":{"@id":"https:\/\/gxp-training.com\/es\/online-course\/reglamento-general-de-proteccion-de-datos-rgpd-para-el-sector-farmaceutico-y-ensayos-clinicos\/#breadcrumb"},"inLanguage":"es","potentialAction":[{"@type":"ReadAction","target":["https:\/\/gxp-training.com\/es\/online-course\/reglamento-general-de-proteccion-de-datos-rgpd-para-el-sector-farmaceutico-y-ensayos-clinicos\/"]}]},{"@type":"ImageObject","inLanguage":"es","@id":"https:\/\/gxp-training.com\/es\/online-course\/reglamento-general-de-proteccion-de-datos-rgpd-para-el-sector-farmaceutico-y-ensayos-clinicos\/#primaryimage","url":"https:\/\/gxp-training.com\/wp-content\/uploads\/2025\/01\/GDPR.png","contentUrl":"https:\/\/gxp-training.com\/wp-content\/uploads\/2025\/01\/GDPR.png","width":900,"height":627},{"@type":"BreadcrumbList","@id":"https:\/\/gxp-training.com\/es\/online-course\/reglamento-general-de-proteccion-de-datos-rgpd-para-el-sector-farmaceutico-y-ensayos-clinicos\/#breadcrumb","itemListElement":[{"@type":"ListItem","position":1,"name":"Inicio","item":"https:\/\/gxp-training.com\/es\/pagina-de-inicio\/"},{"@type":"ListItem","position":2,"name":"Productos","item":"https:\/\/gxp-training.com\/es\/shop\/"},{"@type":"ListItem","position":3,"name":"Reglamento General de Protecci\u00f3n de Datos (RGPD) para el sector farmac\u00e9utico y ensayos cl\u00ednicos"}]},{"@type":"WebSite","@id":"https:\/\/gxp-training.com\/es\/#website","url":"https:\/\/gxp-training.com\/es\/","name":"GxP Training : Certified Online Courses for Life Sciences","description":"Online Trainings and Certified Courses in Regulatory Compliance for Pharmaceutical Experts","publisher":{"@id":"https:\/\/gxp-training.com\/es\/#organization"},"potentialAction":[{"@type":"SearchAction","target":{"@type":"EntryPoint","urlTemplate":"https:\/\/gxp-training.com\/es\/?s={search_term_string}"},"query-input":{"@type":"PropertyValueSpecification","valueRequired":true,"valueName":"search_term_string"}}],"inLanguage":"es"},{"@type":"Organization","@id":"https:\/\/gxp-training.com\/es\/#organization","name":"GXP Training","url":"https:\/\/gxp-training.com\/es\/","logo":{"@type":"ImageObject","inLanguage":"es","@id":"https:\/\/gxp-training.com\/es\/#\/schema\/logo\/image\/","url":"https:\/\/gxp-training.com\/wp-content\/uploads\/2022\/05\/logo-resize.png","contentUrl":"https:\/\/gxp-training.com\/wp-content\/uploads\/2022\/05\/logo-resize.png","width":350,"height":100,"caption":"GXP Training"},"image":{"@id":"https:\/\/gxp-training.com\/es\/#\/schema\/logo\/image\/"}}]}},"_links":{"self":[{"href":"https:\/\/gxp-training.com\/es\/wp-json\/wp\/v2\/product\/57944","targetHints":{"allow":["GET"]}}],"collection":[{"href":"https:\/\/gxp-training.com\/es\/wp-json\/wp\/v2\/product"}],"about":[{"href":"https:\/\/gxp-training.com\/es\/wp-json\/wp\/v2\/types\/product"}],"wp:featuredmedia":[{"embeddable":true,"href":"https:\/\/gxp-training.com\/es\/wp-json\/wp\/v2\/media\/48899"}],"wp:attachment":[{"href":"https:\/\/gxp-training.com\/es\/wp-json\/wp\/v2\/media?parent=57944"}],"wp:term":[{"taxonomy":"product_brand","embeddable":true,"href":"https:\/\/gxp-training.com\/es\/wp-json\/wp\/v2\/product_brand?post=57944"},{"taxonomy":"product_cat","embeddable":true,"href":"https:\/\/gxp-training.com\/es\/wp-json\/wp\/v2\/product_cat?post=57944"},{"taxonomy":"product_tag","embeddable":true,"href":"https:\/\/gxp-training.com\/es\/wp-json\/wp\/v2\/product_tag?post=57944"}],"curies":[{"name":"wp","href":"https:\/\/api.w.org\/{rel}","templated":true}]}}