{"id":57940,"date":"2025-10-15T18:13:41","date_gmt":"2025-10-15T16:13:41","guid":{"rendered":"https:\/\/gxp-training.com\/online-course\/cumplimiento-pic-s-una-guia-completa-para-profesionales-farmaceuticos-y-hospitalarios\/"},"modified":"2025-10-15T18:13:41","modified_gmt":"2025-10-15T16:13:41","slug":"cumplimiento-pic-s-una-guia-completa-para-profesionales-farmaceuticos-y-hospitalarios","status":"publish","type":"product","link":"https:\/\/gxp-training.com\/es\/online-course\/cumplimiento-pic-s-una-guia-completa-para-profesionales-farmaceuticos-y-hospitalarios\/","title":{"rendered":"Cumplimiento PIC\/S: Una gu\u00eda completa para profesionales farmac\u00e9uticos y hospitalarios"},"content":{"rendered":"<p>Comprender y cumplir con los est\u00e1ndares farmac\u00e9uticos globales es esencial para garantizar la seguridad del paciente y la calidad del producto. Este curso est\u00e1 dise\u00f1ado para ayudar a los profesionales sanitarios y farmac\u00e9uticos a navegar por los complejos requisitos del <a href=\"https:\/\/picscheme.org\/en\/picscheme\">Esquema de Cooperaci\u00f3n de Inspecci\u00f3n Farmac\u00e9utica<\/a> (PIC\/S). A trav\u00e9s de estudios de caso, estrategias de implementaci\u00f3n y lecciones interactivas, aprender\u00e1 a aplicar los est\u00e1ndares PIC\/S tanto en la industria como en entornos hospitalarios.  <\/p>\n<p><strong>\u00bfQui\u00e9n deber\u00eda inscribirse?<\/strong><br \/>\nEste curso es ideal para profesionales responsables del cumplimiento, la calidad y los est\u00e1ndares operativos en entornos sanitarios y farmac\u00e9uticos, incluyendo:<\/p>\n<ul>\n<li>Administradores de hospitales y farmac\u00e9uticos cl\u00ednicos<\/li>\n<li>Gerentes de producci\u00f3n y operaciones<\/li>\n<li>Responsables de Garant\u00eda de Calidad y Control de Calidad<\/li>\n<li>Especialistas en Asuntos Regulatorios<\/li>\n<li>Gerentes de farmacia y laboratorio<\/li>\n<\/ul>\n<p><strong>\u00bfQu\u00e9 aprender\u00e1?<\/strong><br \/>\nAl finalizar el curso, los alumnos ser\u00e1n capaces de:<\/p>\n<ul>\n<li>Comprender los or\u00edgenes, el marco y los documentos clave de PIC\/S<\/li>\n<li>Aplicar los principios centrales de las <a href=\"https:\/\/gxp-training.com\/es\/gxp-courses\/bpf-buenas-practicas-de-fabricacion\/\">GMP<\/a> de PIC\/S en entornos de fabricaci\u00f3n y hospitalarios<\/li>\n<li>Preparar instalaciones, personal y documentaci\u00f3n para inspecciones<\/li>\n<li>Implementar enfoques basados en el riesgo utilizando herramientas QRM como FMEA y diagramas de Ishikawa<\/li>\n<li>Garantizar la integridad de los datos y gestionar el cumplimiento digital en l\u00ednea con los principios ALCOA+<\/li>\n<li>Integrar las pr\u00e1cticas GMP en las operaciones de farmacia hospitalaria est\u00e9riles y no est\u00e9riles<\/li>\n<li>Aprender de estudios de caso reales para mejorar el cumplimiento y el rendimiento operativo<\/li>\n<\/ul>\n<p>Al completar este curso, estar\u00e1 preparado para implementar las directrices PIC\/S con confianza, mejorar el cumplimiento en su organizaci\u00f3n y garantizar los m\u00e1s altos est\u00e1ndares de calidad y seguridad del paciente tanto en entornos farmac\u00e9uticos como hospitalarios.<\/p>\n<h3>Plan de estudios:<\/h3>\n<p><strong>M\u00f3dulo 1: Comprensi\u00f3n de PIC\/S \u2013 Or\u00edgenes y marco<\/strong><\/p>\n<ul>\n<li>Contexto hist\u00f3rico y g\u00e9nesis de PIC\/S<\/li>\n<li>Misi\u00f3n, objetivos, estructura y membres\u00eda<\/li>\n<li>Documentos clave y herramientas de armonizaci\u00f3n<\/li>\n<li>Beneficios de la participaci\u00f3n en PIC\/S para autoridades e industria<\/li>\n<li>Estudio de caso: La tragedia de la Talidomida y la evoluci\u00f3n regulatoria<\/li>\n<\/ul>\n<p><strong>M\u00f3dulo 2: Directrices centrales de PIC\/S <\/strong><\/p>\n<ul>\n<li>Visi\u00f3n general de la Gu\u00eda GMP de PIC\/S (PE009)<\/li>\n<li>Principios y est\u00e1ndares clave de las GMP<\/li>\n<\/ul>\n<p><strong>M\u00f3dulo 3: Principios GMP y preparaci\u00f3n para la inspecci\u00f3n<\/strong><\/p>\n<ul>\n<li>Cualificaci\u00f3n de instalaciones y equipos<\/li>\n<li>Controles de producci\u00f3n y validaci\u00f3n de procesos<\/li>\n<li>Documentaci\u00f3n y gesti\u00f3n de registros<\/li>\n<li>Competencia e higiene del personal<\/li>\n<li>Control de calidad, liberaci\u00f3n de lotes y gesti\u00f3n de desviaciones<\/li>\n<li>Cualificaci\u00f3n de proveedores y gesti\u00f3n de materiales<\/li>\n<li>Preparaci\u00f3n para la inspecci\u00f3n y mejora continua<\/li>\n<\/ul>\n<p><strong>M\u00f3dulo 4: Aplicaci\u00f3n de las GMP de PIC\/S en entornos hospitalarios y sanitarios<\/strong><\/p>\n<ul>\n<li>Alcance de las GMP en entornos hospitalarios y sanitarios<\/li>\n<li>Preparaci\u00f3n y reenvasado est\u00e9ril y no est\u00e9ril<\/li>\n<li>Gesti\u00f3n de salas blancas y equipos<\/li>\n<li>Documentaci\u00f3n, registros de lotes e integraci\u00f3n con los sistemas de calidad hospitalarios<\/li>\n<li>Retos y oportunidades en la implementaci\u00f3n de las GMP hospitalarias<\/li>\n<\/ul>\n<p><strong>M\u00f3dulo 5: Gesti\u00f3n de Riesgos de Calidad<\/strong><\/p>\n<ul>\n<li>Principios de ICH Q9 y alineaci\u00f3n con PIC\/S<\/li>\n<li>Diagramas FMEA e Ishikawa (espina de pescado)<\/li>\n<li>Toma de decisiones basada en el riesgo en desviaciones, limpieza y cualificaci\u00f3n de equipos<\/li>\n<li>Revisi\u00f3n continua e integraci\u00f3n de QRM<\/li>\n<\/ul>\n<p><strong>M\u00f3dulo 6: Integridad de los datos y cumplimiento digital <\/strong><\/p>\n<ul>\n<li>Fundamentos de la integridad de los datos (ALCOA y ALCOA+)<\/li>\n<li>Registro electr\u00f3nico y pistas de auditor\u00eda<\/li>\n<li>Prevenci\u00f3n de la manipulaci\u00f3n de datos<\/li>\n<li>Gesti\u00f3n de sistemas de datos h\u00edbridos y gobernanza<\/li>\n<li>Inspecciones y auditor\u00edas para la integridad de los datos<\/li>\n<\/ul>\n<p><strong>M\u00f3dulo 7: Estudios de caso<\/strong><\/p>\n<p><strong>Referencias<\/strong><\/p>\n<p><strong>Cuestionario<\/strong><\/p>\n","protected":false},"excerpt":{"rendered":"<p>Comprender y cumplir con los est\u00e1ndares farmac\u00e9uticos globales es esencial para garantizar la seguridad del paciente y la calidad del producto. Este curso est\u00e1 dise\u00f1ado para ayudar a los profesionales sanitarios y farmac\u00e9uticos a navegar por los complejos requisitos del Esquema de Cooperaci\u00f3n de Inspecci\u00f3n Farmac\u00e9utica (PIC\/S). A trav\u00e9s de estudios de caso, estrategias de [&hellip;]<\/p>\n","protected":false},"featured_media":52850,"template":"","meta":{"_acf_changed":false,"content-type":""},"product_brand":[],"product_cat":[268,269],"product_tag":[],"class_list":{"0":"post-57940","1":"product","2":"type-product","3":"status-publish","4":"has-post-thumbnail","6":"product_cat-farmacovigilancia","7":"product_cat-productos-farmaceuticos","9":"first","10":"instock","11":"taxable","12":"shipping-taxable","13":"purchasable","14":"product-type-subscription"},"bundled_by":[],"bundle_stock_status":"instock","bundle_stock_quantity":null,"bundle_virtual":false,"bundle_layout":"","bundle_add_to_cart_form_location":"","bundle_editable_in_cart":false,"bundle_sold_individually_context":"","bundle_item_grouping":"","bundle_min_size":"","bundle_max_size":"","bundle_price":[],"bundled_items":[],"bundle_sell_ids":[],"acf":[],"yoast_head":"<!-- This site is optimized with the Yoast SEO plugin v27.5 - https:\/\/yoast.com\/product\/yoast-seo-wordpress\/ -->\n<title>Formaci\u00f3n online sobre cumplimiento PIC\/S con certificaci\u00f3n<\/title>\n<meta name=\"description\" content=\"Aprenda los est\u00e1ndares PIC\/S con nuestro curso para profesionales farmac\u00e9uticos y hospitalarios. Comience su formaci\u00f3n certificada ahora y obtenga su acreditaci\u00f3n.\" \/>\n<meta name=\"robots\" content=\"index, follow, max-snippet:-1, max-image-preview:large, max-video-preview:-1\" \/>\n<link rel=\"canonical\" href=\"https:\/\/gxp-training.com\/es\/online-course\/cumplimiento-pic-s-una-guia-completa-para-profesionales-farmaceuticos-y-hospitalarios\/\" \/>\n<meta property=\"og:locale\" content=\"es_ES\" \/>\n<meta property=\"og:type\" content=\"article\" \/>\n<meta property=\"og:title\" content=\"Formaci\u00f3n online sobre cumplimiento PIC\/S con certificaci\u00f3n\" \/>\n<meta property=\"og:description\" content=\"Aprenda los est\u00e1ndares PIC\/S con nuestro curso para profesionales farmac\u00e9uticos y hospitalarios. Comience su formaci\u00f3n certificada ahora y obtenga su acreditaci\u00f3n.\" \/>\n<meta property=\"og:url\" content=\"https:\/\/gxp-training.com\/es\/online-course\/cumplimiento-pic-s-una-guia-completa-para-profesionales-farmaceuticos-y-hospitalarios\/\" \/>\n<meta property=\"og:site_name\" content=\"GxP Training : Certified Online Courses for Life Sciences\" \/>\n<meta property=\"og:image\" content=\"https:\/\/gxp-training.com\/wp-content\/uploads\/2025\/10\/PICS-Compliance.png\" \/>\n\t<meta property=\"og:image:width\" content=\"900\" \/>\n\t<meta property=\"og:image:height\" content=\"627\" \/>\n\t<meta property=\"og:image:type\" content=\"image\/png\" \/>\n<meta name=\"twitter:card\" content=\"summary_large_image\" \/>\n<meta name=\"twitter:label1\" content=\"Tiempo de lectura\" \/>\n\t<meta name=\"twitter:data1\" content=\"3 minutos\" \/>\n<script type=\"application\/ld+json\" class=\"yoast-schema-graph\">{\"@context\":\"https:\\\/\\\/schema.org\",\"@graph\":[{\"@type\":\"WebPage\",\"@id\":\"https:\\\/\\\/gxp-training.com\\\/es\\\/online-course\\\/cumplimiento-pic-s-una-guia-completa-para-profesionales-farmaceuticos-y-hospitalarios\\\/\",\"url\":\"https:\\\/\\\/gxp-training.com\\\/es\\\/online-course\\\/cumplimiento-pic-s-una-guia-completa-para-profesionales-farmaceuticos-y-hospitalarios\\\/\",\"name\":\"Formaci\u00f3n online sobre cumplimiento PIC\\\/S con certificaci\u00f3n\",\"isPartOf\":{\"@id\":\"https:\\\/\\\/gxp-training.com\\\/es\\\/#website\"},\"primaryImageOfPage\":{\"@id\":\"https:\\\/\\\/gxp-training.com\\\/es\\\/online-course\\\/cumplimiento-pic-s-una-guia-completa-para-profesionales-farmaceuticos-y-hospitalarios\\\/#primaryimage\"},\"image\":{\"@id\":\"https:\\\/\\\/gxp-training.com\\\/es\\\/online-course\\\/cumplimiento-pic-s-una-guia-completa-para-profesionales-farmaceuticos-y-hospitalarios\\\/#primaryimage\"},\"thumbnailUrl\":\"https:\\\/\\\/gxp-training.com\\\/wp-content\\\/uploads\\\/2025\\\/10\\\/PICS-Compliance.png\",\"datePublished\":\"2025-10-15T16:13:41+00:00\",\"description\":\"Aprenda los est\u00e1ndares PIC\\\/S con nuestro curso para profesionales farmac\u00e9uticos y hospitalarios. Comience su formaci\u00f3n certificada ahora y obtenga su acreditaci\u00f3n.\",\"breadcrumb\":{\"@id\":\"https:\\\/\\\/gxp-training.com\\\/es\\\/online-course\\\/cumplimiento-pic-s-una-guia-completa-para-profesionales-farmaceuticos-y-hospitalarios\\\/#breadcrumb\"},\"inLanguage\":\"es\",\"potentialAction\":[{\"@type\":\"ReadAction\",\"target\":[\"https:\\\/\\\/gxp-training.com\\\/es\\\/online-course\\\/cumplimiento-pic-s-una-guia-completa-para-profesionales-farmaceuticos-y-hospitalarios\\\/\"]}]},{\"@type\":\"ImageObject\",\"inLanguage\":\"es\",\"@id\":\"https:\\\/\\\/gxp-training.com\\\/es\\\/online-course\\\/cumplimiento-pic-s-una-guia-completa-para-profesionales-farmaceuticos-y-hospitalarios\\\/#primaryimage\",\"url\":\"https:\\\/\\\/gxp-training.com\\\/wp-content\\\/uploads\\\/2025\\\/10\\\/PICS-Compliance.png\",\"contentUrl\":\"https:\\\/\\\/gxp-training.com\\\/wp-content\\\/uploads\\\/2025\\\/10\\\/PICS-Compliance.png\",\"width\":900,\"height\":627,\"caption\":\"PIC\\\/S Compliance\"},{\"@type\":\"BreadcrumbList\",\"@id\":\"https:\\\/\\\/gxp-training.com\\\/es\\\/online-course\\\/cumplimiento-pic-s-una-guia-completa-para-profesionales-farmaceuticos-y-hospitalarios\\\/#breadcrumb\",\"itemListElement\":[{\"@type\":\"ListItem\",\"position\":1,\"name\":\"Inicio\",\"item\":\"https:\\\/\\\/gxp-training.com\\\/es\\\/pagina-de-inicio\\\/\"},{\"@type\":\"ListItem\",\"position\":2,\"name\":\"Productos\",\"item\":\"https:\\\/\\\/gxp-training.com\\\/es\\\/shop\\\/\"},{\"@type\":\"ListItem\",\"position\":3,\"name\":\"Cumplimiento PIC\\\/S: Una gu\u00eda completa para profesionales farmac\u00e9uticos y hospitalarios\"}]},{\"@type\":\"WebSite\",\"@id\":\"https:\\\/\\\/gxp-training.com\\\/es\\\/#website\",\"url\":\"https:\\\/\\\/gxp-training.com\\\/es\\\/\",\"name\":\"GxP Training : Certified Online Courses for Life Sciences\",\"description\":\"Online Trainings and Certified Courses in Regulatory Compliance for Pharmaceutical Experts\",\"publisher\":{\"@id\":\"https:\\\/\\\/gxp-training.com\\\/es\\\/#organization\"},\"potentialAction\":[{\"@type\":\"SearchAction\",\"target\":{\"@type\":\"EntryPoint\",\"urlTemplate\":\"https:\\\/\\\/gxp-training.com\\\/es\\\/?s={search_term_string}\"},\"query-input\":{\"@type\":\"PropertyValueSpecification\",\"valueRequired\":true,\"valueName\":\"search_term_string\"}}],\"inLanguage\":\"es\"},{\"@type\":\"Organization\",\"@id\":\"https:\\\/\\\/gxp-training.com\\\/es\\\/#organization\",\"name\":\"GXP Training\",\"url\":\"https:\\\/\\\/gxp-training.com\\\/es\\\/\",\"logo\":{\"@type\":\"ImageObject\",\"inLanguage\":\"es\",\"@id\":\"https:\\\/\\\/gxp-training.com\\\/es\\\/#\\\/schema\\\/logo\\\/image\\\/\",\"url\":\"https:\\\/\\\/gxp-training.com\\\/wp-content\\\/uploads\\\/2022\\\/05\\\/logo-resize.png\",\"contentUrl\":\"https:\\\/\\\/gxp-training.com\\\/wp-content\\\/uploads\\\/2022\\\/05\\\/logo-resize.png\",\"width\":350,\"height\":100,\"caption\":\"GXP Training\"},\"image\":{\"@id\":\"https:\\\/\\\/gxp-training.com\\\/es\\\/#\\\/schema\\\/logo\\\/image\\\/\"}}]}<\/script>\n<!-- \/ Yoast SEO plugin. -->","yoast_head_json":{"title":"Formaci\u00f3n online sobre cumplimiento PIC\/S con certificaci\u00f3n","description":"Aprenda los est\u00e1ndares PIC\/S con nuestro curso para profesionales farmac\u00e9uticos y hospitalarios. Comience su formaci\u00f3n certificada ahora y obtenga su acreditaci\u00f3n.","robots":{"index":"index","follow":"follow","max-snippet":"max-snippet:-1","max-image-preview":"max-image-preview:large","max-video-preview":"max-video-preview:-1"},"canonical":"https:\/\/gxp-training.com\/es\/online-course\/cumplimiento-pic-s-una-guia-completa-para-profesionales-farmaceuticos-y-hospitalarios\/","og_locale":"es_ES","og_type":"article","og_title":"Formaci\u00f3n online sobre cumplimiento PIC\/S con certificaci\u00f3n","og_description":"Aprenda los est\u00e1ndares PIC\/S con nuestro curso para profesionales farmac\u00e9uticos y hospitalarios. Comience su formaci\u00f3n certificada ahora y obtenga su acreditaci\u00f3n.","og_url":"https:\/\/gxp-training.com\/es\/online-course\/cumplimiento-pic-s-una-guia-completa-para-profesionales-farmaceuticos-y-hospitalarios\/","og_site_name":"GxP Training : Certified Online Courses for Life Sciences","og_image":[{"width":900,"height":627,"url":"https:\/\/gxp-training.com\/wp-content\/uploads\/2025\/10\/PICS-Compliance.png","type":"image\/png"}],"twitter_card":"summary_large_image","twitter_misc":{"Tiempo de lectura":"3 minutos"},"schema":{"@context":"https:\/\/schema.org","@graph":[{"@type":"WebPage","@id":"https:\/\/gxp-training.com\/es\/online-course\/cumplimiento-pic-s-una-guia-completa-para-profesionales-farmaceuticos-y-hospitalarios\/","url":"https:\/\/gxp-training.com\/es\/online-course\/cumplimiento-pic-s-una-guia-completa-para-profesionales-farmaceuticos-y-hospitalarios\/","name":"Formaci\u00f3n online sobre cumplimiento PIC\/S con certificaci\u00f3n","isPartOf":{"@id":"https:\/\/gxp-training.com\/es\/#website"},"primaryImageOfPage":{"@id":"https:\/\/gxp-training.com\/es\/online-course\/cumplimiento-pic-s-una-guia-completa-para-profesionales-farmaceuticos-y-hospitalarios\/#primaryimage"},"image":{"@id":"https:\/\/gxp-training.com\/es\/online-course\/cumplimiento-pic-s-una-guia-completa-para-profesionales-farmaceuticos-y-hospitalarios\/#primaryimage"},"thumbnailUrl":"https:\/\/gxp-training.com\/wp-content\/uploads\/2025\/10\/PICS-Compliance.png","datePublished":"2025-10-15T16:13:41+00:00","description":"Aprenda los est\u00e1ndares PIC\/S con nuestro curso para profesionales farmac\u00e9uticos y hospitalarios. Comience su formaci\u00f3n certificada ahora y obtenga su acreditaci\u00f3n.","breadcrumb":{"@id":"https:\/\/gxp-training.com\/es\/online-course\/cumplimiento-pic-s-una-guia-completa-para-profesionales-farmaceuticos-y-hospitalarios\/#breadcrumb"},"inLanguage":"es","potentialAction":[{"@type":"ReadAction","target":["https:\/\/gxp-training.com\/es\/online-course\/cumplimiento-pic-s-una-guia-completa-para-profesionales-farmaceuticos-y-hospitalarios\/"]}]},{"@type":"ImageObject","inLanguage":"es","@id":"https:\/\/gxp-training.com\/es\/online-course\/cumplimiento-pic-s-una-guia-completa-para-profesionales-farmaceuticos-y-hospitalarios\/#primaryimage","url":"https:\/\/gxp-training.com\/wp-content\/uploads\/2025\/10\/PICS-Compliance.png","contentUrl":"https:\/\/gxp-training.com\/wp-content\/uploads\/2025\/10\/PICS-Compliance.png","width":900,"height":627,"caption":"PIC\/S Compliance"},{"@type":"BreadcrumbList","@id":"https:\/\/gxp-training.com\/es\/online-course\/cumplimiento-pic-s-una-guia-completa-para-profesionales-farmaceuticos-y-hospitalarios\/#breadcrumb","itemListElement":[{"@type":"ListItem","position":1,"name":"Inicio","item":"https:\/\/gxp-training.com\/es\/pagina-de-inicio\/"},{"@type":"ListItem","position":2,"name":"Productos","item":"https:\/\/gxp-training.com\/es\/shop\/"},{"@type":"ListItem","position":3,"name":"Cumplimiento PIC\/S: Una gu\u00eda completa para profesionales farmac\u00e9uticos y hospitalarios"}]},{"@type":"WebSite","@id":"https:\/\/gxp-training.com\/es\/#website","url":"https:\/\/gxp-training.com\/es\/","name":"GxP Training : Certified Online Courses for Life Sciences","description":"Online Trainings and Certified Courses in Regulatory Compliance for Pharmaceutical Experts","publisher":{"@id":"https:\/\/gxp-training.com\/es\/#organization"},"potentialAction":[{"@type":"SearchAction","target":{"@type":"EntryPoint","urlTemplate":"https:\/\/gxp-training.com\/es\/?s={search_term_string}"},"query-input":{"@type":"PropertyValueSpecification","valueRequired":true,"valueName":"search_term_string"}}],"inLanguage":"es"},{"@type":"Organization","@id":"https:\/\/gxp-training.com\/es\/#organization","name":"GXP Training","url":"https:\/\/gxp-training.com\/es\/","logo":{"@type":"ImageObject","inLanguage":"es","@id":"https:\/\/gxp-training.com\/es\/#\/schema\/logo\/image\/","url":"https:\/\/gxp-training.com\/wp-content\/uploads\/2022\/05\/logo-resize.png","contentUrl":"https:\/\/gxp-training.com\/wp-content\/uploads\/2022\/05\/logo-resize.png","width":350,"height":100,"caption":"GXP Training"},"image":{"@id":"https:\/\/gxp-training.com\/es\/#\/schema\/logo\/image\/"}}]}},"_links":{"self":[{"href":"https:\/\/gxp-training.com\/es\/wp-json\/wp\/v2\/product\/57940","targetHints":{"allow":["GET"]}}],"collection":[{"href":"https:\/\/gxp-training.com\/es\/wp-json\/wp\/v2\/product"}],"about":[{"href":"https:\/\/gxp-training.com\/es\/wp-json\/wp\/v2\/types\/product"}],"wp:featuredmedia":[{"embeddable":true,"href":"https:\/\/gxp-training.com\/es\/wp-json\/wp\/v2\/media\/52850"}],"wp:attachment":[{"href":"https:\/\/gxp-training.com\/es\/wp-json\/wp\/v2\/media?parent=57940"}],"wp:term":[{"taxonomy":"product_brand","embeddable":true,"href":"https:\/\/gxp-training.com\/es\/wp-json\/wp\/v2\/product_brand?post=57940"},{"taxonomy":"product_cat","embeddable":true,"href":"https:\/\/gxp-training.com\/es\/wp-json\/wp\/v2\/product_cat?post=57940"},{"taxonomy":"product_tag","embeddable":true,"href":"https:\/\/gxp-training.com\/es\/wp-json\/wp\/v2\/product_tag?post=57940"}],"curies":[{"name":"wp","href":"https:\/\/api.w.org\/{rel}","templated":true}]}}