{"id":57923,"date":"2025-10-06T19:43:48","date_gmt":"2025-10-06T17:43:48","guid":{"rendered":"https:\/\/gxp-training.com\/online-course\/buenas-practicas-de-distribucion-de-medicamentos-veterinarios-ue-2021-1248\/"},"modified":"2025-10-06T19:43:48","modified_gmt":"2025-10-06T17:43:48","slug":"buenas-practicas-de-distribucion-de-medicamentos-veterinarios-ue-2021-1248","status":"publish","type":"product","link":"https:\/\/gxp-training.com\/es\/online-course\/buenas-practicas-de-distribucion-de-medicamentos-veterinarios-ue-2021-1248\/","title":{"rendered":"Buenas Pr\u00e1cticas de Distribuci\u00f3n de Medicamentos Veterinarios: (UE) 2021\/1248"},"content":{"rendered":"<p>La calidad, seguridad y eficacia de los medicamentos veterinarios no solo dependen de c\u00f3mo se fabrican, sino tambi\u00e9n de c\u00f3mo se almacenan, manipulan y distribuyen. Cualquier fallo en la cadena de distribuci\u00f3n puede comprometer la integridad del producto, afectando potencialmente tanto a la salud animal como a la salud p\u00fablica. <\/p>\n<p>Este curso se centra en mantener la calidad e integridad de los medicamentos veterinarios a lo largo de toda la cadena de suministro, seg\u00fan lo exigido por el <a href=\"https:\/\/eur-lex.europa.eu\/eli\/reg_impl\/2021\/1248\/oj\/eng\">Reglamento de Ejecuci\u00f3n (UE) 2021\/1248 de la Comisi\u00f3n<\/a>.<\/p>\n<p>Los participantes adquirir\u00e1n una comprensi\u00f3n clara de los elementos esenciales de las <a href=\"https:\/\/gxp-training.com\/es\/gxp-courses\/bpd-buenas-practicas-de-distribucion\/\">Buenas Pr\u00e1cticas de Distribuci\u00f3n<\/a> (BPD) y de la normativa de la UE que garantiza que los medicamentos veterinarios se almacenan y distribuyen de forma segura.<\/p>\n<p><b>\u00bfQui\u00e9n deber\u00eda inscribirse?<\/b><br \/>\nEste curso est\u00e1 dise\u00f1ado para profesionales involucrados en el almacenamiento, manipulaci\u00f3n y distribuci\u00f3n de medicamentos veterinarios a lo largo de la cadena de suministro. Es especialmente valioso para: <\/p>\n<ul>\n<li>Profesionales de <a href=\"https:\/\/gxp-training.com\/es\/online-course\/introduccion-a-la-calidad-farmaceutica\/\">Garant\u00eda de Calidad<\/a> y Control de Calidad<\/li>\n<li>Responsables de <a href=\"https:\/\/gxp-training.com\/es\/online-course\/almacenes-farmaceuticos-practicas-de-almacenamiento\/\">Almac\u00e9n<\/a> y Distribuci\u00f3n<\/li>\n<li>Profesionales de Log\u00edstica y Cadena de Suministro<\/li>\n<li>Mayoristas, Importadores y Distribuidores de medicamentos veterinarios<\/li>\n<li>Personal de hospitales veterinarios involucrado en el almacenamiento o transporte de productos<\/li>\n<\/ul>\n<p>&nbsp;<\/p>\n<p><b>\u00bfQu\u00e9 aprender\u00e1?<\/b><\/p>\n<ul>\n<li>Interpretar y aplicar los requisitos del Reglamento de Ejecuci\u00f3n (UE) 2021\/1248 de la Comisi\u00f3n<\/li>\n<li>Garantizar que las instalaciones de almacenamiento, equipos y condiciones de transporte protejan la calidad e integridad de los productos veterinarios<\/li>\n<li>Implementar pr\u00e1cticas conformes de documentaci\u00f3n y mantenimiento de registros<\/li>\n<li>Preparar su organizaci\u00f3n para inspecciones regulatorias y auditor\u00edas centradas en medicamentos veterinarios<\/li>\n<\/ul>\n<p>Al finalizar el curso, los participantes estar\u00e1n equipados con los conocimientos y herramientas para aplicar eficazmente los requisitos de BPD en su organizaci\u00f3n. Tras completarlo con \u00e9xito, recibir\u00e1 un certificado validado acreditado con cr\u00e9ditos CPD\/CEU y reconocido por auditores. <\/p>\n<p>&nbsp;<\/p>\n<h3>Programa<\/h3>\n<p>&nbsp;<\/p>\n<p><strong>Introducci\u00f3n<\/strong><\/p>\n<p><strong>Lecci\u00f3n 1: Disposiciones Generales<\/strong><\/p>\n<p><strong>Lecci\u00f3n 2: Construcci\u00f3n de un Sistema de Gesti\u00f3n de Calidad en BPD<\/strong><\/p>\n<p><strong>Lecci\u00f3n 3: Funciones y Responsabilidades del Personal<\/strong><\/p>\n<p><strong>Lecci\u00f3n 4: Cumplimiento de BPD en Instalaciones y Equipos<\/strong><\/p>\n<p><strong>Lecci\u00f3n 5: Documentaci\u00f3n y Mantenimiento de Registros<\/strong><\/p>\n<p><strong>Lecci\u00f3n 6: Operaciones<\/strong><\/p>\n<p><strong>Lecci\u00f3n 7: Reclamaciones, Devoluciones, Medicamentos Falsificados Sospechosos y Retiradas de Medicamentos<\/strong><\/p>\n<p><strong>Lecci\u00f3n 8: Actividades Subcontratadas<\/strong><\/p>\n<p><strong>Lecci\u00f3n 9: Autoinspecciones<\/strong><\/p>\n<p><strong>Lecci\u00f3n 10: Transporte<\/strong><\/p>\n<p><strong>Lecci\u00f3n 11: Disposiciones Finales<\/strong><\/p>\n<p><strong>Conclusi\u00f3n<\/strong><\/p>\n<p><strong>Glosario<\/strong><\/p>\n<p><strong>Cuestionario<\/strong><\/p>\n","protected":false},"excerpt":{"rendered":"<p>La calidad, seguridad y eficacia de los medicamentos veterinarios no solo dependen de c\u00f3mo se fabrican, sino tambi\u00e9n de c\u00f3mo se almacenan, manipulan y distribuyen. Cualquier fallo en la cadena de distribuci\u00f3n puede comprometer la integridad del producto, afectando potencialmente tanto a la salud animal como a la salud p\u00fablica. Este curso se centra en [&hellip;]<\/p>\n","protected":false},"featured_media":52673,"template":"","meta":{"_acf_changed":false,"content-type":""},"product_brand":[],"product_cat":[280,286],"product_tag":[],"class_list":{"0":"post-57923","1":"product","2":"type-product","3":"status-publish","4":"has-post-thumbnail","6":"product_cat-bpd-buenas-practicas-de-distribucion","7":"product_cat-veterinaria","9":"first","10":"instock","11":"taxable","12":"shipping-taxable","13":"purchasable","14":"product-type-subscription"},"bundled_by":[],"bundle_stock_status":"instock","bundle_stock_quantity":null,"bundle_virtual":false,"bundle_layout":"","bundle_add_to_cart_form_location":"","bundle_editable_in_cart":false,"bundle_sold_individually_context":"","bundle_item_grouping":"","bundle_min_size":"","bundle_max_size":"","bundle_price":[],"bundled_items":[],"bundle_sell_ids":[],"acf":[],"yoast_head":"<!-- This site is optimized with the Yoast SEO plugin v27.5 - https:\/\/yoast.com\/product\/yoast-seo-wordpress\/ -->\n<title>BPD para Medicamentos Veterinarios \u2013 Curso de Formaci\u00f3n Certificado<\/title>\n<meta name=\"description\" content=\"Curso online de BPD para medicamentos veterinarios. \u00a1Obtenga su certificaci\u00f3n ahora! Aprenda a garantizar la calidad, seguridad y cumplimiento seg\u00fan la UE 2021\/1248.\" \/>\n<meta name=\"robots\" content=\"index, follow, max-snippet:-1, max-image-preview:large, max-video-preview:-1\" \/>\n<link rel=\"canonical\" href=\"https:\/\/gxp-training.com\/es\/online-course\/buenas-practicas-de-distribucion-de-medicamentos-veterinarios-ue-2021-1248\/\" \/>\n<meta property=\"og:locale\" content=\"es_ES\" \/>\n<meta property=\"og:type\" content=\"article\" \/>\n<meta property=\"og:title\" content=\"BPD para Medicamentos Veterinarios \u2013 Curso de Formaci\u00f3n Certificado\" \/>\n<meta property=\"og:description\" content=\"Curso online de BPD para medicamentos veterinarios. \u00a1Obtenga su certificaci\u00f3n ahora! Aprenda a garantizar la calidad, seguridad y cumplimiento seg\u00fan la UE 2021\/1248.\" \/>\n<meta property=\"og:url\" content=\"https:\/\/gxp-training.com\/es\/online-course\/buenas-practicas-de-distribucion-de-medicamentos-veterinarios-ue-2021-1248\/\" \/>\n<meta property=\"og:site_name\" content=\"GxP Training : Certified Online Courses for Life Sciences\" \/>\n<meta property=\"og:image\" content=\"https:\/\/gxp-training.com\/wp-content\/uploads\/2025\/10\/gdp-for-vet-1.png\" \/>\n\t<meta property=\"og:image:width\" content=\"900\" \/>\n\t<meta property=\"og:image:height\" content=\"627\" \/>\n\t<meta property=\"og:image:type\" content=\"image\/png\" \/>\n<meta name=\"twitter:card\" content=\"summary_large_image\" \/>\n<meta name=\"twitter:label1\" content=\"Tiempo de lectura\" \/>\n\t<meta name=\"twitter:data1\" content=\"2 minutos\" \/>\n<script type=\"application\/ld+json\" class=\"yoast-schema-graph\">{\"@context\":\"https:\\\/\\\/schema.org\",\"@graph\":[{\"@type\":\"WebPage\",\"@id\":\"https:\\\/\\\/gxp-training.com\\\/es\\\/online-course\\\/buenas-practicas-de-distribucion-de-medicamentos-veterinarios-ue-2021-1248\\\/\",\"url\":\"https:\\\/\\\/gxp-training.com\\\/es\\\/online-course\\\/buenas-practicas-de-distribucion-de-medicamentos-veterinarios-ue-2021-1248\\\/\",\"name\":\"BPD para Medicamentos Veterinarios \u2013 Curso de Formaci\u00f3n Certificado\",\"isPartOf\":{\"@id\":\"https:\\\/\\\/gxp-training.com\\\/es\\\/#website\"},\"primaryImageOfPage\":{\"@id\":\"https:\\\/\\\/gxp-training.com\\\/es\\\/online-course\\\/buenas-practicas-de-distribucion-de-medicamentos-veterinarios-ue-2021-1248\\\/#primaryimage\"},\"image\":{\"@id\":\"https:\\\/\\\/gxp-training.com\\\/es\\\/online-course\\\/buenas-practicas-de-distribucion-de-medicamentos-veterinarios-ue-2021-1248\\\/#primaryimage\"},\"thumbnailUrl\":\"https:\\\/\\\/gxp-training.com\\\/wp-content\\\/uploads\\\/2025\\\/10\\\/gdp-for-vet-1.png\",\"datePublished\":\"2025-10-06T17:43:48+00:00\",\"description\":\"Curso online de BPD para medicamentos veterinarios. \u00a1Obtenga su certificaci\u00f3n ahora! Aprenda a garantizar la calidad, seguridad y cumplimiento seg\u00fan la UE 2021\\\/1248.\",\"breadcrumb\":{\"@id\":\"https:\\\/\\\/gxp-training.com\\\/es\\\/online-course\\\/buenas-practicas-de-distribucion-de-medicamentos-veterinarios-ue-2021-1248\\\/#breadcrumb\"},\"inLanguage\":\"es\",\"potentialAction\":[{\"@type\":\"ReadAction\",\"target\":[\"https:\\\/\\\/gxp-training.com\\\/es\\\/online-course\\\/buenas-practicas-de-distribucion-de-medicamentos-veterinarios-ue-2021-1248\\\/\"]}]},{\"@type\":\"ImageObject\",\"inLanguage\":\"es\",\"@id\":\"https:\\\/\\\/gxp-training.com\\\/es\\\/online-course\\\/buenas-practicas-de-distribucion-de-medicamentos-veterinarios-ue-2021-1248\\\/#primaryimage\",\"url\":\"https:\\\/\\\/gxp-training.com\\\/wp-content\\\/uploads\\\/2025\\\/10\\\/gdp-for-vet-1.png\",\"contentUrl\":\"https:\\\/\\\/gxp-training.com\\\/wp-content\\\/uploads\\\/2025\\\/10\\\/gdp-for-vet-1.png\",\"width\":900,\"height\":627},{\"@type\":\"BreadcrumbList\",\"@id\":\"https:\\\/\\\/gxp-training.com\\\/es\\\/online-course\\\/buenas-practicas-de-distribucion-de-medicamentos-veterinarios-ue-2021-1248\\\/#breadcrumb\",\"itemListElement\":[{\"@type\":\"ListItem\",\"position\":1,\"name\":\"Inicio\",\"item\":\"https:\\\/\\\/gxp-training.com\\\/es\\\/pagina-de-inicio\\\/\"},{\"@type\":\"ListItem\",\"position\":2,\"name\":\"Productos\",\"item\":\"https:\\\/\\\/gxp-training.com\\\/es\\\/shop\\\/\"},{\"@type\":\"ListItem\",\"position\":3,\"name\":\"Buenas Pr\u00e1cticas de Distribuci\u00f3n de Medicamentos Veterinarios: (UE) 2021\\\/1248\"}]},{\"@type\":\"WebSite\",\"@id\":\"https:\\\/\\\/gxp-training.com\\\/es\\\/#website\",\"url\":\"https:\\\/\\\/gxp-training.com\\\/es\\\/\",\"name\":\"GxP Training : Certified Online Courses for Life Sciences\",\"description\":\"Online Trainings and Certified Courses in Regulatory Compliance for Pharmaceutical Experts\",\"publisher\":{\"@id\":\"https:\\\/\\\/gxp-training.com\\\/es\\\/#organization\"},\"potentialAction\":[{\"@type\":\"SearchAction\",\"target\":{\"@type\":\"EntryPoint\",\"urlTemplate\":\"https:\\\/\\\/gxp-training.com\\\/es\\\/?s={search_term_string}\"},\"query-input\":{\"@type\":\"PropertyValueSpecification\",\"valueRequired\":true,\"valueName\":\"search_term_string\"}}],\"inLanguage\":\"es\"},{\"@type\":\"Organization\",\"@id\":\"https:\\\/\\\/gxp-training.com\\\/es\\\/#organization\",\"name\":\"GXP Training\",\"url\":\"https:\\\/\\\/gxp-training.com\\\/es\\\/\",\"logo\":{\"@type\":\"ImageObject\",\"inLanguage\":\"es\",\"@id\":\"https:\\\/\\\/gxp-training.com\\\/es\\\/#\\\/schema\\\/logo\\\/image\\\/\",\"url\":\"https:\\\/\\\/gxp-training.com\\\/wp-content\\\/uploads\\\/2022\\\/05\\\/logo-resize.png\",\"contentUrl\":\"https:\\\/\\\/gxp-training.com\\\/wp-content\\\/uploads\\\/2022\\\/05\\\/logo-resize.png\",\"width\":350,\"height\":100,\"caption\":\"GXP Training\"},\"image\":{\"@id\":\"https:\\\/\\\/gxp-training.com\\\/es\\\/#\\\/schema\\\/logo\\\/image\\\/\"}}]}<\/script>\n<!-- \/ Yoast SEO plugin. -->","yoast_head_json":{"title":"BPD para Medicamentos Veterinarios \u2013 Curso de Formaci\u00f3n Certificado","description":"Curso online de BPD para medicamentos veterinarios. \u00a1Obtenga su certificaci\u00f3n ahora! Aprenda a garantizar la calidad, seguridad y cumplimiento seg\u00fan la UE 2021\/1248.","robots":{"index":"index","follow":"follow","max-snippet":"max-snippet:-1","max-image-preview":"max-image-preview:large","max-video-preview":"max-video-preview:-1"},"canonical":"https:\/\/gxp-training.com\/es\/online-course\/buenas-practicas-de-distribucion-de-medicamentos-veterinarios-ue-2021-1248\/","og_locale":"es_ES","og_type":"article","og_title":"BPD para Medicamentos Veterinarios \u2013 Curso de Formaci\u00f3n Certificado","og_description":"Curso online de BPD para medicamentos veterinarios. \u00a1Obtenga su certificaci\u00f3n ahora! Aprenda a garantizar la calidad, seguridad y cumplimiento seg\u00fan la UE 2021\/1248.","og_url":"https:\/\/gxp-training.com\/es\/online-course\/buenas-practicas-de-distribucion-de-medicamentos-veterinarios-ue-2021-1248\/","og_site_name":"GxP Training : Certified Online Courses for Life Sciences","og_image":[{"width":900,"height":627,"url":"https:\/\/gxp-training.com\/wp-content\/uploads\/2025\/10\/gdp-for-vet-1.png","type":"image\/png"}],"twitter_card":"summary_large_image","twitter_misc":{"Tiempo de lectura":"2 minutos"},"schema":{"@context":"https:\/\/schema.org","@graph":[{"@type":"WebPage","@id":"https:\/\/gxp-training.com\/es\/online-course\/buenas-practicas-de-distribucion-de-medicamentos-veterinarios-ue-2021-1248\/","url":"https:\/\/gxp-training.com\/es\/online-course\/buenas-practicas-de-distribucion-de-medicamentos-veterinarios-ue-2021-1248\/","name":"BPD para Medicamentos Veterinarios \u2013 Curso de Formaci\u00f3n Certificado","isPartOf":{"@id":"https:\/\/gxp-training.com\/es\/#website"},"primaryImageOfPage":{"@id":"https:\/\/gxp-training.com\/es\/online-course\/buenas-practicas-de-distribucion-de-medicamentos-veterinarios-ue-2021-1248\/#primaryimage"},"image":{"@id":"https:\/\/gxp-training.com\/es\/online-course\/buenas-practicas-de-distribucion-de-medicamentos-veterinarios-ue-2021-1248\/#primaryimage"},"thumbnailUrl":"https:\/\/gxp-training.com\/wp-content\/uploads\/2025\/10\/gdp-for-vet-1.png","datePublished":"2025-10-06T17:43:48+00:00","description":"Curso online de BPD para medicamentos veterinarios. \u00a1Obtenga su certificaci\u00f3n ahora! Aprenda a garantizar la calidad, seguridad y cumplimiento seg\u00fan la UE 2021\/1248.","breadcrumb":{"@id":"https:\/\/gxp-training.com\/es\/online-course\/buenas-practicas-de-distribucion-de-medicamentos-veterinarios-ue-2021-1248\/#breadcrumb"},"inLanguage":"es","potentialAction":[{"@type":"ReadAction","target":["https:\/\/gxp-training.com\/es\/online-course\/buenas-practicas-de-distribucion-de-medicamentos-veterinarios-ue-2021-1248\/"]}]},{"@type":"ImageObject","inLanguage":"es","@id":"https:\/\/gxp-training.com\/es\/online-course\/buenas-practicas-de-distribucion-de-medicamentos-veterinarios-ue-2021-1248\/#primaryimage","url":"https:\/\/gxp-training.com\/wp-content\/uploads\/2025\/10\/gdp-for-vet-1.png","contentUrl":"https:\/\/gxp-training.com\/wp-content\/uploads\/2025\/10\/gdp-for-vet-1.png","width":900,"height":627},{"@type":"BreadcrumbList","@id":"https:\/\/gxp-training.com\/es\/online-course\/buenas-practicas-de-distribucion-de-medicamentos-veterinarios-ue-2021-1248\/#breadcrumb","itemListElement":[{"@type":"ListItem","position":1,"name":"Inicio","item":"https:\/\/gxp-training.com\/es\/pagina-de-inicio\/"},{"@type":"ListItem","position":2,"name":"Productos","item":"https:\/\/gxp-training.com\/es\/shop\/"},{"@type":"ListItem","position":3,"name":"Buenas Pr\u00e1cticas de Distribuci\u00f3n de Medicamentos Veterinarios: (UE) 2021\/1248"}]},{"@type":"WebSite","@id":"https:\/\/gxp-training.com\/es\/#website","url":"https:\/\/gxp-training.com\/es\/","name":"GxP Training : Certified Online Courses for Life Sciences","description":"Online Trainings and Certified Courses in Regulatory Compliance for Pharmaceutical Experts","publisher":{"@id":"https:\/\/gxp-training.com\/es\/#organization"},"potentialAction":[{"@type":"SearchAction","target":{"@type":"EntryPoint","urlTemplate":"https:\/\/gxp-training.com\/es\/?s={search_term_string}"},"query-input":{"@type":"PropertyValueSpecification","valueRequired":true,"valueName":"search_term_string"}}],"inLanguage":"es"},{"@type":"Organization","@id":"https:\/\/gxp-training.com\/es\/#organization","name":"GXP Training","url":"https:\/\/gxp-training.com\/es\/","logo":{"@type":"ImageObject","inLanguage":"es","@id":"https:\/\/gxp-training.com\/es\/#\/schema\/logo\/image\/","url":"https:\/\/gxp-training.com\/wp-content\/uploads\/2022\/05\/logo-resize.png","contentUrl":"https:\/\/gxp-training.com\/wp-content\/uploads\/2022\/05\/logo-resize.png","width":350,"height":100,"caption":"GXP Training"},"image":{"@id":"https:\/\/gxp-training.com\/es\/#\/schema\/logo\/image\/"}}]}},"_links":{"self":[{"href":"https:\/\/gxp-training.com\/es\/wp-json\/wp\/v2\/product\/57923","targetHints":{"allow":["GET"]}}],"collection":[{"href":"https:\/\/gxp-training.com\/es\/wp-json\/wp\/v2\/product"}],"about":[{"href":"https:\/\/gxp-training.com\/es\/wp-json\/wp\/v2\/types\/product"}],"wp:featuredmedia":[{"embeddable":true,"href":"https:\/\/gxp-training.com\/es\/wp-json\/wp\/v2\/media\/52673"}],"wp:attachment":[{"href":"https:\/\/gxp-training.com\/es\/wp-json\/wp\/v2\/media?parent=57923"}],"wp:term":[{"taxonomy":"product_brand","embeddable":true,"href":"https:\/\/gxp-training.com\/es\/wp-json\/wp\/v2\/product_brand?post=57923"},{"taxonomy":"product_cat","embeddable":true,"href":"https:\/\/gxp-training.com\/es\/wp-json\/wp\/v2\/product_cat?post=57923"},{"taxonomy":"product_tag","embeddable":true,"href":"https:\/\/gxp-training.com\/es\/wp-json\/wp\/v2\/product_tag?post=57923"}],"curies":[{"name":"wp","href":"https:\/\/api.w.org\/{rel}","templated":true}]}}