{"id":57914,"date":"2025-12-09T19:51:19","date_gmt":"2025-12-09T18:51:19","guid":{"rendered":"https:\/\/gxp-training.com\/online-course\/farmacocinetica-y-farmacodinamica-para-principiantes-y-profesionales\/"},"modified":"2025-12-09T19:51:19","modified_gmt":"2025-12-09T18:51:19","slug":"farmacocinetica-y-farmacodinamica-para-principiantes-y-profesionales","status":"publish","type":"product","link":"https:\/\/gxp-training.com\/es\/online-course\/farmacocinetica-y-farmacodinamica-para-principiantes-y-profesionales\/","title":{"rendered":"Farmacocin\u00e9tica y Farmacodin\u00e1mica para Principiantes y Profesionales"},"content":{"rendered":"<p>Comprender los principios cient\u00edficos de c\u00f3mo los f\u00e1rmacos se mueven por el cuerpo y ejercen sus efectos es esencial para garantizar la calidad del producto, el cumplimiento normativo y la seguridad del paciente. Este curso est\u00e1 dise\u00f1ado para ayudar a los profesionales farmac\u00e9uticos y sanitarios a navegar por los principios fundamentales de la <a href=\"https:\/\/www.fda.gov\/regulatory-information\/search-fda-guidance-documents\/population-pharmacokinetics\">farmacocin\u00e9tica<\/a> (FC) y la <a href=\"https:\/\/pharmacologycanada.org\/Pharmacodynamics\">farmacodin\u00e1mica<\/a> (FD), destacando su papel en el desarrollo de f\u00e1rmacos, la revisi\u00f3n regulatoria y la monitorizaci\u00f3n de la seguridad. <\/p>\n<p>Desarrollado por expertos en asuntos regulatorios, farmacovigilancia y ciencia cl\u00ednica, este curso a su propio ritmo traduce conceptos complejos de FC\/FD en conocimiento pr\u00e1ctico utilizando ejemplos del mundo real, estudios de caso y escenarios interfuncionales.<\/p>\n<p>Al finalizar con \u00e9xito, recibir\u00e1 un <strong>certificado validado<\/strong> acreditado con cr\u00e9ditos CPD\/CEU y reconocido por los auditores.<\/p>\n<p>&nbsp;<\/p>\n<p><strong>\u2705 \u00bfA qui\u00e9n va dirigido?<\/strong><br \/>\nEste curso est\u00e1 dise\u00f1ado para profesionales involucrados en ensayos cl\u00ednicos, presentaciones regulatorias, monitorizaci\u00f3n de la seguridad o garant\u00eda de calidad, incluyendo:<\/p>\n<ul>\n<li><a href=\"https:\/\/gxp-training.com\/es\/online-course\/especialista-en-asuntos-regulatorios\/\">Especialistas en Asuntos Regulatorios<\/a><\/li>\n<li>Profesionales de <a href=\"https:\/\/gxp-training.com\/es\/online-course\/paquete-de-farmacovigilancia\/\">farmacovigilancia<\/a> y seguridad de medicamentos<\/li>\n<li>Equipos de Garant\u00eda de Calidad y CMC<\/li>\n<li>Personal de investigaci\u00f3n cl\u00ednica y asuntos m\u00e9dicos<\/li>\n<li>Cient\u00edficos de I+D y desarrolladores de formulaciones<\/li>\n<li>Profesionales que preparan presentaciones regulatorias o revisan datos de FC\/FD<\/li>\n<\/ul>\n<p>&nbsp;<\/p>\n<p><strong>\ud83c\udfaf \u00bfQu\u00e9 aprender\u00e1?<\/strong><\/p>\n<ul>\n<li>Comprender los principios fundamentales de la farmacocin\u00e9tica (FC) y la farmacodin\u00e1mica (FD)<\/li>\n<li>Distinguir entre c\u00f3mo el cuerpo afecta a un f\u00e1rmaco (FC) y c\u00f3mo el f\u00e1rmaco afecta al cuerpo (FD)<\/li>\n<li>Comprender el papel de la FC\/FD en el desarrollo de f\u00e1rmacos, la optimizaci\u00f3n de la dosis y la aprobaci\u00f3n regulatoria<\/li>\n<li>Aprender c\u00f3mo se presentan y revisan los datos de FC\/FD en las presentaciones regulatorias<\/li>\n<li>Aplicar los conocimientos de FC\/FD en farmacovigilancia, evaluaci\u00f3n de riesgos y monitorizaci\u00f3n de la seguridad<\/li>\n<\/ul>\n<p>&nbsp;<\/p>\n<h3>Plan de estudios:<\/h3>\n<p><strong>Lecci\u00f3n 1: Introducci\u00f3n a la Farmacocin\u00e9tica (FC) y Farmacodin\u00e1mica (FD)<\/strong><\/p>\n<p><strong>Lecci\u00f3n 2: Fundamentos de Farmacocin\u00e9tica (FC)<\/strong><\/p>\n<ul>\n<li>Las cuatro etapas de ADME: Absorci\u00f3n, Distribuci\u00f3n, Metabolismo, Eliminaci\u00f3n<\/li>\n<li>Par\u00e1metros clave de FC y su relevancia regulatoria<\/li>\n<li>Interpretaci\u00f3n de datos de FC en documentos regulatorios<\/li>\n<\/ul>\n<p>&nbsp;<\/p>\n<p><strong>Lecci\u00f3n 3: Fundamentos de Farmacodin\u00e1mica (FD)<\/strong><\/p>\n<ul>\n<li>\u00bfQu\u00e9 es la FD?<\/li>\n<li>Mecanismos de acci\u00f3n de los f\u00e1rmacos y efecto terap\u00e9utico<\/li>\n<\/ul>\n<p>&nbsp;<\/p>\n<p><strong> Lecci\u00f3n 4: Integraci\u00f3n FC\/FD<\/strong><\/p>\n<ul>\n<li>C\u00f3mo la FC y la FD trabajan juntas<\/li>\n<li>Por qu\u00e9 es importante la integraci\u00f3n FC\/FD<\/li>\n<li>Ejemplos de integraci\u00f3n FC\/FD en la pr\u00e1ctica<\/li>\n<\/ul>\n<p>&nbsp;<\/p>\n<p><strong>Lecci\u00f3n 5: FC\/FD en Presentaciones Regulatorias<\/strong><\/p>\n<ul>\n<li>Expectativas de la FDA y la EMA para los datos de FC\/FD<\/li>\n<li>Datos t\u00edpicos de FC\/FD incluidos en las presentaciones<\/li>\n<li>Estructura CTD (NDA)<\/li>\n<\/ul>\n<p>&nbsp;<\/p>\n<p><strong>Lecci\u00f3n 6: FC\/FD en Seguridad y Farmacovigilancia<\/strong><\/p>\n<ul>\n<li>FC\/FD en la monitorizaci\u00f3n de la seguridad<\/li>\n<li>Dosis-respuesta vs. exposici\u00f3n-respuesta<\/li>\n<li>Identificaci\u00f3n de poblaciones de alto riesgo y aplicaci\u00f3n de REMS<\/li>\n<li>Ejemplo de caso: Zyprexa Relprevv <a href=\"https:\/\/www.accessdata.fda.gov\/scripts\/cder\/rems\/index.cfm\">REMS<\/a><\/li>\n<\/ul>\n<p>&nbsp;<\/p>\n<p><strong>Lecci\u00f3n 7: Aplicaciones Pr\u00e1cticas en Diferentes Roles<\/strong><\/p>\n<ul>\n<li>A qui\u00e9n pertenece la FC\/FD en las diferentes funciones<\/li>\n<li>Interpretaci\u00f3n de datos como equipo interfuncional (mini estudio de caso)<\/li>\n<\/ul>\n<p>&nbsp;<\/p>\n<p><strong>Conclusi\u00f3n<\/strong><\/p>\n<p><strong>Evaluaci\u00f3n<\/strong><\/p>\n","protected":false},"excerpt":{"rendered":"<p>Comprender los principios cient\u00edficos de c\u00f3mo los f\u00e1rmacos se mueven por el cuerpo y ejercen sus efectos es esencial para garantizar la calidad del producto, el cumplimiento normativo y la seguridad del paciente. Este curso est\u00e1 dise\u00f1ado para ayudar a los profesionales farmac\u00e9uticos y sanitarios a navegar por los principios fundamentales de la farmacocin\u00e9tica (FC) [&hellip;]<\/p>\n","protected":false},"featured_media":53985,"template":"","meta":{"_acf_changed":false,"content-type":""},"product_brand":[],"product_cat":[268,269],"product_tag":[],"class_list":{"0":"post-57914","1":"product","2":"type-product","3":"status-publish","4":"has-post-thumbnail","6":"product_cat-farmacovigilancia","7":"product_cat-productos-farmaceuticos","9":"first","10":"instock","11":"taxable","12":"shipping-taxable","13":"purchasable","14":"product-type-subscription"},"bundled_by":[],"bundle_stock_status":"instock","bundle_stock_quantity":null,"bundle_virtual":false,"bundle_layout":"","bundle_add_to_cart_form_location":"","bundle_editable_in_cart":false,"bundle_sold_individually_context":"","bundle_item_grouping":"","bundle_min_size":"","bundle_max_size":"","bundle_price":[],"bundled_items":[],"bundle_sell_ids":[],"acf":[],"yoast_head":"<!-- This site is optimized with the Yoast SEO plugin v27.5 - https:\/\/yoast.com\/product\/yoast-seo-wordpress\/ -->\n<title>Curso Certificado de Farmacocin\u00e9tica y Farmacodin\u00e1mica<\/title>\n<meta name=\"description\" content=\"Curso Certificado online de farmacocin\u00e9tica y farmacodin\u00e1mica para roles regulatorios y de calidad. Obtenga la certificaci\u00f3n CPD\/CEU y un certificado listo para auditor\u00eda.\" \/>\n<meta name=\"robots\" content=\"index, follow, max-snippet:-1, max-image-preview:large, max-video-preview:-1\" \/>\n<link rel=\"canonical\" href=\"https:\/\/gxp-training.com\/es\/online-course\/farmacocinetica-y-farmacodinamica-para-principiantes-y-profesionales\/\" \/>\n<meta property=\"og:locale\" content=\"es_ES\" \/>\n<meta property=\"og:type\" content=\"article\" \/>\n<meta property=\"og:title\" content=\"Curso Certificado de Farmacocin\u00e9tica y Farmacodin\u00e1mica\" \/>\n<meta property=\"og:description\" content=\"Curso Certificado online de farmacocin\u00e9tica y farmacodin\u00e1mica para roles regulatorios y de calidad. Obtenga la certificaci\u00f3n CPD\/CEU y un certificado listo para auditor\u00eda.\" \/>\n<meta property=\"og:url\" content=\"https:\/\/gxp-training.com\/es\/online-course\/farmacocinetica-y-farmacodinamica-para-principiantes-y-profesionales\/\" \/>\n<meta property=\"og:site_name\" content=\"GxP Training : Certified Online Courses for Life Sciences\" \/>\n<meta property=\"og:image\" content=\"https:\/\/gxp-training.com\/wp-content\/uploads\/2025\/12\/Phamacokinetics.png\" \/>\n\t<meta property=\"og:image:width\" content=\"900\" \/>\n\t<meta property=\"og:image:height\" content=\"627\" \/>\n\t<meta property=\"og:image:type\" content=\"image\/png\" \/>\n<meta name=\"twitter:card\" content=\"summary_large_image\" \/>\n<meta name=\"twitter:label1\" content=\"Tiempo de lectura\" \/>\n\t<meta name=\"twitter:data1\" content=\"3 minutos\" \/>\n<script type=\"application\/ld+json\" class=\"yoast-schema-graph\">{\"@context\":\"https:\\\/\\\/schema.org\",\"@graph\":[{\"@type\":\"WebPage\",\"@id\":\"https:\\\/\\\/gxp-training.com\\\/es\\\/online-course\\\/farmacocinetica-y-farmacodinamica-para-principiantes-y-profesionales\\\/\",\"url\":\"https:\\\/\\\/gxp-training.com\\\/es\\\/online-course\\\/farmacocinetica-y-farmacodinamica-para-principiantes-y-profesionales\\\/\",\"name\":\"Curso Certificado de Farmacocin\u00e9tica y Farmacodin\u00e1mica\",\"isPartOf\":{\"@id\":\"https:\\\/\\\/gxp-training.com\\\/es\\\/#website\"},\"primaryImageOfPage\":{\"@id\":\"https:\\\/\\\/gxp-training.com\\\/es\\\/online-course\\\/farmacocinetica-y-farmacodinamica-para-principiantes-y-profesionales\\\/#primaryimage\"},\"image\":{\"@id\":\"https:\\\/\\\/gxp-training.com\\\/es\\\/online-course\\\/farmacocinetica-y-farmacodinamica-para-principiantes-y-profesionales\\\/#primaryimage\"},\"thumbnailUrl\":\"https:\\\/\\\/gxp-training.com\\\/wp-content\\\/uploads\\\/2025\\\/12\\\/Phamacokinetics.png\",\"datePublished\":\"2025-12-09T18:51:19+00:00\",\"description\":\"Curso Certificado online de farmacocin\u00e9tica y farmacodin\u00e1mica para roles regulatorios y de calidad. Obtenga la certificaci\u00f3n CPD\\\/CEU y un certificado listo para auditor\u00eda.\",\"breadcrumb\":{\"@id\":\"https:\\\/\\\/gxp-training.com\\\/es\\\/online-course\\\/farmacocinetica-y-farmacodinamica-para-principiantes-y-profesionales\\\/#breadcrumb\"},\"inLanguage\":\"es\",\"potentialAction\":[{\"@type\":\"ReadAction\",\"target\":[\"https:\\\/\\\/gxp-training.com\\\/es\\\/online-course\\\/farmacocinetica-y-farmacodinamica-para-principiantes-y-profesionales\\\/\"]}]},{\"@type\":\"ImageObject\",\"inLanguage\":\"es\",\"@id\":\"https:\\\/\\\/gxp-training.com\\\/es\\\/online-course\\\/farmacocinetica-y-farmacodinamica-para-principiantes-y-profesionales\\\/#primaryimage\",\"url\":\"https:\\\/\\\/gxp-training.com\\\/wp-content\\\/uploads\\\/2025\\\/12\\\/Phamacokinetics.png\",\"contentUrl\":\"https:\\\/\\\/gxp-training.com\\\/wp-content\\\/uploads\\\/2025\\\/12\\\/Phamacokinetics.png\",\"width\":900,\"height\":627},{\"@type\":\"BreadcrumbList\",\"@id\":\"https:\\\/\\\/gxp-training.com\\\/es\\\/online-course\\\/farmacocinetica-y-farmacodinamica-para-principiantes-y-profesionales\\\/#breadcrumb\",\"itemListElement\":[{\"@type\":\"ListItem\",\"position\":1,\"name\":\"Inicio\",\"item\":\"https:\\\/\\\/gxp-training.com\\\/es\\\/pagina-de-inicio\\\/\"},{\"@type\":\"ListItem\",\"position\":2,\"name\":\"Productos\",\"item\":\"https:\\\/\\\/gxp-training.com\\\/es\\\/shop\\\/\"},{\"@type\":\"ListItem\",\"position\":3,\"name\":\"Farmacocin\u00e9tica y Farmacodin\u00e1mica para Principiantes y Profesionales\"}]},{\"@type\":\"WebSite\",\"@id\":\"https:\\\/\\\/gxp-training.com\\\/es\\\/#website\",\"url\":\"https:\\\/\\\/gxp-training.com\\\/es\\\/\",\"name\":\"GxP Training : Certified Online Courses for Life Sciences\",\"description\":\"Online Trainings and Certified Courses in Regulatory Compliance for Pharmaceutical Experts\",\"publisher\":{\"@id\":\"https:\\\/\\\/gxp-training.com\\\/es\\\/#organization\"},\"potentialAction\":[{\"@type\":\"SearchAction\",\"target\":{\"@type\":\"EntryPoint\",\"urlTemplate\":\"https:\\\/\\\/gxp-training.com\\\/es\\\/?s={search_term_string}\"},\"query-input\":{\"@type\":\"PropertyValueSpecification\",\"valueRequired\":true,\"valueName\":\"search_term_string\"}}],\"inLanguage\":\"es\"},{\"@type\":\"Organization\",\"@id\":\"https:\\\/\\\/gxp-training.com\\\/es\\\/#organization\",\"name\":\"GXP Training\",\"url\":\"https:\\\/\\\/gxp-training.com\\\/es\\\/\",\"logo\":{\"@type\":\"ImageObject\",\"inLanguage\":\"es\",\"@id\":\"https:\\\/\\\/gxp-training.com\\\/es\\\/#\\\/schema\\\/logo\\\/image\\\/\",\"url\":\"https:\\\/\\\/gxp-training.com\\\/wp-content\\\/uploads\\\/2022\\\/05\\\/logo-resize.png\",\"contentUrl\":\"https:\\\/\\\/gxp-training.com\\\/wp-content\\\/uploads\\\/2022\\\/05\\\/logo-resize.png\",\"width\":350,\"height\":100,\"caption\":\"GXP Training\"},\"image\":{\"@id\":\"https:\\\/\\\/gxp-training.com\\\/es\\\/#\\\/schema\\\/logo\\\/image\\\/\"}}]}<\/script>\n<!-- \/ Yoast SEO plugin. -->","yoast_head_json":{"title":"Curso Certificado de Farmacocin\u00e9tica y Farmacodin\u00e1mica","description":"Curso Certificado online de farmacocin\u00e9tica y farmacodin\u00e1mica para roles regulatorios y de calidad. Obtenga la certificaci\u00f3n CPD\/CEU y un certificado listo para auditor\u00eda.","robots":{"index":"index","follow":"follow","max-snippet":"max-snippet:-1","max-image-preview":"max-image-preview:large","max-video-preview":"max-video-preview:-1"},"canonical":"https:\/\/gxp-training.com\/es\/online-course\/farmacocinetica-y-farmacodinamica-para-principiantes-y-profesionales\/","og_locale":"es_ES","og_type":"article","og_title":"Curso Certificado de Farmacocin\u00e9tica y Farmacodin\u00e1mica","og_description":"Curso Certificado online de farmacocin\u00e9tica y farmacodin\u00e1mica para roles regulatorios y de calidad. Obtenga la certificaci\u00f3n CPD\/CEU y un certificado listo para auditor\u00eda.","og_url":"https:\/\/gxp-training.com\/es\/online-course\/farmacocinetica-y-farmacodinamica-para-principiantes-y-profesionales\/","og_site_name":"GxP Training : Certified Online Courses for Life Sciences","og_image":[{"width":900,"height":627,"url":"https:\/\/gxp-training.com\/wp-content\/uploads\/2025\/12\/Phamacokinetics.png","type":"image\/png"}],"twitter_card":"summary_large_image","twitter_misc":{"Tiempo de lectura":"3 minutos"},"schema":{"@context":"https:\/\/schema.org","@graph":[{"@type":"WebPage","@id":"https:\/\/gxp-training.com\/es\/online-course\/farmacocinetica-y-farmacodinamica-para-principiantes-y-profesionales\/","url":"https:\/\/gxp-training.com\/es\/online-course\/farmacocinetica-y-farmacodinamica-para-principiantes-y-profesionales\/","name":"Curso Certificado de Farmacocin\u00e9tica y Farmacodin\u00e1mica","isPartOf":{"@id":"https:\/\/gxp-training.com\/es\/#website"},"primaryImageOfPage":{"@id":"https:\/\/gxp-training.com\/es\/online-course\/farmacocinetica-y-farmacodinamica-para-principiantes-y-profesionales\/#primaryimage"},"image":{"@id":"https:\/\/gxp-training.com\/es\/online-course\/farmacocinetica-y-farmacodinamica-para-principiantes-y-profesionales\/#primaryimage"},"thumbnailUrl":"https:\/\/gxp-training.com\/wp-content\/uploads\/2025\/12\/Phamacokinetics.png","datePublished":"2025-12-09T18:51:19+00:00","description":"Curso Certificado online de farmacocin\u00e9tica y farmacodin\u00e1mica para roles regulatorios y de calidad. Obtenga la certificaci\u00f3n CPD\/CEU y un certificado listo para auditor\u00eda.","breadcrumb":{"@id":"https:\/\/gxp-training.com\/es\/online-course\/farmacocinetica-y-farmacodinamica-para-principiantes-y-profesionales\/#breadcrumb"},"inLanguage":"es","potentialAction":[{"@type":"ReadAction","target":["https:\/\/gxp-training.com\/es\/online-course\/farmacocinetica-y-farmacodinamica-para-principiantes-y-profesionales\/"]}]},{"@type":"ImageObject","inLanguage":"es","@id":"https:\/\/gxp-training.com\/es\/online-course\/farmacocinetica-y-farmacodinamica-para-principiantes-y-profesionales\/#primaryimage","url":"https:\/\/gxp-training.com\/wp-content\/uploads\/2025\/12\/Phamacokinetics.png","contentUrl":"https:\/\/gxp-training.com\/wp-content\/uploads\/2025\/12\/Phamacokinetics.png","width":900,"height":627},{"@type":"BreadcrumbList","@id":"https:\/\/gxp-training.com\/es\/online-course\/farmacocinetica-y-farmacodinamica-para-principiantes-y-profesionales\/#breadcrumb","itemListElement":[{"@type":"ListItem","position":1,"name":"Inicio","item":"https:\/\/gxp-training.com\/es\/pagina-de-inicio\/"},{"@type":"ListItem","position":2,"name":"Productos","item":"https:\/\/gxp-training.com\/es\/shop\/"},{"@type":"ListItem","position":3,"name":"Farmacocin\u00e9tica y Farmacodin\u00e1mica para Principiantes y Profesionales"}]},{"@type":"WebSite","@id":"https:\/\/gxp-training.com\/es\/#website","url":"https:\/\/gxp-training.com\/es\/","name":"GxP Training : Certified Online Courses for Life Sciences","description":"Online Trainings and Certified Courses in Regulatory Compliance for Pharmaceutical Experts","publisher":{"@id":"https:\/\/gxp-training.com\/es\/#organization"},"potentialAction":[{"@type":"SearchAction","target":{"@type":"EntryPoint","urlTemplate":"https:\/\/gxp-training.com\/es\/?s={search_term_string}"},"query-input":{"@type":"PropertyValueSpecification","valueRequired":true,"valueName":"search_term_string"}}],"inLanguage":"es"},{"@type":"Organization","@id":"https:\/\/gxp-training.com\/es\/#organization","name":"GXP Training","url":"https:\/\/gxp-training.com\/es\/","logo":{"@type":"ImageObject","inLanguage":"es","@id":"https:\/\/gxp-training.com\/es\/#\/schema\/logo\/image\/","url":"https:\/\/gxp-training.com\/wp-content\/uploads\/2022\/05\/logo-resize.png","contentUrl":"https:\/\/gxp-training.com\/wp-content\/uploads\/2022\/05\/logo-resize.png","width":350,"height":100,"caption":"GXP Training"},"image":{"@id":"https:\/\/gxp-training.com\/es\/#\/schema\/logo\/image\/"}}]}},"_links":{"self":[{"href":"https:\/\/gxp-training.com\/es\/wp-json\/wp\/v2\/product\/57914","targetHints":{"allow":["GET"]}}],"collection":[{"href":"https:\/\/gxp-training.com\/es\/wp-json\/wp\/v2\/product"}],"about":[{"href":"https:\/\/gxp-training.com\/es\/wp-json\/wp\/v2\/types\/product"}],"wp:featuredmedia":[{"embeddable":true,"href":"https:\/\/gxp-training.com\/es\/wp-json\/wp\/v2\/media\/53985"}],"wp:attachment":[{"href":"https:\/\/gxp-training.com\/es\/wp-json\/wp\/v2\/media?parent=57914"}],"wp:term":[{"taxonomy":"product_brand","embeddable":true,"href":"https:\/\/gxp-training.com\/es\/wp-json\/wp\/v2\/product_brand?post=57914"},{"taxonomy":"product_cat","embeddable":true,"href":"https:\/\/gxp-training.com\/es\/wp-json\/wp\/v2\/product_cat?post=57914"},{"taxonomy":"product_tag","embeddable":true,"href":"https:\/\/gxp-training.com\/es\/wp-json\/wp\/v2\/product_tag?post=57914"}],"curies":[{"name":"wp","href":"https:\/\/api.w.org\/{rel}","templated":true}]}}