{"id":57906,"date":"2026-01-31T04:17:21","date_gmt":"2026-01-31T03:17:21","guid":{"rendered":"https:\/\/gxp-training.com\/online-course\/aseguramiento-del-software-informatico-para-ciencias-de-la-vida\/"},"modified":"2026-01-31T04:17:21","modified_gmt":"2026-01-31T03:17:21","slug":"aseguramiento-del-software-informatico-para-ciencias-de-la-vida","status":"publish","type":"product","link":"https:\/\/gxp-training.com\/es\/online-course\/aseguramiento-del-software-informatico-para-ciencias-de-la-vida\/","title":{"rendered":"Aseguramiento del software inform\u00e1tico para ciencias de la vida"},"content":{"rendered":"<p>Las inspecciones de la FDA han demostrado repetidamente que las pr\u00e1cticas tradicionales de Validaci\u00f3n de Sistemas Inform\u00e1ticos (CSV) pueden desviar el esfuerzo, sobrevalidando software de bajo riesgo mientras se presta poca atenci\u00f3n a riesgos cr\u00edticos de fabricaci\u00f3n. En respuesta, la <a href=\"https:\/\/www.fda.gov\/regulatory-information\/search-fda-guidance-documents\/computer-software-assurance-production-and-quality-management-system-software\">FDA<\/a> introdujo el Aseguramiento del software inform\u00e1tico (CSA), un enfoque moderno basado en el riesgo dise\u00f1ado para mejorar c\u00f3mo las empresas de ciencias de la vida validan el software de producci\u00f3n y de sistemas de calidad. <\/p>\n<p>En este curso, explorar\u00e1 c\u00f3mo el CSA transforma la validaci\u00f3n mediante una evaluaci\u00f3n de riesgos estructurada, pensamiento cr\u00edtico y actividades de aseguramiento proporcionales. Aprender\u00e1 a alinear la validaci\u00f3n de software con el riesgo real del proceso manteniendo el cumplimiento de 21 CFR Part 11, Part 820, EU Annex 11 y GAMP 5. <\/p>\n<p>Desarrollado por expertos en cumplimiento de software para ciencias de la vida en EE. UU. y a nivel global, este curso a su ritmo proporciona a los alumnos los conocimientos y la confianza para implementar el CSA de forma eficaz y explicar por qu\u00e9 este enfoque moderno es el futuro de la validaci\u00f3n de software.<\/p>\n<p>Tras completarlo con \u00e9xito, recibir\u00e1 un <strong>certificado validado<\/strong> acreditado con cr\u00e9ditos CPD\/CEU, apto para auditor\u00edas y documentaci\u00f3n de cumplimiento.<\/p>\n<p><strong>\u00bfQui\u00e9n deber\u00eda inscribirse?<\/strong><\/p>\n<ul>\n<li>Profesionales de <a href=\"https:\/\/gxp-training.com\/online-course\/validation-engineer-certified-training-course\/\">validaci\u00f3n<\/a>, Aseguramiento de la Calidad y Control de Calidad<\/li>\n<li><a href=\"https:\/\/gxp-training.com\/es\/online-course\/especialista-en-asuntos-regulatorios\/\">Especialistas en Asuntos Regulatorios<\/a> implicados en el cumplimiento de software<\/li>\n<li>Profesionales de TI e ingenieros de software que dan soporte a sistemas regulados por GxP<\/li>\n<li>Jefes de proyecto que implementan software de producci\u00f3n o de sistemas de calidad<\/li>\n<li>Equipos de auditor\u00eda y cumplimiento que eval\u00faan programas de aseguramiento de software<\/li>\n<\/ul>\n<p>&nbsp;<\/p>\n<p><strong>\u00bfQu\u00e9 aprender\u00e1?<\/strong><\/p>\n<ul>\n<li>Definir el CSA y diferenciarlo de los enfoques tradicionales de <a href=\"https:\/\/gxp-training.com\/es\/online-course\/validacion-de-sistemas-informaticos-csv-y-gamp-5\/\">CSV<\/a><\/li>\n<li>Comprender las normativas clave de la <a href=\"https:\/\/www.fda.gov\/regulatory-information\/search-fda-guidance-documents\/computer-software-assurance-production-and-quality-management-system-software\">FDA<\/a> y los est\u00e1ndares internacionales (<a href=\"https:\/\/gxp-training.com\/es\/online-course\/introduccion-al-curso-online-fda-21-cfr-parte-11\/\">21 CFR Part 11<\/a>, Part 820, EU Annex 11, <a href=\"https:\/\/gxp-training.com\/es\/online-course\/validacion-de-sistemas-informaticos-csv-y-gamp-5\/\">GAMP 5<\/a>)<\/li>\n<li>Aplicar el marco del CSA basado en el riesgo para evaluar el riesgo del software y determinar las actividades de aseguramiento<\/li>\n<li>Aprovechar el pensamiento cr\u00edtico y la evaluaci\u00f3n del uso previsto para optimizar los esfuerzos de validaci\u00f3n<\/li>\n<li>Integrar las pr\u00e1cticas de CSA en los sistemas de calidad, el control de cambios y la documentaci\u00f3n lista para auditor\u00eda<\/li>\n<\/ul>\n<p>&nbsp;<\/p>\n<h3>Plan de estudios:<\/h3>\n<p><strong>Lecci\u00f3n 1: Introducci\u00f3n al Aseguramiento del software inform\u00e1tico (CSA)<\/strong><br \/>\n<strong>Lecci\u00f3n 2: Normativa y est\u00e1ndares del CSA<\/strong><br \/>\n<strong>Lecci\u00f3n 3: Comprender el marco basado en el riesgo en el CSA<\/strong><br \/>\n<strong>Lecci\u00f3n 4: Marco basado en el riesgo: identificaci\u00f3n del uso previsto del software<\/strong><br \/>\n<strong>Lecci\u00f3n 5: Determinar el riesgo del software y aplicar el pensamiento cr\u00edtico<\/strong><br \/>\n<strong>Lecci\u00f3n 6: Gestionar cambios de software utilizando la l\u00f3gica del CSA<\/strong><br \/>\n<strong>Lecci\u00f3n 7: Seleccionar las actividades de aseguramiento adecuadas<\/strong><br \/>\n<strong>Lecci\u00f3n 8: Integrar, medir y mejorar el CSA<\/strong><br \/>\n<strong>Conclusi\u00f3n<\/strong><br \/>\n<strong>Evaluaci\u00f3n<\/strong><\/p>\n","protected":false},"excerpt":{"rendered":"<p>Las inspecciones de la FDA han demostrado repetidamente que las pr\u00e1cticas tradicionales de Validaci\u00f3n de Sistemas Inform\u00e1ticos (CSV) pueden desviar el esfuerzo, sobrevalidando software de bajo riesgo mientras se presta poca atenci\u00f3n a riesgos cr\u00edticos de fabricaci\u00f3n. En respuesta, la FDA introdujo el Aseguramiento del software inform\u00e1tico (CSA), un enfoque moderno basado en el riesgo [&hellip;]<\/p>\n","protected":false},"featured_media":55280,"template":"","meta":{"_acf_changed":false,"content-type":""},"product_brand":[],"product_cat":[265,271,273],"product_tag":[],"class_list":{"0":"post-57906","1":"product","2":"type-product","3":"status-publish","4":"has-post-thumbnail","6":"product_cat-bpf-buenas-practicas-de-fabricacion","7":"product_cat-garantia-de-calidad","8":"product_cat-intersectorial","10":"first","11":"instock","12":"taxable","13":"shipping-taxable","14":"purchasable","15":"product-type-subscription"},"bundled_by":[],"bundle_stock_status":"instock","bundle_stock_quantity":null,"bundle_virtual":false,"bundle_layout":"","bundle_add_to_cart_form_location":"","bundle_editable_in_cart":false,"bundle_sold_individually_context":"","bundle_item_grouping":"","bundle_min_size":"","bundle_max_size":"","bundle_price":[],"bundled_items":[],"bundle_sell_ids":[],"acf":[],"yoast_head":"<!-- This site is optimized with the Yoast SEO plugin v27.5 - https:\/\/yoast.com\/product\/yoast-seo-wordpress\/ -->\n<title>Curso certificado de Aseguramiento del software inform\u00e1tico (CSA) para ciencias de la vida<\/title>\n<meta name=\"description\" content=\"Formaci\u00f3n certificada en Aseguramiento del software inform\u00e1tico (CSA) para ciencias de la vida, alineada con las directrices de la FDA. Obtenga un certificado acreditado con CPD\/CEU reconocido por auditores.\" \/>\n<meta name=\"robots\" content=\"index, follow, max-snippet:-1, max-image-preview:large, max-video-preview:-1\" \/>\n<link rel=\"canonical\" href=\"https:\/\/gxp-training.com\/es\/online-course\/aseguramiento-del-software-informatico-para-ciencias-de-la-vida\/\" \/>\n<meta property=\"og:locale\" content=\"es_ES\" \/>\n<meta property=\"og:type\" content=\"article\" \/>\n<meta property=\"og:title\" content=\"Curso certificado de Aseguramiento del software inform\u00e1tico (CSA) para ciencias de la vida\" \/>\n<meta property=\"og:description\" content=\"Formaci\u00f3n certificada en Aseguramiento del software inform\u00e1tico (CSA) para ciencias de la vida, alineada con las directrices de la FDA. Obtenga un certificado acreditado con CPD\/CEU reconocido por auditores.\" \/>\n<meta property=\"og:url\" content=\"https:\/\/gxp-training.com\/es\/online-course\/aseguramiento-del-software-informatico-para-ciencias-de-la-vida\/\" \/>\n<meta property=\"og:site_name\" content=\"GxP Training : Certified Online Courses for Life Sciences\" \/>\n<meta property=\"og:image\" content=\"https:\/\/gxp-training.com\/wp-content\/uploads\/2026\/01\/CSA-1.png\" \/>\n\t<meta property=\"og:image:width\" content=\"900\" \/>\n\t<meta property=\"og:image:height\" content=\"627\" \/>\n\t<meta property=\"og:image:type\" content=\"image\/png\" \/>\n<meta name=\"twitter:card\" content=\"summary_large_image\" \/>\n<meta name=\"twitter:label1\" content=\"Tiempo de lectura\" \/>\n\t<meta name=\"twitter:data1\" content=\"2 minutos\" \/>\n<script type=\"application\/ld+json\" class=\"yoast-schema-graph\">{\"@context\":\"https:\\\/\\\/schema.org\",\"@graph\":[{\"@type\":\"WebPage\",\"@id\":\"https:\\\/\\\/gxp-training.com\\\/es\\\/online-course\\\/aseguramiento-del-software-informatico-para-ciencias-de-la-vida\\\/\",\"url\":\"https:\\\/\\\/gxp-training.com\\\/es\\\/online-course\\\/aseguramiento-del-software-informatico-para-ciencias-de-la-vida\\\/\",\"name\":\"Curso certificado de Aseguramiento del software inform\u00e1tico (CSA) para ciencias de la vida\",\"isPartOf\":{\"@id\":\"https:\\\/\\\/gxp-training.com\\\/es\\\/#website\"},\"primaryImageOfPage\":{\"@id\":\"https:\\\/\\\/gxp-training.com\\\/es\\\/online-course\\\/aseguramiento-del-software-informatico-para-ciencias-de-la-vida\\\/#primaryimage\"},\"image\":{\"@id\":\"https:\\\/\\\/gxp-training.com\\\/es\\\/online-course\\\/aseguramiento-del-software-informatico-para-ciencias-de-la-vida\\\/#primaryimage\"},\"thumbnailUrl\":\"https:\\\/\\\/gxp-training.com\\\/wp-content\\\/uploads\\\/2026\\\/01\\\/CSA-1.png\",\"datePublished\":\"2026-01-31T03:17:21+00:00\",\"description\":\"Formaci\u00f3n certificada en Aseguramiento del software inform\u00e1tico (CSA) para ciencias de la vida, alineada con las directrices de la FDA. Obtenga un certificado acreditado con CPD\\\/CEU reconocido por auditores.\",\"breadcrumb\":{\"@id\":\"https:\\\/\\\/gxp-training.com\\\/es\\\/online-course\\\/aseguramiento-del-software-informatico-para-ciencias-de-la-vida\\\/#breadcrumb\"},\"inLanguage\":\"es\",\"potentialAction\":[{\"@type\":\"ReadAction\",\"target\":[\"https:\\\/\\\/gxp-training.com\\\/es\\\/online-course\\\/aseguramiento-del-software-informatico-para-ciencias-de-la-vida\\\/\"]}]},{\"@type\":\"ImageObject\",\"inLanguage\":\"es\",\"@id\":\"https:\\\/\\\/gxp-training.com\\\/es\\\/online-course\\\/aseguramiento-del-software-informatico-para-ciencias-de-la-vida\\\/#primaryimage\",\"url\":\"https:\\\/\\\/gxp-training.com\\\/wp-content\\\/uploads\\\/2026\\\/01\\\/CSA-1.png\",\"contentUrl\":\"https:\\\/\\\/gxp-training.com\\\/wp-content\\\/uploads\\\/2026\\\/01\\\/CSA-1.png\",\"width\":900,\"height\":627},{\"@type\":\"BreadcrumbList\",\"@id\":\"https:\\\/\\\/gxp-training.com\\\/es\\\/online-course\\\/aseguramiento-del-software-informatico-para-ciencias-de-la-vida\\\/#breadcrumb\",\"itemListElement\":[{\"@type\":\"ListItem\",\"position\":1,\"name\":\"Inicio\",\"item\":\"https:\\\/\\\/gxp-training.com\\\/es\\\/pagina-de-inicio\\\/\"},{\"@type\":\"ListItem\",\"position\":2,\"name\":\"Productos\",\"item\":\"https:\\\/\\\/gxp-training.com\\\/es\\\/shop\\\/\"},{\"@type\":\"ListItem\",\"position\":3,\"name\":\"Aseguramiento del software inform\u00e1tico para ciencias de la vida\"}]},{\"@type\":\"WebSite\",\"@id\":\"https:\\\/\\\/gxp-training.com\\\/es\\\/#website\",\"url\":\"https:\\\/\\\/gxp-training.com\\\/es\\\/\",\"name\":\"GxP Training : Certified Online Courses for Life Sciences\",\"description\":\"Online Trainings and Certified Courses in Regulatory Compliance for Pharmaceutical Experts\",\"publisher\":{\"@id\":\"https:\\\/\\\/gxp-training.com\\\/es\\\/#organization\"},\"potentialAction\":[{\"@type\":\"SearchAction\",\"target\":{\"@type\":\"EntryPoint\",\"urlTemplate\":\"https:\\\/\\\/gxp-training.com\\\/es\\\/?s={search_term_string}\"},\"query-input\":{\"@type\":\"PropertyValueSpecification\",\"valueRequired\":true,\"valueName\":\"search_term_string\"}}],\"inLanguage\":\"es\"},{\"@type\":\"Organization\",\"@id\":\"https:\\\/\\\/gxp-training.com\\\/es\\\/#organization\",\"name\":\"GXP Training\",\"url\":\"https:\\\/\\\/gxp-training.com\\\/es\\\/\",\"logo\":{\"@type\":\"ImageObject\",\"inLanguage\":\"es\",\"@id\":\"https:\\\/\\\/gxp-training.com\\\/es\\\/#\\\/schema\\\/logo\\\/image\\\/\",\"url\":\"https:\\\/\\\/gxp-training.com\\\/wp-content\\\/uploads\\\/2022\\\/05\\\/logo-resize.png\",\"contentUrl\":\"https:\\\/\\\/gxp-training.com\\\/wp-content\\\/uploads\\\/2022\\\/05\\\/logo-resize.png\",\"width\":350,\"height\":100,\"caption\":\"GXP Training\"},\"image\":{\"@id\":\"https:\\\/\\\/gxp-training.com\\\/es\\\/#\\\/schema\\\/logo\\\/image\\\/\"}}]}<\/script>\n<!-- \/ Yoast SEO plugin. -->","yoast_head_json":{"title":"Curso certificado de Aseguramiento del software inform\u00e1tico (CSA) para ciencias de la vida","description":"Formaci\u00f3n certificada en Aseguramiento del software inform\u00e1tico (CSA) para ciencias de la vida, alineada con las directrices de la FDA. Obtenga un certificado acreditado con CPD\/CEU reconocido por auditores.","robots":{"index":"index","follow":"follow","max-snippet":"max-snippet:-1","max-image-preview":"max-image-preview:large","max-video-preview":"max-video-preview:-1"},"canonical":"https:\/\/gxp-training.com\/es\/online-course\/aseguramiento-del-software-informatico-para-ciencias-de-la-vida\/","og_locale":"es_ES","og_type":"article","og_title":"Curso certificado de Aseguramiento del software inform\u00e1tico (CSA) para ciencias de la vida","og_description":"Formaci\u00f3n certificada en Aseguramiento del software inform\u00e1tico (CSA) para ciencias de la vida, alineada con las directrices de la FDA. Obtenga un certificado acreditado con CPD\/CEU reconocido por auditores.","og_url":"https:\/\/gxp-training.com\/es\/online-course\/aseguramiento-del-software-informatico-para-ciencias-de-la-vida\/","og_site_name":"GxP Training : Certified Online Courses for Life Sciences","og_image":[{"width":900,"height":627,"url":"https:\/\/gxp-training.com\/wp-content\/uploads\/2026\/01\/CSA-1.png","type":"image\/png"}],"twitter_card":"summary_large_image","twitter_misc":{"Tiempo de lectura":"2 minutos"},"schema":{"@context":"https:\/\/schema.org","@graph":[{"@type":"WebPage","@id":"https:\/\/gxp-training.com\/es\/online-course\/aseguramiento-del-software-informatico-para-ciencias-de-la-vida\/","url":"https:\/\/gxp-training.com\/es\/online-course\/aseguramiento-del-software-informatico-para-ciencias-de-la-vida\/","name":"Curso certificado de Aseguramiento del software inform\u00e1tico (CSA) para ciencias de la vida","isPartOf":{"@id":"https:\/\/gxp-training.com\/es\/#website"},"primaryImageOfPage":{"@id":"https:\/\/gxp-training.com\/es\/online-course\/aseguramiento-del-software-informatico-para-ciencias-de-la-vida\/#primaryimage"},"image":{"@id":"https:\/\/gxp-training.com\/es\/online-course\/aseguramiento-del-software-informatico-para-ciencias-de-la-vida\/#primaryimage"},"thumbnailUrl":"https:\/\/gxp-training.com\/wp-content\/uploads\/2026\/01\/CSA-1.png","datePublished":"2026-01-31T03:17:21+00:00","description":"Formaci\u00f3n certificada en Aseguramiento del software inform\u00e1tico (CSA) para ciencias de la vida, alineada con las directrices de la FDA. Obtenga un certificado acreditado con CPD\/CEU reconocido por auditores.","breadcrumb":{"@id":"https:\/\/gxp-training.com\/es\/online-course\/aseguramiento-del-software-informatico-para-ciencias-de-la-vida\/#breadcrumb"},"inLanguage":"es","potentialAction":[{"@type":"ReadAction","target":["https:\/\/gxp-training.com\/es\/online-course\/aseguramiento-del-software-informatico-para-ciencias-de-la-vida\/"]}]},{"@type":"ImageObject","inLanguage":"es","@id":"https:\/\/gxp-training.com\/es\/online-course\/aseguramiento-del-software-informatico-para-ciencias-de-la-vida\/#primaryimage","url":"https:\/\/gxp-training.com\/wp-content\/uploads\/2026\/01\/CSA-1.png","contentUrl":"https:\/\/gxp-training.com\/wp-content\/uploads\/2026\/01\/CSA-1.png","width":900,"height":627},{"@type":"BreadcrumbList","@id":"https:\/\/gxp-training.com\/es\/online-course\/aseguramiento-del-software-informatico-para-ciencias-de-la-vida\/#breadcrumb","itemListElement":[{"@type":"ListItem","position":1,"name":"Inicio","item":"https:\/\/gxp-training.com\/es\/pagina-de-inicio\/"},{"@type":"ListItem","position":2,"name":"Productos","item":"https:\/\/gxp-training.com\/es\/shop\/"},{"@type":"ListItem","position":3,"name":"Aseguramiento del software inform\u00e1tico para ciencias de la vida"}]},{"@type":"WebSite","@id":"https:\/\/gxp-training.com\/es\/#website","url":"https:\/\/gxp-training.com\/es\/","name":"GxP Training : Certified Online Courses for Life Sciences","description":"Online Trainings and Certified Courses in Regulatory Compliance for Pharmaceutical Experts","publisher":{"@id":"https:\/\/gxp-training.com\/es\/#organization"},"potentialAction":[{"@type":"SearchAction","target":{"@type":"EntryPoint","urlTemplate":"https:\/\/gxp-training.com\/es\/?s={search_term_string}"},"query-input":{"@type":"PropertyValueSpecification","valueRequired":true,"valueName":"search_term_string"}}],"inLanguage":"es"},{"@type":"Organization","@id":"https:\/\/gxp-training.com\/es\/#organization","name":"GXP Training","url":"https:\/\/gxp-training.com\/es\/","logo":{"@type":"ImageObject","inLanguage":"es","@id":"https:\/\/gxp-training.com\/es\/#\/schema\/logo\/image\/","url":"https:\/\/gxp-training.com\/wp-content\/uploads\/2022\/05\/logo-resize.png","contentUrl":"https:\/\/gxp-training.com\/wp-content\/uploads\/2022\/05\/logo-resize.png","width":350,"height":100,"caption":"GXP Training"},"image":{"@id":"https:\/\/gxp-training.com\/es\/#\/schema\/logo\/image\/"}}]}},"_links":{"self":[{"href":"https:\/\/gxp-training.com\/es\/wp-json\/wp\/v2\/product\/57906","targetHints":{"allow":["GET"]}}],"collection":[{"href":"https:\/\/gxp-training.com\/es\/wp-json\/wp\/v2\/product"}],"about":[{"href":"https:\/\/gxp-training.com\/es\/wp-json\/wp\/v2\/types\/product"}],"wp:featuredmedia":[{"embeddable":true,"href":"https:\/\/gxp-training.com\/es\/wp-json\/wp\/v2\/media\/55280"}],"wp:attachment":[{"href":"https:\/\/gxp-training.com\/es\/wp-json\/wp\/v2\/media?parent=57906"}],"wp:term":[{"taxonomy":"product_brand","embeddable":true,"href":"https:\/\/gxp-training.com\/es\/wp-json\/wp\/v2\/product_brand?post=57906"},{"taxonomy":"product_cat","embeddable":true,"href":"https:\/\/gxp-training.com\/es\/wp-json\/wp\/v2\/product_cat?post=57906"},{"taxonomy":"product_tag","embeddable":true,"href":"https:\/\/gxp-training.com\/es\/wp-json\/wp\/v2\/product_tag?post=57906"}],"curies":[{"name":"wp","href":"https:\/\/api.w.org\/{rel}","templated":true}]}}