{"id":57898,"date":"2026-01-15T15:06:37","date_gmt":"2026-01-15T14:06:37","guid":{"rendered":"https:\/\/gxp-training.com\/online-course\/ventas-y-marketing-farmaceutico-en-ee-uu\/"},"modified":"2026-01-15T15:06:37","modified_gmt":"2026-01-15T14:06:37","slug":"ventas-y-marketing-farmaceutico-en-ee-uu","status":"publish","type":"product","link":"https:\/\/gxp-training.com\/es\/online-course\/ventas-y-marketing-farmaceutico-en-ee-uu\/","title":{"rendered":"Ventas y Marketing Farmac\u00e9utico en EE. UU."},"content":{"rendered":"<p>El mercado farmac\u00e9utico de EE. UU. es un entorno en r\u00e1pida evoluci\u00f3n y altamente regulado, donde las ventas y el marketing efectivos requieren una s\u00f3lida comprensi\u00f3n del cumplimiento, la estructura del mercado y el acceso del paciente. A medida que la industria contin\u00faa creciendo, los profesionales deben navegar por reglas complejas mientras impulsan un \u00e9xito comercial \u00e9tico y sostenible. <\/p>\n<p>Este curso proporciona una visi\u00f3n pr\u00e1ctica de c\u00f3mo operan las ventas y el marketing farmac\u00e9utico dentro del ecosistema sanitario de EE. UU., cubriendo la estructura del mercado, las categor\u00edas de medicamentos, las rutas del paciente y los marcos regulatorios y de cumplimiento que rigen las actividades promocionales.<\/p>\n<p>El contenido es desarrollado por expertos de la industria con experiencia directa en el mercado farmac\u00e9utico de EE. UU., asegurando la alineaci\u00f3n con los est\u00e1ndares regulatorios, comerciales y \u00e9ticos del mundo real.<\/p>\n<p>Al completar con \u00e9xito el curso, recibir\u00e1 un <strong>certificado validado<\/strong> acreditado con cr\u00e9ditos CPD\/CEU, adecuado para documentaci\u00f3n de auditor\u00eda y cumplimiento.<\/p>\n<p>&nbsp;<\/p>\n<p><strong>\u2705 \u00bfQui\u00e9n debe inscribirse?<\/strong><\/p>\n<ul>\n<li>Representantes de ventas <a href=\"https:\/\/gxp-training.com\/es\/gxp-courses\/productos-farmaceuticos\/\">farmac\u00e9uticas<\/a> y equipos comerciales<\/li>\n<li>Profesionales de marketing y gesti\u00f3n de marca<\/li>\n<li>Especialistas en acceso al mercado, precios y reembolso<\/li>\n<li>Profesionales de <a href=\"https:\/\/gxp-training.com\/es\/online-course\/especialista-en-asuntos-regulatorios\/\">Asuntos Regulatorios<\/a> y cumplimiento<\/li>\n<li>Profesionales en transici\u00f3n a roles de ventas o marketing farmac\u00e9utico en EE. UU.<\/li>\n<\/ul>\n<p>&nbsp;<\/p>\n<p><strong>\ud83c\udfaf \u00bfQu\u00e9 aprender\u00e1?<\/strong><\/p>\n<ul>\n<li>Comprender c\u00f3mo est\u00e1 estructurado el mercado farmac\u00e9utico de EE. UU., incluyendo las categor\u00edas clave de medicamentos y las partes interesadas<\/li>\n<li>Aprender los fundamentos regulatorios que rigen las ventas y el marketing farmac\u00e9utico, incluyendo las <a href=\"https:\/\/www.fda.gov\/animal-veterinary\/guidance-industry\/advertising-and-promotion-guidances\">normas promocionales de la FDA<\/a><\/li>\n<li>Comprender c\u00f3mo la din\u00e1mica de precios, reembolso y pagadores influye en el acceso al mercado<\/li>\n<li>Explorar estrategias de marketing farmac\u00e9utico modernas, incluyendo enfoques digitales y omnicanal<\/li>\n<\/ul>\n<p>&nbsp;<\/p>\n<h3>Plan de estudios:<\/h3>\n<p><strong>Lecci\u00f3n 1: Visi\u00f3n general del mercado farmac\u00e9utico de EE. UU.<\/strong><\/p>\n<ul>\n<li>Competencia entre marcas y gen\u00e9ricos<\/li>\n<li>Rutas del paciente y estrategia de acceso al mercado<\/li>\n<\/ul>\n<p><strong>Lecci\u00f3n 2: Fundamentos regulatorios para ventas y marketing farmac\u00e9utico<\/strong><\/p>\n<ul>\n<li>Publicidad y promoci\u00f3n de la FDA (21 CFR 202.1)<\/li>\n<li>Documentos de orientaci\u00f3n de la FDA OPDP<\/li>\n<li>Normas de la FTC para publicidad justa<\/li>\n<li>Ley de Reclamaciones Falsas (FCA)<\/li>\n<li>Ley Antisoborno (AKS)<\/li>\n<li>Departamento de Justicia (DOJ) y Oficina del Inspector General (OIG)<\/li>\n<li><a href=\"https:\/\/gxp-training.com\/online-course\/hipaa\/\">HIPAA<\/a> (Ley de Portabilidad y Responsabilidad del Seguro M\u00e9dico)<\/li>\n<\/ul>\n<p><strong>Lecci\u00f3n 3: Marcos de cumplimiento y est\u00e1ndares de la industria<\/strong><\/p>\n<ul>\n<li>C\u00f3digo PhRMA sobre interacciones con profesionales sanitarios (HCP)<\/li>\n<li>Ley Sunshine (Pagos Abiertos)<\/li>\n<li>C\u00f3digo AdvaMed y relevancia cruzada para dispositivos m\u00e9dicos<\/li>\n<li>Acuerdos de Integridad Corporativa (CIA)<\/li>\n<\/ul>\n<p><strong>Lecci\u00f3n 4: Pr\u00e1cticas de ventas \u00e9ticas y habilidades esenciales en el campo<\/strong><\/p>\n<ul>\n<li>El papel del representante de ventas farmac\u00e9uticas<\/li>\n<li>Habilidades esenciales en el campo para un compromiso conforme y efectivo<\/li>\n<\/ul>\n<p><strong>Lecci\u00f3n 5: Acceso al mercado, precios y reembolso<\/strong><\/p>\n<ul>\n<li>Pagadores, PBM y acceso al formulario<\/li>\n<li>Medicamentos especializados y consideraciones de acceso del paciente<\/li>\n<li>Ley de Reducci\u00f3n de la Inflaci\u00f3n y su impacto en los precios<\/li>\n<li>Normas de reembolso y modelos de precios basados en el valor<\/li>\n<\/ul>\n<p><strong>Lecci\u00f3n 6: Estrategias de marketing e innovaci\u00f3n digital en farmacia<\/strong><\/p>\n<ul>\n<li>Branding y posicionamiento de medicamentos<\/li>\n<li>Estrategias de marketing omnicanal<\/li>\n<li>Herramientas digitales e innovaci\u00f3n en marketing farmac\u00e9utico<\/li>\n<\/ul>\n<p><strong>Conclusi\u00f3n<\/strong><\/p>\n<p><strong>Evaluaci\u00f3n<\/strong><\/p>\n","protected":false},"excerpt":{"rendered":"<p>El mercado farmac\u00e9utico de EE. UU. es un entorno en r\u00e1pida evoluci\u00f3n y altamente regulado, donde las ventas y el marketing efectivos requieren una s\u00f3lida comprensi\u00f3n del cumplimiento, la estructura del mercado y el acceso del paciente. A medida que la industria contin\u00faa creciendo, los profesionales deben navegar por reglas complejas mientras impulsan un \u00e9xito [&hellip;]<\/p>\n","protected":false},"featured_media":54334,"template":"","meta":{"_acf_changed":false,"content-type":""},"product_brand":[],"product_cat":[269],"product_tag":[],"class_list":{"0":"post-57898","1":"product","2":"type-product","3":"status-publish","4":"has-post-thumbnail","6":"product_cat-productos-farmaceuticos","8":"first","9":"instock","10":"taxable","11":"shipping-taxable","12":"purchasable","13":"product-type-subscription"},"bundled_by":[],"bundle_stock_status":"instock","bundle_stock_quantity":null,"bundle_virtual":false,"bundle_layout":"","bundle_add_to_cart_form_location":"","bundle_editable_in_cart":false,"bundle_sold_individually_context":"","bundle_item_grouping":"","bundle_min_size":"","bundle_max_size":"","bundle_price":[],"bundled_items":[],"bundle_sell_ids":[],"acf":[],"yoast_head":"<!-- This site is optimized with the Yoast SEO plugin v27.5 - https:\/\/yoast.com\/product\/yoast-seo-wordpress\/ -->\n<title>Ventas y Marketing Farmac\u00e9utico en EE. UU.<\/title>\n<meta name=\"description\" content=\"Aprenda sobre ventas y marketing farmac\u00e9utico en el sistema sanitario de EE. UU. Comprenda las regulaciones, el cumplimiento, el acceso al mercado y las estrategias de marketing modernas. Obtenga la certificaci\u00f3n CPD\/CEU.\" \/>\n<meta name=\"robots\" content=\"index, follow, max-snippet:-1, max-image-preview:large, max-video-preview:-1\" \/>\n<link rel=\"canonical\" href=\"https:\/\/gxp-training.com\/es\/online-course\/ventas-y-marketing-farmaceutico-en-ee-uu\/\" \/>\n<meta property=\"og:locale\" content=\"es_ES\" \/>\n<meta property=\"og:type\" content=\"article\" \/>\n<meta property=\"og:title\" content=\"Ventas y Marketing Farmac\u00e9utico en EE. UU.\" \/>\n<meta property=\"og:description\" content=\"Aprenda sobre ventas y marketing farmac\u00e9utico en el sistema sanitario de EE. UU. Comprenda las regulaciones, el cumplimiento, el acceso al mercado y las estrategias de marketing modernas. Obtenga la certificaci\u00f3n CPD\/CEU.\" \/>\n<meta property=\"og:url\" content=\"https:\/\/gxp-training.com\/es\/online-course\/ventas-y-marketing-farmaceutico-en-ee-uu\/\" \/>\n<meta property=\"og:site_name\" content=\"GxP Training : Certified Online Courses for Life Sciences\" \/>\n<meta property=\"og:image\" content=\"https:\/\/gxp-training.com\/wp-content\/uploads\/2026\/01\/Sales-rep-1.png\" \/>\n\t<meta property=\"og:image:width\" content=\"900\" \/>\n\t<meta property=\"og:image:height\" content=\"627\" \/>\n\t<meta property=\"og:image:type\" content=\"image\/png\" \/>\n<meta name=\"twitter:card\" content=\"summary_large_image\" \/>\n<meta name=\"twitter:label1\" content=\"Tiempo de lectura\" \/>\n\t<meta name=\"twitter:data1\" content=\"3 minutos\" \/>\n<script type=\"application\/ld+json\" class=\"yoast-schema-graph\">{\"@context\":\"https:\\\/\\\/schema.org\",\"@graph\":[{\"@type\":\"WebPage\",\"@id\":\"https:\\\/\\\/gxp-training.com\\\/es\\\/online-course\\\/ventas-y-marketing-farmaceutico-en-ee-uu\\\/\",\"url\":\"https:\\\/\\\/gxp-training.com\\\/es\\\/online-course\\\/ventas-y-marketing-farmaceutico-en-ee-uu\\\/\",\"name\":\"Ventas y Marketing Farmac\u00e9utico en EE. UU.\",\"isPartOf\":{\"@id\":\"https:\\\/\\\/gxp-training.com\\\/es\\\/#website\"},\"primaryImageOfPage\":{\"@id\":\"https:\\\/\\\/gxp-training.com\\\/es\\\/online-course\\\/ventas-y-marketing-farmaceutico-en-ee-uu\\\/#primaryimage\"},\"image\":{\"@id\":\"https:\\\/\\\/gxp-training.com\\\/es\\\/online-course\\\/ventas-y-marketing-farmaceutico-en-ee-uu\\\/#primaryimage\"},\"thumbnailUrl\":\"https:\\\/\\\/gxp-training.com\\\/wp-content\\\/uploads\\\/2026\\\/01\\\/Sales-rep-1.png\",\"datePublished\":\"2026-01-15T14:06:37+00:00\",\"description\":\"Aprenda sobre ventas y marketing farmac\u00e9utico en el sistema sanitario de EE. UU. Comprenda las regulaciones, el cumplimiento, el acceso al mercado y las estrategias de marketing modernas. Obtenga la certificaci\u00f3n CPD\\\/CEU.\",\"breadcrumb\":{\"@id\":\"https:\\\/\\\/gxp-training.com\\\/es\\\/online-course\\\/ventas-y-marketing-farmaceutico-en-ee-uu\\\/#breadcrumb\"},\"inLanguage\":\"es\",\"potentialAction\":[{\"@type\":\"ReadAction\",\"target\":[\"https:\\\/\\\/gxp-training.com\\\/es\\\/online-course\\\/ventas-y-marketing-farmaceutico-en-ee-uu\\\/\"]}]},{\"@type\":\"ImageObject\",\"inLanguage\":\"es\",\"@id\":\"https:\\\/\\\/gxp-training.com\\\/es\\\/online-course\\\/ventas-y-marketing-farmaceutico-en-ee-uu\\\/#primaryimage\",\"url\":\"https:\\\/\\\/gxp-training.com\\\/wp-content\\\/uploads\\\/2026\\\/01\\\/Sales-rep-1.png\",\"contentUrl\":\"https:\\\/\\\/gxp-training.com\\\/wp-content\\\/uploads\\\/2026\\\/01\\\/Sales-rep-1.png\",\"width\":900,\"height\":627},{\"@type\":\"BreadcrumbList\",\"@id\":\"https:\\\/\\\/gxp-training.com\\\/es\\\/online-course\\\/ventas-y-marketing-farmaceutico-en-ee-uu\\\/#breadcrumb\",\"itemListElement\":[{\"@type\":\"ListItem\",\"position\":1,\"name\":\"Inicio\",\"item\":\"https:\\\/\\\/gxp-training.com\\\/es\\\/pagina-de-inicio\\\/\"},{\"@type\":\"ListItem\",\"position\":2,\"name\":\"Productos\",\"item\":\"https:\\\/\\\/gxp-training.com\\\/es\\\/shop\\\/\"},{\"@type\":\"ListItem\",\"position\":3,\"name\":\"Ventas y Marketing Farmac\u00e9utico en EE. UU.\"}]},{\"@type\":\"WebSite\",\"@id\":\"https:\\\/\\\/gxp-training.com\\\/es\\\/#website\",\"url\":\"https:\\\/\\\/gxp-training.com\\\/es\\\/\",\"name\":\"GxP Training : Certified Online Courses for Life Sciences\",\"description\":\"Online Trainings and Certified Courses in Regulatory Compliance for Pharmaceutical Experts\",\"publisher\":{\"@id\":\"https:\\\/\\\/gxp-training.com\\\/es\\\/#organization\"},\"potentialAction\":[{\"@type\":\"SearchAction\",\"target\":{\"@type\":\"EntryPoint\",\"urlTemplate\":\"https:\\\/\\\/gxp-training.com\\\/es\\\/?s={search_term_string}\"},\"query-input\":{\"@type\":\"PropertyValueSpecification\",\"valueRequired\":true,\"valueName\":\"search_term_string\"}}],\"inLanguage\":\"es\"},{\"@type\":\"Organization\",\"@id\":\"https:\\\/\\\/gxp-training.com\\\/es\\\/#organization\",\"name\":\"GXP Training\",\"url\":\"https:\\\/\\\/gxp-training.com\\\/es\\\/\",\"logo\":{\"@type\":\"ImageObject\",\"inLanguage\":\"es\",\"@id\":\"https:\\\/\\\/gxp-training.com\\\/es\\\/#\\\/schema\\\/logo\\\/image\\\/\",\"url\":\"https:\\\/\\\/gxp-training.com\\\/wp-content\\\/uploads\\\/2022\\\/05\\\/logo-resize.png\",\"contentUrl\":\"https:\\\/\\\/gxp-training.com\\\/wp-content\\\/uploads\\\/2022\\\/05\\\/logo-resize.png\",\"width\":350,\"height\":100,\"caption\":\"GXP Training\"},\"image\":{\"@id\":\"https:\\\/\\\/gxp-training.com\\\/es\\\/#\\\/schema\\\/logo\\\/image\\\/\"}}]}<\/script>\n<!-- \/ Yoast SEO plugin. -->","yoast_head_json":{"title":"Ventas y Marketing Farmac\u00e9utico en EE. UU.","description":"Aprenda sobre ventas y marketing farmac\u00e9utico en el sistema sanitario de EE. UU. Comprenda las regulaciones, el cumplimiento, el acceso al mercado y las estrategias de marketing modernas. Obtenga la certificaci\u00f3n CPD\/CEU.","robots":{"index":"index","follow":"follow","max-snippet":"max-snippet:-1","max-image-preview":"max-image-preview:large","max-video-preview":"max-video-preview:-1"},"canonical":"https:\/\/gxp-training.com\/es\/online-course\/ventas-y-marketing-farmaceutico-en-ee-uu\/","og_locale":"es_ES","og_type":"article","og_title":"Ventas y Marketing Farmac\u00e9utico en EE. UU.","og_description":"Aprenda sobre ventas y marketing farmac\u00e9utico en el sistema sanitario de EE. UU. Comprenda las regulaciones, el cumplimiento, el acceso al mercado y las estrategias de marketing modernas. Obtenga la certificaci\u00f3n CPD\/CEU.","og_url":"https:\/\/gxp-training.com\/es\/online-course\/ventas-y-marketing-farmaceutico-en-ee-uu\/","og_site_name":"GxP Training : Certified Online Courses for Life Sciences","og_image":[{"width":900,"height":627,"url":"https:\/\/gxp-training.com\/wp-content\/uploads\/2026\/01\/Sales-rep-1.png","type":"image\/png"}],"twitter_card":"summary_large_image","twitter_misc":{"Tiempo de lectura":"3 minutos"},"schema":{"@context":"https:\/\/schema.org","@graph":[{"@type":"WebPage","@id":"https:\/\/gxp-training.com\/es\/online-course\/ventas-y-marketing-farmaceutico-en-ee-uu\/","url":"https:\/\/gxp-training.com\/es\/online-course\/ventas-y-marketing-farmaceutico-en-ee-uu\/","name":"Ventas y Marketing Farmac\u00e9utico en EE. UU.","isPartOf":{"@id":"https:\/\/gxp-training.com\/es\/#website"},"primaryImageOfPage":{"@id":"https:\/\/gxp-training.com\/es\/online-course\/ventas-y-marketing-farmaceutico-en-ee-uu\/#primaryimage"},"image":{"@id":"https:\/\/gxp-training.com\/es\/online-course\/ventas-y-marketing-farmaceutico-en-ee-uu\/#primaryimage"},"thumbnailUrl":"https:\/\/gxp-training.com\/wp-content\/uploads\/2026\/01\/Sales-rep-1.png","datePublished":"2026-01-15T14:06:37+00:00","description":"Aprenda sobre ventas y marketing farmac\u00e9utico en el sistema sanitario de EE. UU. Comprenda las regulaciones, el cumplimiento, el acceso al mercado y las estrategias de marketing modernas. Obtenga la certificaci\u00f3n CPD\/CEU.","breadcrumb":{"@id":"https:\/\/gxp-training.com\/es\/online-course\/ventas-y-marketing-farmaceutico-en-ee-uu\/#breadcrumb"},"inLanguage":"es","potentialAction":[{"@type":"ReadAction","target":["https:\/\/gxp-training.com\/es\/online-course\/ventas-y-marketing-farmaceutico-en-ee-uu\/"]}]},{"@type":"ImageObject","inLanguage":"es","@id":"https:\/\/gxp-training.com\/es\/online-course\/ventas-y-marketing-farmaceutico-en-ee-uu\/#primaryimage","url":"https:\/\/gxp-training.com\/wp-content\/uploads\/2026\/01\/Sales-rep-1.png","contentUrl":"https:\/\/gxp-training.com\/wp-content\/uploads\/2026\/01\/Sales-rep-1.png","width":900,"height":627},{"@type":"BreadcrumbList","@id":"https:\/\/gxp-training.com\/es\/online-course\/ventas-y-marketing-farmaceutico-en-ee-uu\/#breadcrumb","itemListElement":[{"@type":"ListItem","position":1,"name":"Inicio","item":"https:\/\/gxp-training.com\/es\/pagina-de-inicio\/"},{"@type":"ListItem","position":2,"name":"Productos","item":"https:\/\/gxp-training.com\/es\/shop\/"},{"@type":"ListItem","position":3,"name":"Ventas y Marketing Farmac\u00e9utico en EE. UU."}]},{"@type":"WebSite","@id":"https:\/\/gxp-training.com\/es\/#website","url":"https:\/\/gxp-training.com\/es\/","name":"GxP Training : Certified Online Courses for Life Sciences","description":"Online Trainings and Certified Courses in Regulatory Compliance for Pharmaceutical Experts","publisher":{"@id":"https:\/\/gxp-training.com\/es\/#organization"},"potentialAction":[{"@type":"SearchAction","target":{"@type":"EntryPoint","urlTemplate":"https:\/\/gxp-training.com\/es\/?s={search_term_string}"},"query-input":{"@type":"PropertyValueSpecification","valueRequired":true,"valueName":"search_term_string"}}],"inLanguage":"es"},{"@type":"Organization","@id":"https:\/\/gxp-training.com\/es\/#organization","name":"GXP Training","url":"https:\/\/gxp-training.com\/es\/","logo":{"@type":"ImageObject","inLanguage":"es","@id":"https:\/\/gxp-training.com\/es\/#\/schema\/logo\/image\/","url":"https:\/\/gxp-training.com\/wp-content\/uploads\/2022\/05\/logo-resize.png","contentUrl":"https:\/\/gxp-training.com\/wp-content\/uploads\/2022\/05\/logo-resize.png","width":350,"height":100,"caption":"GXP Training"},"image":{"@id":"https:\/\/gxp-training.com\/es\/#\/schema\/logo\/image\/"}}]}},"_links":{"self":[{"href":"https:\/\/gxp-training.com\/es\/wp-json\/wp\/v2\/product\/57898","targetHints":{"allow":["GET"]}}],"collection":[{"href":"https:\/\/gxp-training.com\/es\/wp-json\/wp\/v2\/product"}],"about":[{"href":"https:\/\/gxp-training.com\/es\/wp-json\/wp\/v2\/types\/product"}],"wp:featuredmedia":[{"embeddable":true,"href":"https:\/\/gxp-training.com\/es\/wp-json\/wp\/v2\/media\/54334"}],"wp:attachment":[{"href":"https:\/\/gxp-training.com\/es\/wp-json\/wp\/v2\/media?parent=57898"}],"wp:term":[{"taxonomy":"product_brand","embeddable":true,"href":"https:\/\/gxp-training.com\/es\/wp-json\/wp\/v2\/product_brand?post=57898"},{"taxonomy":"product_cat","embeddable":true,"href":"https:\/\/gxp-training.com\/es\/wp-json\/wp\/v2\/product_cat?post=57898"},{"taxonomy":"product_tag","embeddable":true,"href":"https:\/\/gxp-training.com\/es\/wp-json\/wp\/v2\/product_tag?post=57898"}],"curies":[{"name":"wp","href":"https:\/\/api.w.org\/{rel}","templated":true}]}}