{"id":57889,"date":"2026-02-26T02:07:09","date_gmt":"2026-02-26T01:07:09","guid":{"rendered":"https:\/\/gxp-training.com\/online-course\/notificacion-de-acontecimientos-adversos-graves-y-procesamiento-de-casos\/"},"modified":"2026-02-26T02:07:09","modified_gmt":"2026-02-26T01:07:09","slug":"notificacion-de-acontecimientos-adversos-graves-y-procesamiento-de-casos","status":"publish","type":"product","link":"https:\/\/gxp-training.com\/es\/online-course\/notificacion-de-acontecimientos-adversos-graves-y-procesamiento-de-casos\/","title":{"rendered":"Notificaci\u00f3n de acontecimientos adversos graves y procesamiento de casos"},"content":{"rendered":"<p><a href=\"https:\/\/www.fda.gov\/safety\/reporting-serious-problems-fda\/what-serious-adverse-event\">Los acontecimientos adversos graves<\/a> (AAG) son se\u00f1ales de seguridad cr\u00edticas en la investigaci\u00f3n cl\u00ednica. Los reguladores, comit\u00e9s de \u00e9tica y promotores dependen de una notificaci\u00f3n r\u00e1pida y precisa para detectar riesgos, proteger a los participantes y mantener la integridad del estudio. Una notificaci\u00f3n tard\u00eda o inconsistente puede poner en riesgo a los pacientes y provocar problemas importantes de cumplimiento.  <\/p>\n<p>Este curso proporciona una base clara y pr\u00e1ctica en la identificaci\u00f3n, evaluaci\u00f3n, documentaci\u00f3n y notificaci\u00f3n de AAG. Aprender\u00e1 c\u00f3mo se determina la gravedad, c\u00f3mo la expectativa y la causalidad influyen en los plazos de notificaci\u00f3n urgente, y c\u00f3mo los marcos regulatorios globales orientan las responsabilidades de promotores e investigadores. <\/p>\n<p>Dise\u00f1ada teniendo en cuenta las operaciones cl\u00ednicas del mundo real, esta formaci\u00f3n le capacita para gestionar los procesos de AAG con confianza y cumplimiento.<\/p>\n<p>Tras su finalizaci\u00f3n con \u00e9xito, recibir\u00e1 un <strong>certificado validado<\/strong> acreditado con cr\u00e9ditos CPD\/CEU, adecuado para auditor\u00edas y documentaci\u00f3n de cumplimiento.<\/p>\n<p><strong>\u00bfQui\u00e9n debe inscribirse?<\/strong><\/p>\n<p><span style=\"font-weight: 400;\">Este curso es ideal para profesionales involucrados en ensayos cl\u00ednicos, monitorizaci\u00f3n de seguridad y <\/span><a href=\"https:\/\/gxp-training.com\/online-course\/pharmacokinetics-pharmacodynamics-certified-course\/\"><span style=\"font-weight: 400;\">farmacovigilancia<\/span><\/a><span style=\"font-weight: 400;\">, incluyendo:<\/span><\/p>\n<ul>\n<li><a href=\"https:\/\/gxp-training.com\/es\/online-course\/asociado-de-investigacion-clinica-cra\/\"><span style=\"font-weight: 400;\">Asociados de investigaci\u00f3n cl\u00ednica<\/span><\/a><span style=\"font-weight: 400;\"> (AIC) y coordinadores<\/span><\/li>\n<li><span style=\"font-weight: 400;\">Investigadores de <\/span><a href=\"https:\/\/gxp-training.com\/es\/online-course\/ensayos-clinicos-gcp\/\"><span style=\"font-weight: 400;\">ensayos cl\u00ednicos<\/span><\/a><\/li>\n<li><span style=\"font-weight: 400;\">Profesionales de <\/span><a href=\"https:\/\/gxp-training.com\/es\/online-course\/especialista-en-asuntos-regulatorios\/\"><span style=\"font-weight: 400;\">asuntos regulatorios<\/span><\/a><\/li>\n<li><span style=\"font-weight: 400;\">Personal de promotores y <\/span><a href=\"https:\/\/gxp-training.com\/es\/gxp-courses\/organizacion-de-investigacion-por-contrato-cro\/\"><span style=\"font-weight: 400;\">CRO<\/span><\/a><span style=\"font-weight: 400;\"> responsable de la notificaci\u00f3n de AAG y el procesamiento de casos<\/span><\/li>\n<li><span style=\"font-weight: 400;\">Equipos de aseguramiento de la calidad y <\/span><a href=\"https:\/\/gxp-training.com\/es\/online-course\/auditoria-gmp-interna-rol-del-auditor-gmp\/\"><span style=\"font-weight: 400;\">auditor\u00eda interna<\/span><\/a><span style=\"font-weight: 400;\"> que apoyan ensayos cl\u00ednicos<\/span><\/li>\n<\/ul>\n<p>&nbsp;<\/p>\n<p><strong>\u00bfQu\u00e9 aprender\u00e1?<\/strong><\/p>\n<ul>\n<li>Comprender la importancia de la notificaci\u00f3n de AAG para la seguridad del paciente y el cumplimiento regulatorio<\/li>\n<li>Diferenciar entre acontecimientos adversos (AA) y AAG, incluyendo gravedad, severidad, expectativa y causalidad<\/li>\n<li>Aplicar criterios para determinar cu\u00e1ndo un AA se califica como AAG, incluyendo casos l\u00edmite o m\u00e9dicamente importantes<\/li>\n<li>Explicar roles y responsabilidades de investigadores, promotores y CRO en la identificaci\u00f3n, notificaci\u00f3n y seguimiento de AAG<\/li>\n<li>Navegar por el ciclo de vida de la notificaci\u00f3n de AAG, incluyendo plazos, documentaci\u00f3n y supervisi\u00f3n de calidad<\/li>\n<\/ul>\n<h3>Programa:<\/h3>\n<p>Lecci\u00f3n 1: Introducci\u00f3n a los acontecimientos adversos graves<br \/>\nLecci\u00f3n 2: Criterios para determinar la gravedad en AA<br \/>\nLecci\u00f3n 3: Roles y responsabilidades de las partes interesadas en la notificaci\u00f3n de AAG<br \/>\nLecci\u00f3n 4: Proceso y plazos de notificaci\u00f3n de AAG<br \/>\nLecci\u00f3n 5: Procesamiento y documentaci\u00f3n de casos de AAG<br \/>\nLecci\u00f3n 6: Gesti\u00f3n de situaciones especiales como AAG<br \/>\nLecci\u00f3n 7: Supervisi\u00f3n de calidad, auditor\u00edas y preparaci\u00f3n para inspecciones<br \/>\nConclusi\u00f3n<br \/>\nEvaluaci\u00f3n<\/p>\n","protected":false},"excerpt":{"rendered":"<p>Los acontecimientos adversos graves (AAG) son se\u00f1ales de seguridad cr\u00edticas en la investigaci\u00f3n cl\u00ednica. Los reguladores, comit\u00e9s de \u00e9tica y promotores dependen de una notificaci\u00f3n r\u00e1pida y precisa para detectar riesgos, proteger a los participantes y mantener la integridad del estudio. Una notificaci\u00f3n tard\u00eda o inconsistente puede poner en riesgo a los pacientes y provocar [&hellip;]<\/p>\n","protected":false},"featured_media":55021,"template":"","meta":{"_acf_changed":false,"content-type":""},"product_brand":[],"product_cat":[276,273],"product_tag":[],"class_list":{"0":"post-57889","1":"product","2":"type-product","3":"status-publish","4":"has-post-thumbnail","6":"product_cat-asuntos-regulatorios","7":"product_cat-intersectorial","9":"first","10":"instock","11":"taxable","12":"shipping-taxable","13":"purchasable","14":"product-type-subscription"},"bundled_by":[],"bundle_stock_status":"instock","bundle_stock_quantity":null,"bundle_virtual":false,"bundle_layout":"","bundle_add_to_cart_form_location":"","bundle_editable_in_cart":false,"bundle_sold_individually_context":"","bundle_item_grouping":"","bundle_min_size":"","bundle_max_size":"","bundle_price":[],"bundled_items":[],"bundle_sell_ids":[],"acf":[],"yoast_head":"<!-- This site is optimized with the Yoast SEO plugin v27.5 - https:\/\/yoast.com\/product\/yoast-seo-wordpress\/ -->\n<title>Curso certificado de notificaci\u00f3n de acontecimientos adversos graves (AAG)<\/title>\n<meta name=\"description\" content=\"Formaci\u00f3n certificada en notificaci\u00f3n de AAG para equipos de ensayos cl\u00ednicos y farmacovigilancia. Comience su formaci\u00f3n hoy y obtenga un certificado CPD\/CEU reconocido por auditores.\" \/>\n<meta name=\"robots\" content=\"index, follow, max-snippet:-1, max-image-preview:large, max-video-preview:-1\" \/>\n<link rel=\"canonical\" href=\"https:\/\/gxp-training.com\/es\/online-course\/notificacion-de-acontecimientos-adversos-graves-y-procesamiento-de-casos\/\" \/>\n<meta property=\"og:locale\" content=\"es_ES\" \/>\n<meta property=\"og:type\" content=\"article\" \/>\n<meta property=\"og:title\" content=\"Curso certificado de notificaci\u00f3n de acontecimientos adversos graves (AAG)\" \/>\n<meta property=\"og:description\" content=\"Formaci\u00f3n certificada en notificaci\u00f3n de AAG para equipos de ensayos cl\u00ednicos y farmacovigilancia. Comience su formaci\u00f3n hoy y obtenga un certificado CPD\/CEU reconocido por auditores.\" \/>\n<meta property=\"og:url\" content=\"https:\/\/gxp-training.com\/es\/online-course\/notificacion-de-acontecimientos-adversos-graves-y-procesamiento-de-casos\/\" \/>\n<meta property=\"og:site_name\" content=\"GxP Training : Certified Online Courses for Life Sciences\" \/>\n<meta property=\"og:image\" content=\"https:\/\/gxp-training.com\/wp-content\/uploads\/2026\/02\/SAE.png\" \/>\n\t<meta property=\"og:image:width\" content=\"900\" \/>\n\t<meta property=\"og:image:height\" content=\"627\" \/>\n\t<meta property=\"og:image:type\" content=\"image\/png\" \/>\n<meta name=\"twitter:card\" content=\"summary_large_image\" \/>\n<meta name=\"twitter:label1\" content=\"Tiempo de lectura\" \/>\n\t<meta name=\"twitter:data1\" content=\"2 minutos\" \/>\n<script type=\"application\/ld+json\" class=\"yoast-schema-graph\">{\"@context\":\"https:\\\/\\\/schema.org\",\"@graph\":[{\"@type\":\"WebPage\",\"@id\":\"https:\\\/\\\/gxp-training.com\\\/es\\\/online-course\\\/notificacion-de-acontecimientos-adversos-graves-y-procesamiento-de-casos\\\/\",\"url\":\"https:\\\/\\\/gxp-training.com\\\/es\\\/online-course\\\/notificacion-de-acontecimientos-adversos-graves-y-procesamiento-de-casos\\\/\",\"name\":\"Curso certificado de notificaci\u00f3n de acontecimientos adversos graves (AAG)\",\"isPartOf\":{\"@id\":\"https:\\\/\\\/gxp-training.com\\\/es\\\/#website\"},\"primaryImageOfPage\":{\"@id\":\"https:\\\/\\\/gxp-training.com\\\/es\\\/online-course\\\/notificacion-de-acontecimientos-adversos-graves-y-procesamiento-de-casos\\\/#primaryimage\"},\"image\":{\"@id\":\"https:\\\/\\\/gxp-training.com\\\/es\\\/online-course\\\/notificacion-de-acontecimientos-adversos-graves-y-procesamiento-de-casos\\\/#primaryimage\"},\"thumbnailUrl\":\"https:\\\/\\\/gxp-training.com\\\/wp-content\\\/uploads\\\/2026\\\/02\\\/SAE.png\",\"datePublished\":\"2026-02-26T01:07:09+00:00\",\"description\":\"Formaci\u00f3n certificada en notificaci\u00f3n de AAG para equipos de ensayos cl\u00ednicos y farmacovigilancia. Comience su formaci\u00f3n hoy y obtenga un certificado CPD\\\/CEU reconocido por auditores.\",\"breadcrumb\":{\"@id\":\"https:\\\/\\\/gxp-training.com\\\/es\\\/online-course\\\/notificacion-de-acontecimientos-adversos-graves-y-procesamiento-de-casos\\\/#breadcrumb\"},\"inLanguage\":\"es\",\"potentialAction\":[{\"@type\":\"ReadAction\",\"target\":[\"https:\\\/\\\/gxp-training.com\\\/es\\\/online-course\\\/notificacion-de-acontecimientos-adversos-graves-y-procesamiento-de-casos\\\/\"]}]},{\"@type\":\"ImageObject\",\"inLanguage\":\"es\",\"@id\":\"https:\\\/\\\/gxp-training.com\\\/es\\\/online-course\\\/notificacion-de-acontecimientos-adversos-graves-y-procesamiento-de-casos\\\/#primaryimage\",\"url\":\"https:\\\/\\\/gxp-training.com\\\/wp-content\\\/uploads\\\/2026\\\/02\\\/SAE.png\",\"contentUrl\":\"https:\\\/\\\/gxp-training.com\\\/wp-content\\\/uploads\\\/2026\\\/02\\\/SAE.png\",\"width\":900,\"height\":627},{\"@type\":\"BreadcrumbList\",\"@id\":\"https:\\\/\\\/gxp-training.com\\\/es\\\/online-course\\\/notificacion-de-acontecimientos-adversos-graves-y-procesamiento-de-casos\\\/#breadcrumb\",\"itemListElement\":[{\"@type\":\"ListItem\",\"position\":1,\"name\":\"Inicio\",\"item\":\"https:\\\/\\\/gxp-training.com\\\/es\\\/pagina-de-inicio\\\/\"},{\"@type\":\"ListItem\",\"position\":2,\"name\":\"Productos\",\"item\":\"https:\\\/\\\/gxp-training.com\\\/es\\\/shop\\\/\"},{\"@type\":\"ListItem\",\"position\":3,\"name\":\"Notificaci\u00f3n de acontecimientos adversos graves y procesamiento de casos\"}]},{\"@type\":\"WebSite\",\"@id\":\"https:\\\/\\\/gxp-training.com\\\/es\\\/#website\",\"url\":\"https:\\\/\\\/gxp-training.com\\\/es\\\/\",\"name\":\"GxP Training : Certified Online Courses for Life Sciences\",\"description\":\"Online Trainings and Certified Courses in Regulatory Compliance for Pharmaceutical Experts\",\"publisher\":{\"@id\":\"https:\\\/\\\/gxp-training.com\\\/es\\\/#organization\"},\"potentialAction\":[{\"@type\":\"SearchAction\",\"target\":{\"@type\":\"EntryPoint\",\"urlTemplate\":\"https:\\\/\\\/gxp-training.com\\\/es\\\/?s={search_term_string}\"},\"query-input\":{\"@type\":\"PropertyValueSpecification\",\"valueRequired\":true,\"valueName\":\"search_term_string\"}}],\"inLanguage\":\"es\"},{\"@type\":\"Organization\",\"@id\":\"https:\\\/\\\/gxp-training.com\\\/es\\\/#organization\",\"name\":\"GXP Training\",\"url\":\"https:\\\/\\\/gxp-training.com\\\/es\\\/\",\"logo\":{\"@type\":\"ImageObject\",\"inLanguage\":\"es\",\"@id\":\"https:\\\/\\\/gxp-training.com\\\/es\\\/#\\\/schema\\\/logo\\\/image\\\/\",\"url\":\"https:\\\/\\\/gxp-training.com\\\/wp-content\\\/uploads\\\/2022\\\/05\\\/logo-resize.png\",\"contentUrl\":\"https:\\\/\\\/gxp-training.com\\\/wp-content\\\/uploads\\\/2022\\\/05\\\/logo-resize.png\",\"width\":350,\"height\":100,\"caption\":\"GXP Training\"},\"image\":{\"@id\":\"https:\\\/\\\/gxp-training.com\\\/es\\\/#\\\/schema\\\/logo\\\/image\\\/\"}}]}<\/script>\n<!-- \/ Yoast SEO plugin. -->","yoast_head_json":{"title":"Curso certificado de notificaci\u00f3n de acontecimientos adversos graves (AAG)","description":"Formaci\u00f3n certificada en notificaci\u00f3n de AAG para equipos de ensayos cl\u00ednicos y farmacovigilancia. Comience su formaci\u00f3n hoy y obtenga un certificado CPD\/CEU reconocido por auditores.","robots":{"index":"index","follow":"follow","max-snippet":"max-snippet:-1","max-image-preview":"max-image-preview:large","max-video-preview":"max-video-preview:-1"},"canonical":"https:\/\/gxp-training.com\/es\/online-course\/notificacion-de-acontecimientos-adversos-graves-y-procesamiento-de-casos\/","og_locale":"es_ES","og_type":"article","og_title":"Curso certificado de notificaci\u00f3n de acontecimientos adversos graves (AAG)","og_description":"Formaci\u00f3n certificada en notificaci\u00f3n de AAG para equipos de ensayos cl\u00ednicos y farmacovigilancia. Comience su formaci\u00f3n hoy y obtenga un certificado CPD\/CEU reconocido por auditores.","og_url":"https:\/\/gxp-training.com\/es\/online-course\/notificacion-de-acontecimientos-adversos-graves-y-procesamiento-de-casos\/","og_site_name":"GxP Training : Certified Online Courses for Life Sciences","og_image":[{"width":900,"height":627,"url":"https:\/\/gxp-training.com\/wp-content\/uploads\/2026\/02\/SAE.png","type":"image\/png"}],"twitter_card":"summary_large_image","twitter_misc":{"Tiempo de lectura":"2 minutos"},"schema":{"@context":"https:\/\/schema.org","@graph":[{"@type":"WebPage","@id":"https:\/\/gxp-training.com\/es\/online-course\/notificacion-de-acontecimientos-adversos-graves-y-procesamiento-de-casos\/","url":"https:\/\/gxp-training.com\/es\/online-course\/notificacion-de-acontecimientos-adversos-graves-y-procesamiento-de-casos\/","name":"Curso certificado de notificaci\u00f3n de acontecimientos adversos graves (AAG)","isPartOf":{"@id":"https:\/\/gxp-training.com\/es\/#website"},"primaryImageOfPage":{"@id":"https:\/\/gxp-training.com\/es\/online-course\/notificacion-de-acontecimientos-adversos-graves-y-procesamiento-de-casos\/#primaryimage"},"image":{"@id":"https:\/\/gxp-training.com\/es\/online-course\/notificacion-de-acontecimientos-adversos-graves-y-procesamiento-de-casos\/#primaryimage"},"thumbnailUrl":"https:\/\/gxp-training.com\/wp-content\/uploads\/2026\/02\/SAE.png","datePublished":"2026-02-26T01:07:09+00:00","description":"Formaci\u00f3n certificada en notificaci\u00f3n de AAG para equipos de ensayos cl\u00ednicos y farmacovigilancia. Comience su formaci\u00f3n hoy y obtenga un certificado CPD\/CEU reconocido por auditores.","breadcrumb":{"@id":"https:\/\/gxp-training.com\/es\/online-course\/notificacion-de-acontecimientos-adversos-graves-y-procesamiento-de-casos\/#breadcrumb"},"inLanguage":"es","potentialAction":[{"@type":"ReadAction","target":["https:\/\/gxp-training.com\/es\/online-course\/notificacion-de-acontecimientos-adversos-graves-y-procesamiento-de-casos\/"]}]},{"@type":"ImageObject","inLanguage":"es","@id":"https:\/\/gxp-training.com\/es\/online-course\/notificacion-de-acontecimientos-adversos-graves-y-procesamiento-de-casos\/#primaryimage","url":"https:\/\/gxp-training.com\/wp-content\/uploads\/2026\/02\/SAE.png","contentUrl":"https:\/\/gxp-training.com\/wp-content\/uploads\/2026\/02\/SAE.png","width":900,"height":627},{"@type":"BreadcrumbList","@id":"https:\/\/gxp-training.com\/es\/online-course\/notificacion-de-acontecimientos-adversos-graves-y-procesamiento-de-casos\/#breadcrumb","itemListElement":[{"@type":"ListItem","position":1,"name":"Inicio","item":"https:\/\/gxp-training.com\/es\/pagina-de-inicio\/"},{"@type":"ListItem","position":2,"name":"Productos","item":"https:\/\/gxp-training.com\/es\/shop\/"},{"@type":"ListItem","position":3,"name":"Notificaci\u00f3n de acontecimientos adversos graves y procesamiento de casos"}]},{"@type":"WebSite","@id":"https:\/\/gxp-training.com\/es\/#website","url":"https:\/\/gxp-training.com\/es\/","name":"GxP Training : Certified Online Courses for Life Sciences","description":"Online Trainings and Certified Courses in Regulatory Compliance for Pharmaceutical Experts","publisher":{"@id":"https:\/\/gxp-training.com\/es\/#organization"},"potentialAction":[{"@type":"SearchAction","target":{"@type":"EntryPoint","urlTemplate":"https:\/\/gxp-training.com\/es\/?s={search_term_string}"},"query-input":{"@type":"PropertyValueSpecification","valueRequired":true,"valueName":"search_term_string"}}],"inLanguage":"es"},{"@type":"Organization","@id":"https:\/\/gxp-training.com\/es\/#organization","name":"GXP Training","url":"https:\/\/gxp-training.com\/es\/","logo":{"@type":"ImageObject","inLanguage":"es","@id":"https:\/\/gxp-training.com\/es\/#\/schema\/logo\/image\/","url":"https:\/\/gxp-training.com\/wp-content\/uploads\/2022\/05\/logo-resize.png","contentUrl":"https:\/\/gxp-training.com\/wp-content\/uploads\/2022\/05\/logo-resize.png","width":350,"height":100,"caption":"GXP Training"},"image":{"@id":"https:\/\/gxp-training.com\/es\/#\/schema\/logo\/image\/"}}]}},"_links":{"self":[{"href":"https:\/\/gxp-training.com\/es\/wp-json\/wp\/v2\/product\/57889","targetHints":{"allow":["GET"]}}],"collection":[{"href":"https:\/\/gxp-training.com\/es\/wp-json\/wp\/v2\/product"}],"about":[{"href":"https:\/\/gxp-training.com\/es\/wp-json\/wp\/v2\/types\/product"}],"wp:featuredmedia":[{"embeddable":true,"href":"https:\/\/gxp-training.com\/es\/wp-json\/wp\/v2\/media\/55021"}],"wp:attachment":[{"href":"https:\/\/gxp-training.com\/es\/wp-json\/wp\/v2\/media?parent=57889"}],"wp:term":[{"taxonomy":"product_brand","embeddable":true,"href":"https:\/\/gxp-training.com\/es\/wp-json\/wp\/v2\/product_brand?post=57889"},{"taxonomy":"product_cat","embeddable":true,"href":"https:\/\/gxp-training.com\/es\/wp-json\/wp\/v2\/product_cat?post=57889"},{"taxonomy":"product_tag","embeddable":true,"href":"https:\/\/gxp-training.com\/es\/wp-json\/wp\/v2\/product_tag?post=57889"}],"curies":[{"name":"wp","href":"https:\/\/api.w.org\/{rel}","templated":true}]}}