{"id":57864,"date":"2023-11-17T08:16:02","date_gmt":"2023-11-17T08:16:02","guid":{"rendered":"https:\/\/gxp-training.com\/online-course\/paquete-gxp\/"},"modified":"2023-11-17T08:16:02","modified_gmt":"2023-11-17T07:16:02","slug":"paquete-gxp","status":"publish","type":"product","link":"https:\/\/gxp-training.com\/es\/online-course\/paquete-gxp\/","title":{"rendered":"Paquete GxP"},"content":{"rendered":"<p>Sum\u00e9rjase en el n\u00facleo de los sistemas de calidad con nuestro completo Paquete GxP, dise\u00f1ado para dotar a los profesionales de los sectores regulatorio, de garant\u00eda de calidad y de cumplimiento con conocimientos fundamentales y perspectivas pr\u00e1cticas. Esta serie de tres cursos cubre meticulosamente las Buenas Pr\u00e1cticas Cl\u00ednicas (GCP), las Buenas Pr\u00e1cticas de Laboratorio (GLP), las Buenas Pr\u00e1cticas de Fabricaci\u00f3n (GMP) y las Buenas Pr\u00e1cticas de Distribuci\u00f3n (GDP), ofreciendo una inmersi\u00f3n profunda en los aspectos vitales de cada est\u00e1ndar. <\/p>\n<p>Descubra las \u00e1reas cr\u00edticas regidas por cada conjunto de pr\u00e1cticas y explore c\u00f3mo se integran para mantener la calidad del producto. Nuestros cursos no solo detallan las complejidades de las regulaciones de EE. UU. y la UE, sino que tambi\u00e9n establecen comparaciones perspicaces con los est\u00e1ndares internacionales, ampliando su comprensi\u00f3n regulatoria a escala global. <\/p>\n<p>Ideal para reci\u00e9n llegados o profesionales experimentados en campos como la gesti\u00f3n de laboratorio, las operaciones cl\u00ednicas o cualquier departamento relacionado, este paquete sienta una base s\u00f3lida para garantizar el cumplimiento y mejorar la calidad en cada aspecto de su operaci\u00f3n.<\/p>\n<p>Inscr\u00edbase hoy en nuestro Paquete GxP para consolidar su experiencia en estas pr\u00e1cticas fundamentales e impulsar la excelencia en su trayectoria profesional.<\/p>\n","protected":false},"excerpt":{"rendered":"<p>Sum\u00e9rjase en el n\u00facleo de los sistemas de calidad con nuestro completo Paquete GxP, dise\u00f1ado para dotar a los profesionales de los sectores regulatorio, de garant\u00eda de calidad y de cumplimiento con conocimientos fundamentales y perspectivas pr\u00e1cticas. Esta serie de tres cursos cubre meticulosamente las Buenas Pr\u00e1cticas Cl\u00ednicas (GCP), las Buenas Pr\u00e1cticas de Laboratorio (GLP), [&hellip;]<\/p>\n","protected":false},"featured_media":44750,"template":"","meta":{"_acf_changed":false,"content-type":""},"product_brand":[],"product_cat":[285],"product_tag":[],"class_list":{"0":"post-57864","1":"product","2":"type-product","3":"status-publish","4":"has-post-thumbnail","6":"product_cat-itinerarios-formativos","8":"first","9":"instock","10":"taxable","11":"shipping-taxable","12":"purchasable","13":"product-type-subscription"},"bundled_by":[],"bundle_stock_status":"instock","bundle_stock_quantity":null,"bundle_virtual":false,"bundle_layout":"","bundle_add_to_cart_form_location":"","bundle_editable_in_cart":false,"bundle_sold_individually_context":"","bundle_item_grouping":"","bundle_min_size":"","bundle_max_size":"","bundle_price":[],"bundled_items":[],"bundle_sell_ids":[39333,57137,57217,57241],"acf":[],"yoast_head":"<!-- This site is optimized with the Yoast SEO plugin v27.5 - https:\/\/yoast.com\/product\/yoast-seo-wordpress\/ -->\n<title>Paquete de Cursos Online GxP Certificados impartidos por los Mejores Expertos<\/title>\n<meta name=\"description\" content=\"Cursos de Formaci\u00f3n Online Certificados para Profesionales de Ciencias de la Vida. Obtenga su Certificaci\u00f3n GxP. \u00a1Comience su trayectoria de aprendizaje ahora! Acreditado por CPD y CEU.\" \/>\n<meta name=\"robots\" content=\"index, follow, max-snippet:-1, max-image-preview:large, max-video-preview:-1\" \/>\n<link rel=\"canonical\" href=\"https:\/\/gxp-training.com\/es\/online-course\/paquete-gxp\/\" \/>\n<meta property=\"og:locale\" content=\"es_ES\" \/>\n<meta property=\"og:type\" content=\"article\" \/>\n<meta property=\"og:title\" content=\"Paquete de Cursos Online GxP Certificados impartidos por los Mejores Expertos\" \/>\n<meta property=\"og:description\" content=\"Cursos de Formaci\u00f3n Online Certificados para Profesionales de Ciencias de la Vida. Obtenga su Certificaci\u00f3n GxP. \u00a1Comience su trayectoria de aprendizaje ahora! Acreditado por CPD y CEU.\" \/>\n<meta property=\"og:url\" content=\"https:\/\/gxp-training.com\/es\/online-course\/paquete-gxp\/\" \/>\n<meta property=\"og:site_name\" content=\"GxP Training : Certified Online Courses for Life Sciences\" \/>\n<meta property=\"og:image\" content=\"https:\/\/gxp-training.com\/wp-content\/uploads\/2023\/11\/GxP.png\" \/>\n\t<meta property=\"og:image:width\" content=\"900\" \/>\n\t<meta property=\"og:image:height\" content=\"627\" \/>\n\t<meta property=\"og:image:type\" content=\"image\/png\" \/>\n<meta name=\"twitter:card\" content=\"summary_large_image\" \/>\n<meta name=\"twitter:label1\" content=\"Tiempo de lectura\" \/>\n\t<meta name=\"twitter:data1\" content=\"1 minuto\" \/>\n<script type=\"application\/ld+json\" class=\"yoast-schema-graph\">{\"@context\":\"https:\\\/\\\/schema.org\",\"@graph\":[{\"@type\":\"WebPage\",\"@id\":\"https:\\\/\\\/gxp-training.com\\\/es\\\/online-course\\\/paquete-gxp\\\/\",\"url\":\"https:\\\/\\\/gxp-training.com\\\/es\\\/online-course\\\/paquete-gxp\\\/\",\"name\":\"Paquete de Cursos Online GxP Certificados impartidos por los Mejores Expertos\",\"isPartOf\":{\"@id\":\"https:\\\/\\\/gxp-training.com\\\/es\\\/#website\"},\"primaryImageOfPage\":{\"@id\":\"https:\\\/\\\/gxp-training.com\\\/es\\\/online-course\\\/paquete-gxp\\\/#primaryimage\"},\"image\":{\"@id\":\"https:\\\/\\\/gxp-training.com\\\/es\\\/online-course\\\/paquete-gxp\\\/#primaryimage\"},\"thumbnailUrl\":\"https:\\\/\\\/gxp-training.com\\\/wp-content\\\/uploads\\\/2023\\\/11\\\/GxP.png\",\"datePublished\":\"2023-11-17T08:16:02+00:00\",\"description\":\"Cursos de Formaci\u00f3n Online Certificados para Profesionales de Ciencias de la Vida. Obtenga su Certificaci\u00f3n GxP. \u00a1Comience su trayectoria de aprendizaje ahora! Acreditado por CPD y CEU.\",\"breadcrumb\":{\"@id\":\"https:\\\/\\\/gxp-training.com\\\/es\\\/online-course\\\/paquete-gxp\\\/#breadcrumb\"},\"inLanguage\":\"es\",\"potentialAction\":[{\"@type\":\"ReadAction\",\"target\":[\"https:\\\/\\\/gxp-training.com\\\/es\\\/online-course\\\/paquete-gxp\\\/\"]}]},{\"@type\":\"ImageObject\",\"inLanguage\":\"es\",\"@id\":\"https:\\\/\\\/gxp-training.com\\\/es\\\/online-course\\\/paquete-gxp\\\/#primaryimage\",\"url\":\"https:\\\/\\\/gxp-training.com\\\/wp-content\\\/uploads\\\/2023\\\/11\\\/GxP.png\",\"contentUrl\":\"https:\\\/\\\/gxp-training.com\\\/wp-content\\\/uploads\\\/2023\\\/11\\\/GxP.png\",\"width\":900,\"height\":627},{\"@type\":\"BreadcrumbList\",\"@id\":\"https:\\\/\\\/gxp-training.com\\\/es\\\/online-course\\\/paquete-gxp\\\/#breadcrumb\",\"itemListElement\":[{\"@type\":\"ListItem\",\"position\":1,\"name\":\"Inicio\",\"item\":\"https:\\\/\\\/gxp-training.com\\\/es\\\/pagina-de-inicio\\\/\"},{\"@type\":\"ListItem\",\"position\":2,\"name\":\"Productos\",\"item\":\"https:\\\/\\\/gxp-training.com\\\/es\\\/shop\\\/\"},{\"@type\":\"ListItem\",\"position\":3,\"name\":\"Paquete GxP\"}]},{\"@type\":\"WebSite\",\"@id\":\"https:\\\/\\\/gxp-training.com\\\/es\\\/#website\",\"url\":\"https:\\\/\\\/gxp-training.com\\\/es\\\/\",\"name\":\"GxP Training : Certified Online Courses for Life Sciences\",\"description\":\"Online Trainings and Certified Courses in Regulatory Compliance for Pharmaceutical Experts\",\"publisher\":{\"@id\":\"https:\\\/\\\/gxp-training.com\\\/es\\\/#organization\"},\"potentialAction\":[{\"@type\":\"SearchAction\",\"target\":{\"@type\":\"EntryPoint\",\"urlTemplate\":\"https:\\\/\\\/gxp-training.com\\\/es\\\/?s={search_term_string}\"},\"query-input\":{\"@type\":\"PropertyValueSpecification\",\"valueRequired\":true,\"valueName\":\"search_term_string\"}}],\"inLanguage\":\"es\"},{\"@type\":\"Organization\",\"@id\":\"https:\\\/\\\/gxp-training.com\\\/es\\\/#organization\",\"name\":\"GXP Training\",\"url\":\"https:\\\/\\\/gxp-training.com\\\/es\\\/\",\"logo\":{\"@type\":\"ImageObject\",\"inLanguage\":\"es\",\"@id\":\"https:\\\/\\\/gxp-training.com\\\/es\\\/#\\\/schema\\\/logo\\\/image\\\/\",\"url\":\"https:\\\/\\\/gxp-training.com\\\/wp-content\\\/uploads\\\/2022\\\/05\\\/logo-resize.png\",\"contentUrl\":\"https:\\\/\\\/gxp-training.com\\\/wp-content\\\/uploads\\\/2022\\\/05\\\/logo-resize.png\",\"width\":350,\"height\":100,\"caption\":\"GXP Training\"},\"image\":{\"@id\":\"https:\\\/\\\/gxp-training.com\\\/es\\\/#\\\/schema\\\/logo\\\/image\\\/\"}}]}<\/script>\n<!-- \/ Yoast SEO plugin. -->","yoast_head_json":{"title":"Paquete de Cursos Online GxP Certificados impartidos por los Mejores Expertos","description":"Cursos de Formaci\u00f3n Online Certificados para Profesionales de Ciencias de la Vida. Obtenga su Certificaci\u00f3n GxP. \u00a1Comience su trayectoria de aprendizaje ahora! Acreditado por CPD y CEU.","robots":{"index":"index","follow":"follow","max-snippet":"max-snippet:-1","max-image-preview":"max-image-preview:large","max-video-preview":"max-video-preview:-1"},"canonical":"https:\/\/gxp-training.com\/es\/online-course\/paquete-gxp\/","og_locale":"es_ES","og_type":"article","og_title":"Paquete de Cursos Online GxP Certificados impartidos por los Mejores Expertos","og_description":"Cursos de Formaci\u00f3n Online Certificados para Profesionales de Ciencias de la Vida. Obtenga su Certificaci\u00f3n GxP. \u00a1Comience su trayectoria de aprendizaje ahora! Acreditado por CPD y CEU.","og_url":"https:\/\/gxp-training.com\/es\/online-course\/paquete-gxp\/","og_site_name":"GxP Training : Certified Online Courses for Life Sciences","og_image":[{"width":900,"height":627,"url":"https:\/\/gxp-training.com\/wp-content\/uploads\/2023\/11\/GxP.png","type":"image\/png"}],"twitter_card":"summary_large_image","twitter_misc":{"Tiempo de lectura":"1 minuto"},"schema":{"@context":"https:\/\/schema.org","@graph":[{"@type":"WebPage","@id":"https:\/\/gxp-training.com\/es\/online-course\/paquete-gxp\/","url":"https:\/\/gxp-training.com\/es\/online-course\/paquete-gxp\/","name":"Paquete de Cursos Online GxP Certificados impartidos por los Mejores Expertos","isPartOf":{"@id":"https:\/\/gxp-training.com\/es\/#website"},"primaryImageOfPage":{"@id":"https:\/\/gxp-training.com\/es\/online-course\/paquete-gxp\/#primaryimage"},"image":{"@id":"https:\/\/gxp-training.com\/es\/online-course\/paquete-gxp\/#primaryimage"},"thumbnailUrl":"https:\/\/gxp-training.com\/wp-content\/uploads\/2023\/11\/GxP.png","datePublished":"2023-11-17T08:16:02+00:00","description":"Cursos de Formaci\u00f3n Online Certificados para Profesionales de Ciencias de la Vida. Obtenga su Certificaci\u00f3n GxP. \u00a1Comience su trayectoria de aprendizaje ahora! Acreditado por CPD y CEU.","breadcrumb":{"@id":"https:\/\/gxp-training.com\/es\/online-course\/paquete-gxp\/#breadcrumb"},"inLanguage":"es","potentialAction":[{"@type":"ReadAction","target":["https:\/\/gxp-training.com\/es\/online-course\/paquete-gxp\/"]}]},{"@type":"ImageObject","inLanguage":"es","@id":"https:\/\/gxp-training.com\/es\/online-course\/paquete-gxp\/#primaryimage","url":"https:\/\/gxp-training.com\/wp-content\/uploads\/2023\/11\/GxP.png","contentUrl":"https:\/\/gxp-training.com\/wp-content\/uploads\/2023\/11\/GxP.png","width":900,"height":627},{"@type":"BreadcrumbList","@id":"https:\/\/gxp-training.com\/es\/online-course\/paquete-gxp\/#breadcrumb","itemListElement":[{"@type":"ListItem","position":1,"name":"Inicio","item":"https:\/\/gxp-training.com\/es\/pagina-de-inicio\/"},{"@type":"ListItem","position":2,"name":"Productos","item":"https:\/\/gxp-training.com\/es\/shop\/"},{"@type":"ListItem","position":3,"name":"Paquete GxP"}]},{"@type":"WebSite","@id":"https:\/\/gxp-training.com\/es\/#website","url":"https:\/\/gxp-training.com\/es\/","name":"GxP Training : Certified Online Courses for Life Sciences","description":"Online Trainings and Certified Courses in Regulatory Compliance for Pharmaceutical Experts","publisher":{"@id":"https:\/\/gxp-training.com\/es\/#organization"},"potentialAction":[{"@type":"SearchAction","target":{"@type":"EntryPoint","urlTemplate":"https:\/\/gxp-training.com\/es\/?s={search_term_string}"},"query-input":{"@type":"PropertyValueSpecification","valueRequired":true,"valueName":"search_term_string"}}],"inLanguage":"es"},{"@type":"Organization","@id":"https:\/\/gxp-training.com\/es\/#organization","name":"GXP Training","url":"https:\/\/gxp-training.com\/es\/","logo":{"@type":"ImageObject","inLanguage":"es","@id":"https:\/\/gxp-training.com\/es\/#\/schema\/logo\/image\/","url":"https:\/\/gxp-training.com\/wp-content\/uploads\/2022\/05\/logo-resize.png","contentUrl":"https:\/\/gxp-training.com\/wp-content\/uploads\/2022\/05\/logo-resize.png","width":350,"height":100,"caption":"GXP Training"},"image":{"@id":"https:\/\/gxp-training.com\/es\/#\/schema\/logo\/image\/"}}]}},"_links":{"self":[{"href":"https:\/\/gxp-training.com\/es\/wp-json\/wp\/v2\/product\/57864","targetHints":{"allow":["GET"]}}],"collection":[{"href":"https:\/\/gxp-training.com\/es\/wp-json\/wp\/v2\/product"}],"about":[{"href":"https:\/\/gxp-training.com\/es\/wp-json\/wp\/v2\/types\/product"}],"wp:featuredmedia":[{"embeddable":true,"href":"https:\/\/gxp-training.com\/es\/wp-json\/wp\/v2\/media\/44750"}],"wp:attachment":[{"href":"https:\/\/gxp-training.com\/es\/wp-json\/wp\/v2\/media?parent=57864"}],"wp:term":[{"taxonomy":"product_brand","embeddable":true,"href":"https:\/\/gxp-training.com\/es\/wp-json\/wp\/v2\/product_brand?post=57864"},{"taxonomy":"product_cat","embeddable":true,"href":"https:\/\/gxp-training.com\/es\/wp-json\/wp\/v2\/product_cat?post=57864"},{"taxonomy":"product_tag","embeddable":true,"href":"https:\/\/gxp-training.com\/es\/wp-json\/wp\/v2\/product_tag?post=57864"}],"curies":[{"name":"wp","href":"https:\/\/api.w.org\/{rel}","templated":true}]}}