{"id":57860,"date":"2023-11-20T14:23:02","date_gmt":"2023-11-20T14:23:02","guid":{"rendered":"https:\/\/gxp-training.com\/online-course\/asociado-de-investigacion-clinica-cra\/"},"modified":"2023-11-20T14:23:02","modified_gmt":"2023-11-20T13:23:02","slug":"asociado-de-investigacion-clinica-cra","status":"publish","type":"product","link":"https:\/\/gxp-training.com\/es\/online-course\/asociado-de-investigacion-clinica-cra\/","title":{"rendered":"Asociado de Investigaci\u00f3n Cl\u00ednica (CRA)"},"content":{"rendered":"<p>Descubra la Ruta de Aprendizaje de Asociado de Investigaci\u00f3n Cl\u00ednica, un conjunto de cursos dise\u00f1ados espec\u00edficamente para profesionales de la investigaci\u00f3n cl\u00ednica. Guiado por la Dra. Patricia Kay, con su amplia experiencia, este conjunto ofrece conocimientos profundos sobre los aspectos fundamentales de los ensayos cl\u00ednicos. <\/p>\n<p>Desde comprender los matices de las <a href=\"https:\/\/gxp-training.com\/es\/online-course\/ich-gcp-introduccion-a-las-buenas-practicas-clinicas\/\">Buenas Pr\u00e1cticas Cl\u00ednicas<\/a> hasta dominar la Gesti\u00f3n de Datos Cl\u00ednicos, esta ruta de aprendizaje le proporciona las habilidades y conocimientos para destacar como Asociado de Investigaci\u00f3n Cl\u00ednica.<\/p>\n<p>Las ventajas clave incluyen acceso de un a\u00f1o a contenido actualizado, una certificaci\u00f3n \u00fanica para cada curso y un certificado final al completar toda la ruta.<\/p>\n<p>Este curso est\u00e1 dise\u00f1ado para la introducci\u00f3n y formaci\u00f3n tanto de nuevas incorporaciones individuales como de equipos completos. Ya sea usted un responsable de CRA o un especialista de recursos humanos encargado de orientar y formar desde uno hasta cien nuevos CRA, este programa ofrece un enfoque conveniente, econ\u00f3mico, exhaustivo y atractivo para la formaci\u00f3n. Garantiza que sus nuevos empleados se formen seg\u00fan los m\u00e1s altos est\u00e1ndares de la industria, brind\u00e1ndole confianza en su preparaci\u00f3n.  <\/p>\n<p>\u00danase ahora y transforme su experiencia en el din\u00e1mico mundo de la investigaci\u00f3n cl\u00ednica.<\/p>\n","protected":false},"excerpt":{"rendered":"<p>Descubra la Ruta de Aprendizaje de Asociado de Investigaci\u00f3n Cl\u00ednica, un conjunto de cursos dise\u00f1ados espec\u00edficamente para profesionales de la investigaci\u00f3n cl\u00ednica. Guiado por la Dra. Patricia Kay, con su amplia experiencia, este conjunto ofrece conocimientos profundos sobre los aspectos fundamentales de los ensayos cl\u00ednicos. Desde comprender los matices de las Buenas Pr\u00e1cticas Cl\u00ednicas hasta [&hellip;]<\/p>\n","protected":false},"featured_media":44815,"template":"","meta":{"_acf_changed":false,"content-type":""},"product_brand":[],"product_cat":[285],"product_tag":[],"class_list":{"0":"post-57860","1":"product","2":"type-product","3":"status-publish","4":"has-post-thumbnail","6":"product_cat-itinerarios-formativos","8":"first","9":"instock","10":"taxable","11":"shipping-taxable","12":"purchasable","13":"product-type-subscription"},"bundled_by":[],"bundle_stock_status":"instock","bundle_stock_quantity":null,"bundle_virtual":false,"bundle_layout":"","bundle_add_to_cart_form_location":"","bundle_editable_in_cart":false,"bundle_sold_individually_context":"","bundle_item_grouping":"","bundle_min_size":"","bundle_max_size":"","bundle_price":[],"bundled_items":[],"bundle_sell_ids":[57719,57155,57268,57297,57225,54928],"acf":[],"yoast_head":"<!-- This site is optimized with the Yoast SEO plugin v27.5 - https:\/\/yoast.com\/product\/yoast-seo-wordpress\/ -->\n<title>Curso Certificado Online de Asociado de Investigaci\u00f3n Cl\u00ednica (CRA)<\/title>\n<meta name=\"description\" content=\"Formaci\u00f3n Certificada Online para Asociado de Investigaci\u00f3n Cl\u00ednica (CRA). Para Nuevas Incorporaciones o Equipos Completos. Obtenga su Certificaci\u00f3n ICH-GCP ahora. Por los mejores Expertos en GCP.\" \/>\n<meta name=\"robots\" content=\"index, follow, max-snippet:-1, max-image-preview:large, max-video-preview:-1\" \/>\n<link rel=\"canonical\" href=\"https:\/\/gxp-training.com\/es\/online-course\/asociado-de-investigacion-clinica-cra\/\" \/>\n<meta property=\"og:locale\" content=\"es_ES\" \/>\n<meta property=\"og:type\" content=\"article\" \/>\n<meta property=\"og:title\" content=\"Curso Certificado Online de Asociado de Investigaci\u00f3n Cl\u00ednica (CRA)\" \/>\n<meta property=\"og:description\" content=\"Formaci\u00f3n Certificada Online para Asociado de Investigaci\u00f3n Cl\u00ednica (CRA). Para Nuevas Incorporaciones o Equipos Completos. Obtenga su Certificaci\u00f3n ICH-GCP ahora. Por los mejores Expertos en GCP.\" \/>\n<meta property=\"og:url\" content=\"https:\/\/gxp-training.com\/es\/online-course\/asociado-de-investigacion-clinica-cra\/\" \/>\n<meta property=\"og:site_name\" content=\"GxP Training : Certified Online Courses for Life Sciences\" \/>\n<meta property=\"og:image\" content=\"https:\/\/gxp-training.com\/wp-content\/uploads\/2023\/11\/Clinical-Research.png\" \/>\n\t<meta property=\"og:image:width\" content=\"900\" \/>\n\t<meta property=\"og:image:height\" content=\"627\" \/>\n\t<meta property=\"og:image:type\" content=\"image\/png\" \/>\n<meta name=\"twitter:card\" content=\"summary_large_image\" \/>\n<meta name=\"twitter:label1\" content=\"Tiempo de lectura\" \/>\n\t<meta name=\"twitter:data1\" content=\"1 minuto\" \/>\n<script type=\"application\/ld+json\" class=\"yoast-schema-graph\">{\"@context\":\"https:\\\/\\\/schema.org\",\"@graph\":[{\"@type\":\"WebPage\",\"@id\":\"https:\\\/\\\/gxp-training.com\\\/es\\\/online-course\\\/asociado-de-investigacion-clinica-cra\\\/\",\"url\":\"https:\\\/\\\/gxp-training.com\\\/es\\\/online-course\\\/asociado-de-investigacion-clinica-cra\\\/\",\"name\":\"Curso Certificado Online de Asociado de Investigaci\u00f3n Cl\u00ednica (CRA)\",\"isPartOf\":{\"@id\":\"https:\\\/\\\/gxp-training.com\\\/es\\\/#website\"},\"primaryImageOfPage\":{\"@id\":\"https:\\\/\\\/gxp-training.com\\\/es\\\/online-course\\\/asociado-de-investigacion-clinica-cra\\\/#primaryimage\"},\"image\":{\"@id\":\"https:\\\/\\\/gxp-training.com\\\/es\\\/online-course\\\/asociado-de-investigacion-clinica-cra\\\/#primaryimage\"},\"thumbnailUrl\":\"https:\\\/\\\/gxp-training.com\\\/wp-content\\\/uploads\\\/2023\\\/11\\\/Clinical-Research.png\",\"datePublished\":\"2023-11-20T14:23:02+00:00\",\"description\":\"Formaci\u00f3n Certificada Online para Asociado de Investigaci\u00f3n Cl\u00ednica (CRA). Para Nuevas Incorporaciones o Equipos Completos. Obtenga su Certificaci\u00f3n ICH-GCP ahora. Por los mejores Expertos en GCP.\",\"breadcrumb\":{\"@id\":\"https:\\\/\\\/gxp-training.com\\\/es\\\/online-course\\\/asociado-de-investigacion-clinica-cra\\\/#breadcrumb\"},\"inLanguage\":\"es\",\"potentialAction\":[{\"@type\":\"ReadAction\",\"target\":[\"https:\\\/\\\/gxp-training.com\\\/es\\\/online-course\\\/asociado-de-investigacion-clinica-cra\\\/\"]}]},{\"@type\":\"ImageObject\",\"inLanguage\":\"es\",\"@id\":\"https:\\\/\\\/gxp-training.com\\\/es\\\/online-course\\\/asociado-de-investigacion-clinica-cra\\\/#primaryimage\",\"url\":\"https:\\\/\\\/gxp-training.com\\\/wp-content\\\/uploads\\\/2023\\\/11\\\/Clinical-Research.png\",\"contentUrl\":\"https:\\\/\\\/gxp-training.com\\\/wp-content\\\/uploads\\\/2023\\\/11\\\/Clinical-Research.png\",\"width\":900,\"height\":627},{\"@type\":\"BreadcrumbList\",\"@id\":\"https:\\\/\\\/gxp-training.com\\\/es\\\/online-course\\\/asociado-de-investigacion-clinica-cra\\\/#breadcrumb\",\"itemListElement\":[{\"@type\":\"ListItem\",\"position\":1,\"name\":\"Inicio\",\"item\":\"https:\\\/\\\/gxp-training.com\\\/es\\\/pagina-de-inicio\\\/\"},{\"@type\":\"ListItem\",\"position\":2,\"name\":\"Productos\",\"item\":\"https:\\\/\\\/gxp-training.com\\\/es\\\/shop\\\/\"},{\"@type\":\"ListItem\",\"position\":3,\"name\":\"Asociado de Investigaci\u00f3n Cl\u00ednica (CRA)\"}]},{\"@type\":\"WebSite\",\"@id\":\"https:\\\/\\\/gxp-training.com\\\/es\\\/#website\",\"url\":\"https:\\\/\\\/gxp-training.com\\\/es\\\/\",\"name\":\"GxP Training : Certified Online Courses for Life Sciences\",\"description\":\"Online Trainings and Certified Courses in Regulatory Compliance for Pharmaceutical Experts\",\"publisher\":{\"@id\":\"https:\\\/\\\/gxp-training.com\\\/es\\\/#organization\"},\"potentialAction\":[{\"@type\":\"SearchAction\",\"target\":{\"@type\":\"EntryPoint\",\"urlTemplate\":\"https:\\\/\\\/gxp-training.com\\\/es\\\/?s={search_term_string}\"},\"query-input\":{\"@type\":\"PropertyValueSpecification\",\"valueRequired\":true,\"valueName\":\"search_term_string\"}}],\"inLanguage\":\"es\"},{\"@type\":\"Organization\",\"@id\":\"https:\\\/\\\/gxp-training.com\\\/es\\\/#organization\",\"name\":\"GXP Training\",\"url\":\"https:\\\/\\\/gxp-training.com\\\/es\\\/\",\"logo\":{\"@type\":\"ImageObject\",\"inLanguage\":\"es\",\"@id\":\"https:\\\/\\\/gxp-training.com\\\/es\\\/#\\\/schema\\\/logo\\\/image\\\/\",\"url\":\"https:\\\/\\\/gxp-training.com\\\/wp-content\\\/uploads\\\/2022\\\/05\\\/logo-resize.png\",\"contentUrl\":\"https:\\\/\\\/gxp-training.com\\\/wp-content\\\/uploads\\\/2022\\\/05\\\/logo-resize.png\",\"width\":350,\"height\":100,\"caption\":\"GXP Training\"},\"image\":{\"@id\":\"https:\\\/\\\/gxp-training.com\\\/es\\\/#\\\/schema\\\/logo\\\/image\\\/\"}}]}<\/script>\n<!-- \/ Yoast SEO plugin. -->","yoast_head_json":{"title":"Curso Certificado Online de Asociado de Investigaci\u00f3n Cl\u00ednica (CRA)","description":"Formaci\u00f3n Certificada Online para Asociado de Investigaci\u00f3n Cl\u00ednica (CRA). Para Nuevas Incorporaciones o Equipos Completos. Obtenga su Certificaci\u00f3n ICH-GCP ahora. Por los mejores Expertos en GCP.","robots":{"index":"index","follow":"follow","max-snippet":"max-snippet:-1","max-image-preview":"max-image-preview:large","max-video-preview":"max-video-preview:-1"},"canonical":"https:\/\/gxp-training.com\/es\/online-course\/asociado-de-investigacion-clinica-cra\/","og_locale":"es_ES","og_type":"article","og_title":"Curso Certificado Online de Asociado de Investigaci\u00f3n Cl\u00ednica (CRA)","og_description":"Formaci\u00f3n Certificada Online para Asociado de Investigaci\u00f3n Cl\u00ednica (CRA). Para Nuevas Incorporaciones o Equipos Completos. Obtenga su Certificaci\u00f3n ICH-GCP ahora. Por los mejores Expertos en GCP.","og_url":"https:\/\/gxp-training.com\/es\/online-course\/asociado-de-investigacion-clinica-cra\/","og_site_name":"GxP Training : Certified Online Courses for Life Sciences","og_image":[{"width":900,"height":627,"url":"https:\/\/gxp-training.com\/wp-content\/uploads\/2023\/11\/Clinical-Research.png","type":"image\/png"}],"twitter_card":"summary_large_image","twitter_misc":{"Tiempo de lectura":"1 minuto"},"schema":{"@context":"https:\/\/schema.org","@graph":[{"@type":"WebPage","@id":"https:\/\/gxp-training.com\/es\/online-course\/asociado-de-investigacion-clinica-cra\/","url":"https:\/\/gxp-training.com\/es\/online-course\/asociado-de-investigacion-clinica-cra\/","name":"Curso Certificado Online de Asociado de Investigaci\u00f3n Cl\u00ednica (CRA)","isPartOf":{"@id":"https:\/\/gxp-training.com\/es\/#website"},"primaryImageOfPage":{"@id":"https:\/\/gxp-training.com\/es\/online-course\/asociado-de-investigacion-clinica-cra\/#primaryimage"},"image":{"@id":"https:\/\/gxp-training.com\/es\/online-course\/asociado-de-investigacion-clinica-cra\/#primaryimage"},"thumbnailUrl":"https:\/\/gxp-training.com\/wp-content\/uploads\/2023\/11\/Clinical-Research.png","datePublished":"2023-11-20T14:23:02+00:00","description":"Formaci\u00f3n Certificada Online para Asociado de Investigaci\u00f3n Cl\u00ednica (CRA). Para Nuevas Incorporaciones o Equipos Completos. Obtenga su Certificaci\u00f3n ICH-GCP ahora. Por los mejores Expertos en GCP.","breadcrumb":{"@id":"https:\/\/gxp-training.com\/es\/online-course\/asociado-de-investigacion-clinica-cra\/#breadcrumb"},"inLanguage":"es","potentialAction":[{"@type":"ReadAction","target":["https:\/\/gxp-training.com\/es\/online-course\/asociado-de-investigacion-clinica-cra\/"]}]},{"@type":"ImageObject","inLanguage":"es","@id":"https:\/\/gxp-training.com\/es\/online-course\/asociado-de-investigacion-clinica-cra\/#primaryimage","url":"https:\/\/gxp-training.com\/wp-content\/uploads\/2023\/11\/Clinical-Research.png","contentUrl":"https:\/\/gxp-training.com\/wp-content\/uploads\/2023\/11\/Clinical-Research.png","width":900,"height":627},{"@type":"BreadcrumbList","@id":"https:\/\/gxp-training.com\/es\/online-course\/asociado-de-investigacion-clinica-cra\/#breadcrumb","itemListElement":[{"@type":"ListItem","position":1,"name":"Inicio","item":"https:\/\/gxp-training.com\/es\/pagina-de-inicio\/"},{"@type":"ListItem","position":2,"name":"Productos","item":"https:\/\/gxp-training.com\/es\/shop\/"},{"@type":"ListItem","position":3,"name":"Asociado de Investigaci\u00f3n Cl\u00ednica (CRA)"}]},{"@type":"WebSite","@id":"https:\/\/gxp-training.com\/es\/#website","url":"https:\/\/gxp-training.com\/es\/","name":"GxP Training : Certified Online Courses for Life Sciences","description":"Online Trainings and Certified Courses in Regulatory Compliance for Pharmaceutical Experts","publisher":{"@id":"https:\/\/gxp-training.com\/es\/#organization"},"potentialAction":[{"@type":"SearchAction","target":{"@type":"EntryPoint","urlTemplate":"https:\/\/gxp-training.com\/es\/?s={search_term_string}"},"query-input":{"@type":"PropertyValueSpecification","valueRequired":true,"valueName":"search_term_string"}}],"inLanguage":"es"},{"@type":"Organization","@id":"https:\/\/gxp-training.com\/es\/#organization","name":"GXP Training","url":"https:\/\/gxp-training.com\/es\/","logo":{"@type":"ImageObject","inLanguage":"es","@id":"https:\/\/gxp-training.com\/es\/#\/schema\/logo\/image\/","url":"https:\/\/gxp-training.com\/wp-content\/uploads\/2022\/05\/logo-resize.png","contentUrl":"https:\/\/gxp-training.com\/wp-content\/uploads\/2022\/05\/logo-resize.png","width":350,"height":100,"caption":"GXP Training"},"image":{"@id":"https:\/\/gxp-training.com\/es\/#\/schema\/logo\/image\/"}}]}},"_links":{"self":[{"href":"https:\/\/gxp-training.com\/es\/wp-json\/wp\/v2\/product\/57860","targetHints":{"allow":["GET"]}}],"collection":[{"href":"https:\/\/gxp-training.com\/es\/wp-json\/wp\/v2\/product"}],"about":[{"href":"https:\/\/gxp-training.com\/es\/wp-json\/wp\/v2\/types\/product"}],"wp:featuredmedia":[{"embeddable":true,"href":"https:\/\/gxp-training.com\/es\/wp-json\/wp\/v2\/media\/44815"}],"wp:attachment":[{"href":"https:\/\/gxp-training.com\/es\/wp-json\/wp\/v2\/media?parent=57860"}],"wp:term":[{"taxonomy":"product_brand","embeddable":true,"href":"https:\/\/gxp-training.com\/es\/wp-json\/wp\/v2\/product_brand?post=57860"},{"taxonomy":"product_cat","embeddable":true,"href":"https:\/\/gxp-training.com\/es\/wp-json\/wp\/v2\/product_cat?post=57860"},{"taxonomy":"product_tag","embeddable":true,"href":"https:\/\/gxp-training.com\/es\/wp-json\/wp\/v2\/product_tag?post=57860"}],"curies":[{"name":"wp","href":"https:\/\/api.w.org\/{rel}","templated":true}]}}