{"id":57852,"date":"2024-03-27T15:26:30","date_gmt":"2024-03-27T15:26:30","guid":{"rendered":"https:\/\/gxp-training.com\/online-course\/curso-de-formacion-certificado-antisoborno-y-anticorrupcion-iso37001\/"},"modified":"2024-03-27T15:26:30","modified_gmt":"2024-03-27T14:26:30","slug":"curso-de-formacion-certificado-antisoborno-y-anticorrupcion-iso37001","status":"publish","type":"product","link":"https:\/\/gxp-training.com\/es\/online-course\/curso-de-formacion-certificado-antisoborno-y-anticorrupcion-iso37001\/","title":{"rendered":"Curso de Formaci\u00f3n Certificado Antisoborno y Anticorrupci\u00f3n: ISO37001"},"content":{"rendered":"<p>El soborno y la corrupci\u00f3n representan riesgos legales, financieros y reputacionales significativos para las organizaciones que operan en industrias reguladas. La ISO 37001 proporciona el marco reconocido internacionalmente para gestionar esos riesgos a trav\u00e9s de un <a href=\"https:\/\/www.iso.org\/standard\/37001\">Sistema de Gesti\u00f3n Antisoborno ISO 37001<\/a> (SGAS) estructurado. Este curso cubre los requisitos de la ISO 37001:2016 y proporciona a los profesionales los conocimientos para establecer, implementar y mantener un programa antisoborno eficaz.  <\/p>\n<p>Al finalizar con \u00e9xito, los participantes reciben un <a href=\"https:\/\/gxp-training.com\/es\/certificacion-y-acreditacion\/\"><strong>certificado de finalizaci\u00f3n rastreable adecuado<\/strong><\/a> para registros de RR. HH. y perfiles profesionales.<\/p>\n<p><strong>\u00bfQui\u00e9n deber\u00eda inscribirse?<\/strong><\/p>\n<ul>\n<li>Oficiales de cumplimiento y \u00e9tica en ciencias de la vida y otras industrias reguladas<\/li>\n<li><a href=\"https:\/\/gxp-training.com\/es\/online-course\/auditoria-gmp-interna-rol-del-auditor-gmp\/\">Auditores internos<\/a> y <a href=\"https:\/\/gxp-training.com\/es\/online-course\/inspecciones-de-cumplimiento-normativo-y-auditorias-externas\/\">externos<\/a><\/li>\n<li>Gestores de riesgos y profesionales de garant\u00eda de calidad<\/li>\n<li>Profesionales responsables de establecer o mantener un sistema de gesti\u00f3n antisoborno<\/li>\n<\/ul>\n<p><strong>\u00bfQu\u00e9 aprender\u00e1?<\/strong><\/p>\n<ul>\n<li>Fundamentos y requisitos de la ISO 37001:2016<\/li>\n<li>C\u00f3mo identificar, evaluar y mitigar los riesgos de soborno<\/li>\n<li>Roles, responsabilidades y compromiso de liderazgo en el SGAS<\/li>\n<li>Planificaci\u00f3n, implementaci\u00f3n y control de procesos antisoborno<\/li>\n<li>Seguimiento, evaluaci\u00f3n y mejora continua del SGAS<\/li>\n<\/ul>\n<p>&nbsp;<\/p>\n<h3>Plan de estudios:<\/h3>\n<p><strong>Introducci\u00f3n a la Gesti\u00f3n Antisoborno: Visi\u00f3n general de la ISO 37001 y su importancia.<\/strong><br \/>\n<strong>Lecci\u00f3n 1: Comprensi\u00f3n de los factores internos y externos.<\/strong><br \/>\n<strong>Lecci\u00f3n 2: Roles, responsabilidades y compromiso.<\/strong><br \/>\n<strong>Lecci\u00f3n 3: Abordar riesgos y oportunidades.<\/strong><br \/>\n<strong>Lecci\u00f3n 4: Recursos, competencias y concienciaci\u00f3n.<\/strong><br \/>\n<strong>Lecci\u00f3n 5: Planificaci\u00f3n, implementaci\u00f3n y control de procesos.<\/strong><br \/>\n<strong>Lecci\u00f3n 6: Seguimiento, medici\u00f3n, an\u00e1lisis y evaluaci\u00f3n.<\/strong><br \/>\n<strong>Lecci\u00f3n 7: No conformidad y acci\u00f3n correctiva.<\/strong><br \/>\n<strong>Lecci\u00f3n 8: El camino para lograr y mantener la certificaci\u00f3n ISO 37001.<\/strong><br \/>\n<strong>Conclusi\u00f3n<\/strong><br \/>\n<strong>Evaluaci\u00f3n<\/strong><\/p>\n","protected":false},"excerpt":{"rendered":"<p>El soborno y la corrupci\u00f3n representan riesgos legales, financieros y reputacionales significativos para las organizaciones que operan en industrias reguladas. La ISO 37001 proporciona el marco reconocido internacionalmente para gestionar esos riesgos a trav\u00e9s de un Sistema de Gesti\u00f3n Antisoborno ISO 37001 (SGAS) estructurado. Este curso cubre los requisitos de la ISO 37001:2016 y proporciona [&hellip;]<\/p>\n","protected":false},"featured_media":45766,"template":"","meta":{"_acf_changed":false,"content-type":""},"product_brand":[],"product_cat":[276,273,270,269,266],"product_tag":[],"class_list":{"0":"post-57852","1":"product","2":"type-product","3":"status-publish","4":"has-post-thumbnail","6":"product_cat-asuntos-regulatorios","7":"product_cat-intersectorial","8":"product_cat-organizacion-de-investigacion-por-contrato-cro","9":"product_cat-productos-farmaceuticos","10":"product_cat-productos-sanitarios","12":"first","13":"instock","14":"taxable","15":"shipping-taxable","16":"purchasable","17":"product-type-subscription"},"bundled_by":[],"bundle_stock_status":"instock","bundle_stock_quantity":null,"bundle_virtual":false,"bundle_layout":"","bundle_add_to_cart_form_location":"","bundle_editable_in_cart":false,"bundle_sold_individually_context":"","bundle_item_grouping":"","bundle_min_size":"","bundle_max_size":"","bundle_price":[],"bundled_items":[],"bundle_sell_ids":[],"acf":[],"yoast_head":"<!-- This site is optimized with the Yoast SEO plugin v27.5 - https:\/\/yoast.com\/product\/yoast-seo-wordpress\/ -->\n<title>Curso de Formaci\u00f3n Certificado Antisoborno y Anticorrupci\u00f3n: ISO37001<\/title>\n<meta name=\"description\" content=\"Descubra la ISO37001 con nuestro Curso Online Certificado sobre Sistemas de Gesti\u00f3n Antisoborno y Anticorrupci\u00f3n. Certif\u00edquese ahora con los Mejores Expertos. Acreditado por CPD y CEU.\" \/>\n<meta name=\"robots\" content=\"index, follow, max-snippet:-1, max-image-preview:large, max-video-preview:-1\" \/>\n<link rel=\"canonical\" href=\"https:\/\/gxp-training.com\/es\/online-course\/curso-de-formacion-certificado-antisoborno-y-anticorrupcion-iso37001\/\" \/>\n<meta property=\"og:locale\" content=\"es_ES\" \/>\n<meta property=\"og:type\" content=\"article\" \/>\n<meta property=\"og:title\" content=\"Curso de Formaci\u00f3n Certificado Antisoborno y Anticorrupci\u00f3n: ISO37001\" \/>\n<meta property=\"og:description\" content=\"Descubra la ISO37001 con nuestro Curso Online Certificado sobre Sistemas de Gesti\u00f3n Antisoborno y Anticorrupci\u00f3n. Certif\u00edquese ahora con los Mejores Expertos. Acreditado por CPD y CEU.\" \/>\n<meta property=\"og:url\" content=\"https:\/\/gxp-training.com\/es\/online-course\/curso-de-formacion-certificado-antisoborno-y-anticorrupcion-iso37001\/\" \/>\n<meta property=\"og:site_name\" content=\"GxP Training : Certified Online Courses for Life Sciences\" \/>\n<meta property=\"og:image\" content=\"https:\/\/gxp-training.com\/wp-content\/uploads\/2024\/03\/anti-bribery-1.png\" \/>\n\t<meta property=\"og:image:width\" content=\"900\" \/>\n\t<meta property=\"og:image:height\" content=\"627\" \/>\n\t<meta property=\"og:image:type\" content=\"image\/png\" \/>\n<meta name=\"twitter:card\" content=\"summary_large_image\" \/>\n<meta name=\"twitter:label1\" content=\"Tiempo de lectura\" \/>\n\t<meta name=\"twitter:data1\" content=\"1 minuto\" \/>\n<script type=\"application\/ld+json\" class=\"yoast-schema-graph\">{\"@context\":\"https:\\\/\\\/schema.org\",\"@graph\":[{\"@type\":\"WebPage\",\"@id\":\"https:\\\/\\\/gxp-training.com\\\/es\\\/online-course\\\/curso-de-formacion-certificado-antisoborno-y-anticorrupcion-iso37001\\\/\",\"url\":\"https:\\\/\\\/gxp-training.com\\\/es\\\/online-course\\\/curso-de-formacion-certificado-antisoborno-y-anticorrupcion-iso37001\\\/\",\"name\":\"Curso de Formaci\u00f3n Certificado Antisoborno y Anticorrupci\u00f3n: ISO37001\",\"isPartOf\":{\"@id\":\"https:\\\/\\\/gxp-training.com\\\/es\\\/#website\"},\"primaryImageOfPage\":{\"@id\":\"https:\\\/\\\/gxp-training.com\\\/es\\\/online-course\\\/curso-de-formacion-certificado-antisoborno-y-anticorrupcion-iso37001\\\/#primaryimage\"},\"image\":{\"@id\":\"https:\\\/\\\/gxp-training.com\\\/es\\\/online-course\\\/curso-de-formacion-certificado-antisoborno-y-anticorrupcion-iso37001\\\/#primaryimage\"},\"thumbnailUrl\":\"https:\\\/\\\/gxp-training.com\\\/wp-content\\\/uploads\\\/2024\\\/03\\\/anti-bribery-1.png\",\"datePublished\":\"2024-03-27T15:26:30+00:00\",\"description\":\"Descubra la ISO37001 con nuestro Curso Online Certificado sobre Sistemas de Gesti\u00f3n Antisoborno y Anticorrupci\u00f3n. Certif\u00edquese ahora con los Mejores Expertos. Acreditado por CPD y CEU.\",\"breadcrumb\":{\"@id\":\"https:\\\/\\\/gxp-training.com\\\/es\\\/online-course\\\/curso-de-formacion-certificado-antisoborno-y-anticorrupcion-iso37001\\\/#breadcrumb\"},\"inLanguage\":\"es\",\"potentialAction\":[{\"@type\":\"ReadAction\",\"target\":[\"https:\\\/\\\/gxp-training.com\\\/es\\\/online-course\\\/curso-de-formacion-certificado-antisoborno-y-anticorrupcion-iso37001\\\/\"]}]},{\"@type\":\"ImageObject\",\"inLanguage\":\"es\",\"@id\":\"https:\\\/\\\/gxp-training.com\\\/es\\\/online-course\\\/curso-de-formacion-certificado-antisoborno-y-anticorrupcion-iso37001\\\/#primaryimage\",\"url\":\"https:\\\/\\\/gxp-training.com\\\/wp-content\\\/uploads\\\/2024\\\/03\\\/anti-bribery-1.png\",\"contentUrl\":\"https:\\\/\\\/gxp-training.com\\\/wp-content\\\/uploads\\\/2024\\\/03\\\/anti-bribery-1.png\",\"width\":900,\"height\":627},{\"@type\":\"BreadcrumbList\",\"@id\":\"https:\\\/\\\/gxp-training.com\\\/es\\\/online-course\\\/curso-de-formacion-certificado-antisoborno-y-anticorrupcion-iso37001\\\/#breadcrumb\",\"itemListElement\":[{\"@type\":\"ListItem\",\"position\":1,\"name\":\"Inicio\",\"item\":\"https:\\\/\\\/gxp-training.com\\\/es\\\/pagina-de-inicio\\\/\"},{\"@type\":\"ListItem\",\"position\":2,\"name\":\"Productos\",\"item\":\"https:\\\/\\\/gxp-training.com\\\/es\\\/shop\\\/\"},{\"@type\":\"ListItem\",\"position\":3,\"name\":\"Curso de Formaci\u00f3n Certificado Antisoborno y Anticorrupci\u00f3n: ISO37001\"}]},{\"@type\":\"WebSite\",\"@id\":\"https:\\\/\\\/gxp-training.com\\\/es\\\/#website\",\"url\":\"https:\\\/\\\/gxp-training.com\\\/es\\\/\",\"name\":\"GxP Training : Certified Online Courses for Life Sciences\",\"description\":\"Online Trainings and Certified Courses in Regulatory Compliance for Pharmaceutical Experts\",\"publisher\":{\"@id\":\"https:\\\/\\\/gxp-training.com\\\/es\\\/#organization\"},\"potentialAction\":[{\"@type\":\"SearchAction\",\"target\":{\"@type\":\"EntryPoint\",\"urlTemplate\":\"https:\\\/\\\/gxp-training.com\\\/es\\\/?s={search_term_string}\"},\"query-input\":{\"@type\":\"PropertyValueSpecification\",\"valueRequired\":true,\"valueName\":\"search_term_string\"}}],\"inLanguage\":\"es\"},{\"@type\":\"Organization\",\"@id\":\"https:\\\/\\\/gxp-training.com\\\/es\\\/#organization\",\"name\":\"GXP Training\",\"url\":\"https:\\\/\\\/gxp-training.com\\\/es\\\/\",\"logo\":{\"@type\":\"ImageObject\",\"inLanguage\":\"es\",\"@id\":\"https:\\\/\\\/gxp-training.com\\\/es\\\/#\\\/schema\\\/logo\\\/image\\\/\",\"url\":\"https:\\\/\\\/gxp-training.com\\\/wp-content\\\/uploads\\\/2022\\\/05\\\/logo-resize.png\",\"contentUrl\":\"https:\\\/\\\/gxp-training.com\\\/wp-content\\\/uploads\\\/2022\\\/05\\\/logo-resize.png\",\"width\":350,\"height\":100,\"caption\":\"GXP Training\"},\"image\":{\"@id\":\"https:\\\/\\\/gxp-training.com\\\/es\\\/#\\\/schema\\\/logo\\\/image\\\/\"}}]}<\/script>\n<!-- \/ Yoast SEO plugin. -->","yoast_head_json":{"title":"Curso de Formaci\u00f3n Certificado Antisoborno y Anticorrupci\u00f3n: ISO37001","description":"Descubra la ISO37001 con nuestro Curso Online Certificado sobre Sistemas de Gesti\u00f3n Antisoborno y Anticorrupci\u00f3n. Certif\u00edquese ahora con los Mejores Expertos. Acreditado por CPD y CEU.","robots":{"index":"index","follow":"follow","max-snippet":"max-snippet:-1","max-image-preview":"max-image-preview:large","max-video-preview":"max-video-preview:-1"},"canonical":"https:\/\/gxp-training.com\/es\/online-course\/curso-de-formacion-certificado-antisoborno-y-anticorrupcion-iso37001\/","og_locale":"es_ES","og_type":"article","og_title":"Curso de Formaci\u00f3n Certificado Antisoborno y Anticorrupci\u00f3n: ISO37001","og_description":"Descubra la ISO37001 con nuestro Curso Online Certificado sobre Sistemas de Gesti\u00f3n Antisoborno y Anticorrupci\u00f3n. Certif\u00edquese ahora con los Mejores Expertos. Acreditado por CPD y CEU.","og_url":"https:\/\/gxp-training.com\/es\/online-course\/curso-de-formacion-certificado-antisoborno-y-anticorrupcion-iso37001\/","og_site_name":"GxP Training : Certified Online Courses for Life Sciences","og_image":[{"width":900,"height":627,"url":"https:\/\/gxp-training.com\/wp-content\/uploads\/2024\/03\/anti-bribery-1.png","type":"image\/png"}],"twitter_card":"summary_large_image","twitter_misc":{"Tiempo de lectura":"1 minuto"},"schema":{"@context":"https:\/\/schema.org","@graph":[{"@type":"WebPage","@id":"https:\/\/gxp-training.com\/es\/online-course\/curso-de-formacion-certificado-antisoborno-y-anticorrupcion-iso37001\/","url":"https:\/\/gxp-training.com\/es\/online-course\/curso-de-formacion-certificado-antisoborno-y-anticorrupcion-iso37001\/","name":"Curso de Formaci\u00f3n Certificado Antisoborno y Anticorrupci\u00f3n: ISO37001","isPartOf":{"@id":"https:\/\/gxp-training.com\/es\/#website"},"primaryImageOfPage":{"@id":"https:\/\/gxp-training.com\/es\/online-course\/curso-de-formacion-certificado-antisoborno-y-anticorrupcion-iso37001\/#primaryimage"},"image":{"@id":"https:\/\/gxp-training.com\/es\/online-course\/curso-de-formacion-certificado-antisoborno-y-anticorrupcion-iso37001\/#primaryimage"},"thumbnailUrl":"https:\/\/gxp-training.com\/wp-content\/uploads\/2024\/03\/anti-bribery-1.png","datePublished":"2024-03-27T15:26:30+00:00","description":"Descubra la ISO37001 con nuestro Curso Online Certificado sobre Sistemas de Gesti\u00f3n Antisoborno y Anticorrupci\u00f3n. Certif\u00edquese ahora con los Mejores Expertos. Acreditado por CPD y CEU.","breadcrumb":{"@id":"https:\/\/gxp-training.com\/es\/online-course\/curso-de-formacion-certificado-antisoborno-y-anticorrupcion-iso37001\/#breadcrumb"},"inLanguage":"es","potentialAction":[{"@type":"ReadAction","target":["https:\/\/gxp-training.com\/es\/online-course\/curso-de-formacion-certificado-antisoborno-y-anticorrupcion-iso37001\/"]}]},{"@type":"ImageObject","inLanguage":"es","@id":"https:\/\/gxp-training.com\/es\/online-course\/curso-de-formacion-certificado-antisoborno-y-anticorrupcion-iso37001\/#primaryimage","url":"https:\/\/gxp-training.com\/wp-content\/uploads\/2024\/03\/anti-bribery-1.png","contentUrl":"https:\/\/gxp-training.com\/wp-content\/uploads\/2024\/03\/anti-bribery-1.png","width":900,"height":627},{"@type":"BreadcrumbList","@id":"https:\/\/gxp-training.com\/es\/online-course\/curso-de-formacion-certificado-antisoborno-y-anticorrupcion-iso37001\/#breadcrumb","itemListElement":[{"@type":"ListItem","position":1,"name":"Inicio","item":"https:\/\/gxp-training.com\/es\/pagina-de-inicio\/"},{"@type":"ListItem","position":2,"name":"Productos","item":"https:\/\/gxp-training.com\/es\/shop\/"},{"@type":"ListItem","position":3,"name":"Curso de Formaci\u00f3n Certificado Antisoborno y Anticorrupci\u00f3n: ISO37001"}]},{"@type":"WebSite","@id":"https:\/\/gxp-training.com\/es\/#website","url":"https:\/\/gxp-training.com\/es\/","name":"GxP Training : Certified Online Courses for Life Sciences","description":"Online Trainings and Certified Courses in Regulatory Compliance for Pharmaceutical Experts","publisher":{"@id":"https:\/\/gxp-training.com\/es\/#organization"},"potentialAction":[{"@type":"SearchAction","target":{"@type":"EntryPoint","urlTemplate":"https:\/\/gxp-training.com\/es\/?s={search_term_string}"},"query-input":{"@type":"PropertyValueSpecification","valueRequired":true,"valueName":"search_term_string"}}],"inLanguage":"es"},{"@type":"Organization","@id":"https:\/\/gxp-training.com\/es\/#organization","name":"GXP Training","url":"https:\/\/gxp-training.com\/es\/","logo":{"@type":"ImageObject","inLanguage":"es","@id":"https:\/\/gxp-training.com\/es\/#\/schema\/logo\/image\/","url":"https:\/\/gxp-training.com\/wp-content\/uploads\/2022\/05\/logo-resize.png","contentUrl":"https:\/\/gxp-training.com\/wp-content\/uploads\/2022\/05\/logo-resize.png","width":350,"height":100,"caption":"GXP Training"},"image":{"@id":"https:\/\/gxp-training.com\/es\/#\/schema\/logo\/image\/"}}]}},"_links":{"self":[{"href":"https:\/\/gxp-training.com\/es\/wp-json\/wp\/v2\/product\/57852","targetHints":{"allow":["GET"]}}],"collection":[{"href":"https:\/\/gxp-training.com\/es\/wp-json\/wp\/v2\/product"}],"about":[{"href":"https:\/\/gxp-training.com\/es\/wp-json\/wp\/v2\/types\/product"}],"wp:featuredmedia":[{"embeddable":true,"href":"https:\/\/gxp-training.com\/es\/wp-json\/wp\/v2\/media\/45766"}],"wp:attachment":[{"href":"https:\/\/gxp-training.com\/es\/wp-json\/wp\/v2\/media?parent=57852"}],"wp:term":[{"taxonomy":"product_brand","embeddable":true,"href":"https:\/\/gxp-training.com\/es\/wp-json\/wp\/v2\/product_brand?post=57852"},{"taxonomy":"product_cat","embeddable":true,"href":"https:\/\/gxp-training.com\/es\/wp-json\/wp\/v2\/product_cat?post=57852"},{"taxonomy":"product_tag","embeddable":true,"href":"https:\/\/gxp-training.com\/es\/wp-json\/wp\/v2\/product_tag?post=57852"}],"curies":[{"name":"wp","href":"https:\/\/api.w.org\/{rel}","templated":true}]}}