{"id":57845,"date":"2023-12-22T08:38:37","date_gmt":"2023-12-22T08:38:37","guid":{"rendered":"https:\/\/gxp-training.com\/online-course\/especialista-en-asuntos-regulatorios\/"},"modified":"2023-12-22T08:38:37","modified_gmt":"2023-12-22T07:38:37","slug":"especialista-en-asuntos-regulatorios","status":"publish","type":"product","link":"https:\/\/gxp-training.com\/es\/online-course\/especialista-en-asuntos-regulatorios\/","title":{"rendered":"Especialista en Asuntos Regulatorios"},"content":{"rendered":"<div class=\"flex-1 overflow-hidden\">\n<div class=\"react-scroll-to-bottom--css-muslu-79elbk h-full\">\n<div class=\"react-scroll-to-bottom--css-muslu-1n7m0yu\">\n<div class=\"flex flex-col pb-9 text-sm\">\n<div class=\"w-full text-token-text-primary\" data-testid=\"conversation-turn-873\">\n<div class=\"px-4 py-2 justify-center text-base md:gap-6 m-auto\">\n<div class=\"flex flex-1 text-base mx-auto gap-3 md:px-5 lg:px-1 xl:px-5 md:max-w-3xl lg:max-w-[40rem] xl:max-w-[48rem] group final-completion\">\n<div class=\"relative flex w-full flex-col lg:w-[calc(100%-115px)] agent-turn\">\n<div class=\"flex-col gap-1 md:gap-3\">\n<div class=\"flex flex-grow flex-col max-w-full\">\n<div class=\"min-h-[20px] text-message flex flex-col items-start gap-3 whitespace-pre-wrap break-words [.text-message+&amp;]:mt-5 overflow-x-auto\" data-message-author-role=\"assistant\" data-message-id=\"cc07c1e7-e50e-4d81-85ed-4f513b874183\">\n<div class=\"markdown prose w-full break-words dark:prose-invert dark\">\n<p>Emprenda un viaje esclarecedor con nuestro paquete de formaci\u00f3n \u00abEspecialista en Asuntos Regulatorios\u00bb. Esta selecci\u00f3n de cursos, meticulosamente elaborada, est\u00e1 dise\u00f1ada para capacitar a los profesionales que navegan por el complejo mundo del cumplimiento normativo farmac\u00e9utico. Bajo la gu\u00eda experta de la Dra. Jefferson, con su considerable experiencia, este paquete ofrece una visi\u00f3n completa de los dominios regulatorios clave.  <\/p>\n<p>Esta ruta de aprendizaje es una inmersi\u00f3n profunda en los aspectos cr\u00edticos de los asuntos regulatorios, desde la comprensi\u00f3n de los fundamentos de los asuntos regulatorios farmac\u00e9uticos hasta el dominio de las complejidades de las inspecciones de cumplimiento, las auditor\u00edas externas y las regulaciones FDA 21 CFR Parte 11.<\/p>\n<p>Los beneficios clave de este paquete incluyen un a\u00f1o de acceso al contenido m\u00e1s reciente, <strong>una certificaci\u00f3n \u00fanica y verificable<\/strong> por cada curso completado, y un certificado final al finalizar la ruta completa.<\/p>\n<p>Este paquete de formaci\u00f3n es ideal tanto para profesionales individuales como para equipos. Ya sea usted un gerente de asuntos regulatorios, un especialista en garant\u00eda de calidad o un profesional de recursos humanos responsable de la formaci\u00f3n y el desarrollo del personal de asuntos regulatorios, este programa es una soluci\u00f3n conveniente, rentable y completa. <\/p>\n<p>\u00danase a nosotros para transformar su carrera en el \u00e1mbito en constante evoluci\u00f3n de la regulaci\u00f3n farmac\u00e9utica.<\/p>\n<\/div>\n<\/div>\n<\/div>\n<\/div>\n<\/div>\n<\/div>\n<\/div>\n<\/div>\n<\/div>\n<\/div>\n<\/div>\n<\/div>\n","protected":false},"excerpt":{"rendered":"<p>Emprenda un viaje esclarecedor con nuestro paquete de formaci\u00f3n \u00abEspecialista en Asuntos Regulatorios\u00bb. Esta selecci\u00f3n de cursos, meticulosamente elaborada, est\u00e1 dise\u00f1ada para capacitar a los profesionales que navegan por el complejo mundo del cumplimiento normativo farmac\u00e9utico. Bajo la gu\u00eda experta de la Dra. Jefferson, con su considerable experiencia, este paquete ofrece una visi\u00f3n completa de [&hellip;]<\/p>\n","protected":false},"featured_media":44957,"template":"","meta":{"_acf_changed":false,"content-type":""},"product_brand":[],"product_cat":[285],"product_tag":[],"class_list":{"0":"post-57845","1":"product","2":"type-product","3":"status-publish","4":"has-post-thumbnail","6":"product_cat-itinerarios-formativos","8":"first","9":"instock","10":"taxable","11":"shipping-taxable","12":"purchasable","13":"product-type-subscription"},"bundled_by":[],"bundle_stock_status":"instock","bundle_stock_quantity":null,"bundle_virtual":false,"bundle_layout":"","bundle_add_to_cart_form_location":"","bundle_editable_in_cart":false,"bundle_sold_individually_context":"","bundle_item_grouping":"","bundle_min_size":"","bundle_max_size":"","bundle_price":[],"bundled_items":[],"bundle_sell_ids":[42970,57385,57167],"acf":[],"yoast_head":"<!-- This site is optimized with the Yoast SEO plugin v27.5 - https:\/\/yoast.com\/product\/yoast-seo-wordpress\/ -->\n<title>Formaci\u00f3n Certificada Online para Especialistas en Asuntos Regulatorios<\/title>\n<meta name=\"description\" content=\"Formaci\u00f3n Certificada Online para Especialistas en Asuntos Regulatorios. Para nuevas incorporaciones o equipos completos. Obtenga su Certificaci\u00f3n para convertirse en un Experto en Asuntos Regulatorios.\" \/>\n<meta name=\"robots\" content=\"index, follow, max-snippet:-1, max-image-preview:large, max-video-preview:-1\" \/>\n<link rel=\"canonical\" href=\"https:\/\/gxp-training.com\/es\/online-course\/especialista-en-asuntos-regulatorios\/\" \/>\n<meta property=\"og:locale\" content=\"es_ES\" \/>\n<meta property=\"og:type\" content=\"article\" \/>\n<meta property=\"og:title\" content=\"Formaci\u00f3n Certificada Online para Especialistas en Asuntos Regulatorios\" \/>\n<meta property=\"og:description\" content=\"Formaci\u00f3n Certificada Online para Especialistas en Asuntos Regulatorios. Para nuevas incorporaciones o equipos completos. Obtenga su Certificaci\u00f3n para convertirse en un Experto en Asuntos Regulatorios.\" \/>\n<meta property=\"og:url\" content=\"https:\/\/gxp-training.com\/es\/online-course\/especialista-en-asuntos-regulatorios\/\" \/>\n<meta property=\"og:site_name\" content=\"GxP Training : Certified Online Courses for Life Sciences\" \/>\n<meta property=\"og:image\" content=\"https:\/\/gxp-training.com\/wp-content\/uploads\/2023\/12\/ra.png\" \/>\n\t<meta property=\"og:image:width\" content=\"900\" \/>\n\t<meta property=\"og:image:height\" content=\"627\" \/>\n\t<meta property=\"og:image:type\" content=\"image\/png\" \/>\n<meta name=\"twitter:card\" content=\"summary_large_image\" \/>\n<meta name=\"twitter:label1\" content=\"Tiempo de lectura\" \/>\n\t<meta name=\"twitter:data1\" content=\"1 minuto\" \/>\n<script type=\"application\/ld+json\" class=\"yoast-schema-graph\">{\"@context\":\"https:\\\/\\\/schema.org\",\"@graph\":[{\"@type\":\"WebPage\",\"@id\":\"https:\\\/\\\/gxp-training.com\\\/es\\\/online-course\\\/especialista-en-asuntos-regulatorios\\\/\",\"url\":\"https:\\\/\\\/gxp-training.com\\\/es\\\/online-course\\\/especialista-en-asuntos-regulatorios\\\/\",\"name\":\"Formaci\u00f3n Certificada Online para Especialistas en Asuntos Regulatorios\",\"isPartOf\":{\"@id\":\"https:\\\/\\\/gxp-training.com\\\/es\\\/#website\"},\"primaryImageOfPage\":{\"@id\":\"https:\\\/\\\/gxp-training.com\\\/es\\\/online-course\\\/especialista-en-asuntos-regulatorios\\\/#primaryimage\"},\"image\":{\"@id\":\"https:\\\/\\\/gxp-training.com\\\/es\\\/online-course\\\/especialista-en-asuntos-regulatorios\\\/#primaryimage\"},\"thumbnailUrl\":\"https:\\\/\\\/gxp-training.com\\\/wp-content\\\/uploads\\\/2023\\\/12\\\/ra.png\",\"datePublished\":\"2023-12-22T08:38:37+00:00\",\"description\":\"Formaci\u00f3n Certificada Online para Especialistas en Asuntos Regulatorios. Para nuevas incorporaciones o equipos completos. Obtenga su Certificaci\u00f3n para convertirse en un Experto en Asuntos Regulatorios.\",\"breadcrumb\":{\"@id\":\"https:\\\/\\\/gxp-training.com\\\/es\\\/online-course\\\/especialista-en-asuntos-regulatorios\\\/#breadcrumb\"},\"inLanguage\":\"es\",\"potentialAction\":[{\"@type\":\"ReadAction\",\"target\":[\"https:\\\/\\\/gxp-training.com\\\/es\\\/online-course\\\/especialista-en-asuntos-regulatorios\\\/\"]}]},{\"@type\":\"ImageObject\",\"inLanguage\":\"es\",\"@id\":\"https:\\\/\\\/gxp-training.com\\\/es\\\/online-course\\\/especialista-en-asuntos-regulatorios\\\/#primaryimage\",\"url\":\"https:\\\/\\\/gxp-training.com\\\/wp-content\\\/uploads\\\/2023\\\/12\\\/ra.png\",\"contentUrl\":\"https:\\\/\\\/gxp-training.com\\\/wp-content\\\/uploads\\\/2023\\\/12\\\/ra.png\",\"width\":900,\"height\":627},{\"@type\":\"BreadcrumbList\",\"@id\":\"https:\\\/\\\/gxp-training.com\\\/es\\\/online-course\\\/especialista-en-asuntos-regulatorios\\\/#breadcrumb\",\"itemListElement\":[{\"@type\":\"ListItem\",\"position\":1,\"name\":\"Inicio\",\"item\":\"https:\\\/\\\/gxp-training.com\\\/es\\\/pagina-de-inicio\\\/\"},{\"@type\":\"ListItem\",\"position\":2,\"name\":\"Productos\",\"item\":\"https:\\\/\\\/gxp-training.com\\\/es\\\/shop\\\/\"},{\"@type\":\"ListItem\",\"position\":3,\"name\":\"Especialista en Asuntos Regulatorios\"}]},{\"@type\":\"WebSite\",\"@id\":\"https:\\\/\\\/gxp-training.com\\\/es\\\/#website\",\"url\":\"https:\\\/\\\/gxp-training.com\\\/es\\\/\",\"name\":\"GxP Training : Certified Online Courses for Life Sciences\",\"description\":\"Online Trainings and Certified Courses in Regulatory Compliance for Pharmaceutical Experts\",\"publisher\":{\"@id\":\"https:\\\/\\\/gxp-training.com\\\/es\\\/#organization\"},\"potentialAction\":[{\"@type\":\"SearchAction\",\"target\":{\"@type\":\"EntryPoint\",\"urlTemplate\":\"https:\\\/\\\/gxp-training.com\\\/es\\\/?s={search_term_string}\"},\"query-input\":{\"@type\":\"PropertyValueSpecification\",\"valueRequired\":true,\"valueName\":\"search_term_string\"}}],\"inLanguage\":\"es\"},{\"@type\":\"Organization\",\"@id\":\"https:\\\/\\\/gxp-training.com\\\/es\\\/#organization\",\"name\":\"GXP Training\",\"url\":\"https:\\\/\\\/gxp-training.com\\\/es\\\/\",\"logo\":{\"@type\":\"ImageObject\",\"inLanguage\":\"es\",\"@id\":\"https:\\\/\\\/gxp-training.com\\\/es\\\/#\\\/schema\\\/logo\\\/image\\\/\",\"url\":\"https:\\\/\\\/gxp-training.com\\\/wp-content\\\/uploads\\\/2022\\\/05\\\/logo-resize.png\",\"contentUrl\":\"https:\\\/\\\/gxp-training.com\\\/wp-content\\\/uploads\\\/2022\\\/05\\\/logo-resize.png\",\"width\":350,\"height\":100,\"caption\":\"GXP Training\"},\"image\":{\"@id\":\"https:\\\/\\\/gxp-training.com\\\/es\\\/#\\\/schema\\\/logo\\\/image\\\/\"}}]}<\/script>\n<!-- \/ Yoast SEO plugin. -->","yoast_head_json":{"title":"Formaci\u00f3n Certificada Online para Especialistas en Asuntos Regulatorios","description":"Formaci\u00f3n Certificada Online para Especialistas en Asuntos Regulatorios. Para nuevas incorporaciones o equipos completos. Obtenga su Certificaci\u00f3n para convertirse en un Experto en Asuntos Regulatorios.","robots":{"index":"index","follow":"follow","max-snippet":"max-snippet:-1","max-image-preview":"max-image-preview:large","max-video-preview":"max-video-preview:-1"},"canonical":"https:\/\/gxp-training.com\/es\/online-course\/especialista-en-asuntos-regulatorios\/","og_locale":"es_ES","og_type":"article","og_title":"Formaci\u00f3n Certificada Online para Especialistas en Asuntos Regulatorios","og_description":"Formaci\u00f3n Certificada Online para Especialistas en Asuntos Regulatorios. Para nuevas incorporaciones o equipos completos. Obtenga su Certificaci\u00f3n para convertirse en un Experto en Asuntos Regulatorios.","og_url":"https:\/\/gxp-training.com\/es\/online-course\/especialista-en-asuntos-regulatorios\/","og_site_name":"GxP Training : Certified Online Courses for Life Sciences","og_image":[{"width":900,"height":627,"url":"https:\/\/gxp-training.com\/wp-content\/uploads\/2023\/12\/ra.png","type":"image\/png"}],"twitter_card":"summary_large_image","twitter_misc":{"Tiempo de lectura":"1 minuto"},"schema":{"@context":"https:\/\/schema.org","@graph":[{"@type":"WebPage","@id":"https:\/\/gxp-training.com\/es\/online-course\/especialista-en-asuntos-regulatorios\/","url":"https:\/\/gxp-training.com\/es\/online-course\/especialista-en-asuntos-regulatorios\/","name":"Formaci\u00f3n Certificada Online para Especialistas en Asuntos Regulatorios","isPartOf":{"@id":"https:\/\/gxp-training.com\/es\/#website"},"primaryImageOfPage":{"@id":"https:\/\/gxp-training.com\/es\/online-course\/especialista-en-asuntos-regulatorios\/#primaryimage"},"image":{"@id":"https:\/\/gxp-training.com\/es\/online-course\/especialista-en-asuntos-regulatorios\/#primaryimage"},"thumbnailUrl":"https:\/\/gxp-training.com\/wp-content\/uploads\/2023\/12\/ra.png","datePublished":"2023-12-22T08:38:37+00:00","description":"Formaci\u00f3n Certificada Online para Especialistas en Asuntos Regulatorios. Para nuevas incorporaciones o equipos completos. Obtenga su Certificaci\u00f3n para convertirse en un Experto en Asuntos Regulatorios.","breadcrumb":{"@id":"https:\/\/gxp-training.com\/es\/online-course\/especialista-en-asuntos-regulatorios\/#breadcrumb"},"inLanguage":"es","potentialAction":[{"@type":"ReadAction","target":["https:\/\/gxp-training.com\/es\/online-course\/especialista-en-asuntos-regulatorios\/"]}]},{"@type":"ImageObject","inLanguage":"es","@id":"https:\/\/gxp-training.com\/es\/online-course\/especialista-en-asuntos-regulatorios\/#primaryimage","url":"https:\/\/gxp-training.com\/wp-content\/uploads\/2023\/12\/ra.png","contentUrl":"https:\/\/gxp-training.com\/wp-content\/uploads\/2023\/12\/ra.png","width":900,"height":627},{"@type":"BreadcrumbList","@id":"https:\/\/gxp-training.com\/es\/online-course\/especialista-en-asuntos-regulatorios\/#breadcrumb","itemListElement":[{"@type":"ListItem","position":1,"name":"Inicio","item":"https:\/\/gxp-training.com\/es\/pagina-de-inicio\/"},{"@type":"ListItem","position":2,"name":"Productos","item":"https:\/\/gxp-training.com\/es\/shop\/"},{"@type":"ListItem","position":3,"name":"Especialista en Asuntos Regulatorios"}]},{"@type":"WebSite","@id":"https:\/\/gxp-training.com\/es\/#website","url":"https:\/\/gxp-training.com\/es\/","name":"GxP Training : Certified Online Courses for Life Sciences","description":"Online Trainings and Certified Courses in Regulatory Compliance for Pharmaceutical Experts","publisher":{"@id":"https:\/\/gxp-training.com\/es\/#organization"},"potentialAction":[{"@type":"SearchAction","target":{"@type":"EntryPoint","urlTemplate":"https:\/\/gxp-training.com\/es\/?s={search_term_string}"},"query-input":{"@type":"PropertyValueSpecification","valueRequired":true,"valueName":"search_term_string"}}],"inLanguage":"es"},{"@type":"Organization","@id":"https:\/\/gxp-training.com\/es\/#organization","name":"GXP Training","url":"https:\/\/gxp-training.com\/es\/","logo":{"@type":"ImageObject","inLanguage":"es","@id":"https:\/\/gxp-training.com\/es\/#\/schema\/logo\/image\/","url":"https:\/\/gxp-training.com\/wp-content\/uploads\/2022\/05\/logo-resize.png","contentUrl":"https:\/\/gxp-training.com\/wp-content\/uploads\/2022\/05\/logo-resize.png","width":350,"height":100,"caption":"GXP Training"},"image":{"@id":"https:\/\/gxp-training.com\/es\/#\/schema\/logo\/image\/"}}]}},"_links":{"self":[{"href":"https:\/\/gxp-training.com\/es\/wp-json\/wp\/v2\/product\/57845","targetHints":{"allow":["GET"]}}],"collection":[{"href":"https:\/\/gxp-training.com\/es\/wp-json\/wp\/v2\/product"}],"about":[{"href":"https:\/\/gxp-training.com\/es\/wp-json\/wp\/v2\/types\/product"}],"wp:featuredmedia":[{"embeddable":true,"href":"https:\/\/gxp-training.com\/es\/wp-json\/wp\/v2\/media\/44957"}],"wp:attachment":[{"href":"https:\/\/gxp-training.com\/es\/wp-json\/wp\/v2\/media?parent=57845"}],"wp:term":[{"taxonomy":"product_brand","embeddable":true,"href":"https:\/\/gxp-training.com\/es\/wp-json\/wp\/v2\/product_brand?post=57845"},{"taxonomy":"product_cat","embeddable":true,"href":"https:\/\/gxp-training.com\/es\/wp-json\/wp\/v2\/product_cat?post=57845"},{"taxonomy":"product_tag","embeddable":true,"href":"https:\/\/gxp-training.com\/es\/wp-json\/wp\/v2\/product_tag?post=57845"}],"curies":[{"name":"wp","href":"https:\/\/api.w.org\/{rel}","templated":true}]}}