{"id":57836,"date":"2024-04-05T14:06:27","date_gmt":"2024-04-05T13:06:27","guid":{"rendered":"https:\/\/gxp-training.com\/online-course\/como-escribir-procedimientos-operativos-estandar-poe-eficaces\/"},"modified":"2024-04-05T14:06:27","modified_gmt":"2024-04-05T12:06:27","slug":"como-escribir-procedimientos-operativos-estandar-poe-eficaces","status":"publish","type":"product","link":"https:\/\/gxp-training.com\/es\/online-course\/como-escribir-procedimientos-operativos-estandar-poe-eficaces\/","title":{"rendered":"C\u00f3mo escribir Procedimientos Operativos Est\u00e1ndar (POE) eficaces"},"content":{"rendered":"<p>En el mundo de la certificaci\u00f3n ISO, los POE no son solo documentos; son la columna vertebral de la calidad y eficiencia estandarizadas. Ya sea que su objetivo sea obtener o mantener la certificaci\u00f3n ISO, este curso le proporciona el conocimiento para crear POE que aseguren la coherencia, mitiguen riesgos y cumplan con los est\u00e1ndares internacionales. Este curso certificado est\u00e1 dise\u00f1ado para guiarle a trav\u00e9s del intrincado proceso de desarrollo, gesti\u00f3n y optimizaci\u00f3n de POE para su organizaci\u00f3n.  <\/p>\n<p>Lo recomendamos encarecidamente para <a href=\"https:\/\/gxp-training.com\/es\/gxp-courses\/garantia-de-calidad\/\">Responsables de Calidad<\/a>, Personal de Calidad, Consultores de Calidad, Oficiales de Cumplimiento y cualquier persona involucrada en la creaci\u00f3n de POE dentro de organizaciones certificadas ISO o aspirantes a serlo.<\/p>\n<p><strong>Temas tratados en este curso:<\/strong><\/p>\n<ul>\n<li>\u00bfC\u00f3mo elaborar procedimientos eficaces?<\/li>\n<li>\u00bfCu\u00e1ndo no se deben redactar procedimientos y qu\u00e9 alternativas existen?<\/li>\n<li>\u00bfC\u00f3mo puede desglosar un proceso en pasos claros y accionables?<\/li>\n<li>\u00bfQu\u00e9 reglas fundamentales deben guiar la redacci\u00f3n de sus procedimientos?<\/li>\n<li>\u00bfPor d\u00f3nde debe empezar al desarrollar un procedimiento?<\/li>\n<li>\u00bfC\u00f3mo simplificar un proceso para una documentaci\u00f3n de procedimientos clara?<\/li>\n<li>\u00bfCu\u00e1les son los principios b\u00e1sicos de la redacci\u00f3n eficaz de procedimientos?<\/li>\n<li>\u00bfC\u00f3mo puede crear procedimientos concisos de una sola p\u00e1gina?<\/li>\n<li>\u00bfC\u00f3mo adaptar los procedimientos a su p\u00fablico objetivo?<\/li>\n<li>\u00bfC\u00f3mo gestionar procedimientos para procesos complejos o interdepartamentales?<\/li>\n<li>\u00bfQu\u00e9 distingue un POE de una instrucci\u00f3n de trabajo?<\/li>\n<\/ul>\n<p>&nbsp;<\/p>\n<p>En este curso, ofrecemos una s\u00edntesis del tema a trav\u00e9s de una experiencia interactiva en l\u00ednea. Este material fue elaborado por un equipo de Expertos en Asuntos Regulatorios con una Cualificaci\u00f3n de la Northeastern University, Boston, y pilotado por un Miembro Senior capaz de articular la teor\u00eda con la pr\u00e1ctica. <\/p>\n<p>&nbsp;<\/p>\n<h3>Plan de estudios:<\/h3>\n<p><strong>Introducci\u00f3n<\/strong><\/p>\n<p>&nbsp;<\/p>\n<p><strong>Lecci\u00f3n 1: Contenido de un POE ISO<\/strong><\/p>\n<p>&nbsp;<\/p>\n<p><strong>Lecci\u00f3n 2: Ciclo de vida de un POE<\/strong><\/p>\n<p>&nbsp;<\/p>\n<p><strong>Lecci\u00f3n 3<\/strong>: <strong>Control y Gesti\u00f3n de POE<\/strong><\/p>\n<p>&nbsp;<\/p>\n<p><strong>Conclusi\u00f3n<\/strong><\/p>\n<p>&nbsp;<\/p>\n<p><strong>Glosario<\/strong><\/p>\n<p>&nbsp;<\/p>\n<p><strong>Evaluaci\u00f3n<\/strong><\/p>\n","protected":false},"excerpt":{"rendered":"<p>En el mundo de la certificaci\u00f3n ISO, los POE no son solo documentos; son la columna vertebral de la calidad y eficiencia estandarizadas. Ya sea que su objetivo sea obtener o mantener la certificaci\u00f3n ISO, este curso le proporciona el conocimiento para crear POE que aseguren la coherencia, mitiguen riesgos y cumplan con los est\u00e1ndares [&hellip;]<\/p>\n","protected":false},"featured_media":45835,"template":"","meta":{"_acf_changed":false,"content-type":""},"product_brand":[],"product_cat":[276,280,265,268,271,275,278,273,272,270,269,266,286],"product_tag":[],"class_list":{"0":"post-57836","1":"product","2":"type-product","3":"status-publish","4":"has-post-thumbnail","6":"product_cat-asuntos-regulatorios","7":"product_cat-bpd-buenas-practicas-de-distribucion","8":"product_cat-bpf-buenas-practicas-de-fabricacion","9":"product_cat-farmacovigilancia","10":"product_cat-garantia-de-calidad","11":"product_cat-gcp-ensayos-clinicos","12":"product_cat-glp-buenas-practicas-de-laboratorio","13":"product_cat-intersectorial","14":"product_cat-laboratorios","15":"product_cat-organizacion-de-investigacion-por-contrato-cro","16":"product_cat-productos-farmaceuticos","17":"product_cat-productos-sanitarios","18":"product_cat-veterinaria","20":"first","21":"instock","22":"taxable","23":"shipping-taxable","24":"purchasable","25":"product-type-subscription"},"bundled_by":[],"bundle_stock_status":"instock","bundle_stock_quantity":null,"bundle_virtual":false,"bundle_layout":"","bundle_add_to_cart_form_location":"","bundle_editable_in_cart":false,"bundle_sold_individually_context":"","bundle_item_grouping":"","bundle_min_size":"","bundle_max_size":"","bundle_price":[],"bundled_items":[],"bundle_sell_ids":[],"acf":[],"yoast_head":"<!-- This site is optimized with the Yoast SEO plugin v27.5 - https:\/\/yoast.com\/product\/yoast-seo-wordpress\/ -->\n<title>C\u00f3mo escribir Procedimientos Operativos Est\u00e1ndar (POE) eficaces - Formaci\u00f3n Certificada para Profesionales de Ciencias de la Vida<\/title>\n<meta name=\"description\" content=\"Inscr\u00edbase en nuestro curso certificado para dominar la creaci\u00f3n de POE estandarizados, conformes y eficientes. Recomendado para Responsables de Calidad y Oficiales de Cumplimiento que buscan la certificaci\u00f3n ISO.\" \/>\n<meta name=\"robots\" content=\"index, follow, max-snippet:-1, max-image-preview:large, max-video-preview:-1\" \/>\n<link rel=\"canonical\" href=\"https:\/\/gxp-training.com\/es\/online-course\/como-escribir-procedimientos-operativos-estandar-poe-eficaces\/\" \/>\n<meta property=\"og:locale\" content=\"es_ES\" \/>\n<meta property=\"og:type\" content=\"article\" \/>\n<meta property=\"og:title\" content=\"C\u00f3mo escribir Procedimientos Operativos Est\u00e1ndar (POE) eficaces - Formaci\u00f3n Certificada para Profesionales de Ciencias de la Vida\" \/>\n<meta property=\"og:description\" content=\"Inscr\u00edbase en nuestro curso certificado para dominar la creaci\u00f3n de POE estandarizados, conformes y eficientes. Recomendado para Responsables de Calidad y Oficiales de Cumplimiento que buscan la certificaci\u00f3n ISO.\" \/>\n<meta property=\"og:url\" content=\"https:\/\/gxp-training.com\/es\/online-course\/como-escribir-procedimientos-operativos-estandar-poe-eficaces\/\" \/>\n<meta property=\"og:site_name\" content=\"GxP Training : Certified Online Courses for Life Sciences\" \/>\n<meta property=\"og:image\" content=\"https:\/\/gxp-training.com\/wp-content\/uploads\/2024\/04\/How-to-Write-Effective-SOPs-for-ISO-2.png\" \/>\n\t<meta property=\"og:image:width\" content=\"900\" \/>\n\t<meta property=\"og:image:height\" content=\"627\" \/>\n\t<meta property=\"og:image:type\" content=\"image\/png\" \/>\n<meta name=\"twitter:card\" content=\"summary_large_image\" \/>\n<meta name=\"twitter:label1\" content=\"Tiempo de lectura\" \/>\n\t<meta name=\"twitter:data1\" content=\"2 minutos\" \/>\n<script type=\"application\/ld+json\" class=\"yoast-schema-graph\">{\"@context\":\"https:\\\/\\\/schema.org\",\"@graph\":[{\"@type\":\"WebPage\",\"@id\":\"https:\\\/\\\/gxp-training.com\\\/es\\\/online-course\\\/como-escribir-procedimientos-operativos-estandar-poe-eficaces\\\/\",\"url\":\"https:\\\/\\\/gxp-training.com\\\/es\\\/online-course\\\/como-escribir-procedimientos-operativos-estandar-poe-eficaces\\\/\",\"name\":\"C\u00f3mo escribir Procedimientos Operativos Est\u00e1ndar (POE) eficaces - Formaci\u00f3n Certificada para Profesionales de Ciencias de la Vida\",\"isPartOf\":{\"@id\":\"https:\\\/\\\/gxp-training.com\\\/es\\\/#website\"},\"primaryImageOfPage\":{\"@id\":\"https:\\\/\\\/gxp-training.com\\\/es\\\/online-course\\\/como-escribir-procedimientos-operativos-estandar-poe-eficaces\\\/#primaryimage\"},\"image\":{\"@id\":\"https:\\\/\\\/gxp-training.com\\\/es\\\/online-course\\\/como-escribir-procedimientos-operativos-estandar-poe-eficaces\\\/#primaryimage\"},\"thumbnailUrl\":\"https:\\\/\\\/gxp-training.com\\\/wp-content\\\/uploads\\\/2024\\\/04\\\/How-to-Write-Effective-SOPs-for-ISO-2.png\",\"datePublished\":\"2024-04-05T13:06:27+00:00\",\"description\":\"Inscr\u00edbase en nuestro curso certificado para dominar la creaci\u00f3n de POE estandarizados, conformes y eficientes. Recomendado para Responsables de Calidad y Oficiales de Cumplimiento que buscan la certificaci\u00f3n ISO.\",\"breadcrumb\":{\"@id\":\"https:\\\/\\\/gxp-training.com\\\/es\\\/online-course\\\/como-escribir-procedimientos-operativos-estandar-poe-eficaces\\\/#breadcrumb\"},\"inLanguage\":\"es\",\"potentialAction\":[{\"@type\":\"ReadAction\",\"target\":[\"https:\\\/\\\/gxp-training.com\\\/es\\\/online-course\\\/como-escribir-procedimientos-operativos-estandar-poe-eficaces\\\/\"]}]},{\"@type\":\"ImageObject\",\"inLanguage\":\"es\",\"@id\":\"https:\\\/\\\/gxp-training.com\\\/es\\\/online-course\\\/como-escribir-procedimientos-operativos-estandar-poe-eficaces\\\/#primaryimage\",\"url\":\"https:\\\/\\\/gxp-training.com\\\/wp-content\\\/uploads\\\/2024\\\/04\\\/How-to-Write-Effective-SOPs-for-ISO-2.png\",\"contentUrl\":\"https:\\\/\\\/gxp-training.com\\\/wp-content\\\/uploads\\\/2024\\\/04\\\/How-to-Write-Effective-SOPs-for-ISO-2.png\",\"width\":900,\"height\":627},{\"@type\":\"BreadcrumbList\",\"@id\":\"https:\\\/\\\/gxp-training.com\\\/es\\\/online-course\\\/como-escribir-procedimientos-operativos-estandar-poe-eficaces\\\/#breadcrumb\",\"itemListElement\":[{\"@type\":\"ListItem\",\"position\":1,\"name\":\"Inicio\",\"item\":\"https:\\\/\\\/gxp-training.com\\\/es\\\/pagina-de-inicio\\\/\"},{\"@type\":\"ListItem\",\"position\":2,\"name\":\"Productos\",\"item\":\"https:\\\/\\\/gxp-training.com\\\/es\\\/shop\\\/\"},{\"@type\":\"ListItem\",\"position\":3,\"name\":\"C\u00f3mo escribir Procedimientos Operativos Est\u00e1ndar (POE) eficaces\"}]},{\"@type\":\"WebSite\",\"@id\":\"https:\\\/\\\/gxp-training.com\\\/es\\\/#website\",\"url\":\"https:\\\/\\\/gxp-training.com\\\/es\\\/\",\"name\":\"GxP Training : Certified Online Courses for Life Sciences\",\"description\":\"Online Trainings and Certified Courses in Regulatory Compliance for Pharmaceutical Experts\",\"publisher\":{\"@id\":\"https:\\\/\\\/gxp-training.com\\\/es\\\/#organization\"},\"potentialAction\":[{\"@type\":\"SearchAction\",\"target\":{\"@type\":\"EntryPoint\",\"urlTemplate\":\"https:\\\/\\\/gxp-training.com\\\/es\\\/?s={search_term_string}\"},\"query-input\":{\"@type\":\"PropertyValueSpecification\",\"valueRequired\":true,\"valueName\":\"search_term_string\"}}],\"inLanguage\":\"es\"},{\"@type\":\"Organization\",\"@id\":\"https:\\\/\\\/gxp-training.com\\\/es\\\/#organization\",\"name\":\"GXP Training\",\"url\":\"https:\\\/\\\/gxp-training.com\\\/es\\\/\",\"logo\":{\"@type\":\"ImageObject\",\"inLanguage\":\"es\",\"@id\":\"https:\\\/\\\/gxp-training.com\\\/es\\\/#\\\/schema\\\/logo\\\/image\\\/\",\"url\":\"https:\\\/\\\/gxp-training.com\\\/wp-content\\\/uploads\\\/2022\\\/05\\\/logo-resize.png\",\"contentUrl\":\"https:\\\/\\\/gxp-training.com\\\/wp-content\\\/uploads\\\/2022\\\/05\\\/logo-resize.png\",\"width\":350,\"height\":100,\"caption\":\"GXP Training\"},\"image\":{\"@id\":\"https:\\\/\\\/gxp-training.com\\\/es\\\/#\\\/schema\\\/logo\\\/image\\\/\"}}]}<\/script>\n<!-- \/ Yoast SEO plugin. -->","yoast_head_json":{"title":"C\u00f3mo escribir Procedimientos Operativos Est\u00e1ndar (POE) eficaces - Formaci\u00f3n Certificada para Profesionales de Ciencias de la Vida","description":"Inscr\u00edbase en nuestro curso certificado para dominar la creaci\u00f3n de POE estandarizados, conformes y eficientes. Recomendado para Responsables de Calidad y Oficiales de Cumplimiento que buscan la certificaci\u00f3n ISO.","robots":{"index":"index","follow":"follow","max-snippet":"max-snippet:-1","max-image-preview":"max-image-preview:large","max-video-preview":"max-video-preview:-1"},"canonical":"https:\/\/gxp-training.com\/es\/online-course\/como-escribir-procedimientos-operativos-estandar-poe-eficaces\/","og_locale":"es_ES","og_type":"article","og_title":"C\u00f3mo escribir Procedimientos Operativos Est\u00e1ndar (POE) eficaces - Formaci\u00f3n Certificada para Profesionales de Ciencias de la Vida","og_description":"Inscr\u00edbase en nuestro curso certificado para dominar la creaci\u00f3n de POE estandarizados, conformes y eficientes. Recomendado para Responsables de Calidad y Oficiales de Cumplimiento que buscan la certificaci\u00f3n ISO.","og_url":"https:\/\/gxp-training.com\/es\/online-course\/como-escribir-procedimientos-operativos-estandar-poe-eficaces\/","og_site_name":"GxP Training : Certified Online Courses for Life Sciences","og_image":[{"width":900,"height":627,"url":"https:\/\/gxp-training.com\/wp-content\/uploads\/2024\/04\/How-to-Write-Effective-SOPs-for-ISO-2.png","type":"image\/png"}],"twitter_card":"summary_large_image","twitter_misc":{"Tiempo de lectura":"2 minutos"},"schema":{"@context":"https:\/\/schema.org","@graph":[{"@type":"WebPage","@id":"https:\/\/gxp-training.com\/es\/online-course\/como-escribir-procedimientos-operativos-estandar-poe-eficaces\/","url":"https:\/\/gxp-training.com\/es\/online-course\/como-escribir-procedimientos-operativos-estandar-poe-eficaces\/","name":"C\u00f3mo escribir Procedimientos Operativos Est\u00e1ndar (POE) eficaces - Formaci\u00f3n Certificada para Profesionales de Ciencias de la Vida","isPartOf":{"@id":"https:\/\/gxp-training.com\/es\/#website"},"primaryImageOfPage":{"@id":"https:\/\/gxp-training.com\/es\/online-course\/como-escribir-procedimientos-operativos-estandar-poe-eficaces\/#primaryimage"},"image":{"@id":"https:\/\/gxp-training.com\/es\/online-course\/como-escribir-procedimientos-operativos-estandar-poe-eficaces\/#primaryimage"},"thumbnailUrl":"https:\/\/gxp-training.com\/wp-content\/uploads\/2024\/04\/How-to-Write-Effective-SOPs-for-ISO-2.png","datePublished":"2024-04-05T13:06:27+00:00","description":"Inscr\u00edbase en nuestro curso certificado para dominar la creaci\u00f3n de POE estandarizados, conformes y eficientes. Recomendado para Responsables de Calidad y Oficiales de Cumplimiento que buscan la certificaci\u00f3n ISO.","breadcrumb":{"@id":"https:\/\/gxp-training.com\/es\/online-course\/como-escribir-procedimientos-operativos-estandar-poe-eficaces\/#breadcrumb"},"inLanguage":"es","potentialAction":[{"@type":"ReadAction","target":["https:\/\/gxp-training.com\/es\/online-course\/como-escribir-procedimientos-operativos-estandar-poe-eficaces\/"]}]},{"@type":"ImageObject","inLanguage":"es","@id":"https:\/\/gxp-training.com\/es\/online-course\/como-escribir-procedimientos-operativos-estandar-poe-eficaces\/#primaryimage","url":"https:\/\/gxp-training.com\/wp-content\/uploads\/2024\/04\/How-to-Write-Effective-SOPs-for-ISO-2.png","contentUrl":"https:\/\/gxp-training.com\/wp-content\/uploads\/2024\/04\/How-to-Write-Effective-SOPs-for-ISO-2.png","width":900,"height":627},{"@type":"BreadcrumbList","@id":"https:\/\/gxp-training.com\/es\/online-course\/como-escribir-procedimientos-operativos-estandar-poe-eficaces\/#breadcrumb","itemListElement":[{"@type":"ListItem","position":1,"name":"Inicio","item":"https:\/\/gxp-training.com\/es\/pagina-de-inicio\/"},{"@type":"ListItem","position":2,"name":"Productos","item":"https:\/\/gxp-training.com\/es\/shop\/"},{"@type":"ListItem","position":3,"name":"C\u00f3mo escribir Procedimientos Operativos Est\u00e1ndar (POE) eficaces"}]},{"@type":"WebSite","@id":"https:\/\/gxp-training.com\/es\/#website","url":"https:\/\/gxp-training.com\/es\/","name":"GxP Training : Certified Online Courses for Life Sciences","description":"Online Trainings and Certified Courses in Regulatory Compliance for Pharmaceutical Experts","publisher":{"@id":"https:\/\/gxp-training.com\/es\/#organization"},"potentialAction":[{"@type":"SearchAction","target":{"@type":"EntryPoint","urlTemplate":"https:\/\/gxp-training.com\/es\/?s={search_term_string}"},"query-input":{"@type":"PropertyValueSpecification","valueRequired":true,"valueName":"search_term_string"}}],"inLanguage":"es"},{"@type":"Organization","@id":"https:\/\/gxp-training.com\/es\/#organization","name":"GXP Training","url":"https:\/\/gxp-training.com\/es\/","logo":{"@type":"ImageObject","inLanguage":"es","@id":"https:\/\/gxp-training.com\/es\/#\/schema\/logo\/image\/","url":"https:\/\/gxp-training.com\/wp-content\/uploads\/2022\/05\/logo-resize.png","contentUrl":"https:\/\/gxp-training.com\/wp-content\/uploads\/2022\/05\/logo-resize.png","width":350,"height":100,"caption":"GXP Training"},"image":{"@id":"https:\/\/gxp-training.com\/es\/#\/schema\/logo\/image\/"}}]}},"_links":{"self":[{"href":"https:\/\/gxp-training.com\/es\/wp-json\/wp\/v2\/product\/57836","targetHints":{"allow":["GET"]}}],"collection":[{"href":"https:\/\/gxp-training.com\/es\/wp-json\/wp\/v2\/product"}],"about":[{"href":"https:\/\/gxp-training.com\/es\/wp-json\/wp\/v2\/types\/product"}],"wp:featuredmedia":[{"embeddable":true,"href":"https:\/\/gxp-training.com\/es\/wp-json\/wp\/v2\/media\/45835"}],"wp:attachment":[{"href":"https:\/\/gxp-training.com\/es\/wp-json\/wp\/v2\/media?parent=57836"}],"wp:term":[{"taxonomy":"product_brand","embeddable":true,"href":"https:\/\/gxp-training.com\/es\/wp-json\/wp\/v2\/product_brand?post=57836"},{"taxonomy":"product_cat","embeddable":true,"href":"https:\/\/gxp-training.com\/es\/wp-json\/wp\/v2\/product_cat?post=57836"},{"taxonomy":"product_tag","embeddable":true,"href":"https:\/\/gxp-training.com\/es\/wp-json\/wp\/v2\/product_tag?post=57836"}],"curies":[{"name":"wp","href":"https:\/\/api.w.org\/{rel}","templated":true}]}}