{"id":57826,"date":"2023-02-08T10:49:23","date_gmt":"2023-02-08T10:49:23","guid":{"rendered":"https:\/\/gxp-training.com\/online-course\/aleatorizacion-y-enmascaramiento-en-ensayos-de-investigacion-clinica\/"},"modified":"2023-02-08T10:49:23","modified_gmt":"2023-02-08T09:49:23","slug":"aleatorizacion-y-enmascaramiento-en-ensayos-de-investigacion-clinica","status":"publish","type":"product","link":"https:\/\/gxp-training.com\/es\/online-course\/aleatorizacion-y-enmascaramiento-en-ensayos-de-investigacion-clinica\/","title":{"rendered":"Aleatorizaci\u00f3n y enmascaramiento en ensayos de investigaci\u00f3n cl\u00ednica"},"content":{"rendered":"<p>Los <a href=\"https:\/\/gxp-training.com\/es\/gxp-courses\/gcp-ensayos-clinicos\/\">ensayos cl\u00ednicos<\/a> son aut\u00e9nticas f\u00e1bricas de informaci\u00f3n y los datos obtenidos de ellos deben ser precisos, reproducibles y generalizables a la poblaci\u00f3n estudiada. Por ello, los investigadores saben que deben excluir los sesgos en la medida de lo posible. La aleatorizaci\u00f3n y el enmascaramiento son dos herramientas que ayudan a dar m\u00e1s credibilidad a un estudio. La aleatorizaci\u00f3n asigna a los sujetos a los grupos de prueba de forma aleatoria y el enmascaramiento impide que un conjunto de participantes en el estudio identifique qu\u00e9 sujetos reciben cada tratamiento.   <\/p>\n<p>Este curso introduce a los participantes en estos conceptos y les gu\u00eda a trav\u00e9s de sus tipos y su aplicaci\u00f3n. Tambi\u00e9n aprender\u00e1 sobre el desenmascaramiento, que es lo opuesto al enmascaramiento y se utiliza para conocer la eficacia cl\u00ednica de un f\u00e1rmaco en investigaci\u00f3n. <\/p>\n<p>&nbsp;<\/p>\n<p>En este curso, ofrecemos una s\u00edntesis del tema a trav\u00e9s de una experiencia interactiva en l\u00ednea. Este material ha sido elaborado por un equipo de expertos en asuntos regulatorios con titulaci\u00f3n de la Northeastern University de Boston, dirigido por un miembro s\u00e9nior capaz de articular la teor\u00eda con la pr\u00e1ctica. <\/p>\n<p>&nbsp;<\/p>\n<p>&nbsp;<\/p>\n<h3>Plan de estudios<\/h3>\n<p>&nbsp;<\/p>\n<p><strong>Introducci\u00f3n<\/strong><\/p>\n<p>&nbsp;<\/p>\n<p><strong>Lecci\u00f3n 1: Aleatorizaci\u00f3n: definici\u00f3n e importancia<\/strong><\/p>\n<p>&nbsp;<\/p>\n<ul>\n<li>\u00bfQu\u00e9 es la aleatorizaci\u00f3n?<\/li>\n<li>\u00bfPor qu\u00e9 es necesaria?<\/li>\n<li>\u00bfEs \u00e9tica?<\/li>\n<li>T\u00e9cnicas de aleatorizaci\u00f3n<\/li>\n<\/ul>\n<p>&nbsp;<\/p>\n<p><strong>Lecci\u00f3n 2: T\u00e9cnicas de aleatorizaci\u00f3n: aleatorizaci\u00f3n simple y asignaci\u00f3n desigual<\/strong><\/p>\n<p>&nbsp;<\/p>\n<ul>\n<li>Aleatorizaci\u00f3n simple<\/li>\n<li>Asignaci\u00f3n desigual<\/li>\n<\/ul>\n<p>&nbsp;<\/p>\n<p><strong>Lecci\u00f3n 3: T\u00e9cnicas de aleatorizaci\u00f3n: bloques y estratificaci\u00f3n<\/strong><\/p>\n<p>&nbsp;<\/p>\n<ul>\n<li>Aleatorizaci\u00f3n por bloques<\/li>\n<li>Aleatorizaci\u00f3n estratificada<\/li>\n<\/ul>\n<p>&nbsp;<\/p>\n<p><strong>Lecci\u00f3n 4: T\u00e9cnica de aleatorizaci\u00f3n adaptativa<\/strong><\/p>\n<p>&nbsp;<\/p>\n<ul>\n<li>\u00bfQu\u00e9 es la aleatorizaci\u00f3n adaptativa?<\/li>\n<li>Minimizaci\u00f3n<\/li>\n<li>Aleatorizaci\u00f3n adaptativa a la respuesta<\/li>\n<\/ul>\n<p>&nbsp;<\/p>\n<p><strong>Lecci\u00f3n 5: Enmascaramiento<\/strong><\/p>\n<p>&nbsp;<\/p>\n<ul>\n<li>\u00bfQu\u00e9 es el enmascaramiento?<\/li>\n<li>\u00bfPor qu\u00e9 es necesario?<\/li>\n<li>Tipos de enmascaramiento<\/li>\n<\/ul>\n<p>&nbsp;<\/p>\n<p><strong>Lecci\u00f3n 6: Desenmascaramiento<\/strong><\/p>\n<ul>\n<li>\u00bfQu\u00e9 es el desenmascaramiento?<\/li>\n<li>Desenmascaramiento para el an\u00e1lisis<\/li>\n<li>Documentaci\u00f3n<\/li>\n<\/ul>\n<p>&nbsp;<\/p>\n<p><strong>Glosario<\/strong><\/p>\n<p>&nbsp;<\/p>\n<p><strong>Conclusi\u00f3n<\/strong><\/p>\n<p>&nbsp;<\/p>\n<p><strong>Cuestionario<\/strong><\/p>\n","protected":false},"excerpt":{"rendered":"<p>Los ensayos cl\u00ednicos son aut\u00e9nticas f\u00e1bricas de informaci\u00f3n y los datos obtenidos de ellos deben ser precisos, reproducibles y generalizables a la poblaci\u00f3n estudiada. Por ello, los investigadores saben que deben excluir los sesgos en la medida de lo posible. La aleatorizaci\u00f3n y el enmascaramiento son dos herramientas que ayudan a dar m\u00e1s credibilidad a [&hellip;]<\/p>\n","protected":false},"featured_media":45233,"template":"","meta":{"_acf_changed":false,"content-type":""},"product_brand":[],"product_cat":[268,275,279,270,269],"product_tag":[],"class_list":{"0":"post-57826","1":"product","2":"type-product","3":"status-publish","4":"has-post-thumbnail","6":"product_cat-farmacovigilancia","7":"product_cat-gcp-ensayos-clinicos","8":"product_cat-hospitales-e-instituciones-sanitarias","9":"product_cat-organizacion-de-investigacion-por-contrato-cro","10":"product_cat-productos-farmaceuticos","12":"first","13":"instock","14":"taxable","15":"shipping-taxable","16":"purchasable","17":"product-type-simple"},"bundled_by":[],"bundle_stock_status":"instock","bundle_stock_quantity":null,"bundle_virtual":false,"bundle_layout":"","bundle_add_to_cart_form_location":"","bundle_editable_in_cart":false,"bundle_sold_individually_context":"","bundle_item_grouping":"","bundle_min_size":"","bundle_max_size":"","bundle_price":[],"bundled_items":[],"bundle_sell_ids":[],"acf":[],"yoast_head":"<!-- This site is optimized with the Yoast SEO plugin v27.5 - https:\/\/yoast.com\/product\/yoast-seo-wordpress\/ -->\n<title>Aleatorizaci\u00f3n y enmascaramiento en ensayos de investigaci\u00f3n cl\u00ednica<\/title>\n<meta name=\"description\" content=\"Aprenda sobre la aleatorizaci\u00f3n y el enmascaramiento en ensayos cl\u00ednicos gracias a esta formaci\u00f3n en l\u00ednea certificada, dise\u00f1ada para profesionales de la investigaci\u00f3n cl\u00ednica. Curso acreditado por CPD y CEU.\" \/>\n<meta name=\"robots\" content=\"index, follow, max-snippet:-1, max-image-preview:large, max-video-preview:-1\" \/>\n<link rel=\"canonical\" href=\"https:\/\/gxp-training.com\/es\/online-course\/aleatorizacion-y-enmascaramiento-en-ensayos-de-investigacion-clinica\/\" \/>\n<meta property=\"og:locale\" content=\"es_ES\" \/>\n<meta property=\"og:type\" content=\"article\" \/>\n<meta property=\"og:title\" content=\"Aleatorizaci\u00f3n y enmascaramiento en ensayos de investigaci\u00f3n cl\u00ednica\" \/>\n<meta property=\"og:description\" content=\"Aprenda sobre la aleatorizaci\u00f3n y el enmascaramiento en ensayos cl\u00ednicos gracias a esta formaci\u00f3n en l\u00ednea certificada, dise\u00f1ada para profesionales de la investigaci\u00f3n cl\u00ednica. Curso acreditado por CPD y CEU.\" \/>\n<meta property=\"og:url\" content=\"https:\/\/gxp-training.com\/es\/online-course\/aleatorizacion-y-enmascaramiento-en-ensayos-de-investigacion-clinica\/\" \/>\n<meta property=\"og:site_name\" content=\"GxP Training : Certified Online Courses for Life Sciences\" \/>\n<meta property=\"og:image\" content=\"https:\/\/gxp-training.com\/wp-content\/uploads\/2024\/02\/randomization-clinical-trial.png\" \/>\n\t<meta property=\"og:image:width\" content=\"900\" \/>\n\t<meta property=\"og:image:height\" content=\"627\" \/>\n\t<meta property=\"og:image:type\" content=\"image\/png\" \/>\n<meta name=\"twitter:card\" content=\"summary_large_image\" \/>\n<meta name=\"twitter:label1\" content=\"Tiempo de lectura\" \/>\n\t<meta name=\"twitter:data1\" content=\"2 minutos\" \/>\n<script type=\"application\/ld+json\" class=\"yoast-schema-graph\">{\"@context\":\"https:\\\/\\\/schema.org\",\"@graph\":[{\"@type\":\"WebPage\",\"@id\":\"https:\\\/\\\/gxp-training.com\\\/es\\\/online-course\\\/aleatorizacion-y-enmascaramiento-en-ensayos-de-investigacion-clinica\\\/\",\"url\":\"https:\\\/\\\/gxp-training.com\\\/es\\\/online-course\\\/aleatorizacion-y-enmascaramiento-en-ensayos-de-investigacion-clinica\\\/\",\"name\":\"Aleatorizaci\u00f3n y enmascaramiento en ensayos de investigaci\u00f3n cl\u00ednica\",\"isPartOf\":{\"@id\":\"https:\\\/\\\/gxp-training.com\\\/es\\\/#website\"},\"primaryImageOfPage\":{\"@id\":\"https:\\\/\\\/gxp-training.com\\\/es\\\/online-course\\\/aleatorizacion-y-enmascaramiento-en-ensayos-de-investigacion-clinica\\\/#primaryimage\"},\"image\":{\"@id\":\"https:\\\/\\\/gxp-training.com\\\/es\\\/online-course\\\/aleatorizacion-y-enmascaramiento-en-ensayos-de-investigacion-clinica\\\/#primaryimage\"},\"thumbnailUrl\":\"https:\\\/\\\/gxp-training.com\\\/wp-content\\\/uploads\\\/2024\\\/02\\\/randomization-clinical-trial.png\",\"datePublished\":\"2023-02-08T10:49:23+00:00\",\"description\":\"Aprenda sobre la aleatorizaci\u00f3n y el enmascaramiento en ensayos cl\u00ednicos gracias a esta formaci\u00f3n en l\u00ednea certificada, dise\u00f1ada para profesionales de la investigaci\u00f3n cl\u00ednica. Curso acreditado por CPD y CEU.\",\"breadcrumb\":{\"@id\":\"https:\\\/\\\/gxp-training.com\\\/es\\\/online-course\\\/aleatorizacion-y-enmascaramiento-en-ensayos-de-investigacion-clinica\\\/#breadcrumb\"},\"inLanguage\":\"es\",\"potentialAction\":[{\"@type\":\"ReadAction\",\"target\":[\"https:\\\/\\\/gxp-training.com\\\/es\\\/online-course\\\/aleatorizacion-y-enmascaramiento-en-ensayos-de-investigacion-clinica\\\/\"]}]},{\"@type\":\"ImageObject\",\"inLanguage\":\"es\",\"@id\":\"https:\\\/\\\/gxp-training.com\\\/es\\\/online-course\\\/aleatorizacion-y-enmascaramiento-en-ensayos-de-investigacion-clinica\\\/#primaryimage\",\"url\":\"https:\\\/\\\/gxp-training.com\\\/wp-content\\\/uploads\\\/2024\\\/02\\\/randomization-clinical-trial.png\",\"contentUrl\":\"https:\\\/\\\/gxp-training.com\\\/wp-content\\\/uploads\\\/2024\\\/02\\\/randomization-clinical-trial.png\",\"width\":900,\"height\":627},{\"@type\":\"BreadcrumbList\",\"@id\":\"https:\\\/\\\/gxp-training.com\\\/es\\\/online-course\\\/aleatorizacion-y-enmascaramiento-en-ensayos-de-investigacion-clinica\\\/#breadcrumb\",\"itemListElement\":[{\"@type\":\"ListItem\",\"position\":1,\"name\":\"Inicio\",\"item\":\"https:\\\/\\\/gxp-training.com\\\/es\\\/pagina-de-inicio\\\/\"},{\"@type\":\"ListItem\",\"position\":2,\"name\":\"Productos\",\"item\":\"https:\\\/\\\/gxp-training.com\\\/es\\\/shop\\\/\"},{\"@type\":\"ListItem\",\"position\":3,\"name\":\"Aleatorizaci\u00f3n y enmascaramiento en ensayos de investigaci\u00f3n cl\u00ednica\"}]},{\"@type\":\"WebSite\",\"@id\":\"https:\\\/\\\/gxp-training.com\\\/es\\\/#website\",\"url\":\"https:\\\/\\\/gxp-training.com\\\/es\\\/\",\"name\":\"GxP Training : Certified Online Courses for Life Sciences\",\"description\":\"Online Trainings and Certified Courses in Regulatory Compliance for Pharmaceutical Experts\",\"publisher\":{\"@id\":\"https:\\\/\\\/gxp-training.com\\\/es\\\/#organization\"},\"potentialAction\":[{\"@type\":\"SearchAction\",\"target\":{\"@type\":\"EntryPoint\",\"urlTemplate\":\"https:\\\/\\\/gxp-training.com\\\/es\\\/?s={search_term_string}\"},\"query-input\":{\"@type\":\"PropertyValueSpecification\",\"valueRequired\":true,\"valueName\":\"search_term_string\"}}],\"inLanguage\":\"es\"},{\"@type\":\"Organization\",\"@id\":\"https:\\\/\\\/gxp-training.com\\\/es\\\/#organization\",\"name\":\"GXP Training\",\"url\":\"https:\\\/\\\/gxp-training.com\\\/es\\\/\",\"logo\":{\"@type\":\"ImageObject\",\"inLanguage\":\"es\",\"@id\":\"https:\\\/\\\/gxp-training.com\\\/es\\\/#\\\/schema\\\/logo\\\/image\\\/\",\"url\":\"https:\\\/\\\/gxp-training.com\\\/wp-content\\\/uploads\\\/2022\\\/05\\\/logo-resize.png\",\"contentUrl\":\"https:\\\/\\\/gxp-training.com\\\/wp-content\\\/uploads\\\/2022\\\/05\\\/logo-resize.png\",\"width\":350,\"height\":100,\"caption\":\"GXP Training\"},\"image\":{\"@id\":\"https:\\\/\\\/gxp-training.com\\\/es\\\/#\\\/schema\\\/logo\\\/image\\\/\"}}]}<\/script>\n<!-- \/ Yoast SEO plugin. -->","yoast_head_json":{"title":"Aleatorizaci\u00f3n y enmascaramiento en ensayos de investigaci\u00f3n cl\u00ednica","description":"Aprenda sobre la aleatorizaci\u00f3n y el enmascaramiento en ensayos cl\u00ednicos gracias a esta formaci\u00f3n en l\u00ednea certificada, dise\u00f1ada para profesionales de la investigaci\u00f3n cl\u00ednica. Curso acreditado por CPD y CEU.","robots":{"index":"index","follow":"follow","max-snippet":"max-snippet:-1","max-image-preview":"max-image-preview:large","max-video-preview":"max-video-preview:-1"},"canonical":"https:\/\/gxp-training.com\/es\/online-course\/aleatorizacion-y-enmascaramiento-en-ensayos-de-investigacion-clinica\/","og_locale":"es_ES","og_type":"article","og_title":"Aleatorizaci\u00f3n y enmascaramiento en ensayos de investigaci\u00f3n cl\u00ednica","og_description":"Aprenda sobre la aleatorizaci\u00f3n y el enmascaramiento en ensayos cl\u00ednicos gracias a esta formaci\u00f3n en l\u00ednea certificada, dise\u00f1ada para profesionales de la investigaci\u00f3n cl\u00ednica. Curso acreditado por CPD y CEU.","og_url":"https:\/\/gxp-training.com\/es\/online-course\/aleatorizacion-y-enmascaramiento-en-ensayos-de-investigacion-clinica\/","og_site_name":"GxP Training : Certified Online Courses for Life Sciences","og_image":[{"width":900,"height":627,"url":"https:\/\/gxp-training.com\/wp-content\/uploads\/2024\/02\/randomization-clinical-trial.png","type":"image\/png"}],"twitter_card":"summary_large_image","twitter_misc":{"Tiempo de lectura":"2 minutos"},"schema":{"@context":"https:\/\/schema.org","@graph":[{"@type":"WebPage","@id":"https:\/\/gxp-training.com\/es\/online-course\/aleatorizacion-y-enmascaramiento-en-ensayos-de-investigacion-clinica\/","url":"https:\/\/gxp-training.com\/es\/online-course\/aleatorizacion-y-enmascaramiento-en-ensayos-de-investigacion-clinica\/","name":"Aleatorizaci\u00f3n y enmascaramiento en ensayos de investigaci\u00f3n cl\u00ednica","isPartOf":{"@id":"https:\/\/gxp-training.com\/es\/#website"},"primaryImageOfPage":{"@id":"https:\/\/gxp-training.com\/es\/online-course\/aleatorizacion-y-enmascaramiento-en-ensayos-de-investigacion-clinica\/#primaryimage"},"image":{"@id":"https:\/\/gxp-training.com\/es\/online-course\/aleatorizacion-y-enmascaramiento-en-ensayos-de-investigacion-clinica\/#primaryimage"},"thumbnailUrl":"https:\/\/gxp-training.com\/wp-content\/uploads\/2024\/02\/randomization-clinical-trial.png","datePublished":"2023-02-08T10:49:23+00:00","description":"Aprenda sobre la aleatorizaci\u00f3n y el enmascaramiento en ensayos cl\u00ednicos gracias a esta formaci\u00f3n en l\u00ednea certificada, dise\u00f1ada para profesionales de la investigaci\u00f3n cl\u00ednica. Curso acreditado por CPD y CEU.","breadcrumb":{"@id":"https:\/\/gxp-training.com\/es\/online-course\/aleatorizacion-y-enmascaramiento-en-ensayos-de-investigacion-clinica\/#breadcrumb"},"inLanguage":"es","potentialAction":[{"@type":"ReadAction","target":["https:\/\/gxp-training.com\/es\/online-course\/aleatorizacion-y-enmascaramiento-en-ensayos-de-investigacion-clinica\/"]}]},{"@type":"ImageObject","inLanguage":"es","@id":"https:\/\/gxp-training.com\/es\/online-course\/aleatorizacion-y-enmascaramiento-en-ensayos-de-investigacion-clinica\/#primaryimage","url":"https:\/\/gxp-training.com\/wp-content\/uploads\/2024\/02\/randomization-clinical-trial.png","contentUrl":"https:\/\/gxp-training.com\/wp-content\/uploads\/2024\/02\/randomization-clinical-trial.png","width":900,"height":627},{"@type":"BreadcrumbList","@id":"https:\/\/gxp-training.com\/es\/online-course\/aleatorizacion-y-enmascaramiento-en-ensayos-de-investigacion-clinica\/#breadcrumb","itemListElement":[{"@type":"ListItem","position":1,"name":"Inicio","item":"https:\/\/gxp-training.com\/es\/pagina-de-inicio\/"},{"@type":"ListItem","position":2,"name":"Productos","item":"https:\/\/gxp-training.com\/es\/shop\/"},{"@type":"ListItem","position":3,"name":"Aleatorizaci\u00f3n y enmascaramiento en ensayos de investigaci\u00f3n cl\u00ednica"}]},{"@type":"WebSite","@id":"https:\/\/gxp-training.com\/es\/#website","url":"https:\/\/gxp-training.com\/es\/","name":"GxP Training : Certified Online Courses for Life Sciences","description":"Online Trainings and Certified Courses in Regulatory Compliance for Pharmaceutical Experts","publisher":{"@id":"https:\/\/gxp-training.com\/es\/#organization"},"potentialAction":[{"@type":"SearchAction","target":{"@type":"EntryPoint","urlTemplate":"https:\/\/gxp-training.com\/es\/?s={search_term_string}"},"query-input":{"@type":"PropertyValueSpecification","valueRequired":true,"valueName":"search_term_string"}}],"inLanguage":"es"},{"@type":"Organization","@id":"https:\/\/gxp-training.com\/es\/#organization","name":"GXP Training","url":"https:\/\/gxp-training.com\/es\/","logo":{"@type":"ImageObject","inLanguage":"es","@id":"https:\/\/gxp-training.com\/es\/#\/schema\/logo\/image\/","url":"https:\/\/gxp-training.com\/wp-content\/uploads\/2022\/05\/logo-resize.png","contentUrl":"https:\/\/gxp-training.com\/wp-content\/uploads\/2022\/05\/logo-resize.png","width":350,"height":100,"caption":"GXP Training"},"image":{"@id":"https:\/\/gxp-training.com\/es\/#\/schema\/logo\/image\/"}}]}},"_links":{"self":[{"href":"https:\/\/gxp-training.com\/es\/wp-json\/wp\/v2\/product\/57826","targetHints":{"allow":["GET"]}}],"collection":[{"href":"https:\/\/gxp-training.com\/es\/wp-json\/wp\/v2\/product"}],"about":[{"href":"https:\/\/gxp-training.com\/es\/wp-json\/wp\/v2\/types\/product"}],"wp:featuredmedia":[{"embeddable":true,"href":"https:\/\/gxp-training.com\/es\/wp-json\/wp\/v2\/media\/45233"}],"wp:attachment":[{"href":"https:\/\/gxp-training.com\/es\/wp-json\/wp\/v2\/media?parent=57826"}],"wp:term":[{"taxonomy":"product_brand","embeddable":true,"href":"https:\/\/gxp-training.com\/es\/wp-json\/wp\/v2\/product_brand?post=57826"},{"taxonomy":"product_cat","embeddable":true,"href":"https:\/\/gxp-training.com\/es\/wp-json\/wp\/v2\/product_cat?post=57826"},{"taxonomy":"product_tag","embeddable":true,"href":"https:\/\/gxp-training.com\/es\/wp-json\/wp\/v2\/product_tag?post=57826"}],"curies":[{"name":"wp","href":"https:\/\/api.w.org\/{rel}","templated":true}]}}