{"id":57807,"date":"2024-07-22T15:02:40","date_gmt":"2024-07-22T14:02:40","guid":{"rendered":"https:\/\/gxp-training.com\/online-course\/buenas-practicas-clinicas-de-laboratorio-gclp\/"},"modified":"2024-07-22T15:02:40","modified_gmt":"2024-07-22T13:02:40","slug":"buenas-practicas-clinicas-de-laboratorio-gclp","status":"publish","type":"product","link":"https:\/\/gxp-training.com\/es\/online-course\/buenas-practicas-clinicas-de-laboratorio-gclp\/","title":{"rendered":"Buenas Pr\u00e1cticas Cl\u00ednicas de Laboratorio (GCLP)"},"content":{"rendered":"<p>Las <a href=\"https:\/\/pmc.ncbi.nlm.nih.gov\/articles\/PMC2213906\/\">Buenas Pr\u00e1cticas Cl\u00ednicas de Laboratorio<\/a> (GCLP) son el marco reconocido a nivel mundial que rige el trabajo de laboratorio que respalda los ensayos cl\u00ednicos. Desde la recogida de muestras hasta la notificaci\u00f3n de resultados, garantiza que cada paso cumpla las normas regulatorias y \u00e9ticas necesarias para generar datos cl\u00ednicos fiables y listos para auditor\u00eda. Este curso abarca los principios fundamentales de las GCLP y su aplicaci\u00f3n pr\u00e1ctica a lo largo de todo el flujo de trabajo del laboratorio.  <\/p>\n<p><strong>\u00bfQu\u00e9 aprender\u00e1?<\/strong><\/p>\n<ul>\n<li>Principios y componentes clave de las GCLP y su relevancia para los ensayos cl\u00ednicos<\/li>\n<li>Pr\u00e1cticas adecuadas de recogida, transporte, recepci\u00f3n y almacenamiento de muestras<\/li>\n<li>Validaci\u00f3n, cualificaci\u00f3n y metodolog\u00edas de laboratorio adecuadas para su finalidad<\/li>\n<li>An\u00e1lisis de muestras, procedimientos de cadena de custodia y notificaci\u00f3n de resultados<\/li>\n<li>Requisitos de documentaci\u00f3n, archivo y cumplimiento normativo<\/li>\n<\/ul>\n<p>&nbsp;<\/p>\n<p><strong>\u00bfQui\u00e9n deber\u00eda inscribirse?<\/strong><\/p>\n<ul>\n<li>Promotores<\/li>\n<li>Responsables y personal de laboratorio<\/li>\n<li>Gestores de proyectos y <a href=\"https:\/\/gxp-training.com\/es\/online-course\/asociado-de-investigacion-clinica-cra\/\">Clinical Research Associates<\/a> (CRA)<\/li>\n<li>Personal de garant\u00eda de calidad y cumplimiento<\/li>\n<\/ul>\n<p>&nbsp;<\/p>\n<p>Tras completar el curso con \u00e9xito, recibir\u00e1 un <strong>certificado de formaci\u00f3n GxP reconocido internacionalmente, acreditado con cr\u00e9ditos CPD\/CEU<\/strong>, apto para documentaci\u00f3n de auditor\u00eda y cumplimiento.<\/p>\n<p>&nbsp;<\/p>\n<h3>Programa:<\/h3>\n<p><strong>Objetivos<\/strong><br \/>\n<strong>Introducci\u00f3n<\/strong><br \/>\n<strong>Lecci\u00f3n 1: Buenas Pr\u00e1cticas Cl\u00ednicas y el papel de los <a href=\"https:\/\/gxp-training.com\/es\/gxp-courses\/laboratorios\/\">laboratorios<\/a> en los ensayos cl\u00ednicos<\/strong><br \/>\n<strong>Lecci\u00f3n 2: Marco regulatorio que rige los laboratorios de ensayos cl\u00ednicos<\/strong><br \/>\n<strong>Lecci\u00f3n 3: Organizaci\u00f3n del laboratorio, personal y responsabilidades<\/strong><br \/>\n<strong>Lecci\u00f3n 4: Instalaciones, equipos, materiales y sistemas informatizados<\/strong><br \/>\n<strong>Lecci\u00f3n 5: Fase preanal\u00edtica: gesti\u00f3n del ciclo de vida de las muestras en ensayos cl\u00ednicos<\/strong><br \/>\n<strong>Lecci\u00f3n 6: Fase anal\u00edtica: m\u00e9todos anal\u00edticos, ensayos y validaci\u00f3n<\/strong><br \/>\n<strong>Lecci\u00f3n 7: Fase postanal\u00edtica: integridad de datos, documentaci\u00f3n e informes<\/strong><br \/>\n<strong>Lecci\u00f3n 8: Gesti\u00f3n de la calidad, gesti\u00f3n de errores y supervisi\u00f3n del laboratorio<\/strong><br \/>\n<strong>Conclusi\u00f3n<\/strong><br \/>\n<strong>Evaluaci\u00f3n<\/strong><\/p>\n","protected":false},"excerpt":{"rendered":"<p>Las Buenas Pr\u00e1cticas Cl\u00ednicas de Laboratorio (GCLP) son el marco reconocido a nivel mundial que rige el trabajo de laboratorio que respalda los ensayos cl\u00ednicos. Desde la recogida de muestras hasta la notificaci\u00f3n de resultados, garantiza que cada paso cumpla las normas regulatorias y \u00e9ticas necesarias para generar datos cl\u00ednicos fiables y listos para auditor\u00eda. [&hellip;]<\/p>\n","protected":false},"featured_media":46927,"template":"","meta":{"_acf_changed":false,"content-type":""},"product_brand":[],"product_cat":[271,275,278,272,270],"product_tag":[],"class_list":{"0":"post-57807","1":"product","2":"type-product","3":"status-publish","4":"has-post-thumbnail","6":"product_cat-garantia-de-calidad","7":"product_cat-gcp-ensayos-clinicos","8":"product_cat-glp-buenas-practicas-de-laboratorio","9":"product_cat-laboratorios","10":"product_cat-organizacion-de-investigacion-por-contrato-cro","12":"first","13":"instock","14":"taxable","15":"shipping-taxable","16":"purchasable","17":"product-type-subscription"},"bundled_by":[],"bundle_stock_status":"instock","bundle_stock_quantity":null,"bundle_virtual":false,"bundle_layout":"","bundle_add_to_cart_form_location":"","bundle_editable_in_cart":false,"bundle_sold_individually_context":"","bundle_item_grouping":"","bundle_min_size":"","bundle_max_size":"","bundle_price":[],"bundled_items":[],"bundle_sell_ids":[],"acf":[],"yoast_head":"<!-- This site is optimized with the Yoast SEO plugin v27.5 - https:\/\/yoast.com\/product\/yoast-seo-wordpress\/ -->\n<title>Buenas Pr\u00e1cticas Cl\u00ednicas de Laboratorio (GCLP) - Curso certificado online<\/title>\n<meta name=\"description\" content=\"Mejore su experiencia con nuestra formaci\u00f3n certificada en Buenas Pr\u00e1cticas Cl\u00ednicas de Laboratorio (GCLP). Obtenga un certificado y cr\u00e9ditos CPD\/CEU al finalizar.\" \/>\n<meta name=\"robots\" content=\"index, follow, max-snippet:-1, max-image-preview:large, max-video-preview:-1\" \/>\n<link rel=\"canonical\" href=\"https:\/\/gxp-training.com\/es\/online-course\/buenas-practicas-clinicas-de-laboratorio-gclp\/\" \/>\n<meta property=\"og:locale\" content=\"es_ES\" \/>\n<meta property=\"og:type\" content=\"article\" \/>\n<meta property=\"og:title\" content=\"Buenas Pr\u00e1cticas Cl\u00ednicas de Laboratorio (GCLP) - Curso certificado online\" \/>\n<meta property=\"og:description\" content=\"Mejore su experiencia con nuestra formaci\u00f3n certificada en Buenas Pr\u00e1cticas Cl\u00ednicas de Laboratorio (GCLP). Obtenga un certificado y cr\u00e9ditos CPD\/CEU al finalizar.\" \/>\n<meta property=\"og:url\" content=\"https:\/\/gxp-training.com\/es\/online-course\/buenas-practicas-clinicas-de-laboratorio-gclp\/\" \/>\n<meta property=\"og:site_name\" content=\"GxP Training : Certified Online Courses for Life Sciences\" \/>\n<meta property=\"og:image\" content=\"https:\/\/gxp-training.com\/wp-content\/uploads\/2024\/07\/gclp-certified-course.png\" \/>\n\t<meta property=\"og:image:width\" content=\"900\" \/>\n\t<meta property=\"og:image:height\" content=\"627\" \/>\n\t<meta property=\"og:image:type\" content=\"image\/png\" \/>\n<meta name=\"twitter:card\" content=\"summary_large_image\" \/>\n<meta name=\"twitter:label1\" content=\"Tiempo de lectura\" \/>\n\t<meta name=\"twitter:data1\" content=\"2 minutos\" \/>\n<script type=\"application\/ld+json\" class=\"yoast-schema-graph\">{\"@context\":\"https:\\\/\\\/schema.org\",\"@graph\":[{\"@type\":\"WebPage\",\"@id\":\"https:\\\/\\\/gxp-training.com\\\/es\\\/online-course\\\/buenas-practicas-clinicas-de-laboratorio-gclp\\\/\",\"url\":\"https:\\\/\\\/gxp-training.com\\\/es\\\/online-course\\\/buenas-practicas-clinicas-de-laboratorio-gclp\\\/\",\"name\":\"Buenas Pr\u00e1cticas Cl\u00ednicas de Laboratorio (GCLP) - Curso certificado online\",\"isPartOf\":{\"@id\":\"https:\\\/\\\/gxp-training.com\\\/es\\\/#website\"},\"primaryImageOfPage\":{\"@id\":\"https:\\\/\\\/gxp-training.com\\\/es\\\/online-course\\\/buenas-practicas-clinicas-de-laboratorio-gclp\\\/#primaryimage\"},\"image\":{\"@id\":\"https:\\\/\\\/gxp-training.com\\\/es\\\/online-course\\\/buenas-practicas-clinicas-de-laboratorio-gclp\\\/#primaryimage\"},\"thumbnailUrl\":\"https:\\\/\\\/gxp-training.com\\\/wp-content\\\/uploads\\\/2024\\\/07\\\/gclp-certified-course.png\",\"datePublished\":\"2024-07-22T14:02:40+00:00\",\"description\":\"Mejore su experiencia con nuestra formaci\u00f3n certificada en Buenas Pr\u00e1cticas Cl\u00ednicas de Laboratorio (GCLP). Obtenga un certificado y cr\u00e9ditos CPD\\\/CEU al finalizar.\",\"breadcrumb\":{\"@id\":\"https:\\\/\\\/gxp-training.com\\\/es\\\/online-course\\\/buenas-practicas-clinicas-de-laboratorio-gclp\\\/#breadcrumb\"},\"inLanguage\":\"es\",\"potentialAction\":[{\"@type\":\"ReadAction\",\"target\":[\"https:\\\/\\\/gxp-training.com\\\/es\\\/online-course\\\/buenas-practicas-clinicas-de-laboratorio-gclp\\\/\"]}]},{\"@type\":\"ImageObject\",\"inLanguage\":\"es\",\"@id\":\"https:\\\/\\\/gxp-training.com\\\/es\\\/online-course\\\/buenas-practicas-clinicas-de-laboratorio-gclp\\\/#primaryimage\",\"url\":\"https:\\\/\\\/gxp-training.com\\\/wp-content\\\/uploads\\\/2024\\\/07\\\/gclp-certified-course.png\",\"contentUrl\":\"https:\\\/\\\/gxp-training.com\\\/wp-content\\\/uploads\\\/2024\\\/07\\\/gclp-certified-course.png\",\"width\":900,\"height\":627},{\"@type\":\"BreadcrumbList\",\"@id\":\"https:\\\/\\\/gxp-training.com\\\/es\\\/online-course\\\/buenas-practicas-clinicas-de-laboratorio-gclp\\\/#breadcrumb\",\"itemListElement\":[{\"@type\":\"ListItem\",\"position\":1,\"name\":\"Inicio\",\"item\":\"https:\\\/\\\/gxp-training.com\\\/es\\\/pagina-de-inicio\\\/\"},{\"@type\":\"ListItem\",\"position\":2,\"name\":\"Productos\",\"item\":\"https:\\\/\\\/gxp-training.com\\\/es\\\/shop\\\/\"},{\"@type\":\"ListItem\",\"position\":3,\"name\":\"Buenas Pr\u00e1cticas Cl\u00ednicas de Laboratorio (GCLP)\"}]},{\"@type\":\"WebSite\",\"@id\":\"https:\\\/\\\/gxp-training.com\\\/es\\\/#website\",\"url\":\"https:\\\/\\\/gxp-training.com\\\/es\\\/\",\"name\":\"GxP Training : Certified Online Courses for Life Sciences\",\"description\":\"Online Trainings and Certified Courses in Regulatory Compliance for Pharmaceutical Experts\",\"publisher\":{\"@id\":\"https:\\\/\\\/gxp-training.com\\\/es\\\/#organization\"},\"potentialAction\":[{\"@type\":\"SearchAction\",\"target\":{\"@type\":\"EntryPoint\",\"urlTemplate\":\"https:\\\/\\\/gxp-training.com\\\/es\\\/?s={search_term_string}\"},\"query-input\":{\"@type\":\"PropertyValueSpecification\",\"valueRequired\":true,\"valueName\":\"search_term_string\"}}],\"inLanguage\":\"es\"},{\"@type\":\"Organization\",\"@id\":\"https:\\\/\\\/gxp-training.com\\\/es\\\/#organization\",\"name\":\"GXP Training\",\"url\":\"https:\\\/\\\/gxp-training.com\\\/es\\\/\",\"logo\":{\"@type\":\"ImageObject\",\"inLanguage\":\"es\",\"@id\":\"https:\\\/\\\/gxp-training.com\\\/es\\\/#\\\/schema\\\/logo\\\/image\\\/\",\"url\":\"https:\\\/\\\/gxp-training.com\\\/wp-content\\\/uploads\\\/2022\\\/05\\\/logo-resize.png\",\"contentUrl\":\"https:\\\/\\\/gxp-training.com\\\/wp-content\\\/uploads\\\/2022\\\/05\\\/logo-resize.png\",\"width\":350,\"height\":100,\"caption\":\"GXP Training\"},\"image\":{\"@id\":\"https:\\\/\\\/gxp-training.com\\\/es\\\/#\\\/schema\\\/logo\\\/image\\\/\"}}]}<\/script>\n<!-- \/ Yoast SEO plugin. -->","yoast_head_json":{"title":"Buenas Pr\u00e1cticas Cl\u00ednicas de Laboratorio (GCLP) - Curso certificado online","description":"Mejore su experiencia con nuestra formaci\u00f3n certificada en Buenas Pr\u00e1cticas Cl\u00ednicas de Laboratorio (GCLP). Obtenga un certificado y cr\u00e9ditos CPD\/CEU al finalizar.","robots":{"index":"index","follow":"follow","max-snippet":"max-snippet:-1","max-image-preview":"max-image-preview:large","max-video-preview":"max-video-preview:-1"},"canonical":"https:\/\/gxp-training.com\/es\/online-course\/buenas-practicas-clinicas-de-laboratorio-gclp\/","og_locale":"es_ES","og_type":"article","og_title":"Buenas Pr\u00e1cticas Cl\u00ednicas de Laboratorio (GCLP) - Curso certificado online","og_description":"Mejore su experiencia con nuestra formaci\u00f3n certificada en Buenas Pr\u00e1cticas Cl\u00ednicas de Laboratorio (GCLP). Obtenga un certificado y cr\u00e9ditos CPD\/CEU al finalizar.","og_url":"https:\/\/gxp-training.com\/es\/online-course\/buenas-practicas-clinicas-de-laboratorio-gclp\/","og_site_name":"GxP Training : Certified Online Courses for Life Sciences","og_image":[{"width":900,"height":627,"url":"https:\/\/gxp-training.com\/wp-content\/uploads\/2024\/07\/gclp-certified-course.png","type":"image\/png"}],"twitter_card":"summary_large_image","twitter_misc":{"Tiempo de lectura":"2 minutos"},"schema":{"@context":"https:\/\/schema.org","@graph":[{"@type":"WebPage","@id":"https:\/\/gxp-training.com\/es\/online-course\/buenas-practicas-clinicas-de-laboratorio-gclp\/","url":"https:\/\/gxp-training.com\/es\/online-course\/buenas-practicas-clinicas-de-laboratorio-gclp\/","name":"Buenas Pr\u00e1cticas Cl\u00ednicas de Laboratorio (GCLP) - Curso certificado online","isPartOf":{"@id":"https:\/\/gxp-training.com\/es\/#website"},"primaryImageOfPage":{"@id":"https:\/\/gxp-training.com\/es\/online-course\/buenas-practicas-clinicas-de-laboratorio-gclp\/#primaryimage"},"image":{"@id":"https:\/\/gxp-training.com\/es\/online-course\/buenas-practicas-clinicas-de-laboratorio-gclp\/#primaryimage"},"thumbnailUrl":"https:\/\/gxp-training.com\/wp-content\/uploads\/2024\/07\/gclp-certified-course.png","datePublished":"2024-07-22T14:02:40+00:00","description":"Mejore su experiencia con nuestra formaci\u00f3n certificada en Buenas Pr\u00e1cticas Cl\u00ednicas de Laboratorio (GCLP). Obtenga un certificado y cr\u00e9ditos CPD\/CEU al finalizar.","breadcrumb":{"@id":"https:\/\/gxp-training.com\/es\/online-course\/buenas-practicas-clinicas-de-laboratorio-gclp\/#breadcrumb"},"inLanguage":"es","potentialAction":[{"@type":"ReadAction","target":["https:\/\/gxp-training.com\/es\/online-course\/buenas-practicas-clinicas-de-laboratorio-gclp\/"]}]},{"@type":"ImageObject","inLanguage":"es","@id":"https:\/\/gxp-training.com\/es\/online-course\/buenas-practicas-clinicas-de-laboratorio-gclp\/#primaryimage","url":"https:\/\/gxp-training.com\/wp-content\/uploads\/2024\/07\/gclp-certified-course.png","contentUrl":"https:\/\/gxp-training.com\/wp-content\/uploads\/2024\/07\/gclp-certified-course.png","width":900,"height":627},{"@type":"BreadcrumbList","@id":"https:\/\/gxp-training.com\/es\/online-course\/buenas-practicas-clinicas-de-laboratorio-gclp\/#breadcrumb","itemListElement":[{"@type":"ListItem","position":1,"name":"Inicio","item":"https:\/\/gxp-training.com\/es\/pagina-de-inicio\/"},{"@type":"ListItem","position":2,"name":"Productos","item":"https:\/\/gxp-training.com\/es\/shop\/"},{"@type":"ListItem","position":3,"name":"Buenas Pr\u00e1cticas Cl\u00ednicas de Laboratorio (GCLP)"}]},{"@type":"WebSite","@id":"https:\/\/gxp-training.com\/es\/#website","url":"https:\/\/gxp-training.com\/es\/","name":"GxP Training : Certified Online Courses for Life Sciences","description":"Online Trainings and Certified Courses in Regulatory Compliance for Pharmaceutical Experts","publisher":{"@id":"https:\/\/gxp-training.com\/es\/#organization"},"potentialAction":[{"@type":"SearchAction","target":{"@type":"EntryPoint","urlTemplate":"https:\/\/gxp-training.com\/es\/?s={search_term_string}"},"query-input":{"@type":"PropertyValueSpecification","valueRequired":true,"valueName":"search_term_string"}}],"inLanguage":"es"},{"@type":"Organization","@id":"https:\/\/gxp-training.com\/es\/#organization","name":"GXP Training","url":"https:\/\/gxp-training.com\/es\/","logo":{"@type":"ImageObject","inLanguage":"es","@id":"https:\/\/gxp-training.com\/es\/#\/schema\/logo\/image\/","url":"https:\/\/gxp-training.com\/wp-content\/uploads\/2022\/05\/logo-resize.png","contentUrl":"https:\/\/gxp-training.com\/wp-content\/uploads\/2022\/05\/logo-resize.png","width":350,"height":100,"caption":"GXP Training"},"image":{"@id":"https:\/\/gxp-training.com\/es\/#\/schema\/logo\/image\/"}}]}},"_links":{"self":[{"href":"https:\/\/gxp-training.com\/es\/wp-json\/wp\/v2\/product\/57807","targetHints":{"allow":["GET"]}}],"collection":[{"href":"https:\/\/gxp-training.com\/es\/wp-json\/wp\/v2\/product"}],"about":[{"href":"https:\/\/gxp-training.com\/es\/wp-json\/wp\/v2\/types\/product"}],"wp:featuredmedia":[{"embeddable":true,"href":"https:\/\/gxp-training.com\/es\/wp-json\/wp\/v2\/media\/46927"}],"wp:attachment":[{"href":"https:\/\/gxp-training.com\/es\/wp-json\/wp\/v2\/media?parent=57807"}],"wp:term":[{"taxonomy":"product_brand","embeddable":true,"href":"https:\/\/gxp-training.com\/es\/wp-json\/wp\/v2\/product_brand?post=57807"},{"taxonomy":"product_cat","embeddable":true,"href":"https:\/\/gxp-training.com\/es\/wp-json\/wp\/v2\/product_cat?post=57807"},{"taxonomy":"product_tag","embeddable":true,"href":"https:\/\/gxp-training.com\/es\/wp-json\/wp\/v2\/product_tag?post=57807"}],"curies":[{"name":"wp","href":"https:\/\/api.w.org\/{rel}","templated":true}]}}