{"id":57796,"date":"2024-12-19T10:09:25","date_gmt":"2024-12-19T10:09:25","guid":{"rendered":"https:\/\/gxp-training.com\/online-course\/curso-de-actualizacion-gmp-2025\/"},"modified":"2024-12-19T10:09:25","modified_gmt":"2024-12-19T09:09:25","slug":"curso-de-actualizacion-gmp-2025","status":"publish","type":"product","link":"https:\/\/gxp-training.com\/es\/online-course\/curso-de-actualizacion-gmp-2025\/","title":{"rendered":"Curso de actualizaci\u00f3n GMP 2025"},"content":{"rendered":"<p><span style=\"font-weight: 400;\"> Refuerce sus conocimientos de las Buenas Pr\u00e1cticas de Fabricaci\u00f3n (<a href=\"https:\/\/gxp-training.com\/es\/gxp-courses\/bpf-buenas-practicas-de-fabricacion\/\">GMP<\/a>) con nuestro programa de actualizaci\u00f3n GMP. Dise\u00f1ado para profesionales de farma, biotecnolog\u00eda y ciencias de la vida, este curso garantiza que est\u00e9 al d\u00eda de los principios GMP esenciales, la seguridad y el cumplimiento para destacar en sectores regulados.  <\/span><\/p>\n<p>&nbsp;<\/p>\n<p><b>\u00bfQui\u00e9n deber\u00eda inscribirse?<\/b><\/p>\n<p><span style=\"font-weight: 400;\">Este curso est\u00e1 espec\u00edficamente dise\u00f1ado para profesionales de <a href=\"https:\/\/gxp-training.com\/es\/gxp-courses\/garantia-de-calidad\/\">garant\u00eda de calidad<\/a>, control y fabricaci\u00f3n, as\u00ed como para especialistas regulatorios, <a href=\"https:\/\/gxp-training.com\/es\/online-course\/inspecciones-de-cumplimiento-normativo-y-auditorias-externas\/\">responsables de cumplimiento<\/a> y directivos farmac\u00e9uticos. Aporta conocimientos clave para reforzar la experiencia en GMP, garantizar el cumplimiento y lograr la excelencia operativa en sectores regulados. <\/span><\/p>\n<p>&nbsp;<\/p>\n<p><b>Temas incluidos en el curso:<\/b><\/p>\n<ul>\n<li style=\"font-weight: 400;\"><span style=\"font-weight: 400;\">Refuerzo de los principios de Gesti\u00f3n de la Calidad para el cumplimiento de GMP.<\/span><\/li>\n<li style=\"font-weight: 400;\"><span style=\"font-weight: 400;\">Mejores pr\u00e1cticas de Organizaci\u00f3n, Personal y Formaci\u00f3n.<\/span><\/li>\n<li style=\"font-weight: 400;\"><span style=\"font-weight: 400;\">Aspectos esenciales de la gesti\u00f3n de documentaci\u00f3n y registros.<\/span><\/li>\n<li style=\"font-weight: 400;\"><span style=\"font-weight: 400;\">Operaciones de fabricaci\u00f3n fundamentales y t\u00e9cnicas de control.<\/span><\/li>\n<li style=\"font-weight: 400;\"><span style=\"font-weight: 400;\">Principios de validaci\u00f3n farmac\u00e9utica e integridad de procesos.<\/span><\/li>\n<\/ul>\n<p>&nbsp;<\/p>\n<p><span style=\"font-weight: 400;\">Este curso certificado integra ejemplos reales y evaluaciones para facilitar una experiencia de aprendizaje completa y aplicada. Al finalizar, los participantes recibir\u00e1n un certificado de formaci\u00f3n de actualizaci\u00f3n GMP reconocido a nivel mundial, acreditado con cr\u00e9ditos CPD\/CEU.  <\/span><\/p>\n<p>&nbsp;<\/p>\n<h3><b>Plan de estudios:<\/b><\/h3>\n<p><b>Introducci\u00f3n<\/b><\/p>\n<p><b>Lecci\u00f3n 1: Gesti\u00f3n de la Calidad<\/b><\/p>\n<p><b>Lecci\u00f3n 2: Organizaci\u00f3n y personal en GMP<\/b><\/p>\n<p><b>Lecci\u00f3n 3: Edificios e instalaciones<\/b><\/p>\n<p><b>Lecci\u00f3n 4: Equipos<\/b><\/p>\n<p><b>Lecci\u00f3n 5: Gesti\u00f3n de materiales<\/b><\/p>\n<p><b>Lecci\u00f3n 6: Operaciones de fabricaci\u00f3n y control<\/b><\/p>\n<p><b>Lecci\u00f3n 7: Documentaci\u00f3n y registros<\/b><\/p>\n<p><b>Lecci\u00f3n 8: Validaci\u00f3n farmac\u00e9utica<\/b><\/p>\n<p><b>Lecci\u00f3n 9: Externalizaci\u00f3n<\/b><\/p>\n<p><b>Lecci\u00f3n 10: Actividades posteriores a la operaci\u00f3n<\/b><\/p>\n<p><b>Lecci\u00f3n 11: Seguridad del sitio y de la planta<\/b><\/p>\n<p><b>Lecci\u00f3n 12: Auditor\u00edas farmac\u00e9uticas<\/b><\/p>\n<p><b>Lecci\u00f3n 13: Seguridad y protecci\u00f3n medioambiental<\/b><\/p>\n<p><b>Conclusi\u00f3n<\/b><\/p>\n<p><b>Evaluaci\u00f3n<\/b><\/p>\n","protected":false},"excerpt":{"rendered":"<p>Refuerce sus conocimientos de las Buenas Pr\u00e1cticas de Fabricaci\u00f3n (GMP) con nuestro programa de actualizaci\u00f3n GMP. Dise\u00f1ado para profesionales de farma, biotecnolog\u00eda y ciencias de la vida, este curso garantiza que est\u00e9 al d\u00eda de los principios GMP esenciales, la seguridad y el cumplimiento para destacar en sectores regulados. &nbsp; \u00bfQui\u00e9n deber\u00eda inscribirse? Este curso [&hellip;]<\/p>\n","protected":false},"featured_media":48578,"template":"","meta":{"_acf_changed":false,"content-type":""},"product_brand":[],"product_cat":[276,265,269],"product_tag":[],"class_list":{"0":"post-57796","1":"product","2":"type-product","3":"status-publish","4":"has-post-thumbnail","6":"product_cat-asuntos-regulatorios","7":"product_cat-bpf-buenas-practicas-de-fabricacion","8":"product_cat-productos-farmaceuticos","10":"first","11":"instock","12":"taxable","13":"shipping-taxable","14":"purchasable","15":"product-type-subscription"},"bundled_by":[],"bundle_stock_status":"instock","bundle_stock_quantity":null,"bundle_virtual":false,"bundle_layout":"","bundle_add_to_cart_form_location":"","bundle_editable_in_cart":false,"bundle_sold_individually_context":"","bundle_item_grouping":"","bundle_min_size":"","bundle_max_size":"","bundle_price":[],"bundled_items":[],"bundle_sell_ids":[],"acf":[],"yoast_head":"<!-- This site is optimized with the Yoast SEO plugin v27.5 - https:\/\/yoast.com\/product\/yoast-seo-wordpress\/ -->\n<title>Formaci\u00f3n certificada de actualizaci\u00f3n GMP 2025 para ciencias de la vida<\/title>\n<meta name=\"description\" content=\"Inscr\u00edbase en nuestro curso de actualizaci\u00f3n GMP. Aprenda los principios GMP actualizados, la documentaci\u00f3n, los controles de fabricaci\u00f3n y la validaci\u00f3n. \u00a1Obtenga su certificado ahora!\" \/>\n<meta name=\"robots\" content=\"index, follow, max-snippet:-1, max-image-preview:large, max-video-preview:-1\" \/>\n<link rel=\"canonical\" href=\"https:\/\/gxp-training.com\/es\/online-course\/curso-de-actualizacion-gmp-2025\/\" \/>\n<meta property=\"og:locale\" content=\"es_ES\" \/>\n<meta property=\"og:type\" content=\"article\" \/>\n<meta property=\"og:title\" content=\"Formaci\u00f3n certificada de actualizaci\u00f3n GMP 2025 para ciencias de la vida\" \/>\n<meta property=\"og:description\" content=\"Inscr\u00edbase en nuestro curso de actualizaci\u00f3n GMP. Aprenda los principios GMP actualizados, la documentaci\u00f3n, los controles de fabricaci\u00f3n y la validaci\u00f3n. \u00a1Obtenga su certificado ahora!\" \/>\n<meta property=\"og:url\" content=\"https:\/\/gxp-training.com\/es\/online-course\/curso-de-actualizacion-gmp-2025\/\" \/>\n<meta property=\"og:site_name\" content=\"GxP Training : Certified Online Courses for Life Sciences\" \/>\n<meta property=\"og:image\" content=\"https:\/\/gxp-training.com\/wp-content\/uploads\/2024\/12\/GMP-Course-2025-Refresher-2.png\" \/>\n\t<meta property=\"og:image:width\" content=\"900\" \/>\n\t<meta property=\"og:image:height\" content=\"627\" \/>\n\t<meta property=\"og:image:type\" content=\"image\/png\" \/>\n<meta name=\"twitter:card\" content=\"summary_large_image\" \/>\n<meta name=\"twitter:label1\" content=\"Tiempo de lectura\" \/>\n\t<meta name=\"twitter:data1\" content=\"2 minutos\" \/>\n<script type=\"application\/ld+json\" class=\"yoast-schema-graph\">{\"@context\":\"https:\\\/\\\/schema.org\",\"@graph\":[{\"@type\":\"WebPage\",\"@id\":\"https:\\\/\\\/gxp-training.com\\\/es\\\/online-course\\\/curso-de-actualizacion-gmp-2025\\\/\",\"url\":\"https:\\\/\\\/gxp-training.com\\\/es\\\/online-course\\\/curso-de-actualizacion-gmp-2025\\\/\",\"name\":\"Formaci\u00f3n certificada de actualizaci\u00f3n GMP 2025 para ciencias de la vida\",\"isPartOf\":{\"@id\":\"https:\\\/\\\/gxp-training.com\\\/es\\\/#website\"},\"primaryImageOfPage\":{\"@id\":\"https:\\\/\\\/gxp-training.com\\\/es\\\/online-course\\\/curso-de-actualizacion-gmp-2025\\\/#primaryimage\"},\"image\":{\"@id\":\"https:\\\/\\\/gxp-training.com\\\/es\\\/online-course\\\/curso-de-actualizacion-gmp-2025\\\/#primaryimage\"},\"thumbnailUrl\":\"https:\\\/\\\/gxp-training.com\\\/wp-content\\\/uploads\\\/2024\\\/12\\\/GMP-Course-2025-Refresher-2.png\",\"datePublished\":\"2024-12-19T10:09:25+00:00\",\"description\":\"Inscr\u00edbase en nuestro curso de actualizaci\u00f3n GMP. Aprenda los principios GMP actualizados, la documentaci\u00f3n, los controles de fabricaci\u00f3n y la validaci\u00f3n. \u00a1Obtenga su certificado ahora!\",\"breadcrumb\":{\"@id\":\"https:\\\/\\\/gxp-training.com\\\/es\\\/online-course\\\/curso-de-actualizacion-gmp-2025\\\/#breadcrumb\"},\"inLanguage\":\"es\",\"potentialAction\":[{\"@type\":\"ReadAction\",\"target\":[\"https:\\\/\\\/gxp-training.com\\\/es\\\/online-course\\\/curso-de-actualizacion-gmp-2025\\\/\"]}]},{\"@type\":\"ImageObject\",\"inLanguage\":\"es\",\"@id\":\"https:\\\/\\\/gxp-training.com\\\/es\\\/online-course\\\/curso-de-actualizacion-gmp-2025\\\/#primaryimage\",\"url\":\"https:\\\/\\\/gxp-training.com\\\/wp-content\\\/uploads\\\/2024\\\/12\\\/GMP-Course-2025-Refresher-2.png\",\"contentUrl\":\"https:\\\/\\\/gxp-training.com\\\/wp-content\\\/uploads\\\/2024\\\/12\\\/GMP-Course-2025-Refresher-2.png\",\"width\":900,\"height\":627},{\"@type\":\"BreadcrumbList\",\"@id\":\"https:\\\/\\\/gxp-training.com\\\/es\\\/online-course\\\/curso-de-actualizacion-gmp-2025\\\/#breadcrumb\",\"itemListElement\":[{\"@type\":\"ListItem\",\"position\":1,\"name\":\"Inicio\",\"item\":\"https:\\\/\\\/gxp-training.com\\\/es\\\/pagina-de-inicio\\\/\"},{\"@type\":\"ListItem\",\"position\":2,\"name\":\"Productos\",\"item\":\"https:\\\/\\\/gxp-training.com\\\/es\\\/shop\\\/\"},{\"@type\":\"ListItem\",\"position\":3,\"name\":\"Curso de actualizaci\u00f3n GMP 2025\"}]},{\"@type\":\"WebSite\",\"@id\":\"https:\\\/\\\/gxp-training.com\\\/es\\\/#website\",\"url\":\"https:\\\/\\\/gxp-training.com\\\/es\\\/\",\"name\":\"GxP Training : Certified Online Courses for Life Sciences\",\"description\":\"Online Trainings and Certified Courses in Regulatory Compliance for Pharmaceutical Experts\",\"publisher\":{\"@id\":\"https:\\\/\\\/gxp-training.com\\\/es\\\/#organization\"},\"potentialAction\":[{\"@type\":\"SearchAction\",\"target\":{\"@type\":\"EntryPoint\",\"urlTemplate\":\"https:\\\/\\\/gxp-training.com\\\/es\\\/?s={search_term_string}\"},\"query-input\":{\"@type\":\"PropertyValueSpecification\",\"valueRequired\":true,\"valueName\":\"search_term_string\"}}],\"inLanguage\":\"es\"},{\"@type\":\"Organization\",\"@id\":\"https:\\\/\\\/gxp-training.com\\\/es\\\/#organization\",\"name\":\"GXP Training\",\"url\":\"https:\\\/\\\/gxp-training.com\\\/es\\\/\",\"logo\":{\"@type\":\"ImageObject\",\"inLanguage\":\"es\",\"@id\":\"https:\\\/\\\/gxp-training.com\\\/es\\\/#\\\/schema\\\/logo\\\/image\\\/\",\"url\":\"https:\\\/\\\/gxp-training.com\\\/wp-content\\\/uploads\\\/2022\\\/05\\\/logo-resize.png\",\"contentUrl\":\"https:\\\/\\\/gxp-training.com\\\/wp-content\\\/uploads\\\/2022\\\/05\\\/logo-resize.png\",\"width\":350,\"height\":100,\"caption\":\"GXP Training\"},\"image\":{\"@id\":\"https:\\\/\\\/gxp-training.com\\\/es\\\/#\\\/schema\\\/logo\\\/image\\\/\"}}]}<\/script>\n<!-- \/ Yoast SEO plugin. -->","yoast_head_json":{"title":"Formaci\u00f3n certificada de actualizaci\u00f3n GMP 2025 para ciencias de la vida","description":"Inscr\u00edbase en nuestro curso de actualizaci\u00f3n GMP. Aprenda los principios GMP actualizados, la documentaci\u00f3n, los controles de fabricaci\u00f3n y la validaci\u00f3n. \u00a1Obtenga su certificado ahora!","robots":{"index":"index","follow":"follow","max-snippet":"max-snippet:-1","max-image-preview":"max-image-preview:large","max-video-preview":"max-video-preview:-1"},"canonical":"https:\/\/gxp-training.com\/es\/online-course\/curso-de-actualizacion-gmp-2025\/","og_locale":"es_ES","og_type":"article","og_title":"Formaci\u00f3n certificada de actualizaci\u00f3n GMP 2025 para ciencias de la vida","og_description":"Inscr\u00edbase en nuestro curso de actualizaci\u00f3n GMP. Aprenda los principios GMP actualizados, la documentaci\u00f3n, los controles de fabricaci\u00f3n y la validaci\u00f3n. \u00a1Obtenga su certificado ahora!","og_url":"https:\/\/gxp-training.com\/es\/online-course\/curso-de-actualizacion-gmp-2025\/","og_site_name":"GxP Training : Certified Online Courses for Life Sciences","og_image":[{"width":900,"height":627,"url":"https:\/\/gxp-training.com\/wp-content\/uploads\/2024\/12\/GMP-Course-2025-Refresher-2.png","type":"image\/png"}],"twitter_card":"summary_large_image","twitter_misc":{"Tiempo de lectura":"2 minutos"},"schema":{"@context":"https:\/\/schema.org","@graph":[{"@type":"WebPage","@id":"https:\/\/gxp-training.com\/es\/online-course\/curso-de-actualizacion-gmp-2025\/","url":"https:\/\/gxp-training.com\/es\/online-course\/curso-de-actualizacion-gmp-2025\/","name":"Formaci\u00f3n certificada de actualizaci\u00f3n GMP 2025 para ciencias de la vida","isPartOf":{"@id":"https:\/\/gxp-training.com\/es\/#website"},"primaryImageOfPage":{"@id":"https:\/\/gxp-training.com\/es\/online-course\/curso-de-actualizacion-gmp-2025\/#primaryimage"},"image":{"@id":"https:\/\/gxp-training.com\/es\/online-course\/curso-de-actualizacion-gmp-2025\/#primaryimage"},"thumbnailUrl":"https:\/\/gxp-training.com\/wp-content\/uploads\/2024\/12\/GMP-Course-2025-Refresher-2.png","datePublished":"2024-12-19T10:09:25+00:00","description":"Inscr\u00edbase en nuestro curso de actualizaci\u00f3n GMP. Aprenda los principios GMP actualizados, la documentaci\u00f3n, los controles de fabricaci\u00f3n y la validaci\u00f3n. \u00a1Obtenga su certificado ahora!","breadcrumb":{"@id":"https:\/\/gxp-training.com\/es\/online-course\/curso-de-actualizacion-gmp-2025\/#breadcrumb"},"inLanguage":"es","potentialAction":[{"@type":"ReadAction","target":["https:\/\/gxp-training.com\/es\/online-course\/curso-de-actualizacion-gmp-2025\/"]}]},{"@type":"ImageObject","inLanguage":"es","@id":"https:\/\/gxp-training.com\/es\/online-course\/curso-de-actualizacion-gmp-2025\/#primaryimage","url":"https:\/\/gxp-training.com\/wp-content\/uploads\/2024\/12\/GMP-Course-2025-Refresher-2.png","contentUrl":"https:\/\/gxp-training.com\/wp-content\/uploads\/2024\/12\/GMP-Course-2025-Refresher-2.png","width":900,"height":627},{"@type":"BreadcrumbList","@id":"https:\/\/gxp-training.com\/es\/online-course\/curso-de-actualizacion-gmp-2025\/#breadcrumb","itemListElement":[{"@type":"ListItem","position":1,"name":"Inicio","item":"https:\/\/gxp-training.com\/es\/pagina-de-inicio\/"},{"@type":"ListItem","position":2,"name":"Productos","item":"https:\/\/gxp-training.com\/es\/shop\/"},{"@type":"ListItem","position":3,"name":"Curso de actualizaci\u00f3n GMP 2025"}]},{"@type":"WebSite","@id":"https:\/\/gxp-training.com\/es\/#website","url":"https:\/\/gxp-training.com\/es\/","name":"GxP Training : Certified Online Courses for Life Sciences","description":"Online Trainings and Certified Courses in Regulatory Compliance for Pharmaceutical Experts","publisher":{"@id":"https:\/\/gxp-training.com\/es\/#organization"},"potentialAction":[{"@type":"SearchAction","target":{"@type":"EntryPoint","urlTemplate":"https:\/\/gxp-training.com\/es\/?s={search_term_string}"},"query-input":{"@type":"PropertyValueSpecification","valueRequired":true,"valueName":"search_term_string"}}],"inLanguage":"es"},{"@type":"Organization","@id":"https:\/\/gxp-training.com\/es\/#organization","name":"GXP Training","url":"https:\/\/gxp-training.com\/es\/","logo":{"@type":"ImageObject","inLanguage":"es","@id":"https:\/\/gxp-training.com\/es\/#\/schema\/logo\/image\/","url":"https:\/\/gxp-training.com\/wp-content\/uploads\/2022\/05\/logo-resize.png","contentUrl":"https:\/\/gxp-training.com\/wp-content\/uploads\/2022\/05\/logo-resize.png","width":350,"height":100,"caption":"GXP Training"},"image":{"@id":"https:\/\/gxp-training.com\/es\/#\/schema\/logo\/image\/"}}]}},"_links":{"self":[{"href":"https:\/\/gxp-training.com\/es\/wp-json\/wp\/v2\/product\/57796","targetHints":{"allow":["GET"]}}],"collection":[{"href":"https:\/\/gxp-training.com\/es\/wp-json\/wp\/v2\/product"}],"about":[{"href":"https:\/\/gxp-training.com\/es\/wp-json\/wp\/v2\/types\/product"}],"wp:featuredmedia":[{"embeddable":true,"href":"https:\/\/gxp-training.com\/es\/wp-json\/wp\/v2\/media\/48578"}],"wp:attachment":[{"href":"https:\/\/gxp-training.com\/es\/wp-json\/wp\/v2\/media?parent=57796"}],"wp:term":[{"taxonomy":"product_brand","embeddable":true,"href":"https:\/\/gxp-training.com\/es\/wp-json\/wp\/v2\/product_brand?post=57796"},{"taxonomy":"product_cat","embeddable":true,"href":"https:\/\/gxp-training.com\/es\/wp-json\/wp\/v2\/product_cat?post=57796"},{"taxonomy":"product_tag","embeddable":true,"href":"https:\/\/gxp-training.com\/es\/wp-json\/wp\/v2\/product_tag?post=57796"}],"curies":[{"name":"wp","href":"https:\/\/api.w.org\/{rel}","templated":true}]}}