{"id":57782,"date":"2024-09-23T10:26:01","date_gmt":"2024-09-23T09:26:01","guid":{"rendered":"https:\/\/gxp-training.com\/online-course\/21-cfr-parte-58-bpl-para-laboratorios-no-clinicos\/"},"modified":"2024-09-23T10:26:01","modified_gmt":"2024-09-23T08:26:01","slug":"21-cfr-parte-58-bpl-para-laboratorios-no-clinicos","status":"publish","type":"product","link":"https:\/\/gxp-training.com\/es\/online-course\/21-cfr-parte-58-bpl-para-laboratorios-no-clinicos\/","title":{"rendered":"21 CFR Parte 58: BPL para laboratorios no cl\u00ednicos"},"content":{"rendered":"<p>Para los laboratorios no cl\u00ednicos que operan en la investigaci\u00f3n farmac\u00e9utica, biotecnol\u00f3gica o biom\u00e9dica, el cumplimiento de la <a href=\"https:\/\/www.fda.gov\/inspections-compliance-enforcement-and-criminal-investigations\/inspection-references\/nonclinical-laboratories-inspected-under-good-laboratory-practices\">21 CFR Parte 58<\/a> es la base regulatoria. Este curso ofrece una introducci\u00f3n exhaustiva a los requisitos de las <a href=\"https:\/\/gxp-training.com\/es\/gxp-courses\/glp-buenas-practicas-de-laboratorio\/\">Buenas Pr\u00e1cticas de Laboratorio<\/a> (BPL) definidos en dicha normativa, abarcando las funciones del personal, los est\u00e1ndares de las instalaciones, el manejo de art\u00edculos de prueba y las obligaciones de registro. <\/p>\n<p><strong>\u00bfQu\u00e9 aprender\u00e1?<\/strong><\/p>\n<ul>\n<li>Historia y trascendencia de las BPL en laboratorios no cl\u00ednicos<\/li>\n<li>Exploraci\u00f3n detallada de las regulaciones BPL de la 21 CFR Parte 58<\/li>\n<li>Comprensi\u00f3n de la organizaci\u00f3n y las funciones del personal en el cumplimiento de las BPL<\/li>\n<li>Perspectivas sobre las instalaciones, el equipo y las operaciones en laboratorios no cl\u00ednicos<\/li>\n<li>Examen exhaustivo de los art\u00edculos de prueba y de control y su manipulaci\u00f3n<\/li>\n<li>Directrices para el mantenimiento de registros, informes y gesti\u00f3n de la descalificaci\u00f3n de centros de ensayo<\/li>\n<\/ul>\n<p><strong>\u00bfA qui\u00e9n va dirigido?<\/strong><br \/>\nEste <a href=\"https:\/\/gxp-training.com\/es\/cursos-gxp-2\/\">curso<\/a> es ideal para profesionales involucrados en estudios de laboratorio no cl\u00ednicos, incluidos t\u00e9cnicos de laboratorio y personal de garant\u00eda de calidad. Tambi\u00e9n es beneficioso para quienes trabajan en los sectores farmac\u00e9utico, biotecnol\u00f3gico y de <a href=\"https:\/\/gxp-training.com\/es\/online-course\/bpf-para-productos-sanitarios-y-fda-21-cfr-parte-820\/\">dispositivos m\u00e9dicos<\/a> que busquen asegurar que sus operaciones cumplen los est\u00e1ndares BPL. <\/p>\n<p>Tras completar el curso con \u00e9xito, los participantes recibir\u00e1n un <strong>certificado de formaci\u00f3n GXP reconocido internacionalmente, acreditado con cr\u00e9ditos CPD\/CEU<\/strong><\/p>\n<h3><strong>Plan de estudios<\/strong><\/h3>\n<p><b>Introducci\u00f3n<\/b><br \/>\n<b>Lecci\u00f3n 1: Por qu\u00e9 son importantes las BPL en los laboratorios no cl\u00ednicos<\/b><br \/>\n<b>Lecci\u00f3n 2: Descripci\u00f3n general de la regulaci\u00f3n BPL (21 CFR Parte 58)<\/b><br \/>\n<b>Lecci\u00f3n 3: Disposiciones generales, organizaci\u00f3n y personal<\/b><br \/>\n<b>Lecci\u00f3n 4: Instalaciones<\/b><br \/>\n<b>Lecci\u00f3n 5: Equipos y funcionamiento de las instalaciones de ensayo<\/b><br \/>\n<b>Lecci\u00f3n 6: Art\u00edculos de prueba y de control<\/b><br \/>\n<b>Lecci\u00f3n 7: Protocolo y realizaci\u00f3n de un estudio de laboratorio no cl\u00ednico<\/b><br \/>\n<b>Lecci\u00f3n 8: Registros e informes<\/b><br \/>\n<b>Lecci\u00f3n 9: Descalificaci\u00f3n e instalaciones de ensayo<\/b><br \/>\n<b>Conclusi\u00f3n<\/b><br \/>\n<b>Evaluaci\u00f3n final<\/b><\/p>\n","protected":false},"excerpt":{"rendered":"<p>Para los laboratorios no cl\u00ednicos que operan en la investigaci\u00f3n farmac\u00e9utica, biotecnol\u00f3gica o biom\u00e9dica, el cumplimiento de la 21 CFR Parte 58 es la base regulatoria. Este curso ofrece una introducci\u00f3n exhaustiva a los requisitos de las Buenas Pr\u00e1cticas de Laboratorio (BPL) definidos en dicha normativa, abarcando las funciones del personal, los est\u00e1ndares de las [&hellip;]<\/p>\n","protected":false},"featured_media":47611,"template":"","meta":{"_acf_changed":false,"content-type":""},"product_brand":[],"product_cat":[271,278,272,270,269,266],"product_tag":[],"class_list":{"0":"post-57782","1":"product","2":"type-product","3":"status-publish","4":"has-post-thumbnail","6":"product_cat-garantia-de-calidad","7":"product_cat-glp-buenas-practicas-de-laboratorio","8":"product_cat-laboratorios","9":"product_cat-organizacion-de-investigacion-por-contrato-cro","10":"product_cat-productos-farmaceuticos","11":"product_cat-productos-sanitarios","13":"first","14":"instock","15":"taxable","16":"shipping-taxable","17":"purchasable","18":"product-type-subscription"},"bundled_by":[],"bundle_stock_status":"instock","bundle_stock_quantity":null,"bundle_virtual":false,"bundle_layout":"","bundle_add_to_cart_form_location":"","bundle_editable_in_cart":false,"bundle_sold_individually_context":"","bundle_item_grouping":"","bundle_min_size":"","bundle_max_size":"","bundle_price":[],"bundled_items":[],"bundle_sell_ids":[],"acf":[],"yoast_head":"<!-- This site is optimized with the Yoast SEO plugin v27.5 - https:\/\/yoast.com\/product\/yoast-seo-wordpress\/ -->\n<title>21 CFR Parte 58: BPL para laboratorios no cl\u00ednicos - Formaci\u00f3n certificada<\/title>\n<meta name=\"description\" content=\"Domine las Buenas Pr\u00e1cticas de Laboratorio (BPL) con este curso certificado sobre la 21 CFR Parte 58. Ideal para profesionales de laboratorio, garant\u00eda de calidad y regulaci\u00f3n. Cr\u00e9ditos CPD y CEU.\" \/>\n<meta name=\"robots\" content=\"index, follow, max-snippet:-1, max-image-preview:large, max-video-preview:-1\" \/>\n<link rel=\"canonical\" href=\"https:\/\/gxp-training.com\/es\/online-course\/21-cfr-parte-58-bpl-para-laboratorios-no-clinicos\/\" \/>\n<meta property=\"og:locale\" content=\"es_ES\" \/>\n<meta property=\"og:type\" content=\"article\" \/>\n<meta property=\"og:title\" content=\"21 CFR Parte 58: BPL para laboratorios no cl\u00ednicos - Formaci\u00f3n certificada\" \/>\n<meta property=\"og:description\" content=\"Domine las Buenas Pr\u00e1cticas de Laboratorio (BPL) con este curso certificado sobre la 21 CFR Parte 58. Ideal para profesionales de laboratorio, garant\u00eda de calidad y regulaci\u00f3n. Cr\u00e9ditos CPD y CEU.\" \/>\n<meta property=\"og:url\" content=\"https:\/\/gxp-training.com\/es\/online-course\/21-cfr-parte-58-bpl-para-laboratorios-no-clinicos\/\" \/>\n<meta property=\"og:site_name\" content=\"GxP Training : Certified Online Courses for Life Sciences\" \/>\n<meta property=\"og:image\" content=\"https:\/\/gxp-training.com\/wp-content\/uploads\/2024\/09\/21-CFR-Part-58-GLP-for-Nonclinical-Laboratories-1.png\" \/>\n\t<meta property=\"og:image:width\" content=\"900\" \/>\n\t<meta property=\"og:image:height\" content=\"627\" \/>\n\t<meta property=\"og:image:type\" content=\"image\/png\" \/>\n<meta name=\"twitter:card\" content=\"summary_large_image\" \/>\n<meta name=\"twitter:label1\" content=\"Tiempo de lectura\" \/>\n\t<meta name=\"twitter:data1\" content=\"2 minutos\" \/>\n<script type=\"application\/ld+json\" class=\"yoast-schema-graph\">{\"@context\":\"https:\\\/\\\/schema.org\",\"@graph\":[{\"@type\":\"WebPage\",\"@id\":\"https:\\\/\\\/gxp-training.com\\\/es\\\/online-course\\\/21-cfr-parte-58-bpl-para-laboratorios-no-clinicos\\\/\",\"url\":\"https:\\\/\\\/gxp-training.com\\\/es\\\/online-course\\\/21-cfr-parte-58-bpl-para-laboratorios-no-clinicos\\\/\",\"name\":\"21 CFR Parte 58: BPL para laboratorios no cl\u00ednicos - Formaci\u00f3n certificada\",\"isPartOf\":{\"@id\":\"https:\\\/\\\/gxp-training.com\\\/es\\\/#website\"},\"primaryImageOfPage\":{\"@id\":\"https:\\\/\\\/gxp-training.com\\\/es\\\/online-course\\\/21-cfr-parte-58-bpl-para-laboratorios-no-clinicos\\\/#primaryimage\"},\"image\":{\"@id\":\"https:\\\/\\\/gxp-training.com\\\/es\\\/online-course\\\/21-cfr-parte-58-bpl-para-laboratorios-no-clinicos\\\/#primaryimage\"},\"thumbnailUrl\":\"https:\\\/\\\/gxp-training.com\\\/wp-content\\\/uploads\\\/2024\\\/09\\\/21-CFR-Part-58-GLP-for-Nonclinical-Laboratories-1.png\",\"datePublished\":\"2024-09-23T09:26:01+00:00\",\"description\":\"Domine las Buenas Pr\u00e1cticas de Laboratorio (BPL) con este curso certificado sobre la 21 CFR Parte 58. Ideal para profesionales de laboratorio, garant\u00eda de calidad y regulaci\u00f3n. Cr\u00e9ditos CPD y CEU.\",\"breadcrumb\":{\"@id\":\"https:\\\/\\\/gxp-training.com\\\/es\\\/online-course\\\/21-cfr-parte-58-bpl-para-laboratorios-no-clinicos\\\/#breadcrumb\"},\"inLanguage\":\"es\",\"potentialAction\":[{\"@type\":\"ReadAction\",\"target\":[\"https:\\\/\\\/gxp-training.com\\\/es\\\/online-course\\\/21-cfr-parte-58-bpl-para-laboratorios-no-clinicos\\\/\"]}]},{\"@type\":\"ImageObject\",\"inLanguage\":\"es\",\"@id\":\"https:\\\/\\\/gxp-training.com\\\/es\\\/online-course\\\/21-cfr-parte-58-bpl-para-laboratorios-no-clinicos\\\/#primaryimage\",\"url\":\"https:\\\/\\\/gxp-training.com\\\/wp-content\\\/uploads\\\/2024\\\/09\\\/21-CFR-Part-58-GLP-for-Nonclinical-Laboratories-1.png\",\"contentUrl\":\"https:\\\/\\\/gxp-training.com\\\/wp-content\\\/uploads\\\/2024\\\/09\\\/21-CFR-Part-58-GLP-for-Nonclinical-Laboratories-1.png\",\"width\":900,\"height\":627},{\"@type\":\"BreadcrumbList\",\"@id\":\"https:\\\/\\\/gxp-training.com\\\/es\\\/online-course\\\/21-cfr-parte-58-bpl-para-laboratorios-no-clinicos\\\/#breadcrumb\",\"itemListElement\":[{\"@type\":\"ListItem\",\"position\":1,\"name\":\"Inicio\",\"item\":\"https:\\\/\\\/gxp-training.com\\\/es\\\/pagina-de-inicio\\\/\"},{\"@type\":\"ListItem\",\"position\":2,\"name\":\"Productos\",\"item\":\"https:\\\/\\\/gxp-training.com\\\/es\\\/shop\\\/\"},{\"@type\":\"ListItem\",\"position\":3,\"name\":\"21 CFR Parte 58: BPL para laboratorios no cl\u00ednicos\"}]},{\"@type\":\"WebSite\",\"@id\":\"https:\\\/\\\/gxp-training.com\\\/es\\\/#website\",\"url\":\"https:\\\/\\\/gxp-training.com\\\/es\\\/\",\"name\":\"GxP Training : Certified Online Courses for Life Sciences\",\"description\":\"Online Trainings and Certified Courses in Regulatory Compliance for Pharmaceutical Experts\",\"publisher\":{\"@id\":\"https:\\\/\\\/gxp-training.com\\\/es\\\/#organization\"},\"potentialAction\":[{\"@type\":\"SearchAction\",\"target\":{\"@type\":\"EntryPoint\",\"urlTemplate\":\"https:\\\/\\\/gxp-training.com\\\/es\\\/?s={search_term_string}\"},\"query-input\":{\"@type\":\"PropertyValueSpecification\",\"valueRequired\":true,\"valueName\":\"search_term_string\"}}],\"inLanguage\":\"es\"},{\"@type\":\"Organization\",\"@id\":\"https:\\\/\\\/gxp-training.com\\\/es\\\/#organization\",\"name\":\"GXP Training\",\"url\":\"https:\\\/\\\/gxp-training.com\\\/es\\\/\",\"logo\":{\"@type\":\"ImageObject\",\"inLanguage\":\"es\",\"@id\":\"https:\\\/\\\/gxp-training.com\\\/es\\\/#\\\/schema\\\/logo\\\/image\\\/\",\"url\":\"https:\\\/\\\/gxp-training.com\\\/wp-content\\\/uploads\\\/2022\\\/05\\\/logo-resize.png\",\"contentUrl\":\"https:\\\/\\\/gxp-training.com\\\/wp-content\\\/uploads\\\/2022\\\/05\\\/logo-resize.png\",\"width\":350,\"height\":100,\"caption\":\"GXP Training\"},\"image\":{\"@id\":\"https:\\\/\\\/gxp-training.com\\\/es\\\/#\\\/schema\\\/logo\\\/image\\\/\"}}]}<\/script>\n<!-- \/ Yoast SEO plugin. -->","yoast_head_json":{"title":"21 CFR Parte 58: BPL para laboratorios no cl\u00ednicos - Formaci\u00f3n certificada","description":"Domine las Buenas Pr\u00e1cticas de Laboratorio (BPL) con este curso certificado sobre la 21 CFR Parte 58. Ideal para profesionales de laboratorio, garant\u00eda de calidad y regulaci\u00f3n. Cr\u00e9ditos CPD y CEU.","robots":{"index":"index","follow":"follow","max-snippet":"max-snippet:-1","max-image-preview":"max-image-preview:large","max-video-preview":"max-video-preview:-1"},"canonical":"https:\/\/gxp-training.com\/es\/online-course\/21-cfr-parte-58-bpl-para-laboratorios-no-clinicos\/","og_locale":"es_ES","og_type":"article","og_title":"21 CFR Parte 58: BPL para laboratorios no cl\u00ednicos - Formaci\u00f3n certificada","og_description":"Domine las Buenas Pr\u00e1cticas de Laboratorio (BPL) con este curso certificado sobre la 21 CFR Parte 58. Ideal para profesionales de laboratorio, garant\u00eda de calidad y regulaci\u00f3n. Cr\u00e9ditos CPD y CEU.","og_url":"https:\/\/gxp-training.com\/es\/online-course\/21-cfr-parte-58-bpl-para-laboratorios-no-clinicos\/","og_site_name":"GxP Training : Certified Online Courses for Life Sciences","og_image":[{"width":900,"height":627,"url":"https:\/\/gxp-training.com\/wp-content\/uploads\/2024\/09\/21-CFR-Part-58-GLP-for-Nonclinical-Laboratories-1.png","type":"image\/png"}],"twitter_card":"summary_large_image","twitter_misc":{"Tiempo de lectura":"2 minutos"},"schema":{"@context":"https:\/\/schema.org","@graph":[{"@type":"WebPage","@id":"https:\/\/gxp-training.com\/es\/online-course\/21-cfr-parte-58-bpl-para-laboratorios-no-clinicos\/","url":"https:\/\/gxp-training.com\/es\/online-course\/21-cfr-parte-58-bpl-para-laboratorios-no-clinicos\/","name":"21 CFR Parte 58: BPL para laboratorios no cl\u00ednicos - Formaci\u00f3n certificada","isPartOf":{"@id":"https:\/\/gxp-training.com\/es\/#website"},"primaryImageOfPage":{"@id":"https:\/\/gxp-training.com\/es\/online-course\/21-cfr-parte-58-bpl-para-laboratorios-no-clinicos\/#primaryimage"},"image":{"@id":"https:\/\/gxp-training.com\/es\/online-course\/21-cfr-parte-58-bpl-para-laboratorios-no-clinicos\/#primaryimage"},"thumbnailUrl":"https:\/\/gxp-training.com\/wp-content\/uploads\/2024\/09\/21-CFR-Part-58-GLP-for-Nonclinical-Laboratories-1.png","datePublished":"2024-09-23T09:26:01+00:00","description":"Domine las Buenas Pr\u00e1cticas de Laboratorio (BPL) con este curso certificado sobre la 21 CFR Parte 58. Ideal para profesionales de laboratorio, garant\u00eda de calidad y regulaci\u00f3n. Cr\u00e9ditos CPD y CEU.","breadcrumb":{"@id":"https:\/\/gxp-training.com\/es\/online-course\/21-cfr-parte-58-bpl-para-laboratorios-no-clinicos\/#breadcrumb"},"inLanguage":"es","potentialAction":[{"@type":"ReadAction","target":["https:\/\/gxp-training.com\/es\/online-course\/21-cfr-parte-58-bpl-para-laboratorios-no-clinicos\/"]}]},{"@type":"ImageObject","inLanguage":"es","@id":"https:\/\/gxp-training.com\/es\/online-course\/21-cfr-parte-58-bpl-para-laboratorios-no-clinicos\/#primaryimage","url":"https:\/\/gxp-training.com\/wp-content\/uploads\/2024\/09\/21-CFR-Part-58-GLP-for-Nonclinical-Laboratories-1.png","contentUrl":"https:\/\/gxp-training.com\/wp-content\/uploads\/2024\/09\/21-CFR-Part-58-GLP-for-Nonclinical-Laboratories-1.png","width":900,"height":627},{"@type":"BreadcrumbList","@id":"https:\/\/gxp-training.com\/es\/online-course\/21-cfr-parte-58-bpl-para-laboratorios-no-clinicos\/#breadcrumb","itemListElement":[{"@type":"ListItem","position":1,"name":"Inicio","item":"https:\/\/gxp-training.com\/es\/pagina-de-inicio\/"},{"@type":"ListItem","position":2,"name":"Productos","item":"https:\/\/gxp-training.com\/es\/shop\/"},{"@type":"ListItem","position":3,"name":"21 CFR Parte 58: BPL para laboratorios no cl\u00ednicos"}]},{"@type":"WebSite","@id":"https:\/\/gxp-training.com\/es\/#website","url":"https:\/\/gxp-training.com\/es\/","name":"GxP Training : Certified Online Courses for Life Sciences","description":"Online Trainings and Certified Courses in Regulatory Compliance for Pharmaceutical Experts","publisher":{"@id":"https:\/\/gxp-training.com\/es\/#organization"},"potentialAction":[{"@type":"SearchAction","target":{"@type":"EntryPoint","urlTemplate":"https:\/\/gxp-training.com\/es\/?s={search_term_string}"},"query-input":{"@type":"PropertyValueSpecification","valueRequired":true,"valueName":"search_term_string"}}],"inLanguage":"es"},{"@type":"Organization","@id":"https:\/\/gxp-training.com\/es\/#organization","name":"GXP Training","url":"https:\/\/gxp-training.com\/es\/","logo":{"@type":"ImageObject","inLanguage":"es","@id":"https:\/\/gxp-training.com\/es\/#\/schema\/logo\/image\/","url":"https:\/\/gxp-training.com\/wp-content\/uploads\/2022\/05\/logo-resize.png","contentUrl":"https:\/\/gxp-training.com\/wp-content\/uploads\/2022\/05\/logo-resize.png","width":350,"height":100,"caption":"GXP Training"},"image":{"@id":"https:\/\/gxp-training.com\/es\/#\/schema\/logo\/image\/"}}]}},"_links":{"self":[{"href":"https:\/\/gxp-training.com\/es\/wp-json\/wp\/v2\/product\/57782","targetHints":{"allow":["GET"]}}],"collection":[{"href":"https:\/\/gxp-training.com\/es\/wp-json\/wp\/v2\/product"}],"about":[{"href":"https:\/\/gxp-training.com\/es\/wp-json\/wp\/v2\/types\/product"}],"wp:featuredmedia":[{"embeddable":true,"href":"https:\/\/gxp-training.com\/es\/wp-json\/wp\/v2\/media\/47611"}],"wp:attachment":[{"href":"https:\/\/gxp-training.com\/es\/wp-json\/wp\/v2\/media?parent=57782"}],"wp:term":[{"taxonomy":"product_brand","embeddable":true,"href":"https:\/\/gxp-training.com\/es\/wp-json\/wp\/v2\/product_brand?post=57782"},{"taxonomy":"product_cat","embeddable":true,"href":"https:\/\/gxp-training.com\/es\/wp-json\/wp\/v2\/product_cat?post=57782"},{"taxonomy":"product_tag","embeddable":true,"href":"https:\/\/gxp-training.com\/es\/wp-json\/wp\/v2\/product_tag?post=57782"}],"curies":[{"name":"wp","href":"https:\/\/api.w.org\/{rel}","templated":true}]}}