{"id":57774,"date":"2024-12-20T14:25:29","date_gmt":"2024-12-20T14:25:29","guid":{"rendered":"https:\/\/gxp-training.com\/online-course\/formacion-certificada-osha-en-seguridad-en-laboratorios\/"},"modified":"2024-12-20T14:25:29","modified_gmt":"2024-12-20T13:25:29","slug":"formacion-certificada-osha-en-seguridad-en-laboratorios","status":"publish","type":"product","link":"https:\/\/gxp-training.com\/es\/online-course\/formacion-certificada-osha-en-seguridad-en-laboratorios\/","title":{"rendered":"Formaci\u00f3n Certificada OSHA en Seguridad en Laboratorios"},"content":{"rendered":"<p>Comprender e identificar los riesgos comunes en el laboratorio es la base de un entorno de <a href=\"https:\/\/gxp-training.com\/online-course\/gxp1616-introduction-to-good-laboratory-practice-glp\/\">laboratorio<\/a> seguro y productivo. Nuestro curso certificado est\u00e1 dise\u00f1ado para equiparle con los conocimientos y habilidades necesarios para prevenir accidentes y lesiones, centr\u00e1ndose en pr\u00e1cticas esenciales de seguridad en el laboratorio y el cumplimiento de las normativas de la OSHA. <\/p>\n<p>A trav\u00e9s de esta formaci\u00f3n, aprender\u00e1 a reconocer y mitigar riesgos, evitar exposiciones qu\u00edmicas y abordar eficazmente otros posibles riesgos en el laboratorio. Tanto si es nuevo en el laboratorio como un profesional experimentado, este curso le proporciona informaci\u00f3n pr\u00e1ctica para ayudarle a mantener un lugar de trabajo seguro y cumplir con los est\u00e1ndares regulatorios. <\/p>\n<p>&nbsp;<\/p>\n<p><b>\u00bfQui\u00e9n deber\u00eda inscribirse?<\/b><\/p>\n<p><span style=\"font-weight: 400;\">Este curso est\u00e1 dise\u00f1ado para personal de laboratorio, responsables de seguridad, especialistas en <a href=\"https:\/\/gxp-training.com\/es\/gxp-courses\/garantia-de-calidad\/\">garant\u00eda de calidad<\/a> y gerentes encargados de mantener los est\u00e1ndares de seguridad en entornos de laboratorio. Tanto si es nuevo en las normativas de la OSHA como si busca profundizar sus conocimientos, este programa le proporciona informaci\u00f3n esencial y conocimientos pr\u00e1cticos para ayudarle a fomentar un lugar de trabajo m\u00e1s seguro y conforme a la normativa. <\/span><\/p>\n<p>&nbsp;<\/p>\n<p><b>Temas del curso<\/b><\/p>\n<ul>\n<li style=\"font-weight: 400;\">Seguridad en Laboratorios OSHA: Lo esencial<\/li>\n<li style=\"font-weight: 400;\">Identificaci\u00f3n y Comunicaci\u00f3n de Riesgos en el Lugar de Trabajo<\/li>\n<li style=\"font-weight: 400;\">Gesti\u00f3n de Riesgos Qu\u00edmicos y Biol\u00f3gicos en el Laboratorio<\/li>\n<li style=\"font-weight: 400;\">Comprensi\u00f3n de la Jerarqu\u00eda de Controles<\/li>\n<li style=\"font-weight: 400;\">Manejo Seguro de Equipos de Laboratorio<\/li>\n<li>Pat\u00f3genos Transmitidos por la Sangre: Riesgos y Precauciones<\/li>\n<li>Estrategias de Prevenci\u00f3n de Incendios para Laboratorios<\/li>\n<li>Desarrollo e Implementaci\u00f3n de un Plan de Higiene Qu\u00edmica (CHP)<\/li>\n<\/ul>\n<p>&nbsp;<\/p>\n<p><span style=\"font-weight: 400;\">Este curso certificado integra ejemplos de la vida real y evaluaciones para facilitar una experiencia de aprendizaje integral y aplicada. Al finalizar, los participantes recibir\u00e1n un certificado de formaci\u00f3n OSHA reconocido globalmente, acreditado con cr\u00e9ditos CPD\/CEU.  <\/span><\/p>\n<p>&nbsp;<\/p>\n<h3><b>Plan de estudios:<\/b><\/h3>\n<p><b>V\u00eddeo Introductorio<\/b><\/p>\n<p><b>Lecci\u00f3n 1: Introducci\u00f3n a la Seguridad en Laboratorios OSHA<\/b><\/p>\n<p><b>Lecci\u00f3n 2: Est\u00e1ndares OSHA relacionados con el Laboratorio<\/b><\/p>\n<p><b>Lecci\u00f3n 3: Comunicaci\u00f3n de Riesgos<\/b><\/p>\n<p><b>Lecci\u00f3n 4: La Jerarqu\u00eda de Controles<\/b><\/p>\n<p><b>Lecci\u00f3n 5: Riesgos Qu\u00edmicos y Biol\u00f3gicos Comunes en Laboratorios<\/b><\/p>\n<p><b>Lecci\u00f3n 6: Pat\u00f3genos Transmitidos por la Sangre<\/b><\/p>\n<p><b>Lecci\u00f3n 7: Seguridad en Laboratorios con Animales<\/b><\/p>\n<p><b>Lecci\u00f3n 8: Riesgos F\u00edsicos en Laboratorios<\/b><\/p>\n<p><b>Lecci\u00f3n 9: Procedimientos Seguros con Equipos de Laboratorio<\/b><\/p>\n<p><b>Lecci\u00f3n 10: Plan de Higiene Qu\u00edmica (CHP) y Funciones del Responsable de Higiene Qu\u00edmica (CHO)<\/b><\/p>\n<p><b>Lecci\u00f3n 11: Prevenci\u00f3n de Incendios en Laboratorios<\/b><\/p>\n<p><b>Conclusi\u00f3n<\/b><\/p>\n<p><b>Evaluaci\u00f3n<\/b><\/p>\n","protected":false},"excerpt":{"rendered":"<p>Comprender e identificar los riesgos comunes en el laboratorio es la base de un entorno de laboratorio seguro y productivo. Nuestro curso certificado est\u00e1 dise\u00f1ado para equiparle con los conocimientos y habilidades necesarios para prevenir accidentes y lesiones, centr\u00e1ndose en pr\u00e1cticas esenciales de seguridad en el laboratorio y el cumplimiento de las normativas de la [&hellip;]<\/p>\n","protected":false},"featured_media":48601,"template":"","meta":{"_acf_changed":false,"content-type":""},"product_brand":[],"product_cat":[278,279,272,270],"product_tag":[],"class_list":{"0":"post-57774","1":"product","2":"type-product","3":"status-publish","4":"has-post-thumbnail","6":"product_cat-glp-buenas-practicas-de-laboratorio","7":"product_cat-hospitales-e-instituciones-sanitarias","8":"product_cat-laboratorios","9":"product_cat-organizacion-de-investigacion-por-contrato-cro","11":"first","12":"instock","13":"taxable","14":"shipping-taxable","15":"purchasable","16":"product-type-simple"},"bundled_by":[],"bundle_stock_status":"instock","bundle_stock_quantity":null,"bundle_virtual":false,"bundle_layout":"","bundle_add_to_cart_form_location":"","bundle_editable_in_cart":false,"bundle_sold_individually_context":"","bundle_item_grouping":"","bundle_min_size":"","bundle_max_size":"","bundle_price":[],"bundled_items":[],"bundle_sell_ids":[],"acf":[],"yoast_head":"<!-- This site is optimized with the Yoast SEO plugin v27.5 - https:\/\/yoast.com\/product\/yoast-seo-wordpress\/ -->\n<title>Formaci\u00f3n en l\u00ednea OSHA en Seguridad en Laboratorios con Certificaci\u00f3n Reconocida<\/title>\n<meta name=\"description\" content=\"\u00a1Obtenga su Certificaci\u00f3n OSHA en Seguridad en Laboratorios en l\u00ednea! Domine los est\u00e1ndares de la OSHA, la prevenci\u00f3n de riesgos y los protocolos de seguridad en este curso de formaci\u00f3n dirigido por expertos.\" \/>\n<meta name=\"robots\" content=\"index, follow, max-snippet:-1, max-image-preview:large, max-video-preview:-1\" \/>\n<link rel=\"canonical\" href=\"https:\/\/gxp-training.com\/es\/online-course\/formacion-certificada-osha-en-seguridad-en-laboratorios\/\" \/>\n<meta property=\"og:locale\" content=\"es_ES\" \/>\n<meta property=\"og:type\" content=\"article\" \/>\n<meta property=\"og:title\" content=\"Formaci\u00f3n en l\u00ednea OSHA en Seguridad en Laboratorios con Certificaci\u00f3n Reconocida\" \/>\n<meta property=\"og:description\" content=\"\u00a1Obtenga su Certificaci\u00f3n OSHA en Seguridad en Laboratorios en l\u00ednea! Domine los est\u00e1ndares de la OSHA, la prevenci\u00f3n de riesgos y los protocolos de seguridad en este curso de formaci\u00f3n dirigido por expertos.\" \/>\n<meta property=\"og:url\" content=\"https:\/\/gxp-training.com\/es\/online-course\/formacion-certificada-osha-en-seguridad-en-laboratorios\/\" \/>\n<meta property=\"og:site_name\" content=\"GxP Training : Certified Online Courses for Life Sciences\" \/>\n<meta property=\"og:image\" content=\"https:\/\/gxp-training.com\/wp-content\/uploads\/2024\/12\/OSHA-lab-Safety-1.png\" \/>\n\t<meta property=\"og:image:width\" content=\"900\" \/>\n\t<meta property=\"og:image:height\" content=\"627\" \/>\n\t<meta property=\"og:image:type\" content=\"image\/png\" \/>\n<meta name=\"twitter:card\" content=\"summary_large_image\" \/>\n<meta name=\"twitter:label1\" content=\"Tiempo de lectura\" \/>\n\t<meta name=\"twitter:data1\" content=\"2 minutos\" \/>\n<script type=\"application\/ld+json\" class=\"yoast-schema-graph\">{\"@context\":\"https:\\\/\\\/schema.org\",\"@graph\":[{\"@type\":\"WebPage\",\"@id\":\"https:\\\/\\\/gxp-training.com\\\/es\\\/online-course\\\/formacion-certificada-osha-en-seguridad-en-laboratorios\\\/\",\"url\":\"https:\\\/\\\/gxp-training.com\\\/es\\\/online-course\\\/formacion-certificada-osha-en-seguridad-en-laboratorios\\\/\",\"name\":\"Formaci\u00f3n en l\u00ednea OSHA en Seguridad en Laboratorios con Certificaci\u00f3n Reconocida\",\"isPartOf\":{\"@id\":\"https:\\\/\\\/gxp-training.com\\\/es\\\/#website\"},\"primaryImageOfPage\":{\"@id\":\"https:\\\/\\\/gxp-training.com\\\/es\\\/online-course\\\/formacion-certificada-osha-en-seguridad-en-laboratorios\\\/#primaryimage\"},\"image\":{\"@id\":\"https:\\\/\\\/gxp-training.com\\\/es\\\/online-course\\\/formacion-certificada-osha-en-seguridad-en-laboratorios\\\/#primaryimage\"},\"thumbnailUrl\":\"https:\\\/\\\/gxp-training.com\\\/wp-content\\\/uploads\\\/2024\\\/12\\\/OSHA-lab-Safety-1.png\",\"datePublished\":\"2024-12-20T14:25:29+00:00\",\"description\":\"\u00a1Obtenga su Certificaci\u00f3n OSHA en Seguridad en Laboratorios en l\u00ednea! Domine los est\u00e1ndares de la OSHA, la prevenci\u00f3n de riesgos y los protocolos de seguridad en este curso de formaci\u00f3n dirigido por expertos.\",\"breadcrumb\":{\"@id\":\"https:\\\/\\\/gxp-training.com\\\/es\\\/online-course\\\/formacion-certificada-osha-en-seguridad-en-laboratorios\\\/#breadcrumb\"},\"inLanguage\":\"es\",\"potentialAction\":[{\"@type\":\"ReadAction\",\"target\":[\"https:\\\/\\\/gxp-training.com\\\/es\\\/online-course\\\/formacion-certificada-osha-en-seguridad-en-laboratorios\\\/\"]}]},{\"@type\":\"ImageObject\",\"inLanguage\":\"es\",\"@id\":\"https:\\\/\\\/gxp-training.com\\\/es\\\/online-course\\\/formacion-certificada-osha-en-seguridad-en-laboratorios\\\/#primaryimage\",\"url\":\"https:\\\/\\\/gxp-training.com\\\/wp-content\\\/uploads\\\/2024\\\/12\\\/OSHA-lab-Safety-1.png\",\"contentUrl\":\"https:\\\/\\\/gxp-training.com\\\/wp-content\\\/uploads\\\/2024\\\/12\\\/OSHA-lab-Safety-1.png\",\"width\":900,\"height\":627},{\"@type\":\"BreadcrumbList\",\"@id\":\"https:\\\/\\\/gxp-training.com\\\/es\\\/online-course\\\/formacion-certificada-osha-en-seguridad-en-laboratorios\\\/#breadcrumb\",\"itemListElement\":[{\"@type\":\"ListItem\",\"position\":1,\"name\":\"Inicio\",\"item\":\"https:\\\/\\\/gxp-training.com\\\/es\\\/pagina-de-inicio\\\/\"},{\"@type\":\"ListItem\",\"position\":2,\"name\":\"Productos\",\"item\":\"https:\\\/\\\/gxp-training.com\\\/es\\\/shop\\\/\"},{\"@type\":\"ListItem\",\"position\":3,\"name\":\"Formaci\u00f3n Certificada OSHA en Seguridad en Laboratorios\"}]},{\"@type\":\"WebSite\",\"@id\":\"https:\\\/\\\/gxp-training.com\\\/es\\\/#website\",\"url\":\"https:\\\/\\\/gxp-training.com\\\/es\\\/\",\"name\":\"GxP Training : Certified Online Courses for Life Sciences\",\"description\":\"Online Trainings and Certified Courses in Regulatory Compliance for Pharmaceutical Experts\",\"publisher\":{\"@id\":\"https:\\\/\\\/gxp-training.com\\\/es\\\/#organization\"},\"potentialAction\":[{\"@type\":\"SearchAction\",\"target\":{\"@type\":\"EntryPoint\",\"urlTemplate\":\"https:\\\/\\\/gxp-training.com\\\/es\\\/?s={search_term_string}\"},\"query-input\":{\"@type\":\"PropertyValueSpecification\",\"valueRequired\":true,\"valueName\":\"search_term_string\"}}],\"inLanguage\":\"es\"},{\"@type\":\"Organization\",\"@id\":\"https:\\\/\\\/gxp-training.com\\\/es\\\/#organization\",\"name\":\"GXP Training\",\"url\":\"https:\\\/\\\/gxp-training.com\\\/es\\\/\",\"logo\":{\"@type\":\"ImageObject\",\"inLanguage\":\"es\",\"@id\":\"https:\\\/\\\/gxp-training.com\\\/es\\\/#\\\/schema\\\/logo\\\/image\\\/\",\"url\":\"https:\\\/\\\/gxp-training.com\\\/wp-content\\\/uploads\\\/2022\\\/05\\\/logo-resize.png\",\"contentUrl\":\"https:\\\/\\\/gxp-training.com\\\/wp-content\\\/uploads\\\/2022\\\/05\\\/logo-resize.png\",\"width\":350,\"height\":100,\"caption\":\"GXP Training\"},\"image\":{\"@id\":\"https:\\\/\\\/gxp-training.com\\\/es\\\/#\\\/schema\\\/logo\\\/image\\\/\"}}]}<\/script>\n<!-- \/ Yoast SEO plugin. -->","yoast_head_json":{"title":"Formaci\u00f3n en l\u00ednea OSHA en Seguridad en Laboratorios con Certificaci\u00f3n Reconocida","description":"\u00a1Obtenga su Certificaci\u00f3n OSHA en Seguridad en Laboratorios en l\u00ednea! Domine los est\u00e1ndares de la OSHA, la prevenci\u00f3n de riesgos y los protocolos de seguridad en este curso de formaci\u00f3n dirigido por expertos.","robots":{"index":"index","follow":"follow","max-snippet":"max-snippet:-1","max-image-preview":"max-image-preview:large","max-video-preview":"max-video-preview:-1"},"canonical":"https:\/\/gxp-training.com\/es\/online-course\/formacion-certificada-osha-en-seguridad-en-laboratorios\/","og_locale":"es_ES","og_type":"article","og_title":"Formaci\u00f3n en l\u00ednea OSHA en Seguridad en Laboratorios con Certificaci\u00f3n Reconocida","og_description":"\u00a1Obtenga su Certificaci\u00f3n OSHA en Seguridad en Laboratorios en l\u00ednea! Domine los est\u00e1ndares de la OSHA, la prevenci\u00f3n de riesgos y los protocolos de seguridad en este curso de formaci\u00f3n dirigido por expertos.","og_url":"https:\/\/gxp-training.com\/es\/online-course\/formacion-certificada-osha-en-seguridad-en-laboratorios\/","og_site_name":"GxP Training : Certified Online Courses for Life Sciences","og_image":[{"width":900,"height":627,"url":"https:\/\/gxp-training.com\/wp-content\/uploads\/2024\/12\/OSHA-lab-Safety-1.png","type":"image\/png"}],"twitter_card":"summary_large_image","twitter_misc":{"Tiempo de lectura":"2 minutos"},"schema":{"@context":"https:\/\/schema.org","@graph":[{"@type":"WebPage","@id":"https:\/\/gxp-training.com\/es\/online-course\/formacion-certificada-osha-en-seguridad-en-laboratorios\/","url":"https:\/\/gxp-training.com\/es\/online-course\/formacion-certificada-osha-en-seguridad-en-laboratorios\/","name":"Formaci\u00f3n en l\u00ednea OSHA en Seguridad en Laboratorios con Certificaci\u00f3n Reconocida","isPartOf":{"@id":"https:\/\/gxp-training.com\/es\/#website"},"primaryImageOfPage":{"@id":"https:\/\/gxp-training.com\/es\/online-course\/formacion-certificada-osha-en-seguridad-en-laboratorios\/#primaryimage"},"image":{"@id":"https:\/\/gxp-training.com\/es\/online-course\/formacion-certificada-osha-en-seguridad-en-laboratorios\/#primaryimage"},"thumbnailUrl":"https:\/\/gxp-training.com\/wp-content\/uploads\/2024\/12\/OSHA-lab-Safety-1.png","datePublished":"2024-12-20T14:25:29+00:00","description":"\u00a1Obtenga su Certificaci\u00f3n OSHA en Seguridad en Laboratorios en l\u00ednea! Domine los est\u00e1ndares de la OSHA, la prevenci\u00f3n de riesgos y los protocolos de seguridad en este curso de formaci\u00f3n dirigido por expertos.","breadcrumb":{"@id":"https:\/\/gxp-training.com\/es\/online-course\/formacion-certificada-osha-en-seguridad-en-laboratorios\/#breadcrumb"},"inLanguage":"es","potentialAction":[{"@type":"ReadAction","target":["https:\/\/gxp-training.com\/es\/online-course\/formacion-certificada-osha-en-seguridad-en-laboratorios\/"]}]},{"@type":"ImageObject","inLanguage":"es","@id":"https:\/\/gxp-training.com\/es\/online-course\/formacion-certificada-osha-en-seguridad-en-laboratorios\/#primaryimage","url":"https:\/\/gxp-training.com\/wp-content\/uploads\/2024\/12\/OSHA-lab-Safety-1.png","contentUrl":"https:\/\/gxp-training.com\/wp-content\/uploads\/2024\/12\/OSHA-lab-Safety-1.png","width":900,"height":627},{"@type":"BreadcrumbList","@id":"https:\/\/gxp-training.com\/es\/online-course\/formacion-certificada-osha-en-seguridad-en-laboratorios\/#breadcrumb","itemListElement":[{"@type":"ListItem","position":1,"name":"Inicio","item":"https:\/\/gxp-training.com\/es\/pagina-de-inicio\/"},{"@type":"ListItem","position":2,"name":"Productos","item":"https:\/\/gxp-training.com\/es\/shop\/"},{"@type":"ListItem","position":3,"name":"Formaci\u00f3n Certificada OSHA en Seguridad en Laboratorios"}]},{"@type":"WebSite","@id":"https:\/\/gxp-training.com\/es\/#website","url":"https:\/\/gxp-training.com\/es\/","name":"GxP Training : Certified Online Courses for Life Sciences","description":"Online Trainings and Certified Courses in Regulatory Compliance for Pharmaceutical Experts","publisher":{"@id":"https:\/\/gxp-training.com\/es\/#organization"},"potentialAction":[{"@type":"SearchAction","target":{"@type":"EntryPoint","urlTemplate":"https:\/\/gxp-training.com\/es\/?s={search_term_string}"},"query-input":{"@type":"PropertyValueSpecification","valueRequired":true,"valueName":"search_term_string"}}],"inLanguage":"es"},{"@type":"Organization","@id":"https:\/\/gxp-training.com\/es\/#organization","name":"GXP Training","url":"https:\/\/gxp-training.com\/es\/","logo":{"@type":"ImageObject","inLanguage":"es","@id":"https:\/\/gxp-training.com\/es\/#\/schema\/logo\/image\/","url":"https:\/\/gxp-training.com\/wp-content\/uploads\/2022\/05\/logo-resize.png","contentUrl":"https:\/\/gxp-training.com\/wp-content\/uploads\/2022\/05\/logo-resize.png","width":350,"height":100,"caption":"GXP Training"},"image":{"@id":"https:\/\/gxp-training.com\/es\/#\/schema\/logo\/image\/"}}]}},"_links":{"self":[{"href":"https:\/\/gxp-training.com\/es\/wp-json\/wp\/v2\/product\/57774","targetHints":{"allow":["GET"]}}],"collection":[{"href":"https:\/\/gxp-training.com\/es\/wp-json\/wp\/v2\/product"}],"about":[{"href":"https:\/\/gxp-training.com\/es\/wp-json\/wp\/v2\/types\/product"}],"wp:featuredmedia":[{"embeddable":true,"href":"https:\/\/gxp-training.com\/es\/wp-json\/wp\/v2\/media\/48601"}],"wp:attachment":[{"href":"https:\/\/gxp-training.com\/es\/wp-json\/wp\/v2\/media?parent=57774"}],"wp:term":[{"taxonomy":"product_brand","embeddable":true,"href":"https:\/\/gxp-training.com\/es\/wp-json\/wp\/v2\/product_brand?post=57774"},{"taxonomy":"product_cat","embeddable":true,"href":"https:\/\/gxp-training.com\/es\/wp-json\/wp\/v2\/product_cat?post=57774"},{"taxonomy":"product_tag","embeddable":true,"href":"https:\/\/gxp-training.com\/es\/wp-json\/wp\/v2\/product_tag?post=57774"}],"curies":[{"name":"wp","href":"https:\/\/api.w.org\/{rel}","templated":true}]}}