{"id":57767,"date":"2024-10-30T07:53:15","date_gmt":"2024-10-30T07:53:15","guid":{"rendered":"https:\/\/gxp-training.com\/online-course\/sistemas-de-gestion-de-laboratorios-iso-iec-170252017\/"},"modified":"2024-10-30T07:53:15","modified_gmt":"2024-10-30T06:53:15","slug":"sistemas-de-gestion-de-laboratorios-iso-iec-170252017","status":"publish","type":"product","link":"https:\/\/gxp-training.com\/es\/online-course\/sistemas-de-gestion-de-laboratorios-iso-iec-170252017\/","title":{"rendered":"Sistemas de gesti\u00f3n de laboratorios \u2013 ISO\/IEC 17025:2017"},"content":{"rendered":"<p><span style=\"font-weight: 400;\">Profundice en los aspectos esenciales de la ISO\/IEC 17025:2017 para mejorar la <\/span><a href=\"https:\/\/gxp-training.com\/es\/cursos-gxp-2\/\"><span style=\"font-weight: 400;\">precisi\u00f3n<\/span><\/a><span style=\"font-weight: 400;\"> y la productividad del laboratorio en ciencias de la vida. Este curso ofrece explicaciones cl\u00e1usula por cl\u00e1usula, dot\u00e1ndole de estrategias pr\u00e1cticas para lograr una acreditaci\u00f3n con \u00e9xito. <\/span> <\/p>\n<p>&nbsp;<\/p>\n<p><b>\u00bfQui\u00e9n deber\u00eda inscribirse?<\/b><\/p>\n<p><span style=\"font-weight: 400;\">T\u00e9cnicos de laboratorio, <\/span><a href=\"https:\/\/gxp-training.com\/es\/gxp-courses\/garantia-de-calidad\/\"><span style=\"font-weight: 400;\">profesionales de aseguramiento de la calidad<\/span><\/a><span style=\"font-weight: 400;\"> y responsables de <\/span><a href=\"https:\/\/gxp-training.com\/es\/online-course\/buenas-practicas-clinicas-de-laboratorio-gclp\/\"><span style=\"font-weight: 400;\">operaciones de laboratorio<\/span><\/a><span style=\"font-weight: 400;\"> deber\u00edan inscribirse en este curso para mejorar su comprensi\u00f3n de las normas ISO\/IEC 17025:2017. Adem\u00e1s, quienes busquen implantar o mejorar la gesti\u00f3n del laboratorio y los procesos de acreditaci\u00f3n se beneficiar\u00e1n enormemente de esta experiencia de aprendizaje integral.<\/span><\/p>\n<p>&nbsp;<\/p>\n<p><b>Temas tratados en el curso:<\/b><\/p>\n<ul>\n<li style=\"font-weight: 400;\"><span style=\"font-weight: 400;\">Comprender la estructura y los requisitos fundamentales de la ISO\/IEC 17025:2017.<\/span><\/li>\n<li style=\"font-weight: 400;\"><span style=\"font-weight: 400;\">Garantizar la imparcialidad y la confidencialidad en las operaciones de laboratorio.<\/span><\/li>\n<li style=\"font-weight: 400;\"><span style=\"font-weight: 400;\">Conocer los requisitos de recursos, con especial atenci\u00f3n a la competencia del personal y de los equipos.<\/span><\/li>\n<li style=\"font-weight: 400;\"><span style=\"font-weight: 400;\">Procesos para obtener la acreditaci\u00f3n y mantener la certificaci\u00f3n.<\/span><\/li>\n<li style=\"font-weight: 400;\"><span style=\"font-weight: 400;\">Estrategias para gestionar riesgos y oportunidades y mejorar la eficiencia del laboratorio.<\/span><\/li>\n<\/ul>\n<p>&nbsp;<\/p>\n<p><span style=\"font-weight: 400;\">Este curso integral ofrece un an\u00e1lisis en profundidad de la ISO\/IEC 17025:2017, aclarando los elementos esenciales de los sistemas de gesti\u00f3n de laboratorios en un formato altamente interactivo. Cada sesi\u00f3n integra ejemplos y evaluaciones de la vida real para facilitar una experiencia de aprendizaje completa y aplicada. Al finalizar, los participantes recibir\u00e1n un certificado de formaci\u00f3n ISO\/IEC 17025 reconocido a nivel mundial, acreditado con cr\u00e9ditos CPD\/CEU.    <\/span><\/p>\n<p>&nbsp;<\/p>\n<h3><b>Plan de estudios:<\/b><\/h3>\n<p><b>V\u00eddeo introductorio<\/b><\/p>\n<p><b>Descripci\u00f3n del curso<\/b><\/p>\n<p><b>Lecci\u00f3n 1: Fundamentos de los sistemas de laboratorio<\/b><\/p>\n<p><b>Lecci\u00f3n 2: Requisitos esenciales de la gesti\u00f3n de procesos de laboratorio<\/b><\/p>\n<p><b>Lecci\u00f3n 3: Requisitos estructurales<\/b><\/p>\n<p><b>Lecci\u00f3n 4: Requisitos de recursos<\/b><\/p>\n<p><b>Lecci\u00f3n 5: Requisitos de proceso<\/b><\/p>\n<p><b>Lecci\u00f3n 6: Requisitos del sistema de gesti\u00f3n<\/b><\/p>\n<p><b>Lecci\u00f3n 7: Acreditaci\u00f3n y certificaci\u00f3n<\/b><\/p>\n<p><b>Conclusi\u00f3n<\/b><\/p>\n<p><b>Evaluaci\u00f3n final<\/b><\/p>\n","protected":false},"excerpt":{"rendered":"<p>Profundice en los aspectos esenciales de la ISO\/IEC 17025:2017 para mejorar la precisi\u00f3n y la productividad del laboratorio en ciencias de la vida. Este curso ofrece explicaciones cl\u00e1usula por cl\u00e1usula, dot\u00e1ndole de estrategias pr\u00e1cticas para lograr una acreditaci\u00f3n con \u00e9xito. &nbsp; \u00bfQui\u00e9n deber\u00eda inscribirse? T\u00e9cnicos de laboratorio, profesionales de aseguramiento de la calidad y responsables [&hellip;]<\/p>\n","protected":false},"featured_media":48012,"template":"","meta":{"_acf_changed":false,"content-type":""},"product_brand":[],"product_cat":[278,272],"product_tag":[],"class_list":{"0":"post-57767","1":"product","2":"type-product","3":"status-publish","4":"has-post-thumbnail","6":"product_cat-glp-buenas-practicas-de-laboratorio","7":"product_cat-laboratorios","9":"first","10":"instock","11":"taxable","12":"shipping-taxable","13":"purchasable","14":"product-type-subscription"},"bundled_by":[],"bundle_stock_status":"instock","bundle_stock_quantity":null,"bundle_virtual":false,"bundle_layout":"","bundle_add_to_cart_form_location":"","bundle_editable_in_cart":false,"bundle_sold_individually_context":"","bundle_item_grouping":"","bundle_min_size":"","bundle_max_size":"","bundle_price":[],"bundled_items":[],"bundle_sell_ids":[],"acf":[],"yoast_head":"<!-- This site is optimized with the Yoast SEO plugin v27.5 - https:\/\/yoast.com\/product\/yoast-seo-wordpress\/ -->\n<title>Curso certificado online de gesti\u00f3n de laboratorios<\/title>\n<meta name=\"description\" content=\"Domine los sistemas de gesti\u00f3n de laboratorios para el aseguramiento de la calidad en ciencias de la vida. Ideal para t\u00e9cnicos de laboratorio, QA y responsables de laboratorio. \u00a1Inscr\u00edbase hoy!\" \/>\n<meta name=\"robots\" content=\"index, follow, max-snippet:-1, max-image-preview:large, max-video-preview:-1\" \/>\n<link rel=\"canonical\" href=\"https:\/\/gxp-training.com\/es\/online-course\/sistemas-de-gestion-de-laboratorios-iso-iec-170252017\/\" \/>\n<meta property=\"og:locale\" content=\"es_ES\" \/>\n<meta property=\"og:type\" content=\"article\" \/>\n<meta property=\"og:title\" content=\"Curso certificado online de gesti\u00f3n de laboratorios\" \/>\n<meta property=\"og:description\" content=\"Domine los sistemas de gesti\u00f3n de laboratorios para el aseguramiento de la calidad en ciencias de la vida. Ideal para t\u00e9cnicos de laboratorio, QA y responsables de laboratorio. \u00a1Inscr\u00edbase hoy!\" \/>\n<meta property=\"og:url\" content=\"https:\/\/gxp-training.com\/es\/online-course\/sistemas-de-gestion-de-laboratorios-iso-iec-170252017\/\" \/>\n<meta property=\"og:site_name\" content=\"GxP Training : Certified Online Courses for Life Sciences\" \/>\n<meta property=\"og:image\" content=\"https:\/\/gxp-training.com\/wp-content\/uploads\/2024\/10\/Laboratory-Management-Systems-ISOIEC-170252017-750x523-1.png\" \/>\n\t<meta property=\"og:image:width\" content=\"750\" \/>\n\t<meta property=\"og:image:height\" content=\"523\" \/>\n\t<meta property=\"og:image:type\" content=\"image\/png\" \/>\n<meta name=\"twitter:card\" content=\"summary_large_image\" \/>\n<meta name=\"twitter:label1\" content=\"Tiempo de lectura\" \/>\n\t<meta name=\"twitter:data1\" content=\"2 minutos\" \/>\n<script type=\"application\/ld+json\" class=\"yoast-schema-graph\">{\"@context\":\"https:\\\/\\\/schema.org\",\"@graph\":[{\"@type\":\"WebPage\",\"@id\":\"https:\\\/\\\/gxp-training.com\\\/es\\\/online-course\\\/sistemas-de-gestion-de-laboratorios-iso-iec-170252017\\\/\",\"url\":\"https:\\\/\\\/gxp-training.com\\\/es\\\/online-course\\\/sistemas-de-gestion-de-laboratorios-iso-iec-170252017\\\/\",\"name\":\"Curso certificado online de gesti\u00f3n de laboratorios\",\"isPartOf\":{\"@id\":\"https:\\\/\\\/gxp-training.com\\\/es\\\/#website\"},\"primaryImageOfPage\":{\"@id\":\"https:\\\/\\\/gxp-training.com\\\/es\\\/online-course\\\/sistemas-de-gestion-de-laboratorios-iso-iec-170252017\\\/#primaryimage\"},\"image\":{\"@id\":\"https:\\\/\\\/gxp-training.com\\\/es\\\/online-course\\\/sistemas-de-gestion-de-laboratorios-iso-iec-170252017\\\/#primaryimage\"},\"thumbnailUrl\":\"https:\\\/\\\/gxp-training.com\\\/wp-content\\\/uploads\\\/2024\\\/10\\\/Laboratory-Management-Systems-ISOIEC-170252017-750x523-1.png\",\"datePublished\":\"2024-10-30T07:53:15+00:00\",\"description\":\"Domine los sistemas de gesti\u00f3n de laboratorios para el aseguramiento de la calidad en ciencias de la vida. Ideal para t\u00e9cnicos de laboratorio, QA y responsables de laboratorio. \u00a1Inscr\u00edbase hoy!\",\"breadcrumb\":{\"@id\":\"https:\\\/\\\/gxp-training.com\\\/es\\\/online-course\\\/sistemas-de-gestion-de-laboratorios-iso-iec-170252017\\\/#breadcrumb\"},\"inLanguage\":\"es\",\"potentialAction\":[{\"@type\":\"ReadAction\",\"target\":[\"https:\\\/\\\/gxp-training.com\\\/es\\\/online-course\\\/sistemas-de-gestion-de-laboratorios-iso-iec-170252017\\\/\"]}]},{\"@type\":\"ImageObject\",\"inLanguage\":\"es\",\"@id\":\"https:\\\/\\\/gxp-training.com\\\/es\\\/online-course\\\/sistemas-de-gestion-de-laboratorios-iso-iec-170252017\\\/#primaryimage\",\"url\":\"https:\\\/\\\/gxp-training.com\\\/wp-content\\\/uploads\\\/2024\\\/10\\\/Laboratory-Management-Systems-ISOIEC-170252017-750x523-1.png\",\"contentUrl\":\"https:\\\/\\\/gxp-training.com\\\/wp-content\\\/uploads\\\/2024\\\/10\\\/Laboratory-Management-Systems-ISOIEC-170252017-750x523-1.png\",\"width\":750,\"height\":523},{\"@type\":\"BreadcrumbList\",\"@id\":\"https:\\\/\\\/gxp-training.com\\\/es\\\/online-course\\\/sistemas-de-gestion-de-laboratorios-iso-iec-170252017\\\/#breadcrumb\",\"itemListElement\":[{\"@type\":\"ListItem\",\"position\":1,\"name\":\"Inicio\",\"item\":\"https:\\\/\\\/gxp-training.com\\\/es\\\/pagina-de-inicio\\\/\"},{\"@type\":\"ListItem\",\"position\":2,\"name\":\"Productos\",\"item\":\"https:\\\/\\\/gxp-training.com\\\/es\\\/shop\\\/\"},{\"@type\":\"ListItem\",\"position\":3,\"name\":\"Sistemas de gesti\u00f3n de laboratorios \u2013 ISO\\\/IEC 17025:2017\"}]},{\"@type\":\"WebSite\",\"@id\":\"https:\\\/\\\/gxp-training.com\\\/es\\\/#website\",\"url\":\"https:\\\/\\\/gxp-training.com\\\/es\\\/\",\"name\":\"GxP Training : Certified Online Courses for Life Sciences\",\"description\":\"Online Trainings and Certified Courses in Regulatory Compliance for Pharmaceutical Experts\",\"publisher\":{\"@id\":\"https:\\\/\\\/gxp-training.com\\\/es\\\/#organization\"},\"potentialAction\":[{\"@type\":\"SearchAction\",\"target\":{\"@type\":\"EntryPoint\",\"urlTemplate\":\"https:\\\/\\\/gxp-training.com\\\/es\\\/?s={search_term_string}\"},\"query-input\":{\"@type\":\"PropertyValueSpecification\",\"valueRequired\":true,\"valueName\":\"search_term_string\"}}],\"inLanguage\":\"es\"},{\"@type\":\"Organization\",\"@id\":\"https:\\\/\\\/gxp-training.com\\\/es\\\/#organization\",\"name\":\"GXP Training\",\"url\":\"https:\\\/\\\/gxp-training.com\\\/es\\\/\",\"logo\":{\"@type\":\"ImageObject\",\"inLanguage\":\"es\",\"@id\":\"https:\\\/\\\/gxp-training.com\\\/es\\\/#\\\/schema\\\/logo\\\/image\\\/\",\"url\":\"https:\\\/\\\/gxp-training.com\\\/wp-content\\\/uploads\\\/2022\\\/05\\\/logo-resize.png\",\"contentUrl\":\"https:\\\/\\\/gxp-training.com\\\/wp-content\\\/uploads\\\/2022\\\/05\\\/logo-resize.png\",\"width\":350,\"height\":100,\"caption\":\"GXP Training\"},\"image\":{\"@id\":\"https:\\\/\\\/gxp-training.com\\\/es\\\/#\\\/schema\\\/logo\\\/image\\\/\"}}]}<\/script>\n<!-- \/ Yoast SEO plugin. -->","yoast_head_json":{"title":"Curso certificado online de gesti\u00f3n de laboratorios","description":"Domine los sistemas de gesti\u00f3n de laboratorios para el aseguramiento de la calidad en ciencias de la vida. Ideal para t\u00e9cnicos de laboratorio, QA y responsables de laboratorio. \u00a1Inscr\u00edbase hoy!","robots":{"index":"index","follow":"follow","max-snippet":"max-snippet:-1","max-image-preview":"max-image-preview:large","max-video-preview":"max-video-preview:-1"},"canonical":"https:\/\/gxp-training.com\/es\/online-course\/sistemas-de-gestion-de-laboratorios-iso-iec-170252017\/","og_locale":"es_ES","og_type":"article","og_title":"Curso certificado online de gesti\u00f3n de laboratorios","og_description":"Domine los sistemas de gesti\u00f3n de laboratorios para el aseguramiento de la calidad en ciencias de la vida. Ideal para t\u00e9cnicos de laboratorio, QA y responsables de laboratorio. \u00a1Inscr\u00edbase hoy!","og_url":"https:\/\/gxp-training.com\/es\/online-course\/sistemas-de-gestion-de-laboratorios-iso-iec-170252017\/","og_site_name":"GxP Training : Certified Online Courses for Life Sciences","og_image":[{"width":750,"height":523,"url":"https:\/\/gxp-training.com\/wp-content\/uploads\/2024\/10\/Laboratory-Management-Systems-ISOIEC-170252017-750x523-1.png","type":"image\/png"}],"twitter_card":"summary_large_image","twitter_misc":{"Tiempo de lectura":"2 minutos"},"schema":{"@context":"https:\/\/schema.org","@graph":[{"@type":"WebPage","@id":"https:\/\/gxp-training.com\/es\/online-course\/sistemas-de-gestion-de-laboratorios-iso-iec-170252017\/","url":"https:\/\/gxp-training.com\/es\/online-course\/sistemas-de-gestion-de-laboratorios-iso-iec-170252017\/","name":"Curso certificado online de gesti\u00f3n de laboratorios","isPartOf":{"@id":"https:\/\/gxp-training.com\/es\/#website"},"primaryImageOfPage":{"@id":"https:\/\/gxp-training.com\/es\/online-course\/sistemas-de-gestion-de-laboratorios-iso-iec-170252017\/#primaryimage"},"image":{"@id":"https:\/\/gxp-training.com\/es\/online-course\/sistemas-de-gestion-de-laboratorios-iso-iec-170252017\/#primaryimage"},"thumbnailUrl":"https:\/\/gxp-training.com\/wp-content\/uploads\/2024\/10\/Laboratory-Management-Systems-ISOIEC-170252017-750x523-1.png","datePublished":"2024-10-30T07:53:15+00:00","description":"Domine los sistemas de gesti\u00f3n de laboratorios para el aseguramiento de la calidad en ciencias de la vida. Ideal para t\u00e9cnicos de laboratorio, QA y responsables de laboratorio. \u00a1Inscr\u00edbase hoy!","breadcrumb":{"@id":"https:\/\/gxp-training.com\/es\/online-course\/sistemas-de-gestion-de-laboratorios-iso-iec-170252017\/#breadcrumb"},"inLanguage":"es","potentialAction":[{"@type":"ReadAction","target":["https:\/\/gxp-training.com\/es\/online-course\/sistemas-de-gestion-de-laboratorios-iso-iec-170252017\/"]}]},{"@type":"ImageObject","inLanguage":"es","@id":"https:\/\/gxp-training.com\/es\/online-course\/sistemas-de-gestion-de-laboratorios-iso-iec-170252017\/#primaryimage","url":"https:\/\/gxp-training.com\/wp-content\/uploads\/2024\/10\/Laboratory-Management-Systems-ISOIEC-170252017-750x523-1.png","contentUrl":"https:\/\/gxp-training.com\/wp-content\/uploads\/2024\/10\/Laboratory-Management-Systems-ISOIEC-170252017-750x523-1.png","width":750,"height":523},{"@type":"BreadcrumbList","@id":"https:\/\/gxp-training.com\/es\/online-course\/sistemas-de-gestion-de-laboratorios-iso-iec-170252017\/#breadcrumb","itemListElement":[{"@type":"ListItem","position":1,"name":"Inicio","item":"https:\/\/gxp-training.com\/es\/pagina-de-inicio\/"},{"@type":"ListItem","position":2,"name":"Productos","item":"https:\/\/gxp-training.com\/es\/shop\/"},{"@type":"ListItem","position":3,"name":"Sistemas de gesti\u00f3n de laboratorios \u2013 ISO\/IEC 17025:2017"}]},{"@type":"WebSite","@id":"https:\/\/gxp-training.com\/es\/#website","url":"https:\/\/gxp-training.com\/es\/","name":"GxP Training : Certified Online Courses for Life Sciences","description":"Online Trainings and Certified Courses in Regulatory Compliance for Pharmaceutical Experts","publisher":{"@id":"https:\/\/gxp-training.com\/es\/#organization"},"potentialAction":[{"@type":"SearchAction","target":{"@type":"EntryPoint","urlTemplate":"https:\/\/gxp-training.com\/es\/?s={search_term_string}"},"query-input":{"@type":"PropertyValueSpecification","valueRequired":true,"valueName":"search_term_string"}}],"inLanguage":"es"},{"@type":"Organization","@id":"https:\/\/gxp-training.com\/es\/#organization","name":"GXP Training","url":"https:\/\/gxp-training.com\/es\/","logo":{"@type":"ImageObject","inLanguage":"es","@id":"https:\/\/gxp-training.com\/es\/#\/schema\/logo\/image\/","url":"https:\/\/gxp-training.com\/wp-content\/uploads\/2022\/05\/logo-resize.png","contentUrl":"https:\/\/gxp-training.com\/wp-content\/uploads\/2022\/05\/logo-resize.png","width":350,"height":100,"caption":"GXP Training"},"image":{"@id":"https:\/\/gxp-training.com\/es\/#\/schema\/logo\/image\/"}}]}},"_links":{"self":[{"href":"https:\/\/gxp-training.com\/es\/wp-json\/wp\/v2\/product\/57767","targetHints":{"allow":["GET"]}}],"collection":[{"href":"https:\/\/gxp-training.com\/es\/wp-json\/wp\/v2\/product"}],"about":[{"href":"https:\/\/gxp-training.com\/es\/wp-json\/wp\/v2\/types\/product"}],"wp:featuredmedia":[{"embeddable":true,"href":"https:\/\/gxp-training.com\/es\/wp-json\/wp\/v2\/media\/48012"}],"wp:attachment":[{"href":"https:\/\/gxp-training.com\/es\/wp-json\/wp\/v2\/media?parent=57767"}],"wp:term":[{"taxonomy":"product_brand","embeddable":true,"href":"https:\/\/gxp-training.com\/es\/wp-json\/wp\/v2\/product_brand?post=57767"},{"taxonomy":"product_cat","embeddable":true,"href":"https:\/\/gxp-training.com\/es\/wp-json\/wp\/v2\/product_cat?post=57767"},{"taxonomy":"product_tag","embeddable":true,"href":"https:\/\/gxp-training.com\/es\/wp-json\/wp\/v2\/product_tag?post=57767"}],"curies":[{"name":"wp","href":"https:\/\/api.w.org\/{rel}","templated":true}]}}