{"id":57731,"date":"2022-12-12T15:07:15","date_gmt":"2022-12-12T15:07:15","guid":{"rendered":"https:\/\/gxp-training.com\/online-course\/ensayos-clinicos-preparacion-para-una-auditoria-o-una-inspeccion\/"},"modified":"2022-12-12T15:07:15","modified_gmt":"2022-12-12T14:07:15","slug":"ensayos-clinicos-preparacion-para-una-auditoria-o-una-inspeccion","status":"publish","type":"product","link":"https:\/\/gxp-training.com\/es\/online-course\/ensayos-clinicos-preparacion-para-una-auditoria-o-una-inspeccion\/","title":{"rendered":"Ensayos Cl\u00ednicos: Preparaci\u00f3n para una auditor\u00eda o una inspecci\u00f3n"},"content":{"rendered":"<p>Ya sea que represente a centros de investigaci\u00f3n, o a centros de patrocinadores o CRO, es importante prepararse de antemano para la inspecci\u00f3n de BPC. Comprender c\u00f3mo se realizan las auditor\u00edas e inspecciones de BPC puede facilitar el proceso. Como siempre, la mejor manera de superar las inspecciones de BPC es garantizar la <a href=\"https:\/\/gxp-training.com\/es\/online-course\/ich-gcp-introduccion-a-las-buenas-practicas-clinicas\/\">conformidad con las BPC<\/a> y los requisitos reglamentarios pertinentes de esa regi\u00f3n. En las siguientes lecciones, hemos cubierto en profundidad la revisi\u00f3n de los procesos de inspecci\u00f3n de diferentes centros, lo que puede servir como herramienta de gu\u00eda para comprender los procesos reglamentarios en la inspecci\u00f3n de BPC.   <\/p>\n<p>En este curso, le ofrecemos una s\u00edntesis del tema a trav\u00e9s de una experiencia interactiva en l\u00ednea. Este material fue elaborado por un equipo de expertos en asuntos regulatorios con una cualificaci\u00f3n de la Northeastern University, Boston, y pilotado por un miembro s\u00e9nior capaz de articular la teor\u00eda con la pr\u00e1ctica. <\/p>\n<p>&nbsp;<\/p>\n<h3>Plan de estudios:<\/h3>\n<p>&nbsp;<\/p>\n<p><strong>Lecci\u00f3n 1: Introducci\u00f3n<\/strong><\/p>\n<p>&nbsp;<\/p>\n<p><strong>Lecci\u00f3n 2: Preparaci\u00f3n para una inspecci\u00f3n de BPC<\/strong><\/p>\n<p>&nbsp;<\/p>\n<p><strong>Lecci\u00f3n 3: Inspecci\u00f3n regulatoria de BPC de centros de patrocinadores y CRO<\/strong><\/p>\n<p>&nbsp;<\/p>\n<p><strong>Lecci\u00f3n 4: Inspecci\u00f3n de BPC de centros de investigaci\u00f3n<\/strong><\/p>\n<p>&nbsp;<\/p>\n<p><strong>Lecci\u00f3n 5: Actividades posteriores a la inspecci\u00f3n<\/strong><\/p>\n<p>&nbsp;<\/p>\n<p><strong>Conclusi\u00f3n<\/strong><\/p>\n<p>&nbsp;<\/p>\n<p><strong>Glosario<\/strong><\/p>\n<p>&nbsp;<\/p>\n<p><strong>Evaluaci\u00f3n<\/strong><\/p>\n","protected":false},"excerpt":{"rendered":"<p>Ya sea que represente a centros de investigaci\u00f3n, o a centros de patrocinadores o CRO, es importante prepararse de antemano para la inspecci\u00f3n de BPC. Comprender c\u00f3mo se realizan las auditor\u00edas e inspecciones de BPC puede facilitar el proceso. Como siempre, la mejor manera de superar las inspecciones de BPC es garantizar la conformidad con [&hellip;]<\/p>\n","protected":false},"featured_media":43228,"template":"","meta":{"_acf_changed":false,"content-type":""},"product_brand":[],"product_cat":[276,275,279,270,269,266],"product_tag":[],"class_list":{"0":"post-57731","1":"product","2":"type-product","3":"status-publish","4":"has-post-thumbnail","6":"product_cat-asuntos-regulatorios","7":"product_cat-gcp-ensayos-clinicos","8":"product_cat-hospitales-e-instituciones-sanitarias","9":"product_cat-organizacion-de-investigacion-por-contrato-cro","10":"product_cat-productos-farmaceuticos","11":"product_cat-productos-sanitarios","13":"first","14":"instock","15":"taxable","16":"shipping-taxable","17":"purchasable","18":"product-type-subscription"},"bundled_by":[],"bundle_stock_status":"instock","bundle_stock_quantity":null,"bundle_virtual":false,"bundle_layout":"","bundle_add_to_cart_form_location":"","bundle_editable_in_cart":false,"bundle_sold_individually_context":"","bundle_item_grouping":"","bundle_min_size":"","bundle_max_size":"","bundle_price":[],"bundled_items":[],"bundle_sell_ids":[],"acf":[],"yoast_head":"<!-- This site is optimized with the Yoast SEO plugin v27.5 - https:\/\/yoast.com\/product\/yoast-seo-wordpress\/ -->\n<title>Ensayos Cl\u00ednicos: Preparaci\u00f3n para una Auditor\u00eda - Curso en l\u00ednea y Certificado<\/title>\n<meta name=\"description\" content=\"Ensayos Cl\u00ednicos: Preparaci\u00f3n para una auditor\u00eda o una inspecci\u00f3n. Aprenda con los mejores expertos en BPC y obtenga su certificaci\u00f3n. Curso en l\u00ednea acreditado de CPD y CEU.\" \/>\n<meta name=\"robots\" content=\"index, follow, max-snippet:-1, max-image-preview:large, max-video-preview:-1\" \/>\n<link rel=\"canonical\" href=\"https:\/\/gxp-training.com\/es\/online-course\/ensayos-clinicos-preparacion-para-una-auditoria-o-una-inspeccion\/\" \/>\n<meta property=\"og:locale\" content=\"es_ES\" \/>\n<meta property=\"og:type\" content=\"article\" \/>\n<meta property=\"og:title\" content=\"Ensayos Cl\u00ednicos: Preparaci\u00f3n para una Auditor\u00eda - Curso en l\u00ednea y Certificado\" \/>\n<meta property=\"og:description\" content=\"Ensayos Cl\u00ednicos: Preparaci\u00f3n para una auditor\u00eda o una inspecci\u00f3n. Aprenda con los mejores expertos en BPC y obtenga su certificaci\u00f3n. Curso en l\u00ednea acreditado de CPD y CEU.\" \/>\n<meta property=\"og:url\" content=\"https:\/\/gxp-training.com\/es\/online-course\/ensayos-clinicos-preparacion-para-una-auditoria-o-una-inspeccion\/\" \/>\n<meta property=\"og:site_name\" content=\"GxP Training : Certified Online Courses for Life Sciences\" \/>\n<meta property=\"og:image\" content=\"https:\/\/gxp-training.com\/wp-content\/uploads\/2022\/12\/clinical-trials-audit-inspection.png\" \/>\n\t<meta property=\"og:image:width\" content=\"900\" \/>\n\t<meta property=\"og:image:height\" content=\"627\" \/>\n\t<meta property=\"og:image:type\" content=\"image\/png\" \/>\n<meta name=\"twitter:card\" content=\"summary_large_image\" \/>\n<meta name=\"twitter:label1\" content=\"Tiempo de lectura\" \/>\n\t<meta name=\"twitter:data1\" content=\"1 minuto\" \/>\n<script type=\"application\/ld+json\" class=\"yoast-schema-graph\">{\"@context\":\"https:\\\/\\\/schema.org\",\"@graph\":[{\"@type\":\"WebPage\",\"@id\":\"https:\\\/\\\/gxp-training.com\\\/es\\\/online-course\\\/ensayos-clinicos-preparacion-para-una-auditoria-o-una-inspeccion\\\/\",\"url\":\"https:\\\/\\\/gxp-training.com\\\/es\\\/online-course\\\/ensayos-clinicos-preparacion-para-una-auditoria-o-una-inspeccion\\\/\",\"name\":\"Ensayos Cl\u00ednicos: Preparaci\u00f3n para una Auditor\u00eda - Curso en l\u00ednea y Certificado\",\"isPartOf\":{\"@id\":\"https:\\\/\\\/gxp-training.com\\\/es\\\/#website\"},\"primaryImageOfPage\":{\"@id\":\"https:\\\/\\\/gxp-training.com\\\/es\\\/online-course\\\/ensayos-clinicos-preparacion-para-una-auditoria-o-una-inspeccion\\\/#primaryimage\"},\"image\":{\"@id\":\"https:\\\/\\\/gxp-training.com\\\/es\\\/online-course\\\/ensayos-clinicos-preparacion-para-una-auditoria-o-una-inspeccion\\\/#primaryimage\"},\"thumbnailUrl\":\"https:\\\/\\\/gxp-training.com\\\/wp-content\\\/uploads\\\/2022\\\/12\\\/clinical-trials-audit-inspection.png\",\"datePublished\":\"2022-12-12T15:07:15+00:00\",\"description\":\"Ensayos Cl\u00ednicos: Preparaci\u00f3n para una auditor\u00eda o una inspecci\u00f3n. Aprenda con los mejores expertos en BPC y obtenga su certificaci\u00f3n. Curso en l\u00ednea acreditado de CPD y CEU.\",\"breadcrumb\":{\"@id\":\"https:\\\/\\\/gxp-training.com\\\/es\\\/online-course\\\/ensayos-clinicos-preparacion-para-una-auditoria-o-una-inspeccion\\\/#breadcrumb\"},\"inLanguage\":\"es\",\"potentialAction\":[{\"@type\":\"ReadAction\",\"target\":[\"https:\\\/\\\/gxp-training.com\\\/es\\\/online-course\\\/ensayos-clinicos-preparacion-para-una-auditoria-o-una-inspeccion\\\/\"]}]},{\"@type\":\"ImageObject\",\"inLanguage\":\"es\",\"@id\":\"https:\\\/\\\/gxp-training.com\\\/es\\\/online-course\\\/ensayos-clinicos-preparacion-para-una-auditoria-o-una-inspeccion\\\/#primaryimage\",\"url\":\"https:\\\/\\\/gxp-training.com\\\/wp-content\\\/uploads\\\/2022\\\/12\\\/clinical-trials-audit-inspection.png\",\"contentUrl\":\"https:\\\/\\\/gxp-training.com\\\/wp-content\\\/uploads\\\/2022\\\/12\\\/clinical-trials-audit-inspection.png\",\"width\":900,\"height\":627},{\"@type\":\"BreadcrumbList\",\"@id\":\"https:\\\/\\\/gxp-training.com\\\/es\\\/online-course\\\/ensayos-clinicos-preparacion-para-una-auditoria-o-una-inspeccion\\\/#breadcrumb\",\"itemListElement\":[{\"@type\":\"ListItem\",\"position\":1,\"name\":\"Inicio\",\"item\":\"https:\\\/\\\/gxp-training.com\\\/es\\\/pagina-de-inicio\\\/\"},{\"@type\":\"ListItem\",\"position\":2,\"name\":\"Productos\",\"item\":\"https:\\\/\\\/gxp-training.com\\\/es\\\/shop\\\/\"},{\"@type\":\"ListItem\",\"position\":3,\"name\":\"GCP: ensayos cl\u00ednicos\",\"item\":\"https:\\\/\\\/gxp-training.com\\\/es\\\/gxp-courses\\\/gcp-ensayos-clinicos\\\/\"},{\"@type\":\"ListItem\",\"position\":4,\"name\":\"Ensayos Cl\u00ednicos: Preparaci\u00f3n para una auditor\u00eda o una inspecci\u00f3n\"}]},{\"@type\":\"WebSite\",\"@id\":\"https:\\\/\\\/gxp-training.com\\\/es\\\/#website\",\"url\":\"https:\\\/\\\/gxp-training.com\\\/es\\\/\",\"name\":\"GxP Training : Certified Online Courses for Life Sciences\",\"description\":\"Online Trainings and Certified Courses in Regulatory Compliance for Pharmaceutical Experts\",\"publisher\":{\"@id\":\"https:\\\/\\\/gxp-training.com\\\/es\\\/#organization\"},\"potentialAction\":[{\"@type\":\"SearchAction\",\"target\":{\"@type\":\"EntryPoint\",\"urlTemplate\":\"https:\\\/\\\/gxp-training.com\\\/es\\\/?s={search_term_string}\"},\"query-input\":{\"@type\":\"PropertyValueSpecification\",\"valueRequired\":true,\"valueName\":\"search_term_string\"}}],\"inLanguage\":\"es\"},{\"@type\":\"Organization\",\"@id\":\"https:\\\/\\\/gxp-training.com\\\/es\\\/#organization\",\"name\":\"GXP Training\",\"url\":\"https:\\\/\\\/gxp-training.com\\\/es\\\/\",\"logo\":{\"@type\":\"ImageObject\",\"inLanguage\":\"es\",\"@id\":\"https:\\\/\\\/gxp-training.com\\\/es\\\/#\\\/schema\\\/logo\\\/image\\\/\",\"url\":\"https:\\\/\\\/gxp-training.com\\\/wp-content\\\/uploads\\\/2022\\\/05\\\/logo-resize.png\",\"contentUrl\":\"https:\\\/\\\/gxp-training.com\\\/wp-content\\\/uploads\\\/2022\\\/05\\\/logo-resize.png\",\"width\":350,\"height\":100,\"caption\":\"GXP Training\"},\"image\":{\"@id\":\"https:\\\/\\\/gxp-training.com\\\/es\\\/#\\\/schema\\\/logo\\\/image\\\/\"}}]}<\/script>\n<!-- \/ Yoast SEO plugin. -->","yoast_head_json":{"title":"Ensayos Cl\u00ednicos: Preparaci\u00f3n para una Auditor\u00eda - Curso en l\u00ednea y Certificado","description":"Ensayos Cl\u00ednicos: Preparaci\u00f3n para una auditor\u00eda o una inspecci\u00f3n. Aprenda con los mejores expertos en BPC y obtenga su certificaci\u00f3n. Curso en l\u00ednea acreditado de CPD y CEU.","robots":{"index":"index","follow":"follow","max-snippet":"max-snippet:-1","max-image-preview":"max-image-preview:large","max-video-preview":"max-video-preview:-1"},"canonical":"https:\/\/gxp-training.com\/es\/online-course\/ensayos-clinicos-preparacion-para-una-auditoria-o-una-inspeccion\/","og_locale":"es_ES","og_type":"article","og_title":"Ensayos Cl\u00ednicos: Preparaci\u00f3n para una Auditor\u00eda - Curso en l\u00ednea y Certificado","og_description":"Ensayos Cl\u00ednicos: Preparaci\u00f3n para una auditor\u00eda o una inspecci\u00f3n. Aprenda con los mejores expertos en BPC y obtenga su certificaci\u00f3n. Curso en l\u00ednea acreditado de CPD y CEU.","og_url":"https:\/\/gxp-training.com\/es\/online-course\/ensayos-clinicos-preparacion-para-una-auditoria-o-una-inspeccion\/","og_site_name":"GxP Training : Certified Online Courses for Life Sciences","og_image":[{"width":900,"height":627,"url":"https:\/\/gxp-training.com\/wp-content\/uploads\/2022\/12\/clinical-trials-audit-inspection.png","type":"image\/png"}],"twitter_card":"summary_large_image","twitter_misc":{"Tiempo de lectura":"1 minuto"},"schema":{"@context":"https:\/\/schema.org","@graph":[{"@type":"WebPage","@id":"https:\/\/gxp-training.com\/es\/online-course\/ensayos-clinicos-preparacion-para-una-auditoria-o-una-inspeccion\/","url":"https:\/\/gxp-training.com\/es\/online-course\/ensayos-clinicos-preparacion-para-una-auditoria-o-una-inspeccion\/","name":"Ensayos Cl\u00ednicos: Preparaci\u00f3n para una Auditor\u00eda - Curso en l\u00ednea y Certificado","isPartOf":{"@id":"https:\/\/gxp-training.com\/es\/#website"},"primaryImageOfPage":{"@id":"https:\/\/gxp-training.com\/es\/online-course\/ensayos-clinicos-preparacion-para-una-auditoria-o-una-inspeccion\/#primaryimage"},"image":{"@id":"https:\/\/gxp-training.com\/es\/online-course\/ensayos-clinicos-preparacion-para-una-auditoria-o-una-inspeccion\/#primaryimage"},"thumbnailUrl":"https:\/\/gxp-training.com\/wp-content\/uploads\/2022\/12\/clinical-trials-audit-inspection.png","datePublished":"2022-12-12T15:07:15+00:00","description":"Ensayos Cl\u00ednicos: Preparaci\u00f3n para una auditor\u00eda o una inspecci\u00f3n. Aprenda con los mejores expertos en BPC y obtenga su certificaci\u00f3n. Curso en l\u00ednea acreditado de CPD y CEU.","breadcrumb":{"@id":"https:\/\/gxp-training.com\/es\/online-course\/ensayos-clinicos-preparacion-para-una-auditoria-o-una-inspeccion\/#breadcrumb"},"inLanguage":"es","potentialAction":[{"@type":"ReadAction","target":["https:\/\/gxp-training.com\/es\/online-course\/ensayos-clinicos-preparacion-para-una-auditoria-o-una-inspeccion\/"]}]},{"@type":"ImageObject","inLanguage":"es","@id":"https:\/\/gxp-training.com\/es\/online-course\/ensayos-clinicos-preparacion-para-una-auditoria-o-una-inspeccion\/#primaryimage","url":"https:\/\/gxp-training.com\/wp-content\/uploads\/2022\/12\/clinical-trials-audit-inspection.png","contentUrl":"https:\/\/gxp-training.com\/wp-content\/uploads\/2022\/12\/clinical-trials-audit-inspection.png","width":900,"height":627},{"@type":"BreadcrumbList","@id":"https:\/\/gxp-training.com\/es\/online-course\/ensayos-clinicos-preparacion-para-una-auditoria-o-una-inspeccion\/#breadcrumb","itemListElement":[{"@type":"ListItem","position":1,"name":"Inicio","item":"https:\/\/gxp-training.com\/es\/pagina-de-inicio\/"},{"@type":"ListItem","position":2,"name":"Productos","item":"https:\/\/gxp-training.com\/es\/shop\/"},{"@type":"ListItem","position":3,"name":"GCP: ensayos cl\u00ednicos","item":"https:\/\/gxp-training.com\/es\/gxp-courses\/gcp-ensayos-clinicos\/"},{"@type":"ListItem","position":4,"name":"Ensayos Cl\u00ednicos: Preparaci\u00f3n para una auditor\u00eda o una inspecci\u00f3n"}]},{"@type":"WebSite","@id":"https:\/\/gxp-training.com\/es\/#website","url":"https:\/\/gxp-training.com\/es\/","name":"GxP Training : Certified Online Courses for Life Sciences","description":"Online Trainings and Certified Courses in Regulatory Compliance for Pharmaceutical Experts","publisher":{"@id":"https:\/\/gxp-training.com\/es\/#organization"},"potentialAction":[{"@type":"SearchAction","target":{"@type":"EntryPoint","urlTemplate":"https:\/\/gxp-training.com\/es\/?s={search_term_string}"},"query-input":{"@type":"PropertyValueSpecification","valueRequired":true,"valueName":"search_term_string"}}],"inLanguage":"es"},{"@type":"Organization","@id":"https:\/\/gxp-training.com\/es\/#organization","name":"GXP Training","url":"https:\/\/gxp-training.com\/es\/","logo":{"@type":"ImageObject","inLanguage":"es","@id":"https:\/\/gxp-training.com\/es\/#\/schema\/logo\/image\/","url":"https:\/\/gxp-training.com\/wp-content\/uploads\/2022\/05\/logo-resize.png","contentUrl":"https:\/\/gxp-training.com\/wp-content\/uploads\/2022\/05\/logo-resize.png","width":350,"height":100,"caption":"GXP Training"},"image":{"@id":"https:\/\/gxp-training.com\/es\/#\/schema\/logo\/image\/"}}]}},"_links":{"self":[{"href":"https:\/\/gxp-training.com\/es\/wp-json\/wp\/v2\/product\/57731","targetHints":{"allow":["GET"]}}],"collection":[{"href":"https:\/\/gxp-training.com\/es\/wp-json\/wp\/v2\/product"}],"about":[{"href":"https:\/\/gxp-training.com\/es\/wp-json\/wp\/v2\/types\/product"}],"wp:featuredmedia":[{"embeddable":true,"href":"https:\/\/gxp-training.com\/es\/wp-json\/wp\/v2\/media\/43228"}],"wp:attachment":[{"href":"https:\/\/gxp-training.com\/es\/wp-json\/wp\/v2\/media?parent=57731"}],"wp:term":[{"taxonomy":"product_brand","embeddable":true,"href":"https:\/\/gxp-training.com\/es\/wp-json\/wp\/v2\/product_brand?post=57731"},{"taxonomy":"product_cat","embeddable":true,"href":"https:\/\/gxp-training.com\/es\/wp-json\/wp\/v2\/product_cat?post=57731"},{"taxonomy":"product_tag","embeddable":true,"href":"https:\/\/gxp-training.com\/es\/wp-json\/wp\/v2\/product_tag?post=57731"}],"curies":[{"name":"wp","href":"https:\/\/api.w.org\/{rel}","templated":true}]}}