{"id":57719,"date":"2025-04-17T11:00:41","date_gmt":"2025-04-17T10:00:41","guid":{"rendered":"https:\/\/gxp-training.com\/online-course\/curso-de-actualizacion-en-buenas-practicas-clinicas-2026-revision-ich-gcp-e6r3\/"},"modified":"2025-04-17T11:00:41","modified_gmt":"2025-04-17T09:00:41","slug":"curso-de-actualizacion-en-buenas-practicas-clinicas-2026-revision-ich-gcp-e6r3","status":"publish","type":"product","link":"https:\/\/gxp-training.com\/es\/online-course\/curso-de-actualizacion-en-buenas-practicas-clinicas-2026-revision-ich-gcp-e6r3\/","title":{"rendered":"Curso de Actualizaci\u00f3n en Buenas Pr\u00e1cticas Cl\u00ednicas 2026: Revisi\u00f3n ICH-GCP E6(R3)"},"content":{"rendered":"<p class=\"font-claude-response-body break-words whitespace-normal leading-[1.7]\">Mant\u00e9ngase al d\u00eda con los \u00faltimos est\u00e1ndares de <a href=\"https:\/\/gxp-training.com\/es\/gxp-courses\/gcp-ensayos-clinicos\/\">Buenas Pr\u00e1cticas Cl\u00ednicas<\/a>. Este curso de actualizaci\u00f3n ha sido completamente renovado en marzo de 2026 para reflejar la revisi\u00f3n ICH E6(R3) y est\u00e1 dise\u00f1ado para profesionales de la investigaci\u00f3n cl\u00ednica que ya poseen una base en BPC. <\/p>\n<p class=\"font-claude-response-body break-words whitespace-normal leading-[1.7]\">A trav\u00e9s de ejercicios basados en escenarios, cuestionarios pr\u00e1cticos y una evaluaci\u00f3n final, el curso le ayuda a identificar lagunas de conocimiento, consolidar su comprensi\u00f3n y alinear sus pr\u00e1cticas diarias con las expectativas cambiantes de las BPC. Se proporciona retroalimentaci\u00f3n inmediata en todo momento, y los participantes que completan el curso reciben un certificado de formaci\u00f3n BPC-ICH acreditado por CPD\/CEU, directamente accesible a trav\u00e9s de nuestra plataforma de aprendizaje. <\/p>\n<p>&nbsp;<\/p>\n<p><b>\u00bfQui\u00e9n deber\u00eda inscribirse?<\/b><\/p>\n<p class=\"\" data-start=\"1290\" data-end=\"1669\">Esta formaci\u00f3n de actualizaci\u00f3n en BPC est\u00e1 dise\u00f1ada para profesionales de la investigaci\u00f3n cl\u00ednica. Incluye a investigadores, promotores, coordinadores de estudio, asistentes de ensayos cl\u00ednicos y miembros de comit\u00e9s de \u00e9tica. Este curso certificado es ideal para aquellos que buscan alinear sus pr\u00e1cticas con la \u00faltima gu\u00eda ICH E6(R3) y mantener altos est\u00e1ndares de calidad en los ensayos cl\u00ednicos.  <\/p>\n<p>&nbsp;<\/p>\n<p><b>Temas del curso<\/b><\/p>\n<ul>\n<li style=\"font-weight: 400;\">\u00bfQu\u00e9 hay de nuevo en ICH-GCP E6(R3)?<\/li>\n<li style=\"font-weight: 400;\">\u00bfC\u00f3mo han cambiado los principios de las BPC?<\/li>\n<li style=\"font-weight: 400;\">\u00bfCu\u00e1l es el papel actualizado del CEI\/IRB?<\/li>\n<li style=\"font-weight: 400;\">\u00bfQu\u00e9 deben asegurar ahora los investigadores?<\/li>\n<li style=\"font-weight: 400;\">\u00bfDe qu\u00e9 son responsables los <a href=\"https:\/\/gxp-training.com\/es\/online-course\/gestion-de-estudios-patrocinados-externamente\/\">promotores<\/a>?<\/li>\n<li style=\"font-weight: 400;\">\u00bfC\u00f3mo est\u00e1 evolucionando la gobernanza de datos?<\/li>\n<li style=\"font-weight: 400;\">\u00bfQu\u00e9 se espera en el Manual del Investigador?<\/li>\n<li style=\"font-weight: 400;\">\u00bfC\u00f3mo deben dise\u00f1arse o modificarse los protocolos?<\/li>\n<li style=\"font-weight: 400;\">\u00bfQu\u00e9 documentos son esenciales para los ensayos?<\/li>\n<li style=\"font-weight: 400;\">\u00bfC\u00f3mo se pueden aplicar las BPC en escenarios reales?<\/li>\n<\/ul>\n<p>&nbsp;<\/p>\n<p><span style=\"font-weight: 400;\">Este curso certificado integra ejemplos de la vida real y evaluaciones para facilitar una experiencia de aprendizaje completa y aplicada. Al finalizar, los participantes recibir\u00e1n un certificado de formaci\u00f3n BPC-ICH reconocido mundialmente, acreditado con cr\u00e9ditos CPD\/CEU.  <\/span><\/p>\n<p>&nbsp;<\/p>\n<h3>Temario:<\/h3>\n<p>&nbsp;<\/p>\n<p><strong>Lecci\u00f3n 1: Introducci\u00f3n<\/strong><\/p>\n<p>&nbsp;<\/p>\n<p><strong>Lecci\u00f3n 2: Definiciones de t\u00e9rminos clave utilizados en las BPC<\/strong><\/p>\n<p>&nbsp;<\/p>\n<p><strong>Lecci\u00f3n 3: Los 11 principios de ICH-GCP (R3)<\/strong><\/p>\n<p>&nbsp;<\/p>\n<p><strong>Lecci\u00f3n 4: Comit\u00e9 de \u00c9tica de la Investigaci\u00f3n (CEI) \/ Institutional Review Board (IRB)<\/strong><\/p>\n<p>&nbsp;<\/p>\n<p><strong>Lecci\u00f3n 5: Responsabilidades del investigador<\/strong><\/p>\n<p>&nbsp;<\/p>\n<p><strong>Lecci\u00f3n 6: Responsabilidades del promotor<\/strong><\/p>\n<p>&nbsp;<\/p>\n<p><strong>Lecci\u00f3n 6: Gobernanza de datos para el investigador y el promotor<\/strong><\/p>\n<p>&nbsp;<\/p>\n<p><strong>Lecci\u00f3n 7: Protocolo de ensayo cl\u00ednico y enmiendas al protocolo<\/strong><\/p>\n<p>&nbsp;<\/p>\n<p><strong>Lecci\u00f3n 8: Manual del Investigador<\/strong><\/p>\n<p>&nbsp;<\/p>\n<p><strong>Lecci\u00f3n 9: Documentos y registros esenciales para la realizaci\u00f3n de un ensayo cl\u00ednico<\/strong><\/p>\n<p>&nbsp;<\/p>\n<p><strong>Conclusi\u00f3n<\/strong><\/p>\n<p>&nbsp;<\/p>\n<p><strong>Glosario<\/strong><\/p>\n<p>&nbsp;<\/p>\n<p><strong>Evaluaci\u00f3n<\/strong><\/p>\n","protected":false},"excerpt":{"rendered":"<p>Mant\u00e9ngase al d\u00eda con los \u00faltimos est\u00e1ndares de Buenas Pr\u00e1cticas Cl\u00ednicas. Este curso de actualizaci\u00f3n ha sido completamente renovado en marzo de 2026 para reflejar la revisi\u00f3n ICH E6(R3) y est\u00e1 dise\u00f1ado para profesionales de la investigaci\u00f3n cl\u00ednica que ya poseen una base en BPC. A trav\u00e9s de ejercicios basados en escenarios, cuestionarios pr\u00e1cticos y [&hellip;]<\/p>\n","protected":false},"featured_media":55215,"template":"","meta":{"_acf_changed":false,"content-type":""},"product_brand":[],"product_cat":[275],"product_tag":[],"class_list":{"0":"post-57719","1":"product","2":"type-product","3":"status-publish","4":"has-post-thumbnail","6":"product_cat-gcp-ensayos-clinicos","8":"first","9":"instock","10":"taxable","11":"shipping-taxable","12":"purchasable","13":"product-type-subscription"},"bundled_by":[],"bundle_stock_status":"instock","bundle_stock_quantity":null,"bundle_virtual":false,"bundle_layout":"","bundle_add_to_cart_form_location":"","bundle_editable_in_cart":false,"bundle_sold_individually_context":"","bundle_item_grouping":"","bundle_min_size":"","bundle_max_size":"","bundle_price":[],"bundled_items":[],"bundle_sell_ids":[],"acf":[],"yoast_head":"<!-- This site is optimized with the Yoast SEO plugin v27.5 - https:\/\/yoast.com\/product\/yoast-seo-wordpress\/ -->\n<title>Curso Certificado de Actualizaci\u00f3n ICH-GCP E6(R3): Buenas Pr\u00e1cticas Cl\u00ednicas 2026<\/title>\n<meta name=\"description\" content=\"Actualice sus conocimientos de BPC con este curso certificado ICH-GCP E6(R3). Mantenga el cumplimiento, aplique las BPC en escenarios reales y obtenga una certificaci\u00f3n CPD\/CEU en l\u00ednea.\" \/>\n<meta name=\"robots\" content=\"index, follow, max-snippet:-1, max-image-preview:large, max-video-preview:-1\" \/>\n<link rel=\"canonical\" href=\"https:\/\/gxp-training.com\/es\/online-course\/curso-de-actualizacion-en-buenas-practicas-clinicas-2026-revision-ich-gcp-e6r3\/\" \/>\n<meta property=\"og:locale\" content=\"es_ES\" \/>\n<meta property=\"og:type\" content=\"article\" \/>\n<meta property=\"og:title\" content=\"Curso Certificado de Actualizaci\u00f3n ICH-GCP E6(R3): Buenas Pr\u00e1cticas Cl\u00ednicas 2026\" \/>\n<meta property=\"og:description\" content=\"Actualice sus conocimientos de BPC con este curso certificado ICH-GCP E6(R3). Mantenga el cumplimiento, aplique las BPC en escenarios reales y obtenga una certificaci\u00f3n CPD\/CEU en l\u00ednea.\" \/>\n<meta property=\"og:url\" content=\"https:\/\/gxp-training.com\/es\/online-course\/curso-de-actualizacion-en-buenas-practicas-clinicas-2026-revision-ich-gcp-e6r3\/\" \/>\n<meta property=\"og:site_name\" content=\"GxP Training : Certified Online Courses for Life Sciences\" \/>\n<meta property=\"og:image\" content=\"https:\/\/gxp-training.com\/wp-content\/uploads\/2025\/04\/GCP-Refresher-2026-Good-Clinical-Practice.png\" \/>\n\t<meta property=\"og:image:width\" content=\"900\" \/>\n\t<meta property=\"og:image:height\" content=\"627\" \/>\n\t<meta property=\"og:image:type\" content=\"image\/png\" \/>\n<meta name=\"twitter:card\" content=\"summary_large_image\" \/>\n<meta name=\"twitter:label1\" content=\"Tiempo de lectura\" \/>\n\t<meta name=\"twitter:data1\" content=\"2 minutos\" \/>\n<script type=\"application\/ld+json\" class=\"yoast-schema-graph\">{\"@context\":\"https:\\\/\\\/schema.org\",\"@graph\":[{\"@type\":\"WebPage\",\"@id\":\"https:\\\/\\\/gxp-training.com\\\/es\\\/online-course\\\/curso-de-actualizacion-en-buenas-practicas-clinicas-2026-revision-ich-gcp-e6r3\\\/\",\"url\":\"https:\\\/\\\/gxp-training.com\\\/es\\\/online-course\\\/curso-de-actualizacion-en-buenas-practicas-clinicas-2026-revision-ich-gcp-e6r3\\\/\",\"name\":\"Curso Certificado de Actualizaci\u00f3n ICH-GCP E6(R3): Buenas Pr\u00e1cticas Cl\u00ednicas 2026\",\"isPartOf\":{\"@id\":\"https:\\\/\\\/gxp-training.com\\\/es\\\/#website\"},\"primaryImageOfPage\":{\"@id\":\"https:\\\/\\\/gxp-training.com\\\/es\\\/online-course\\\/curso-de-actualizacion-en-buenas-practicas-clinicas-2026-revision-ich-gcp-e6r3\\\/#primaryimage\"},\"image\":{\"@id\":\"https:\\\/\\\/gxp-training.com\\\/es\\\/online-course\\\/curso-de-actualizacion-en-buenas-practicas-clinicas-2026-revision-ich-gcp-e6r3\\\/#primaryimage\"},\"thumbnailUrl\":\"https:\\\/\\\/gxp-training.com\\\/wp-content\\\/uploads\\\/2025\\\/04\\\/GCP-Refresher-2026-Good-Clinical-Practice.png\",\"datePublished\":\"2025-04-17T10:00:41+00:00\",\"description\":\"Actualice sus conocimientos de BPC con este curso certificado ICH-GCP E6(R3). Mantenga el cumplimiento, aplique las BPC en escenarios reales y obtenga una certificaci\u00f3n CPD\\\/CEU en l\u00ednea.\",\"breadcrumb\":{\"@id\":\"https:\\\/\\\/gxp-training.com\\\/es\\\/online-course\\\/curso-de-actualizacion-en-buenas-practicas-clinicas-2026-revision-ich-gcp-e6r3\\\/#breadcrumb\"},\"inLanguage\":\"es\",\"potentialAction\":[{\"@type\":\"ReadAction\",\"target\":[\"https:\\\/\\\/gxp-training.com\\\/es\\\/online-course\\\/curso-de-actualizacion-en-buenas-practicas-clinicas-2026-revision-ich-gcp-e6r3\\\/\"]}]},{\"@type\":\"ImageObject\",\"inLanguage\":\"es\",\"@id\":\"https:\\\/\\\/gxp-training.com\\\/es\\\/online-course\\\/curso-de-actualizacion-en-buenas-practicas-clinicas-2026-revision-ich-gcp-e6r3\\\/#primaryimage\",\"url\":\"https:\\\/\\\/gxp-training.com\\\/wp-content\\\/uploads\\\/2025\\\/04\\\/GCP-Refresher-2026-Good-Clinical-Practice.png\",\"contentUrl\":\"https:\\\/\\\/gxp-training.com\\\/wp-content\\\/uploads\\\/2025\\\/04\\\/GCP-Refresher-2026-Good-Clinical-Practice.png\",\"width\":900,\"height\":627},{\"@type\":\"BreadcrumbList\",\"@id\":\"https:\\\/\\\/gxp-training.com\\\/es\\\/online-course\\\/curso-de-actualizacion-en-buenas-practicas-clinicas-2026-revision-ich-gcp-e6r3\\\/#breadcrumb\",\"itemListElement\":[{\"@type\":\"ListItem\",\"position\":1,\"name\":\"Inicio\",\"item\":\"https:\\\/\\\/gxp-training.com\\\/es\\\/pagina-de-inicio\\\/\"},{\"@type\":\"ListItem\",\"position\":2,\"name\":\"Productos\",\"item\":\"https:\\\/\\\/gxp-training.com\\\/es\\\/shop\\\/\"},{\"@type\":\"ListItem\",\"position\":3,\"name\":\"Curso de Actualizaci\u00f3n en Buenas Pr\u00e1cticas Cl\u00ednicas 2026: Revisi\u00f3n ICH-GCP E6(R3)\"}]},{\"@type\":\"WebSite\",\"@id\":\"https:\\\/\\\/gxp-training.com\\\/es\\\/#website\",\"url\":\"https:\\\/\\\/gxp-training.com\\\/es\\\/\",\"name\":\"GxP Training : Certified Online Courses for Life Sciences\",\"description\":\"Online Trainings and Certified Courses in Regulatory Compliance for Pharmaceutical Experts\",\"publisher\":{\"@id\":\"https:\\\/\\\/gxp-training.com\\\/es\\\/#organization\"},\"potentialAction\":[{\"@type\":\"SearchAction\",\"target\":{\"@type\":\"EntryPoint\",\"urlTemplate\":\"https:\\\/\\\/gxp-training.com\\\/es\\\/?s={search_term_string}\"},\"query-input\":{\"@type\":\"PropertyValueSpecification\",\"valueRequired\":true,\"valueName\":\"search_term_string\"}}],\"inLanguage\":\"es\"},{\"@type\":\"Organization\",\"@id\":\"https:\\\/\\\/gxp-training.com\\\/es\\\/#organization\",\"name\":\"GXP Training\",\"url\":\"https:\\\/\\\/gxp-training.com\\\/es\\\/\",\"logo\":{\"@type\":\"ImageObject\",\"inLanguage\":\"es\",\"@id\":\"https:\\\/\\\/gxp-training.com\\\/es\\\/#\\\/schema\\\/logo\\\/image\\\/\",\"url\":\"https:\\\/\\\/gxp-training.com\\\/wp-content\\\/uploads\\\/2022\\\/05\\\/logo-resize.png\",\"contentUrl\":\"https:\\\/\\\/gxp-training.com\\\/wp-content\\\/uploads\\\/2022\\\/05\\\/logo-resize.png\",\"width\":350,\"height\":100,\"caption\":\"GXP Training\"},\"image\":{\"@id\":\"https:\\\/\\\/gxp-training.com\\\/es\\\/#\\\/schema\\\/logo\\\/image\\\/\"}}]}<\/script>\n<!-- \/ Yoast SEO plugin. -->","yoast_head_json":{"title":"Curso Certificado de Actualizaci\u00f3n ICH-GCP E6(R3): Buenas Pr\u00e1cticas Cl\u00ednicas 2026","description":"Actualice sus conocimientos de BPC con este curso certificado ICH-GCP E6(R3). Mantenga el cumplimiento, aplique las BPC en escenarios reales y obtenga una certificaci\u00f3n CPD\/CEU en l\u00ednea.","robots":{"index":"index","follow":"follow","max-snippet":"max-snippet:-1","max-image-preview":"max-image-preview:large","max-video-preview":"max-video-preview:-1"},"canonical":"https:\/\/gxp-training.com\/es\/online-course\/curso-de-actualizacion-en-buenas-practicas-clinicas-2026-revision-ich-gcp-e6r3\/","og_locale":"es_ES","og_type":"article","og_title":"Curso Certificado de Actualizaci\u00f3n ICH-GCP E6(R3): Buenas Pr\u00e1cticas Cl\u00ednicas 2026","og_description":"Actualice sus conocimientos de BPC con este curso certificado ICH-GCP E6(R3). Mantenga el cumplimiento, aplique las BPC en escenarios reales y obtenga una certificaci\u00f3n CPD\/CEU en l\u00ednea.","og_url":"https:\/\/gxp-training.com\/es\/online-course\/curso-de-actualizacion-en-buenas-practicas-clinicas-2026-revision-ich-gcp-e6r3\/","og_site_name":"GxP Training : Certified Online Courses for Life Sciences","og_image":[{"width":900,"height":627,"url":"https:\/\/gxp-training.com\/wp-content\/uploads\/2025\/04\/GCP-Refresher-2026-Good-Clinical-Practice.png","type":"image\/png"}],"twitter_card":"summary_large_image","twitter_misc":{"Tiempo de lectura":"2 minutos"},"schema":{"@context":"https:\/\/schema.org","@graph":[{"@type":"WebPage","@id":"https:\/\/gxp-training.com\/es\/online-course\/curso-de-actualizacion-en-buenas-practicas-clinicas-2026-revision-ich-gcp-e6r3\/","url":"https:\/\/gxp-training.com\/es\/online-course\/curso-de-actualizacion-en-buenas-practicas-clinicas-2026-revision-ich-gcp-e6r3\/","name":"Curso Certificado de Actualizaci\u00f3n ICH-GCP E6(R3): Buenas Pr\u00e1cticas Cl\u00ednicas 2026","isPartOf":{"@id":"https:\/\/gxp-training.com\/es\/#website"},"primaryImageOfPage":{"@id":"https:\/\/gxp-training.com\/es\/online-course\/curso-de-actualizacion-en-buenas-practicas-clinicas-2026-revision-ich-gcp-e6r3\/#primaryimage"},"image":{"@id":"https:\/\/gxp-training.com\/es\/online-course\/curso-de-actualizacion-en-buenas-practicas-clinicas-2026-revision-ich-gcp-e6r3\/#primaryimage"},"thumbnailUrl":"https:\/\/gxp-training.com\/wp-content\/uploads\/2025\/04\/GCP-Refresher-2026-Good-Clinical-Practice.png","datePublished":"2025-04-17T10:00:41+00:00","description":"Actualice sus conocimientos de BPC con este curso certificado ICH-GCP E6(R3). Mantenga el cumplimiento, aplique las BPC en escenarios reales y obtenga una certificaci\u00f3n CPD\/CEU en l\u00ednea.","breadcrumb":{"@id":"https:\/\/gxp-training.com\/es\/online-course\/curso-de-actualizacion-en-buenas-practicas-clinicas-2026-revision-ich-gcp-e6r3\/#breadcrumb"},"inLanguage":"es","potentialAction":[{"@type":"ReadAction","target":["https:\/\/gxp-training.com\/es\/online-course\/curso-de-actualizacion-en-buenas-practicas-clinicas-2026-revision-ich-gcp-e6r3\/"]}]},{"@type":"ImageObject","inLanguage":"es","@id":"https:\/\/gxp-training.com\/es\/online-course\/curso-de-actualizacion-en-buenas-practicas-clinicas-2026-revision-ich-gcp-e6r3\/#primaryimage","url":"https:\/\/gxp-training.com\/wp-content\/uploads\/2025\/04\/GCP-Refresher-2026-Good-Clinical-Practice.png","contentUrl":"https:\/\/gxp-training.com\/wp-content\/uploads\/2025\/04\/GCP-Refresher-2026-Good-Clinical-Practice.png","width":900,"height":627},{"@type":"BreadcrumbList","@id":"https:\/\/gxp-training.com\/es\/online-course\/curso-de-actualizacion-en-buenas-practicas-clinicas-2026-revision-ich-gcp-e6r3\/#breadcrumb","itemListElement":[{"@type":"ListItem","position":1,"name":"Inicio","item":"https:\/\/gxp-training.com\/es\/pagina-de-inicio\/"},{"@type":"ListItem","position":2,"name":"Productos","item":"https:\/\/gxp-training.com\/es\/shop\/"},{"@type":"ListItem","position":3,"name":"Curso de Actualizaci\u00f3n en Buenas Pr\u00e1cticas Cl\u00ednicas 2026: Revisi\u00f3n ICH-GCP E6(R3)"}]},{"@type":"WebSite","@id":"https:\/\/gxp-training.com\/es\/#website","url":"https:\/\/gxp-training.com\/es\/","name":"GxP Training : Certified Online Courses for Life Sciences","description":"Online Trainings and Certified Courses in Regulatory Compliance for Pharmaceutical Experts","publisher":{"@id":"https:\/\/gxp-training.com\/es\/#organization"},"potentialAction":[{"@type":"SearchAction","target":{"@type":"EntryPoint","urlTemplate":"https:\/\/gxp-training.com\/es\/?s={search_term_string}"},"query-input":{"@type":"PropertyValueSpecification","valueRequired":true,"valueName":"search_term_string"}}],"inLanguage":"es"},{"@type":"Organization","@id":"https:\/\/gxp-training.com\/es\/#organization","name":"GXP Training","url":"https:\/\/gxp-training.com\/es\/","logo":{"@type":"ImageObject","inLanguage":"es","@id":"https:\/\/gxp-training.com\/es\/#\/schema\/logo\/image\/","url":"https:\/\/gxp-training.com\/wp-content\/uploads\/2022\/05\/logo-resize.png","contentUrl":"https:\/\/gxp-training.com\/wp-content\/uploads\/2022\/05\/logo-resize.png","width":350,"height":100,"caption":"GXP Training"},"image":{"@id":"https:\/\/gxp-training.com\/es\/#\/schema\/logo\/image\/"}}]}},"_links":{"self":[{"href":"https:\/\/gxp-training.com\/es\/wp-json\/wp\/v2\/product\/57719","targetHints":{"allow":["GET"]}}],"collection":[{"href":"https:\/\/gxp-training.com\/es\/wp-json\/wp\/v2\/product"}],"about":[{"href":"https:\/\/gxp-training.com\/es\/wp-json\/wp\/v2\/types\/product"}],"wp:featuredmedia":[{"embeddable":true,"href":"https:\/\/gxp-training.com\/es\/wp-json\/wp\/v2\/media\/55215"}],"wp:attachment":[{"href":"https:\/\/gxp-training.com\/es\/wp-json\/wp\/v2\/media?parent=57719"}],"wp:term":[{"taxonomy":"product_brand","embeddable":true,"href":"https:\/\/gxp-training.com\/es\/wp-json\/wp\/v2\/product_brand?post=57719"},{"taxonomy":"product_cat","embeddable":true,"href":"https:\/\/gxp-training.com\/es\/wp-json\/wp\/v2\/product_cat?post=57719"},{"taxonomy":"product_tag","embeddable":true,"href":"https:\/\/gxp-training.com\/es\/wp-json\/wp\/v2\/product_tag?post=57719"}],"curies":[{"name":"wp","href":"https:\/\/api.w.org\/{rel}","templated":true}]}}