{"id":57705,"date":"2022-12-26T12:43:34","date_gmt":"2022-12-26T12:43:34","guid":{"rendered":"https:\/\/gxp-training.com\/online-course\/gmp-para-la-seguridad-alimentaria-e-iso-22000\/"},"modified":"2022-12-26T12:43:34","modified_gmt":"2022-12-26T11:43:34","slug":"gmp-para-la-seguridad-alimentaria-e-iso-22000","status":"publish","type":"product","link":"https:\/\/gxp-training.com\/es\/online-course\/gmp-para-la-seguridad-alimentaria-e-iso-22000\/","title":{"rendered":"GMP para la Seguridad Alimentaria e ISO 22000"},"content":{"rendered":"<p>El sistema alimentario es una compleja cadena de actividades, que comienza con la producci\u00f3n de productos agr\u00edcolas en las granjas, pasando por el proceso de fabricaci\u00f3n, seguido por el comercio minorista y, posiblemente, los establecimientos de servicios alimentarios, donde los alimentos se preparan para ser vendidos y consumidos. Con el crecimiento de la industria alimentaria, las pr\u00e1cticas de seguridad alimentaria y sanitarias m\u00e1s concentradas y diversificadas han adquirido una nueva importancia en la protecci\u00f3n de la salud p\u00fablica. Las <a href=\"https:\/\/gxp-training.com\/es\/online-course\/introduccion-a-las-buenas-practicas-de-fabricacion-bpf\/\">buenas pr\u00e1cticas de fabricaci\u00f3n<\/a> son los requisitos sanitarios y de procesamiento m\u00ednimos para la industria alimentaria y de envasado, con el fin de garantizar la producci\u00f3n de alimentos saludables, en lo que respecta a la seguridad alimentaria, la calidad y los requisitos legales. <\/p>\n<div class=\"noOutline\" data-ba-index=\"16\" data-ba=\"lessonEdit.block\" data-block-id=\"clbey4v780069286ks55150aq\">\n<div>\n<div class=\"block-image block-image--hero block-image--legacy \" data-ba=\"blocks.blockImage\">\n<div class=\"block-image__container\">\n<div class=\"block-image__row\">\n<div class=\"block-image__col\">\n<div>\n<div class=\"animated fadeIn\">\n<figure class=\"block-image__figure\" role=\"figure\" aria-labelledby=\"figcaption-clbey4v79006a286kl3se2chg\">\n<div class=\"block-image__image\"><\/div>\n<\/figure>\n<\/div>\n<\/div>\n<\/div>\n<\/div>\n<\/div>\n<\/div>\n<\/div>\n<\/div>\n<p>En este curso, ofrecemos una s\u00edntesis del tema a trav\u00e9s de una experiencia interactiva en l\u00ednea. Este material fue elaborado por un equipo de Expertos en Asuntos Regulatorios con una cualificaci\u00f3n de la Northeastern University, Boston, dirigido por un Miembro Senior capaz de articular la teor\u00eda con la pr\u00e1ctica. <\/p>\n<p>&nbsp;<\/p>\n<h3>Plan de estudios<\/h3>\n<p>&nbsp;<\/p>\n<p><strong>Introducci\u00f3n<\/strong><\/p>\n<p>&nbsp;<\/p>\n<p><strong>Lecci\u00f3n 1: Requisitos cubiertos en la normativa<\/strong><\/p>\n<ul>\n<li>Instalaciones y locales<\/li>\n<li>Equipos y maquinaria de producci\u00f3n<\/li>\n<li>Materia prima y equipos<\/li>\n<li>Control de equipos de fabricaci\u00f3n<\/li>\n<li>Almacenamiento, recepci\u00f3n y entrega<\/li>\n<li>Higiene y formaci\u00f3n del personal<\/li>\n<li>Limpieza y saneamiento<\/li>\n<li>Control de plagas<\/li>\n<li>Identificaci\u00f3n y trazabilidad<\/li>\n<li>Informaci\u00f3n del producto \/ Concienciaci\u00f3n del consumidor<\/li>\n<li>Defensa Alimentaria<\/li>\n<\/ul>\n<p>&nbsp;<\/p>\n<p><strong>Lecci\u00f3n 2: Preparaci\u00f3n de la documentaci\u00f3n<\/strong><\/p>\n<p>&nbsp;<\/p>\n<p><strong>Lecci\u00f3n 3: Implementaci\u00f3n<\/strong><\/p>\n<ul>\n<li>Capacite a su personal<\/li>\n<li>Verificaci\u00f3n de su cumplimiento<\/li>\n<li>Medidas<\/li>\n<\/ul>\n<p>&nbsp;<\/p>\n<p><strong>Lecci\u00f3n 4: Conceptos b\u00e1sicos de auditor\u00eda interna<\/strong><\/p>\n<p>&nbsp;<\/p>\n<p><strong>Glosario<\/strong><\/p>\n<p>&nbsp;<\/p>\n<p><strong>Conclusi\u00f3n<\/strong><\/p>\n<p>&nbsp;<\/p>\n<p><strong>Evaluaci\u00f3n<\/strong><\/p>\n","protected":false},"excerpt":{"rendered":"<p>El sistema alimentario es una compleja cadena de actividades, que comienza con la producci\u00f3n de productos agr\u00edcolas en las granjas, pasando por el proceso de fabricaci\u00f3n, seguido por el comercio minorista y, posiblemente, los establecimientos de servicios alimentarios, donde los alimentos se preparan para ser vendidos y consumidos. Con el crecimiento de la industria alimentaria, [&hellip;]<\/p>\n","protected":false},"featured_media":43278,"template":"","meta":{"_acf_changed":false,"content-type":""},"product_brand":[],"product_cat":[282,265],"product_tag":[],"class_list":{"0":"post-57705","1":"product","2":"type-product","3":"status-publish","4":"has-post-thumbnail","6":"product_cat-alimentacion-y-nutricion","7":"product_cat-bpf-buenas-practicas-de-fabricacion","9":"first","10":"instock","11":"taxable","12":"shipping-taxable","13":"purchasable","14":"product-type-simple"},"bundled_by":[],"bundle_stock_status":"instock","bundle_stock_quantity":null,"bundle_virtual":false,"bundle_layout":"","bundle_add_to_cart_form_location":"","bundle_editable_in_cart":false,"bundle_sold_individually_context":"","bundle_item_grouping":"","bundle_min_size":"","bundle_max_size":"","bundle_price":[],"bundled_items":[],"bundle_sell_ids":[],"acf":[],"yoast_head":"<!-- This site is optimized with the Yoast SEO plugin v27.5 - https:\/\/yoast.com\/product\/yoast-seo-wordpress\/ -->\n<title>Curso en l\u00ednea y Certificaci\u00f3n de GMP para la Seguridad Alimentaria (ISO 22000)<\/title>\n<meta name=\"description\" content=\"Curso en l\u00ednea y Certificaci\u00f3n de GMP para la Seguridad Alimentaria e ISO 22000. Inicie su formaci\u00f3n con los mejores expertos en GMP y obtenga su certificaci\u00f3n. Acreditado por CPD \/ CEU.\" \/>\n<meta name=\"robots\" content=\"index, follow, max-snippet:-1, max-image-preview:large, max-video-preview:-1\" \/>\n<link rel=\"canonical\" href=\"https:\/\/gxp-training.com\/es\/online-course\/gmp-para-la-seguridad-alimentaria-e-iso-22000\/\" \/>\n<meta property=\"og:locale\" content=\"es_ES\" \/>\n<meta property=\"og:type\" content=\"article\" \/>\n<meta property=\"og:title\" content=\"Curso en l\u00ednea y Certificaci\u00f3n de GMP para la Seguridad Alimentaria (ISO 22000)\" \/>\n<meta property=\"og:description\" content=\"Curso en l\u00ednea y Certificaci\u00f3n de GMP para la Seguridad Alimentaria e ISO 22000. Inicie su formaci\u00f3n con los mejores expertos en GMP y obtenga su certificaci\u00f3n. Acreditado por CPD \/ CEU.\" \/>\n<meta property=\"og:url\" content=\"https:\/\/gxp-training.com\/es\/online-course\/gmp-para-la-seguridad-alimentaria-e-iso-22000\/\" \/>\n<meta property=\"og:site_name\" content=\"GxP Training : Certified Online Courses for Life Sciences\" \/>\n<meta property=\"og:image\" content=\"https:\/\/gxp-training.com\/wp-content\/uploads\/2022\/12\/GMP-for-Food-Safety.png\" \/>\n\t<meta property=\"og:image:width\" content=\"900\" \/>\n\t<meta property=\"og:image:height\" content=\"627\" \/>\n\t<meta property=\"og:image:type\" content=\"image\/png\" \/>\n<meta name=\"twitter:card\" content=\"summary_large_image\" \/>\n<meta name=\"twitter:label1\" content=\"Tiempo de lectura\" \/>\n\t<meta name=\"twitter:data1\" content=\"1 minuto\" \/>\n<script type=\"application\/ld+json\" class=\"yoast-schema-graph\">{\"@context\":\"https:\\\/\\\/schema.org\",\"@graph\":[{\"@type\":\"WebPage\",\"@id\":\"https:\\\/\\\/gxp-training.com\\\/es\\\/online-course\\\/gmp-para-la-seguridad-alimentaria-e-iso-22000\\\/\",\"url\":\"https:\\\/\\\/gxp-training.com\\\/es\\\/online-course\\\/gmp-para-la-seguridad-alimentaria-e-iso-22000\\\/\",\"name\":\"Curso en l\u00ednea y Certificaci\u00f3n de GMP para la Seguridad Alimentaria (ISO 22000)\",\"isPartOf\":{\"@id\":\"https:\\\/\\\/gxp-training.com\\\/es\\\/#website\"},\"primaryImageOfPage\":{\"@id\":\"https:\\\/\\\/gxp-training.com\\\/es\\\/online-course\\\/gmp-para-la-seguridad-alimentaria-e-iso-22000\\\/#primaryimage\"},\"image\":{\"@id\":\"https:\\\/\\\/gxp-training.com\\\/es\\\/online-course\\\/gmp-para-la-seguridad-alimentaria-e-iso-22000\\\/#primaryimage\"},\"thumbnailUrl\":\"https:\\\/\\\/gxp-training.com\\\/wp-content\\\/uploads\\\/2022\\\/12\\\/GMP-for-Food-Safety.png\",\"datePublished\":\"2022-12-26T12:43:34+00:00\",\"description\":\"Curso en l\u00ednea y Certificaci\u00f3n de GMP para la Seguridad Alimentaria e ISO 22000. Inicie su formaci\u00f3n con los mejores expertos en GMP y obtenga su certificaci\u00f3n. Acreditado por CPD \\\/ CEU.\",\"breadcrumb\":{\"@id\":\"https:\\\/\\\/gxp-training.com\\\/es\\\/online-course\\\/gmp-para-la-seguridad-alimentaria-e-iso-22000\\\/#breadcrumb\"},\"inLanguage\":\"es\",\"potentialAction\":[{\"@type\":\"ReadAction\",\"target\":[\"https:\\\/\\\/gxp-training.com\\\/es\\\/online-course\\\/gmp-para-la-seguridad-alimentaria-e-iso-22000\\\/\"]}]},{\"@type\":\"ImageObject\",\"inLanguage\":\"es\",\"@id\":\"https:\\\/\\\/gxp-training.com\\\/es\\\/online-course\\\/gmp-para-la-seguridad-alimentaria-e-iso-22000\\\/#primaryimage\",\"url\":\"https:\\\/\\\/gxp-training.com\\\/wp-content\\\/uploads\\\/2022\\\/12\\\/GMP-for-Food-Safety.png\",\"contentUrl\":\"https:\\\/\\\/gxp-training.com\\\/wp-content\\\/uploads\\\/2022\\\/12\\\/GMP-for-Food-Safety.png\",\"width\":900,\"height\":627},{\"@type\":\"BreadcrumbList\",\"@id\":\"https:\\\/\\\/gxp-training.com\\\/es\\\/online-course\\\/gmp-para-la-seguridad-alimentaria-e-iso-22000\\\/#breadcrumb\",\"itemListElement\":[{\"@type\":\"ListItem\",\"position\":1,\"name\":\"Inicio\",\"item\":\"https:\\\/\\\/gxp-training.com\\\/es\\\/pagina-de-inicio\\\/\"},{\"@type\":\"ListItem\",\"position\":2,\"name\":\"Productos\",\"item\":\"https:\\\/\\\/gxp-training.com\\\/es\\\/shop\\\/\"},{\"@type\":\"ListItem\",\"position\":3,\"name\":\"GMP para la Seguridad Alimentaria e ISO 22000\"}]},{\"@type\":\"WebSite\",\"@id\":\"https:\\\/\\\/gxp-training.com\\\/es\\\/#website\",\"url\":\"https:\\\/\\\/gxp-training.com\\\/es\\\/\",\"name\":\"GxP Training : Certified Online Courses for Life Sciences\",\"description\":\"Online Trainings and Certified Courses in Regulatory Compliance for Pharmaceutical Experts\",\"publisher\":{\"@id\":\"https:\\\/\\\/gxp-training.com\\\/es\\\/#organization\"},\"potentialAction\":[{\"@type\":\"SearchAction\",\"target\":{\"@type\":\"EntryPoint\",\"urlTemplate\":\"https:\\\/\\\/gxp-training.com\\\/es\\\/?s={search_term_string}\"},\"query-input\":{\"@type\":\"PropertyValueSpecification\",\"valueRequired\":true,\"valueName\":\"search_term_string\"}}],\"inLanguage\":\"es\"},{\"@type\":\"Organization\",\"@id\":\"https:\\\/\\\/gxp-training.com\\\/es\\\/#organization\",\"name\":\"GXP Training\",\"url\":\"https:\\\/\\\/gxp-training.com\\\/es\\\/\",\"logo\":{\"@type\":\"ImageObject\",\"inLanguage\":\"es\",\"@id\":\"https:\\\/\\\/gxp-training.com\\\/es\\\/#\\\/schema\\\/logo\\\/image\\\/\",\"url\":\"https:\\\/\\\/gxp-training.com\\\/wp-content\\\/uploads\\\/2022\\\/05\\\/logo-resize.png\",\"contentUrl\":\"https:\\\/\\\/gxp-training.com\\\/wp-content\\\/uploads\\\/2022\\\/05\\\/logo-resize.png\",\"width\":350,\"height\":100,\"caption\":\"GXP Training\"},\"image\":{\"@id\":\"https:\\\/\\\/gxp-training.com\\\/es\\\/#\\\/schema\\\/logo\\\/image\\\/\"}}]}<\/script>\n<!-- \/ Yoast SEO plugin. -->","yoast_head_json":{"title":"Curso en l\u00ednea y Certificaci\u00f3n de GMP para la Seguridad Alimentaria (ISO 22000)","description":"Curso en l\u00ednea y Certificaci\u00f3n de GMP para la Seguridad Alimentaria e ISO 22000. Inicie su formaci\u00f3n con los mejores expertos en GMP y obtenga su certificaci\u00f3n. Acreditado por CPD \/ CEU.","robots":{"index":"index","follow":"follow","max-snippet":"max-snippet:-1","max-image-preview":"max-image-preview:large","max-video-preview":"max-video-preview:-1"},"canonical":"https:\/\/gxp-training.com\/es\/online-course\/gmp-para-la-seguridad-alimentaria-e-iso-22000\/","og_locale":"es_ES","og_type":"article","og_title":"Curso en l\u00ednea y Certificaci\u00f3n de GMP para la Seguridad Alimentaria (ISO 22000)","og_description":"Curso en l\u00ednea y Certificaci\u00f3n de GMP para la Seguridad Alimentaria e ISO 22000. Inicie su formaci\u00f3n con los mejores expertos en GMP y obtenga su certificaci\u00f3n. Acreditado por CPD \/ CEU.","og_url":"https:\/\/gxp-training.com\/es\/online-course\/gmp-para-la-seguridad-alimentaria-e-iso-22000\/","og_site_name":"GxP Training : Certified Online Courses for Life Sciences","og_image":[{"width":900,"height":627,"url":"https:\/\/gxp-training.com\/wp-content\/uploads\/2022\/12\/GMP-for-Food-Safety.png","type":"image\/png"}],"twitter_card":"summary_large_image","twitter_misc":{"Tiempo de lectura":"1 minuto"},"schema":{"@context":"https:\/\/schema.org","@graph":[{"@type":"WebPage","@id":"https:\/\/gxp-training.com\/es\/online-course\/gmp-para-la-seguridad-alimentaria-e-iso-22000\/","url":"https:\/\/gxp-training.com\/es\/online-course\/gmp-para-la-seguridad-alimentaria-e-iso-22000\/","name":"Curso en l\u00ednea y Certificaci\u00f3n de GMP para la Seguridad Alimentaria (ISO 22000)","isPartOf":{"@id":"https:\/\/gxp-training.com\/es\/#website"},"primaryImageOfPage":{"@id":"https:\/\/gxp-training.com\/es\/online-course\/gmp-para-la-seguridad-alimentaria-e-iso-22000\/#primaryimage"},"image":{"@id":"https:\/\/gxp-training.com\/es\/online-course\/gmp-para-la-seguridad-alimentaria-e-iso-22000\/#primaryimage"},"thumbnailUrl":"https:\/\/gxp-training.com\/wp-content\/uploads\/2022\/12\/GMP-for-Food-Safety.png","datePublished":"2022-12-26T12:43:34+00:00","description":"Curso en l\u00ednea y Certificaci\u00f3n de GMP para la Seguridad Alimentaria e ISO 22000. Inicie su formaci\u00f3n con los mejores expertos en GMP y obtenga su certificaci\u00f3n. Acreditado por CPD \/ CEU.","breadcrumb":{"@id":"https:\/\/gxp-training.com\/es\/online-course\/gmp-para-la-seguridad-alimentaria-e-iso-22000\/#breadcrumb"},"inLanguage":"es","potentialAction":[{"@type":"ReadAction","target":["https:\/\/gxp-training.com\/es\/online-course\/gmp-para-la-seguridad-alimentaria-e-iso-22000\/"]}]},{"@type":"ImageObject","inLanguage":"es","@id":"https:\/\/gxp-training.com\/es\/online-course\/gmp-para-la-seguridad-alimentaria-e-iso-22000\/#primaryimage","url":"https:\/\/gxp-training.com\/wp-content\/uploads\/2022\/12\/GMP-for-Food-Safety.png","contentUrl":"https:\/\/gxp-training.com\/wp-content\/uploads\/2022\/12\/GMP-for-Food-Safety.png","width":900,"height":627},{"@type":"BreadcrumbList","@id":"https:\/\/gxp-training.com\/es\/online-course\/gmp-para-la-seguridad-alimentaria-e-iso-22000\/#breadcrumb","itemListElement":[{"@type":"ListItem","position":1,"name":"Inicio","item":"https:\/\/gxp-training.com\/es\/pagina-de-inicio\/"},{"@type":"ListItem","position":2,"name":"Productos","item":"https:\/\/gxp-training.com\/es\/shop\/"},{"@type":"ListItem","position":3,"name":"GMP para la Seguridad Alimentaria e ISO 22000"}]},{"@type":"WebSite","@id":"https:\/\/gxp-training.com\/es\/#website","url":"https:\/\/gxp-training.com\/es\/","name":"GxP Training : Certified Online Courses for Life Sciences","description":"Online Trainings and Certified Courses in Regulatory Compliance for Pharmaceutical Experts","publisher":{"@id":"https:\/\/gxp-training.com\/es\/#organization"},"potentialAction":[{"@type":"SearchAction","target":{"@type":"EntryPoint","urlTemplate":"https:\/\/gxp-training.com\/es\/?s={search_term_string}"},"query-input":{"@type":"PropertyValueSpecification","valueRequired":true,"valueName":"search_term_string"}}],"inLanguage":"es"},{"@type":"Organization","@id":"https:\/\/gxp-training.com\/es\/#organization","name":"GXP Training","url":"https:\/\/gxp-training.com\/es\/","logo":{"@type":"ImageObject","inLanguage":"es","@id":"https:\/\/gxp-training.com\/es\/#\/schema\/logo\/image\/","url":"https:\/\/gxp-training.com\/wp-content\/uploads\/2022\/05\/logo-resize.png","contentUrl":"https:\/\/gxp-training.com\/wp-content\/uploads\/2022\/05\/logo-resize.png","width":350,"height":100,"caption":"GXP Training"},"image":{"@id":"https:\/\/gxp-training.com\/es\/#\/schema\/logo\/image\/"}}]}},"_links":{"self":[{"href":"https:\/\/gxp-training.com\/es\/wp-json\/wp\/v2\/product\/57705","targetHints":{"allow":["GET"]}}],"collection":[{"href":"https:\/\/gxp-training.com\/es\/wp-json\/wp\/v2\/product"}],"about":[{"href":"https:\/\/gxp-training.com\/es\/wp-json\/wp\/v2\/types\/product"}],"wp:featuredmedia":[{"embeddable":true,"href":"https:\/\/gxp-training.com\/es\/wp-json\/wp\/v2\/media\/43278"}],"wp:attachment":[{"href":"https:\/\/gxp-training.com\/es\/wp-json\/wp\/v2\/media?parent=57705"}],"wp:term":[{"taxonomy":"product_brand","embeddable":true,"href":"https:\/\/gxp-training.com\/es\/wp-json\/wp\/v2\/product_brand?post=57705"},{"taxonomy":"product_cat","embeddable":true,"href":"https:\/\/gxp-training.com\/es\/wp-json\/wp\/v2\/product_cat?post=57705"},{"taxonomy":"product_tag","embeddable":true,"href":"https:\/\/gxp-training.com\/es\/wp-json\/wp\/v2\/product_tag?post=57705"}],"curies":[{"name":"wp","href":"https:\/\/api.w.org\/{rel}","templated":true}]}}