{"id":57682,"date":"2023-06-16T14:39:39","date_gmt":"2023-06-16T13:39:39","guid":{"rendered":"https:\/\/gxp-training.com\/online-course\/reglamento-de-productos-sanitarios-mdr-2017-745\/"},"modified":"2023-06-16T14:39:39","modified_gmt":"2023-06-16T12:39:39","slug":"reglamento-de-productos-sanitarios-mdr-2017-745","status":"publish","type":"product","link":"https:\/\/gxp-training.com\/es\/online-course\/reglamento-de-productos-sanitarios-mdr-2017-745\/","title":{"rendered":"Reglamento de Productos Sanitarios &#8211; MDR 2017\/745"},"content":{"rendered":"<p>Descubra la exhaustiva normativa del Reglamento de Productos Sanitarios (MDR) 2017\/745 de la Uni\u00f3n Europea con nuestro curso interactivo. Profundizamos en las complejas leyes que rigen la seguridad, eficacia y calidad de los productos sanitarios, cubriendo temas desde los requisitos de comercializaci\u00f3n hasta los m\u00e9todos de identificaci\u00f3n y trazabilidad. <\/p>\n<p>El curso tambi\u00e9n explora el papel de los organismos notificados, las evaluaciones de conformidad, las evaluaciones cl\u00ednicas y mucho m\u00e1s. Fundamentalmente, aprender\u00e1 sobre las pr\u00e1cticas de vigilancia poscomercializaci\u00f3n, la farmacovigilancia, la vigilancia del mercado y el uso de la Base de Datos Europea de Productos Sanitarios (Eudamed). <\/p>\n<p>En este curso, ofrecemos una s\u00edntesis del tema a trav\u00e9s de una experiencia online interactiva. Este material fue elaborado por un equipo de Expertos en Asuntos Regulatorios con una cualificaci\u00f3n de la Northeastern University, Boston, y pilotado por un Miembro Senior capaz de articular la teor\u00eda con la pr\u00e1ctica. <\/p>\n<p>&nbsp;<\/p>\n<h3>Temario:<\/h3>\n<p>&nbsp;<\/p>\n<p><strong>Introducci\u00f3n<\/strong><\/p>\n<p>&nbsp;<\/p>\n<p><strong>Lecci\u00f3n 1: Alcance y objetivos del MDR 2017\/745<\/strong><\/p>\n<p>&nbsp;<\/p>\n<p><strong>Lecci\u00f3n 2: Esquema del Reglamento &#8211; Cap\u00edtulos y Anexos<\/strong><\/p>\n<p>&nbsp;<\/p>\n<p><strong>Lecci\u00f3n 3: Requisitos para la comercializaci\u00f3n<\/strong><\/p>\n<p>&nbsp;<\/p>\n<p><strong>Lecci\u00f3n 4: Identificaci\u00f3n y trazabilidad<\/strong><\/p>\n<p>&nbsp;<\/p>\n<p><strong>Lecci\u00f3n 5: Organismos notificados<\/strong><\/p>\n<p>&nbsp;<\/p>\n<p><strong>Lecci\u00f3n 6: Evaluaci\u00f3n de la conformidad<\/strong><\/p>\n<p>&nbsp;<\/p>\n<p><strong>Lecci\u00f3n 7: Evaluaci\u00f3n cl\u00ednica e investigaci\u00f3n cl\u00ednica<\/strong><\/p>\n<p>&nbsp;<\/p>\n<p><strong>Lecci\u00f3n 8: Vigilancia poscomercializaci\u00f3n, farmacovigilancia y vigilancia del mercado<\/strong><\/p>\n<p>&nbsp;<\/p>\n<p><strong>Lecci\u00f3n 9: Base de Datos Europea de Productos Sanitarios (Eudamed)<\/strong><\/p>\n<p>&nbsp;<\/p>\n<p><strong>Glosario<\/strong><\/p>\n<p>&nbsp;<\/p>\n<p><strong>Evaluaci\u00f3n<\/strong><\/p>\n","protected":false},"excerpt":{"rendered":"<p>Descubra la exhaustiva normativa del Reglamento de Productos Sanitarios (MDR) 2017\/745 de la Uni\u00f3n Europea con nuestro curso interactivo. Profundizamos en las complejas leyes que rigen la seguridad, eficacia y calidad de los productos sanitarios, cubriendo temas desde los requisitos de comercializaci\u00f3n hasta los m\u00e9todos de identificaci\u00f3n y trazabilidad. El curso tambi\u00e9n explora el papel [&hellip;]<\/p>\n","protected":false},"featured_media":44020,"template":"","meta":{"_acf_changed":false,"content-type":""},"product_brand":[],"product_cat":[276,271,266],"product_tag":[],"class_list":{"0":"post-57682","1":"product","2":"type-product","3":"status-publish","4":"has-post-thumbnail","6":"product_cat-asuntos-regulatorios","7":"product_cat-garantia-de-calidad","8":"product_cat-productos-sanitarios","10":"first","11":"instock","12":"taxable","13":"shipping-taxable","14":"purchasable","15":"product-type-subscription"},"bundled_by":[],"bundle_stock_status":"instock","bundle_stock_quantity":null,"bundle_virtual":false,"bundle_layout":"","bundle_add_to_cart_form_location":"","bundle_editable_in_cart":false,"bundle_sold_individually_context":"","bundle_item_grouping":"","bundle_min_size":"","bundle_max_size":"","bundle_price":[],"bundled_items":[],"bundle_sell_ids":[],"acf":[],"yoast_head":"<!-- This site is optimized with the Yoast SEO plugin v27.5 - https:\/\/yoast.com\/product\/yoast-seo-wordpress\/ -->\n<title>Reglamento de Productos Sanitarios MDR 2017\/745 - Curso y Certificado<\/title>\n<meta name=\"description\" content=\"Descubra la normativa del Reglamento de Productos Sanitarios (MDR) 2017\/745 de la Uni\u00f3n Europea con nuestro Curso Online Certificado. \u00a1Obtenga su Certificaci\u00f3n Ahora!\" \/>\n<meta name=\"robots\" content=\"index, follow, max-snippet:-1, max-image-preview:large, max-video-preview:-1\" \/>\n<link rel=\"canonical\" href=\"https:\/\/gxp-training.com\/es\/online-course\/reglamento-de-productos-sanitarios-mdr-2017-745\/\" \/>\n<meta property=\"og:locale\" content=\"es_ES\" \/>\n<meta property=\"og:type\" content=\"article\" \/>\n<meta property=\"og:title\" content=\"Reglamento de Productos Sanitarios MDR 2017\/745 - Curso y Certificado\" \/>\n<meta property=\"og:description\" content=\"Descubra la normativa del Reglamento de Productos Sanitarios (MDR) 2017\/745 de la Uni\u00f3n Europea con nuestro Curso Online Certificado. \u00a1Obtenga su Certificaci\u00f3n Ahora!\" \/>\n<meta property=\"og:url\" content=\"https:\/\/gxp-training.com\/es\/online-course\/reglamento-de-productos-sanitarios-mdr-2017-745\/\" \/>\n<meta property=\"og:site_name\" content=\"GxP Training : Certified Online Courses for Life Sciences\" \/>\n<meta property=\"og:image\" content=\"https:\/\/gxp-training.com\/wp-content\/uploads\/2023\/06\/MDR-2017.png\" \/>\n\t<meta property=\"og:image:width\" content=\"900\" \/>\n\t<meta property=\"og:image:height\" content=\"627\" \/>\n\t<meta property=\"og:image:type\" content=\"image\/png\" \/>\n<meta name=\"twitter:card\" content=\"summary_large_image\" \/>\n<meta name=\"twitter:label1\" content=\"Tiempo de lectura\" \/>\n\t<meta name=\"twitter:data1\" content=\"1 minuto\" \/>\n<script type=\"application\/ld+json\" class=\"yoast-schema-graph\">{\"@context\":\"https:\\\/\\\/schema.org\",\"@graph\":[{\"@type\":\"WebPage\",\"@id\":\"https:\\\/\\\/gxp-training.com\\\/es\\\/online-course\\\/reglamento-de-productos-sanitarios-mdr-2017-745\\\/\",\"url\":\"https:\\\/\\\/gxp-training.com\\\/es\\\/online-course\\\/reglamento-de-productos-sanitarios-mdr-2017-745\\\/\",\"name\":\"Reglamento de Productos Sanitarios MDR 2017\\\/745 - Curso y Certificado\",\"isPartOf\":{\"@id\":\"https:\\\/\\\/gxp-training.com\\\/es\\\/#website\"},\"primaryImageOfPage\":{\"@id\":\"https:\\\/\\\/gxp-training.com\\\/es\\\/online-course\\\/reglamento-de-productos-sanitarios-mdr-2017-745\\\/#primaryimage\"},\"image\":{\"@id\":\"https:\\\/\\\/gxp-training.com\\\/es\\\/online-course\\\/reglamento-de-productos-sanitarios-mdr-2017-745\\\/#primaryimage\"},\"thumbnailUrl\":\"https:\\\/\\\/gxp-training.com\\\/wp-content\\\/uploads\\\/2023\\\/06\\\/MDR-2017.png\",\"datePublished\":\"2023-06-16T13:39:39+00:00\",\"description\":\"Descubra la normativa del Reglamento de Productos Sanitarios (MDR) 2017\\\/745 de la Uni\u00f3n Europea con nuestro Curso Online Certificado. \u00a1Obtenga su Certificaci\u00f3n Ahora!\",\"breadcrumb\":{\"@id\":\"https:\\\/\\\/gxp-training.com\\\/es\\\/online-course\\\/reglamento-de-productos-sanitarios-mdr-2017-745\\\/#breadcrumb\"},\"inLanguage\":\"es\",\"potentialAction\":[{\"@type\":\"ReadAction\",\"target\":[\"https:\\\/\\\/gxp-training.com\\\/es\\\/online-course\\\/reglamento-de-productos-sanitarios-mdr-2017-745\\\/\"]}]},{\"@type\":\"ImageObject\",\"inLanguage\":\"es\",\"@id\":\"https:\\\/\\\/gxp-training.com\\\/es\\\/online-course\\\/reglamento-de-productos-sanitarios-mdr-2017-745\\\/#primaryimage\",\"url\":\"https:\\\/\\\/gxp-training.com\\\/wp-content\\\/uploads\\\/2023\\\/06\\\/MDR-2017.png\",\"contentUrl\":\"https:\\\/\\\/gxp-training.com\\\/wp-content\\\/uploads\\\/2023\\\/06\\\/MDR-2017.png\",\"width\":900,\"height\":627},{\"@type\":\"BreadcrumbList\",\"@id\":\"https:\\\/\\\/gxp-training.com\\\/es\\\/online-course\\\/reglamento-de-productos-sanitarios-mdr-2017-745\\\/#breadcrumb\",\"itemListElement\":[{\"@type\":\"ListItem\",\"position\":1,\"name\":\"Inicio\",\"item\":\"https:\\\/\\\/gxp-training.com\\\/es\\\/pagina-de-inicio\\\/\"},{\"@type\":\"ListItem\",\"position\":2,\"name\":\"Productos\",\"item\":\"https:\\\/\\\/gxp-training.com\\\/es\\\/shop\\\/\"},{\"@type\":\"ListItem\",\"position\":3,\"name\":\"Reglamento de Productos Sanitarios &#8211; MDR 2017\\\/745\"}]},{\"@type\":\"WebSite\",\"@id\":\"https:\\\/\\\/gxp-training.com\\\/es\\\/#website\",\"url\":\"https:\\\/\\\/gxp-training.com\\\/es\\\/\",\"name\":\"GxP Training : Certified Online Courses for Life Sciences\",\"description\":\"Online Trainings and Certified Courses in Regulatory Compliance for Pharmaceutical Experts\",\"publisher\":{\"@id\":\"https:\\\/\\\/gxp-training.com\\\/es\\\/#organization\"},\"potentialAction\":[{\"@type\":\"SearchAction\",\"target\":{\"@type\":\"EntryPoint\",\"urlTemplate\":\"https:\\\/\\\/gxp-training.com\\\/es\\\/?s={search_term_string}\"},\"query-input\":{\"@type\":\"PropertyValueSpecification\",\"valueRequired\":true,\"valueName\":\"search_term_string\"}}],\"inLanguage\":\"es\"},{\"@type\":\"Organization\",\"@id\":\"https:\\\/\\\/gxp-training.com\\\/es\\\/#organization\",\"name\":\"GXP Training\",\"url\":\"https:\\\/\\\/gxp-training.com\\\/es\\\/\",\"logo\":{\"@type\":\"ImageObject\",\"inLanguage\":\"es\",\"@id\":\"https:\\\/\\\/gxp-training.com\\\/es\\\/#\\\/schema\\\/logo\\\/image\\\/\",\"url\":\"https:\\\/\\\/gxp-training.com\\\/wp-content\\\/uploads\\\/2022\\\/05\\\/logo-resize.png\",\"contentUrl\":\"https:\\\/\\\/gxp-training.com\\\/wp-content\\\/uploads\\\/2022\\\/05\\\/logo-resize.png\",\"width\":350,\"height\":100,\"caption\":\"GXP Training\"},\"image\":{\"@id\":\"https:\\\/\\\/gxp-training.com\\\/es\\\/#\\\/schema\\\/logo\\\/image\\\/\"}}]}<\/script>\n<!-- \/ Yoast SEO plugin. -->","yoast_head_json":{"title":"Reglamento de Productos Sanitarios MDR 2017\/745 - Curso y Certificado","description":"Descubra la normativa del Reglamento de Productos Sanitarios (MDR) 2017\/745 de la Uni\u00f3n Europea con nuestro Curso Online Certificado. \u00a1Obtenga su Certificaci\u00f3n Ahora!","robots":{"index":"index","follow":"follow","max-snippet":"max-snippet:-1","max-image-preview":"max-image-preview:large","max-video-preview":"max-video-preview:-1"},"canonical":"https:\/\/gxp-training.com\/es\/online-course\/reglamento-de-productos-sanitarios-mdr-2017-745\/","og_locale":"es_ES","og_type":"article","og_title":"Reglamento de Productos Sanitarios MDR 2017\/745 - Curso y Certificado","og_description":"Descubra la normativa del Reglamento de Productos Sanitarios (MDR) 2017\/745 de la Uni\u00f3n Europea con nuestro Curso Online Certificado. \u00a1Obtenga su Certificaci\u00f3n Ahora!","og_url":"https:\/\/gxp-training.com\/es\/online-course\/reglamento-de-productos-sanitarios-mdr-2017-745\/","og_site_name":"GxP Training : Certified Online Courses for Life Sciences","og_image":[{"width":900,"height":627,"url":"https:\/\/gxp-training.com\/wp-content\/uploads\/2023\/06\/MDR-2017.png","type":"image\/png"}],"twitter_card":"summary_large_image","twitter_misc":{"Tiempo de lectura":"1 minuto"},"schema":{"@context":"https:\/\/schema.org","@graph":[{"@type":"WebPage","@id":"https:\/\/gxp-training.com\/es\/online-course\/reglamento-de-productos-sanitarios-mdr-2017-745\/","url":"https:\/\/gxp-training.com\/es\/online-course\/reglamento-de-productos-sanitarios-mdr-2017-745\/","name":"Reglamento de Productos Sanitarios MDR 2017\/745 - Curso y Certificado","isPartOf":{"@id":"https:\/\/gxp-training.com\/es\/#website"},"primaryImageOfPage":{"@id":"https:\/\/gxp-training.com\/es\/online-course\/reglamento-de-productos-sanitarios-mdr-2017-745\/#primaryimage"},"image":{"@id":"https:\/\/gxp-training.com\/es\/online-course\/reglamento-de-productos-sanitarios-mdr-2017-745\/#primaryimage"},"thumbnailUrl":"https:\/\/gxp-training.com\/wp-content\/uploads\/2023\/06\/MDR-2017.png","datePublished":"2023-06-16T13:39:39+00:00","description":"Descubra la normativa del Reglamento de Productos Sanitarios (MDR) 2017\/745 de la Uni\u00f3n Europea con nuestro Curso Online Certificado. \u00a1Obtenga su Certificaci\u00f3n Ahora!","breadcrumb":{"@id":"https:\/\/gxp-training.com\/es\/online-course\/reglamento-de-productos-sanitarios-mdr-2017-745\/#breadcrumb"},"inLanguage":"es","potentialAction":[{"@type":"ReadAction","target":["https:\/\/gxp-training.com\/es\/online-course\/reglamento-de-productos-sanitarios-mdr-2017-745\/"]}]},{"@type":"ImageObject","inLanguage":"es","@id":"https:\/\/gxp-training.com\/es\/online-course\/reglamento-de-productos-sanitarios-mdr-2017-745\/#primaryimage","url":"https:\/\/gxp-training.com\/wp-content\/uploads\/2023\/06\/MDR-2017.png","contentUrl":"https:\/\/gxp-training.com\/wp-content\/uploads\/2023\/06\/MDR-2017.png","width":900,"height":627},{"@type":"BreadcrumbList","@id":"https:\/\/gxp-training.com\/es\/online-course\/reglamento-de-productos-sanitarios-mdr-2017-745\/#breadcrumb","itemListElement":[{"@type":"ListItem","position":1,"name":"Inicio","item":"https:\/\/gxp-training.com\/es\/pagina-de-inicio\/"},{"@type":"ListItem","position":2,"name":"Productos","item":"https:\/\/gxp-training.com\/es\/shop\/"},{"@type":"ListItem","position":3,"name":"Reglamento de Productos Sanitarios &#8211; MDR 2017\/745"}]},{"@type":"WebSite","@id":"https:\/\/gxp-training.com\/es\/#website","url":"https:\/\/gxp-training.com\/es\/","name":"GxP Training : Certified Online Courses for Life Sciences","description":"Online Trainings and Certified Courses in Regulatory Compliance for Pharmaceutical Experts","publisher":{"@id":"https:\/\/gxp-training.com\/es\/#organization"},"potentialAction":[{"@type":"SearchAction","target":{"@type":"EntryPoint","urlTemplate":"https:\/\/gxp-training.com\/es\/?s={search_term_string}"},"query-input":{"@type":"PropertyValueSpecification","valueRequired":true,"valueName":"search_term_string"}}],"inLanguage":"es"},{"@type":"Organization","@id":"https:\/\/gxp-training.com\/es\/#organization","name":"GXP Training","url":"https:\/\/gxp-training.com\/es\/","logo":{"@type":"ImageObject","inLanguage":"es","@id":"https:\/\/gxp-training.com\/es\/#\/schema\/logo\/image\/","url":"https:\/\/gxp-training.com\/wp-content\/uploads\/2022\/05\/logo-resize.png","contentUrl":"https:\/\/gxp-training.com\/wp-content\/uploads\/2022\/05\/logo-resize.png","width":350,"height":100,"caption":"GXP Training"},"image":{"@id":"https:\/\/gxp-training.com\/es\/#\/schema\/logo\/image\/"}}]}},"_links":{"self":[{"href":"https:\/\/gxp-training.com\/es\/wp-json\/wp\/v2\/product\/57682","targetHints":{"allow":["GET"]}}],"collection":[{"href":"https:\/\/gxp-training.com\/es\/wp-json\/wp\/v2\/product"}],"about":[{"href":"https:\/\/gxp-training.com\/es\/wp-json\/wp\/v2\/types\/product"}],"wp:featuredmedia":[{"embeddable":true,"href":"https:\/\/gxp-training.com\/es\/wp-json\/wp\/v2\/media\/44020"}],"wp:attachment":[{"href":"https:\/\/gxp-training.com\/es\/wp-json\/wp\/v2\/media?parent=57682"}],"wp:term":[{"taxonomy":"product_brand","embeddable":true,"href":"https:\/\/gxp-training.com\/es\/wp-json\/wp\/v2\/product_brand?post=57682"},{"taxonomy":"product_cat","embeddable":true,"href":"https:\/\/gxp-training.com\/es\/wp-json\/wp\/v2\/product_cat?post=57682"},{"taxonomy":"product_tag","embeddable":true,"href":"https:\/\/gxp-training.com\/es\/wp-json\/wp\/v2\/product_tag?post=57682"}],"curies":[{"name":"wp","href":"https:\/\/api.w.org\/{rel}","templated":true}]}}