{"id":57667,"date":"2023-08-04T17:05:35","date_gmt":"2023-08-04T16:05:35","guid":{"rendered":"https:\/\/gxp-training.com\/online-course\/21-cfr-parte-50-consentimiento-informado-de-sujetos-humanos\/"},"modified":"2023-08-04T17:05:35","modified_gmt":"2023-08-04T15:05:35","slug":"21-cfr-parte-50-consentimiento-informado-de-sujetos-humanos","status":"publish","type":"product","link":"https:\/\/gxp-training.com\/es\/online-course\/21-cfr-parte-50-consentimiento-informado-de-sujetos-humanos\/","title":{"rendered":"21 CFR PARTE 50 Consentimiento Informado de Sujetos Humanos"},"content":{"rendered":"<p>El tratamiento \u00e9tico y la salvaguarda de los derechos y el bienestar de los participantes en la <a href=\"https:\/\/gxp-training.com\/es\/gxp-courses\/gcp-ensayos-clinicos\/\">investigaci\u00f3n cl\u00ednica<\/a> son primordiales. 21 CFR Parte 50 es un conjunto de regulaciones emitidas por la FDA en Estados Unidos, centrado en la protecci\u00f3n de los sujetos humanos en ensayos cl\u00ednicos. Esta regulaci\u00f3n garantiza el proceso de consentimiento informado, asegurando que los participantes tengan una comprensi\u00f3n clara de los riesgos y beneficios de un estudio antes de decidir participar.  <\/p>\n<p>Este curso certificado profundiza en la importancia de 21 CFR Parte 50, explorando incidentes hist\u00f3ricos que hicieron necesaria la elaboraci\u00f3n de estas regulaciones. A trav\u00e9s de varias lecciones, el curso cubre todos los aspectos de 21 CFR Parte 50, desde su alcance y aplicabilidad hasta los componentes espec\u00edficos del consentimiento informado, incluyendo las directrices para eximir el consentimiento bajo ciertas circunstancias. <\/p>\n<h2><strong>Plan de estudios:<\/strong><\/h2>\n<p><strong>Introducci\u00f3n<\/strong><\/p>\n<p><strong>Lecci\u00f3n 1: El amplio alcance de la regulaci\u00f3n<\/strong><\/p>\n<p><strong>Lecci\u00f3n 2: Fundamentos del consentimiento informado<\/strong><\/p>\n<p><strong>Lecci\u00f3n 3: Desglosando los elementos del consentimiento informado<\/strong><\/p>\n<p><strong>Lecci\u00f3n 4: Dominio de la documentaci\u00f3n para el consentimiento informado<\/strong><\/p>\n<p><strong>Lecci\u00f3n 5: Exenci\u00f3n del consentimiento informado &#8211; \u00bfCu\u00e1ndo y c\u00f3mo?<\/strong><\/p>\n<p><strong>Lecci\u00f3n 6: Profundizando en las regulaciones de investigaci\u00f3n de emergencia<\/strong><\/p>\n<p><strong>Lecci\u00f3n 7: Protecci\u00f3n de los ni\u00f1os en la investigaci\u00f3n<\/strong><\/p>\n<p><strong>Conclusi\u00f3n<\/strong><\/p>\n<p><strong>Glosario<\/strong><\/p>\n<p><strong>Evaluaci\u00f3n<\/strong><\/p>\n<p>&nbsp;<\/p>\n<div class=\"group w-full text-token-text-primary border-b border-black\/10 dark:border-gray-900\/50 bg-gray-50 dark:bg-[#444654]\">\n<div class=\"flex p-4 gap-4 text-base md:gap-6 md:max-w-2xl lg:max-w-[38rem] xl:max-w-3xl md:py-6 lg:px-0 m-auto\">\n<div class=\"relative flex w-[calc(100%-50px)] flex-col gap-1 md:gap-3 lg:w-[calc(100%-115px)]\">\n<div class=\"flex flex-grow flex-col gap-3\">\n<div class=\"min-h-[20px] flex flex-col items-start gap-3 overflow-x-auto whitespace-pre-wrap break-words\">\n<div class=\"markdown prose w-full break-words dark:prose-invert dark\">\n<p>Este curso es esencial para investigadores, miembros de IRB, profesionales de cumplimiento normativo y cualquier persona involucrada en la conducta \u00e9tica de la investigaci\u00f3n cl\u00ednica con sujetos humanos. Proporciona una visi\u00f3n completa tanto de los principios de 21 CFR Parte 50 como de las implicaciones pr\u00e1cticas de adherirse a estas regulaciones. Enfatiza la importancia cr\u00edtica del consentimiento informado y el contexto hist\u00f3rico que hace que estas regulaciones sean necesarias en el complejo panorama actual de la investigaci\u00f3n con sujetos humanos.  <\/p>\n<\/div>\n<\/div>\n<\/div>\n<\/div>\n<\/div>\n<\/div>\n","protected":false},"excerpt":{"rendered":"<p>El tratamiento \u00e9tico y la salvaguarda de los derechos y el bienestar de los participantes en la investigaci\u00f3n cl\u00ednica son primordiales. 21 CFR Parte 50 es un conjunto de regulaciones emitidas por la FDA en Estados Unidos, centrado en la protecci\u00f3n de los sujetos humanos en ensayos cl\u00ednicos. Esta regulaci\u00f3n garantiza el proceso de consentimiento [&hellip;]<\/p>\n","protected":false},"featured_media":44147,"template":"","meta":{"_acf_changed":false,"content-type":""},"product_brand":[],"product_cat":[276,275,270,269,266],"product_tag":[],"class_list":{"0":"post-57667","1":"product","2":"type-product","3":"status-publish","4":"has-post-thumbnail","6":"product_cat-asuntos-regulatorios","7":"product_cat-gcp-ensayos-clinicos","8":"product_cat-organizacion-de-investigacion-por-contrato-cro","9":"product_cat-productos-farmaceuticos","10":"product_cat-productos-sanitarios","12":"first","13":"instock","14":"taxable","15":"shipping-taxable","16":"purchasable","17":"product-type-subscription"},"bundled_by":[],"bundle_stock_status":"instock","bundle_stock_quantity":null,"bundle_virtual":false,"bundle_layout":"","bundle_add_to_cart_form_location":"","bundle_editable_in_cart":false,"bundle_sold_individually_context":"","bundle_item_grouping":"","bundle_min_size":"","bundle_max_size":"","bundle_price":[],"bundled_items":[],"bundle_sell_ids":[],"acf":[],"yoast_head":"<!-- This site is optimized with the Yoast SEO plugin v27.5 - https:\/\/yoast.com\/product\/yoast-seo-wordpress\/ -->\n<title>21 CFR PARTE 50 Curso y Formaci\u00f3n Certificados Online - \u00a1Obtenga su Certificaci\u00f3n ahora!<\/title>\n<meta name=\"description\" content=\"21 CFR PARTE 50 Curso Certificado Online sobre Consentimiento Informado de Sujetos Humanos. Obtenga su Certificaci\u00f3n ahora gracias a nuestro Curso Online Acreditado.\" \/>\n<meta name=\"robots\" content=\"index, follow, max-snippet:-1, max-image-preview:large, max-video-preview:-1\" \/>\n<link rel=\"canonical\" href=\"https:\/\/gxp-training.com\/es\/online-course\/21-cfr-parte-50-consentimiento-informado-de-sujetos-humanos\/\" \/>\n<meta property=\"og:locale\" content=\"es_ES\" \/>\n<meta property=\"og:type\" content=\"article\" \/>\n<meta property=\"og:title\" content=\"21 CFR PARTE 50 Curso y Formaci\u00f3n Certificados Online - \u00a1Obtenga su Certificaci\u00f3n ahora!\" \/>\n<meta property=\"og:description\" content=\"21 CFR PARTE 50 Curso Certificado Online sobre Consentimiento Informado de Sujetos Humanos. Obtenga su Certificaci\u00f3n ahora gracias a nuestro Curso Online Acreditado.\" \/>\n<meta property=\"og:url\" content=\"https:\/\/gxp-training.com\/es\/online-course\/21-cfr-parte-50-consentimiento-informado-de-sujetos-humanos\/\" \/>\n<meta property=\"og:site_name\" content=\"GxP Training : Certified Online Courses for Life Sciences\" \/>\n<meta property=\"og:image\" content=\"https:\/\/gxp-training.com\/wp-content\/uploads\/2023\/08\/21-CFR-PART-50.png\" \/>\n\t<meta property=\"og:image:width\" content=\"900\" \/>\n\t<meta property=\"og:image:height\" content=\"627\" \/>\n\t<meta property=\"og:image:type\" content=\"image\/png\" \/>\n<meta name=\"twitter:card\" content=\"summary_large_image\" \/>\n<meta name=\"twitter:label1\" content=\"Tiempo de lectura\" \/>\n\t<meta name=\"twitter:data1\" content=\"2 minutos\" \/>\n<script type=\"application\/ld+json\" class=\"yoast-schema-graph\">{\"@context\":\"https:\\\/\\\/schema.org\",\"@graph\":[{\"@type\":\"WebPage\",\"@id\":\"https:\\\/\\\/gxp-training.com\\\/es\\\/online-course\\\/21-cfr-parte-50-consentimiento-informado-de-sujetos-humanos\\\/\",\"url\":\"https:\\\/\\\/gxp-training.com\\\/es\\\/online-course\\\/21-cfr-parte-50-consentimiento-informado-de-sujetos-humanos\\\/\",\"name\":\"21 CFR PARTE 50 Curso y Formaci\u00f3n Certificados Online - \u00a1Obtenga su Certificaci\u00f3n ahora!\",\"isPartOf\":{\"@id\":\"https:\\\/\\\/gxp-training.com\\\/es\\\/#website\"},\"primaryImageOfPage\":{\"@id\":\"https:\\\/\\\/gxp-training.com\\\/es\\\/online-course\\\/21-cfr-parte-50-consentimiento-informado-de-sujetos-humanos\\\/#primaryimage\"},\"image\":{\"@id\":\"https:\\\/\\\/gxp-training.com\\\/es\\\/online-course\\\/21-cfr-parte-50-consentimiento-informado-de-sujetos-humanos\\\/#primaryimage\"},\"thumbnailUrl\":\"https:\\\/\\\/gxp-training.com\\\/wp-content\\\/uploads\\\/2023\\\/08\\\/21-CFR-PART-50.png\",\"datePublished\":\"2023-08-04T16:05:35+00:00\",\"description\":\"21 CFR PARTE 50 Curso Certificado Online sobre Consentimiento Informado de Sujetos Humanos. Obtenga su Certificaci\u00f3n ahora gracias a nuestro Curso Online Acreditado.\",\"breadcrumb\":{\"@id\":\"https:\\\/\\\/gxp-training.com\\\/es\\\/online-course\\\/21-cfr-parte-50-consentimiento-informado-de-sujetos-humanos\\\/#breadcrumb\"},\"inLanguage\":\"es\",\"potentialAction\":[{\"@type\":\"ReadAction\",\"target\":[\"https:\\\/\\\/gxp-training.com\\\/es\\\/online-course\\\/21-cfr-parte-50-consentimiento-informado-de-sujetos-humanos\\\/\"]}]},{\"@type\":\"ImageObject\",\"inLanguage\":\"es\",\"@id\":\"https:\\\/\\\/gxp-training.com\\\/es\\\/online-course\\\/21-cfr-parte-50-consentimiento-informado-de-sujetos-humanos\\\/#primaryimage\",\"url\":\"https:\\\/\\\/gxp-training.com\\\/wp-content\\\/uploads\\\/2023\\\/08\\\/21-CFR-PART-50.png\",\"contentUrl\":\"https:\\\/\\\/gxp-training.com\\\/wp-content\\\/uploads\\\/2023\\\/08\\\/21-CFR-PART-50.png\",\"width\":900,\"height\":627},{\"@type\":\"BreadcrumbList\",\"@id\":\"https:\\\/\\\/gxp-training.com\\\/es\\\/online-course\\\/21-cfr-parte-50-consentimiento-informado-de-sujetos-humanos\\\/#breadcrumb\",\"itemListElement\":[{\"@type\":\"ListItem\",\"position\":1,\"name\":\"Inicio\",\"item\":\"https:\\\/\\\/gxp-training.com\\\/es\\\/pagina-de-inicio\\\/\"},{\"@type\":\"ListItem\",\"position\":2,\"name\":\"Productos\",\"item\":\"https:\\\/\\\/gxp-training.com\\\/es\\\/shop\\\/\"},{\"@type\":\"ListItem\",\"position\":3,\"name\":\"21 CFR PARTE 50 Consentimiento Informado de Sujetos Humanos\"}]},{\"@type\":\"WebSite\",\"@id\":\"https:\\\/\\\/gxp-training.com\\\/es\\\/#website\",\"url\":\"https:\\\/\\\/gxp-training.com\\\/es\\\/\",\"name\":\"GxP Training : Certified Online Courses for Life Sciences\",\"description\":\"Online Trainings and Certified Courses in Regulatory Compliance for Pharmaceutical Experts\",\"publisher\":{\"@id\":\"https:\\\/\\\/gxp-training.com\\\/es\\\/#organization\"},\"potentialAction\":[{\"@type\":\"SearchAction\",\"target\":{\"@type\":\"EntryPoint\",\"urlTemplate\":\"https:\\\/\\\/gxp-training.com\\\/es\\\/?s={search_term_string}\"},\"query-input\":{\"@type\":\"PropertyValueSpecification\",\"valueRequired\":true,\"valueName\":\"search_term_string\"}}],\"inLanguage\":\"es\"},{\"@type\":\"Organization\",\"@id\":\"https:\\\/\\\/gxp-training.com\\\/es\\\/#organization\",\"name\":\"GXP Training\",\"url\":\"https:\\\/\\\/gxp-training.com\\\/es\\\/\",\"logo\":{\"@type\":\"ImageObject\",\"inLanguage\":\"es\",\"@id\":\"https:\\\/\\\/gxp-training.com\\\/es\\\/#\\\/schema\\\/logo\\\/image\\\/\",\"url\":\"https:\\\/\\\/gxp-training.com\\\/wp-content\\\/uploads\\\/2022\\\/05\\\/logo-resize.png\",\"contentUrl\":\"https:\\\/\\\/gxp-training.com\\\/wp-content\\\/uploads\\\/2022\\\/05\\\/logo-resize.png\",\"width\":350,\"height\":100,\"caption\":\"GXP Training\"},\"image\":{\"@id\":\"https:\\\/\\\/gxp-training.com\\\/es\\\/#\\\/schema\\\/logo\\\/image\\\/\"}}]}<\/script>\n<!-- \/ Yoast SEO plugin. -->","yoast_head_json":{"title":"21 CFR PARTE 50 Curso y Formaci\u00f3n Certificados Online - \u00a1Obtenga su Certificaci\u00f3n ahora!","description":"21 CFR PARTE 50 Curso Certificado Online sobre Consentimiento Informado de Sujetos Humanos. Obtenga su Certificaci\u00f3n ahora gracias a nuestro Curso Online Acreditado.","robots":{"index":"index","follow":"follow","max-snippet":"max-snippet:-1","max-image-preview":"max-image-preview:large","max-video-preview":"max-video-preview:-1"},"canonical":"https:\/\/gxp-training.com\/es\/online-course\/21-cfr-parte-50-consentimiento-informado-de-sujetos-humanos\/","og_locale":"es_ES","og_type":"article","og_title":"21 CFR PARTE 50 Curso y Formaci\u00f3n Certificados Online - \u00a1Obtenga su Certificaci\u00f3n ahora!","og_description":"21 CFR PARTE 50 Curso Certificado Online sobre Consentimiento Informado de Sujetos Humanos. Obtenga su Certificaci\u00f3n ahora gracias a nuestro Curso Online Acreditado.","og_url":"https:\/\/gxp-training.com\/es\/online-course\/21-cfr-parte-50-consentimiento-informado-de-sujetos-humanos\/","og_site_name":"GxP Training : Certified Online Courses for Life Sciences","og_image":[{"width":900,"height":627,"url":"https:\/\/gxp-training.com\/wp-content\/uploads\/2023\/08\/21-CFR-PART-50.png","type":"image\/png"}],"twitter_card":"summary_large_image","twitter_misc":{"Tiempo de lectura":"2 minutos"},"schema":{"@context":"https:\/\/schema.org","@graph":[{"@type":"WebPage","@id":"https:\/\/gxp-training.com\/es\/online-course\/21-cfr-parte-50-consentimiento-informado-de-sujetos-humanos\/","url":"https:\/\/gxp-training.com\/es\/online-course\/21-cfr-parte-50-consentimiento-informado-de-sujetos-humanos\/","name":"21 CFR PARTE 50 Curso y Formaci\u00f3n Certificados Online - \u00a1Obtenga su Certificaci\u00f3n ahora!","isPartOf":{"@id":"https:\/\/gxp-training.com\/es\/#website"},"primaryImageOfPage":{"@id":"https:\/\/gxp-training.com\/es\/online-course\/21-cfr-parte-50-consentimiento-informado-de-sujetos-humanos\/#primaryimage"},"image":{"@id":"https:\/\/gxp-training.com\/es\/online-course\/21-cfr-parte-50-consentimiento-informado-de-sujetos-humanos\/#primaryimage"},"thumbnailUrl":"https:\/\/gxp-training.com\/wp-content\/uploads\/2023\/08\/21-CFR-PART-50.png","datePublished":"2023-08-04T16:05:35+00:00","description":"21 CFR PARTE 50 Curso Certificado Online sobre Consentimiento Informado de Sujetos Humanos. Obtenga su Certificaci\u00f3n ahora gracias a nuestro Curso Online Acreditado.","breadcrumb":{"@id":"https:\/\/gxp-training.com\/es\/online-course\/21-cfr-parte-50-consentimiento-informado-de-sujetos-humanos\/#breadcrumb"},"inLanguage":"es","potentialAction":[{"@type":"ReadAction","target":["https:\/\/gxp-training.com\/es\/online-course\/21-cfr-parte-50-consentimiento-informado-de-sujetos-humanos\/"]}]},{"@type":"ImageObject","inLanguage":"es","@id":"https:\/\/gxp-training.com\/es\/online-course\/21-cfr-parte-50-consentimiento-informado-de-sujetos-humanos\/#primaryimage","url":"https:\/\/gxp-training.com\/wp-content\/uploads\/2023\/08\/21-CFR-PART-50.png","contentUrl":"https:\/\/gxp-training.com\/wp-content\/uploads\/2023\/08\/21-CFR-PART-50.png","width":900,"height":627},{"@type":"BreadcrumbList","@id":"https:\/\/gxp-training.com\/es\/online-course\/21-cfr-parte-50-consentimiento-informado-de-sujetos-humanos\/#breadcrumb","itemListElement":[{"@type":"ListItem","position":1,"name":"Inicio","item":"https:\/\/gxp-training.com\/es\/pagina-de-inicio\/"},{"@type":"ListItem","position":2,"name":"Productos","item":"https:\/\/gxp-training.com\/es\/shop\/"},{"@type":"ListItem","position":3,"name":"21 CFR PARTE 50 Consentimiento Informado de Sujetos Humanos"}]},{"@type":"WebSite","@id":"https:\/\/gxp-training.com\/es\/#website","url":"https:\/\/gxp-training.com\/es\/","name":"GxP Training : Certified Online Courses for Life Sciences","description":"Online Trainings and Certified Courses in Regulatory Compliance for Pharmaceutical Experts","publisher":{"@id":"https:\/\/gxp-training.com\/es\/#organization"},"potentialAction":[{"@type":"SearchAction","target":{"@type":"EntryPoint","urlTemplate":"https:\/\/gxp-training.com\/es\/?s={search_term_string}"},"query-input":{"@type":"PropertyValueSpecification","valueRequired":true,"valueName":"search_term_string"}}],"inLanguage":"es"},{"@type":"Organization","@id":"https:\/\/gxp-training.com\/es\/#organization","name":"GXP Training","url":"https:\/\/gxp-training.com\/es\/","logo":{"@type":"ImageObject","inLanguage":"es","@id":"https:\/\/gxp-training.com\/es\/#\/schema\/logo\/image\/","url":"https:\/\/gxp-training.com\/wp-content\/uploads\/2022\/05\/logo-resize.png","contentUrl":"https:\/\/gxp-training.com\/wp-content\/uploads\/2022\/05\/logo-resize.png","width":350,"height":100,"caption":"GXP Training"},"image":{"@id":"https:\/\/gxp-training.com\/es\/#\/schema\/logo\/image\/"}}]}},"_links":{"self":[{"href":"https:\/\/gxp-training.com\/es\/wp-json\/wp\/v2\/product\/57667","targetHints":{"allow":["GET"]}}],"collection":[{"href":"https:\/\/gxp-training.com\/es\/wp-json\/wp\/v2\/product"}],"about":[{"href":"https:\/\/gxp-training.com\/es\/wp-json\/wp\/v2\/types\/product"}],"wp:featuredmedia":[{"embeddable":true,"href":"https:\/\/gxp-training.com\/es\/wp-json\/wp\/v2\/media\/44147"}],"wp:attachment":[{"href":"https:\/\/gxp-training.com\/es\/wp-json\/wp\/v2\/media?parent=57667"}],"wp:term":[{"taxonomy":"product_brand","embeddable":true,"href":"https:\/\/gxp-training.com\/es\/wp-json\/wp\/v2\/product_brand?post=57667"},{"taxonomy":"product_cat","embeddable":true,"href":"https:\/\/gxp-training.com\/es\/wp-json\/wp\/v2\/product_cat?post=57667"},{"taxonomy":"product_tag","embeddable":true,"href":"https:\/\/gxp-training.com\/es\/wp-json\/wp\/v2\/product_tag?post=57667"}],"curies":[{"name":"wp","href":"https:\/\/api.w.org\/{rel}","templated":true}]}}