{"id":57660,"date":"2023-05-15T16:09:15","date_gmt":"2023-05-15T15:09:15","guid":{"rendered":"https:\/\/gxp-training.com\/online-course\/almacenes-farmaceuticos-practicas-de-almacenamiento\/"},"modified":"2023-05-15T16:09:15","modified_gmt":"2023-05-15T14:09:15","slug":"almacenes-farmaceuticos-practicas-de-almacenamiento","status":"publish","type":"product","link":"https:\/\/gxp-training.com\/es\/online-course\/almacenes-farmaceuticos-practicas-de-almacenamiento\/","title":{"rendered":"Almacenes farmac\u00e9uticos \/ Pr\u00e1cticas de almacenamiento"},"content":{"rendered":"<p>El curso \u00abPr\u00e1cticas de almacenes farmac\u00e9uticos\u00bb est\u00e1 dise\u00f1ado para proporcionar una comprensi\u00f3n de los principios y pr\u00e1cticas clave implicados en el almacenamiento, manipulaci\u00f3n y distribuci\u00f3n seguros y eficientes de productos farmac\u00e9uticos. Usted, o sus empleados, aprender\u00e1n sobre los requisitos regulatorios que rigen el almacenamiento farmac\u00e9utico, incluidas las <a href=\"https:\/\/gxp-training.com\/es\/gxp-courses\/bpf-buenas-practicas-de-fabricacion\/\">Buenas Pr\u00e1cticas de Fabricaci\u00f3n (BPF)<\/a> y las <a href=\"https:\/\/gxp-training.com\/es\/online-course\/buenas-practicas-de-distribucion\/\">Buenas Pr\u00e1cticas de Distribuci\u00f3n (BPD)<\/a>. Tambi\u00e9n explorar\u00e1n las mejores pr\u00e1cticas para la gesti\u00f3n de inventarios, el procesamiento de pedidos y el control de calidad en almacenes farmac\u00e9uticos. Al finalizar el curso, los participantes tendr\u00e1n una base s\u00f3lida en las habilidades y conocimientos clave necesarios para trabajar en la industria del almacenamiento farmac\u00e9utico.   <\/p>\n<div class=\"jet-listing jet-listing-dynamic-field display-inline\">\n<div class=\"jet-listing-dynamic-field__inline-wrap\">\n<div class=\"jet-listing-dynamic-field__content\">\n<p>En este curso, proporcionamos una s\u00edntesis sobre el tema a trav\u00e9s de una experiencia online interactiva. Este material ha sido elaborado por un equipo de expertos en asuntos regulatorios con cualificaci\u00f3n de Northeastern University, Boston, dirigido por un miembro s\u00e9nior capaz de articular la teor\u00eda con la pr\u00e1ctica. <\/p>\n<\/div>\n<\/div>\n<\/div>\n<h3>Programa:<\/h3>\n<p>&nbsp;<\/p>\n<p><strong>Introducci\u00f3n<\/strong><\/p>\n<p>&nbsp;<\/p>\n<p><strong>Lecci\u00f3n 1: \u00bfPor qu\u00e9 son importantes las BPF para almacenes?<\/strong><\/p>\n<p>&nbsp;<\/p>\n<p><strong>Lecci\u00f3n 2: Distribuci\u00f3n t\u00edpica de un almac\u00e9n<\/strong><\/p>\n<p>&nbsp;<\/p>\n<p><strong>Lecci\u00f3n 3: BPA &#8211; Organizaci\u00f3n y gesti\u00f3n de almacenes farmac\u00e9uticos<\/strong><\/p>\n<p>&nbsp;<\/p>\n<p><strong>Lecci\u00f3n 4: Buenas pr\u00e1cticas de almacenamiento y almac\u00e9n<\/strong><\/p>\n<p>&nbsp;<\/p>\n<p><strong>Lecci\u00f3n 5: Buenas pr\u00e1cticas de almac\u00e9n para la recepci\u00f3n y expedici\u00f3n de material<\/strong><\/p>\n<p>&nbsp;<\/p>\n<p><strong>Lecci\u00f3n 6: Buenas pr\u00e1cticas para productos terminados y gesti\u00f3n de devoluciones<\/strong><\/p>\n<p>&nbsp;<\/p>\n<p><strong>Lecci\u00f3n 7: Documentaci\u00f3n<\/strong><\/p>\n<p>&nbsp;<\/p>\n<p><strong>Glosario<\/strong><\/p>\n<p>&nbsp;<\/p>\n<p><strong>Evaluaci\u00f3n<\/strong><\/p>\n","protected":false},"excerpt":{"rendered":"<p>El curso \u00abPr\u00e1cticas de almacenes farmac\u00e9uticos\u00bb est\u00e1 dise\u00f1ado para proporcionar una comprensi\u00f3n de los principios y pr\u00e1cticas clave implicados en el almacenamiento, manipulaci\u00f3n y distribuci\u00f3n seguros y eficientes de productos farmac\u00e9uticos. Usted, o sus empleados, aprender\u00e1n sobre los requisitos regulatorios que rigen el almacenamiento farmac\u00e9utico, incluidas las Buenas Pr\u00e1cticas de Fabricaci\u00f3n (BPF) y las Buenas [&hellip;]<\/p>\n","protected":false},"featured_media":43937,"template":"","meta":{"_acf_changed":false,"content-type":""},"product_brand":[],"product_cat":[280,265,269],"product_tag":[],"class_list":{"0":"post-57660","1":"product","2":"type-product","3":"status-publish","4":"has-post-thumbnail","6":"product_cat-bpd-buenas-practicas-de-distribucion","7":"product_cat-bpf-buenas-practicas-de-fabricacion","8":"product_cat-productos-farmaceuticos","10":"first","11":"instock","12":"taxable","13":"shipping-taxable","14":"purchasable","15":"product-type-subscription"},"bundled_by":[],"bundle_stock_status":"instock","bundle_stock_quantity":null,"bundle_virtual":false,"bundle_layout":"","bundle_add_to_cart_form_location":"","bundle_editable_in_cart":false,"bundle_sold_individually_context":"","bundle_item_grouping":"","bundle_min_size":"","bundle_max_size":"","bundle_price":[],"bundled_items":[],"bundle_sell_ids":[],"acf":[],"yoast_head":"<!-- This site is optimized with the Yoast SEO plugin v27.5 - https:\/\/yoast.com\/product\/yoast-seo-wordpress\/ -->\n<title>Curso y certificaci\u00f3n en pr\u00e1cticas de almacenes farmac\u00e9uticos<\/title>\n<meta name=\"description\" content=\"Obtenga la certificaci\u00f3n en pr\u00e1cticas de almacenes farmac\u00e9uticos: curso online para profesionales farmac\u00e9uticos. Inscr\u00edbase ahora y obtenga acreditaci\u00f3n CPD y CEU.\" \/>\n<meta name=\"robots\" content=\"index, follow, max-snippet:-1, max-image-preview:large, max-video-preview:-1\" \/>\n<link rel=\"canonical\" href=\"https:\/\/gxp-training.com\/es\/online-course\/almacenes-farmaceuticos-practicas-de-almacenamiento\/\" \/>\n<meta property=\"og:locale\" content=\"es_ES\" \/>\n<meta property=\"og:type\" content=\"article\" \/>\n<meta property=\"og:title\" content=\"Curso y certificaci\u00f3n en pr\u00e1cticas de almacenes farmac\u00e9uticos\" \/>\n<meta property=\"og:description\" content=\"Obtenga la certificaci\u00f3n en pr\u00e1cticas de almacenes farmac\u00e9uticos: curso online para profesionales farmac\u00e9uticos. Inscr\u00edbase ahora y obtenga acreditaci\u00f3n CPD y CEU.\" \/>\n<meta property=\"og:url\" content=\"https:\/\/gxp-training.com\/es\/online-course\/almacenes-farmaceuticos-practicas-de-almacenamiento\/\" \/>\n<meta property=\"og:site_name\" content=\"GxP Training : Certified Online Courses for Life Sciences\" \/>\n<meta property=\"og:image\" content=\"https:\/\/gxp-training.com\/wp-content\/uploads\/2023\/05\/Warehouses.jpg\" \/>\n\t<meta property=\"og:image:width\" content=\"900\" \/>\n\t<meta property=\"og:image:height\" content=\"627\" \/>\n\t<meta property=\"og:image:type\" content=\"image\/jpeg\" \/>\n<meta name=\"twitter:card\" content=\"summary_large_image\" \/>\n<meta name=\"twitter:label1\" content=\"Tiempo de lectura\" \/>\n\t<meta name=\"twitter:data1\" content=\"1 minuto\" \/>\n<script type=\"application\/ld+json\" class=\"yoast-schema-graph\">{\"@context\":\"https:\\\/\\\/schema.org\",\"@graph\":[{\"@type\":\"WebPage\",\"@id\":\"https:\\\/\\\/gxp-training.com\\\/es\\\/online-course\\\/almacenes-farmaceuticos-practicas-de-almacenamiento\\\/\",\"url\":\"https:\\\/\\\/gxp-training.com\\\/es\\\/online-course\\\/almacenes-farmaceuticos-practicas-de-almacenamiento\\\/\",\"name\":\"Curso y certificaci\u00f3n en pr\u00e1cticas de almacenes farmac\u00e9uticos\",\"isPartOf\":{\"@id\":\"https:\\\/\\\/gxp-training.com\\\/es\\\/#website\"},\"primaryImageOfPage\":{\"@id\":\"https:\\\/\\\/gxp-training.com\\\/es\\\/online-course\\\/almacenes-farmaceuticos-practicas-de-almacenamiento\\\/#primaryimage\"},\"image\":{\"@id\":\"https:\\\/\\\/gxp-training.com\\\/es\\\/online-course\\\/almacenes-farmaceuticos-practicas-de-almacenamiento\\\/#primaryimage\"},\"thumbnailUrl\":\"https:\\\/\\\/gxp-training.com\\\/wp-content\\\/uploads\\\/2023\\\/05\\\/Warehouses.jpg\",\"datePublished\":\"2023-05-15T15:09:15+00:00\",\"description\":\"Obtenga la certificaci\u00f3n en pr\u00e1cticas de almacenes farmac\u00e9uticos: curso online para profesionales farmac\u00e9uticos. Inscr\u00edbase ahora y obtenga acreditaci\u00f3n CPD y CEU.\",\"breadcrumb\":{\"@id\":\"https:\\\/\\\/gxp-training.com\\\/es\\\/online-course\\\/almacenes-farmaceuticos-practicas-de-almacenamiento\\\/#breadcrumb\"},\"inLanguage\":\"es\",\"potentialAction\":[{\"@type\":\"ReadAction\",\"target\":[\"https:\\\/\\\/gxp-training.com\\\/es\\\/online-course\\\/almacenes-farmaceuticos-practicas-de-almacenamiento\\\/\"]}]},{\"@type\":\"ImageObject\",\"inLanguage\":\"es\",\"@id\":\"https:\\\/\\\/gxp-training.com\\\/es\\\/online-course\\\/almacenes-farmaceuticos-practicas-de-almacenamiento\\\/#primaryimage\",\"url\":\"https:\\\/\\\/gxp-training.com\\\/wp-content\\\/uploads\\\/2023\\\/05\\\/Warehouses.jpg\",\"contentUrl\":\"https:\\\/\\\/gxp-training.com\\\/wp-content\\\/uploads\\\/2023\\\/05\\\/Warehouses.jpg\",\"width\":900,\"height\":627},{\"@type\":\"BreadcrumbList\",\"@id\":\"https:\\\/\\\/gxp-training.com\\\/es\\\/online-course\\\/almacenes-farmaceuticos-practicas-de-almacenamiento\\\/#breadcrumb\",\"itemListElement\":[{\"@type\":\"ListItem\",\"position\":1,\"name\":\"Inicio\",\"item\":\"https:\\\/\\\/gxp-training.com\\\/es\\\/pagina-de-inicio\\\/\"},{\"@type\":\"ListItem\",\"position\":2,\"name\":\"Productos\",\"item\":\"https:\\\/\\\/gxp-training.com\\\/es\\\/shop\\\/\"},{\"@type\":\"ListItem\",\"position\":3,\"name\":\"Almacenes farmac\u00e9uticos \\\/ Pr\u00e1cticas de almacenamiento\"}]},{\"@type\":\"WebSite\",\"@id\":\"https:\\\/\\\/gxp-training.com\\\/es\\\/#website\",\"url\":\"https:\\\/\\\/gxp-training.com\\\/es\\\/\",\"name\":\"GxP Training : Certified Online Courses for Life Sciences\",\"description\":\"Online Trainings and Certified Courses in Regulatory Compliance for Pharmaceutical Experts\",\"publisher\":{\"@id\":\"https:\\\/\\\/gxp-training.com\\\/es\\\/#organization\"},\"potentialAction\":[{\"@type\":\"SearchAction\",\"target\":{\"@type\":\"EntryPoint\",\"urlTemplate\":\"https:\\\/\\\/gxp-training.com\\\/es\\\/?s={search_term_string}\"},\"query-input\":{\"@type\":\"PropertyValueSpecification\",\"valueRequired\":true,\"valueName\":\"search_term_string\"}}],\"inLanguage\":\"es\"},{\"@type\":\"Organization\",\"@id\":\"https:\\\/\\\/gxp-training.com\\\/es\\\/#organization\",\"name\":\"GXP Training\",\"url\":\"https:\\\/\\\/gxp-training.com\\\/es\\\/\",\"logo\":{\"@type\":\"ImageObject\",\"inLanguage\":\"es\",\"@id\":\"https:\\\/\\\/gxp-training.com\\\/es\\\/#\\\/schema\\\/logo\\\/image\\\/\",\"url\":\"https:\\\/\\\/gxp-training.com\\\/wp-content\\\/uploads\\\/2022\\\/05\\\/logo-resize.png\",\"contentUrl\":\"https:\\\/\\\/gxp-training.com\\\/wp-content\\\/uploads\\\/2022\\\/05\\\/logo-resize.png\",\"width\":350,\"height\":100,\"caption\":\"GXP Training\"},\"image\":{\"@id\":\"https:\\\/\\\/gxp-training.com\\\/es\\\/#\\\/schema\\\/logo\\\/image\\\/\"}}]}<\/script>\n<!-- \/ Yoast SEO plugin. -->","yoast_head_json":{"title":"Curso y certificaci\u00f3n en pr\u00e1cticas de almacenes farmac\u00e9uticos","description":"Obtenga la certificaci\u00f3n en pr\u00e1cticas de almacenes farmac\u00e9uticos: curso online para profesionales farmac\u00e9uticos. Inscr\u00edbase ahora y obtenga acreditaci\u00f3n CPD y CEU.","robots":{"index":"index","follow":"follow","max-snippet":"max-snippet:-1","max-image-preview":"max-image-preview:large","max-video-preview":"max-video-preview:-1"},"canonical":"https:\/\/gxp-training.com\/es\/online-course\/almacenes-farmaceuticos-practicas-de-almacenamiento\/","og_locale":"es_ES","og_type":"article","og_title":"Curso y certificaci\u00f3n en pr\u00e1cticas de almacenes farmac\u00e9uticos","og_description":"Obtenga la certificaci\u00f3n en pr\u00e1cticas de almacenes farmac\u00e9uticos: curso online para profesionales farmac\u00e9uticos. Inscr\u00edbase ahora y obtenga acreditaci\u00f3n CPD y CEU.","og_url":"https:\/\/gxp-training.com\/es\/online-course\/almacenes-farmaceuticos-practicas-de-almacenamiento\/","og_site_name":"GxP Training : Certified Online Courses for Life Sciences","og_image":[{"width":900,"height":627,"url":"https:\/\/gxp-training.com\/wp-content\/uploads\/2023\/05\/Warehouses.jpg","type":"image\/jpeg"}],"twitter_card":"summary_large_image","twitter_misc":{"Tiempo de lectura":"1 minuto"},"schema":{"@context":"https:\/\/schema.org","@graph":[{"@type":"WebPage","@id":"https:\/\/gxp-training.com\/es\/online-course\/almacenes-farmaceuticos-practicas-de-almacenamiento\/","url":"https:\/\/gxp-training.com\/es\/online-course\/almacenes-farmaceuticos-practicas-de-almacenamiento\/","name":"Curso y certificaci\u00f3n en pr\u00e1cticas de almacenes farmac\u00e9uticos","isPartOf":{"@id":"https:\/\/gxp-training.com\/es\/#website"},"primaryImageOfPage":{"@id":"https:\/\/gxp-training.com\/es\/online-course\/almacenes-farmaceuticos-practicas-de-almacenamiento\/#primaryimage"},"image":{"@id":"https:\/\/gxp-training.com\/es\/online-course\/almacenes-farmaceuticos-practicas-de-almacenamiento\/#primaryimage"},"thumbnailUrl":"https:\/\/gxp-training.com\/wp-content\/uploads\/2023\/05\/Warehouses.jpg","datePublished":"2023-05-15T15:09:15+00:00","description":"Obtenga la certificaci\u00f3n en pr\u00e1cticas de almacenes farmac\u00e9uticos: curso online para profesionales farmac\u00e9uticos. Inscr\u00edbase ahora y obtenga acreditaci\u00f3n CPD y CEU.","breadcrumb":{"@id":"https:\/\/gxp-training.com\/es\/online-course\/almacenes-farmaceuticos-practicas-de-almacenamiento\/#breadcrumb"},"inLanguage":"es","potentialAction":[{"@type":"ReadAction","target":["https:\/\/gxp-training.com\/es\/online-course\/almacenes-farmaceuticos-practicas-de-almacenamiento\/"]}]},{"@type":"ImageObject","inLanguage":"es","@id":"https:\/\/gxp-training.com\/es\/online-course\/almacenes-farmaceuticos-practicas-de-almacenamiento\/#primaryimage","url":"https:\/\/gxp-training.com\/wp-content\/uploads\/2023\/05\/Warehouses.jpg","contentUrl":"https:\/\/gxp-training.com\/wp-content\/uploads\/2023\/05\/Warehouses.jpg","width":900,"height":627},{"@type":"BreadcrumbList","@id":"https:\/\/gxp-training.com\/es\/online-course\/almacenes-farmaceuticos-practicas-de-almacenamiento\/#breadcrumb","itemListElement":[{"@type":"ListItem","position":1,"name":"Inicio","item":"https:\/\/gxp-training.com\/es\/pagina-de-inicio\/"},{"@type":"ListItem","position":2,"name":"Productos","item":"https:\/\/gxp-training.com\/es\/shop\/"},{"@type":"ListItem","position":3,"name":"Almacenes farmac\u00e9uticos \/ Pr\u00e1cticas de almacenamiento"}]},{"@type":"WebSite","@id":"https:\/\/gxp-training.com\/es\/#website","url":"https:\/\/gxp-training.com\/es\/","name":"GxP Training : Certified Online Courses for Life Sciences","description":"Online Trainings and Certified Courses in Regulatory Compliance for Pharmaceutical Experts","publisher":{"@id":"https:\/\/gxp-training.com\/es\/#organization"},"potentialAction":[{"@type":"SearchAction","target":{"@type":"EntryPoint","urlTemplate":"https:\/\/gxp-training.com\/es\/?s={search_term_string}"},"query-input":{"@type":"PropertyValueSpecification","valueRequired":true,"valueName":"search_term_string"}}],"inLanguage":"es"},{"@type":"Organization","@id":"https:\/\/gxp-training.com\/es\/#organization","name":"GXP Training","url":"https:\/\/gxp-training.com\/es\/","logo":{"@type":"ImageObject","inLanguage":"es","@id":"https:\/\/gxp-training.com\/es\/#\/schema\/logo\/image\/","url":"https:\/\/gxp-training.com\/wp-content\/uploads\/2022\/05\/logo-resize.png","contentUrl":"https:\/\/gxp-training.com\/wp-content\/uploads\/2022\/05\/logo-resize.png","width":350,"height":100,"caption":"GXP Training"},"image":{"@id":"https:\/\/gxp-training.com\/es\/#\/schema\/logo\/image\/"}}]}},"_links":{"self":[{"href":"https:\/\/gxp-training.com\/es\/wp-json\/wp\/v2\/product\/57660","targetHints":{"allow":["GET"]}}],"collection":[{"href":"https:\/\/gxp-training.com\/es\/wp-json\/wp\/v2\/product"}],"about":[{"href":"https:\/\/gxp-training.com\/es\/wp-json\/wp\/v2\/types\/product"}],"wp:featuredmedia":[{"embeddable":true,"href":"https:\/\/gxp-training.com\/es\/wp-json\/wp\/v2\/media\/43937"}],"wp:attachment":[{"href":"https:\/\/gxp-training.com\/es\/wp-json\/wp\/v2\/media?parent=57660"}],"wp:term":[{"taxonomy":"product_brand","embeddable":true,"href":"https:\/\/gxp-training.com\/es\/wp-json\/wp\/v2\/product_brand?post=57660"},{"taxonomy":"product_cat","embeddable":true,"href":"https:\/\/gxp-training.com\/es\/wp-json\/wp\/v2\/product_cat?post=57660"},{"taxonomy":"product_tag","embeddable":true,"href":"https:\/\/gxp-training.com\/es\/wp-json\/wp\/v2\/product_tag?post=57660"}],"curies":[{"name":"wp","href":"https:\/\/api.w.org\/{rel}","templated":true}]}}