{"id":57651,"date":"2023-08-14T14:14:51","date_gmt":"2023-08-14T13:14:51","guid":{"rendered":"https:\/\/gxp-training.com\/online-course\/nbf-para-cosmeticos-e-iso-22716\/"},"modified":"2023-08-14T14:14:51","modified_gmt":"2023-08-14T12:14:51","slug":"nbf-para-cosmeticos-e-iso-22716","status":"publish","type":"product","link":"https:\/\/gxp-training.com\/es\/online-course\/nbf-para-cosmeticos-e-iso-22716\/","title":{"rendered":"NBF para cosm\u00e9ticos e ISO 22716"},"content":{"rendered":"<p>Este curso certificado sobre NBF para cosm\u00e9ticos e ISO 22716 ofrece una visi\u00f3n pr\u00e1ctica de la calidad y el cumplimiento normativo en la fabricaci\u00f3n de cosm\u00e9ticos. Los participantes explorar\u00e1n los principios de las <a href=\"https:\/\/www.ema.europa.eu\/en\/human-regulatory-overview\/research-development\/compliance-research-development\/good-manufacturing-practice\">Normas de Correcta Fabricaci\u00f3n<\/a>, centr\u00e1ndose en el personal, las instalaciones, los equipos, la producci\u00f3n, el control de calidad y la documentaci\u00f3n. <\/p>\n<p>Al finalizar con \u00e9xito, los participantes recibir\u00e1n un <strong>certificado descargable acreditado con cr\u00e9ditos CPD\/CEU<\/strong>, apto para expedientes profesionales y de RR. HH.<br \/>\n&nbsp;<br \/>\n<strong>\u00bfA qui\u00e9n va dirigido?<\/strong><\/p>\n<ul>\n<li>Profesionales de <a href=\"https:\/\/gxp-training.com\/es\/gxp-courses\/garantia-de-calidad\/\">garant\u00eda de calidad<\/a> y control en la industria cosm\u00e9tica<\/li>\n<li>Desarrolladores y formuladores de productos cosm\u00e9ticos<\/li>\n<li>Equipos de asuntos regulatorios y cumplimiento<\/li>\n<li>Auditores internos y responsables de calidad<\/li>\n<\/ul>\n<p>&nbsp;<br \/>\n<strong>\u00bfQu\u00e9 aprender\u00e1?<\/strong><\/p>\n<ul>\n<li>Principios e importancia de las NBF para cosm\u00e9ticos<\/li>\n<li>Alcance y requisitos de la norma ISO 22716<\/li>\n<li>Operaciones de fabricaci\u00f3n y envasado bajo las <a href=\"https:\/\/gxp-training.com\/es\/gxp-courses\/bpf-buenas-practicas-de-fabricacion\/\">NBF<\/a><\/li>\n<li>Pruebas de control de calidad, gesti\u00f3n de reclamaciones y retirada de productos<\/li>\n<li>Control de cambios, auditor\u00edas internas y mejores pr\u00e1cticas de documentaci\u00f3n<\/li>\n<\/ul>\n<p>&nbsp;<\/p>\n<h2><strong>Plan de estudios:<\/strong><\/h2>\n<p><strong>Introducci\u00f3n<\/strong><\/p>\n<p><strong>Lecci\u00f3n 1: Descripci\u00f3n general de la directriz<\/strong><\/p>\n<p><strong> Lecci\u00f3n 2: Requisitos para el personal <\/strong><\/p>\n<p><strong>Lecci\u00f3n 3: Requisitos para las instalaciones <\/strong><\/p>\n<p><strong>Lecci\u00f3n 4: Requisitos para equipos, materias primas y material de acondicionamiento <\/strong><\/p>\n<p><strong>Lecci\u00f3n 5: Requisitos para la producci\u00f3n y productos terminados <\/strong><\/p>\n<p><strong>Lecci\u00f3n 6: Requisitos para las pruebas de control de calidad <\/strong><\/p>\n<p><strong>Lecci\u00f3n 7: Requisitos para la gesti\u00f3n de reclamaciones y retiradas <\/strong><\/p>\n<p><strong>Lecci\u00f3n 8: Requisitos para el control de cambios y la <a href=\"https:\/\/gxp-training.com\/online-course\/clinical-trials-preparing-for-an-audit-or-an-inspection\/\">auditor\u00eda interna<\/a> <\/strong><\/p>\n<p><strong>Lecci\u00f3n 9: Requisitos de documentaci\u00f3n<\/strong><\/p>\n<p><strong>Conclusi\u00f3n<\/strong><\/p>\n<p><strong>Glosario<\/strong><\/p>\n<p><strong>Evaluaci\u00f3n<\/strong><\/p>\n","protected":false},"excerpt":{"rendered":"<p>Este curso certificado sobre NBF para cosm\u00e9ticos e ISO 22716 ofrece una visi\u00f3n pr\u00e1ctica de la calidad y el cumplimiento normativo en la fabricaci\u00f3n de cosm\u00e9ticos. Los participantes explorar\u00e1n los principios de las Normas de Correcta Fabricaci\u00f3n, centr\u00e1ndose en el personal, las instalaciones, los equipos, la producci\u00f3n, el control de calidad y la documentaci\u00f3n. Al [&hellip;]<\/p>\n","protected":false},"featured_media":44181,"template":"","meta":{"_acf_changed":false,"content-type":""},"product_brand":[],"product_cat":[265,283],"product_tag":[],"class_list":{"0":"post-57651","1":"product","2":"type-product","3":"status-publish","4":"has-post-thumbnail","6":"product_cat-bpf-buenas-practicas-de-fabricacion","7":"product_cat-cosmetica","9":"first","10":"instock","11":"taxable","12":"shipping-taxable","13":"purchasable","14":"product-type-subscription"},"bundled_by":[],"bundle_stock_status":"instock","bundle_stock_quantity":null,"bundle_virtual":false,"bundle_layout":"","bundle_add_to_cart_form_location":"","bundle_editable_in_cart":false,"bundle_sold_individually_context":"","bundle_item_grouping":"","bundle_min_size":"","bundle_max_size":"","bundle_price":[],"bundled_items":[],"bundle_sell_ids":[],"acf":[],"yoast_head":"<!-- This site is optimized with the Yoast SEO plugin v27.5 - https:\/\/yoast.com\/product\/yoast-seo-wordpress\/ -->\n<title>NBF para cosm\u00e9ticos e ISO 22716: curso online y certificaci\u00f3n<\/title>\n<meta name=\"description\" content=\"Domine las normas ISO 22716 con nuestro curso de NBF para cosm\u00e9ticos. Certif\u00edquese en pr\u00e1cticas de fabricaci\u00f3n de cosm\u00e9ticos, desde el control de calidad hasta el control de cambios. Inscr\u00edbase ahora para mejorar su experiencia y obtener sus unidades CPD o CEU.\" \/>\n<meta name=\"robots\" content=\"index, follow, max-snippet:-1, max-image-preview:large, max-video-preview:-1\" \/>\n<link rel=\"canonical\" href=\"https:\/\/gxp-training.com\/es\/online-course\/nbf-para-cosmeticos-e-iso-22716\/\" \/>\n<meta property=\"og:locale\" content=\"es_ES\" \/>\n<meta property=\"og:type\" content=\"article\" \/>\n<meta property=\"og:title\" content=\"NBF para cosm\u00e9ticos e ISO 22716: curso online y certificaci\u00f3n\" \/>\n<meta property=\"og:description\" content=\"Domine las normas ISO 22716 con nuestro curso de NBF para cosm\u00e9ticos. Certif\u00edquese en pr\u00e1cticas de fabricaci\u00f3n de cosm\u00e9ticos, desde el control de calidad hasta el control de cambios. Inscr\u00edbase ahora para mejorar su experiencia y obtener sus unidades CPD o CEU.\" \/>\n<meta property=\"og:url\" content=\"https:\/\/gxp-training.com\/es\/online-course\/nbf-para-cosmeticos-e-iso-22716\/\" \/>\n<meta property=\"og:site_name\" content=\"GxP Training : Certified Online Courses for Life Sciences\" \/>\n<meta property=\"og:image\" content=\"https:\/\/gxp-training.com\/wp-content\/uploads\/2023\/08\/gmp-for-cosmetics-2.png\" \/>\n\t<meta property=\"og:image:width\" content=\"900\" \/>\n\t<meta property=\"og:image:height\" content=\"627\" \/>\n\t<meta property=\"og:image:type\" content=\"image\/png\" \/>\n<meta name=\"twitter:card\" content=\"summary_large_image\" \/>\n<meta name=\"twitter:label1\" content=\"Tiempo de lectura\" \/>\n\t<meta name=\"twitter:data1\" content=\"1 minuto\" \/>\n<script type=\"application\/ld+json\" class=\"yoast-schema-graph\">{\"@context\":\"https:\\\/\\\/schema.org\",\"@graph\":[{\"@type\":\"WebPage\",\"@id\":\"https:\\\/\\\/gxp-training.com\\\/es\\\/online-course\\\/nbf-para-cosmeticos-e-iso-22716\\\/\",\"url\":\"https:\\\/\\\/gxp-training.com\\\/es\\\/online-course\\\/nbf-para-cosmeticos-e-iso-22716\\\/\",\"name\":\"NBF para cosm\u00e9ticos e ISO 22716: curso online y certificaci\u00f3n\",\"isPartOf\":{\"@id\":\"https:\\\/\\\/gxp-training.com\\\/es\\\/#website\"},\"primaryImageOfPage\":{\"@id\":\"https:\\\/\\\/gxp-training.com\\\/es\\\/online-course\\\/nbf-para-cosmeticos-e-iso-22716\\\/#primaryimage\"},\"image\":{\"@id\":\"https:\\\/\\\/gxp-training.com\\\/es\\\/online-course\\\/nbf-para-cosmeticos-e-iso-22716\\\/#primaryimage\"},\"thumbnailUrl\":\"https:\\\/\\\/gxp-training.com\\\/wp-content\\\/uploads\\\/2023\\\/08\\\/gmp-for-cosmetics-2.png\",\"datePublished\":\"2023-08-14T13:14:51+00:00\",\"description\":\"Domine las normas ISO 22716 con nuestro curso de NBF para cosm\u00e9ticos. Certif\u00edquese en pr\u00e1cticas de fabricaci\u00f3n de cosm\u00e9ticos, desde el control de calidad hasta el control de cambios. Inscr\u00edbase ahora para mejorar su experiencia y obtener sus unidades CPD o CEU.\",\"breadcrumb\":{\"@id\":\"https:\\\/\\\/gxp-training.com\\\/es\\\/online-course\\\/nbf-para-cosmeticos-e-iso-22716\\\/#breadcrumb\"},\"inLanguage\":\"es\",\"potentialAction\":[{\"@type\":\"ReadAction\",\"target\":[\"https:\\\/\\\/gxp-training.com\\\/es\\\/online-course\\\/nbf-para-cosmeticos-e-iso-22716\\\/\"]}]},{\"@type\":\"ImageObject\",\"inLanguage\":\"es\",\"@id\":\"https:\\\/\\\/gxp-training.com\\\/es\\\/online-course\\\/nbf-para-cosmeticos-e-iso-22716\\\/#primaryimage\",\"url\":\"https:\\\/\\\/gxp-training.com\\\/wp-content\\\/uploads\\\/2023\\\/08\\\/gmp-for-cosmetics-2.png\",\"contentUrl\":\"https:\\\/\\\/gxp-training.com\\\/wp-content\\\/uploads\\\/2023\\\/08\\\/gmp-for-cosmetics-2.png\",\"width\":900,\"height\":627},{\"@type\":\"BreadcrumbList\",\"@id\":\"https:\\\/\\\/gxp-training.com\\\/es\\\/online-course\\\/nbf-para-cosmeticos-e-iso-22716\\\/#breadcrumb\",\"itemListElement\":[{\"@type\":\"ListItem\",\"position\":1,\"name\":\"Inicio\",\"item\":\"https:\\\/\\\/gxp-training.com\\\/es\\\/pagina-de-inicio\\\/\"},{\"@type\":\"ListItem\",\"position\":2,\"name\":\"Productos\",\"item\":\"https:\\\/\\\/gxp-training.com\\\/es\\\/shop\\\/\"},{\"@type\":\"ListItem\",\"position\":3,\"name\":\"NBF para cosm\u00e9ticos e ISO 22716\"}]},{\"@type\":\"WebSite\",\"@id\":\"https:\\\/\\\/gxp-training.com\\\/es\\\/#website\",\"url\":\"https:\\\/\\\/gxp-training.com\\\/es\\\/\",\"name\":\"GxP Training : Certified Online Courses for Life Sciences\",\"description\":\"Online Trainings and Certified Courses in Regulatory Compliance for Pharmaceutical Experts\",\"publisher\":{\"@id\":\"https:\\\/\\\/gxp-training.com\\\/es\\\/#organization\"},\"potentialAction\":[{\"@type\":\"SearchAction\",\"target\":{\"@type\":\"EntryPoint\",\"urlTemplate\":\"https:\\\/\\\/gxp-training.com\\\/es\\\/?s={search_term_string}\"},\"query-input\":{\"@type\":\"PropertyValueSpecification\",\"valueRequired\":true,\"valueName\":\"search_term_string\"}}],\"inLanguage\":\"es\"},{\"@type\":\"Organization\",\"@id\":\"https:\\\/\\\/gxp-training.com\\\/es\\\/#organization\",\"name\":\"GXP Training\",\"url\":\"https:\\\/\\\/gxp-training.com\\\/es\\\/\",\"logo\":{\"@type\":\"ImageObject\",\"inLanguage\":\"es\",\"@id\":\"https:\\\/\\\/gxp-training.com\\\/es\\\/#\\\/schema\\\/logo\\\/image\\\/\",\"url\":\"https:\\\/\\\/gxp-training.com\\\/wp-content\\\/uploads\\\/2022\\\/05\\\/logo-resize.png\",\"contentUrl\":\"https:\\\/\\\/gxp-training.com\\\/wp-content\\\/uploads\\\/2022\\\/05\\\/logo-resize.png\",\"width\":350,\"height\":100,\"caption\":\"GXP Training\"},\"image\":{\"@id\":\"https:\\\/\\\/gxp-training.com\\\/es\\\/#\\\/schema\\\/logo\\\/image\\\/\"}}]}<\/script>\n<!-- \/ Yoast SEO plugin. -->","yoast_head_json":{"title":"NBF para cosm\u00e9ticos e ISO 22716: curso online y certificaci\u00f3n","description":"Domine las normas ISO 22716 con nuestro curso de NBF para cosm\u00e9ticos. Certif\u00edquese en pr\u00e1cticas de fabricaci\u00f3n de cosm\u00e9ticos, desde el control de calidad hasta el control de cambios. Inscr\u00edbase ahora para mejorar su experiencia y obtener sus unidades CPD o CEU.","robots":{"index":"index","follow":"follow","max-snippet":"max-snippet:-1","max-image-preview":"max-image-preview:large","max-video-preview":"max-video-preview:-1"},"canonical":"https:\/\/gxp-training.com\/es\/online-course\/nbf-para-cosmeticos-e-iso-22716\/","og_locale":"es_ES","og_type":"article","og_title":"NBF para cosm\u00e9ticos e ISO 22716: curso online y certificaci\u00f3n","og_description":"Domine las normas ISO 22716 con nuestro curso de NBF para cosm\u00e9ticos. Certif\u00edquese en pr\u00e1cticas de fabricaci\u00f3n de cosm\u00e9ticos, desde el control de calidad hasta el control de cambios. Inscr\u00edbase ahora para mejorar su experiencia y obtener sus unidades CPD o CEU.","og_url":"https:\/\/gxp-training.com\/es\/online-course\/nbf-para-cosmeticos-e-iso-22716\/","og_site_name":"GxP Training : Certified Online Courses for Life Sciences","og_image":[{"width":900,"height":627,"url":"https:\/\/gxp-training.com\/wp-content\/uploads\/2023\/08\/gmp-for-cosmetics-2.png","type":"image\/png"}],"twitter_card":"summary_large_image","twitter_misc":{"Tiempo de lectura":"1 minuto"},"schema":{"@context":"https:\/\/schema.org","@graph":[{"@type":"WebPage","@id":"https:\/\/gxp-training.com\/es\/online-course\/nbf-para-cosmeticos-e-iso-22716\/","url":"https:\/\/gxp-training.com\/es\/online-course\/nbf-para-cosmeticos-e-iso-22716\/","name":"NBF para cosm\u00e9ticos e ISO 22716: curso online y certificaci\u00f3n","isPartOf":{"@id":"https:\/\/gxp-training.com\/es\/#website"},"primaryImageOfPage":{"@id":"https:\/\/gxp-training.com\/es\/online-course\/nbf-para-cosmeticos-e-iso-22716\/#primaryimage"},"image":{"@id":"https:\/\/gxp-training.com\/es\/online-course\/nbf-para-cosmeticos-e-iso-22716\/#primaryimage"},"thumbnailUrl":"https:\/\/gxp-training.com\/wp-content\/uploads\/2023\/08\/gmp-for-cosmetics-2.png","datePublished":"2023-08-14T13:14:51+00:00","description":"Domine las normas ISO 22716 con nuestro curso de NBF para cosm\u00e9ticos. Certif\u00edquese en pr\u00e1cticas de fabricaci\u00f3n de cosm\u00e9ticos, desde el control de calidad hasta el control de cambios. Inscr\u00edbase ahora para mejorar su experiencia y obtener sus unidades CPD o CEU.","breadcrumb":{"@id":"https:\/\/gxp-training.com\/es\/online-course\/nbf-para-cosmeticos-e-iso-22716\/#breadcrumb"},"inLanguage":"es","potentialAction":[{"@type":"ReadAction","target":["https:\/\/gxp-training.com\/es\/online-course\/nbf-para-cosmeticos-e-iso-22716\/"]}]},{"@type":"ImageObject","inLanguage":"es","@id":"https:\/\/gxp-training.com\/es\/online-course\/nbf-para-cosmeticos-e-iso-22716\/#primaryimage","url":"https:\/\/gxp-training.com\/wp-content\/uploads\/2023\/08\/gmp-for-cosmetics-2.png","contentUrl":"https:\/\/gxp-training.com\/wp-content\/uploads\/2023\/08\/gmp-for-cosmetics-2.png","width":900,"height":627},{"@type":"BreadcrumbList","@id":"https:\/\/gxp-training.com\/es\/online-course\/nbf-para-cosmeticos-e-iso-22716\/#breadcrumb","itemListElement":[{"@type":"ListItem","position":1,"name":"Inicio","item":"https:\/\/gxp-training.com\/es\/pagina-de-inicio\/"},{"@type":"ListItem","position":2,"name":"Productos","item":"https:\/\/gxp-training.com\/es\/shop\/"},{"@type":"ListItem","position":3,"name":"NBF para cosm\u00e9ticos e ISO 22716"}]},{"@type":"WebSite","@id":"https:\/\/gxp-training.com\/es\/#website","url":"https:\/\/gxp-training.com\/es\/","name":"GxP Training : Certified Online Courses for Life Sciences","description":"Online Trainings and Certified Courses in Regulatory Compliance for Pharmaceutical Experts","publisher":{"@id":"https:\/\/gxp-training.com\/es\/#organization"},"potentialAction":[{"@type":"SearchAction","target":{"@type":"EntryPoint","urlTemplate":"https:\/\/gxp-training.com\/es\/?s={search_term_string}"},"query-input":{"@type":"PropertyValueSpecification","valueRequired":true,"valueName":"search_term_string"}}],"inLanguage":"es"},{"@type":"Organization","@id":"https:\/\/gxp-training.com\/es\/#organization","name":"GXP Training","url":"https:\/\/gxp-training.com\/es\/","logo":{"@type":"ImageObject","inLanguage":"es","@id":"https:\/\/gxp-training.com\/es\/#\/schema\/logo\/image\/","url":"https:\/\/gxp-training.com\/wp-content\/uploads\/2022\/05\/logo-resize.png","contentUrl":"https:\/\/gxp-training.com\/wp-content\/uploads\/2022\/05\/logo-resize.png","width":350,"height":100,"caption":"GXP Training"},"image":{"@id":"https:\/\/gxp-training.com\/es\/#\/schema\/logo\/image\/"}}]}},"_links":{"self":[{"href":"https:\/\/gxp-training.com\/es\/wp-json\/wp\/v2\/product\/57651","targetHints":{"allow":["GET"]}}],"collection":[{"href":"https:\/\/gxp-training.com\/es\/wp-json\/wp\/v2\/product"}],"about":[{"href":"https:\/\/gxp-training.com\/es\/wp-json\/wp\/v2\/types\/product"}],"wp:featuredmedia":[{"embeddable":true,"href":"https:\/\/gxp-training.com\/es\/wp-json\/wp\/v2\/media\/44181"}],"wp:attachment":[{"href":"https:\/\/gxp-training.com\/es\/wp-json\/wp\/v2\/media?parent=57651"}],"wp:term":[{"taxonomy":"product_brand","embeddable":true,"href":"https:\/\/gxp-training.com\/es\/wp-json\/wp\/v2\/product_brand?post=57651"},{"taxonomy":"product_cat","embeddable":true,"href":"https:\/\/gxp-training.com\/es\/wp-json\/wp\/v2\/product_cat?post=57651"},{"taxonomy":"product_tag","embeddable":true,"href":"https:\/\/gxp-training.com\/es\/wp-json\/wp\/v2\/product_tag?post=57651"}],"curies":[{"name":"wp","href":"https:\/\/api.w.org\/{rel}","templated":true}]}}